{"id":1378,"date":"2026-04-09T13:52:19","date_gmt":"2026-04-09T13:52:19","guid":{"rendered":"https:\/\/darkcyan-pheasant-754087.hostingersite.com\/?page_id=1378"},"modified":"2026-04-12T15:58:42","modified_gmt":"2026-04-12T15:58:42","slug":"lapsen-ummetus","status":"publish","type":"page","link":"https:\/\/lastenkirurgia.fi\/ja\/lapsen-ummetus\/","title":{"rendered":"\u5b50\u4f9b\u306e\u4fbf\u79d8"},"content":{"rendered":"<div data-elementor-type=\"wp-page\" data-elementor-id=\"1378\" class=\"elementor elementor-1378\" data-elementor-post-type=\"page\">\n\t\t\t\t<div class=\"elementor-element elementor-element-891d0ce e-flex e-con-boxed e-con e-parent\" data-id=\"891d0ce\" data-element_type=\"container\" data-e-type=\"container\">\n\t\t\t\t\t<div class=\"e-con-inner\">\n\t\t\t\t<div class=\"elementor-element elementor-element-7342566 elementor-widget elementor-widget-text-editor\" data-id=\"7342566\" data-element_type=\"widget\" data-e-type=\"widget\" data-widget_type=\"text-editor.default\">\n\t\t\t\t<div class=\"elementor-widget-container\">\n\t\t\t\t\t\t\t\t\t<h2 data-path-to-node=\"2\">\u5b50\u4f9b\u306e\u4fbf\u79d8\u3068\u4fbf\u5931\u7981 \u2013 \u5bb6\u5ead\u3067\u306e\u5bfe\u51e6\u6cd5\u3068\u6cbb\u7642\u65b9\u6cd5<\/h2><p data-path-to-node=\"3\">\u5b50\u3069\u3082\u306e\u6392\u4fbf\u7fd2\u6163\u306f\u500b\u4eba\u5dee\u304c\u3042\u308a\u30011\u65e5\u306b\u6570\u56de\u6392\u4fbf\u3059\u308b\u5b50\u3082\u3044\u308c\u3070\u3001\u6bce\u65e5\u6392\u4fbf\u3059\u308b\u5b50\u3082\u3044\u307e\u3059\u3002\u539f\u5247\u3068\u3057\u3066\u3001\u5b50\u3069\u3082\u306f\u6bce\u65e5\u3001\u3042\u308b\u3044\u306f\u307b\u307c\u6bce\u65e5\u6392\u4fbf\u3059\u308b\u3079\u304d\u3067\u3059\u3002\u4e73\u5e7c\u5150\u306f\u6392\u4fbf\u30d1\u30bf\u30fc\u30f3\u304c\u7570\u306a\u308a\u3001\u80c3\u306e\u50cd\u304d\u304c\u975e\u5e38\u306b\u4e0d\u898f\u5247\u306a\u5834\u5408\u304c\u3042\u308a\u307e\u3059\u3002\u4fbf\u79d8\u306f\u3088\u304f\u3042\u308b\u554f\u984c\u3067\u3042\u308a\uff08%\u306e\u5b50\u3069\u3082\u306e25%\u4ee5\u4e0a\u306b\u898b\u3089\u308c\u308b\uff09\u3001\u6162\u6027\u5316\u3057\u306a\u3044\u3088\u3046\u65e9\u671f\u306b\u6cbb\u7642\u3059\u308b\u5fc5\u8981\u304c\u3042\u308a\u307e\u3059\u3002.<\/p><h3 data-path-to-node=\"4\">1. \u4fbf\u79d8\u306f\u3069\u306e\u3088\u3046\u306a\u5834\u5408\u306b\u554f\u984c\u3068\u306a\u308b\u306e\u3067\u3057\u3087\u3046\u304b\uff1f<\/h3><p data-path-to-node=\"5\">\u5b50\u4f9b\u304c\u4fbf\u79d8\u3067\u3042\u308b\u3068\u306f\u3001\u4ee5\u4e0b\u306e\u75c7\u72b6\u306e\u3046\u3061\u5c11\u306a\u304f\u3068\u30822\u3064\u304c1\u304b\u6708\u9593\u7d9a\u304f\u5834\u5408\u3092\u6307\u3057\u307e\u3059\u3002<\/p><ul data-path-to-node=\"6\"><li><p data-path-to-node=\"6,0,0\">\u6392\u4fbf\u306f\u307e\u308c\u3067\u3001\u901a\u5e38\u306f2\u65e5\u306b1\u56de\u4ee5\u4e0b\u3067\u3059\u3002\u307b\u307c\u6bce\u65e5\u6392\u4fbf\u3057\u3066\u3044\u3066\u3082\u4fbf\u79d8\u306b\u306a\u308b\u3053\u3068\u304c\u3042\u308a\u307e\u3059\u3002<\/p><\/li><li><p data-path-to-node=\"6,1,0\">\u4fbf\u304c\u786c\u3044\u3001\u307e\u305f\u306f\u6392\u4fbf\u6642\u306b\u75db\u307f\u304c\u3042\u308b\u3002.<\/p><\/li><li><p data-path-to-node=\"6,2,0\">\u305d\u306e\u5b50\u4f9b\u306f\u660e\u3089\u304b\u306b\u6392\u4fbf\u3092\u6211\u6162\u3057\u3066\u3044\u308b\u304b\u3001\u6016\u304c\u3063\u3066\u3044\u308b\u3002.<\/p><\/li><li><p data-path-to-node=\"6,3,0\">\u7cde\u4fbf\u306f\u975e\u5e38\u306b\u5927\u304d\u3044\u3002.<\/p><\/li><li><p data-path-to-node=\"6,4,0\"><b data-path-to-node=\"6,4,0\" data-index-in-node=\"0\">\u6c5a\u640d\uff1a<\/b> \u4fbf\u304c\u8aa4\u3063\u3066\u30d1\u30f3\u30c4\u306b\u6f0f\u308c\u3066\u3057\u307e\u3046\u5834\u5408\uff084\u6b73\u4ee5\u4e0a\u306e\u304a\u5b50\u69d8\u5411\u3051\uff09\u3002.<\/p><\/li><\/ul><p data-path-to-node=\"7\"><b data-path-to-node=\"7\" data-index-in-node=\"0\">\u8cea\u5165\u308c\u306e\u5146\u5019\uff1a<\/b> \u4e73\u5150\u306f\u4f53\u3092\u4f38\u3070\u3057\u305f\u308a\u3001\u304a\u5c3b\u306e\u7b4b\u8089\u3092\u7dca\u5f35\u3055\u305b\u305f\u308a\u3059\u308b\u304b\u3082\u3057\u308c\u307e\u305b\u3093\u3002\u5e7c\u5150\u306f\u3064\u307e\u5148\u7acb\u3061\u3092\u3057\u305f\u308a\u3001\u4e21\u8db3\u3092\u3074\u3063\u305f\u308a\u3068\u9589\u3058\u305f\u308a\u3001\u4f53\u3092\u524d\u5f8c\u306b\u63fa\u3089\u3057\u305f\u308a\u3059\u308b\u304b\u3082\u3057\u308c\u307e\u305b\u3093\u3002.<\/p><h3 data-path-to-node=\"8\">2\uff0e\u4fbf\u79d8\u306e\u81ea\u5df1\u6cbb\u7642<\/h3><h4 data-path-to-node=\"9\">\u30c0\u30a4\u30a8\u30c3\u30c8<\/h4><ul data-path-to-node=\"10\"><li><p data-path-to-node=\"10,0,0\"><b data-path-to-node=\"10,0,0\" data-index-in-node=\"0\">\u30d5\u30a1\u30a4\u30d0\uff1a<\/b> \u5168\u7c92\u7a40\u7269\uff08\u30e9\u30a4\u9ea6\u30d1\u30f3\u3001\u30aa\u30fc\u30c8\u30df\u30fc\u30eb\uff09\u3001\u91ce\u83dc\u3001\u679c\u7269\u3001\u30d9\u30ea\u30fc\u985e\u3092\u52a0\u3048\u307e\u3057\u3087\u3046\u3002.<\/p><\/li><li><p data-path-to-node=\"10,1,0\"><b data-path-to-node=\"10,1,0\" data-index-in-node=\"0\">\u5929\u7136\u67d4\u8edf\u5264\uff1a<\/b> \u30d7\u30e9\u30e0\u3084\u30de\u30f3\u30b4\u30fc\u306e\u30d4\u30e5\u30fc\u30ec\u3001\u3059\u308a\u304a\u308d\u3057\u305f\u6d0b\u30ca\u30b7\u3001\u305d\u3057\u3066\uff08\u4e73\u5e7c\u5150\u5411\u3051\u306b\u306f\uff09\u9ea6\u82bd\u30a8\u30ad\u30b9\u304c\u52b9\u679c\u7684\u3067\u3059\u3002.<\/p><\/li><li><p data-path-to-node=\"10,2,0\"><b data-path-to-node=\"10,2,0\" data-index-in-node=\"0\">\u6db2\u4f53\uff1a<\/b> \u304a\u5b50\u3055\u3093\u306b\u5341\u5206\u306a\u6c34\u5206\u3092\u6442\u3089\u305b\u3066\u304f\u3060\u3055\u3044\u3002.<\/p><\/li><li><p data-path-to-node=\"10,3,0\"><b data-path-to-node=\"10,3,0\" data-index-in-node=\"0\">\u529b\uff1a<\/b> \u30d0\u30ca\u30ca\u3001\u767d\u30d1\u30f3\u3001\u30b3\u30b3\u30a2\u3001\u30d6\u30eb\u30fc\u30d9\u30ea\u30fc\u30b8\u30e5\u30fc\u30b9\u306a\u3069\u3001\u8178\u3092\u786c\u304f\u3059\u308b\u98df\u54c1\u306e\u6442\u53d6\u91cf\u3092\u6e1b\u3089\u3057\u307e\u3057\u3087\u3046\u3002\u725b\u4e73\u306e\u904e\u5270\u6442\u53d6\u3082\u63a7\u3048\u307e\u3057\u3087\u3046\u3002.<\/p><\/li><\/ul><h4 data-path-to-node=\"11\">\u30c8\u30a4\u30ec\u306e\u30eb\u30fc\u30c6\u30a3\u30f3<\/h4><ul data-path-to-node=\"12\"><li><p data-path-to-node=\"12,0,0\"><b data-path-to-node=\"12,0,0\" data-index-in-node=\"0\">\u898f\u5247\u6027\uff1a<\/b> \u304a\u5b50\u3055\u3093\u306b\u3001\u6bce\u98df\u5f8c10\uff5e15\u5206\u9593\u3001\u304a\u307e\u308b\u3084\u4fbf\u5ea7\u306b\u5ea7\u308b\u3088\u3046\u306b\u6559\u3048\u3066\u304f\u3060\u3055\u3044\u3002.<\/p><\/li><li><p data-path-to-node=\"12,1,0\"><b data-path-to-node=\"12,1,0\" data-index-in-node=\"0\">\u6b63\u3057\u3044\u4f4d\u7f6e\uff1a<\/b> \u30d9\u30d3\u30fc\u30d9\u30c3\u30c9\u306b\u8db3\u53f0\u3092\u7f6e\u3044\u3066\u3001\u5b50\u4f9b\u306e\u8db3\u304c\u3057\u3063\u304b\u308a\u3068\u8868\u9762\u306b\u7740\u304d\u3001\u3057\u3083\u304c\u3093\u3060\u59ff\u52e2\u306b\u306a\u308b\u3088\u3046\u306b\u3057\u3066\u304f\u3060\u3055\u3044\u3002.<\/p><\/li><li><p data-path-to-node=\"12,2,0\"><b data-path-to-node=\"12,2,0\" data-index-in-node=\"0\">\u967d\u6027\uff1a<\/b> \u9593\u9055\u3044\u3092\u8cac\u3081\u3066\u306f\u3044\u3051\u307e\u305b\u3093\u3002\u6210\u529f\u3057\u305f\u3089\u8912\u3081\u3066\u3042\u3052\u307e\u3057\u3087\u3046\uff08\u4f8b\uff1a\u4ed8\u7b8b\uff09\u3002.<\/p><\/li><\/ul><h3 data-path-to-node=\"13\">3\uff0e\u6392\u4fbf\uff08\u907a\u7cde\u75c7\uff09<\/h3><p data-path-to-node=\"14\">\u4fbf\u5931\u7981\u3068\u306f\u3001\u610f\u56f3\u305b\u305a\u4fbf\u304c\u30ba\u30dc\u30f3\u306b\u6f0f\u308c\u3066\u3057\u307e\u3046\u72b6\u614b\u3092\u6307\u3057\u307e\u3059\u3002%\u306e\u75c7\u4f8b\u306e\u7d0490%\u306f\u91cd\u5ea6\u306e\u4fbf\u79d8\u304c\u539f\u56e0\u3067\u3059\u3002\u7d50\u8178\u5185\u306e\u786c\u3044\u4fbf\u584a\uff08\u9589\u585e\uff09\u304c\u6b63\u5e38\u306a\u6392\u4fbf\u3092\u59a8\u3052\u3001\u8edf\u4fbf\u304c\u9589\u585e\u90e8\u3092\u901a\u904e\u3057\u3066\u5236\u5fa1\u4e0d\u80fd\u306b\u6d41\u308c\u51fa\u3066\u3057\u307e\u3046\u306e\u3067\u3059\u3002.<\/p><ul data-path-to-node=\"15\"><li><p data-path-to-node=\"15,0,0\"><b data-path-to-node=\"15,0,0\" data-index-in-node=\"0\">\u610f\u56f3\u7684\u306a\u3082\u306e\u3067\u306f\u3042\u308a\u307e\u305b\u3093\u3002<\/b> \u5b50\u4f9b\u306f\u4fbf\u304c\u51fa\u3066\u304f\u308b\u3053\u3068\u3084\u3001\u305d\u306e\u81ed\u3044\u306b\u6c17\u3065\u3044\u3066\u3044\u307e\u305b\u3093\u3002\u6c5a\u3057\u305f\u304b\u3089\u3068\u3044\u3063\u3066\u5b50\u4f9b\u3092\u7f70\u3059\u308b\u3079\u304d\u3067\u306f\u3042\u308a\u307e\u305b\u3093\u3002.<\/p><\/li><li><p data-path-to-node=\"15,1,0\"><b data-path-to-node=\"15,1,0\" data-index-in-node=\"0\">\u30b1\u30a2\uff1a<\/b> \u4fbf\u79d8\u306e\u6839\u672c\u539f\u56e0\u304c\u52b9\u679c\u7684\u306b\u6cbb\u7642\u3055\u308c\u308c\u3070\u3001\u4fbf\u306e\u6c5a\u308c\u3082\u6539\u5584\u3055\u308c\u308b\u3067\u3057\u3087\u3046\u3002.<\/p><\/li><\/ul><h3 data-path-to-node=\"16\">4. \u6295\u85ac<\/h3><p data-path-to-node=\"17\">1\u304b\u6708\u9593\u306e\u30bb\u30eb\u30d5\u30b1\u30a2\u3067\u6539\u5584\u304c\u898b\u3089\u308c\u306a\u3044\u5834\u5408\u306f\u3001\u533b\u5e2b\u307e\u305f\u306f\u30af\u30ea\u30cb\u30c3\u30af\u306e\u6307\u793a\u306b\u5f93\u3063\u3066\u6295\u85ac\u3092\u958b\u59cb\u3059\u308b\u5fc5\u8981\u304c\u3042\u308a\u307e\u3059\u3002.<\/p><ul data-path-to-node=\"18\"><li><p data-path-to-node=\"18,0,0\"><b data-path-to-node=\"18,0,0\" data-index-in-node=\"0\">\u30af\u30c3\u30b7\u30e7\u30f3\uff1a<\/b> \u30de\u30af\u30ed\u30b4\u30fc\u30eb\u3084\u30e9\u30af\u30c4\u30ed\u30fc\u30b9\u88fd\u5264\u306f\u4fbf\u3092\u67d4\u3089\u304b\u304f\u3057\u307e\u3059\u3002\u76f4\u8178\u304c\u56de\u5fa9\u3057\u3001\u5b50\u4f9b\u304c\u6392\u4fbf\u6642\u306b\u75db\u307f\u3092\u611f\u3058\u306a\u304f\u306a\u308b\u307e\u3067\u3001\u5341\u5206\u306a\u671f\u9593\uff08\u6570\u9031\u9593\u304b\u3089\u6570\u30f6\u6708\uff09\u4f7f\u7528\u3059\u308b\u5fc5\u8981\u304c\u3042\u308a\u307e\u3059\u3002.<\/p><\/li><li><p data-path-to-node=\"18,1,0\"><b data-path-to-node=\"18,1,0\" data-index-in-node=\"0\">\u907f\u96e3\uff1a<\/b> \u8178\u5185\u306b\u5927\u91cf\u306e\u4fbf\u304c\u8a70\u307e\u3063\u3066\u3044\u308b\u5834\u5408\u306f\u3001\u6d63\u8178\u304b\u3089\u6cbb\u7642\u3092\u958b\u59cb\u3059\u308b\u3053\u3068\u304c\u591a\u3044\u3002.<\/p><\/li><\/ul><h3 data-path-to-node=\"19\">5\uff0e\u3044\u3064\u533b\u5e2b\u306e\u8a3a\u5bdf\u3092\u53d7\u3051\u308b\u3079\u304d\u3067\u3059\u304b\uff1f<\/h3><p data-path-to-node=\"20\">\u6b21\u306e\u3088\u3046\u306a\u5834\u5408\u306f\u3001\u30af\u30ea\u30cb\u30c3\u30af\u307e\u305f\u306f\u533b\u5e2b\u306b\u9023\u7d61\u3057\u3066\u304f\u3060\u3055\u3044\u3002<\/p><ul data-path-to-node=\"21\"><li><p data-path-to-node=\"21,0,0\">\u4fbf\u79d8\u304c1\u30f6\u6708\u4ee5\u4e0a\u7d9a\u3044\u3066\u304a\u308a\u3001\u81ea\u5df1\u6cbb\u7642\u3067\u306f\u52b9\u679c\u304c\u306a\u3044\u3002.<\/p><\/li><li><p data-path-to-node=\"21,1,0\">\u4fbf\u306b\u8840\u304c\u6df7\u3058\u3063\u3066\u3044\u308b\u3002.<\/p><\/li><li><p data-path-to-node=\"21,2,0\">\u305d\u306e\u5b50\u4f9b\u306f\u6fc0\u3057\u3044\u8179\u75db\u3092\u8a34\u3048\u3066\u3044\u308b\u3002.<\/p><\/li><li><p data-path-to-node=\"21,3,0\">\u65b0\u751f\u5150\uff0f\u4e73\u5150\u306f\u6392\u4fbf\u306e\u983b\u5ea6\u304c\u975e\u5e38\u306b\u4f4e\u3044\uff08\u9031\u306b1\u56de\u672a\u6e80\uff09\u3002.<\/p><\/li><li><p data-path-to-node=\"21,4,0\">\u5b50\u3069\u3082\u304c\u304d\u3061\u3093\u3068\u7247\u4ed8\u3051\u308b\u3053\u3068\u3092\u899a\u3048\u305f\u306f\u305a\u306a\u306e\u306b\u3001\u307e\u305f\u6563\u3089\u304b\u3063\u3066\u3057\u307e\u3046\u3002.<\/p><\/li><\/ul><p>\u5065\u5eb7\u30e9\u30a4\u30d6\u30e9\u30ea\u306e\u8a18\u4e8b<\/p><p><a href=\"https:\/\/www.terveyskirjasto.fi\/dlk00533\" target=\"_blank\" rel=\"noopener\">https:\/\/www.terveyskirjasto.fi\/dlk00533<\/a><\/p>\t\t\t\t\t\t\t\t<\/div>\n\t\t\t\t<\/div>\n\t\t\t\t\t<\/div>\n\t\t\t\t<\/div>\n\t\t\t\t<\/div>","protected":false},"excerpt":{"rendered":"<p>Lapsen ummetus ja tuhriminen \u2013 Ohjeita kotiin ja hoitoon Lapsen suolen toiminta on yksil\u00f6llist\u00e4: osa ulostaa useasti p\u00e4iv\u00e4ss\u00e4, osa harvemmin kuin joka p\u00e4iv\u00e4. Periaatteessa lapsen pit\u00e4isi ulostaa p\u00e4ivitt\u00e4in tai l\u00e4hes p\u00e4ivitt\u00e4in. Pienill\u00e4 vauvoilla on vatsan toiminnan suhteen eri kuviot ja vatsa saattaa toimia hyvinkin ep\u00e4s\u00e4\u00e4nn\u00f6llisesti. Ummetus on yleinen vaiva ( jopa &gt;25 % lapsista), joka kannattaa hoitaa varhain, jotta se ei muutu pitk\u00e4aikaiseksi ongelmaksi. 1. Milloin kyseess\u00e4 on ummetus? Lapsella on ummetusta, jos h\u00e4nell\u00e4 on v\u00e4hint\u00e4\u00e4n kaksi seuraavista oireista kuukauden ajan: Ulostamista on harvoin &#8211; yleens\u00e4 harvemmin kuin joka toinen p\u00e4iv\u00e4. Toisinaan ummetusoiretta voi tulla l\u00e4hes p\u00e4ivitt\u00e4in ulostavallakin Uloste on kovaa tai ulostaminen on kivuliasta. Lapsi selv\u00e4sti panttaa tai pelk\u00e4\u00e4 [&hellip;]<\/p>\n","protected":false},"author":1,"featured_media":0,"parent":0,"menu_order":0,"comment_status":"closed","ping_status":"closed","template":"","meta":{"_angie_page":false,"site-sidebar-layout":"no-sidebar","site-content-layout":"page-builder","ast-site-content-layout":"full-width-container","site-content-style":"default","site-sidebar-style":"default","ast-global-header-display":"","ast-banner-title-visibility":"","ast-main-header-display":"","ast-hfb-above-header-display":"","ast-hfb-below-header-display":"","ast-hfb-mobile-header-display":"","site-post-title":"","ast-breadcrumbs-content":"","ast-featured-img":"disabled","footer-sml-layout":"","ast-disable-related-posts":"","theme-transparent-header-meta":"","adv-header-id-meta":"","stick-header-meta":"","header-above-stick-meta":"","header-main-stick-meta":"","header-below-stick-meta":"","astra-migrate-meta-layouts":"set","ast-page-background-enabled":"default","ast-page-background-meta":{"desktop":{"background-color":"","background-image":"","background-repeat":"repeat","background-position":"center center","background-size":"auto","background-attachment":"scroll","background-type":"","background-media":"","overlay-type":"","overlay-color":"","overlay-opacity":"","overlay-gradient":""},"tablet":{"background-color":"","background-image":"","background-repeat":"repeat","background-position":"center center","background-size":"auto","background-attachment":"scroll","background-type":"","background-media":"","overlay-type":"","overlay-color":"","overlay-opacity":"","overlay-gradient":""},"mobile":{"background-color":"","background-image":"","background-repeat":"repeat","background-position":"center center","background-size":"auto","background-attachment":"scroll","background-type":"","background-media":"","overlay-type":"","overlay-color":"","overlay-opacity":"","overlay-gradient":""}},"ast-content-background-meta":{"desktop":{"background-color":"var(--ast-global-color-5)","background-image":"","background-repeat":"repeat","background-position":"center center","background-size":"auto","background-attachment":"scroll","background-type":"","background-media":"","overlay-type":"","overlay-color":"","overlay-opacity":"","overlay-gradient":""},"tablet":{"background-color":"var(--ast-global-color-5)","background-image":"","background-repeat":"repeat","background-position":"center center","background-size":"auto","background-attachment":"scroll","background-type":"","background-media":"","overlay-type":"","overlay-color":"","overlay-opacity":"","overlay-gradient":""},"mobile":{"background-color":"var(--ast-global-color-5)","background-image":"","background-repeat":"repeat","background-position":"center center","background-size":"auto","background-attachment":"scroll","background-type":"","background-media":"","overlay-type":"","overlay-color":"","overlay-opacity":"","overlay-gradient":""}},"footnotes":""},"class_list":["post-1378","page","type-page","status-publish","hentry"],"_links":{"self":[{"href":"https:\/\/lastenkirurgia.fi\/ja\/wp-json\/wp\/v2\/pages\/1378","targetHints":{"allow":["GET"]}}],"collection":[{"href":"https:\/\/lastenkirurgia.fi\/ja\/wp-json\/wp\/v2\/pages"}],"about":[{"href":"https:\/\/lastenkirurgia.fi\/ja\/wp-json\/wp\/v2\/types\/page"}],"author":[{"embeddable":true,"href":"https:\/\/lastenkirurgia.fi\/ja\/wp-json\/wp\/v2\/users\/1"}],"replies":[{"embeddable":true,"href":"https:\/\/lastenkirurgia.fi\/ja\/wp-json\/wp\/v2\/comments?post=1378"}],"version-history":[{"count":4,"href":"https:\/\/lastenkirurgia.fi\/ja\/wp-json\/wp\/v2\/pages\/1378\/revisions"}],"predecessor-version":[{"id":1661,"href":"https:\/\/lastenkirurgia.fi\/ja\/wp-json\/wp\/v2\/pages\/1378\/revisions\/1661"}],"wp:attachment":[{"href":"https:\/\/lastenkirurgia.fi\/ja\/wp-json\/wp\/v2\/media?parent=1378"}],"curies":[{"name":"wp","href":"https:\/\/api.w.org\/{rel}","templated":true}]}}