{"id":1380,"date":"2026-04-09T13:52:34","date_gmt":"2026-04-09T13:52:34","guid":{"rendered":"https:\/\/darkcyan-pheasant-754087.hostingersite.com\/?page_id=1380"},"modified":"2026-04-12T15:52:33","modified_gmt":"2026-04-12T15:52:33","slug":"lapsen-kastelu","status":"publish","type":"page","link":"https:\/\/lastenkirurgia.fi\/ja\/lapsen-kastelu\/","title":{"rendered":"\u5b50\u4f9b\u3092\u6fe1\u3089\u3059"},"content":{"rendered":"<div data-elementor-type=\"wp-page\" data-elementor-id=\"1380\" class=\"elementor elementor-1380\" data-elementor-post-type=\"page\">\n\t\t\t\t<div class=\"elementor-element elementor-element-0a69728 e-flex e-con-boxed e-con e-parent\" data-id=\"0a69728\" data-element_type=\"container\" data-e-type=\"container\">\n\t\t\t\t\t<div class=\"e-con-inner\">\n\t\t\t\t<div class=\"elementor-element elementor-element-a998f74 elementor-widget elementor-widget-text-editor\" data-id=\"a998f74\" data-element_type=\"widget\" data-e-type=\"widget\" data-widget_type=\"text-editor.default\">\n\t\t\t\t<div class=\"elementor-widget-container\">\n\t\t\t\t\t\t\t\t\t<h2 data-path-to-node=\"2\">\u5b50\u4f9b\u306e\u30a4\u30e9\u30a4\u30e9 \u2013 \u5bb6\u5ead\u3067\u306e\u30b1\u30a2\u306b\u95a2\u3059\u308b\u6307\u793a<\/h2><p data-path-to-node=\"3\">\u5b50\u4f9b\u306e\u8180\u80f1\u30b3\u30f3\u30c8\u30ed\u30fc\u30eb\u306f\u8907\u96d1\u306a\u30b9\u30ad\u30eb\u3067\u3042\u308a\u3001\u500b\u4eba\u5dee\u304c\u3042\u308a\u3001\u901a\u5e38\u306f <b data-path-to-node=\"3\" data-index-in-node=\"87\">\u5bfe\u8c61\u5e74\u9f62\uff1a4\uff5e6\u6b73<\/b> \u304a\u306d\u3057\u3087\u3060\u3051\u304c\u552f\u4e00\u306e\u75c7\u72b6\u3067\u3042\u308b\u5834\u5408\u3001\u75c5\u6c17\u306e\u5146\u5019\u3067\u3042\u308b\u3053\u3068\u306f\u975e\u5e38\u306b\u307e\u308c\u3067\u3059\u304c\u3001\u5b50\u4f9b\u306e\u81ea\u5c0a\u5fc3\u3084\u5bb6\u65cf\u306e\u65e5\u5e38\u751f\u6d3b\u306b\u8ca0\u62c5\u3092\u304b\u3051\u308b\u53ef\u80fd\u6027\u304c\u3042\u308a\u307e\u3059\u3002.<\/p><h3 data-path-to-node=\"4\">1. \u591c\u5c3f\u75c7<\/h3><p data-path-to-node=\"5\">\u591c\u5c3f\u75c7\u306f\u3001\u6df1\u3044\u7720\u308a\uff08\u8180\u80f1\u304c\u3044\u3063\u3071\u3044\u306b\u306a\u3063\u305f\u611f\u899a\u3067\u76ee\u304c\u899a\u3081\u306a\u3044\uff09\u3084\u591c\u9593\u306e\u6392\u5c3f\u306e\u8abf\u7bc0\u304c\u4e0d\u5341\u5206\u306a\u3053\u3068\u304c\u539f\u56e0\u3067\u8d77\u3053\u308b\u3053\u3068\u304c\u591a\u3044\u3002\u307e\u305f\u3001\u907a\u4f1d\u7684\u306a\u8981\u56e0\u3082\u95a2\u4fc2\u3057\u3066\u3044\u308b\u3053\u3068\u304c\u591a\u3044\u3002.<\/p><p data-path-to-node=\"6\"><b data-path-to-node=\"6\" data-index-in-node=\"0\">\u81ea\u5b85\u3067\u306e\u30bb\u30eb\u30d5\u30b1\u30a2\uff1a<\/b><\/p><ul data-path-to-node=\"7\"><li><p data-path-to-node=\"7,0,0\"><b data-path-to-node=\"7,0,0\" data-index-in-node=\"0\">\u5915\u98df\u5f8c\u306e\u98f2\u9152\uff1a<\/b> \u5c31\u5bdd\u7d042\u6642\u9593\u524d\u304b\u3089\u306f\u98f2\u9152\u3092\u63a7\u3048\u307e\u3057\u3087\u3046\u3002\u5915\u98df\u3082\u5c31\u5bdd\u524d\u5f8c\u306e\u6642\u9593\u5e2f\u306b\u6442\u308b\u306e\u304c\u826f\u3044\u3067\u3057\u3087\u3046\u3002.<\/p><\/li><li><p data-path-to-node=\"7,1,0\"><b data-path-to-node=\"7,1,0\" data-index-in-node=\"0\">\u30c8\u30a4\u30ec\u3067\u306e\u30eb\u30fc\u30c6\u30a3\u30f3\uff1a<\/b> \u5bdd\u308b\u76f4\u524d\u306b\u30c8\u30a4\u30ec\u306b\u884c\u304d\u307e\u3057\u3087\u3046\u3002.<\/p><\/li><li><p data-path-to-node=\"7,2,0\"><b data-path-to-node=\"7,2,0\" data-index-in-node=\"0\">\u591c\u7528\u304a\u3080\u3064\uff1a<\/b> \u304a\u3080\u3064\u7740\u7528\u306f\u8a8d\u3081\u3089\u308c\u3066\u304a\u308a\u3001\u304a\u3080\u3064\u306a\u3057\u3067\u904e\u3054\u305b\u308b\u3088\u3046\u306b\u306a\u308b\u904e\u7a0b\u3092\u9045\u3089\u305b\u308b\u3053\u3068\u306f\u3042\u308a\u307e\u305b\u3093\u3002\u3080\u3057\u308d\u3001\u5bb6\u65cf\u5168\u54e1\u306e\u7761\u7720\u306e\u8cea\u3092\u5411\u4e0a\u3055\u305b\u3001\u6d17\u6fef\u7269\u306e\u91cf\u3092\u6e1b\u3089\u3059\u3053\u3068\u306b\u3082\u3064\u306a\u304c\u308a\u307e\u3059\u3002.<\/p><\/li><li><p data-path-to-node=\"7,3,0\"><b data-path-to-node=\"7,3,0\" data-index-in-node=\"0\">\u30b9\u30bf\u30f3\u30b9\uff1a<\/b> \u8cac\u3081\u305f\u308a\u7f70\u3057\u305f\u308a\u3057\u306a\u3044\u3067\u304f\u3060\u3055\u3044\u3002\u6210\u529f\uff08\u4f8b\u3048\u3070\u3001\u591c\u3092\u7121\u4e8b\u306b\u904e\u3054\u305b\u305f\u3053\u3068\uff09\u3092\u8912\u3081\u79f0\u3048\u307e\u3057\u3087\u3046\u3002.<\/p><\/li><\/ul><p data-path-to-node=\"8\"><b data-path-to-node=\"8\" data-index-in-node=\"0\">\u3044\u3064\u6cbb\u7642\u3092\u53d7\u3051\u308b\u3079\u304d\u304b\uff1f<\/b> 6\u6b73\u4ee5\u4e0a\u306e\u5b50\u4f9b\u304c\u983b\u7e41\u306b\u304a\u306d\u3057\u3087\u3092\u3057\u3001\u4e0d\u5feb\u611f\u3092\u8a34\u3048\u308b\u5834\u5408\u306f\u3001\u533b\u5e2b\u306b\u76f8\u8ac7\u3057\u3066\u304f\u3060\u3055\u3044\u3002.<\/p><ul data-path-to-node=\"9\"><li><p data-path-to-node=\"9,0,0\"><b data-path-to-node=\"9,0,0\" data-index-in-node=\"0\">\u6563\u6c34\u30a2\u30e9\u30fc\u30e0\uff1a<\/b> \u8180\u80f1\u304c\u6e80\u676f\u306b\u306a\u3063\u305f\u3068\u304d\u306b\u8133\u304c\u76ee\u899a\u3081\u308b\u3088\u3046\u306b\u6559\u3048\u308b\u52b9\u679c\u7684\u306a\u65b9\u6cd5\uff08%\u306e\u52b9\u679c\u306f\u7d0470\u500b\uff09\u3002\u6570\u30f6\u6708\u306b\u308f\u305f\u308b\u5bb6\u65cf\u306e\u5354\u529b\u304c\u5fc5\u8981\u3067\u3059\u3002.<\/p><\/li><li><p data-path-to-node=\"9,1,0\"><b data-path-to-node=\"9,1,0\" data-index-in-node=\"0\">\u85ac\u7269\u7642\u6cd5\uff08\u30c7\u30b9\u30e2\u30d7\u30ec\u30b7\u30f3\uff09\uff1a<\/b> \u591c\u9593\u306e\u5c3f\u91cf\u3092\u6e1b\u3089\u3057\u307e\u3059\u3002\u591c\u9593\u306e\u5916\u51fa\u6642\u306a\u3069\u3001\u591a\u304f\u306e\u4eba\u304c\u5c3f\u6f0f\u308c\u3092\u9632\u3050\u306e\u306b\u5f79\u7acb\u3061\u307e\u3059\u3002.<\/p><\/li><\/ul><hr data-path-to-node=\"10\" \/><h3 data-path-to-node=\"11\">2. \u6bce\u65e5\u6c34\u3084\u308a\u3092\u3059\u308b<\/h3><p data-path-to-node=\"12\">\u304a\u306d\u3057\u3087\u306f\u3001\u904a\u3073\u306b\u5922\u4e2d\u306b\u306a\u3063\u3066\u304a\u3057\u3063\u3053\u3092\u5fd8\u308c\u3066\u3057\u307e\u3063\u305f\u308a\u3001\u6211\u6162\u3057\u3059\u304e\u305f\u308a\u3059\u308b\u3053\u3068\u304c\u539f\u56e0\u3068\u306a\u308b\u3053\u3068\u304c\u591a\u3044\u3002.<\/p><p data-path-to-node=\"13\"><b data-path-to-node=\"13\" data-index-in-node=\"0\">\u30bb\u30eb\u30d5\u30b1\u30a2\u3068\u904b\u52d5\uff1a<\/b><\/p><ul data-path-to-node=\"14\"><li><p data-path-to-node=\"14,0,0\"><b data-path-to-node=\"14,0,0\" data-index-in-node=\"0\">\u898f\u5247\u7684\u306a\u6392\u5c3f\u30ea\u30ba\u30e0\uff1a<\/b> \u6642\u8a08\u3092\u53c2\u8003\u306b\u3057\u3066\u304f\u3060\u3055\u3044\u3002\u9069\u5207\u306a\u6392\u5c3f\u9593\u9694\u306f\u7d04 <b data-path-to-node=\"14,0,0\" data-index-in-node=\"81\">2\u6642\u9593<\/b>. 4\u6642\u9593\u4ee5\u4e0a\u306e\u9593\u9694\u306f\u907f\u3051\u308b\u3079\u304d\u3067\u3059\u3002.<\/p><\/li><li><p data-path-to-node=\"14,1,0\"><b data-path-to-node=\"14,1,0\" data-index-in-node=\"0\">\u5e73\u548c\u306a\u30c8\u30a4\u30ec\u8a2a\u554f\uff1a<\/b> \u30c8\u30a4\u30ec\u3067\u6392\u5c3f\u3059\u308b\u3053\u3068\u306f\u7981\u6b62\u3055\u308c\u3066\u3044\u307e\u3059\u3002\u8180\u80f1\u3092\u304d\u3061\u3093\u3068\u7a7a\u306b\u3057\u3001\u5fc5\u8981\u3067\u3042\u308c\u3070\u5c11\u3057\u4f11\u61a9\u3057\u3066\u304b\u3089\u518d\u5ea6\u6392\u5c3f\u3092\u8a66\u307f\u3066\u304f\u3060\u3055\u3044\u3002.<\/p><\/li><li><p data-path-to-node=\"14,2,0\"><b data-path-to-node=\"14,2,0\" data-index-in-node=\"0\">\u885b\u751f\uff1a<\/b> \u4e0b\u8179\u90e8\u306e\u76ae\u819a\u306f\u6bce\u65e5\u3001\u6c34\u3067\u6d17\u3044\u307e\u3057\u3087\u3046\u3002\u523a\u6fc0\u3084\u707c\u71b1\u611f\u304c\u3042\u308b\u3068\u3001\u5c3f\u610f\u304c\u5f37\u304f\u306a\u308b\u3053\u3068\u304c\u3042\u308a\u307e\u3059\u3002.<\/p><\/li><li><p data-path-to-node=\"14,3,0\"><b data-path-to-node=\"14,3,0\" data-index-in-node=\"0\">\u523a\u6fc0\u3092\u907f\u3051\u308b\uff1a<\/b> \u7cd6\u5206\u3084\u30ab\u30d5\u30a7\u30a4\u30f3\u3092\u591a\u304f\u542b\u3080\u6e05\u6dbc\u98f2\u6599\u6c34\u306f\u3001\u8180\u80f1\u3092\u523a\u6fc0\u3059\u308b\u53ef\u80fd\u6027\u304c\u3042\u308a\u307e\u3059\u3002.<\/p><\/li><li>\u30aa\u30ad\u30b7\u30d6\u30c1\u30cb\u30f3\u88fd\u5264\u3092\u8a66\u305b\u308b\u5834\u5408\u3082\u3042\u308b<\/li><\/ul><hr data-path-to-node=\"15\" \/><h3 data-path-to-node=\"16\">3\uff0e\u4fbf\u79d8\u306b\u6ce8\u610f\uff01<\/h3><p data-path-to-node=\"17\">\u4fbf\u79d8\u306f\u3001\u591c\u9593\u304a\u3088\u3073\u663c\u9593\u306e\u5c3f\u5931\u7981\u306e\u4e00\u822c\u7684\u306a\u539f\u56e0\u3067\u3059\u3002\u4fbf\u304c\u6e80\u676f\u306b\u306a\u308b\u3068\u8180\u80f1\u304c\u5727\u8feb\u3055\u308c\u3001\u305d\u306e\u6a5f\u80fd\u304c\u963b\u5bb3\u3055\u308c\u307e\u3059\u3002. <b data-path-to-node=\"17\" data-index-in-node=\"113\">\u304a\u5b50\u3055\u3093\u306e\u80c3\u8178\u304c\u6bce\u65e5\u30b9\u30e0\u30fc\u30ba\u306b\u6a5f\u80fd\u3057\u3066\u3044\u308b\u3053\u3068\u3092\u78ba\u8a8d\u3057\u3066\u304f\u3060\u3055\u3044\u3002.<\/b><\/p><hr data-path-to-node=\"18\" \/><h3 data-path-to-node=\"19\">\u3069\u306e\u3088\u3046\u306a\u5834\u5408\u306b\u3059\u3050\u306b\u533b\u5e2b\u306e\u8a3a\u5bdf\u3092\u53d7\u3051\u308b\u3079\u304d\u3067\u3057\u3087\u3046\u304b\uff1f<\/h3><p data-path-to-node=\"20\">\u704c\u6f11\u4e2d\u306b\u4ee5\u4e0b\u306e\u3044\u305a\u308c\u304b\u306e\u75c7\u72b6\u304c\u73fe\u308c\u305f\u5834\u5408\u306f\u3001\u533b\u5e2b\u306e\u8a3a\u5bdf\u3092\u53d7\u3051\u3066\u304f\u3060\u3055\u3044\u3002<\/p><ol start=\"1\" data-path-to-node=\"21\"><li><p data-path-to-node=\"21,0,0\">\u9577\u3044\u4e7e\u5b63\u306e\u5f8c\u3001\u704c\u6f11\u304c\u518d\u3073\u59cb\u307e\u308a\u3001 <b data-path-to-node=\"21,0,0\" data-index-in-node=\"71\">\u904e\u5ea6\u306e\u5589\u306e\u6e07\u304d\u3001\u4f53\u91cd\u6e1b\u5c11\u3001\u307e\u305f\u306f\u91cd\u5ea6\u306e\u75b2\u52b4<\/b>.<\/p><\/li><li><p data-path-to-node=\"21,1,0\">\u6392\u5c3f\u306f <b data-path-to-node=\"21,1,0\" data-index-in-node=\"16\">\u75db\u3044<\/b> \u307e\u305f\u306f\u3001\u5c3f\u306b\u7570\u5e38\u306a\u81ed\u3044\u3084\u8272\u304c\u3042\u308b\u5834\u5408\u3002.<\/p><\/li><li><p data-path-to-node=\"21,2,0\">\u305d\u306e\u5b50\u4f9b\u306f\u3001\u4fbf\u6f0f\u308c\u304c\u6301\u7d9a\u3059\u308b\u304b\u3001\u91cd\u5ea6\u306e\u4fbf\u79d8\u3092\u5448\u3057\u3066\u3044\u308b\u3002.<\/p><\/li><\/ol><p>\u5065\u5eb7\u30e9\u30a4\u30d6\u30e9\u30ea\u30fc\u306e\u8a18\u4e8b<\/p><p><a href=\"https:\/\/www.terveyskirjasto.fi\/dlk00134\" target=\"_blank\" rel=\"noopener\">https:\/\/www.terveyskirjasto.fi\/dlk00134<\/a><\/p><p>\u00a0<\/p>\t\t\t\t\t\t\t\t<\/div>\n\t\t\t\t<\/div>\n\t\t\t\t\t<\/div>\n\t\t\t\t<\/div>\n\t\t\t\t<\/div>","protected":false},"excerpt":{"rendered":"<p>Kastelu lapsella \u2013 Ohjeita kotiin ja hoitoon Lapsen virtsarakon hallinta on monimutkainen taito, joka kypsyy yksil\u00f6llisesti yleens\u00e4 4\u20136 vuoden ik\u00e4\u00e4n menness\u00e4. Kastelu ainoana oireena on hyvin harvoin merkki sairaudesta, mutta se voi kuormittaa lapsen itsetuntoa ja perheen arkea. 1. Y\u00f6kastelu Y\u00f6kastelu johtuu usein sike\u00e4st\u00e4 unesta (lapsi ei her\u00e4\u00e4 t\u00e4yden rakon tunteeseen) tai y\u00f6llisen virtsanerityksen s\u00e4\u00e4telyn keskener\u00e4isyydest\u00e4. Taipumus on usein periytyv\u00e4\u00e4. Itsehoito kotona: Iltajuominen: Rajoita juomista noin 2 tuntia ennen nukkumaanmenoa. Iltapala kannattaa sy\u00f6d\u00e4 samoihin aikoihin. WC-rutiini: K\u00e4yk\u00e4\u00e4 virtsalla juuri ennen s\u00e4nkyyn menoa. Y\u00f6vaippa: Vaipan k\u00e4ytt\u00f6 on sallittua, eik\u00e4 se hidasta kuivaksi oppimista. Se voi parantaa kaikkien unen laatua ja v\u00e4hent\u00e4\u00e4 pyykki\u00e4. Asenne: \u00c4l\u00e4 syyllist\u00e4 tai rankaise. Kehu onnistumisista (kuivista \u00f6ist\u00e4). [&hellip;]<\/p>\n","protected":false},"author":1,"featured_media":0,"parent":0,"menu_order":0,"comment_status":"closed","ping_status":"closed","template":"","meta":{"_angie_page":false,"site-sidebar-layout":"no-sidebar","site-content-layout":"page-builder","ast-site-content-layout":"full-width-container","site-content-style":"default","site-sidebar-style":"default","ast-global-header-display":"","ast-banner-title-visibility":"","ast-main-header-display":"","ast-hfb-above-header-display":"","ast-hfb-below-header-display":"","ast-hfb-mobile-header-display":"","site-post-title":"","ast-breadcrumbs-content":"","ast-featured-img":"disabled","footer-sml-layout":"","ast-disable-related-posts":"","theme-transparent-header-meta":"","adv-header-id-meta":"","stick-header-meta":"","header-above-stick-meta":"","header-main-stick-meta":"","header-below-stick-meta":"","astra-migrate-meta-layouts":"set","ast-page-background-enabled":"default","ast-page-background-meta":{"desktop":{"background-color":"","background-image":"","background-repeat":"repeat","background-position":"center center","background-size":"auto","background-attachment":"scroll","background-type":"","background-media":"","overlay-type":"","overlay-color":"","overlay-opacity":"","overlay-gradient":""},"tablet":{"background-color":"","background-image":"","background-repeat":"repeat","background-position":"center center","background-size":"auto","background-attachment":"scroll","background-type":"","background-media":"","overlay-type":"","overlay-color":"","overlay-opacity":"","overlay-gradient":""},"mobile":{"background-color":"","background-image":"","background-repeat":"repeat","background-position":"center center","background-size":"auto","background-attachment":"scroll","background-type":"","background-media":"","overlay-type":"","overlay-color":"","overlay-opacity":"","overlay-gradient":""}},"ast-content-background-meta":{"desktop":{"background-color":"var(--ast-global-color-5)","background-image":"","background-repeat":"repeat","background-position":"center center","background-size":"auto","background-attachment":"scroll","background-type":"","background-media":"","overlay-type":"","overlay-color":"","overlay-opacity":"","overlay-gradient":""},"tablet":{"background-color":"var(--ast-global-color-5)","background-image":"","background-repeat":"repeat","background-position":"center center","background-size":"auto","background-attachment":"scroll","background-type":"","background-media":"","overlay-type":"","overlay-color":"","overlay-opacity":"","overlay-gradient":""},"mobile":{"background-color":"var(--ast-global-color-5)","background-image":"","background-repeat":"repeat","background-position":"center center","background-size":"auto","background-attachment":"scroll","background-type":"","background-media":"","overlay-type":"","overlay-color":"","overlay-opacity":"","overlay-gradient":""}},"footnotes":""},"class_list":["post-1380","page","type-page","status-publish","hentry"],"_links":{"self":[{"href":"https:\/\/lastenkirurgia.fi\/ja\/wp-json\/wp\/v2\/pages\/1380","targetHints":{"allow":["GET"]}}],"collection":[{"href":"https:\/\/lastenkirurgia.fi\/ja\/wp-json\/wp\/v2\/pages"}],"about":[{"href":"https:\/\/lastenkirurgia.fi\/ja\/wp-json\/wp\/v2\/types\/page"}],"author":[{"embeddable":true,"href":"https:\/\/lastenkirurgia.fi\/ja\/wp-json\/wp\/v2\/users\/1"}],"replies":[{"embeddable":true,"href":"https:\/\/lastenkirurgia.fi\/ja\/wp-json\/wp\/v2\/comments?post=1380"}],"version-history":[{"count":4,"href":"https:\/\/lastenkirurgia.fi\/ja\/wp-json\/wp\/v2\/pages\/1380\/revisions"}],"predecessor-version":[{"id":1658,"href":"https:\/\/lastenkirurgia.fi\/ja\/wp-json\/wp\/v2\/pages\/1380\/revisions\/1658"}],"wp:attachment":[{"href":"https:\/\/lastenkirurgia.fi\/ja\/wp-json\/wp\/v2\/media?parent=1380"}],"curies":[{"name":"wp","href":"https:\/\/api.w.org\/{rel}","templated":true}]}}