{"id":1382,"date":"2026-04-09T13:53:02","date_gmt":"2026-04-09T13:53:02","guid":{"rendered":"https:\/\/darkcyan-pheasant-754087.hostingersite.com\/?page_id=1382"},"modified":"2026-04-11T14:11:37","modified_gmt":"2026-04-11T14:11:37","slug":"lapsen-palovamma","status":"publish","type":"page","link":"https:\/\/lastenkirurgia.fi\/ja\/lapsen-palovamma\/","title":{"rendered":"\u5b50\u4f9b\u306e\u706b\u50b7"},"content":{"rendered":"<div data-elementor-type=\"wp-page\" data-elementor-id=\"1382\" class=\"elementor elementor-1382\" data-elementor-post-type=\"page\">\n\t\t\t\t<div class=\"elementor-element elementor-element-60ffc84 e-flex e-con-boxed e-con e-parent\" data-id=\"60ffc84\" data-element_type=\"container\" data-e-type=\"container\">\n\t\t\t\t\t<div class=\"e-con-inner\">\n\t\t\t\t<div class=\"elementor-element elementor-element-cc678c2 elementor-widget elementor-widget-text-editor\" data-id=\"cc678c2\" data-element_type=\"widget\" data-e-type=\"widget\" data-widget_type=\"text-editor.default\">\n\t\t\t\t<div class=\"elementor-widget-container\">\n\t\t\t\t\t\t\t\t\t<h2 data-path-to-node=\"2\">\u5c0f\u5150\u306e\u706b\u50b7\uff1a\u5fdc\u6025\u51e6\u7f6e\u3068\u6cbb\u7642\u624b\u9806<\/h2><p data-path-to-node=\"3\">\u5b50\u4f9b\u306e\u808c\u306f\u654f\u611f\u3067\u3001\u3084\u3051\u3069\u306e\u91cd\u75c7\u5ea6\u306f\u6df1\u3055\u3068\u7bc4\u56f2\u306b\u3088\u3063\u3066\u7570\u306a\u308a\u307e\u3059\u3002\u8fc5\u901f\u306a\u5fdc\u6025\u51e6\u7f6e\u3092\u884c\u3046\u3053\u3068\u3067\u3001\u602a\u6211\u306e\u9032\u884c\u3092\u6291\u3048\u308b\u3053\u3068\u304c\u3067\u304d\u307e\u3059\u3002.<\/p><h3 data-path-to-node=\"4\">1. \u5fdc\u6025\u51e6\u7f6e<\/h3><ul data-path-to-node=\"5\"><li><p data-path-to-node=\"5,0,0\"><b data-path-to-node=\"5,0,0\" data-index-in-node=\"0\">\u96fb\u6e90\u3092\u5207\u3063\u3066\u53d6\u308a\u5916\u3057\u3066\u304f\u3060\u3055\u3044\uff1a<\/b> \u708e\u3092\u6d88\u3057\u3001\u71b1\u3092\u84c4\u3048\u3066\u3044\u308b\u8863\u985e\uff08\u4f8b\u3048\u3070\u3001\u71b1\u3044\u6db2\u4f53\u306b\u6d78\u304b\u3063\u305f\u8863\u985e\uff09\u3092\u8131\u304c\u305b\u3066\u304f\u3060\u3055\u3044\u3002.<\/p><\/li><li><p data-path-to-node=\"5,1,0\"><b data-path-to-node=\"5,1,0\" data-index-in-node=\"0\">\u30af\u30fc\u30eb\u30c0\u30a6\u30f3\uff1a<\/b> \u8ca0\u50b7\u3057\u305f\u90e8\u5206\u3092\u6d17\u3044\u6d41\u3059 <b data-path-to-node=\"5,1,0\" data-index-in-node=\"33\">\u7d04+20\u5ea6<\/b> \uff08\u306c\u308b\u307e\u6e6f\u306e\uff09\u6d41\u6c34 <b data-path-to-node=\"5,1,0\" data-index-in-node=\"85\">10\uff5e15\u5206\u9593<\/b>.<\/p><ul data-path-to-node=\"5,1,1\"><li><p data-path-to-node=\"5,1,1,0,0\"><i data-path-to-node=\"5,1,1,0,0\" data-index-in-node=\"0\">\u6ce8\u8a18\uff1a<\/i> \u6c37\u3084\u6c37\u6c34\u306f\u4f7f\u7528\u3057\u306a\u3044\u3067\u304f\u3060\u3055\u3044\u3002.<\/p><\/li><\/ul><\/li><li><p data-path-to-node=\"5,2,0\"><b data-path-to-node=\"5,2,0\" data-index-in-node=\"0\">\u98a8\u90aa\u3092\u3072\u304b\u306a\u3044\u3088\u3046\u306b\u3059\u308b\uff1a<\/b> \u7279\u306b\u5c0f\u3055\u306a\u304a\u5b50\u69d8\u306e\u5834\u5408\u3001\u4f53\u6e29\u304c\u4e0b\u304c\u308a\u3059\u304e\u306a\u3044\u3088\u3046\u306b\u3001\u51b7\u5374\u4e2d\u3082\u4f53\u306e\u4ed6\u306e\u90e8\u5206\u3092\u6e29\u304b\u304f\u4fdd\u3064\u3053\u3068\u304c\u91cd\u8981\u3067\u3059\u3002.<\/p><\/li><\/ul><h3 data-path-to-node=\"6\">2. \u3044\u3064\u533b\u5e2b\u306e\u8a3a\u5bdf\u3092\u53d7\u3051\u308b\u3079\u304d\u3067\u3059\u304b\uff1f<\/h3><p data-path-to-node=\"7\">\u6b21\u306e\u3088\u3046\u306a\u5834\u5408\u306f\u3001\u533b\u5e2b\u307e\u305f\u306f\u6551\u6025\u5916\u6765\u306b\u9023\u7d61\u3057\u3066\u304f\u3060\u3055\u3044\u3002<\/p><ul data-path-to-node=\"8\"><li><p data-path-to-node=\"8,0,0\">\u76ae\u819a\u306b\u4e0a\u6607\u3059\u308b <b data-path-to-node=\"8,0,0\" data-index-in-node=\"13\">\u6c34\u3076\u304f\u308c<\/b> \u3042\u308b\u3044\u306f\u76ae\u819a\u304c\u7834\u308c\u308b\u3002.<\/p><\/li><li><p data-path-to-node=\"8,1,0\">\u706b\u50b7\u306f <b data-path-to-node=\"8,1,0\" data-index-in-node=\"13\">\u624b\u306e\u3072\u3089\u30b5\u30a4\u30ba<\/b> \u307e\u305f\u306f\u305d\u308c\u4ee5\u4e0a\u3002.<\/p><\/li><li><p data-path-to-node=\"8,2,0\">\u8ca0\u50b7\u7b87\u6240\u306f\u3001\u4f8b\u3048\u3070\u3001 <b data-path-to-node=\"8,2,0\" data-index-in-node=\"38\">\u9854\u3001\u624b\u3001\u8db3\u3001\u307e\u305f\u306f\u95a2\u7bc0\u306b<\/b>.<\/p><\/li><li><p data-path-to-node=\"8,3,0\">\u305d\u308c\u306f <b data-path-to-node=\"8,3,0\" data-index-in-node=\"12\">\u96fb\u6c17\u7684\u307e\u305f\u306f\u5316\u5b66\u7684\u640d\u50b7<\/b>.<\/p><\/li><li><p data-path-to-node=\"8,4,0\">\u3053\u308c\u306f\u3068\u3066\u3082\u5c0f\u3055\u306a\u5b50\u4f9b\u3067\u3059\u3002.<\/p><\/li><\/ul><h3 data-path-to-node=\"9\">3\uff0e\u6cbb\u7642\u306b\u95a2\u3057\u3066\u77e5\u3063\u3066\u304a\u304f\u3079\u304d\u91cd\u8981\u306a\u3053\u3068<\/h3><ul data-path-to-node=\"10\"><li><p data-path-to-node=\"10,0,0\"><b data-path-to-node=\"10,0,0\" data-index-in-node=\"0\">\u6df1\u5ea6\u8a55\u4fa1\uff1a<\/b> \u706b\u50b7\u306e\u6700\u7d42\u7684\u306a\u6df1\u3055\u3068\u91cd\u75c7\u5ea6\u306f\u3001\u591a\u304f\u306e\u5834\u5408\u3001 <b data-path-to-node=\"10,0,0\" data-index-in-node=\"83\">2\uff5e3\u65e5\u5f8c<\/b> \u3057\u305f\u304c\u3063\u3066\u3001\u6700\u521d\u306e\u6570\u65e5\u9593\u306f\u602a\u6211\u306e\u72b6\u614b\u3092\u6ce8\u610f\u6df1\u304f\u89b3\u5bdf\u3059\u308b\u5fc5\u8981\u304c\u3042\u308b\u3002.<\/p><\/li><li><p data-path-to-node=\"10,1,0\"><b data-path-to-node=\"10,1,0\" data-index-in-node=\"0\">\u4fdd\u8b77\uff1a<\/b> \u8efd\u50b7\u306f\u81ea\u5b85\u3067\u6e05\u6f54\u306b\u4fdd\u3061\u307e\u3059\u3002\u75c5\u9662\u3067\u306f\u3001\u611f\u67d3\u3092\u9632\u3050\u305f\u3081\u306b\u3001\u50b7\u53e3\u306b\u7279\u6b8a\u306a\u6f64\u6ed1\u5264\u3084\u9280\u542b\u6709\u306e\u5305\u5e2f\u3092\u8cbc\u308b\u3053\u3068\u304c\u3088\u304f\u3042\u308a\u307e\u3059\u3002.<\/p><\/li><li><p data-path-to-node=\"10,2,0\"><b data-path-to-node=\"10,2,0\" data-index-in-node=\"0\">\u75bc\u75db\u7ba1\u7406\uff1a<\/b> \u3084\u3051\u3069\u306f\u975e\u5e38\u306b\u75db\u307f\u3092\u4f34\u3044\u307e\u3059\u3002\u533b\u5e2b\u306e\u6307\u793a\u306b\u5f93\u3063\u3066\u3001\u4f4e\u7528\u91cf\u306e\u93ae\u75db\u5264\uff08\u4f8b\uff1a\u30d1\u30e9\u30bb\u30bf\u30e2\u30fc\u30eb\uff09\u3092\u5b50\u4f9b\u306b\u6295\u4e0e\u3059\u308b\u3053\u3068\u3092\u304a\u52e7\u3081\u3057\u307e\u3059\u3002.<\/p><\/li><li><p data-path-to-node=\"10,3,0\"><b data-path-to-node=\"10,3,0\" data-index-in-node=\"0\">\u56de\u5fa9\uff1a<\/b> \u8efd\u5ea6\u306e\u50b7\u306f\u901a\u5e382\uff5e3\u9031\u9593\u3067\u6cbb\u7652\u3057\u307e\u3059\u3002\u3053\u306e\u671f\u9593\u5185\u306b\u50b7\u304c\u6cbb\u3089\u306a\u3044\u5834\u5408\u306f\u3001\u518d\u5ea6\u533b\u5e2b\u306b\u76f8\u8ac7\u3059\u308b\u3053\u3068\u3092\u304a\u52e7\u3081\u3057\u307e\u3059\u3002.<\/p><\/li><\/ul><hr data-path-to-node=\"11\" \/><p data-path-to-node=\"12\"><b data-path-to-node=\"12\" data-index-in-node=\"0\">\u899a\u3048\u3066\uff1a<\/b> \u706b\u50b7\u306e\u91cd\u75c7\u5ea6\u304c\u308f\u304b\u3089\u306a\u3044\u5834\u5408\u306f\u3001\u5fc5\u305a\u5c02\u9580\u5bb6\uff08\u4f8b\uff1a\u6551\u6025\u30b5\u30fc\u30d3\u30b9116 117\uff09\u306b\u9023\u7d61\u3059\u308b\u304b\u3001\u533b\u7642\u6a5f\u95a2\u3092\u53d7\u8a3a\u3057\u3066\u304f\u3060\u3055\u3044\u3002\u5e83\u7bc4\u56f2\u306b\u308f\u305f\u308b\u91cd\u50b7\u306e\u5834\u5408\u306f\u3001\u7dca\u6025\u96fb\u8a71\u756a\u53f7\u306b\u96fb\u8a71\u3057\u3066\u304f\u3060\u3055\u3044\u3002 <b data-path-to-node=\"12\" data-index-in-node=\"181\">112<\/b>.<\/p><p data-path-to-node=\"12\">\u00a0<\/p><p data-path-to-node=\"12\">\u5065\u5eb7\u30e9\u30a4\u30d6\u30e9\u30ea\u30fc\u306e\u8a18\u4e8b<\/p><p data-path-to-node=\"12\"><a href=\"https:\/\/www.terveyskirjasto.fi\/spr00009\" target=\"_blank\" rel=\"noopener\">https:\/\/www.terveyskirjasto.fi\/spr00009<\/a><\/p><p data-path-to-node=\"12\">\u00a0<\/p><p data-path-to-node=\"12\">\u00a0<\/p>\t\t\t\t\t\t\t\t<\/div>\n\t\t\t\t<\/div>\n\t\t\t\t\t<\/div>\n\t\t\t\t<\/div>\n\t\t<div class=\"elementor-element elementor-element-9291034 e-flex e-con-boxed e-con e-parent\" data-id=\"9291034\" data-element_type=\"container\" data-e-type=\"container\">\n\t\t\t\t\t<div class=\"e-con-inner\">\n\t\t\t\t<div class=\"elementor-element elementor-element-c97802a elementor-widget elementor-widget-image\" data-id=\"c97802a\" data-element_type=\"widget\" data-e-type=\"widget\" data-widget_type=\"image.default\">\n\t\t\t\t<div class=\"elementor-widget-container\">\n\t\t\t\t\t\t\t\t\t\t\t\t\t\t\t<img fetchpriority=\"high\" decoding=\"async\" width=\"1024\" height=\"559\" src=\"https:\/\/lastenkirurgia.fi\/wp-content\/uploads\/2026\/04\/palovamma2.webp\" class=\"attachment-large size-large wp-image-1590\" alt=\"\" srcset=\"https:\/\/lastenkirurgia.fi\/wp-content\/uploads\/2026\/04\/palovamma2.webp 1024w, https:\/\/lastenkirurgia.fi\/wp-content\/uploads\/2026\/04\/palovamma2-300x164.webp 300w, https:\/\/lastenkirurgia.fi\/wp-content\/uploads\/2026\/04\/palovamma2-768x419.webp 768w\" sizes=\"(max-width: 1024px) 100vw, 1024px\" \/>\t\t\t\t\t\t\t\t\t\t\t\t\t\t\t<\/div>\n\t\t\t\t<\/div>\n\t\t\t\t\t<\/div>\n\t\t\t\t<\/div>\n\t\t\t\t<\/div>","protected":false},"excerpt":{"rendered":"<p>Lapsen palovammat: Ensiapu ja hoito-ohje Lasten iho on herkk\u00e4, ja palovamman vakavuus riippuu sen syvyydest\u00e4 ja laajuudesta. Nopealla ensiavulla voit rajoittaa vamman etenemist\u00e4. 1. V\u00e4lit\u00f6n ensiapu Sammuta ja poista: Sammuta liekit ja poista kuumuutta varaavat vaatteet (esim. kuuman nesteen kastelemat vaatteet). Viilenn\u00e4: Huuhtele vamma-aluetta noin +20-asteisella (haalealla) juoksevalla vedell\u00e4 10\u201315 minuutin ajan. Huom: \u00c4l\u00e4 k\u00e4yt\u00e4 j\u00e4\u00e4t\u00e4 tai j\u00e4\u00e4vett\u00e4. Est\u00e4 kylmettyminen: Erityisesti pienten lasten kohdalla on t\u00e4rke\u00e4\u00e4 pit\u00e4\u00e4 muu vartalo l\u00e4mpim\u00e4n\u00e4 viilennyksen aikana, jotta lapsen ruumiinl\u00e4mp\u00f6 ei laske liikaa. 2. Milloin l\u00e4\u00e4k\u00e4riin? Ota yhteys l\u00e4\u00e4k\u00e4riin tai p\u00e4ivystykseen, jos: Ihoon nousee rakkuloita tai iho rikkoutuu. Palovamma on k\u00e4mmenen kokoinen tai suurempi. Vamma on kriittisell\u00e4 alueella, kuten kasvoissa, k\u00e4siss\u00e4, jalkateriss\u00e4 tai nivelten kohdalla. [&hellip;]<\/p>\n","protected":false},"author":1,"featured_media":0,"parent":0,"menu_order":0,"comment_status":"closed","ping_status":"closed","template":"","meta":{"_angie_page":false,"site-sidebar-layout":"no-sidebar","site-content-layout":"page-builder","ast-site-content-layout":"full-width-container","site-content-style":"default","site-sidebar-style":"default","ast-global-header-display":"","ast-banner-title-visibility":"","ast-main-header-display":"","ast-hfb-above-header-display":"","ast-hfb-below-header-display":"","ast-hfb-mobile-header-display":"","site-post-title":"","ast-breadcrumbs-content":"","ast-featured-img":"disabled","footer-sml-layout":"","ast-disable-related-posts":"","theme-transparent-header-meta":"","adv-header-id-meta":"","stick-header-meta":"","header-above-stick-meta":"","header-main-stick-meta":"","header-below-stick-meta":"","astra-migrate-meta-layouts":"set","ast-page-background-enabled":"default","ast-page-background-meta":{"desktop":{"background-color":"","background-image":"","background-repeat":"repeat","background-position":"center center","background-size":"auto","background-attachment":"scroll","background-type":"","background-media":"","overlay-type":"","overlay-color":"","overlay-opacity":"","overlay-gradient":""},"tablet":{"background-color":"","background-image":"","background-repeat":"repeat","background-position":"center center","background-size":"auto","background-attachment":"scroll","background-type":"","background-media":"","overlay-type":"","overlay-color":"","overlay-opacity":"","overlay-gradient":""},"mobile":{"background-color":"","background-image":"","background-repeat":"repeat","background-position":"center center","background-size":"auto","background-attachment":"scroll","background-type":"","background-media":"","overlay-type":"","overlay-color":"","overlay-opacity":"","overlay-gradient":""}},"ast-content-background-meta":{"desktop":{"background-color":"var(--ast-global-color-5)","background-image":"","background-repeat":"repeat","background-position":"center center","background-size":"auto","background-attachment":"scroll","background-type":"","background-media":"","overlay-type":"","overlay-color":"","overlay-opacity":"","overlay-gradient":""},"tablet":{"background-color":"var(--ast-global-color-5)","background-image":"","background-repeat":"repeat","background-position":"center center","background-size":"auto","background-attachment":"scroll","background-type":"","background-media":"","overlay-type":"","overlay-color":"","overlay-opacity":"","overlay-gradient":""},"mobile":{"background-color":"var(--ast-global-color-5)","background-image":"","background-repeat":"repeat","background-position":"center center","background-size":"auto","background-attachment":"scroll","background-type":"","background-media":"","overlay-type":"","overlay-color":"","overlay-opacity":"","overlay-gradient":""}},"footnotes":""},"class_list":["post-1382","page","type-page","status-publish","hentry"],"_links":{"self":[{"href":"https:\/\/lastenkirurgia.fi\/ja\/wp-json\/wp\/v2\/pages\/1382","targetHints":{"allow":["GET"]}}],"collection":[{"href":"https:\/\/lastenkirurgia.fi\/ja\/wp-json\/wp\/v2\/pages"}],"about":[{"href":"https:\/\/lastenkirurgia.fi\/ja\/wp-json\/wp\/v2\/types\/page"}],"author":[{"embeddable":true,"href":"https:\/\/lastenkirurgia.fi\/ja\/wp-json\/wp\/v2\/users\/1"}],"replies":[{"embeddable":true,"href":"https:\/\/lastenkirurgia.fi\/ja\/wp-json\/wp\/v2\/comments?post=1382"}],"version-history":[{"count":8,"href":"https:\/\/lastenkirurgia.fi\/ja\/wp-json\/wp\/v2\/pages\/1382\/revisions"}],"predecessor-version":[{"id":1594,"href":"https:\/\/lastenkirurgia.fi\/ja\/wp-json\/wp\/v2\/pages\/1382\/revisions\/1594"}],"wp:attachment":[{"href":"https:\/\/lastenkirurgia.fi\/ja\/wp-json\/wp\/v2\/media?parent=1382"}],"curies":[{"name":"wp","href":"https:\/\/api.w.org\/{rel}","templated":true}]}}