{"id":1386,"date":"2026-04-09T13:53:46","date_gmt":"2026-04-09T13:53:46","guid":{"rendered":"https:\/\/darkcyan-pheasant-754087.hostingersite.com\/?page_id=1386"},"modified":"2026-04-12T15:49:11","modified_gmt":"2026-04-12T15:49:11","slug":"lapsen-rannemurtuma","status":"publish","type":"page","link":"https:\/\/lastenkirurgia.fi\/ja\/lapsen-rannemurtuma\/","title":{"rendered":"\u5c0f\u5150\u306e\u624b\u9996\u9aa8\u6298"},"content":{"rendered":"<div data-elementor-type=\"wp-page\" data-elementor-id=\"1386\" class=\"elementor elementor-1386\" data-elementor-post-type=\"page\">\n\t\t\t\t<div class=\"elementor-element elementor-element-80bfb32 e-flex e-con-boxed e-con e-parent\" data-id=\"80bfb32\" data-element_type=\"container\" data-e-type=\"container\">\n\t\t\t\t\t<div class=\"e-con-inner\">\n\t\t\t\t<div class=\"elementor-element elementor-element-b7b4158 elementor-widget elementor-widget-text-editor\" data-id=\"b7b4158\" data-element_type=\"widget\" data-e-type=\"widget\" data-widget_type=\"text-editor.default\">\n\t\t\t\t<div class=\"elementor-widget-container\">\n\t\t\t\t\t\t\t\t\t<h2 data-path-to-node=\"2\">\u5c0f\u5150\u306e\u524d\u8155\u4e0b\u90e8\u306e\u9aa8\u6298\uff08\u300c\u624b\u9996\u9aa8\u6298\u300d\uff09<\/h2><p data-path-to-node=\"3\">\u524d\u8155\u4e0b\u90e8\u306e\u9aa8\u6298\u306f\u5b50\u4f9b\u306b\u3088\u304f\u898b\u3089\u308c\u307e\u3059\u3002\u5178\u578b\u7684\u306a\u30b1\u30fc\u30b9\u3068\u3057\u3066\u306f\u3001\u904a\u3073\u3084\u30b9\u30dd\u30fc\u30c4\u4e2d\u306b\u4f38\u3070\u3057\u305f\u624b\u3092\u3064\u3044\u3066\u8ee2\u5012\u3057\u305f\u5834\u5408\u306a\u3069\u304c\u6319\u3052\u3089\u308c\u307e\u3059\u3002\u5b50\u4f9b\u306e\u9aa8\u306f\u6210\u9577\u306b\u4f34\u3063\u3066\u30ea\u30e2\u30c7\u30ea\u30f3\u30b0\uff08\u518d\u69cb\u7bc9\uff09\u3055\u308c\u3066\u304a\u308a\u3001\u81ea\u5df1\u4fee\u5fa9\u80fd\u529b\u304c\u9ad8\u3044\u305f\u3081\u3001\u6cbb\u7642\u65b9\u6cd5\u306f\u5927\u4eba\u3068\u306f\u7570\u306a\u308a\u307e\u3059\u3002.<\/p><h3 data-path-to-node=\"4\">\u9aa8\u6298\u306e\u7a2e\u985e\u3068\u305d\u306e\u6cbb\u7642\u6cd5<\/h3><p data-path-to-node=\"5\">\u533b\u5e2b\u306f\u30ec\u30f3\u30c8\u30b2\u30f3\u5199\u771f\u304b\u3089\u9aa8\u6298\u306e\u7a2e\u985e\u3092\u5224\u65ad\u3057\u307e\u3059\u3002\u6cbb\u7642\u65b9\u91dd\u306f\u9aa8\u6298\u306e\u7a2e\u985e\u3068\u5b50\u4f9b\u306e\u5e74\u9f62\u306b\u3088\u3063\u3066\u7570\u306a\u308a\u307e\u3059\u3002<\/p><ol start=\"1\" data-path-to-node=\"6\"><li><p data-path-to-node=\"6,0,0\"><b data-path-to-node=\"6,0,0\" data-index-in-node=\"0\">\u3057\u308f\u9aa8\u6298\uff08\u30c8\u30fc\u30e9\u30b9\uff09\uff1a<\/b><\/p><ul data-path-to-node=\"6,0,1\"><li><p data-path-to-node=\"6,0,1,0,0\"><b data-path-to-node=\"6,0,1,0,0\" data-index-in-node=\"0\">\u305d\u308c\u306f\u4f55\u3067\u3059\u304b\uff1f<\/b> \u9aa8\u306f\u5b9f\u969b\u306b\u306f\u6298\u308c\u3066\u304a\u3089\u305a\u3001\u7247\u5074\u304c\u300c\u3072\u3073\u5272\u308c\u300d\u305f\u308a\u3001\u3057\u308f\u304c\u5bc4\u3063\u305f\u308a\u3057\u3066\u3044\u308b\u3060\u3051\u3060\u3002.<\/p><\/li><li><p data-path-to-node=\"6,0,1,1,0\"><b data-path-to-node=\"6,0,1,1,0\" data-index-in-node=\"0\">\u30b1\u30a2\uff1a<\/b> \u3053\u308c\u306f\u5b8c\u5168\u306b\u5b89\u5b9a\u3057\u305f\u602a\u6211\u3067\u3059\u3002\u4e3b\u306b\u75db\u307f\u3092\u8efd\u6e1b\u3059\u308b\u305f\u3081\u306b\u3001\u88c5\u5177\uff08\u77ef\u6b63\u5668\u5177\uff09\u307e\u305f\u306f\u30ae\u30d7\u30b9\u30671\uff5e3\u9031\u9593\u6cbb\u7642\u3057\u307e\u3059\u3002\u30ec\u30f3\u30c8\u30b2\u30f3\u691c\u67fb\u306f\u5fc5\u8981\u3042\u308a\u307e\u305b\u3093\u3002.<\/p><\/li><\/ul><\/li><li><p data-path-to-node=\"6,1,0\"><b data-path-to-node=\"6,1,0\" data-index-in-node=\"0\">\u30e4\u30ca\u30ae\u306e\u679d\u306e\u9aa8\u6298\uff08\u82e5\u6728\u9aa8\u6298\uff09\uff1a<\/b><\/p><ul data-path-to-node=\"6,1,1\"><li><p data-path-to-node=\"6,1,1,0,0\"><b data-path-to-node=\"6,1,1,0,0\" data-index-in-node=\"0\">\u305d\u308c\u306f\u4f55\u3067\u3059\u304b\uff1f<\/b> \u9aa8\u306e\u7247\u5074\u306f\u6298\u308c\u3066\u3044\u3066\u3001\u3082\u3046\u7247\u5074\u306f\uff08\u307e\u308b\u3067\u65b0\u3057\u3044\u679d\u306e\u3088\u3046\u306b\uff09\u66f2\u304c\u3063\u3066\u3044\u308b\u3002.<\/p><\/li><li><p data-path-to-node=\"6,1,1,1,0\"><b data-path-to-node=\"6,1,1,1,0\" data-index-in-node=\"0\">\u30b1\u30a2\uff1a<\/b> \u4f4d\u7f6e\u304c\u60aa\u3044\u5834\u5408\u306f\u3001\u9aa8\u6298\u90e8\u3092\u307e\u3063\u3059\u3050\u306b\u6574\u5fa9\u3059\u308b\u5fc5\u8981\u304c\u3042\u308a\u307e\u3059\u3002\u3053\u308c\u306f\u6a2a\u9aa8\u6298\u3088\u308a\u3082\u4e0d\u5b89\u5b9a\u306a\u305f\u3081\u3001\u7d041\u9031\u9593\u5f8c\u306bX\u7dda\u691c\u67fb\u3067\u4f4d\u7f6e\u3092\u78ba\u8a8d\u3059\u308b\u3053\u3068\u304c\u3088\u304f\u3042\u308a\u307e\u3059\u3002.<\/p><\/li><\/ul><\/li><li><p data-path-to-node=\"6,2,0\"><b data-path-to-node=\"6,2,0\" data-index-in-node=\"0\">\u4ea4\u5dee\u9aa8\u6298\uff1a<\/b><\/p><ul data-path-to-node=\"6,2,1\"><li><p data-path-to-node=\"6,2,1,0,0\"><b data-path-to-node=\"6,2,1,0,0\" data-index-in-node=\"0\">\u305d\u308c\u306f\u4f55\u3067\u3059\u304b\uff1f<\/b> \u9aa8\u306f\u5b8c\u5168\u306b\u6298\u308c\u3066\u3044\u308b\u3002.<\/p><\/li><li><p data-path-to-node=\"6,2,1,1,0\"><b data-path-to-node=\"6,2,1,1,0\" data-index-in-node=\"0\">\u30b1\u30a2\uff1a<\/b> \u9aa8\u306e\u672b\u7aef\u304c\u5927\u304d\u304f\u305a\u308c\u3066\u3044\u308b\u5834\u5408\u306f\u3001\u5143\u306e\u4f4d\u7f6e\u306b\u623b\u3057\u307e\u3059\uff08\u6574\u5fa9\uff09\u3002\u5e7c\u3044\u5b50\u4f9b\u306e\u5834\u5408\u3001\u5927\u304d\u306a\u305a\u308c\u3067\u3082\u6210\u9577\u3068\u3068\u3082\u306b\u81ea\u7136\u306b\u6cbb\u308b\u3053\u3068\u3082\u3042\u308a\u307e\u3059\u304c\u3001\u76ee\u306b\u898b\u3048\u308b\u305a\u308c\u306f\u901a\u5e38\u5fc5\u305a\u77ef\u6b63\u3055\u308c\u307e\u3059\u3002.<\/p><\/li><\/ul><\/li><\/ol><hr data-path-to-node=\"7\" \/><h3 data-path-to-node=\"8\">\u6210\u9577\u306e\u529b\uff08\u30ea\u30d5\u30a9\u30fc\u30e0\uff09<\/h3><p data-path-to-node=\"9\">\u5b50\u4f9b\u306e\u9aa8\u683c\u306f\u3001\u9a5a\u304f\u307b\u3069\u52b9\u7387\u7684\u306b\u6b6a\u307f\u3092\u77ef\u6b63\u3057\u307e\u3059\u3002\u3053\u308c\u3092\u30ea\u30e2\u30c7\u30ea\u30f3\u30b0\u3068\u547c\u3073\u307e\u3059\u3002.<\/p><ul data-path-to-node=\"10\"><li><p data-path-to-node=\"10,0,0\"><b data-path-to-node=\"10,0,0\" data-index-in-node=\"0\">5\u6b73\u672a\u6e80\u306e\u304a\u5b50\u69d8\u5411\u3051<\/b> \u624b\u9996\u306e\u52d5\u304d\u306e\u65b9\u5411\u3078\u306e\u6700\u592735\u5ea6\u306e\u50be\u304d\u306f\u8a31\u5bb9\u7bc4\u56f2\u5185\u3067\u3059\u3002.<\/p><\/li><li><p data-path-to-node=\"10,1,0\"><b data-path-to-node=\"10,1,0\" data-index-in-node=\"0\">\u5bfe\u8c61\u5e74\u9f62\uff1a5\uff5e12\u6b73<\/b> \u7d0425\u5ea6\u306e\u50be\u304d\u306f\u8a31\u5bb9\u7bc4\u56f2\u5185\u3067\u3059\u3002.<\/p><\/li><li><p data-path-to-node=\"10,2,0\">\u5b50\u4f9b\u304c\u5927\u304d\u304f\u306a\u308b\u306b\u3064\u308c\u3066\u3001\u6210\u9577\u306e\u4f59\u5730\u304c\u5c11\u306a\u304f\u306a\u308b\u305f\u3081\u3001\u3088\u308a\u6b63\u78ba\u306a\u59ff\u52e2\u304c\u6c42\u3081\u3089\u308c\u308b\u3088\u3046\u306b\u306a\u308b\u3002.<\/p><\/li><\/ul><h3 data-path-to-node=\"11\">\u5916\u79d1\u7684\u6cbb\u7642\u3068\u91d1\u5c5e\u88fd\u306e\u30b9\u30d1\u30a4\u30af<\/h3><p data-path-to-node=\"12\">\u9aa8\u6298\u304c\u975e\u5e38\u306b\u4e0d\u5b89\u5b9a\u306a\u5834\u5408\u3084\u3001\u9aa8\u6298\u306e\u4f4d\u7f6e\u304c\u60aa\u3044\u5834\u5408\u306f\u3001\u9ebb\u9154\u4e0b\u3067\u624b\u8853\u5ba4\u306b\u3066\u9aa8\u6298\u3092\u77ef\u6b63\u3059\u308b\u3002.<\/p><ul data-path-to-node=\"13\"><li><p data-path-to-node=\"13,0,0\"><b data-path-to-node=\"13,0,0\" data-index-in-node=\"0\">\u30b9\u30d1\u30a4\u30af\uff1a<\/b> \u9aa8\u6298\u90e8\u306f\u3001\u76ae\u819a\u3092\u901a\u3057\u3066\u633f\u5165\u3055\u308c\u308b\u6ed1\u3089\u304b\u306a\u91d1\u5c5e\u30d4\u30f3\uff08K\u30d4\u30f3\uff09\u3067\u652f\u3048\u308b\u3053\u3068\u304c\u3067\u304d\u308b\u3002\u3053\u308c\u306b\u3088\u308a\u3001\u9aa8\u6298\u90e8\u304c\u30ae\u30d7\u30b9\u5185\u3067\u305a\u308c\u308b\u306e\u3092\u9632\u3050\u3053\u3068\u304c\u3067\u304d\u308b\u3002.<\/p><\/li><li><p data-path-to-node=\"13,1,0\"><b data-path-to-node=\"13,1,0\" data-index-in-node=\"0\">\u6210\u9577\u677f\u9aa8\u6298\uff1a<\/b> \u9aa8\u6298\u306b\u3088\u3063\u3066\u95a2\u7bc0\u9762\u3084\u6210\u9577\u677f\u304c\u640d\u50b7\u3057\u305f\u5834\u5408\u3001\u9aa8\u306e\u6210\u9577\u963b\u5bb3\u3092\u9632\u3050\u305f\u3081\u306b\u3001\u7279\u306b\u614e\u91cd\u306a\u6cbb\u7642\u304c\u5fc5\u8981\u3068\u306a\u308a\u3001\u591a\u304f\u306e\u5834\u5408\u3001\u624b\u8853\u304c\u5fc5\u8981\u3068\u306a\u308b\u3002.<\/p><\/li><\/ul><hr data-path-to-node=\"14\" \/><h3 data-path-to-node=\"15\">\u30ae\u30d7\u30b9\u51e6\u7f6e\u3068\u81ea\u5b85\u3067\u306e\u6ce8\u610f\u4e8b\u9805<\/h3><p data-path-to-node=\"16\">\u9aa8\u6298\u306f\u901a\u5e38\u3001\u500b\u4eba\u306b\u3088\u3063\u3066\u652f\u3048\u3089\u308c\u307e\u3059 <b data-path-to-node=\"16\" data-index-in-node=\"39\">\u5de6\u5b98\u3054\u3066\u3067<\/b>, \u3053\u308c\u306b\u3088\u308a\u3001\u6307\u3068\u8098\u3092\u81ea\u7531\u306b\u52d5\u304b\u3059\u3053\u3068\u304c\u3067\u304d\u307e\u3059\u3002.<\/p><p data-path-to-node=\"17\"><b data-path-to-node=\"17\" data-index-in-node=\"0\">\u81ea\u5b85\u3067\u3053\u308c\u3092\u3084\u3063\u3066\u307f\u307e\u3057\u3087\u3046\uff1a<\/b><\/p><ul data-path-to-node=\"18\"><li><p data-path-to-node=\"18,0,0\"><b data-path-to-node=\"18,0,0\" data-index-in-node=\"0\">\u93ae\u75db\u85ac\uff1a<\/b> \u6700\u521d\u306e\u6570\u65e5\u9593\u306f\u3001\u304a\u5b50\u3055\u3093\u306b\u93ae\u75db\u5264\uff08\u4f8b\uff1a\u30d1\u30e9\u30bb\u30bf\u30e2\u30fc\u30eb\u3084\u30a4\u30d6\u30d7\u30ed\u30d5\u30a7\u30f3\uff09\u3092\u5b9a\u671f\u7684\u306b\u4e0e\u3048\u3066\u304f\u3060\u3055\u3044\u3002.<\/p><\/li><li><p data-path-to-node=\"18,1,0\"><b data-path-to-node=\"18,1,0\" data-index-in-node=\"0\">\u4ed5\u4e8b\uff1a<\/b> \u304a\u5b50\u3055\u3093\u306b\u306f\u3001\u6700\u521d\u304b\u3089\u7a4d\u6975\u7684\u306b\u6307\u3092\u52d5\u304b\u3059\u3088\u3046\u306b\u4fc3\u3057\u307e\u3057\u3087\u3046\u3002.<\/p><\/li><li><p data-path-to-node=\"18,2,0\"><b data-path-to-node=\"18,2,0\" data-index-in-node=\"0\">\u89b3\u5bdf\uff1a<\/b> \u6307\u304c\u9752\u304f\u306a\u3063\u305f\u308a\u3001\u51b7\u305f\u304f\u306a\u3063\u305f\u308a\u3001\u3057\u3073\u308c\u305f\u308a\u3057\u305f\u5834\u5408\u3001\u307e\u305f\u306f\u85ac\u3092\u670d\u7528\u3057\u3066\u3082\u75db\u307f\u304c\u6cbb\u307e\u3089\u306a\u3044\u307b\u3069\u306e\u6fc0\u3057\u3044\u75db\u307f\u304c\u3042\u308b\u5834\u5408\u306f\u3001\u533b\u5e2b\u306b\u9023\u7d61\u3057\u3066\u304f\u3060\u3055\u3044\u3002.<\/p><\/li><\/ul><hr data-path-to-node=\"19\" \/><h3 data-path-to-node=\"20\">\u76e3\u8996\u304c\u5fc5\u8981\u306a\u306e\u306f\u3069\u306e\u3088\u3046\u306a\u5834\u5408\u3067\u3059\u304b\uff1f<\/h3><ul data-path-to-node=\"21\"><li><p data-path-to-node=\"21,0,0\"><b data-path-to-node=\"21,0,0\" data-index-in-node=\"0\">\u3057\u308f\u306e\u3072\u3073\u5272\u308c<\/b> \u64ae\u308a\u76f4\u3059\u5fc5\u8981\u306f\u3042\u308a\u307e\u305b\u3093\u3002.<\/p><\/li><li><p data-path-to-node=\"21,1,0\"><b data-path-to-node=\"21,1,0\" data-index-in-node=\"0\">\u30e4\u30ca\u30ae\u306e\u830e\u3068\u6a2a\u9aa8\u6298<\/b> \u901a\u5e38\u3001\u30ae\u30d7\u30b9\u5185\u306e\u4f4d\u7f6e\u304c\u5909\u308f\u3063\u3066\u3044\u306a\u3044\u3053\u3068\u3092\u78ba\u8a8d\u3059\u308b\u305f\u3081\u30017\uff5e10\u65e5\u5f8c\u306bX\u7dda\u691c\u67fb\u3092\u884c\u3044\u307e\u3059\u3002.<\/p><\/li><li><p data-path-to-node=\"21,2,0\"><b data-path-to-node=\"21,2,0\" data-index-in-node=\"0\">\u5727\u8feb\u9aa8\u6298<\/b> \u68d8\u3092\u53d6\u308a\u9664\u304f\u524d\uff08\u901a\u5e38\u306f3\uff5e4\u9031\u9593\u5f8c\uff09\u306b\u64ae\u5f71\u3055\u308c\u305f\u5199\u771f\u3067\u3059\u3002.<\/p><\/li><\/ul><p>\u30c7\u30e5\u30aa\u30c7\u30b7\u30e0\u306e\u8a18\u4e8b<\/p><p><a href=\"https:\/\/www.duodecimlehti.fi\/duo16023\" target=\"_blank\" rel=\"noopener\">https:\/\/www.duodecimlehti.fi\/duo16023<\/a><\/p>\t\t\t\t\t\t\t\t<\/div>\n\t\t\t\t<\/div>\n\t\t\t\t\t<\/div>\n\t\t\t\t<\/div>\n\t\t\t\t<\/div>","protected":false},"excerpt":{"rendered":"<p>Lapsen kyyn\u00e4rvarren alaosan murtuma (\u201drannemurtuma\u201d) Kyyn\u00e4rvarren alaosan murtumat ovat lapsilla eritt\u00e4in yleisi\u00e4. Tyypillinen tilanne on kaatuminen ojennetun k\u00e4den varaan esimerkiksi leikkiess\u00e4 tai urheillessa. Lapsen luusto on remodelloituvaa ja sill\u00e4 on suuri kyky korjata itse\u00e4\u00e4n kasvun my\u00f6t\u00e4, mik\u00e4 tekee hoidosta erilaista kuin aikuisilla. Murtumatyypit ja niiden hoito L\u00e4\u00e4k\u00e4ri m\u00e4\u00e4ritt\u00e4\u00e4 murtuman tyypin r\u00f6ntgenkuvasta. Hoitolinja riippuu murtuman laadusta ja lapsen i\u00e4st\u00e4: Ryppymurtuma (Torus): Mik\u00e4 se on? Luu ei ole varsinaisesti poikki, vaan se on vain \u201dnitkahtanut\u201d tai rypistynyt toiselta puolelta. Hoito: T\u00e4m\u00e4 on t\u00e4ysin vakaa vamma. Se hoidetaan 1\u20133 viikon mittaisella tukisidoksella (ortoosilla) tai kipsilastalla l\u00e4hinn\u00e4 kivun vuoksi. R\u00f6ntgenkontrolleja ei tarvita. Pajunvitsamurtuma (Greenstick): Mik\u00e4 se on? Luun toinen puoli on murtunut ja toinen [&hellip;]<\/p>\n","protected":false},"author":1,"featured_media":0,"parent":0,"menu_order":0,"comment_status":"closed","ping_status":"closed","template":"","meta":{"_angie_page":false,"site-sidebar-layout":"no-sidebar","site-content-layout":"page-builder","ast-site-content-layout":"full-width-container","site-content-style":"default","site-sidebar-style":"default","ast-global-header-display":"","ast-banner-title-visibility":"","ast-main-header-display":"","ast-hfb-above-header-display":"","ast-hfb-below-header-display":"","ast-hfb-mobile-header-display":"","site-post-title":"","ast-breadcrumbs-content":"","ast-featured-img":"disabled","footer-sml-layout":"","ast-disable-related-posts":"","theme-transparent-header-meta":"","adv-header-id-meta":"","stick-header-meta":"","header-above-stick-meta":"","header-main-stick-meta":"","header-below-stick-meta":"","astra-migrate-meta-layouts":"set","ast-page-background-enabled":"default","ast-page-background-meta":{"desktop":{"background-color":"","background-image":"","background-repeat":"repeat","background-position":"center center","background-size":"auto","background-attachment":"scroll","background-type":"","background-media":"","overlay-type":"","overlay-color":"","overlay-opacity":"","overlay-gradient":""},"tablet":{"background-color":"","background-image":"","background-repeat":"repeat","background-position":"center center","background-size":"auto","background-attachment":"scroll","background-type":"","background-media":"","overlay-type":"","overlay-color":"","overlay-opacity":"","overlay-gradient":""},"mobile":{"background-color":"","background-image":"","background-repeat":"repeat","background-position":"center center","background-size":"auto","background-attachment":"scroll","background-type":"","background-media":"","overlay-type":"","overlay-color":"","overlay-opacity":"","overlay-gradient":""}},"ast-content-background-meta":{"desktop":{"background-color":"var(--ast-global-color-5)","background-image":"","background-repeat":"repeat","background-position":"center center","background-size":"auto","background-attachment":"scroll","background-type":"","background-media":"","overlay-type":"","overlay-color":"","overlay-opacity":"","overlay-gradient":""},"tablet":{"background-color":"var(--ast-global-color-5)","background-image":"","background-repeat":"repeat","background-position":"center center","background-size":"auto","background-attachment":"scroll","background-type":"","background-media":"","overlay-type":"","overlay-color":"","overlay-opacity":"","overlay-gradient":""},"mobile":{"background-color":"var(--ast-global-color-5)","background-image":"","background-repeat":"repeat","background-position":"center center","background-size":"auto","background-attachment":"scroll","background-type":"","background-media":"","overlay-type":"","overlay-color":"","overlay-opacity":"","overlay-gradient":""}},"footnotes":""},"class_list":["post-1386","page","type-page","status-publish","hentry"],"_links":{"self":[{"href":"https:\/\/lastenkirurgia.fi\/ja\/wp-json\/wp\/v2\/pages\/1386","targetHints":{"allow":["GET"]}}],"collection":[{"href":"https:\/\/lastenkirurgia.fi\/ja\/wp-json\/wp\/v2\/pages"}],"about":[{"href":"https:\/\/lastenkirurgia.fi\/ja\/wp-json\/wp\/v2\/types\/page"}],"author":[{"embeddable":true,"href":"https:\/\/lastenkirurgia.fi\/ja\/wp-json\/wp\/v2\/users\/1"}],"replies":[{"embeddable":true,"href":"https:\/\/lastenkirurgia.fi\/ja\/wp-json\/wp\/v2\/comments?post=1386"}],"version-history":[{"count":4,"href":"https:\/\/lastenkirurgia.fi\/ja\/wp-json\/wp\/v2\/pages\/1386\/revisions"}],"predecessor-version":[{"id":1655,"href":"https:\/\/lastenkirurgia.fi\/ja\/wp-json\/wp\/v2\/pages\/1386\/revisions\/1655"}],"wp:attachment":[{"href":"https:\/\/lastenkirurgia.fi\/ja\/wp-json\/wp\/v2\/media?parent=1386"}],"curies":[{"name":"wp","href":"https:\/\/api.w.org\/{rel}","templated":true}]}}