{"id":1390,"date":"2026-04-09T13:54:21","date_gmt":"2026-04-09T13:54:21","guid":{"rendered":"https:\/\/darkcyan-pheasant-754087.hostingersite.com\/?page_id=1390"},"modified":"2026-04-12T15:42:18","modified_gmt":"2026-04-12T15:42:18","slug":"lapsen-kaden-vamma","status":"publish","type":"page","link":"https:\/\/lastenkirurgia.fi\/ja\/lapsen-kaden-vamma\/","title":{"rendered":"\u5b50\u4f9b\u306e\u624b\u306e\u602a\u6211"},"content":{"rendered":"<div data-elementor-type=\"wp-page\" data-elementor-id=\"1390\" class=\"elementor elementor-1390\" data-elementor-post-type=\"page\">\n\t\t\t\t<div class=\"elementor-element elementor-element-17b6c2e e-flex e-con-boxed e-con e-parent\" data-id=\"17b6c2e\" data-element_type=\"container\" data-e-type=\"container\">\n\t\t\t\t\t<div class=\"e-con-inner\">\n\t\t\t\t<div class=\"elementor-element elementor-element-a7fff64 elementor-widget elementor-widget-text-editor\" data-id=\"a7fff64\" data-element_type=\"widget\" data-e-type=\"widget\" data-widget_type=\"text-editor.default\">\n\t\t\t\t<div class=\"elementor-widget-container\">\n\t\t\t\t\t\t\t\t\t<h2 data-path-to-node=\"2\">\u5b50\u3069\u3082\u306e\u624b\u3068\u624b\u9996\u306e\u602a\u6211\uff1a\u4fdd\u8b77\u8005\u306e\u305f\u3081\u306e\u30ac\u30a4\u30c9<\/h2><p data-path-to-node=\"3\">\u5b50\u3069\u3082\u306b\u304a\u3044\u3066\u3001\u624b\u306f\u6700\u3082\u602a\u6211\u3092\u3057\u3084\u3059\u3044\u90e8\u4f4d\u3067\u3059\u3002\u5b50\u3069\u3082\u306e\u9aa8\u6298\u6cbb\u7642\u306f\u3001\u9aa8\u304c\u5e38\u306b\u6210\u9577\u3057\u3066\u3044\u308b\u305f\u3081\u3001\u5927\u4eba\u306e\u6cbb\u7642\u3068\u306f\u7570\u306a\u308a\u307e\u3059\u3002\u3053\u306e\u6210\u9577\u306f\u5927\u304d\u306a\u5229\u70b9\u3067\u3042\u308a\u3001\u9aa8\u6298\u5f8c\u306e\u591a\u304f\u306e\u9aa8\u306e\u305a\u308c\u3092\u81ea\u7136\u306b\u77ef\u6b63\u3059\u308b\u3053\u3068\u304c\u3067\u304d\u307e\u3059\u3002.<\/p><h3 data-path-to-node=\"4\">\u6700\u3082\u4e00\u822c\u7684\u306a\u602a\u6211\u306e\u7a2e\u985e<\/h3><ul data-path-to-node=\"5\"><li><p data-path-to-node=\"5,0,0\"><b data-path-to-node=\"5,0,0\" data-index-in-node=\"0\">\u6307\u5148\u306e\u602a\u6211\uff1a<\/b> \u30c9\u30a2\u306b\u6307\u3092\u631f\u3080\u306e\u306f\u3001\u5e7c\u3044\u5b50\u4f9b\u306b\u3088\u304f\u3042\u308b\u4e8b\u6545\u3067\u3059\u3002\u305f\u3068\u3048\u9aa8\u6298\u3057\u305f\u3068\u3057\u3066\u3082\u3001\u6700\u3082\u91cd\u8981\u306a\u306e\u306f\u722a\u5e8a\u306e\u72b6\u614b\u3092\u78ba\u8a8d\u3057\u3001\u5fc5\u8981\u306b\u5fdc\u3058\u3066\u4fee\u5fa9\u3059\u308b\u3053\u3068\u3067\u3059\u3002.<\/p><\/li><li><p data-path-to-node=\"5,1,0\"><b data-path-to-node=\"5,1,0\" data-index-in-node=\"0\">\u6307\u306e\u4ed8\u3051\u6839\u304a\u3088\u3073\u4e2d\u624b\u9aa8\u306e\u9aa8\u6298\uff1a<\/b> \u5e74\u9577\u306e\u5b50\u4f9b\u306b\u602a\u6211\u306f\u3088\u304f\u898b\u3089\u308c\u308b\u304c\u3001\u307b\u3068\u3093\u3069\u306e\u5834\u5408\u3001\u624b\u8853\u3092\u305b\u305a\u306b\u30c6\u30fc\u30d4\u30f3\u30b0\u3001\u526f\u6728\u3001\u307e\u305f\u306f\u30ae\u30d7\u30b9\u3067\u6cbb\u7642\u3055\u308c\u308b\u3002.<\/p><\/li><li><p data-path-to-node=\"5,2,0\"><b data-path-to-node=\"5,2,0\" data-index-in-node=\"0\">\u624b\u9996\u5468\u8fba\u306e\u9aa8\u6298\uff1a<\/b> \u6a48\u9aa8\u4e0b\u90e8\u306e\u9aa8\u6298\u3001\u7279\u306b\u8ee2\u5012\u306b\u3088\u308b\u9aa8\u6298\u306f\u975e\u5e38\u306b\u4e00\u822c\u7684\u3067\u3042\u308b\u3002.<\/p><\/li><\/ul><h3 data-path-to-node=\"6\">\u7279\u5225\u306a\u6ce8\u610f\u3092\u8981\u3059\u308b\u9aa8\u6298<\/h3><p data-path-to-node=\"7\">\u9aa8\u6298\u306e\u7a2e\u985e\u306b\u3088\u3063\u3066\u306f\u3001\u75c7\u72b6\u304c\u5f90\u3005\u306b\u9032\u884c\u3057\u3001\u307b\u3068\u3093\u3069\u306e\u5834\u5408\u3001\u5c02\u9580\u533b\u306b\u3088\u308b\u6cbb\u7642\u3084\u624b\u8853\u304c\u5fc5\u8981\u3068\u306a\u308b\u3002<\/p><ol start=\"1\" data-path-to-node=\"8\"><li><p data-path-to-node=\"8,0,0\"><b data-path-to-node=\"8,0,0\" data-index-in-node=\"0\">\u30b7\u30fc\u30e2\u30a2\u9aa8\u6298\uff1a<\/b> \u6307\u5148\u306e\u6210\u9577\u7dda\u306b\u6cbf\u3063\u3066\u8d77\u3053\u308b\u9aa8\u6298\u3067\u3001\u722a\u306e\u6839\u5143\u304c\u9aa8\u6298\u90e8\u306b\u6b8b\u308b\u5834\u5408\u304c\u3042\u308b\u3002.<\/p><\/li><li><p data-path-to-node=\"8,1,0\"><b data-path-to-node=\"8,1,0\" data-index-in-node=\"0\">\u6307\u7bc0\u9aa8\u9838\u90e8\u306e\u9aa8\u6298\uff1a<\/b> \u9aa8\u6298\u3057\u305f\u90e8\u5206\u306f\u6700\u5927180\u5ea6\u56de\u8ee2\u3059\u308b\u53ef\u80fd\u6027\u304c\u3042\u308a\u307e\u3059\u3002\u6cbb\u7642\u305b\u305a\u306b\u653e\u7f6e\u3059\u308b\u3068\u3001\u6307\u3092\u66f2\u3052\u308b\u80fd\u529b\u304c\u6c38\u4e45\u7684\u306b\u5236\u9650\u3055\u308c\u307e\u3059\u3002.<\/p><\/li><li><p data-path-to-node=\"8,2,0\"><b data-path-to-node=\"8,2,0\" data-index-in-node=\"0\">\u95a2\u7bc0\u5185\u9aa8\u6298\uff1a<\/b> \u95a2\u7bc0\u9762\u3092\u5b8c\u5168\u306b\u6ed1\u3089\u304b\u306b\u3059\u308b\u306b\u306f\u3001\u624b\u8853\u304c\u5fc5\u8981\u3068\u306a\u308b\u5834\u5408\u304c\u591a\u3044\u3002.<\/p><\/li><li><p data-path-to-node=\"8,3,0\"><b data-path-to-node=\"8,3,0\" data-index-in-node=\"0\">\u306d\u3058\u308c\uff08\u56de\u8ee2\u8aa4\u5dee\uff09\uff1a<\/b> \u89d2\u5ea6\u8aa4\u5dee\u3068\u306f\u7570\u306a\u308a\u3001, <b data-path-to-node=\"8,3,0\" data-index-in-node=\"55\">\u6210\u9577\u306b\u3088\u3063\u3066\u9aa8\u306e\u6e7e\u66f2\u304c\u77ef\u6b63\u3055\u308c\u308b\u308f\u3051\u3067\u306f\u306a\u3044<\/b>. \u3057\u305f\u304c\u3063\u3066\u3001\u6307\u3092\u66f2\u3052\u305f\u3068\u304d\u306b\u6b63\u3057\u3044\u65b9\u5411\u306b\u66f2\u304c\u3063\u3066\u3044\u308b\u304b\uff08\u722a\u304c\u540c\u3058\u65b9\u5411\u3092\u5411\u3044\u3066\u3044\u308b\u304b\uff09\u3092\u78ba\u8a8d\u3059\u308b\u3053\u3068\u304c\u91cd\u8981\u3067\u3059\u3002.<\/p><\/li><\/ol><hr data-path-to-node=\"9\" \/><h3 data-path-to-node=\"10\">\u624b\u9996\u306e\u9aa8\u6298\u306e\u7a2e\u985e\u3068\u305d\u306e\u6cbb\u7642\u6cd5<\/h3><p data-path-to-node=\"11\">\u533b\u5e2b\u306f\u30ec\u30f3\u30c8\u30b2\u30f3\u5199\u771f\u306b\u57fa\u3065\u3044\u3066\u9aa8\u6298\u306e\u7a2e\u985e\u3092\u5224\u65ad\u3057\u307e\u3059\u3002\u6cbb\u7642\u6cd5\u306f\u9aa8\u6298\u306e\u7a2e\u985e\u306b\u3088\u3063\u3066\u7570\u306a\u308a\u307e\u3059\u3002<\/p><table data-path-to-node=\"12\"><thead><tr><td><strong>\u9aa8\u6298\u306e\u7a2e\u985e<\/strong><\/td><td><strong>\u8aac\u660e<\/strong><\/td><td><strong>\u5178\u578b\u7684\u306a\u6cbb\u7642\u6cd5<\/strong><\/td><\/tr><\/thead><tbody><tr><td><span data-path-to-node=\"12,1,0,0\"><b data-path-to-node=\"12,1,0,0\" data-index-in-node=\"0\">\u30c8\u30fc\u30e9\u30b9\u9aa8\u6298<\/b><\/span><\/td><td><span data-path-to-node=\"12,1,1,0\">\u9aa8\u306e\u8868\u9762\u306b\u300c\u3057\u308f\u300d\u304c\u751f\u3058\u308b\u3001\u5b89\u5b9a\u3057\u305f\u640d\u50b7\u3002.<\/span><\/td><td><span data-path-to-node=\"12,1,2,0\">\u4e3b\u306b\u75db\u307f\u306e\u7de9\u548c\u3092\u76ee\u7684\u3068\u3057\u305f\u3001\u652f\u6301\u5305\u5e2f\u3001\u526f\u6728\u3001\u307e\u305f\u306f\u30ae\u30d7\u30b9\u3002.<\/span><\/td><\/tr><tr><td><span data-path-to-node=\"12,2,0,0\"><b data-path-to-node=\"12,2,0,0\" data-index-in-node=\"0\">\u30b0\u30ea\u30fc\u30f3\u30b9\u30c6\u30a3\u30c3\u30af\uff08\u67f3\u306e\u679d\uff09<\/b><\/span><\/td><td><span data-path-to-node=\"12,2,1,0\">\u9aa8\u306f\u7247\u5074\u3060\u3051\u304c\u6298\u308c\u3066\u66f2\u304c\u308b\u3002.<\/span><\/td><td><span data-path-to-node=\"12,2,2,0\">\u4f4d\u7f6e\u8abf\u6574\uff08\u518d\u914d\u7f6e\uff09\u3068\u5de6\u5b98\u5de5\u4e8b\u3002.<\/span><\/td><\/tr><tr><td><span data-path-to-node=\"12,3,0,0\"><b data-path-to-node=\"12,3,0,0\" data-index-in-node=\"0\">\u4ea4\u5dee\u9aa8\u6298<\/b><\/span><\/td><td><span data-path-to-node=\"12,3,1,0\">\u9aa8\u306f\u5b8c\u5168\u306b\u6298\u308c\u3066\u304a\u308a\u3001\u591a\u304f\u306e\u5834\u5408\u3001\u77ed\u7e2e\u3057\u3066\u3044\u308b\u3002.<\/span><\/td><td><span data-path-to-node=\"12,3,2,0\">\u58c1\u306e\u6b6a\u307f\u3092\u76f4\u3057\u3001\u6f06\u55b0\u3092\u5857\u308b\u3002.<\/span><\/td><\/tr><tr><td><span data-path-to-node=\"12,4,0,0\"><b data-path-to-node=\"12,4,0,0\" data-index-in-node=\"0\">\u6210\u9577\u7dda\u9aa8\u6298<\/b><\/span><\/td><td><span data-path-to-node=\"12,4,1,0\">\u9aa8\u6298\u306f\u810a\u690e\u306e\u6210\u9577\u7dda\u306b\u6cbf\u3063\u3066\u53ca\u3093\u3067\u3044\u308b\u3002.<\/span><\/td><td><span data-path-to-node=\"12,4,2,0\">\u614e\u91cd\u306a\u30dd\u30b8\u30b7\u30e7\u30cb\u30f3\u30b0\u3002\u4e0d\u5fc5\u8981\u306a\u6210\u9577\u78ba\u4fdd\u306e\u8a66\u307f\u306f\u907f\u3051\u308b\u3002.<\/span><\/td><\/tr><\/tbody><\/table><hr data-path-to-node=\"13\" \/><h3 data-path-to-node=\"14\">\u56de\u5fa9\u306b\u304a\u3051\u308b\u6210\u9577\u306e\u91cd\u8981\u6027<\/h3><p data-path-to-node=\"15\">\u6cbb\u7642\u65b9\u91dd\u3092\u6c7a\u5b9a\u3059\u308b\u4e0a\u3067\u3001\u5b50\u4f9b\u306e\u5e74\u9f62\u306f\u91cd\u8981\u306a\u8981\u7d20\u3068\u306a\u308b\u3002<\/p><ul data-path-to-node=\"16\"><li><p data-path-to-node=\"16,0,0\"><b data-path-to-node=\"16,0,0\" data-index-in-node=\"0\">10\u6b73\u672a\u6e80\uff1a<\/b> \u9aa8\u683c\u306e\u4fee\u5fa9\uff08\u30ea\u30e2\u30c7\u30ea\u30f3\u30b0\uff09\u306e\u53ef\u80fd\u6027\u306f\u975e\u5e38\u306b\u9ad8\u3044\u3002\u4f8b\u3048\u3070\u3001\u624b\u9996\u306e\u5834\u5408\u3001\u6210\u9577\u306b\u3088\u3063\u3066\u9aa8\u304c\u5f90\u3005\u306b\u307e\u3063\u3059\u3050\u306b\u306a\u308b\u305f\u3081\u300130\uff5e35\u5ea6\u307e\u3067\u306e\u5927\u304d\u306a\u89d2\u5ea6\u8aa4\u5dee\u306f\u8a31\u5bb9\u3055\u308c\u308b\u3002.<\/p><\/li><li><p data-path-to-node=\"16,1,0\"><b data-path-to-node=\"16,1,0\" data-index-in-node=\"0\">10\u6b73\u4ee5\u4e0a\u306e\u304a\u5b50\u69d8\u3068\u30c6\u30a3\u30fc\u30f3\u30a8\u30a4\u30b8\u30e3\u30fc\uff1a<\/b> \u6210\u9577\u306e\u4f59\u5730\u304c\u5c11\u306a\u3044\u305f\u3081\u3001\u9aa8\u6298\u90e8\u4f4d\u306e\u7279\u5b9a\u304c\u3088\u308a\u6b63\u78ba\u306b\u306a\u308a\u307e\u3059\u3002\u6cbb\u7642\u306f\u6210\u4eba\u306e\u6cbb\u7642\u539f\u5247\u306b\u6e96\u3058\u307e\u3059\u3002.<\/p><\/li><\/ul><h3 data-path-to-node=\"17\">\u624b\u8853\u304c\u5fc5\u8981\u3068\u306a\u308b\u306e\u306f\u3069\u306e\u3088\u3046\u306a\u5834\u5408\u3067\u3059\u304b\uff1f<\/h3><p data-path-to-node=\"18\">\u307b\u3068\u3093\u3069\u306e\u602a\u6211\u306f\u30ae\u30d7\u30b9\u3067\u6cbb\u7652\u3057\u307e\u3059\u304c\u3001\u4ee5\u4e0b\u306e\u3088\u3046\u306a\u5834\u5408\u306f\u624b\u8853\uff08\u5c0f\u3055\u306a\u7e2b\u5408\u3084\u5207\u958b\u306a\u3069\uff09\u304c\u5fc5\u8981\u306b\u306a\u308a\u307e\u3059\u3002<\/p><ul data-path-to-node=\"19\"><li><p data-path-to-node=\"19,0,0\">\u95a2\u7bc0\u9762\u306b\u306f\u5207\u308a\u8fbc\u307f\u304c\u3042\u308b\u3002.<\/p><\/li><li><p data-path-to-node=\"19,1,0\">\u3053\u306e\u9aa8\u6298\u306b\u306f\u3001\u8457\u3057\u3044\u306d\u3058\u308c\u8aa4\u5dee\u304c\u3042\u308b\u3002.<\/p><\/li><li><p data-path-to-node=\"19,2,0\">\u9aa8\u6298\u90e8\u4f4d\u304c\u975e\u5e38\u306b\u4e0d\u5b89\u5b9a\u306a\u305f\u3081\u3001\u30ae\u30d7\u30b9\u3060\u3051\u3067\u306f\u56fa\u5b9a\u3059\u308b\u3053\u3068\u304c\u3067\u304d\u307e\u305b\u3093\u3002.<\/p><\/li><li><p data-path-to-node=\"19,3,0\">\u3053\u308c\u306f\u6210\u9577\u7dda\u4e0a\u306e\u640d\u50b7\u3067\u3042\u308a\u3001\u5c06\u6765\u306e\u9aa8\u306e\u6b63\u5e38\u306a\u6210\u9577\u3092\u8105\u304b\u3059\u3082\u306e\u3067\u3059\u3002.<\/p><\/li><\/ul><p>\u00a0<\/p><p>\u5c0f\u5150\u624b\u5916\u79d1\u306b\u304a\u3051\u308b\u624b\u5916\u50b7\u306e\u30ec\u30d3\u30e5\u30fc\uff082014\u5e74\u7248\uff09<\/p><p><a href=\"https:\/\/bin.yhdistysavain.fi\/1607320\/KmxJWwsTh84H17vAox0p0Y0pGK\/sot1-14_lasten_kaden_ja_ranteen.pdf\" target=\"_blank\" rel=\"noopener\">https:\/\/bin.yhdistysavain.fi\/1607320\/KmxJWwsTh84H17vAox0p0Y0pGK\/sot1-14_lasten_kaden_ja_ranteen.pdf<\/a><\/p><p>\u00a0<\/p>\t\t\t\t\t\t\t\t<\/div>\n\t\t\t\t<\/div>\n\t\t\t\t\t<\/div>\n\t\t\t\t<\/div>\n\t\t\t\t<\/div>","protected":false},"excerpt":{"rendered":"<p>Lapsen k\u00e4den ja ranteen vammat: Opas vanhemmille K\u00e4si on lapsen yleisimmin vammautuva kehonosa. Lasten murtumien hoito eroaa aikuisten hoidosta, koska lapsen luusto kasvaa jatkuvasti. T\u00e4m\u00e4 kasvu on suuri etu, sill\u00e4 se pystyy korjaamaan monia murtuman j\u00e4lkeisi\u00e4 virheasentoja itsest\u00e4\u00e4n. Tavallisimmat vammatyypit Sormenp\u00e4iden vammat: Pienill\u00e4 lapsilla sormen j\u00e4\u00e4minen oven v\u00e4liin on tyypillinen tapaturma. Vaikka luussa olisi murtuma, t\u00e4rkeint\u00e4 on usein kynsipedin kunnon tarkistaminen ja mahdollinen korjaus. Sormien tyviosien ja k\u00e4mmenluiden murtumat: Isommilla lapsilla yleisi\u00e4 vammoja, jotka hoituvat useimmiten ilman leikkausta teippauksella, lastalla tai kipsill\u00e4. Ranteen alueen murtumat: Erityisesti kaatumisten yhteydess\u00e4 syntyv\u00e4t v\u00e4rttin\u00e4luun alaosan murtumat ovat hyvin tavallisia. Erityist\u00e4 huomiota vaativat murtumat Jotkin murtumatyypit ovat petollisia ja vaativat l\u00e4hes aina asiantuntijan hoitoa tai [&hellip;]<\/p>\n","protected":false},"author":1,"featured_media":0,"parent":0,"menu_order":0,"comment_status":"closed","ping_status":"closed","template":"","meta":{"_angie_page":false,"site-sidebar-layout":"no-sidebar","site-content-layout":"page-builder","ast-site-content-layout":"full-width-container","site-content-style":"default","site-sidebar-style":"default","ast-global-header-display":"","ast-banner-title-visibility":"","ast-main-header-display":"","ast-hfb-above-header-display":"","ast-hfb-below-header-display":"","ast-hfb-mobile-header-display":"","site-post-title":"","ast-breadcrumbs-content":"","ast-featured-img":"disabled","footer-sml-layout":"","ast-disable-related-posts":"","theme-transparent-header-meta":"","adv-header-id-meta":"","stick-header-meta":"","header-above-stick-meta":"","header-main-stick-meta":"","header-below-stick-meta":"","astra-migrate-meta-layouts":"set","ast-page-background-enabled":"default","ast-page-background-meta":{"desktop":{"background-color":"","background-image":"","background-repeat":"repeat","background-position":"center center","background-size":"auto","background-attachment":"scroll","background-type":"","background-media":"","overlay-type":"","overlay-color":"","overlay-opacity":"","overlay-gradient":""},"tablet":{"background-color":"","background-image":"","background-repeat":"repeat","background-position":"center center","background-size":"auto","background-attachment":"scroll","background-type":"","background-media":"","overlay-type":"","overlay-color":"","overlay-opacity":"","overlay-gradient":""},"mobile":{"background-color":"","background-image":"","background-repeat":"repeat","background-position":"center center","background-size":"auto","background-attachment":"scroll","background-type":"","background-media":"","overlay-type":"","overlay-color":"","overlay-opacity":"","overlay-gradient":""}},"ast-content-background-meta":{"desktop":{"background-color":"var(--ast-global-color-5)","background-image":"","background-repeat":"repeat","background-position":"center center","background-size":"auto","background-attachment":"scroll","background-type":"","background-media":"","overlay-type":"","overlay-color":"","overlay-opacity":"","overlay-gradient":""},"tablet":{"background-color":"var(--ast-global-color-5)","background-image":"","background-repeat":"repeat","background-position":"center center","background-size":"auto","background-attachment":"scroll","background-type":"","background-media":"","overlay-type":"","overlay-color":"","overlay-opacity":"","overlay-gradient":""},"mobile":{"background-color":"var(--ast-global-color-5)","background-image":"","background-repeat":"repeat","background-position":"center center","background-size":"auto","background-attachment":"scroll","background-type":"","background-media":"","overlay-type":"","overlay-color":"","overlay-opacity":"","overlay-gradient":""}},"footnotes":""},"class_list":["post-1390","page","type-page","status-publish","hentry"],"_links":{"self":[{"href":"https:\/\/lastenkirurgia.fi\/ja\/wp-json\/wp\/v2\/pages\/1390","targetHints":{"allow":["GET"]}}],"collection":[{"href":"https:\/\/lastenkirurgia.fi\/ja\/wp-json\/wp\/v2\/pages"}],"about":[{"href":"https:\/\/lastenkirurgia.fi\/ja\/wp-json\/wp\/v2\/types\/page"}],"author":[{"embeddable":true,"href":"https:\/\/lastenkirurgia.fi\/ja\/wp-json\/wp\/v2\/users\/1"}],"replies":[{"embeddable":true,"href":"https:\/\/lastenkirurgia.fi\/ja\/wp-json\/wp\/v2\/comments?post=1390"}],"version-history":[{"count":4,"href":"https:\/\/lastenkirurgia.fi\/ja\/wp-json\/wp\/v2\/pages\/1390\/revisions"}],"predecessor-version":[{"id":1649,"href":"https:\/\/lastenkirurgia.fi\/ja\/wp-json\/wp\/v2\/pages\/1390\/revisions\/1649"}],"wp:attachment":[{"href":"https:\/\/lastenkirurgia.fi\/ja\/wp-json\/wp\/v2\/media?parent=1390"}],"curies":[{"name":"wp","href":"https:\/\/api.w.org\/{rel}","templated":true}]}}