{"id":1392,"date":"2026-04-09T13:54:35","date_gmt":"2026-04-09T13:54:35","guid":{"rendered":"https:\/\/darkcyan-pheasant-754087.hostingersite.com\/?page_id=1392"},"modified":"2026-04-09T15:35:11","modified_gmt":"2026-04-09T15:35:11","slug":"lapsen-haavan-hoito-2","status":"publish","type":"page","link":"https:\/\/lastenkirurgia.fi\/ja\/lapsen-haavan-hoito-2\/","title":{"rendered":"\u5c0f\u5150\u306e\u50b7\u306e\u624b\u5f53\u3066"},"content":{"rendered":"<div data-elementor-type=\"wp-page\" data-elementor-id=\"1392\" class=\"elementor elementor-1392\" data-elementor-post-type=\"page\">\n\t\t\t\t<div class=\"elementor-element elementor-element-b72a837 e-flex e-con-boxed e-con e-parent\" data-id=\"b72a837\" data-element_type=\"container\" data-e-type=\"container\">\n\t\t\t\t\t<div class=\"e-con-inner\">\n\t\t\t\t<div class=\"elementor-element elementor-element-5a23ec3 elementor-widget elementor-widget-heading\" data-id=\"5a23ec3\" data-element_type=\"widget\" data-e-type=\"widget\" data-widget_type=\"heading.default\">\n\t\t\t\t<div class=\"elementor-widget-container\">\n\t\t\t\t\t<h1 class=\"elementor-heading-title elementor-size-default\">\u5c0f\u5150\u306e\u50b7\u306e\u624b\u5f53\u3066<\/h1>\t\t\t\t<\/div>\n\t\t\t\t<\/div>\n\t\t\t\t<div class=\"elementor-element elementor-element-f0f85a6 elementor-widget elementor-widget-text-editor\" data-id=\"f0f85a6\" data-element_type=\"widget\" data-e-type=\"widget\" data-widget_type=\"text-editor.default\">\n\t\t\t\t<div class=\"elementor-widget-container\">\n\t\t\t\t\t\t\t\t\t<h2 data-path-to-node=\"2\">Lapsen haavan hoito \u2013 Milloin kotihoito riitt\u00e4\u00e4 ja milloin l\u00e4\u00e4k\u00e4riin?<\/h2><p data-path-to-node=\"3\">Lapset sattuvat ja tapahtuvat, ja pienet naarmut sek\u00e4 haavat kuuluvat osaksi kasvua. Useimmat pintanaarmut hoituvat kotikonstein, mutta toisinaan haava vaatii asiantuntijan arviota ja ammattimaista puhdistusta tai sulkemista.<\/p><h3 data-path-to-node=\"4\">Ensiapuohjeet kotona:<\/h3><ol start=\"1\" data-path-to-node=\"5\"><li><p data-path-to-node=\"5,0,0\"><b data-path-to-node=\"5,0,0\" data-index-in-node=\"0\">Puhdista haava:<\/b> Huuhtele haava huolellisesti haalealla juoksevalla vedell\u00e4. Poista n\u00e4kyv\u00e4 lika ja hiekka varovasti.<\/p><\/li><li><p data-path-to-node=\"5,1,0\"><b data-path-to-node=\"5,1,0\" data-index-in-node=\"0\">Tyrehdyt\u00e4 verenvuoto:<\/b> Paina haavaa puhtaalla taitoksella tai liinalla muutaman minuutin ajan.<\/p><\/li><li><p data-path-to-node=\"5,2,0\"><b data-path-to-node=\"5,2,0\" data-index-in-node=\"0\">Suojaa:<\/b> Kun verenvuoto on lakannut, peit\u00e4 haava puhtaalla laastarilla tai sidoksella.<\/p><\/li><li><p data-path-to-node=\"5,3,0\"><b data-path-to-node=\"5,3,0\" data-index-in-node=\"0\">Seuraa tilannetta:<\/b> Jos haava on pieni, voi sit\u00e4 seurata kotona. Jos olet ep\u00e4varma tilanteesta, hakeudu arvioon<\/p><\/li><\/ol><hr data-path-to-node=\"6\" \/><h3 data-path-to-node=\"7\">Milloin lapsen haava vaatii l\u00e4\u00e4k\u00e4rin hoitoa?<\/h3><p data-path-to-node=\"8\">Tuo lapsi n\u00e4ytille, jos:<\/p><ul data-path-to-node=\"9\"><li><p data-path-to-node=\"9,0,0\"><b data-path-to-node=\"9,0,0\" data-index-in-node=\"0\">Haava on syv\u00e4, pitk\u00e4 tai ammottaa:<\/b> Haava saattaa vaatia tikkauksia tai haavaliimaa parantuakseen siististi.<\/p><\/li><li><p data-path-to-node=\"9,1,0\"><b data-path-to-node=\"9,1,0\" data-index-in-node=\"0\">Verenvuoto ei tyrehdy:<\/b> Jos haava vuotaa voimakkaasti painamisesta huolimatta yli 10\u201315 minuuttia.<\/p><\/li><li><p data-path-to-node=\"9,2,0\"><b data-path-to-node=\"9,2,0\" data-index-in-node=\"0\">Likaa ei saa pois:<\/b> Jos haavassa on hiekkaa, lasinsiruja tai muuta likaa, jota ei saa huuhdeltua pois kotona.<\/p><\/li><li><p data-path-to-node=\"9,3,0\"><b data-path-to-node=\"9,3,0\" data-index-in-node=\"0\">Kyseess\u00e4 on puremahaava:<\/b> El\u00e4imen tai ihmisen puremat vaativat l\u00e4hes aina l\u00e4\u00e4k\u00e4rin arvion ja usein antibioottihoidon tulehdusriskin vuoksi.<\/p><\/li><li><p data-path-to-node=\"9,4,0\"><b data-path-to-node=\"9,4,0\" data-index-in-node=\"0\">Haava on kasvoissa tai nivelten p\u00e4\u00e4ll\u00e4:<\/b> Erityisesti kasvojen alueen haavat kannattaa hoidattaa asiantuntijalla mahdollisimman pienen arven varmistamiseksi.<\/p><\/li><li><p data-path-to-node=\"9,5,0\"><b data-path-to-node=\"9,5,0\" data-index-in-node=\"0\">Tulehdusoireet:<\/b> Jos haava alkaa sykki\u00e4, punoittaa voimakkaasti tai lapselle nousee kuumetta.<\/p><\/li><\/ul>\t\t\t\t\t\t\t\t<\/div>\n\t\t\t\t<\/div>\n\t\t\t\t\t<\/div>\n\t\t\t\t<\/div>\n\t\t\t\t<\/div>","protected":false},"excerpt":{"rendered":"<p>Lapsen haavan hoito Lapsen haavan hoito \u2013 Milloin kotihoito riitt\u00e4\u00e4 ja milloin l\u00e4\u00e4k\u00e4riin? Lapset sattuvat ja tapahtuvat, ja pienet naarmut sek\u00e4 haavat kuuluvat osaksi kasvua. Useimmat pintanaarmut hoituvat kotikonstein, mutta toisinaan haava vaatii asiantuntijan arviota ja ammattimaista puhdistusta tai sulkemista. Ensiapuohjeet kotona: Puhdista haava: Huuhtele haava huolellisesti haalealla juoksevalla vedell\u00e4. Poista n\u00e4kyv\u00e4 lika ja hiekka varovasti. Tyrehdyt\u00e4 verenvuoto: Paina haavaa puhtaalla taitoksella tai liinalla muutaman minuutin ajan. Suojaa: Kun verenvuoto on lakannut, peit\u00e4 haava puhtaalla laastarilla tai sidoksella. Seuraa tilannetta: Jos haava on pieni, voi sit\u00e4 seurata kotona. Jos olet ep\u00e4varma tilanteesta, hakeudu arvioon Milloin lapsen haava vaatii l\u00e4\u00e4k\u00e4rin hoitoa? Tuo lapsi n\u00e4ytille, jos: Haava on syv\u00e4, pitk\u00e4 tai ammottaa: [&hellip;]<\/p>\n","protected":false},"author":1,"featured_media":0,"parent":0,"menu_order":0,"comment_status":"closed","ping_status":"closed","template":"","meta":{"_angie_page":false,"site-sidebar-layout":"no-sidebar","site-content-layout":"page-builder","ast-site-content-layout":"full-width-container","site-content-style":"default","site-sidebar-style":"default","ast-global-header-display":"","ast-banner-title-visibility":"","ast-main-header-display":"","ast-hfb-above-header-display":"","ast-hfb-below-header-display":"","ast-hfb-mobile-header-display":"","site-post-title":"","ast-breadcrumbs-content":"","ast-featured-img":"disabled","footer-sml-layout":"","ast-disable-related-posts":"","theme-transparent-header-meta":"","adv-header-id-meta":"","stick-header-meta":"","header-above-stick-meta":"","header-main-stick-meta":"","header-below-stick-meta":"","astra-migrate-meta-layouts":"set","ast-page-background-enabled":"default","ast-page-background-meta":{"desktop":{"background-color":"","background-image":"","background-repeat":"repeat","background-position":"center center","background-size":"auto","background-attachment":"scroll","background-type":"","background-media":"","overlay-type":"","overlay-color":"","overlay-opacity":"","overlay-gradient":""},"tablet":{"background-color":"","background-image":"","background-repeat":"repeat","background-position":"center center","background-size":"auto","background-attachment":"scroll","background-type":"","background-media":"","overlay-type":"","overlay-color":"","overlay-opacity":"","overlay-gradient":""},"mobile":{"background-color":"","background-image":"","background-repeat":"repeat","background-position":"center center","background-size":"auto","background-attachment":"scroll","background-type":"","background-media":"","overlay-type":"","overlay-color":"","overlay-opacity":"","overlay-gradient":""}},"ast-content-background-meta":{"desktop":{"background-color":"var(--ast-global-color-5)","background-image":"","background-repeat":"repeat","background-position":"center center","background-size":"auto","background-attachment":"scroll","background-type":"","background-media":"","overlay-type":"","overlay-color":"","overlay-opacity":"","overlay-gradient":""},"tablet":{"background-color":"var(--ast-global-color-5)","background-image":"","background-repeat":"repeat","background-position":"center center","background-size":"auto","background-attachment":"scroll","background-type":"","background-media":"","overlay-type":"","overlay-color":"","overlay-opacity":"","overlay-gradient":""},"mobile":{"background-color":"var(--ast-global-color-5)","background-image":"","background-repeat":"repeat","background-position":"center center","background-size":"auto","background-attachment":"scroll","background-type":"","background-media":"","overlay-type":"","overlay-color":"","overlay-opacity":"","overlay-gradient":""}},"footnotes":""},"class_list":["post-1392","page","type-page","status-publish","hentry"],"_links":{"self":[{"href":"https:\/\/lastenkirurgia.fi\/ja\/wp-json\/wp\/v2\/pages\/1392","targetHints":{"allow":["GET"]}}],"collection":[{"href":"https:\/\/lastenkirurgia.fi\/ja\/wp-json\/wp\/v2\/pages"}],"about":[{"href":"https:\/\/lastenkirurgia.fi\/ja\/wp-json\/wp\/v2\/types\/page"}],"author":[{"embeddable":true,"href":"https:\/\/lastenkirurgia.fi\/ja\/wp-json\/wp\/v2\/users\/1"}],"replies":[{"embeddable":true,"href":"https:\/\/lastenkirurgia.fi\/ja\/wp-json\/wp\/v2\/comments?post=1392"}],"version-history":[{"count":4,"href":"https:\/\/lastenkirurgia.fi\/ja\/wp-json\/wp\/v2\/pages\/1392\/revisions"}],"predecessor-version":[{"id":1440,"href":"https:\/\/lastenkirurgia.fi\/ja\/wp-json\/wp\/v2\/pages\/1392\/revisions\/1440"}],"wp:attachment":[{"href":"https:\/\/lastenkirurgia.fi\/ja\/wp-json\/wp\/v2\/media?parent=1392"}],"curies":[{"name":"wp","href":"https:\/\/api.w.org\/{rel}","templated":true}]}}