{"id":1396,"date":"2026-04-09T13:55:42","date_gmt":"2026-04-09T13:55:42","guid":{"rendered":"https:\/\/darkcyan-pheasant-754087.hostingersite.com\/?page_id=1396"},"modified":"2026-04-12T15:31:35","modified_gmt":"2026-04-12T15:31:35","slug":"lapsen-vesikives","status":"publish","type":"page","link":"https:\/\/lastenkirurgia.fi\/ja\/lapsen-vesikives\/","title":{"rendered":"\u5c0f\u5150\u9670\u56a2\u6c34\u816b"},"content":{"rendered":"<div data-elementor-type=\"wp-page\" data-elementor-id=\"1396\" class=\"elementor elementor-1396\" data-elementor-post-type=\"page\">\n\t\t\t\t<div class=\"elementor-element elementor-element-5fea5ce e-flex e-con-boxed e-con e-parent\" data-id=\"5fea5ce\" data-element_type=\"container\" data-e-type=\"container\">\n\t\t\t\t\t<div class=\"e-con-inner\">\n\t\t\t\t<div class=\"elementor-element elementor-element-b1eeae1 elementor-widget elementor-widget-text-editor\" data-id=\"b1eeae1\" data-element_type=\"widget\" data-e-type=\"widget\" data-widget_type=\"text-editor.default\">\n\t\t\t\t<div class=\"elementor-widget-container\">\n\t\t\t\t\t\t\t\t\t<h2 id=\"s2\">\u9670\u56a2\u6c34\u816b<\/h2><p>\u65b0\u751f\u5150\u306e\u7537\u5150\u306b\u3088\u304f\u898b\u3089\u308c\u308b\u554f\u984c\u306e\u4e00\u3064\u306b\u9670\u56a2\u6c34\u816b\uff08\u7537\u5150\u306e\u7d047%\u306b\u767a\u751f\uff09\u304c\u3042\u308a\u307e\u3059\u3002\u9670\u56a2\u6c34\u816b\u306f\u3001\u9670\u56a2\u306b\u75db\u307f\u306e\u306a\u3044\u67d4\u3089\u304b\u3044\u816b\u308c\u304c\u751f\u3058\u308b\u72b6\u614b\u3068\u8a3a\u65ad\u3055\u308c\u307e\u3059\u3002\u8a3a\u65ad\u306f\u901a\u5e38\u3001\u7523\u79d1\u75c5\u9662\u306e\u533b\u5e2b\u306b\u3088\u3063\u3066\u884c\u308f\u308c\u307e\u3059\u3002\u9670\u56a2\u6c34\u816b\u306f\u901a\u5e38\u3001\u6570\u5e74\u4ee5\u5185\u306b\u81ea\u7136\u306b\u6cbb\u7652\u3057\u307e\u3059\u3002\u30d5\u30a3\u30f3\u30e9\u30f3\u30c9\u3067\u306f\u3001\u9670\u56a2\u6c34\u816b\u306f4\u6b73\u307e\u3067\u7d4c\u904e\u89b3\u5bdf\u3055\u308c\u307e\u3059\u3002\u305d\u306e\u6642\u70b9\u3067\u9670\u56a2\u306b\u76ee\u306b\u898b\u3048\u308b\u816b\u308c\u304c\u6b8b\u3063\u3066\u3044\u308b\u5834\u5408\u306f\u3001\u65e5\u5e30\u308a\u624b\u8853\u306b\u3088\u308b\u7c21\u5358\u306a\u51e6\u7f6e\u304c\u63a8\u5968\u3055\u308c\u307e\u3059\u3002.<\/p>\t\t\t\t\t\t\t\t<\/div>\n\t\t\t\t<\/div>\n\t\t\t\t\t<\/div>\n\t\t\t\t<\/div>\n\t\t\t\t<\/div>","protected":false},"excerpt":{"rendered":"<p>Vesikives Melko tavallinen vastasyntyneen pojan vaiva on vesikives (n.7prosentilla pojista). Vesikives todetaan kivuttomana ja pehme\u00e4n\u00e4\u00a0 turvotuksena kivespussissa. Diagnoosin tekee yleens\u00e4 neuvolal\u00e4\u00e4k\u00e4ri Vesikives korjaantuu yleens\u00e4 itsest\u00e4\u00e4n muutamassa vuodessa. Suomessa vesikivest\u00e4 seurataan 4 ik\u00e4vuoteen saakka. Jos tuolloin on viel\u00e4 silminn\u00e4ht\u00e4v\u00e4 turvotus kivespussissa, suositetaan pient\u00e4 p\u00e4iv\u00e4kirurgista toimenpidett\u00e4 tilanteen korjaamiseksi.<\/p>","protected":false},"author":1,"featured_media":0,"parent":0,"menu_order":0,"comment_status":"closed","ping_status":"closed","template":"","meta":{"_angie_page":false,"site-sidebar-layout":"no-sidebar","site-content-layout":"page-builder","ast-site-content-layout":"full-width-container","site-content-style":"default","site-sidebar-style":"default","ast-global-header-display":"","ast-banner-title-visibility":"","ast-main-header-display":"","ast-hfb-above-header-display":"","ast-hfb-below-header-display":"","ast-hfb-mobile-header-display":"","site-post-title":"","ast-breadcrumbs-content":"","ast-featured-img":"disabled","footer-sml-layout":"","ast-disable-related-posts":"","theme-transparent-header-meta":"","adv-header-id-meta":"","stick-header-meta":"","header-above-stick-meta":"","header-main-stick-meta":"","header-below-stick-meta":"","astra-migrate-meta-layouts":"set","ast-page-background-enabled":"default","ast-page-background-meta":{"desktop":{"background-color":"","background-image":"","background-repeat":"repeat","background-position":"center center","background-size":"auto","background-attachment":"scroll","background-type":"","background-media":"","overlay-type":"","overlay-color":"","overlay-opacity":"","overlay-gradient":""},"tablet":{"background-color":"","background-image":"","background-repeat":"repeat","background-position":"center center","background-size":"auto","background-attachment":"scroll","background-type":"","background-media":"","overlay-type":"","overlay-color":"","overlay-opacity":"","overlay-gradient":""},"mobile":{"background-color":"","background-image":"","background-repeat":"repeat","background-position":"center center","background-size":"auto","background-attachment":"scroll","background-type":"","background-media":"","overlay-type":"","overlay-color":"","overlay-opacity":"","overlay-gradient":""}},"ast-content-background-meta":{"desktop":{"background-color":"var(--ast-global-color-5)","background-image":"","background-repeat":"repeat","background-position":"center center","background-size":"auto","background-attachment":"scroll","background-type":"","background-media":"","overlay-type":"","overlay-color":"","overlay-opacity":"","overlay-gradient":""},"tablet":{"background-color":"var(--ast-global-color-5)","background-image":"","background-repeat":"repeat","background-position":"center center","background-size":"auto","background-attachment":"scroll","background-type":"","background-media":"","overlay-type":"","overlay-color":"","overlay-opacity":"","overlay-gradient":""},"mobile":{"background-color":"var(--ast-global-color-5)","background-image":"","background-repeat":"repeat","background-position":"center center","background-size":"auto","background-attachment":"scroll","background-type":"","background-media":"","overlay-type":"","overlay-color":"","overlay-opacity":"","overlay-gradient":""}},"footnotes":""},"class_list":["post-1396","page","type-page","status-publish","hentry"],"_links":{"self":[{"href":"https:\/\/lastenkirurgia.fi\/ja\/wp-json\/wp\/v2\/pages\/1396","targetHints":{"allow":["GET"]}}],"collection":[{"href":"https:\/\/lastenkirurgia.fi\/ja\/wp-json\/wp\/v2\/pages"}],"about":[{"href":"https:\/\/lastenkirurgia.fi\/ja\/wp-json\/wp\/v2\/types\/page"}],"author":[{"embeddable":true,"href":"https:\/\/lastenkirurgia.fi\/ja\/wp-json\/wp\/v2\/users\/1"}],"replies":[{"embeddable":true,"href":"https:\/\/lastenkirurgia.fi\/ja\/wp-json\/wp\/v2\/comments?post=1396"}],"version-history":[{"count":4,"href":"https:\/\/lastenkirurgia.fi\/ja\/wp-json\/wp\/v2\/pages\/1396\/revisions"}],"predecessor-version":[{"id":1643,"href":"https:\/\/lastenkirurgia.fi\/ja\/wp-json\/wp\/v2\/pages\/1396\/revisions\/1643"}],"wp:attachment":[{"href":"https:\/\/lastenkirurgia.fi\/ja\/wp-json\/wp\/v2\/media?parent=1396"}],"curies":[{"name":"wp","href":"https:\/\/api.w.org\/{rel}","templated":true}]}}