{"id":1402,"date":"2026-04-09T13:56:34","date_gmt":"2026-04-09T13:56:34","guid":{"rendered":"https:\/\/darkcyan-pheasant-754087.hostingersite.com\/?page_id=1402"},"modified":"2026-04-12T15:09:13","modified_gmt":"2026-04-12T15:09:13","slug":"lapsen-kuopparinta","status":"publish","type":"page","link":"https:\/\/lastenkirurgia.fi\/ja\/lapsen-kuopparinta\/","title":{"rendered":"\u5b50\u4f9b\u306e\u3048\u304f\u307c\u306e\u3042\u308b\u80f8"},"content":{"rendered":"<div data-elementor-type=\"wp-page\" data-elementor-id=\"1402\" class=\"elementor elementor-1402\" data-elementor-post-type=\"page\">\n\t\t\t\t<div class=\"elementor-element elementor-element-a863414 e-flex e-con-boxed e-con e-parent\" data-id=\"a863414\" data-element_type=\"container\" data-e-type=\"container\">\n\t\t\t\t\t<div class=\"e-con-inner\">\n\t\t\t\t<div class=\"elementor-element elementor-element-3d2f344 elementor-widget elementor-widget-text-editor\" data-id=\"3d2f344\" data-element_type=\"widget\" data-e-type=\"widget\" data-widget_type=\"text-editor.default\">\n\t\t\t\t<div class=\"elementor-widget-container\">\n\t\t\t\t\t\t\t\t\t<h2 data-path-to-node=\"2\">\u4fdd\u8b77\u8005\u5411\u3051\u30ac\u30a4\u30c9: \u5b50\u4f9b\u306e\u6f0f\u6597\u80f8\u7b4b<\/h2><p data-path-to-node=\"3\">\u5927\u80f8\u7b4b\u9665\u6ca1\u306f\u3001\u80f8\u90e8\u306e\u5148\u5929\u6027\u69cb\u9020\u7570\u5e38\u306e\u4e2d\u3067\u6700\u3082\u4e00\u822c\u7684\u306a\u3082\u306e\u3067\u3001\u80f8\u9aa8\u304c\u5185\u5074\u306b\u9665\u6ca1\u3057\u3001\u30ab\u30c3\u30d7\u72b6\u306e\u7a7a\u6d1e\u3092\u5f62\u6210\u3059\u308b\u3002\u7537\u5150\u306b\u591a\u304f\u898b\u3089\u308c\u3001\u5973\u5150\u3088\u308a\u306f\u308b\u304b\u306b\u591a\u3044\u3002.<\/p><h3 data-path-to-node=\"4\">\u80f8\u306b\u3048\u304f\u307c\u304c\u3067\u304d\u308b\u539f\u56e0\u306f\u4f55\u3067\u3059\u304b\uff1f<\/h3><p data-path-to-node=\"5\">\u3053\u306e\u7570\u5e38\u306f\u3001\u808b\u8edf\u9aa8\u306e\u904e\u5270\u5897\u6b96\u306b\u3088\u3063\u3066\u80f8\u9aa8\u304c\u5185\u5074\u306b\u62bc\u3057\u8fbc\u307e\u308c\u308b\u3053\u3068\u304c\u539f\u56e0\u3068\u8003\u3048\u3089\u308c\u3066\u3044\u307e\u3059\u3002\u591a\u304f\u306e\u5834\u5408\u3001\u80f8\u90e8\u306e\u9665\u51f9\u306f\u601d\u6625\u671f\u306e\u6210\u9577\u671f\u306b\u521d\u3081\u3066\u306f\u3063\u304d\u308a\u3068\u73fe\u308c\u307e\u3059\u3002\u3053\u306e\u75c7\u72b6\u306f\u5148\u5929\u6027\u3067\u3059\u304c\u3001\u307b\u3068\u3093\u3069\u306e\u5834\u5408\u306f\u7121\u5bb3\u3067\u3001\u898b\u305f\u76ee\u306e\u554f\u984c\u306b\u904e\u304e\u307e\u305b\u3093\u3002.<\/p><h3 data-path-to-node=\"6\">\u75c7\u72b6\u3068\u30c7\u30e1\u30ea\u30c3\u30c8<\/h3><p data-path-to-node=\"7\">\u591a\u304f\u306e\u5b50\u4f9b\u306b\u3068\u3063\u3066\u3001\u80f8\u306e\u304f\u307c\u307f\u306f\u8eab\u4f53\u7684\u306a\u75c7\u72b6\u3092\u5f15\u304d\u8d77\u3053\u3057\u307e\u305b\u3093\u3002\u554f\u984c\u306f\u901a\u5e38\u3001\u6b21\u306e2\u3064\u306e\u30b0\u30eb\u30fc\u30d7\u306b\u5206\u3051\u3089\u308c\u307e\u3059\u3002<\/p><ul data-path-to-node=\"8\"><li><p data-path-to-node=\"8,0,0\"><b data-path-to-node=\"8,0,0\" data-index-in-node=\"0\">\u5916\u898b\u4e0a\u306e\u969c\u5bb3\u3068\u7cbe\u795e\u7684\u306a\u969c\u5bb3\uff1a<\/b> \u6cbb\u7642\u3092\u6c42\u3081\u308b\u6700\u3082\u4e00\u822c\u7684\u306a\u7406\u7531\u3002\u82e5\u3044\u4eba\u306f\u3001\u4f8b\u3048\u3070\u30d7\u30fc\u30eb\u3084\u904b\u52d5\u6559\u5ba4\u306a\u3069\u3067\u3001\u3048\u304f\u307c\u304c\u6c17\u306b\u306a\u308b\u3053\u3068\u304c\u3042\u308a\u3001\u305d\u308c\u304c\u81ea\u5c0a\u5fc3\u306b\u5f71\u97ff\u3092\u4e0e\u3048\u308b\u53ef\u80fd\u6027\u304c\u3042\u308a\u307e\u3059\u3002.<\/p><\/li><li><p data-path-to-node=\"8,1,0\"><b data-path-to-node=\"8,1,0\" data-index-in-node=\"0\">\u8eab\u4f53\u75c7\u72b6\uff1a<\/b> \u80f8\u90ed\u9665\u51f9\u304c\u91cd\u5ea6\u306e\u5834\u5408\u3001\u606f\u5207\u308c\u3001\u904b\u52d5\u8010\u5bb9\u80fd\u306e\u4f4e\u4e0b\u3001\u80f8\u75db\u3001\u52d5\u60b8\u3001\u7279\u306b\u904b\u52d5\u6642\u306e\u52d5\u60b8\u306a\u3069\u304c\u8d77\u3053\u308b\u3053\u3068\u304c\u3042\u308a\u307e\u3059\u3002\u3053\u308c\u306f\u3001\u80f8\u9aa8\u304c\u5fc3\u81d3\u3092\u5727\u8feb\u3057\u305f\u308a\u3001\u80ba\u306e\u62e1\u5f35\u3092\u5236\u9650\u3057\u305f\u308a\u3057\u3066\u3044\u308b\u305f\u3081\u3067\u3059\u3002.<\/p><\/li><\/ul><h3 data-path-to-node=\"9\">\u7814\u7a76<\/h3><p data-path-to-node=\"10\">\u304a\u5b50\u3055\u3093\u306e\u80f8\u306b\u3048\u304f\u307c\u304c\u898b\u3089\u308c\u308b\u5834\u5408\u3001\u533b\u5e2b\u306f\u7c21\u5358\u306a\u5916\u89b3\u691c\u67fb\u306b\u57fa\u3065\u3044\u3066\u5c02\u9580\u75c5\u9662\u3078\u306e\u7d39\u4ecb\u3092\u884c\u3046\u3053\u3068\u304c\u3042\u308a\u307e\u3059\u3002\u75c5\u9662\u3067\u306f\u3001\u3088\u308a\u8a73\u7d30\u306a\u691c\u67fb\u304c\u884c\u308f\u308c\u308b\u5834\u5408\u304c\u3042\u308a\u307e\u3059\u3002<\/p><ul data-path-to-node=\"11\"><li><p data-path-to-node=\"11,0,0\"><b data-path-to-node=\"11,0,0\" data-index-in-node=\"0\">\u78c1\u6c17\u5171\u9cf4\u753b\u50cf\u6cd5\uff08MRI\uff09\uff1a<\/b> \u9665\u6ca1\u7a74\u306e\u6b63\u78ba\u306a\u6df1\u3055\u3068\u3001\u305d\u308c\u304c\u5fc3\u81d3\u306b\u53ca\u307c\u3059\u5f71\u97ff\u306b\u3064\u3044\u3066\u73fe\u5728\u8abf\u67fb\u4e2d\u3067\u3042\u308b\u3002.<\/p><\/li><li><p data-path-to-node=\"11,1,0\"><b data-path-to-node=\"11,1,0\" data-index-in-node=\"0\">\u30b9\u30d1\u30a4\u30ed\u30e1\u30c8\u30ea\u30fc\uff1a<\/b> \u80ba\u306e\u5bb9\u7a4d\u3068\u6a5f\u80fd\u304c\u6e2c\u5b9a\u3055\u308c\u308b\u3002.<\/p><\/li><li><p data-path-to-node=\"11,2,0\"><b data-path-to-node=\"11,2,0\" data-index-in-node=\"0\">\u5fc3\u96fb\u56f3\uff1a<\/b> \u5fc3\u81d3\u306e\u96fb\u6c17\u7684\u6d3b\u52d5\u304c\u691c\u67fb\u3055\u308c\u308b\u3002.<\/p><\/li><\/ul><h3 data-path-to-node=\"12\">\u6cbb\u7642\u306e\u9078\u629e\u80a2<\/h3><p data-path-to-node=\"13\">\u8efd\u5ea6\u3067\u7121\u75c7\u72b6\u306e\u80f8\u90e8\u306e\u9665\u51f9\u306f\u6cbb\u7642\u3092\u5fc5\u8981\u3068\u3057\u307e\u305b\u3093\u3002\u7406\u5b66\u7642\u6cd5\u3084\u904b\u52d5\u306b\u3088\u3063\u3066\u9665\u51f9\u304c\u5b8c\u5168\u306b\u6d88\u3048\u308b\u3053\u3068\u306f\u3042\u308a\u307e\u305b\u3093\u304c\u3001\u826f\u597d\u306a\u7b4b\u529b\u3068\u59ff\u52e2\u306f\u80f8\u90e8\u306e\u5916\u89b3\u3092\u6539\u5584\u3059\u308b\u306e\u306b\u5f79\u7acb\u3061\u307e\u3059\u3002.<\/p><p data-path-to-node=\"14\"><b data-path-to-node=\"14\" data-index-in-node=\"0\">\u5916\u79d1\u7684\u6cbb\u7642\uff08\u30cc\u30b9\u624b\u8853\uff09\uff1a<\/b> \u9665\u6ca1\u7a74\u304c\u6df1\u304b\u3063\u305f\u308a\u3001\u8457\u3057\u3044\u4e0d\u5feb\u611f\u3092\u5f15\u304d\u8d77\u3053\u3057\u305f\u308a\u3059\u308b\u5834\u5408\u306f\u3001\u624b\u8853\u3067\u4fee\u5fa9\u3059\u308b\u3053\u3068\u304c\u3067\u304d\u307e\u3059\u3002.<\/p><ul data-path-to-node=\"15\"><li><p data-path-to-node=\"15,0,0\"><b data-path-to-node=\"15,0,0\" data-index-in-node=\"0\">\u3069\u306e\u3088\u3046\u306b\u884c\u3046\u306e\u3067\u3059\u304b\uff1f<\/b> \u6700\u3082\u4e00\u822c\u7684\u306a\u65b9\u6cd5\u306f\u8179\u8154\u93e1\u624b\u8853\u3067\u3001\u80f8\u9aa8\u306e\u4e0b\u306b1\uff5e2\u500b\u306e\u6210\u5f62\u3055\u308c\u305f\u92fc\u9244\u88fd\u306e\u30a4\u30f3\u30d7\u30e9\u30f3\u30c8\u3092\u633f\u5165\u3057\u3001\u80f8\u9aa8\u3092\u6301\u3061\u4e0a\u3052\u307e\u3059\u3002.<\/p><\/li><li><p data-path-to-node=\"15,1,0\"><b data-path-to-node=\"15,1,0\" data-index-in-node=\"0\">\u4f55\u6b73\u3067\uff1f<\/b> \u6700\u3082\u9069\u3057\u305f\u5e74\u9f62\u306f\u901a\u5e3812\u6b73\u304b\u308916\u6b73\u3067\u3001\u3053\u306e\u6642\u671f\u306f\u80f8\u90ed\u304c\u307e\u3060\u67d4\u8edf\u3067\u3042\u308a\u306a\u304c\u3089\u3001\u5341\u5206\u306a\u5f37\u5ea6\u3082\u5099\u3048\u3066\u3044\u308b\u3002.<\/p><\/li><li><p data-path-to-node=\"15,2,0\"><b data-path-to-node=\"15,2,0\" data-index-in-node=\"0\">\u56de\u5fa9\uff1a<\/b> \u6700\u65b0\u306e\u75bc\u75db\u7ba1\u7406\u6cd5\uff08\u795e\u7d4c\u51b7\u5374\u7642\u6cd5\u306a\u3069\uff09\u306e\u304a\u304b\u3052\u3067\u3001\u5165\u9662\u671f\u9593\u306f\u6570\u65e5\u3067\u6e08\u3080\u5834\u5408\u304c\u591a\u3044\u3002\u624b\u8853\u5f8c\u7d043\u30f6\u6708\u9593\u306f\u3001\u6fc0\u3057\u3044\u904b\u52d5\u3084\u63a5\u89e6\u3092\u4f34\u3046\u30b9\u30dd\u30fc\u30c4\u306f\u907f\u3051\u308b\u3079\u304d\u3067\u3042\u308b\u3002.<\/p><\/li><li><p data-path-to-node=\"15,3,0\"><b data-path-to-node=\"15,3,0\" data-index-in-node=\"0\">\u30a4\u30f3\u30d7\u30e9\u30f3\u30c8\u9664\u53bb\uff1a<\/b> \u92fc\u9244\u88fd\u306e\u652f\u67f1\u306f\u3001\u80f8\u90ed\u304c\u65b0\u3057\u3044\u4f4d\u7f6e\u306b\u5b8c\u5168\u306b\u5909\u5f62\u3057\u305f\u7d044\u5e74\u5f8c\u306b\u3001\u7c21\u5358\u306a\u51e6\u7f6e\u3067\u53d6\u308a\u5916\u3055\u308c\u308b\u3002.<\/p><\/li><\/ul><h3 data-path-to-node=\"16\">\u3044\u3064\u533b\u5e2b\u306e\u8a3a\u5bdf\u3092\u53d7\u3051\u308b\u3079\u304d\u304b\uff1f<\/h3><p data-path-to-node=\"17\">\u4ee5\u4e0b\u306e\u3088\u3046\u306a\u5834\u5408\u306f\u3001\u533b\u5e2b\u306b\u76f8\u8ac7\u3059\u308b\u3053\u3068\u3092\u304a\u52e7\u3081\u3057\u307e\u3059\u3002<\/p><ol start=\"1\" data-path-to-node=\"18\"><li><p data-path-to-node=\"18,0,0\">\u305d\u306e\u7a74\u306f\u6df1\u3044\u304b\u3001\u3042\u308b\u3044\u306f\u6210\u9577\u306b\u4f34\u3063\u3066\u6025\u901f\u306b\u6df1\u304f\u306a\u308b\u3002.<\/p><\/li><li><p data-path-to-node=\"18,1,0\">\u904b\u52d5\u6642\u306b\u3001\u5b50\u4f9b\u304c\u7570\u5e38\u306b\u606f\u5207\u308c\u3057\u305f\u308a\u3001\u80f8\u306e\u75db\u307f\u3092\u8a34\u3048\u305f\u308a\u3059\u308b\u3002.<\/p><\/li><li><p data-path-to-node=\"18,2,0\">\u80f8\u306b\u3048\u304f\u307c\u304c\u3042\u308b\u3068\u3001\u5b50\u4f9b\u3084\u82e5\u8005\u306b\u660e\u3089\u304b\u306a\u5fc3\u7406\u7684\u5bb3\u3092\u4e0e\u3048\u305f\u308a\u3001\u793e\u4f1a\u7684\u306a\u72b6\u6cc1\u304b\u3089\u5b64\u7acb\u3057\u305f\u3044\u3068\u3044\u3046\u6b32\u6c42\u3092\u5f15\u304d\u8d77\u3053\u3057\u305f\u308a\u3059\u308b\u3002.<\/p><\/li><\/ol><p>\u30c7\u30e5\u30aa\u30c7\u30b7\u30e0\u306e\u8a18\u4e8b<\/p><p><a href=\"https:\/\/www.duodecimlehti.fi\/duo17674\" target=\"_blank\" rel=\"noopener\">https:\/\/www.duodecimlehti.fi\/duo17674<\/a><\/p><p>\u00a0<\/p>\t\t\t\t\t\t\t\t<\/div>\n\t\t\t\t<\/div>\n\t\t\t\t\t<\/div>\n\t\t\t\t<\/div>\n\t\t\t\t<\/div>","protected":false},"excerpt":{"rendered":"<p>Opas vanhemmille: Lapsen kuopparinta (Pectus excavatum) Kuopparinta on rintakeh\u00e4n yleisin synnynn\u00e4inen rakennepoikkeama, jossa rintalasta on painunut sis\u00e4\u00e4np\u00e4in muodostaen kuppimaisen kuopan. Se on huomattavasti yleisempi pojilla kuin tyt\u00f6ill\u00e4. Mist\u00e4 kuopparinta johtuu? Poikkeaman uskotaan johtuvan kylkirustojen liikakasvusta, joka painaa rintalastaa sis\u00e4\u00e4np\u00e4in. Usein kuopparinta tulee selv\u00e4sti esiin vasta murrosi\u00e4n kasvupyr\u00e4hdyksen yhteydess\u00e4. Vaikka tila on synnynn\u00e4inen, se on useimmiten harmiton ja pelk\u00e4st\u00e4\u00e4n ulkon\u00e4\u00f6llinen seikka. Oireet ja haitat Monille lapsille kuopparinta ei aiheuta fyysisi\u00e4 oireita. Haitat jaetaan yleens\u00e4 kahteen ryhm\u00e4\u00e4n: Kosmeettinen ja henkinen haitta: Yleisin syy hakeutua hoitoon. Nuori saattaa kokea kuopan h\u00e4iritsev\u00e4ksi esimerkiksi uimahallissa tai liikuntatunneilla, mik\u00e4 voi vaikuttaa itsetuntoon. Fyysiset oireet: Syvemmiss\u00e4 kuopparintatapauksissa voi esiinty\u00e4 heng\u00e4stymist\u00e4, huonoa rasituksensietoa, rintakipua tai syd\u00e4men tykytyksi\u00e4 erityisesti [&hellip;]<\/p>\n","protected":false},"author":1,"featured_media":0,"parent":0,"menu_order":0,"comment_status":"closed","ping_status":"closed","template":"","meta":{"_angie_page":false,"site-sidebar-layout":"no-sidebar","site-content-layout":"page-builder","ast-site-content-layout":"full-width-container","site-content-style":"default","site-sidebar-style":"default","ast-global-header-display":"","ast-banner-title-visibility":"","ast-main-header-display":"","ast-hfb-above-header-display":"","ast-hfb-below-header-display":"","ast-hfb-mobile-header-display":"","site-post-title":"","ast-breadcrumbs-content":"","ast-featured-img":"disabled","footer-sml-layout":"","ast-disable-related-posts":"","theme-transparent-header-meta":"","adv-header-id-meta":"","stick-header-meta":"","header-above-stick-meta":"","header-main-stick-meta":"","header-below-stick-meta":"","astra-migrate-meta-layouts":"set","ast-page-background-enabled":"default","ast-page-background-meta":{"desktop":{"background-color":"","background-image":"","background-repeat":"repeat","background-position":"center center","background-size":"auto","background-attachment":"scroll","background-type":"","background-media":"","overlay-type":"","overlay-color":"","overlay-opacity":"","overlay-gradient":""},"tablet":{"background-color":"","background-image":"","background-repeat":"repeat","background-position":"center center","background-size":"auto","background-attachment":"scroll","background-type":"","background-media":"","overlay-type":"","overlay-color":"","overlay-opacity":"","overlay-gradient":""},"mobile":{"background-color":"","background-image":"","background-repeat":"repeat","background-position":"center center","background-size":"auto","background-attachment":"scroll","background-type":"","background-media":"","overlay-type":"","overlay-color":"","overlay-opacity":"","overlay-gradient":""}},"ast-content-background-meta":{"desktop":{"background-color":"var(--ast-global-color-5)","background-image":"","background-repeat":"repeat","background-position":"center center","background-size":"auto","background-attachment":"scroll","background-type":"","background-media":"","overlay-type":"","overlay-color":"","overlay-opacity":"","overlay-gradient":""},"tablet":{"background-color":"var(--ast-global-color-5)","background-image":"","background-repeat":"repeat","background-position":"center center","background-size":"auto","background-attachment":"scroll","background-type":"","background-media":"","overlay-type":"","overlay-color":"","overlay-opacity":"","overlay-gradient":""},"mobile":{"background-color":"var(--ast-global-color-5)","background-image":"","background-repeat":"repeat","background-position":"center center","background-size":"auto","background-attachment":"scroll","background-type":"","background-media":"","overlay-type":"","overlay-color":"","overlay-opacity":"","overlay-gradient":""}},"footnotes":""},"class_list":["post-1402","page","type-page","status-publish","hentry"],"_links":{"self":[{"href":"https:\/\/lastenkirurgia.fi\/ja\/wp-json\/wp\/v2\/pages\/1402","targetHints":{"allow":["GET"]}}],"collection":[{"href":"https:\/\/lastenkirurgia.fi\/ja\/wp-json\/wp\/v2\/pages"}],"about":[{"href":"https:\/\/lastenkirurgia.fi\/ja\/wp-json\/wp\/v2\/types\/page"}],"author":[{"embeddable":true,"href":"https:\/\/lastenkirurgia.fi\/ja\/wp-json\/wp\/v2\/users\/1"}],"replies":[{"embeddable":true,"href":"https:\/\/lastenkirurgia.fi\/ja\/wp-json\/wp\/v2\/comments?post=1402"}],"version-history":[{"count":4,"href":"https:\/\/lastenkirurgia.fi\/ja\/wp-json\/wp\/v2\/pages\/1402\/revisions"}],"predecessor-version":[{"id":1631,"href":"https:\/\/lastenkirurgia.fi\/ja\/wp-json\/wp\/v2\/pages\/1402\/revisions\/1631"}],"wp:attachment":[{"href":"https:\/\/lastenkirurgia.fi\/ja\/wp-json\/wp\/v2\/media?parent=1402"}],"curies":[{"name":"wp","href":"https:\/\/api.w.org\/{rel}","templated":true}]}}