{"id":1408,"date":"2026-04-09T13:57:57","date_gmt":"2026-04-09T13:57:57","guid":{"rendered":"https:\/\/darkcyan-pheasant-754087.hostingersite.com\/?page_id=1408"},"modified":"2026-04-12T14:50:39","modified_gmt":"2026-04-12T14:50:39","slug":"lapsen-poikkeava-paan-muoto","status":"publish","type":"page","link":"https:\/\/lastenkirurgia.fi\/ja\/lapsen-poikkeava-paan-muoto\/","title":{"rendered":"\u5b50\u4f9b\u306e\u982d\u306e\u5f62\u304c\u7570\u5e38"},"content":{"rendered":"<div data-elementor-type=\"wp-page\" data-elementor-id=\"1408\" class=\"elementor elementor-1408\" data-elementor-post-type=\"page\">\n\t\t\t\t<div class=\"elementor-element elementor-element-602e050 e-flex e-con-boxed e-con e-parent\" data-id=\"602e050\" data-element_type=\"container\" data-e-type=\"container\">\n\t\t\t\t\t<div class=\"e-con-inner\">\n\t\t\t\t<div class=\"elementor-element elementor-element-84a8da0 elementor-widget elementor-widget-text-editor\" data-id=\"84a8da0\" data-element_type=\"widget\" data-e-type=\"widget\" data-widget_type=\"text-editor.default\">\n\t\t\t\t<div class=\"elementor-widget-container\">\n\t\t\t\t\t\t\t\t\t<h2 data-path-to-node=\"2\">\u982d\u84cb\u9aa8\u7e2b\u5408\u90e8\u306e\u65e9\u671f\u9aa8\u5316\uff08\u982d\u84cb\u7e2b\u5408\u65e9\u671f\u7652\u5408\u75c7\uff09<\/h2><p data-path-to-node=\"3\">\u8d64\u3061\u3083\u3093\u306e\u982d\u84cb\u9aa8\u306f\u3001\u67d4\u8edf\u306a\u7e2b\u5408\u7dda\u3067\u3064\u306a\u304c\u308c\u305f\u8907\u6570\u306e\u300c\u9aa8\u7247\u300d\u3067\u69cb\u6210\u3055\u308c\u3066\u3044\u307e\u3059\u3002\u3053\u308c\u3089\u306e\u7e2b\u5408\u7dda\u306e\u304a\u304b\u3052\u3067\u3001\u751f\u5f8c\u6570\u30f6\u6708\u9593\u306e\u8133\u306e\u6025\u901f\u306a\u6210\u9577\u306b\u5408\u308f\u305b\u3066\u982d\u84cb\u9aa8\u304c\u62e1\u5f35\u3059\u308b\u3053\u3068\u304c\u3067\u304d\u307e\u3059\u3002\u982d\u84cb\u7e2b\u5408\u65e9\u671f\u7652\u5408\u75c7\u3068\u306f\u3001\u8133\u304c\u5b8c\u5168\u306b\u5f62\u6210\u3055\u308c\u308b\u524d\u306b\u3001\u3053\u308c\u3089\u306e\u7e2b\u5408\u7dda\u306e\u3046\u30611\u3064\u4ee5\u4e0a\u304c\u65e9\u671f\u306b\u9589\u3058\u3066\u3057\u307e\u3046\u72b6\u614b\u3067\u3059\u3002.<\/p><h3 data-path-to-node=\"4\">\u306a\u305c\u982d\u306e\u5f62\u306f\u5909\u5316\u3059\u308b\u306e\u304b\uff1f<\/h3><p data-path-to-node=\"5\">\u305f\u3068\u3048\u7e2b\u5408\u7dda\u304c\u4e00\u3064\u9589\u3058\u3066\u3082\u3001\u8133\u306f\u6210\u9577\u3092\u7d9a\u3051\u308b\u3002\u982d\u84cb\u9aa8\u306f\u9589\u3058\u305f\u7e2b\u5408\u7dda\u306e\u90e8\u5206\u3067\u306f\u62e1\u5f35\u3067\u304d\u306a\u3044\u305f\u3081\u3001\u7e2b\u5408\u7dda\u304c\u307e\u3060\u958b\u3044\u3066\u3044\u308b\u65b9\u5411\u3067\u3088\u308a\u5f37\u304f\u6210\u9577\u3059\u308b\u3002\u3053\u308c\u304c\u982d\u90e8\u306e\u7570\u5e38\u306a\u5f62\u72b6\u306e\u539f\u56e0\u3068\u306a\u308b\u3002.<\/p><h3 data-path-to-node=\"6\">\u6700\u3082\u4e00\u822c\u7684\u306a\u30bf\u30a4\u30d7<\/h3><p data-path-to-node=\"7\">\u982d\u90e8\u306e\u5f62\u72b6\u306f\u3001\u3069\u306e\u7e2b\u3044\u76ee\u304c\u9589\u3058\u3066\u3044\u308b\u304b\u306b\u3088\u3063\u3066\u6c7a\u307e\u308a\u307e\u3059\u3002<\/p><ul data-path-to-node=\"8\"><li><p data-path-to-node=\"8,0,0\"><b data-path-to-node=\"8,0,0\" data-index-in-node=\"0\">\u77e2\u72b6\u9762\uff08\u30dc\u30fc\u30c8\u578b\u982d\u84cb\u9aa8\uff09\uff1a<\/b> \u982d\u9802\u90e8\u306e\u7e2b\u5408\u7dda\u304c\u9589\u3058\u308b\u3002\u982d\u90e8\u306f\u7d30\u9577\u304f\u4f38\u3073\u308b\u3002\u3053\u308c\u304c\u6700\u3082\u4e00\u822c\u7684\u306a\u30bf\u30a4\u30d7\u3067\u3042\u308b\u3002.<\/p><\/li><li><p data-path-to-node=\"8,1,0\"><b data-path-to-node=\"8,1,0\" data-index-in-node=\"0\">\u51a0\u72b6\u9762:<\/b> \u7e2b\u3044\u76ee\u306f\u8033\u304b\u3089\u8033\u307e\u3067\u982d\u3092\u6a2a\u5207\u3063\u3066\u8d70\u3063\u3066\u3044\u308b\u3002.<\/p><ul data-path-to-node=\"8,1,1\"><li><p data-path-to-node=\"8,1,1,0,0\">\u7247\u5074\u3060\u3051\u304c\u9589\u3058\u308b\u3068\u3001\u7247\u5074\u306e\u984d\u304c\u5e73\u3089\u306b\u898b\u3048\u3001\u773c\u7aa9\u304c\u6301\u3061\u4e0a\u304c\u308b\u3053\u3068\u304c\u3042\u308a\u307e\u3059\u3002.<\/p><\/li><li><p data-path-to-node=\"8,1,1,1,0\">\u4e21\u5074\u304c\u9589\u3058\u3066\u3044\u308b\u5834\u5408\u3001\u982d\u90e8\u306f\u77ed\u304f\u5e45\u5e83\u3067\u3042\u308b\u3002.<\/p><\/li><\/ul><\/li><li><p data-path-to-node=\"8,2,0\"><b data-path-to-node=\"8,2,0\" data-index-in-node=\"0\">\u30e1\u30c8\u30d4\u30c3\u30af\uff08\u4e09\u89d2\u5f62\u306e\u982d\u84cb\u9aa8\uff09\uff1a<\/b> \u984d\u306e\u4e2d\u592e\u3092\u8d70\u308b\u7e2b\u5408\u7dda\u304c\u9589\u3058\u308b\u3002\u984d\u306f\u4e09\u89d2\u5f62\u306b\u306a\u308a\u3001\u5f8c\u982d\u90e8\u304c\u5e83\u304c\u308b\u3002.<\/p><\/li><li><p data-path-to-node=\"8,3,0\"><b data-path-to-node=\"8,3,0\" data-index-in-node=\"0\">\u30e9\u30e0\u30c0\u7dda\u7406\u60f3\u5024\uff1a<\/b> \u5f8c\u6e9d\u306b\u6cbf\u3063\u3066\u8d70\u308b\u7e2b\u5408\u7dda\u304c\u9589\u3058\u307e\u3059\u3002\u5f8c\u6e9d\u306f\u5e73\u5766\u306b\u898b\u3048\u308b\u5834\u5408\u304c\u3042\u308a\u3001\u7247\u65b9\u306e\u7a42\u304c\u3082\u3046\u4e00\u65b9\u3088\u308a\u3082\u9ad8\u304f\u306a\u308b\u3053\u3068\u304c\u3042\u308a\u307e\u3059\u3002\u3053\u308c\u306f\u975e\u5e38\u306b\u307e\u308c\u306a\u30bf\u30a4\u30d7\u3067\u3059\u3002.<\/p><\/li><\/ul><h3 data-path-to-node=\"9\">\u75c7\u72b6\u3092\u7279\u5b9a\u3059\u308b<\/h3><p data-path-to-node=\"10\">\u75c7\u72b6\u306f\u901a\u5e38\u3001\u51fa\u751f\u6642\u306b\u898b\u3089\u308c\u308b\u304b\u3001\u751f\u5f8c\u6570\u30f6\u6708\u306e\u9593\u306b\u9855\u8457\u306b\u306a\u308b\u3002<\/p><ul data-path-to-node=\"11\"><li><p data-path-to-node=\"11,0,0\">\u982d\u306e\u5f62\u304c\u7570\u5e38\u3002.<\/p><\/li><li><p data-path-to-node=\"11,1,0\">\u9854\u3084\u8033\u306e\u5de6\u53f3\u975e\u5bfe\u79f0\u6027\u3002.<\/p><\/li><li><p data-path-to-node=\"11,2,0\">\u7e2b\u3044\u76ee\u306e\u9589\u3058\u305f\u90e8\u5206\u306b\u3001\u786c\u304f\u76db\u308a\u4e0a\u304c\u3063\u305f\u7a1c\u7dda\u304c\u3042\u308b\u3002.<\/p><\/li><li><p data-path-to-node=\"11,3,0\">\u4e73\u8f2a\uff08\u8d64\u3061\u3083\u3093\u306e\u982d\u306e\u67d4\u3089\u304b\u3044\u90e8\u5206\uff09\u304c\u306a\u3044\u3001\u307e\u305f\u306f\u7570\u5e38\u306a\u611f\u899a\u304c\u3042\u308b\u3002.<\/p><\/li><\/ul><h3 data-path-to-node=\"12\">\u7e2b\u5408\u90e8\u306e\u9aa8\u5316\u306f\u5e38\u306b\u8d77\u3053\u308b\u3082\u306e\u306a\u306e\u3067\u3057\u3087\u3046\u304b\uff1f<\/h3><p data-path-to-node=\"13\"><b data-path-to-node=\"13\" data-index-in-node=\"0\">\u901a\u5e38\u306f\u305d\u3046\u3067\u306f\u3042\u308a\u307e\u305b\u3093\u3002.<\/b> \u5f8c\u982d\u90e8\u306e\u6241\u5e73\u5316\uff08\u591a\u304f\u306e\u5834\u5408\u3001\u8033\u306e\u4f4d\u7f6e\u306e\u5de6\u53f3\u975e\u5bfe\u79f0\u3092\u4f34\u3046\uff09\u306f\u3001\u8d64\u3061\u3083\u3093\u304c\u9577\u6642\u9593\u540c\u3058\u59ff\u52e2\u3067\u4ef0\u5411\u3051\u306b\u306a\u3063\u3066\u3044\u308b\u3053\u3068\uff08\u3044\u308f\u3086\u308b\u4f4d\u7f6e\u6027\u659c\u982d\u75c7\uff09\u304c\u539f\u56e0\u3067\u3042\u308b\u3053\u3068\u304c\u591a\u3044\u3002\u3053\u308c\u306f\u901a\u5e38\u3001\u59ff\u52e2\u77ef\u6b63\u6cbb\u7642\u3068\u3001\u8d64\u3061\u3083\u3093\u304c\u3088\u308a\u6d3b\u767a\u306b\u52d5\u304d\u59cb\u3081\u308b\u3053\u3068\u3067\u6539\u5584\u3055\u308c\u308b\u3002\u672c\u7a3f\u57f7\u7b46\u6642\u70b9\u3067\u306f\u3001\u30d8\u30eb\u30e1\u30c3\u30c8\u6cbb\u7642\u306f\u30d5\u30a3\u30f3\u30e9\u30f3\u30c9\u3067\u306f\u63a8\u5968\u3055\u308c\u3066\u3044\u306a\u3044\u3002.<\/p><h3 data-path-to-node=\"14\">\u6cbb\u7642\u304c\u91cd\u8981\u306a\u306e\u306f\u306a\u305c\u3067\u3059\u304b\uff1f<\/h3><p data-path-to-node=\"15\">\u982d\u84cb\u7e2b\u5408\u65e9\u671f\u7652\u5408\u75c7\u3092\u6cbb\u7642\u305b\u305a\u306b\u653e\u7f6e\u3059\u308b\u3068\u3001\u4ee5\u4e0b\u306e\u3088\u3046\u306a\u75c7\u72b6\u3092\u5f15\u304d\u8d77\u3053\u3059\u53ef\u80fd\u6027\u304c\u3042\u308a\u307e\u3059\u3002<\/p><ul data-path-to-node=\"16\"><li><p data-path-to-node=\"16,0,0\">\u9854\u3084\u982d\u306e\u5f62\u306b\u6c38\u4e45\u7684\u306a\u5909\u5316\u304c\u751f\u3058\u308b\u3002.<\/p><\/li><li><p data-path-to-node=\"16,1,0\">\u982d\u84cb\u5185\u5727\u306e\u4e0a\u6607\uff08\u7e2b\u5408\u7dda\u304c1\u672c\u3057\u304b\u9589\u3058\u3066\u3044\u306a\u3044\u5834\u5408\u306f\u307e\u308c\uff09\u3002.<\/p><\/li><li><p data-path-to-node=\"16,2,0\">\u6cbb\u7642\u3055\u308c\u306a\u3044\u982d\u84cb\u5185\u5727\u4ea2\u9032\u306f\u3001\u3055\u3089\u306b\u6df1\u523b\u306a\u554f\u984c\u3092\u5f15\u304d\u8d77\u3053\u3059\u53ef\u80fd\u6027\u304c\u3042\u308a\u307e\u3059\u3002<\/p><\/li><\/ul><h3 data-path-to-node=\"17\">\u6cbb\u7642\u3068\u56de\u5fa9<\/h3><p data-path-to-node=\"18\">\u982d\u84cb\u7e2b\u5408\u65e9\u671f\u7652\u5408\u75c7\u306f\u901a\u5e38\u3001 <b data-path-to-node=\"18\" data-index-in-node=\"35\">\u624b\u8853\u3092\u4f34\u3046<\/b>, \u982d\u84cb\u9aa8\u306e\u5f62\u72b6\u3092\u5909\u3048\u308b\u624b\u8853\u3002\u3053\u306e\u624b\u8853\u306b\u3088\u3063\u3066\u3001\u8133\u304c\u5341\u5206\u306b\u6210\u9577\u3059\u308b\u305f\u3081\u306e\u30b9\u30da\u30fc\u30b9\u304c\u78ba\u4fdd\u3055\u308c\u308b\u3002.<\/p><p data-path-to-node=\"19\">\u65e9\u671f\u306e\u6cbb\u7642\u3068\u8a3a\u65ad\u306f\u975e\u5e38\u306b\u91cd\u8981\u3067\u3059\u3002\u307b\u3068\u3093\u3069\u306e\u5b50\u4f9b\u306f\u624b\u8853\u5f8c\u306b\u5b8c\u5168\u306b\u6b63\u5e38\u306b\u767a\u9054\u3057\u3001\u982d\u306e\u5f62\u3082\u3088\u308a\u6b63\u5e38\u306b\u306a\u308a\u307e\u3059\u3002.<\/p><p data-path-to-node=\"21\">\u30e1\u30a4\u30e8\u30fc\u30fb\u30af\u30ea\u30cb\u30c3\u30af\u306e\u8a18\u4e8b<\/p><p data-path-to-node=\"21\"><a href=\"https:\/\/www.mayoclinic.org\/diseases-conditions\/craniosynostosis\/symptoms-causes\/syc-20354513\" target=\"_blank\" rel=\"noopener\">https:\/\/www.mayoclinic.org\/diseases-conditions\/craniosynostosis\/symptoms-causes\/syc-<\/a><a href=\"https:\/\/www.mayoclinic.org\/diseases-conditions\/craniosynostosis\/symptoms-causes\/syc-20354513\" target=\"_blank\" rel=\"noopener\">20354513<\/a><\/p><p data-path-to-node=\"21\">HUSUKE\u60c5\u5831\u30d1\u30c3\u30b1\u30fc\u30b8<\/p><p data-path-to-node=\"21\"><a href=\"https:\/\/www.hus.fi\/potilaalle\/hoidot-ja-tutkimukset\/kallon-saumojen-luutumishairiot\" target=\"_blank\" rel=\"noopener\">https:\/\/www.hus.fi\/potilaalle\/hoidot-ja-tutkimukset\/kallon-saumojen-luutumishairiot<\/a><\/p>\t\t\t\t\t\t\t\t<\/div>\n\t\t\t\t<\/div>\n\t\t\t\t\t<\/div>\n\t\t\t\t<\/div>\n\t\t\t\t<\/div>","protected":false},"excerpt":{"rendered":"<p>Kallon saumojen ennenaikainen luutuminen (Kraniosynostoosi) Vauvan kallo koostuu useista &#8221;luisista palasista), joita yhdist\u00e4v\u00e4t joustavat saumat (suturat). N\u00e4m\u00e4 saumat antavat kallon laajentua, kun aivot kasvavat vauhdilla ensimm\u00e4isten elinkuukausien aikana. Kraniosynostoosilla tarkoitetaan tilaa, jossa yksi tai useampi n\u00e4ist\u00e4 saumoista sulkeutuu liian aikaisin, jo ennen kuin aivot ovat t\u00e4ysin muotoutuneet. Miksi p\u00e4\u00e4n muoto muuttuu? Vaikka yksi sauma sulkeutuu, aivot jatkavat kasvuaan. Koska kallo ei p\u00e4\u00e4se laajenemaan sulkeutuneen sauman kohdalta, se kasvaa voimakkaammin niihin suuntiin, joissa saumat ovat viel\u00e4 auki. T\u00e4m\u00e4 aiheuttaa p\u00e4\u00e4h\u00e4n poikkeavan muodon. Tavallisimmat tyypit P\u00e4\u00e4n muoto riippuu siit\u00e4, mik\u00e4 sauma on sulkeutunut: Sagittaalinen (Venekallo): P\u00e4\u00e4n p\u00e4\u00e4ll\u00e4 kulkeva sauma sulkeutuu. P\u00e4\u00e4 kasvaa pitk\u00e4ksi ja kapeaksi. T\u00e4m\u00e4 on yleisin tyyppi. Koronaalinen: Sauma kulkee [&hellip;]<\/p>\n","protected":false},"author":1,"featured_media":0,"parent":0,"menu_order":0,"comment_status":"closed","ping_status":"closed","template":"","meta":{"_angie_page":false,"site-sidebar-layout":"no-sidebar","site-content-layout":"page-builder","ast-site-content-layout":"full-width-container","site-content-style":"default","site-sidebar-style":"default","ast-global-header-display":"","ast-banner-title-visibility":"","ast-main-header-display":"","ast-hfb-above-header-display":"","ast-hfb-below-header-display":"","ast-hfb-mobile-header-display":"","site-post-title":"","ast-breadcrumbs-content":"","ast-featured-img":"disabled","footer-sml-layout":"","ast-disable-related-posts":"","theme-transparent-header-meta":"","adv-header-id-meta":"","stick-header-meta":"","header-above-stick-meta":"","header-main-stick-meta":"","header-below-stick-meta":"","astra-migrate-meta-layouts":"set","ast-page-background-enabled":"default","ast-page-background-meta":{"desktop":{"background-color":"","background-image":"","background-repeat":"repeat","background-position":"center center","background-size":"auto","background-attachment":"scroll","background-type":"","background-media":"","overlay-type":"","overlay-color":"","overlay-opacity":"","overlay-gradient":""},"tablet":{"background-color":"","background-image":"","background-repeat":"repeat","background-position":"center center","background-size":"auto","background-attachment":"scroll","background-type":"","background-media":"","overlay-type":"","overlay-color":"","overlay-opacity":"","overlay-gradient":""},"mobile":{"background-color":"","background-image":"","background-repeat":"repeat","background-position":"center center","background-size":"auto","background-attachment":"scroll","background-type":"","background-media":"","overlay-type":"","overlay-color":"","overlay-opacity":"","overlay-gradient":""}},"ast-content-background-meta":{"desktop":{"background-color":"var(--ast-global-color-5)","background-image":"","background-repeat":"repeat","background-position":"center center","background-size":"auto","background-attachment":"scroll","background-type":"","background-media":"","overlay-type":"","overlay-color":"","overlay-opacity":"","overlay-gradient":""},"tablet":{"background-color":"var(--ast-global-color-5)","background-image":"","background-repeat":"repeat","background-position":"center center","background-size":"auto","background-attachment":"scroll","background-type":"","background-media":"","overlay-type":"","overlay-color":"","overlay-opacity":"","overlay-gradient":""},"mobile":{"background-color":"var(--ast-global-color-5)","background-image":"","background-repeat":"repeat","background-position":"center center","background-size":"auto","background-attachment":"scroll","background-type":"","background-media":"","overlay-type":"","overlay-color":"","overlay-opacity":"","overlay-gradient":""}},"footnotes":""},"class_list":["post-1408","page","type-page","status-publish","hentry"],"_links":{"self":[{"href":"https:\/\/lastenkirurgia.fi\/ja\/wp-json\/wp\/v2\/pages\/1408","targetHints":{"allow":["GET"]}}],"collection":[{"href":"https:\/\/lastenkirurgia.fi\/ja\/wp-json\/wp\/v2\/pages"}],"about":[{"href":"https:\/\/lastenkirurgia.fi\/ja\/wp-json\/wp\/v2\/types\/page"}],"author":[{"embeddable":true,"href":"https:\/\/lastenkirurgia.fi\/ja\/wp-json\/wp\/v2\/users\/1"}],"replies":[{"embeddable":true,"href":"https:\/\/lastenkirurgia.fi\/ja\/wp-json\/wp\/v2\/comments?post=1408"}],"version-history":[{"count":4,"href":"https:\/\/lastenkirurgia.fi\/ja\/wp-json\/wp\/v2\/pages\/1408\/revisions"}],"predecessor-version":[{"id":1620,"href":"https:\/\/lastenkirurgia.fi\/ja\/wp-json\/wp\/v2\/pages\/1408\/revisions\/1620"}],"wp:attachment":[{"href":"https:\/\/lastenkirurgia.fi\/ja\/wp-json\/wp\/v2\/media?parent=1408"}],"curies":[{"name":"wp","href":"https:\/\/api.w.org\/{rel}","templated":true}]}}