{"id":1368,"date":"2026-04-09T13:50:07","date_gmt":"2026-04-09T13:50:07","guid":{"rendered":"https:\/\/darkcyan-pheasant-754087.hostingersite.com\/?page_id=1368"},"modified":"2026-04-12T16:03:31","modified_gmt":"2026-04-12T16:03:31","slug":"lapsen-kynsivallintulehduksen-hoito","status":"publish","type":"page","link":"https:\/\/lastenkirurgia.fi\/pt\/lapsen-kynsivallintulehduksen-hoito\/","title":{"rendered":"Tratamento da onicomicose em uma crian\u00e7a"},"content":{"rendered":"<div data-elementor-type=\"wp-page\" data-elementor-id=\"1368\" class=\"elementor elementor-1368\" data-elementor-post-type=\"page\">\n\t\t\t\t<div class=\"elementor-element elementor-element-b7f5ba2 e-flex e-con-boxed e-con e-parent\" data-id=\"b7f5ba2\" data-element_type=\"container\" data-e-type=\"container\">\n\t\t\t\t\t<div class=\"e-con-inner\">\n\t\t\t\t<div class=\"elementor-element elementor-element-ddd71c0 elementor-widget elementor-widget-text-editor\" data-id=\"ddd71c0\" data-element_type=\"widget\" data-e-type=\"widget\" data-widget_type=\"text-editor.default\">\n\t\t\t\t<div class=\"elementor-widget-container\">\n\t\t\t\t\t\t\t\t\t<h2 data-path-to-node=\"2\">Onicomicose em crian\u00e7as \u2013 instru\u00e7\u00f5es para tratamento domiciliar<\/h2><p data-path-to-node=\"3\">A onicomicose \u00e9 uma condi\u00e7\u00e3o comum que ocorre quando bact\u00e9rias penetram na pele, por exemplo, atrav\u00e9s de onicofagia (roer unhas), lacera\u00e7\u00e3o das cut\u00edculas ou um pequeno ferimento. No caso dos dedos dos p\u00e9s, a causa costuma ser um sapato (ou meia) muito apertado ou uma unha cortada incorretamente.<\/p><h3 data-path-to-node=\"4\">1. Primeiros socorros e cuidados domiciliares: Banhos<\/h3><p data-path-to-node=\"5\">O tratamento mais importante nos est\u00e1gios iniciais da onicomicose \u00e9 a limpeza regular e cuidadosa.<\/p><ul data-path-to-node=\"6\"><li><p data-path-to-node=\"6,0,0\"><b data-path-to-node=\"6,0,0\" data-index-in-node=\"0\">Banhos quentes:<\/b> Mergulhe o dedo da m\u00e3o ou do p\u00e9 infectado em \u00e1gua morna (voc\u00ea pode usar sabonete neutro ou \u00e1gua com sal). <b data-path-to-node=\"6,0,0\" data-index-in-node=\"120\">15 a 20 minutos, 3 a 4 vezes ao dia<\/b>.<\/p><\/li><li><p data-path-to-node=\"6,1,0\"><b data-path-to-node=\"6,1,0\" data-index-in-node=\"0\">Limpeza mec\u00e2nica:<\/b> Durante o banho, voc\u00ea pode tentar pressionar ou limpar suavemente a \u00e1rea inflamada para ajudar a drenar qualquer pus que esteja entre a unha e a pele.<\/p><\/li><li><p data-path-to-node=\"6,2,0\"><b data-path-to-node=\"6,2,0\" data-index-in-node=\"0\">pomada medicamentosa:<\/b> Ap\u00f3s o banho, voc\u00ea pode aplicar um creme dispon\u00edvel em farm\u00e1cia (por exemplo, Bacibact) na \u00e1rea afetada e proteg\u00ea-la com um curativo limpo.<\/p><\/li><\/ul><h3 data-path-to-node=\"7\">2. Como evitar o problema no futuro?<\/h3><ul data-path-to-node=\"8\"><li><p data-path-to-node=\"8,0,0\"><b data-path-to-node=\"8,0,0\" data-index-in-node=\"0\">Corte correto:<\/b> Corte as unhas em linha reta, sem arredondar muito os cantos (principalmente nos dedos dos p\u00e9s). Isso evitar\u00e1 que a unha encrave na pele.<\/p><\/li><li><p data-path-to-node=\"8,1,0\"><b data-path-to-node=\"8,1,0\" data-index-in-node=\"0\">Roer as unhas:<\/b> Tente parar de roer e arrancar as unhas ou cut\u00edculas.<\/p><\/li><li><p data-path-to-node=\"8,2,0\"><b data-path-to-node=\"8,2,0\" data-index-in-node=\"0\">Botas:<\/b> Certifique-se de que os sapatos e as meias do seu filho sejam suficientemente espa\u00e7osos.<\/p><\/li><\/ul><hr data-path-to-node=\"9\" \/><h3 data-path-to-node=\"10\">3. Quando devo consultar um m\u00e9dico?<\/h3><p data-path-to-node=\"11\">Embora o tratamento caseiro muitas vezes funcione rapidamente, em certas situa\u00e7\u00f5es voc\u00ea deve procurar aconselhamento m\u00e9dico:<\/p><ul data-path-to-node=\"12\"><li style=\"list-style-type: none;\"><ul data-path-to-node=\"12\"><li><p data-path-to-node=\"12,0,0\"><b data-path-to-node=\"12,0,0\" data-index-in-node=\"0\">P\u00fastula:<\/b> Se um abscesso claro e amarelado se formar sob a unha, o m\u00e9dico poder\u00e1 precisar abri-lo (fazer uma incis\u00e3o) com uma agulha fina para aliviar a press\u00e3o e tratar a inflama\u00e7\u00e3o.<\/p><\/li><li><p data-path-to-node=\"12,1,0\"><b data-path-to-node=\"12,1,0\" data-index-in-node=\"0\">A inflama\u00e7\u00e3o se espalha:<\/b> A vermelhid\u00e3o e o incha\u00e7o come\u00e7am a se espalhar em dire\u00e7\u00e3o \u00e0 base do dedo da m\u00e3o ou do p\u00e9, ou para a palma da m\u00e3o\/lado do p\u00e9.<\/p><\/li><li><p data-path-to-node=\"12,2,0\"><b data-path-to-node=\"12,2,0\" data-index-in-node=\"0\">Dor intensa:<\/b> A crian\u00e7a n\u00e3o consegue dormir devido \u00e0 dor, ou a dor \u00e9 perturbadora de alguma outra forma.<\/p><\/li><li><p data-path-to-node=\"12,3,0\"><b data-path-to-node=\"12,3,0\" data-index-in-node=\"0\">Febre:<\/b> Uma crian\u00e7a desenvolve febre devido a uma infec\u00e7\u00e3o.<\/p><\/li><li><p data-path-to-node=\"12,4,0\"><b data-path-to-node=\"12,4,0\" data-index-in-node=\"0\">N\u00e3o melhora:<\/b> A situa\u00e7\u00e3o n\u00e3o melhora apesar de 2 a 3 dias de cuidados domiciliares cuidadosos.<\/p><\/li><\/ul><\/li><\/ul><div class=\"attachment-container search-images\"><div class=\"image-container ng-star-inserted\" data-full-size-image-uri=\"https:\/\/encrypted-tbn2.gstatic.com\/licensed-image?q=tbn:ANd9GcQ24juu2z9gCY9-uRpjTDTtNGDQYZpc_yb_s44bfmapOHo3GfoUNMi4ec7SG1OAY1K2Xy2N4XVT7OptihwBIQdl8UuEEXCTeLxEWEtrcPIHJ4MbBwA\"><div class=\"overlay-container ng-star-inserted\">\u00a0<\/div><\/div><\/div><hr data-path-to-node=\"14\" \/><h3 data-path-to-node=\"15\">Aten\u00e7\u00e3o especial: unha encravada<\/h3><p data-path-to-node=\"16\">Se a infec\u00e7\u00e3o reaparecer no mesmo dedo e a unha crescer claramente para dentro da pele, pode ser um problema estrutural, que \u00e0s vezes requer um pequeno procedimento cir\u00fargico (excis\u00e3o em cunha da unha). Nesse procedimento, a borda da unha \u00e9 afinada at\u00e9 a base sob anestesia (e raramente seda\u00e7\u00e3o).\u00a0<\/p>\t\t\t\t\t\t\t\t<\/div>\n\t\t\t\t<\/div>\n\t\t\t\t\t<\/div>\n\t\t\t\t<\/div>\n\t\t\t\t<\/div>","protected":false},"excerpt":{"rendered":"<p>Lapsen kynsivallintulehdus \u2013 kotihoito-ohje Kynsivallintulehdus on yleinen vaiva, joka syntyy, kun bakteerit p\u00e4\u00e4sev\u00e4t ihon sis\u00e4\u00e4n esimerkiksi kynnen pureskelun, kynsinauhan repimisen tai pienen haavan seurauksena. Varpaissa syyn\u00e4 on usein liian tiukka kenk\u00e4 (tai sukka) tai v\u00e4\u00e4rin leikattu kynsi. 1. Ensiapu ja kotihoito: Kylvetykset T\u00e4rkein hoito kynsivallintulehduksen alkuvaiheessa on s\u00e4\u00e4nn\u00f6llinen ja huolellinen puhdistus. L\u00e4mpim\u00e4t kylvyt: Liota tulehtunutta [&hellip;]<\/p>\n","protected":false},"author":1,"featured_media":0,"parent":0,"menu_order":0,"comment_status":"closed","ping_status":"closed","template":"","meta":{"_angie_page":false,"site-sidebar-layout":"no-sidebar","site-content-layout":"page-builder","ast-site-content-layout":"full-width-container","site-content-style":"default","site-sidebar-style":"default","ast-global-header-display":"","ast-banner-title-visibility":"","ast-main-header-display":"","ast-hfb-above-header-display":"","ast-hfb-below-header-display":"","ast-hfb-mobile-header-display":"","site-post-title":"","ast-breadcrumbs-content":"","ast-featured-img":"disabled","footer-sml-layout":"","ast-disable-related-posts":"","theme-transparent-header-meta":"","adv-header-id-meta":"","stick-header-meta":"","header-above-stick-meta":"","header-main-stick-meta":"","header-below-stick-meta":"","astra-migrate-meta-layouts":"set","ast-page-background-enabled":"default","ast-page-background-meta":{"desktop":{"background-color":"","background-image":"","background-repeat":"repeat","background-position":"center center","background-size":"auto","background-attachment":"scroll","background-type":"","background-media":"","overlay-type":"","overlay-color":"","overlay-opacity":"","overlay-gradient":""},"tablet":{"background-color":"","background-image":"","background-repeat":"repeat","background-position":"center center","background-size":"auto","background-attachment":"scroll","background-type":"","background-media":"","overlay-type":"","overlay-color":"","overlay-opacity":"","overlay-gradient":""},"mobile":{"background-color":"","background-image":"","background-repeat":"repeat","background-position":"center center","background-size":"auto","background-attachment":"scroll","background-type":"","background-media":"","overlay-type":"","overlay-color":"","overlay-opacity":"","overlay-gradient":""}},"ast-content-background-meta":{"desktop":{"background-color":"var(--ast-global-color-5)","background-image":"","background-repeat":"repeat","background-position":"center center","background-size":"auto","background-attachment":"scroll","background-type":"","background-media":"","overlay-type":"","overlay-color":"","overlay-opacity":"","overlay-gradient":""},"tablet":{"background-color":"var(--ast-global-color-5)","background-image":"","background-repeat":"repeat","background-position":"center center","background-size":"auto","background-attachment":"scroll","background-type":"","background-media":"","overlay-type":"","overlay-color":"","overlay-opacity":"","overlay-gradient":""},"mobile":{"background-color":"var(--ast-global-color-5)","background-image":"","background-repeat":"repeat","background-position":"center center","background-size":"auto","background-attachment":"scroll","background-type":"","background-media":"","overlay-type":"","overlay-color":"","overlay-opacity":"","overlay-gradient":""}},"footnotes":""},"class_list":["post-1368","page","type-page","status-publish","hentry"],"_links":{"self":[{"href":"https:\/\/lastenkirurgia.fi\/pt\/wp-json\/wp\/v2\/pages\/1368","targetHints":{"allow":["GET"]}}],"collection":[{"href":"https:\/\/lastenkirurgia.fi\/pt\/wp-json\/wp\/v2\/pages"}],"about":[{"href":"https:\/\/lastenkirurgia.fi\/pt\/wp-json\/wp\/v2\/types\/page"}],"author":[{"embeddable":true,"href":"https:\/\/lastenkirurgia.fi\/pt\/wp-json\/wp\/v2\/users\/1"}],"replies":[{"embeddable":true,"href":"https:\/\/lastenkirurgia.fi\/pt\/wp-json\/wp\/v2\/comments?post=1368"}],"version-history":[{"count":4,"href":"https:\/\/lastenkirurgia.fi\/pt\/wp-json\/wp\/v2\/pages\/1368\/revisions"}],"predecessor-version":[{"id":1664,"href":"https:\/\/lastenkirurgia.fi\/pt\/wp-json\/wp\/v2\/pages\/1368\/revisions\/1664"}],"wp:attachment":[{"href":"https:\/\/lastenkirurgia.fi\/pt\/wp-json\/wp\/v2\/media?parent=1368"}],"curies":[{"name":"wp","href":"https:\/\/api.w.org\/{rel}","templated":true}]}}