{"id":1372,"date":"2026-04-09T13:51:12","date_gmt":"2026-04-09T13:51:12","guid":{"rendered":"https:\/\/darkcyan-pheasant-754087.hostingersite.com\/?page_id=1372"},"modified":"2026-04-11T13:35:26","modified_gmt":"2026-04-11T13:35:26","slug":"lapsen-murtuman-hoito","status":"publish","type":"page","link":"https:\/\/lastenkirurgia.fi\/pt\/lapsen-murtuman-hoito\/","title":{"rendered":"Tratamento de fratura em crian\u00e7a"},"content":{"rendered":"<div data-elementor-type=\"wp-page\" data-elementor-id=\"1372\" class=\"elementor elementor-1372\" data-elementor-post-type=\"page\">\n\t\t\t\t<div class=\"elementor-element elementor-element-31eef8b e-flex e-con-boxed e-con e-parent\" data-id=\"31eef8b\" data-element_type=\"container\" data-e-type=\"container\">\n\t\t\t\t\t<div class=\"e-con-inner\">\n\t\t\t\t<div class=\"elementor-element elementor-element-d40e97e elementor-widget elementor-widget-text-editor\" data-id=\"d40e97e\" data-element_type=\"widget\" data-e-type=\"widget\" data-widget_type=\"text-editor.default\">\n\t\t\t\t<div class=\"elementor-widget-container\">\n\t\t\t\t\t\t\t\t\t<h2 data-path-to-node=\"2\">Tratamento e acompanhamento de fraturas em crian\u00e7as.<\/h2><p data-path-to-node=\"3\">As fraturas em crian\u00e7as diferem significativamente das fraturas em adultos. Dependendo da idade, o osso da crian\u00e7a ainda est\u00e1 em processo de remodela\u00e7\u00e3o, raz\u00e3o pela qual as linhas de tratamento s\u00e3o selecionadas individualmente de acordo com a idade e o est\u00e1gio de crescimento da crian\u00e7a.<\/p><h3 data-path-to-node=\"4\">Por que uma fratura em uma crian\u00e7a \u00e9 especial?<\/h3><p data-path-to-node=\"5\">Existem diversas caracter\u00edsticas no esqueleto infantil que tornam o diagn\u00f3stico e o tratamento diferentes em compara\u00e7\u00e3o com os adultos:<\/p><ul data-path-to-node=\"6\"><li><p data-path-to-node=\"6,0,0\"><b data-path-to-node=\"6,0,0\" data-index-in-node=\"0\">Interpreta\u00e7\u00e3o de imagens de raios X:<\/b> Os ossos das crian\u00e7as possuem linhas de crescimento, centros de crescimento e partes cartilaginosas que diferem dos ossos dos adultos. Portanto, a interpreta\u00e7\u00e3o das imagens exige um olhar experiente para distinguir uma fratura de uma linha de crescimento normal, por exemplo.<\/p><\/li><li><p data-path-to-node=\"6,1,0\"><b data-path-to-node=\"6,1,0\" data-index-in-node=\"0\">O Poder do Crescimento (Remodelagem):<\/b> Quanto mais jovem a crian\u00e7a, melhor a capacidade do seu corpo de corrigir o desalinhamento da fratura \u00e0 medida que cresce. \u00c9 por isso que crian\u00e7as mais novas podem ter desalinhamentos significativamente maiores do que crian\u00e7as mais velhas ou adultos \u2014 e o resultado final ainda ser\u00e1 t\u00e3o bom quanto o original a longo prazo.<\/p><\/li><\/ul><h3 data-path-to-node=\"7\">Modalidades de tratamento<\/h3><p data-path-to-node=\"8\">A maioria das fraturas em crian\u00e7as \u00e9 facilmente tratada com gesso, mas, \u00e0 luz do conhecimento atual, nem todas as fraturas exigem gesso.<\/p><ol start=\"1\" data-path-to-node=\"9\"><li><p data-path-to-node=\"9,0,0\"><b data-path-to-node=\"9,0,0\" data-index-in-node=\"0\">Tratamento sem gesso:<\/b> Certas fraturas t\u00edpicas, como as do pulso, podem ocorrer. <b data-path-to-node=\"9,0,0\" data-index-in-node=\"59\">fraturas de galhos de salgueiro<\/b>, cicatrizam perfeitamente sem gesso r\u00edgido. O mesmo acontece com algumas fraturas em crian\u00e7as muito pequenas.<\/p><\/li><li><p data-path-to-node=\"9,1,0\"><b data-path-to-node=\"9,1,0\" data-index-in-node=\"0\">Tratamento com gesso:<\/b> Se a fratura exigir suporte, geralmente utiliza-se gesso por algumas semanas (crian\u00e7as pequenas) at\u00e9 seis semanas (algumas fraturas em crian\u00e7as maiores).<\/p><\/li><li><p data-path-to-node=\"9,2,0\"><b data-path-to-node=\"9,2,0\" data-index-in-node=\"0\">Decis\u00e3o de tratamento individual:<\/b> O tratamento \u00e9 influenciado pela crian\u00e7a. <b data-path-to-node=\"9,2,0\" data-index-in-node=\"51\">idade e tamanho<\/b>. Por exemplo, uma fratura em uma crian\u00e7a de 5 anos geralmente \u00e9 tratada de forma diferente de uma crian\u00e7a de 11 anos, porque a crian\u00e7a mais nova tem um potencial maior de recupera\u00e7\u00e3o.<\/p><\/li><\/ol><h3 data-path-to-node=\"10\">Fraturas da linha de crescimento e monitoramento<\/h3><p data-path-to-node=\"11\">Se a fratura se estender <b data-path-to-node=\"11\" data-index-in-node=\"20\">linha de crescimento<\/b>, \u00c0s vezes, a situa\u00e7\u00e3o precisa ser monitorada mais de perto. A linha de crescimento \u00e9 a \u00e1rea onde o osso cresce em comprimento, e danos nessa \u00e1rea podem afetar o crescimento normal do osso.<\/p><ul data-path-to-node=\"12\"><li><p data-path-to-node=\"12,0,0\"><b data-path-to-node=\"12,0,0\" data-index-in-node=\"0\">Ap\u00f3s a inspe\u00e7\u00e3o:<\/b> Em fraturas na linha de crescimento, uma nova radiografia \u00e9, por vezes, realizada aproximadamente <b data-path-to-node=\"12,0,0\" data-index-in-node=\"77\">Aos 6 meses<\/b>.<\/p><\/li><li><p data-path-to-node=\"12,1,0\"><b data-path-to-node=\"12,1,0\" data-index-in-node=\"0\">O que est\u00e1 sendo monitorado?<\/b> A imagem garante que a linha de crescimento n\u00e3o tenha ossificado prematuramente no local da fratura, o que poderia levar \u00e0 falha do crescimento.<\/p><\/li><\/ul><hr data-path-to-node=\"13\" \/><h3 data-path-to-node=\"14\">Instru\u00e7\u00f5es de cuidados domiciliares com gesso:<\/h3><ul data-path-to-node=\"15\"><li><p data-path-to-node=\"15,0,0\"><b data-path-to-node=\"15,0,0\" data-index-in-node=\"0\">Monitorar a circula\u00e7\u00e3o sangu\u00ednea:<\/b> Se os dedos dos p\u00e9s ou das m\u00e3os ficarem azulados, frios ou se a crian\u00e7a se queixar de formigamento intenso, procure um m\u00e9dico.<\/p><\/li><li><p data-path-to-node=\"15,1,0\"><b data-path-to-node=\"15,1,0\" data-index-in-node=\"0\">Controle da dor:<\/b> Administre analg\u00e9sicos (paracetamol\/ibuprofeno) conforme as instru\u00e7\u00f5es do seu m\u00e9dico, especialmente nos primeiros dias.<\/p><\/li><li><p data-path-to-node=\"15,2,0\"><b data-path-to-node=\"15,2,0\" data-index-in-node=\"0\">Pureza do gesso:<\/b> Mantenha o gesso seco. O uso de um saco pl\u00e1stico para prote\u00e7\u00e3o durante o banho \u00e9 essencial.<\/p><\/li><\/ul><p>Diretrizes do HUS para o tratamento de fraturas em crian\u00e7as (link)<\/p><p><a href=\"https:\/\/www.hus.fi\/potilaalle\/hoidot-ja-tutkimukset\/lasten-ja-nuorten-murtumien-hoito\" target=\"_blank\" rel=\"noopener\">https:\/\/www.hus.fi\/potilaalle\/hoidot-ja-tutkimukset\/lasten-ja-nuorten-murtumien-hoito<\/a><\/p>\t\t\t\t\t\t\t\t<\/div>\n\t\t\t\t<\/div>\n\t\t\t\t\t<\/div>\n\t\t\t\t<\/div>\n\t\t<div class=\"elementor-element elementor-element-ce7b048 e-flex e-con-boxed e-con e-parent\" data-id=\"ce7b048\" data-element_type=\"container\" data-e-type=\"container\">\n\t\t\t\t\t<div class=\"e-con-inner\">\n\t\t\t\t<div class=\"elementor-element elementor-element-acf34e3 elementor-widget elementor-widget-image\" data-id=\"acf34e3\" data-element_type=\"widget\" data-e-type=\"widget\" data-widget_type=\"image.default\">\n\t\t\t\t<div class=\"elementor-widget-container\">\n\t\t\t\t\t\t\t\t\t\t\t\t\t\t\t<img fetchpriority=\"high\" decoding=\"async\" width=\"1024\" height=\"559\" src=\"https:\/\/lastenkirurgia.fi\/wp-content\/uploads\/2026\/04\/rannemurtuma.webp\" class=\"attachment-large size-large wp-image-1561\" alt=\"\" srcset=\"https:\/\/lastenkirurgia.fi\/wp-content\/uploads\/2026\/04\/rannemurtuma.webp 1024w, https:\/\/lastenkirurgia.fi\/wp-content\/uploads\/2026\/04\/rannemurtuma-300x164.webp 300w, https:\/\/lastenkirurgia.fi\/wp-content\/uploads\/2026\/04\/rannemurtuma-768x419.webp 768w\" sizes=\"(max-width: 1024px) 100vw, 1024px\" \/>\t\t\t\t\t\t\t\t\t\t\t\t\t\t\t<\/div>\n\t\t\t\t<\/div>\n\t\t\t\t\t<\/div>\n\t\t\t\t<\/div>\n\t\t\t\t<\/div>","protected":false},"excerpt":{"rendered":"<p>Lapsen murtuman hoito ja seuranta Lasten murtumat poikkeavat merkitt\u00e4v\u00e4sti aikuisten luunmurtumista. Lapsen luu on i\u00e4st\u00e4 riippuen viel\u00e4 hyvin remodelloituva, mink\u00e4 vuoksi hoitolinjat valitaan yksil\u00f6llisesti lapsen i\u00e4n ja kasvun vaiheen mukaan. Miksi lapsen murtuma on erityinen? Lapsen luustossa on useita piirteit\u00e4, jotka tekev\u00e4t diagnostiikasta ja hoidosta aikuisiin verrattuna erilaista: R\u00f6ntgenkuvien tulkinta: Lasten luissa on kasvulinjoja, kasvutumakkeita [&hellip;]<\/p>\n","protected":false},"author":1,"featured_media":0,"parent":0,"menu_order":0,"comment_status":"closed","ping_status":"closed","template":"","meta":{"_angie_page":false,"site-sidebar-layout":"no-sidebar","site-content-layout":"page-builder","ast-site-content-layout":"full-width-container","site-content-style":"default","site-sidebar-style":"default","ast-global-header-display":"","ast-banner-title-visibility":"","ast-main-header-display":"","ast-hfb-above-header-display":"","ast-hfb-below-header-display":"","ast-hfb-mobile-header-display":"","site-post-title":"","ast-breadcrumbs-content":"","ast-featured-img":"disabled","footer-sml-layout":"","ast-disable-related-posts":"","theme-transparent-header-meta":"","adv-header-id-meta":"","stick-header-meta":"","header-above-stick-meta":"","header-main-stick-meta":"","header-below-stick-meta":"","astra-migrate-meta-layouts":"set","ast-page-background-enabled":"default","ast-page-background-meta":{"desktop":{"background-color":"","background-image":"","background-repeat":"repeat","background-position":"center center","background-size":"auto","background-attachment":"scroll","background-type":"","background-media":"","overlay-type":"","overlay-color":"","overlay-opacity":"","overlay-gradient":""},"tablet":{"background-color":"","background-image":"","background-repeat":"repeat","background-position":"center center","background-size":"auto","background-attachment":"scroll","background-type":"","background-media":"","overlay-type":"","overlay-color":"","overlay-opacity":"","overlay-gradient":""},"mobile":{"background-color":"","background-image":"","background-repeat":"repeat","background-position":"center center","background-size":"auto","background-attachment":"scroll","background-type":"","background-media":"","overlay-type":"","overlay-color":"","overlay-opacity":"","overlay-gradient":""}},"ast-content-background-meta":{"desktop":{"background-color":"var(--ast-global-color-5)","background-image":"","background-repeat":"repeat","background-position":"center center","background-size":"auto","background-attachment":"scroll","background-type":"","background-media":"","overlay-type":"","overlay-color":"","overlay-opacity":"","overlay-gradient":""},"tablet":{"background-color":"var(--ast-global-color-5)","background-image":"","background-repeat":"repeat","background-position":"center center","background-size":"auto","background-attachment":"scroll","background-type":"","background-media":"","overlay-type":"","overlay-color":"","overlay-opacity":"","overlay-gradient":""},"mobile":{"background-color":"var(--ast-global-color-5)","background-image":"","background-repeat":"repeat","background-position":"center center","background-size":"auto","background-attachment":"scroll","background-type":"","background-media":"","overlay-type":"","overlay-color":"","overlay-opacity":"","overlay-gradient":""}},"footnotes":""},"class_list":["post-1372","page","type-page","status-publish","hentry"],"_links":{"self":[{"href":"https:\/\/lastenkirurgia.fi\/pt\/wp-json\/wp\/v2\/pages\/1372","targetHints":{"allow":["GET"]}}],"collection":[{"href":"https:\/\/lastenkirurgia.fi\/pt\/wp-json\/wp\/v2\/pages"}],"about":[{"href":"https:\/\/lastenkirurgia.fi\/pt\/wp-json\/wp\/v2\/types\/page"}],"author":[{"embeddable":true,"href":"https:\/\/lastenkirurgia.fi\/pt\/wp-json\/wp\/v2\/users\/1"}],"replies":[{"embeddable":true,"href":"https:\/\/lastenkirurgia.fi\/pt\/wp-json\/wp\/v2\/comments?post=1372"}],"version-history":[{"count":13,"href":"https:\/\/lastenkirurgia.fi\/pt\/wp-json\/wp\/v2\/pages\/1372\/revisions"}],"predecessor-version":[{"id":1567,"href":"https:\/\/lastenkirurgia.fi\/pt\/wp-json\/wp\/v2\/pages\/1372\/revisions\/1567"}],"wp:attachment":[{"href":"https:\/\/lastenkirurgia.fi\/pt\/wp-json\/wp\/v2\/media?parent=1372"}],"curies":[{"name":"wp","href":"https:\/\/api.w.org\/{rel}","templated":true}]}}