{"id":1386,"date":"2026-04-09T13:53:46","date_gmt":"2026-04-09T13:53:46","guid":{"rendered":"https:\/\/darkcyan-pheasant-754087.hostingersite.com\/?page_id=1386"},"modified":"2026-04-12T15:49:11","modified_gmt":"2026-04-12T15:49:11","slug":"lapsen-rannemurtuma","status":"publish","type":"page","link":"https:\/\/lastenkirurgia.fi\/pt\/lapsen-rannemurtuma\/","title":{"rendered":"Fratura do pulso infantil"},"content":{"rendered":"<div data-elementor-type=\"wp-page\" data-elementor-id=\"1386\" class=\"elementor elementor-1386\" data-elementor-post-type=\"page\">\n\t\t\t\t<div class=\"elementor-element elementor-element-80bfb32 e-flex e-con-boxed e-con e-parent\" data-id=\"80bfb32\" data-element_type=\"container\" data-e-type=\"container\">\n\t\t\t\t\t<div class=\"e-con-inner\">\n\t\t\t\t<div class=\"elementor-element elementor-element-b7b4158 elementor-widget elementor-widget-text-editor\" data-id=\"b7b4158\" data-element_type=\"widget\" data-e-type=\"widget\" data-widget_type=\"text-editor.default\">\n\t\t\t\t<div class=\"elementor-widget-container\">\n\t\t\t\t\t\t\t\t\t<h2 data-path-to-node=\"2\">Lapsen kyyn\u00e4rvarren alaosan murtuma (\u201drannemurtuma\u201d)<\/h2><p data-path-to-node=\"3\">Kyyn\u00e4rvarren alaosan murtumat ovat lapsilla eritt\u00e4in yleisi\u00e4. Tyypillinen tilanne on kaatuminen ojennetun k\u00e4den varaan esimerkiksi leikkiess\u00e4 tai urheillessa. Lapsen luusto on remodelloituvaa ja sill\u00e4 on suuri kyky korjata itse\u00e4\u00e4n kasvun my\u00f6t\u00e4, mik\u00e4 tekee hoidosta erilaista kuin aikuisilla.<\/p><h3 data-path-to-node=\"4\">Murtumatyypit ja niiden hoito<\/h3><p data-path-to-node=\"5\">L\u00e4\u00e4k\u00e4ri m\u00e4\u00e4ritt\u00e4\u00e4 murtuman tyypin r\u00f6ntgenkuvasta. Hoitolinja riippuu murtuman laadusta ja lapsen i\u00e4st\u00e4:<\/p><ol start=\"1\" data-path-to-node=\"6\"><li><p data-path-to-node=\"6,0,0\"><b data-path-to-node=\"6,0,0\" data-index-in-node=\"0\">Ryppymurtuma (Torus):<\/b><\/p><ul data-path-to-node=\"6,0,1\"><li><p data-path-to-node=\"6,0,1,0,0\"><b data-path-to-node=\"6,0,1,0,0\" data-index-in-node=\"0\">Mik\u00e4 se on?<\/b> Luu ei ole varsinaisesti poikki, vaan se on vain \u201dnitkahtanut\u201d tai rypistynyt toiselta puolelta.<\/p><\/li><li><p data-path-to-node=\"6,0,1,1,0\"><b data-path-to-node=\"6,0,1,1,0\" data-index-in-node=\"0\">Cuidados:<\/b> T\u00e4m\u00e4 on t\u00e4ysin vakaa vamma. Se hoidetaan 1\u20133 viikon mittaisella tukisidoksella (ortoosilla) tai kipsilastalla l\u00e4hinn\u00e4 kivun vuoksi. R\u00f6ntgenkontrolleja ei tarvita.<\/p><\/li><\/ul><\/li><li><p data-path-to-node=\"6,1,0\"><b data-path-to-node=\"6,1,0\" data-index-in-node=\"0\">Pajunvitsamurtuma (Greenstick):<\/b><\/p><ul data-path-to-node=\"6,1,1\"><li><p data-path-to-node=\"6,1,1,0,0\"><b data-path-to-node=\"6,1,1,0,0\" data-index-in-node=\"0\">Mik\u00e4 se on?<\/b> Luun toinen puoli on murtunut ja toinen puoli on taipunut (kuten tuore oksa).<\/p><\/li><li><p data-path-to-node=\"6,1,1,1,0\"><b data-path-to-node=\"6,1,1,1,0\" data-index-in-node=\"0\">Cuidados:<\/b> Jos asento on huono, murtuma t\u00e4ytyy suoristaa. Se on ep\u00e4vakaampi kuin ryppymurtuma, joten asento tarkistetaan usein r\u00f6ntgenkuvalla noin viikon kuluttua.<\/p><\/li><\/ul><\/li><li><p data-path-to-node=\"6,2,0\"><b data-path-to-node=\"6,2,0\" data-index-in-node=\"0\">Poikkimurtuma:<\/b><\/p><ul data-path-to-node=\"6,2,1\"><li><p data-path-to-node=\"6,2,1,0,0\"><b data-path-to-node=\"6,2,1,0,0\" data-index-in-node=\"0\">Mik\u00e4 se on?<\/b> Luu on kokonaan poikki.<\/p><\/li><li><p data-path-to-node=\"6,2,1,1,0\"><b data-path-to-node=\"6,2,1,1,0\" data-index-in-node=\"0\">Cuidados:<\/b> Jos luun p\u00e4\u00e4t ovat siirtyneet merkitt\u00e4v\u00e4sti, ne asetetaan paikoilleen (repositio). Pienill\u00e4 lapsilla suuretkin siirtym\u00e4t voivat korjaantua kasvun my\u00f6t\u00e4 itsest\u00e4\u00e4n, mutta n\u00e4kyv\u00e4 virheasento korjataan yleens\u00e4 aina.<\/p><\/li><\/ul><\/li><\/ol><hr data-path-to-node=\"7\" \/><h3 data-path-to-node=\"8\">Kasvun voima (Remodellaatio)<\/h3><p data-path-to-node=\"9\">Lapsen luusto korjaa virheasentoja h\u00e4mm\u00e4stytt\u00e4v\u00e4n tehokkaasti. T\u00e4t\u00e4 kutsutaan remodellaatioksi.<\/p><ul data-path-to-node=\"10\"><li><p data-path-to-node=\"10,0,0\"><b data-path-to-node=\"10,0,0\" data-index-in-node=\"0\">Alle 5-vuotiailla<\/b> voidaan hyv\u00e4ksy\u00e4 jopa 35 asteen kallistuma ranteen liikkeen suunnassa.<\/p><\/li><li><p data-path-to-node=\"10,1,0\"><b data-path-to-node=\"10,1,0\" data-index-in-node=\"0\">5\u201312-vuotiailla<\/b> hyv\u00e4ksyt\u00e4\u00e4n noin 25 asteen kallistuma.<\/p><\/li><li><p data-path-to-node=\"10,2,0\">Mit\u00e4 vanhempi lapsi on, sit\u00e4 tarkempaa asentoa tavoitellaan, koska kasvua on v\u00e4hemm\u00e4n j\u00e4ljell\u00e4.<\/p><\/li><\/ul><h3 data-path-to-node=\"11\">Leikkaushoito ja metallipiikit<\/h3><p data-path-to-node=\"12\">Jos murtuma on hyvin ep\u00e4vakaa tai asento on huono, murtuma suoristetaan leikkaussalissa nukutuksessa.<\/p><ul data-path-to-node=\"13\"><li><p data-path-to-node=\"13,0,0\"><b data-path-to-node=\"13,0,0\" data-index-in-node=\"0\">Piikitys:<\/b> Murtuma voidaan tukea ihon l\u00e4pi asennettavilla sileill\u00e4 metallipiikeill\u00e4 (K-piikit). Ne est\u00e4v\u00e4t asennon pett\u00e4misen kipsin sis\u00e4ll\u00e4.<\/p><\/li><li><p data-path-to-node=\"13,1,0\"><b data-path-to-node=\"13,1,0\" data-index-in-node=\"0\">Kasvulevymurtumat:<\/b> Jos murtuma vaurioittaa nivelpintaa tai kasvulevy\u00e4, se vaatii erityisen huolellista hoitoa ja usein leikkausta, jotta luun pituuskasvu ei h\u00e4iriinny.<\/p><\/li><\/ul><hr data-path-to-node=\"14\" \/><h3 data-path-to-node=\"15\">Kipsihoito ja koti-ohjeet<\/h3><p data-path-to-node=\"16\">Murtuma tuetaan yleens\u00e4 yksil\u00f6llisell\u00e4 <b data-path-to-node=\"16\" data-index-in-node=\"39\">kipsilastalla<\/b>, joka j\u00e4tt\u00e4\u00e4 sormet ja kyyn\u00e4rp\u00e4\u00e4n vapaiksi liikkumaan.<\/p><p data-path-to-node=\"17\"><b data-path-to-node=\"17\" data-index-in-node=\"0\">Toimi n\u00e4in kotona:<\/b><\/p><ul data-path-to-node=\"18\"><li><p data-path-to-node=\"18,0,0\"><b data-path-to-node=\"18,0,0\" data-index-in-node=\"0\">Kipul\u00e4\u00e4kitys:<\/b> Anna lapselle kipul\u00e4\u00e4kett\u00e4 (esim. parasetamoli tai ibuprofeeni) s\u00e4\u00e4nn\u00f6llisesti ensimm\u00e4isten p\u00e4ivien ajan.<\/p><\/li><li><p data-path-to-node=\"18,1,0\"><b data-path-to-node=\"18,1,0\" data-index-in-node=\"0\">Liike:<\/b> Kannusta lasta liikuttamaan sormia aktiivisesti heti alusta alkaen.<\/p><\/li><li><p data-path-to-node=\"18,2,0\"><b data-path-to-node=\"18,2,0\" data-index-in-node=\"0\">Tarkkailu:<\/b> Ota yhteys l\u00e4\u00e4k\u00e4riin, jos sormet muuttuvat sinisiksi, kylmiksi, tunnottomiksi tai jos lapsella on kovaa kipua, joka ei helpota l\u00e4\u00e4kkeill\u00e4.<\/p><\/li><\/ul><hr data-path-to-node=\"19\" \/><h3 data-path-to-node=\"20\">Milloin tarvitaan seurantaa?<\/h3><ul data-path-to-node=\"21\"><li><p data-path-to-node=\"21,0,0\"><b data-path-to-node=\"21,0,0\" data-index-in-node=\"0\">Ryppymurtumia<\/b> ei tarvitse kuvata uudelleen.<\/p><\/li><li><p data-path-to-node=\"21,1,0\"><b data-path-to-node=\"21,1,0\" data-index-in-node=\"0\">Pajunvitsa- ja poikkimurtumat<\/b> kontrolloidaan yleens\u00e4 r\u00f6ntgenkuvalla 7\u201310 p\u00e4iv\u00e4n kuluttua, jotta varmistetaan, ettei asento ole muuttunut kipsiss\u00e4.<\/p><\/li><li><p data-path-to-node=\"21,2,0\"><b data-path-to-node=\"21,2,0\" data-index-in-node=\"0\">Piikitetyt murtumat<\/b> kuvataan ennen piikkien poistoa (yleens\u00e4 3\u20134 viikon kohdalla).<\/p><\/li><\/ul><p>Artigo Duodecim<\/p><p><a href=\"https:\/\/www.duodecimlehti.fi\/duo16023\" target=\"_blank\" rel=\"noopener\">https:\/\/www.duodecimlehti.fi\/duo16023<\/a><\/p>\t\t\t\t\t\t\t\t<\/div>\n\t\t\t\t<\/div>\n\t\t\t\t\t<\/div>\n\t\t\t\t<\/div>\n\t\t\t\t<\/div>","protected":false},"excerpt":{"rendered":"<p>Lapsen kyyn\u00e4rvarren alaosan murtuma (\u201drannemurtuma\u201d) Kyyn\u00e4rvarren alaosan murtumat ovat lapsilla eritt\u00e4in yleisi\u00e4. Tyypillinen tilanne on kaatuminen ojennetun k\u00e4den varaan esimerkiksi leikkiess\u00e4 tai urheillessa. Lapsen luusto on remodelloituvaa ja sill\u00e4 on suuri kyky korjata itse\u00e4\u00e4n kasvun my\u00f6t\u00e4, mik\u00e4 tekee hoidosta erilaista kuin aikuisilla. Murtumatyypit ja niiden hoito L\u00e4\u00e4k\u00e4ri m\u00e4\u00e4ritt\u00e4\u00e4 murtuman tyypin r\u00f6ntgenkuvasta. Hoitolinja riippuu murtuman laadusta [&hellip;]<\/p>\n","protected":false},"author":1,"featured_media":0,"parent":0,"menu_order":0,"comment_status":"closed","ping_status":"closed","template":"","meta":{"_angie_page":false,"site-sidebar-layout":"no-sidebar","site-content-layout":"page-builder","ast-site-content-layout":"full-width-container","site-content-style":"default","site-sidebar-style":"default","ast-global-header-display":"","ast-banner-title-visibility":"","ast-main-header-display":"","ast-hfb-above-header-display":"","ast-hfb-below-header-display":"","ast-hfb-mobile-header-display":"","site-post-title":"","ast-breadcrumbs-content":"","ast-featured-img":"disabled","footer-sml-layout":"","ast-disable-related-posts":"","theme-transparent-header-meta":"","adv-header-id-meta":"","stick-header-meta":"","header-above-stick-meta":"","header-main-stick-meta":"","header-below-stick-meta":"","astra-migrate-meta-layouts":"set","ast-page-background-enabled":"default","ast-page-background-meta":{"desktop":{"background-color":"","background-image":"","background-repeat":"repeat","background-position":"center center","background-size":"auto","background-attachment":"scroll","background-type":"","background-media":"","overlay-type":"","overlay-color":"","overlay-opacity":"","overlay-gradient":""},"tablet":{"background-color":"","background-image":"","background-repeat":"repeat","background-position":"center center","background-size":"auto","background-attachment":"scroll","background-type":"","background-media":"","overlay-type":"","overlay-color":"","overlay-opacity":"","overlay-gradient":""},"mobile":{"background-color":"","background-image":"","background-repeat":"repeat","background-position":"center center","background-size":"auto","background-attachment":"scroll","background-type":"","background-media":"","overlay-type":"","overlay-color":"","overlay-opacity":"","overlay-gradient":""}},"ast-content-background-meta":{"desktop":{"background-color":"var(--ast-global-color-5)","background-image":"","background-repeat":"repeat","background-position":"center center","background-size":"auto","background-attachment":"scroll","background-type":"","background-media":"","overlay-type":"","overlay-color":"","overlay-opacity":"","overlay-gradient":""},"tablet":{"background-color":"var(--ast-global-color-5)","background-image":"","background-repeat":"repeat","background-position":"center center","background-size":"auto","background-attachment":"scroll","background-type":"","background-media":"","overlay-type":"","overlay-color":"","overlay-opacity":"","overlay-gradient":""},"mobile":{"background-color":"var(--ast-global-color-5)","background-image":"","background-repeat":"repeat","background-position":"center center","background-size":"auto","background-attachment":"scroll","background-type":"","background-media":"","overlay-type":"","overlay-color":"","overlay-opacity":"","overlay-gradient":""}},"footnotes":""},"class_list":["post-1386","page","type-page","status-publish","hentry"],"_links":{"self":[{"href":"https:\/\/lastenkirurgia.fi\/pt\/wp-json\/wp\/v2\/pages\/1386","targetHints":{"allow":["GET"]}}],"collection":[{"href":"https:\/\/lastenkirurgia.fi\/pt\/wp-json\/wp\/v2\/pages"}],"about":[{"href":"https:\/\/lastenkirurgia.fi\/pt\/wp-json\/wp\/v2\/types\/page"}],"author":[{"embeddable":true,"href":"https:\/\/lastenkirurgia.fi\/pt\/wp-json\/wp\/v2\/users\/1"}],"replies":[{"embeddable":true,"href":"https:\/\/lastenkirurgia.fi\/pt\/wp-json\/wp\/v2\/comments?post=1386"}],"version-history":[{"count":4,"href":"https:\/\/lastenkirurgia.fi\/pt\/wp-json\/wp\/v2\/pages\/1386\/revisions"}],"predecessor-version":[{"id":1655,"href":"https:\/\/lastenkirurgia.fi\/pt\/wp-json\/wp\/v2\/pages\/1386\/revisions\/1655"}],"wp:attachment":[{"href":"https:\/\/lastenkirurgia.fi\/pt\/wp-json\/wp\/v2\/media?parent=1386"}],"curies":[{"name":"wp","href":"https:\/\/api.w.org\/{rel}","templated":true}]}}