{"id":1390,"date":"2026-04-09T13:54:21","date_gmt":"2026-04-09T13:54:21","guid":{"rendered":"https:\/\/darkcyan-pheasant-754087.hostingersite.com\/?page_id=1390"},"modified":"2026-04-12T15:42:18","modified_gmt":"2026-04-12T15:42:18","slug":"lapsen-kaden-vamma","status":"publish","type":"page","link":"https:\/\/lastenkirurgia.fi\/pt\/lapsen-kaden-vamma\/","title":{"rendered":"Les\u00e3o na m\u00e3o da crian\u00e7a"},"content":{"rendered":"<div data-elementor-type=\"wp-page\" data-elementor-id=\"1390\" class=\"elementor elementor-1390\" data-elementor-post-type=\"page\">\n\t\t\t\t<div class=\"elementor-element elementor-element-17b6c2e e-flex e-con-boxed e-con e-parent\" data-id=\"17b6c2e\" data-element_type=\"container\" data-e-type=\"container\">\n\t\t\t\t\t<div class=\"e-con-inner\">\n\t\t\t\t<div class=\"elementor-element elementor-element-a7fff64 elementor-widget elementor-widget-text-editor\" data-id=\"a7fff64\" data-element_type=\"widget\" data-e-type=\"widget\" data-widget_type=\"text-editor.default\">\n\t\t\t\t<div class=\"elementor-widget-container\">\n\t\t\t\t\t\t\t\t\t<h2 data-path-to-node=\"2\">Les\u00f5es nas m\u00e3os e nos pulsos de crian\u00e7as: um guia para pais<\/h2><p data-path-to-node=\"3\">A m\u00e3o \u00e9 a parte do corpo mais frequentemente lesionada em crian\u00e7as. O tratamento de fraturas em crian\u00e7as difere do tratamento em adultos porque os ossos das crian\u00e7as est\u00e3o em constante crescimento. Esse crescimento \u00e9 uma grande vantagem, pois pode corrigir muitas desalinhamentos p\u00f3s-fratura por si s\u00f3.<\/p><h3 data-path-to-node=\"4\">Tipos mais comuns de les\u00f5es<\/h3><ul data-path-to-node=\"5\"><li><p data-path-to-node=\"5,0,0\"><b data-path-to-node=\"5,0,0\" data-index-in-node=\"0\">Les\u00f5es na ponta dos dedos:<\/b> Prender o dedo na porta \u00e9 um acidente comum em crian\u00e7as pequenas. Mesmo que haja uma fratura, o mais importante costuma ser verificar o estado da unha e, se necess\u00e1rio, repar\u00e1-la.<\/p><\/li><li><p data-path-to-node=\"5,1,0\"><b data-path-to-node=\"5,1,0\" data-index-in-node=\"0\">Fraturas da base dos dedos e dos ossos metacarpais:<\/b> Les\u00f5es s\u00e3o comuns em crian\u00e7as mais velhas e, na maioria das vezes, s\u00e3o tratadas sem cirurgia, com bandagem, tala ou gesso.<\/p><\/li><li><p data-path-to-node=\"5,2,0\"><b data-path-to-node=\"5,2,0\" data-index-in-node=\"0\">Fraturas na regi\u00e3o do punho:<\/b> Fraturas da parte inferior do r\u00e1dio, especialmente aquelas causadas por quedas, s\u00e3o muito comuns.<\/p><\/li><\/ul><h3 data-path-to-node=\"6\">Fraturas que requerem aten\u00e7\u00e3o especial<\/h3><p data-path-to-node=\"7\">Alguns tipos de fraturas s\u00e3o insidiosos e quase sempre exigem tratamento especializado ou cirurgia:<\/p><ol start=\"1\" data-path-to-node=\"8\"><li><p data-path-to-node=\"8,0,0\"><b data-path-to-node=\"8,0,0\" data-index-in-node=\"0\">Fratura de Seymour:<\/b> Uma fratura que atravessa a linha de crescimento da ponta do dedo, onde a raiz da unha pode permanecer na lacuna da fratura.<\/p><\/li><li><p data-path-to-node=\"8,1,0\"><b data-path-to-node=\"8,1,0\" data-index-in-node=\"0\">Fratura do colo do dedo:<\/b> A parte fraturada pode girar at\u00e9 180 graus. Se n\u00e3o for tratada, essa condi\u00e7\u00e3o limitar\u00e1 permanentemente a capacidade de dobrar o dedo.<\/p><\/li><li><p data-path-to-node=\"8,2,0\"><b data-path-to-node=\"8,2,0\" data-index-in-node=\"0\">Fraturas intra-articulares:<\/b> Frequentemente, \u00e9 necess\u00e1ria cirurgia para deixar a superf\u00edcie da articula\u00e7\u00e3o completamente lisa.<\/p><\/li><li><p data-path-to-node=\"8,3,0\"><b data-path-to-node=\"8,3,0\" data-index-in-node=\"0\">Tor\u00e7\u00f5es (erros rotacionais):<\/b> Ao contr\u00e1rio dos erros angulares, <b data-path-to-node=\"8,3,0\" data-index-in-node=\"55\">O crescimento n\u00e3o corrige a curvatura do osso.<\/b>. Portanto, \u00e9 importante verificar se os dedos se dobram na dire\u00e7\u00e3o correta quando flexionados (se as unhas apontam na mesma dire\u00e7\u00e3o).<\/p><\/li><\/ol><hr data-path-to-node=\"9\" \/><h3 data-path-to-node=\"10\">Tipos de fraturas do punho e seu tratamento<\/h3><p data-path-to-node=\"11\">O m\u00e9dico determinar\u00e1 o tipo de fratura com base na radiografia. O tratamento depender\u00e1 do tipo de fratura:<\/p><table data-path-to-node=\"12\"><thead><tr><td><strong>Tipo de fratura<\/strong><\/td><td><strong>Descri\u00e7\u00e3o<\/strong><\/td><td><strong>Tratamento t\u00edpico<\/strong><\/td><\/tr><\/thead><tbody><tr><td><span data-path-to-node=\"12,1,0,0\"><b data-path-to-node=\"12,1,0,0\" data-index-in-node=\"0\">fratura toroidal<\/b><\/span><\/td><td><span data-path-to-node=\"12,1,1,0\">&quot;Enrugamento&quot; da camada \u00f3ssea, uma les\u00e3o est\u00e1vel.<\/span><\/td><td><span data-path-to-node=\"12,1,2,0\">Uma bandagem de suporte, tala ou gesso, usado principalmente para controle da dor.<\/span><\/td><\/tr><tr><td><span data-path-to-node=\"12,2,0,0\"><b data-path-to-node=\"12,2,0,0\" data-index-in-node=\"0\">Vara verde (vara de salgueiro)<\/b><\/span><\/td><td><span data-path-to-node=\"12,2,1,0\">O osso quebra apenas de um lado e entorta.<\/span><\/td><td><span data-path-to-node=\"12,2,2,0\">Reposicionamento e reboco.<\/span><\/td><\/tr><tr><td><span data-path-to-node=\"12,3,0,0\"><b data-path-to-node=\"12,3,0,0\" data-index-in-node=\"0\">Fratura cruzada<\/b><\/span><\/td><td><span data-path-to-node=\"12,3,1,0\">O osso est\u00e1 completamente fraturado, frequentemente com encurtamento.<\/span><\/td><td><span data-path-to-node=\"12,3,2,0\">Endireitar e rebocar.<\/span><\/td><\/tr><tr><td><span data-path-to-node=\"12,4,0,0\"><b data-path-to-node=\"12,4,0,0\" data-index-in-node=\"0\">fratura da linha de crescimento<\/b><\/span><\/td><td><span data-path-to-node=\"12,4,1,0\">A fratura estende-se at\u00e9 a linha correspondente ao crescimento da coluna vertebral.<\/span><\/td><td><span data-path-to-node=\"12,4,2,0\">Posicionamento cuidadoso; evitar tentativas desnecess\u00e1rias de garantir o crescimento.<\/span><\/td><\/tr><\/tbody><\/table><hr data-path-to-node=\"13\" \/><h3 data-path-to-node=\"14\">A import\u00e2ncia do crescimento na recupera\u00e7\u00e3o<\/h3><p data-path-to-node=\"15\">A idade da crian\u00e7a \u00e9 um fator decisivo no tratamento:<\/p><ul data-path-to-node=\"16\"><li><p data-path-to-node=\"16,0,0\"><b data-path-to-node=\"16,0,0\" data-index-in-node=\"0\">Crian\u00e7as menores de 10 anos:<\/b> O potencial de reparo esquel\u00e9tico (remodela\u00e7\u00e3o) \u00e9 excelente. Por exemplo, no punho, um erro angular significativo (at\u00e9 30-35 graus) pode ser tolerado porque o crescimento endireita o osso ao longo do tempo.<\/p><\/li><li><p data-path-to-node=\"16,1,0\"><b data-path-to-node=\"16,1,0\" data-index-in-node=\"0\">Crian\u00e7as com mais de 10 anos e adolescentes:<\/b> H\u00e1 menos espa\u00e7o para crescimento, portanto a posi\u00e7\u00e3o da fratura \u00e9 mais precisa. O tratamento segue os princ\u00edpios do tratamento em adultos.<\/p><\/li><\/ul><h3 data-path-to-node=\"17\">Quando \u00e9 necess\u00e1ria uma cirurgia?<\/h3><p data-path-to-node=\"18\">Embora a maioria das les\u00f5es se cure com gesso, a cirurgia (por exemplo, pequenos pontos ou abertura) \u00e9 necess\u00e1ria se:<\/p><ul data-path-to-node=\"19\"><li><p data-path-to-node=\"19,0,0\">Existe um entalhe na superf\u00edcie articular.<\/p><\/li><li><p data-path-to-node=\"19,1,0\">A fratura apresenta um erro torsional significativo.<\/p><\/li><li><p data-path-to-node=\"19,2,0\">A posi\u00e7\u00e3o da fratura \u00e9 t\u00e3o inst\u00e1vel que n\u00e3o pode ser mantida no lugar apenas com gesso.<\/p><\/li><li><p data-path-to-node=\"19,3,0\">Trata-se de uma les\u00e3o na linha de crescimento que amea\u00e7a o crescimento normal do osso no futuro.<\/p><\/li><\/ul><p>\u00a0<\/p><p>Revis\u00e3o de Cirurgia da M\u00e3o Pedi\u00e1trica sobre Les\u00f5es na M\u00e3o (Vers\u00e3o de 2014)<\/p><p><a href=\"https:\/\/bin.yhdistysavain.fi\/1607320\/KmxJWwsTh84H17vAox0p0Y0pGK\/sot1-14_lasten_kaden_ja_ranteen.pdf\" target=\"_blank\" rel=\"noopener\">https:\/\/bin.yhdistysavain.fi\/1607320\/KmxJWwsTh84H17vAox0p0Y0pGK\/sot1-14_lasten_kaden_ja_ranteen.pdf<\/a><\/p><p>\u00a0<\/p>\t\t\t\t\t\t\t\t<\/div>\n\t\t\t\t<\/div>\n\t\t\t\t\t<\/div>\n\t\t\t\t<\/div>\n\t\t\t\t<\/div>","protected":false},"excerpt":{"rendered":"<p>Lapsen k\u00e4den ja ranteen vammat: Opas vanhemmille K\u00e4si on lapsen yleisimmin vammautuva kehonosa. Lasten murtumien hoito eroaa aikuisten hoidosta, koska lapsen luusto kasvaa jatkuvasti. T\u00e4m\u00e4 kasvu on suuri etu, sill\u00e4 se pystyy korjaamaan monia murtuman j\u00e4lkeisi\u00e4 virheasentoja itsest\u00e4\u00e4n. Tavallisimmat vammatyypit Sormenp\u00e4iden vammat: Pienill\u00e4 lapsilla sormen j\u00e4\u00e4minen oven v\u00e4liin on tyypillinen tapaturma. Vaikka luussa olisi murtuma, [&hellip;]<\/p>\n","protected":false},"author":1,"featured_media":0,"parent":0,"menu_order":0,"comment_status":"closed","ping_status":"closed","template":"","meta":{"_angie_page":false,"site-sidebar-layout":"no-sidebar","site-content-layout":"page-builder","ast-site-content-layout":"full-width-container","site-content-style":"default","site-sidebar-style":"default","ast-global-header-display":"","ast-banner-title-visibility":"","ast-main-header-display":"","ast-hfb-above-header-display":"","ast-hfb-below-header-display":"","ast-hfb-mobile-header-display":"","site-post-title":"","ast-breadcrumbs-content":"","ast-featured-img":"disabled","footer-sml-layout":"","ast-disable-related-posts":"","theme-transparent-header-meta":"","adv-header-id-meta":"","stick-header-meta":"","header-above-stick-meta":"","header-main-stick-meta":"","header-below-stick-meta":"","astra-migrate-meta-layouts":"set","ast-page-background-enabled":"default","ast-page-background-meta":{"desktop":{"background-color":"","background-image":"","background-repeat":"repeat","background-position":"center center","background-size":"auto","background-attachment":"scroll","background-type":"","background-media":"","overlay-type":"","overlay-color":"","overlay-opacity":"","overlay-gradient":""},"tablet":{"background-color":"","background-image":"","background-repeat":"repeat","background-position":"center center","background-size":"auto","background-attachment":"scroll","background-type":"","background-media":"","overlay-type":"","overlay-color":"","overlay-opacity":"","overlay-gradient":""},"mobile":{"background-color":"","background-image":"","background-repeat":"repeat","background-position":"center center","background-size":"auto","background-attachment":"scroll","background-type":"","background-media":"","overlay-type":"","overlay-color":"","overlay-opacity":"","overlay-gradient":""}},"ast-content-background-meta":{"desktop":{"background-color":"var(--ast-global-color-5)","background-image":"","background-repeat":"repeat","background-position":"center center","background-size":"auto","background-attachment":"scroll","background-type":"","background-media":"","overlay-type":"","overlay-color":"","overlay-opacity":"","overlay-gradient":""},"tablet":{"background-color":"var(--ast-global-color-5)","background-image":"","background-repeat":"repeat","background-position":"center center","background-size":"auto","background-attachment":"scroll","background-type":"","background-media":"","overlay-type":"","overlay-color":"","overlay-opacity":"","overlay-gradient":""},"mobile":{"background-color":"var(--ast-global-color-5)","background-image":"","background-repeat":"repeat","background-position":"center center","background-size":"auto","background-attachment":"scroll","background-type":"","background-media":"","overlay-type":"","overlay-color":"","overlay-opacity":"","overlay-gradient":""}},"footnotes":""},"class_list":["post-1390","page","type-page","status-publish","hentry"],"_links":{"self":[{"href":"https:\/\/lastenkirurgia.fi\/pt\/wp-json\/wp\/v2\/pages\/1390","targetHints":{"allow":["GET"]}}],"collection":[{"href":"https:\/\/lastenkirurgia.fi\/pt\/wp-json\/wp\/v2\/pages"}],"about":[{"href":"https:\/\/lastenkirurgia.fi\/pt\/wp-json\/wp\/v2\/types\/page"}],"author":[{"embeddable":true,"href":"https:\/\/lastenkirurgia.fi\/pt\/wp-json\/wp\/v2\/users\/1"}],"replies":[{"embeddable":true,"href":"https:\/\/lastenkirurgia.fi\/pt\/wp-json\/wp\/v2\/comments?post=1390"}],"version-history":[{"count":4,"href":"https:\/\/lastenkirurgia.fi\/pt\/wp-json\/wp\/v2\/pages\/1390\/revisions"}],"predecessor-version":[{"id":1649,"href":"https:\/\/lastenkirurgia.fi\/pt\/wp-json\/wp\/v2\/pages\/1390\/revisions\/1649"}],"wp:attachment":[{"href":"https:\/\/lastenkirurgia.fi\/pt\/wp-json\/wp\/v2\/media?parent=1390"}],"curies":[{"name":"wp","href":"https:\/\/api.w.org\/{rel}","templated":true}]}}