{"id":1394,"date":"2026-04-09T13:54:57","date_gmt":"2026-04-09T13:54:57","guid":{"rendered":"https:\/\/darkcyan-pheasant-754087.hostingersite.com\/?page_id=1394"},"modified":"2026-04-12T15:38:13","modified_gmt":"2026-04-12T15:38:13","slug":"lapsen-polvikipu","status":"publish","type":"page","link":"https:\/\/lastenkirurgia.fi\/pt\/lapsen-polvikipu\/","title":{"rendered":"Dor no joelho da crian\u00e7a"},"content":{"rendered":"<div data-elementor-type=\"wp-page\" data-elementor-id=\"1394\" class=\"elementor elementor-1394\" data-elementor-post-type=\"page\">\n\t\t\t\t<div class=\"elementor-element elementor-element-c91ead2 e-flex e-con-boxed e-con e-parent\" data-id=\"c91ead2\" data-element_type=\"container\" data-e-type=\"container\">\n\t\t\t\t\t<div class=\"e-con-inner\">\n\t\t\t\t<div class=\"elementor-element elementor-element-707b9a8 elementor-widget elementor-widget-text-editor\" data-id=\"707b9a8\" data-element_type=\"widget\" data-e-type=\"widget\" data-widget_type=\"text-editor.default\">\n\t\t\t\t<div class=\"elementor-widget-container\">\n\t\t\t\t\t\t\t\t\t<h3 data-path-to-node=\"8\">Problemas comuns de distens\u00e3o no joelho<\/h3><p data-path-to-node=\"9\">Especialmente em jovens que praticam esportes e est\u00e3o em fase de crescimento, ocorrem condi\u00e7\u00f5es de dor t\u00edpicas:<\/p><ul data-path-to-node=\"10\"><li><p data-path-to-node=\"10,0,0\"><b data-path-to-node=\"10,0,0\" data-index-in-node=\"0\">Doen\u00e7a de Osgood-Schlatter:<\/b> \u00a0<b data-path-to-node=\"10,0,0\" data-index-in-node=\"28\">Sintomas:<\/b> Dor e incha\u00e7o na parte superior da t\u00edbia, logo abaixo da patela.<\/p><ul data-path-to-node=\"10,0,1\"><li><p data-path-to-node=\"10,0,1,0,0\"><b data-path-to-node=\"10,0,1,0,0\" data-index-in-node=\"0\">Raz\u00e3o:<\/b> Tens\u00e3o no local de inser\u00e7\u00e3o do tend\u00e3o do m\u00fasculo da coxa durante um estir\u00e3o de crescimento (tipicamente entre os 12 e 15 anos de idade).<\/p><\/li><li><p data-path-to-node=\"10,0,1,1,0\"><b data-path-to-node=\"10,0,1,1,0\" data-index-in-node=\"0\">Cuidados:<\/b> Reduzir o estresse durante a pr\u00e1tica esportiva e evitar movimentos dolorosos (como saltos) ajudar\u00e1 a melhorar a condi\u00e7\u00e3o espontaneamente at\u00e9 o final do crescimento.<\/p><\/li><\/ul><\/li><li><p data-path-to-node=\"10,1,0\"><b data-path-to-node=\"10,1,0\" data-index-in-node=\"0\">Osteocondrite dissecante (OCD):<\/b> \u00a0<b data-path-to-node=\"10,1,0\" data-index-in-node=\"35\">Sintomas:<\/b> Dor inc\u00f4moda no joelho, especialmente ao dobr\u00e1-lo, \u00e0s vezes com incha\u00e7o.<\/p><ul data-path-to-node=\"10,1,1\"><li><p data-path-to-node=\"10,1,1,0,0\"><b data-path-to-node=\"10,1,1,0,0\" data-index-in-node=\"0\">Raz\u00e3o:<\/b> Altera\u00e7\u00e3o na \u00e1rea cartilagem-osso<\/p><\/li><li><p data-path-to-node=\"10,1,1,1,0\"><b data-path-to-node=\"10,1,1,1,0\" data-index-in-node=\"0\">Cuidados:<\/b> Muitas vezes, apenas monitoramento e repouso s\u00e3o suficientes.<\/p><\/li><\/ul><\/li><li><p data-path-to-node=\"10,2,0\"><b data-path-to-node=\"10,2,0\" data-index-in-node=\"0\">Dor anterior no joelho (sintoma do tipo condromal\u00e1cia patelar):<\/b> \u00a0<b data-path-to-node=\"10,2,0\" data-index-in-node=\"63\">Sintomas:<\/b> Dor vaga na parte da frente do joelho ao correr ou ficar sentado por muito tempo (por exemplo, no carro ou no cinema).<\/p><ul data-path-to-node=\"10,2,1\"><li><p data-path-to-node=\"10,2,1,0,0\"><b data-path-to-node=\"10,2,1,0,0\" data-index-in-node=\"0\">Cuidados:<\/b> A dor costuma ser passageira e diminui com o tempo.<\/p><\/li><\/ul><\/li><\/ul><p>Em crian\u00e7as pequenas em idade pr\u00e9-escolar, as causas s\u00e3o diferentes e, \u00e0s vezes, \u00e9 dif\u00edcil determinar a localiza\u00e7\u00e3o exata da dor no membro. A causa pode ser uma les\u00e3o, sinovite, etc.\u00a0<\/p><hr data-path-to-node=\"11\" \/><h3 data-path-to-node=\"12\">Quando voc\u00ea deve consultar um m\u00e9dico?<\/h3><p data-path-to-node=\"13\">A maioria das dores tempor\u00e1rias no joelho melhora em poucos dias com repouso. Sintomas claros que requerem investiga\u00e7\u00e3o incluem:<\/p><ol start=\"1\" data-path-to-node=\"14\"><li><p data-path-to-node=\"14,0,0\"><b data-path-to-node=\"14,0,0\" data-index-in-node=\"0\">O joelho incha, fica quente ou vermelho.<\/b>\u00a0<\/p><\/li><li><p data-path-to-node=\"14,1,0\"><b data-path-to-node=\"14,1,0\" data-index-in-node=\"0\">A dor \u00e9 acompanhada de febre:<\/b> Isso requer avalia\u00e7\u00e3o imediata (de emerg\u00eancia) devido \u00e0 poss\u00edvel infec\u00e7\u00e3o bacteriana.<\/p><\/li><li><p data-path-to-node=\"14,2,0\"><b data-path-to-node=\"14,2,0\" data-index-in-node=\"0\">Mancar ou dor intensa<\/b> sem um motivo claro<\/p><\/li><li><p data-path-to-node=\"14,3,0\"><b data-path-to-node=\"14,3,0\" data-index-in-node=\"0\">Rigidez matinal:<\/b> A articula\u00e7\u00e3o fica r\u00edgida e sens\u00edvel pela manh\u00e3 (pode indicar uma doen\u00e7a inflamat\u00f3ria\/reumatismo).<\/p><\/li><li><p data-path-to-node=\"14,4,0\"><b data-path-to-node=\"14,4,0\" data-index-in-node=\"0\">A crian\u00e7a n\u00e3o consegue apoiar o peso na perna.<\/b><\/p><\/li><\/ol><p><a href=\"https:\/\/www.terveyskirjasto.fi\/dlk00471\" target=\"_blank\" rel=\"noopener\">https:\/\/www.terveyskirjasto.fi\/dlk00471<\/a><\/p>\t\t\t\t\t\t\t\t<\/div>\n\t\t\t\t<\/div>\n\t\t\t\t\t<\/div>\n\t\t\t\t<\/div>\n\t\t\t\t<\/div>","protected":false},"excerpt":{"rendered":"<p>Tavalliset polven rasitusvaivat Erityisesti urheilevilla ja kasvavilla nuorilla esiintyy tyypillisi\u00e4 kiputiloja: Osgood\u2013Schlatterin tauti: \u00a0Oireet: Kipua ja turvotusta s\u00e4\u00e4riluun yl\u00e4osassa, juuri polvilumpion alapuolella. Syy: Reisilihaksen j\u00e4nteen kiinnityskohdan rasitus kasvupyr\u00e4hdyksen aikana (tyypillisesti 12\u201315-vuotiailla). Hoito: Urheilurasituksen kevent\u00e4minen ja kivuliaiden liikkeiden (kuten hyppyjen) v\u00e4ltt\u00e4minen. Vaiva paranevat itsest\u00e4\u00e4n viimeist\u00e4\u00e4n kasvun p\u00e4\u00e4ttyess\u00e4. Osteochondritis dissecans (OCD): \u00a0Oireet: Jomottava s\u00e4rky polvessa varsinkin koukistaessa, [&hellip;]<\/p>\n","protected":false},"author":1,"featured_media":0,"parent":0,"menu_order":0,"comment_status":"closed","ping_status":"closed","template":"","meta":{"_angie_page":false,"site-sidebar-layout":"no-sidebar","site-content-layout":"page-builder","ast-site-content-layout":"full-width-container","site-content-style":"default","site-sidebar-style":"default","ast-global-header-display":"","ast-banner-title-visibility":"","ast-main-header-display":"","ast-hfb-above-header-display":"","ast-hfb-below-header-display":"","ast-hfb-mobile-header-display":"","site-post-title":"","ast-breadcrumbs-content":"","ast-featured-img":"disabled","footer-sml-layout":"","ast-disable-related-posts":"","theme-transparent-header-meta":"","adv-header-id-meta":"","stick-header-meta":"","header-above-stick-meta":"","header-main-stick-meta":"","header-below-stick-meta":"","astra-migrate-meta-layouts":"set","ast-page-background-enabled":"default","ast-page-background-meta":{"desktop":{"background-color":"","background-image":"","background-repeat":"repeat","background-position":"center center","background-size":"auto","background-attachment":"scroll","background-type":"","background-media":"","overlay-type":"","overlay-color":"","overlay-opacity":"","overlay-gradient":""},"tablet":{"background-color":"","background-image":"","background-repeat":"repeat","background-position":"center center","background-size":"auto","background-attachment":"scroll","background-type":"","background-media":"","overlay-type":"","overlay-color":"","overlay-opacity":"","overlay-gradient":""},"mobile":{"background-color":"","background-image":"","background-repeat":"repeat","background-position":"center center","background-size":"auto","background-attachment":"scroll","background-type":"","background-media":"","overlay-type":"","overlay-color":"","overlay-opacity":"","overlay-gradient":""}},"ast-content-background-meta":{"desktop":{"background-color":"var(--ast-global-color-5)","background-image":"","background-repeat":"repeat","background-position":"center center","background-size":"auto","background-attachment":"scroll","background-type":"","background-media":"","overlay-type":"","overlay-color":"","overlay-opacity":"","overlay-gradient":""},"tablet":{"background-color":"var(--ast-global-color-5)","background-image":"","background-repeat":"repeat","background-position":"center center","background-size":"auto","background-attachment":"scroll","background-type":"","background-media":"","overlay-type":"","overlay-color":"","overlay-opacity":"","overlay-gradient":""},"mobile":{"background-color":"var(--ast-global-color-5)","background-image":"","background-repeat":"repeat","background-position":"center center","background-size":"auto","background-attachment":"scroll","background-type":"","background-media":"","overlay-type":"","overlay-color":"","overlay-opacity":"","overlay-gradient":""}},"footnotes":""},"class_list":["post-1394","page","type-page","status-publish","hentry"],"_links":{"self":[{"href":"https:\/\/lastenkirurgia.fi\/pt\/wp-json\/wp\/v2\/pages\/1394","targetHints":{"allow":["GET"]}}],"collection":[{"href":"https:\/\/lastenkirurgia.fi\/pt\/wp-json\/wp\/v2\/pages"}],"about":[{"href":"https:\/\/lastenkirurgia.fi\/pt\/wp-json\/wp\/v2\/types\/page"}],"author":[{"embeddable":true,"href":"https:\/\/lastenkirurgia.fi\/pt\/wp-json\/wp\/v2\/users\/1"}],"replies":[{"embeddable":true,"href":"https:\/\/lastenkirurgia.fi\/pt\/wp-json\/wp\/v2\/comments?post=1394"}],"version-history":[{"count":4,"href":"https:\/\/lastenkirurgia.fi\/pt\/wp-json\/wp\/v2\/pages\/1394\/revisions"}],"predecessor-version":[{"id":1646,"href":"https:\/\/lastenkirurgia.fi\/pt\/wp-json\/wp\/v2\/pages\/1394\/revisions\/1646"}],"wp:attachment":[{"href":"https:\/\/lastenkirurgia.fi\/pt\/wp-json\/wp\/v2\/media?parent=1394"}],"curies":[{"name":"wp","href":"https:\/\/api.w.org\/{rel}","templated":true}]}}