{"id":1402,"date":"2026-04-09T13:56:34","date_gmt":"2026-04-09T13:56:34","guid":{"rendered":"https:\/\/darkcyan-pheasant-754087.hostingersite.com\/?page_id=1402"},"modified":"2026-04-12T15:09:13","modified_gmt":"2026-04-12T15:09:13","slug":"lapsen-kuopparinta","status":"publish","type":"page","link":"https:\/\/lastenkirurgia.fi\/pt\/lapsen-kuopparinta\/","title":{"rendered":"Peito com covinhas de crian\u00e7a"},"content":{"rendered":"<div data-elementor-type=\"wp-page\" data-elementor-id=\"1402\" class=\"elementor elementor-1402\" data-elementor-post-type=\"page\">\n\t\t\t\t<div class=\"elementor-element elementor-element-a863414 e-flex e-con-boxed e-con e-parent\" data-id=\"a863414\" data-element_type=\"container\" data-e-type=\"container\">\n\t\t\t\t\t<div class=\"e-con-inner\">\n\t\t\t\t<div class=\"elementor-element elementor-element-3d2f344 elementor-widget elementor-widget-text-editor\" data-id=\"3d2f344\" data-element_type=\"widget\" data-e-type=\"widget\" data-widget_type=\"text-editor.default\">\n\t\t\t\t<div class=\"elementor-widget-container\">\n\t\t\t\t\t\t\t\t\t<h2 data-path-to-node=\"2\">Um guia para os pais: pectus excavatum da crian\u00e7a<\/h2><p data-path-to-node=\"3\">O m\u00fasculo peitoral maior \u00e9 a anomalia estrutural cong\u00eanita mais comum do t\u00f3rax, na qual o esterno se encontra retra\u00eddo para dentro, formando uma cavidade em forma de ta\u00e7a. \u00c9 significativamente mais comum em meninos do que em meninas.<\/p><h3 data-path-to-node=\"4\">O que causa a apar\u00eancia de covinhas no peito?<\/h3><p data-path-to-node=\"5\">Acredita-se que a anomalia seja causada por um crescimento excessivo da cartilagem costal, que empurra o esterno para dentro. Frequentemente, a depress\u00e3o no peito s\u00f3 se torna claramente vis\u00edvel durante o estir\u00e3o de crescimento da puberdade. Embora a condi\u00e7\u00e3o seja cong\u00eanita, na maioria das vezes \u00e9 inofensiva e puramente est\u00e9tica.<\/p><h3 data-path-to-node=\"6\">Sintomas e desvantagens<\/h3><p data-path-to-node=\"7\">Para muitas crian\u00e7as, a presen\u00e7a de covinhas no peito n\u00e3o causa nenhum sintoma f\u00edsico. Os problemas geralmente s\u00e3o divididos em dois grupos:<\/p><ul data-path-to-node=\"8\"><li><p data-path-to-node=\"8,0,0\"><b data-path-to-node=\"8,0,0\" data-index-in-node=\"0\">Comprometimento est\u00e9tico e mental:<\/b> O motivo mais comum para procurar tratamento. Um jovem pode achar a covinha inc\u00f4moda, por exemplo, em uma piscina ou durante aulas de gin\u00e1stica, o que pode afetar a autoestima.<\/p><\/li><li><p data-path-to-node=\"8,1,0\"><b data-path-to-node=\"8,1,0\" data-index-in-node=\"0\">Sintomas f\u00edsicos:<\/b> Em casos mais graves de azia, podem ocorrer falta de ar, baixa toler\u00e2ncia ao exerc\u00edcio, dor no peito ou palpita\u00e7\u00f5es, especialmente durante o esfor\u00e7o. Isso acontece porque o esterno pode estar pressionando o cora\u00e7\u00e3o ou restringindo a expans\u00e3o pulmonar.<\/p><\/li><\/ul><h3 data-path-to-node=\"9\">Pesquisar<\/h3><p data-path-to-node=\"10\">Se o seu filho apresentar covinhas no peito, o m\u00e9dico poder\u00e1 encaminh\u00e1-lo a um hospital especializado com base em um simples exame externo. O hospital poder\u00e1 realizar exames mais detalhados.<\/p><ul data-path-to-node=\"11\"><li><p data-path-to-node=\"11,0,0\"><b data-path-to-node=\"11,0,0\" data-index-in-node=\"0\">Resson\u00e2ncia magn\u00e9tica (RM):<\/b> A profundidade exata da cratera e seu efeito sobre o cora\u00e7\u00e3o est\u00e3o sendo determinados.<\/p><\/li><li><p data-path-to-node=\"11,1,0\"><b data-path-to-node=\"11,1,0\" data-index-in-node=\"0\">Espirometria:<\/b> O volume e a fun\u00e7\u00e3o pulmonar s\u00e3o medidos.<\/p><\/li><li><p data-path-to-node=\"11,2,0\"><b data-path-to-node=\"11,2,0\" data-index-in-node=\"0\">ELETROCARDIOGRAMA:<\/b> A atividade el\u00e9trica do cora\u00e7\u00e3o \u00e9 verificada.<\/p><\/li><\/ul><h3 data-path-to-node=\"12\">Op\u00e7\u00f5es de tratamento<\/h3><p data-path-to-node=\"13\">A presen\u00e7a de uma leve depress\u00e3o no t\u00f3rax, quando assintom\u00e1tica, n\u00e3o requer tratamento. Fisioterapia ou exerc\u00edcios n\u00e3o eliminar\u00e3o a depress\u00e3o, mas um bom t\u00f4nus muscular e uma postura adequada podem melhorar a apar\u00eancia do t\u00f3rax.<\/p><p data-path-to-node=\"14\"><b data-path-to-node=\"14\" data-index-in-node=\"0\">Tratamento cir\u00fargico (cirurgia de Nuss):<\/b> Se a cavidade for profunda ou causar desconforto significativo, pode ser reparada cirurgicamente.<\/p><ul data-path-to-node=\"15\"><li><p data-path-to-node=\"15,0,0\"><b data-path-to-node=\"15,0,0\" data-index-in-node=\"0\">Como se faz isso?<\/b> O m\u00e9todo mais comum \u00e9 a cirurgia laparosc\u00f3pica, na qual 1 a 2 implantes de a\u00e7o moldados s\u00e3o inseridos sob o esterno. Estes elevam o esterno.<\/p><\/li><li><p data-path-to-node=\"15,1,0\"><b data-path-to-node=\"15,1,0\" data-index-in-node=\"0\">Com que idade?<\/b> A idade mais adequada costuma ser entre 12 e 16 anos, quando o t\u00f3rax ainda \u00e9 flex\u00edvel, mas suficientemente forte.<\/p><\/li><li><p data-path-to-node=\"15,2,0\"><b data-path-to-node=\"15,2,0\" data-index-in-node=\"0\">Recupera\u00e7\u00e3o:<\/b> Gra\u00e7as aos m\u00e9todos atuais de controle da dor (como a crioterapia dos nervos), a hospitaliza\u00e7\u00e3o costuma durar apenas alguns dias. Exerc\u00edcios extenuantes e esportes de contato devem ser evitados por cerca de 3 meses ap\u00f3s a cirurgia.<\/p><\/li><li><p data-path-to-node=\"15,3,0\"><b data-path-to-node=\"15,3,0\" data-index-in-node=\"0\">Remo\u00e7\u00e3o do implante:<\/b> Os suportes de a\u00e7o s\u00e3o removidos em um procedimento simples ap\u00f3s cerca de quatro anos, quando o ba\u00fa j\u00e1 se remodelou permanentemente em sua nova posi\u00e7\u00e3o.<\/p><\/li><\/ul><h3 data-path-to-node=\"16\">Quando devo consultar um m\u00e9dico?<\/h3><p data-path-to-node=\"17\">\u00c9 recomend\u00e1vel discutir o assunto com um m\u00e9dico se:<\/p><ol start=\"1\" data-path-to-node=\"18\"><li><p data-path-to-node=\"18,0,0\">A cova \u00e9 profunda ou aprofunda-se rapidamente com o crescimento.<\/p><\/li><li><p data-path-to-node=\"18,1,0\">A crian\u00e7a apresenta falta de ar incomum ou queixa-se de dor no peito ao fazer esfor\u00e7o.<\/p><\/li><li><p data-path-to-node=\"18,2,0\">A presen\u00e7a de covinhas no peito causa danos psicol\u00f3gicos evidentes na crian\u00e7a ou no jovem, ou um desejo de se isolar do conv\u00edvio social.<\/p><\/li><\/ol><p>Artigo Duodecim<\/p><p><a href=\"https:\/\/www.duodecimlehti.fi\/duo17674\" target=\"_blank\" rel=\"noopener\">https:\/\/www.duodecimlehti.fi\/duo17674<\/a><\/p><p>\u00a0<\/p>\t\t\t\t\t\t\t\t<\/div>\n\t\t\t\t<\/div>\n\t\t\t\t\t<\/div>\n\t\t\t\t<\/div>\n\t\t\t\t<\/div>","protected":false},"excerpt":{"rendered":"<p>Opas vanhemmille: Lapsen kuopparinta (Pectus excavatum) Kuopparinta on rintakeh\u00e4n yleisin synnynn\u00e4inen rakennepoikkeama, jossa rintalasta on painunut sis\u00e4\u00e4np\u00e4in muodostaen kuppimaisen kuopan. Se on huomattavasti yleisempi pojilla kuin tyt\u00f6ill\u00e4. Mist\u00e4 kuopparinta johtuu? Poikkeaman uskotaan johtuvan kylkirustojen liikakasvusta, joka painaa rintalastaa sis\u00e4\u00e4np\u00e4in. Usein kuopparinta tulee selv\u00e4sti esiin vasta murrosi\u00e4n kasvupyr\u00e4hdyksen yhteydess\u00e4. Vaikka tila on synnynn\u00e4inen, se on useimmiten [&hellip;]<\/p>\n","protected":false},"author":1,"featured_media":0,"parent":0,"menu_order":0,"comment_status":"closed","ping_status":"closed","template":"","meta":{"_angie_page":false,"site-sidebar-layout":"no-sidebar","site-content-layout":"page-builder","ast-site-content-layout":"full-width-container","site-content-style":"default","site-sidebar-style":"default","ast-global-header-display":"","ast-banner-title-visibility":"","ast-main-header-display":"","ast-hfb-above-header-display":"","ast-hfb-below-header-display":"","ast-hfb-mobile-header-display":"","site-post-title":"","ast-breadcrumbs-content":"","ast-featured-img":"disabled","footer-sml-layout":"","ast-disable-related-posts":"","theme-transparent-header-meta":"","adv-header-id-meta":"","stick-header-meta":"","header-above-stick-meta":"","header-main-stick-meta":"","header-below-stick-meta":"","astra-migrate-meta-layouts":"set","ast-page-background-enabled":"default","ast-page-background-meta":{"desktop":{"background-color":"","background-image":"","background-repeat":"repeat","background-position":"center center","background-size":"auto","background-attachment":"scroll","background-type":"","background-media":"","overlay-type":"","overlay-color":"","overlay-opacity":"","overlay-gradient":""},"tablet":{"background-color":"","background-image":"","background-repeat":"repeat","background-position":"center center","background-size":"auto","background-attachment":"scroll","background-type":"","background-media":"","overlay-type":"","overlay-color":"","overlay-opacity":"","overlay-gradient":""},"mobile":{"background-color":"","background-image":"","background-repeat":"repeat","background-position":"center center","background-size":"auto","background-attachment":"scroll","background-type":"","background-media":"","overlay-type":"","overlay-color":"","overlay-opacity":"","overlay-gradient":""}},"ast-content-background-meta":{"desktop":{"background-color":"var(--ast-global-color-5)","background-image":"","background-repeat":"repeat","background-position":"center center","background-size":"auto","background-attachment":"scroll","background-type":"","background-media":"","overlay-type":"","overlay-color":"","overlay-opacity":"","overlay-gradient":""},"tablet":{"background-color":"var(--ast-global-color-5)","background-image":"","background-repeat":"repeat","background-position":"center center","background-size":"auto","background-attachment":"scroll","background-type":"","background-media":"","overlay-type":"","overlay-color":"","overlay-opacity":"","overlay-gradient":""},"mobile":{"background-color":"var(--ast-global-color-5)","background-image":"","background-repeat":"repeat","background-position":"center center","background-size":"auto","background-attachment":"scroll","background-type":"","background-media":"","overlay-type":"","overlay-color":"","overlay-opacity":"","overlay-gradient":""}},"footnotes":""},"class_list":["post-1402","page","type-page","status-publish","hentry"],"_links":{"self":[{"href":"https:\/\/lastenkirurgia.fi\/pt\/wp-json\/wp\/v2\/pages\/1402","targetHints":{"allow":["GET"]}}],"collection":[{"href":"https:\/\/lastenkirurgia.fi\/pt\/wp-json\/wp\/v2\/pages"}],"about":[{"href":"https:\/\/lastenkirurgia.fi\/pt\/wp-json\/wp\/v2\/types\/page"}],"author":[{"embeddable":true,"href":"https:\/\/lastenkirurgia.fi\/pt\/wp-json\/wp\/v2\/users\/1"}],"replies":[{"embeddable":true,"href":"https:\/\/lastenkirurgia.fi\/pt\/wp-json\/wp\/v2\/comments?post=1402"}],"version-history":[{"count":4,"href":"https:\/\/lastenkirurgia.fi\/pt\/wp-json\/wp\/v2\/pages\/1402\/revisions"}],"predecessor-version":[{"id":1631,"href":"https:\/\/lastenkirurgia.fi\/pt\/wp-json\/wp\/v2\/pages\/1402\/revisions\/1631"}],"wp:attachment":[{"href":"https:\/\/lastenkirurgia.fi\/pt\/wp-json\/wp\/v2\/media?parent=1402"}],"curies":[{"name":"wp","href":"https:\/\/api.w.org\/{rel}","templated":true}]}}