{"id":1404,"date":"2026-04-09T13:56:46","date_gmt":"2026-04-09T13:56:46","guid":{"rendered":"https:\/\/darkcyan-pheasant-754087.hostingersite.com\/?page_id=1404"},"modified":"2026-04-17T05:49:23","modified_gmt":"2026-04-17T05:49:23","slug":"lapsen-harjurinta","status":"publish","type":"page","link":"https:\/\/lastenkirurgia.fi\/pt\/lapsen-harjurinta\/","title":{"rendered":"Peitoral infantil com crista"},"content":{"rendered":"<div data-elementor-type=\"wp-page\" data-elementor-id=\"1404\" class=\"elementor elementor-1404\" data-elementor-post-type=\"page\">\n\t\t\t\t<div class=\"elementor-element elementor-element-1d6a3a6 e-flex e-con-boxed e-con e-parent\" data-id=\"1d6a3a6\" data-element_type=\"container\" data-e-type=\"container\">\n\t\t\t\t\t<div class=\"e-con-inner\">\n\t\t\t\t<div class=\"elementor-element elementor-element-08bcd79 elementor-widget elementor-widget-text-editor\" data-id=\"08bcd79\" data-element_type=\"widget\" data-e-type=\"widget\" data-widget_type=\"text-editor.default\">\n\t\t\t\t<div class=\"elementor-widget-container\">\n\t\t\t\t\t\t\t\t\t<h2 data-path-to-node=\"2\">Peito com crista (Pectus carinatum)<\/h2><p data-path-to-node=\"3\">A corcunda \u00e9 uma anomalia estrutural do t\u00f3rax na qual o esterno e as costelas se projetam para fora. Por esse motivo, a condi\u00e7\u00e3o \u00e9 frequentemente chamada de &quot;peito de galinha&quot;. \u00c9 significativamente mais comum em meninos do que em meninas, ocorrendo em cerca de uma em cada mil crian\u00e7as.<\/p><h3 data-path-to-node=\"4\">Sintomas e desenvolvimento<\/h3><ul data-path-to-node=\"5\"><li><p data-path-to-node=\"5,0,0\"><b data-path-to-node=\"5,0,0\" data-index-in-node=\"0\">Visual:<\/b> O sintoma mais evidente \u00e9 o t\u00f3rax protuberante. A forma costuma ser assim\u00e9trica, com um lado do t\u00f3rax mais proeminente.<\/p><\/li><li><p data-path-to-node=\"5,1,0\"><b data-path-to-node=\"5,1,0\" data-index-in-node=\"0\">Crescimento:<\/b> A situa\u00e7\u00e3o normalmente piora \u00e0 medida que a crian\u00e7a cresce, especialmente durante o estir\u00e3o de crescimento da puberdade.<\/p><\/li><li><p data-path-to-node=\"5,2,0\"><b data-path-to-node=\"5,2,0\" data-index-in-node=\"0\">Dor:<\/b> A maioria das crian\u00e7as n\u00e3o apresenta sintomas, mas algumas podem sentir dor durante esfor\u00e7o f\u00edsico.<\/p><\/li><li><p data-path-to-node=\"5,3,0\"><b data-path-to-node=\"5,3,0\" data-index-in-node=\"0\">Doen\u00e7as associadas:<\/b> Aproximadamente 15% das crian\u00e7as tamb\u00e9m apresentam curvatura da coluna vertebral, ou escoliose.<\/p><\/li><\/ul><h3 data-path-to-node=\"6\">Os porqu\u00eas e os motivos<\/h3><p data-path-to-node=\"7\">A causa exata da escoliose \u00e9 desconhecida. Embora a maioria das crian\u00e7as n\u00e3o tenha hist\u00f3rico familiar da doen\u00e7a, acredita-se que fatores gen\u00e9ticos desempenhem um papel no seu desenvolvimento.<\/p><h3 data-path-to-node=\"8\">Exames e diagn\u00f3stico<\/h3><p data-path-to-node=\"9\">Geralmente, o m\u00e9dico diagnostica uma h\u00e9rnia durante um exame f\u00edsico de rotina. Em alguns casos, podem ser necess\u00e1rios exames adicionais para descartar outras condi\u00e7\u00f5es.<\/p><h3 data-path-to-node=\"11\">Op\u00e7\u00f5es de tratamento<\/h3><p data-path-to-node=\"12\">Casos leves geralmente n\u00e3o requerem tratamento, mas s\u00e3o monitorados. Se o dano for moderado ou grave, existem duas op\u00e7\u00f5es:<\/p><p data-path-to-node=\"13\"><b data-path-to-node=\"13\" data-index-in-node=\"0\">1. Suporte<\/b><\/p><ul data-path-to-node=\"14\"><li><p data-path-to-node=\"14,0,0\">Mais indicado para crian\u00e7as cujo t\u00f3rax ainda \u00e9 flex\u00edvel (antes do final da puberdade).<\/p><\/li><li><p data-path-to-node=\"14,1,0\">Um espartilho feito sob medida \u00e9 confeccionado para a crian\u00e7a, pressionando a \u00e1rea saliente e gradualmente moldando o t\u00f3rax.<\/p><\/li><li><p data-path-to-node=\"14,2,0\">O tratamento pode durar de 1 a 2 anos.<\/p><\/li><\/ul><p data-path-to-node=\"15\"><b data-path-to-node=\"15\" data-index-in-node=\"0\">2. Tratamento cir\u00fargico (m\u00e9todo de Ravitch)<\/b><\/p><ul data-path-to-node=\"16\"><li><p data-path-to-node=\"16,0,0\">A cirurgia s\u00f3 \u00e9 considerada em casos graves ou se o tratamento com colete n\u00e3o funcionar.<\/p><\/li><li><p data-path-to-node=\"16,1,0\">Durante a opera\u00e7\u00e3o, o cirurgi\u00e3o remove o excesso de cartilagem e remodela o esterno para a posi\u00e7\u00e3o correta.<\/p><\/li><\/ul><hr data-path-to-node=\"17\" \/><h3 data-path-to-node=\"18\">Quando devo contatar um m\u00e9dico?<\/h3><p data-path-to-node=\"19\">Se o peito da crian\u00e7a estiver visivelmente saliente (ou se o problema est\u00e9tico incomodar a crian\u00e7a de alguma outra forma) ou se a crian\u00e7a se queixar de dor no peito ao praticar esportes.<\/p><p data-path-to-node=\"19\">Link para o artigo do hospital infantil de Boston<\/p><p data-path-to-node=\"19\"><a href=\"https:\/\/www.childrenshospital.org\/conditions-treatments\/pectus-carinatum\" target=\"_blank\" rel=\"noopener\">https:\/\/www.childrenshospital.org\/conditions-treatments\/pectus-carinatum<\/a><\/p>\t\t\t\t\t\t\t\t<\/div>\n\t\t\t\t<\/div>\n\t\t\t\t<div class=\"elementor-element elementor-element-3c0f38d elementor-widget elementor-widget-image\" data-id=\"3c0f38d\" data-element_type=\"widget\" data-e-type=\"widget\" data-widget_type=\"image.default\">\n\t\t\t\t<div class=\"elementor-widget-container\">\n\t\t\t\t\t\t\t\t\t\t\t\t\t\t\t<img fetchpriority=\"high\" decoding=\"async\" width=\"1024\" height=\"640\" src=\"https:\/\/lastenkirurgia.fi\/wp-content\/uploads\/2026\/04\/harjurinta-1024x640.webp\" class=\"attachment-large size-large wp-image-1719\" alt=\"\" srcset=\"https:\/\/lastenkirurgia.fi\/wp-content\/uploads\/2026\/04\/harjurinta-1024x640.webp 1024w, https:\/\/lastenkirurgia.fi\/wp-content\/uploads\/2026\/04\/harjurinta-300x188.webp 300w, https:\/\/lastenkirurgia.fi\/wp-content\/uploads\/2026\/04\/harjurinta-768x480.webp 768w, https:\/\/lastenkirurgia.fi\/wp-content\/uploads\/2026\/04\/harjurinta-18x12.webp 18w, https:\/\/lastenkirurgia.fi\/wp-content\/uploads\/2026\/04\/harjurinta.webp 1152w\" sizes=\"(max-width: 1024px) 100vw, 1024px\" \/>\t\t\t\t\t\t\t\t\t\t\t\t\t\t\t<\/div>\n\t\t\t\t<\/div>\n\t\t\t\t\t<\/div>\n\t\t\t\t<\/div>\n\t\t\t\t<\/div>","protected":false},"excerpt":{"rendered":"<p>Harjurinta (Pectus carinatum) Harjurinta on rintakeh\u00e4n rakennepoikkeama, jossa rintalasta ja kylkiluut ty\u00f6ntyv\u00e4t ulosp\u00e4in. T\u00e4st\u00e4 syyst\u00e4 tilaa kutsutaan usein my\u00f6s &#8221;kananrinnaksi&#8221;. Se on huomattavasti yleisemp\u00e4\u00e4 pojilla kuin tyt\u00f6ill\u00e4 ja esiintyy noin yhdell\u00e4 tuhannesta lapsesta. Oireet ja kehitys Ulkon\u00e4k\u00f6: Selvin oire on ulosp\u00e4in ty\u00f6ntyv\u00e4 rintakeh\u00e4. Muoto on usein ep\u00e4symmetrinen, jolloin toinen puoli rinnasta on n\u00e4kyv\u00e4mmin koholla. Kasvu: [&hellip;]<\/p>\n","protected":false},"author":1,"featured_media":0,"parent":0,"menu_order":0,"comment_status":"closed","ping_status":"closed","template":"","meta":{"_angie_page":false,"site-sidebar-layout":"no-sidebar","site-content-layout":"page-builder","ast-site-content-layout":"full-width-container","site-content-style":"default","site-sidebar-style":"default","ast-global-header-display":"","ast-banner-title-visibility":"","ast-main-header-display":"","ast-hfb-above-header-display":"","ast-hfb-below-header-display":"","ast-hfb-mobile-header-display":"","site-post-title":"","ast-breadcrumbs-content":"","ast-featured-img":"disabled","footer-sml-layout":"","ast-disable-related-posts":"","theme-transparent-header-meta":"","adv-header-id-meta":"","stick-header-meta":"","header-above-stick-meta":"","header-main-stick-meta":"","header-below-stick-meta":"","astra-migrate-meta-layouts":"set","ast-page-background-enabled":"default","ast-page-background-meta":{"desktop":{"background-color":"","background-image":"","background-repeat":"repeat","background-position":"center center","background-size":"auto","background-attachment":"scroll","background-type":"","background-media":"","overlay-type":"","overlay-color":"","overlay-opacity":"","overlay-gradient":""},"tablet":{"background-color":"","background-image":"","background-repeat":"repeat","background-position":"center center","background-size":"auto","background-attachment":"scroll","background-type":"","background-media":"","overlay-type":"","overlay-color":"","overlay-opacity":"","overlay-gradient":""},"mobile":{"background-color":"","background-image":"","background-repeat":"repeat","background-position":"center center","background-size":"auto","background-attachment":"scroll","background-type":"","background-media":"","overlay-type":"","overlay-color":"","overlay-opacity":"","overlay-gradient":""}},"ast-content-background-meta":{"desktop":{"background-color":"var(--ast-global-color-5)","background-image":"","background-repeat":"repeat","background-position":"center center","background-size":"auto","background-attachment":"scroll","background-type":"","background-media":"","overlay-type":"","overlay-color":"","overlay-opacity":"","overlay-gradient":""},"tablet":{"background-color":"var(--ast-global-color-5)","background-image":"","background-repeat":"repeat","background-position":"center center","background-size":"auto","background-attachment":"scroll","background-type":"","background-media":"","overlay-type":"","overlay-color":"","overlay-opacity":"","overlay-gradient":""},"mobile":{"background-color":"var(--ast-global-color-5)","background-image":"","background-repeat":"repeat","background-position":"center center","background-size":"auto","background-attachment":"scroll","background-type":"","background-media":"","overlay-type":"","overlay-color":"","overlay-opacity":"","overlay-gradient":""}},"footnotes":""},"class_list":["post-1404","page","type-page","status-publish","hentry"],"_links":{"self":[{"href":"https:\/\/lastenkirurgia.fi\/pt\/wp-json\/wp\/v2\/pages\/1404","targetHints":{"allow":["GET"]}}],"collection":[{"href":"https:\/\/lastenkirurgia.fi\/pt\/wp-json\/wp\/v2\/pages"}],"about":[{"href":"https:\/\/lastenkirurgia.fi\/pt\/wp-json\/wp\/v2\/types\/page"}],"author":[{"embeddable":true,"href":"https:\/\/lastenkirurgia.fi\/pt\/wp-json\/wp\/v2\/users\/1"}],"replies":[{"embeddable":true,"href":"https:\/\/lastenkirurgia.fi\/pt\/wp-json\/wp\/v2\/comments?post=1404"}],"version-history":[{"count":21,"href":"https:\/\/lastenkirurgia.fi\/pt\/wp-json\/wp\/v2\/pages\/1404\/revisions"}],"predecessor-version":[{"id":1727,"href":"https:\/\/lastenkirurgia.fi\/pt\/wp-json\/wp\/v2\/pages\/1404\/revisions\/1727"}],"wp:attachment":[{"href":"https:\/\/lastenkirurgia.fi\/pt\/wp-json\/wp\/v2\/media?parent=1404"}],"curies":[{"name":"wp","href":"https:\/\/api.w.org\/{rel}","templated":true}]}}