{"id":1406,"date":"2026-04-09T13:57:14","date_gmt":"2026-04-09T13:57:14","guid":{"rendered":"https:\/\/darkcyan-pheasant-754087.hostingersite.com\/?page_id=1406"},"modified":"2026-04-12T07:29:05","modified_gmt":"2026-04-12T07:29:05","slug":"lapsen-raajojen-rakennepoikkeamat","status":"publish","type":"page","link":"https:\/\/lastenkirurgia.fi\/pt\/lapsen-raajojen-rakennepoikkeamat\/","title":{"rendered":"Anomalias estruturais nos membros da crian\u00e7a"},"content":{"rendered":"<div data-elementor-type=\"wp-page\" data-elementor-id=\"1406\" class=\"elementor elementor-1406\" data-elementor-post-type=\"page\">\n\t\t\t\t<div class=\"elementor-element elementor-element-0a34132 e-flex e-con-boxed e-con e-parent\" data-id=\"0a34132\" data-element_type=\"container\" data-e-type=\"container\">\n\t\t\t\t\t<div class=\"e-con-inner\">\n\t\t\t\t<div class=\"elementor-element elementor-element-e85a413 elementor-widget elementor-widget-text-editor\" data-id=\"e85a413\" data-element_type=\"widget\" data-e-type=\"widget\" data-widget_type=\"text-editor.default\">\n\t\t\t\t<div class=\"elementor-widget-container\">\n\t\t\t\t\t\t\t\t\t<h2 data-path-to-node=\"2\">Anomalias estruturais dos membros e da posi\u00e7\u00e3o dos p\u00e9s em crian\u00e7as: o que \u00e9 normal?<\/h2>\n<p data-path-to-node=\"3\">Existem muitas fases no crescimento infantil em que a posi\u00e7\u00e3o dos p\u00e9s pode parecer anormal, mas geralmente faz parte do desenvolvimento normal. Abaixo, segue uma descri\u00e7\u00e3o geral das situa\u00e7\u00f5es mais comuns. O ideal \u00e9 sempre consultar um m\u00e9dico para a avalia\u00e7\u00e3o final sobre se a situa\u00e7\u00e3o da crian\u00e7a \u00e9 normal ou anormal.<\/p>\n<h3 data-path-to-node=\"4\">Posi\u00e7\u00f5es dos p\u00e9s e da marcha<\/h3>\n<ul data-path-to-node=\"5\">\n<li>\n<p data-path-to-node=\"5,0,0\"><b data-path-to-node=\"5,0,0\" data-index-in-node=\"0\">P\u00e9s planos e p\u00e9s virados para dentro:<\/b> Essas les\u00f5es geralmente s\u00e3o inofensivas em crian\u00e7as e costumam cicatrizar sozinhas. Se o p\u00e9 for flex\u00edvel e indolor, o tratamento geralmente n\u00e3o \u00e9 necess\u00e1rio. No entanto, um pequeno n\u00famero de crian\u00e7as pode precisar de tratamento.<\/p>\n<\/li>\n<li>\n<p data-path-to-node=\"5,1,0\"><b data-path-to-node=\"5,1,0\" data-index-in-node=\"0\">Caminhar com os dedos dos p\u00e9s virados para dentro ou para fora:<\/b> Isso \u00e9 muito comum e geralmente se deve \u00e0 mudan\u00e7a natural na posi\u00e7\u00e3o do quadril \u00e0 medida que a crian\u00e7a cresce. N\u00e3o requer nenhum tratamento especial.<\/p>\n<\/li>\n<li>\n<p data-path-to-node=\"5,2,0\"><b data-path-to-node=\"5,2,0\" data-index-in-node=\"0\">Dedos dos p\u00e9s sobrepostos:<\/b> Geralmente \u00e9 causado por tens\u00e3o nos tend\u00f5es. Normalmente, trata-se apenas de um problema est\u00e9tico e n\u00e3o interfere nos movimentos da crian\u00e7a.<\/p>\n<\/li>\n<\/ul>\n<h3 data-path-to-node=\"6\">Posi\u00e7\u00f5es dos joelhos (flex\u00f5es do quadril e do joelho)<\/h3>\n<ul data-path-to-node=\"7\">\n<li>\n<p data-path-to-node=\"7,0,0\"><b data-path-to-node=\"7,0,0\" data-index-in-node=\"0\">Ocidentalidade:<\/b> Comum em beb\u00eas e crian\u00e7as pequenas.<\/p>\n<\/li>\n<li>\n<p data-path-to-node=\"7,1,0\"><b data-path-to-node=\"7,1,0\" data-index-in-node=\"0\">Joelho em pin\u00e7a:<\/b> Mais comum por volta dos 3 anos de idade.<\/p>\n<\/li>\n<li>\n<p data-path-to-node=\"7,2,0\"><b data-path-to-node=\"7,2,0\" data-index-in-node=\"0\">Quando devo consultar um m\u00e9dico?<\/b> Se a posi\u00e7\u00e3o do joelho for claramente unilateral (apenas uma perna \u00e9 afetada), o problema piora com a idade ou \u00e9 muito grave.<\/p>\n<\/li>\n<\/ul>\n<h3 data-path-to-node=\"8\">Anomalias cong\u00eanitas<\/h3>\n<ul data-path-to-node=\"9\">\n<li>\n<p data-path-to-node=\"9,0,0\"><b data-path-to-node=\"9,0,0\" data-index-in-node=\"0\">P\u00e9 torto:<\/b> Geralmente \u00e9 diagnosticado ao nascimento. O tratamento \u00e9 realizado em ambiente m\u00e9dico especializado, na maioria das vezes com gesso e cal\u00e7ados especiais.<\/p>\n<\/li>\n<li>\n<p data-path-to-node=\"9,1,0\"><b data-path-to-node=\"9,1,0\" data-index-in-node=\"0\">P\u00e9 torto cong\u00eanito ou p\u00e9 em forma de &quot;torto de cavalo&quot;:<\/b> A necessidade de tratamento para fus\u00e3o de dedos das m\u00e3os e dos p\u00e9s \u00e9 sempre avaliada individualmente. No caso dos dedos das m\u00e3os, o tratamento cir\u00fargico \u00e9 mais comum para garantir a funcionalidade.<\/p>\n<\/li>\n<\/ul>\n<h3 data-path-to-node=\"10\">diferen\u00e7a no comprimento das pernas<\/h3>\n<ul data-path-to-node=\"11\">\n<li>\n<p data-path-to-node=\"11,0,0\"><b data-path-to-node=\"11,0,0\" data-index-in-node=\"0\">Pequenas diferen\u00e7as:<\/b> Uma diferen\u00e7a no comprimento das pernas inferior a 2 cm \u00e9 muito comum e, na maioria das vezes, completamente inofensiva.<\/p>\n<\/li>\n<li>\n<p data-path-to-node=\"11,1,0\"><b data-path-to-node=\"11,1,0\" data-index-in-node=\"0\">Principais diferen\u00e7as:<\/b> Se a diferen\u00e7a de altura for superior a 2 cm, pode causar problemas de postura e claudica\u00e7\u00e3o. Nesses casos, a crian\u00e7a ser\u00e1 encaminhada a um especialista para avalia\u00e7\u00e3o e planejamento do tratamento.<\/p>\n<\/li>\n<\/ul>\n<p data-path-to-node=\"15,3,0\">Artigo da Biblioteca de Sa\u00fade sobre anomalias estruturais dos membros em crian\u00e7as.<\/p>\n<p data-path-to-node=\"15,3,0\"><a href=\"https:\/\/www.terveyskirjasto.fi\/tju00140\" target=\"_blank\" rel=\"noopener\">https:\/\/www.terveyskirjasto.fi\/tju00140<\/a><\/p>\t\t\t\t\t\t\t\t<\/div>\n\t\t\t\t<\/div>\n\t\t\t\t\t<\/div>\n\t\t\t\t<\/div>\n\t\t\t\t<\/div>","protected":false},"excerpt":{"rendered":"<p>Lapsen raajojen rakennepoikkeamat ja jalkaterien asennot: Mik\u00e4 on normaalia? Lasten kasvuun kuuluu monia vaiheita, joissa jalkojen asennot saattavat n\u00e4ytt\u00e4\u00e4 poikkeavilta, mutta ovat usein osa normaalia kehityst\u00e4. Alla on kuvattu hyvin karkeasti yleisimpi\u00e4 tilanteita. Varsinaisen arvion siit\u00e4, onko lapsen tilanne normaali vai poikkeava, olisi hyv\u00e4 aina l\u00e4\u00e4k\u00e4rin tehd\u00e4. Jalkaterien ja k\u00e4velyn asennot Latuskajalka ja sis\u00e4\u00e4np\u00e4in k\u00e4\u00e4ntynyt [&hellip;]<\/p>\n","protected":false},"author":1,"featured_media":0,"parent":0,"menu_order":0,"comment_status":"closed","ping_status":"closed","template":"","meta":{"_angie_page":false,"site-sidebar-layout":"no-sidebar","site-content-layout":"page-builder","ast-site-content-layout":"full-width-container","site-content-style":"default","site-sidebar-style":"default","ast-global-header-display":"","ast-banner-title-visibility":"","ast-main-header-display":"","ast-hfb-above-header-display":"","ast-hfb-below-header-display":"","ast-hfb-mobile-header-display":"","site-post-title":"","ast-breadcrumbs-content":"","ast-featured-img":"disabled","footer-sml-layout":"","ast-disable-related-posts":"","theme-transparent-header-meta":"","adv-header-id-meta":"","stick-header-meta":"","header-above-stick-meta":"","header-main-stick-meta":"","header-below-stick-meta":"","astra-migrate-meta-layouts":"set","ast-page-background-enabled":"default","ast-page-background-meta":{"desktop":{"background-color":"","background-image":"","background-repeat":"repeat","background-position":"center center","background-size":"auto","background-attachment":"scroll","background-type":"","background-media":"","overlay-type":"","overlay-color":"","overlay-opacity":"","overlay-gradient":""},"tablet":{"background-color":"","background-image":"","background-repeat":"repeat","background-position":"center center","background-size":"auto","background-attachment":"scroll","background-type":"","background-media":"","overlay-type":"","overlay-color":"","overlay-opacity":"","overlay-gradient":""},"mobile":{"background-color":"","background-image":"","background-repeat":"repeat","background-position":"center center","background-size":"auto","background-attachment":"scroll","background-type":"","background-media":"","overlay-type":"","overlay-color":"","overlay-opacity":"","overlay-gradient":""}},"ast-content-background-meta":{"desktop":{"background-color":"var(--ast-global-color-5)","background-image":"","background-repeat":"repeat","background-position":"center center","background-size":"auto","background-attachment":"scroll","background-type":"","background-media":"","overlay-type":"","overlay-color":"","overlay-opacity":"","overlay-gradient":""},"tablet":{"background-color":"var(--ast-global-color-5)","background-image":"","background-repeat":"repeat","background-position":"center center","background-size":"auto","background-attachment":"scroll","background-type":"","background-media":"","overlay-type":"","overlay-color":"","overlay-opacity":"","overlay-gradient":""},"mobile":{"background-color":"var(--ast-global-color-5)","background-image":"","background-repeat":"repeat","background-position":"center center","background-size":"auto","background-attachment":"scroll","background-type":"","background-media":"","overlay-type":"","overlay-color":"","overlay-opacity":"","overlay-gradient":""}},"footnotes":""},"class_list":["post-1406","page","type-page","status-publish","hentry"],"_links":{"self":[{"href":"https:\/\/lastenkirurgia.fi\/pt\/wp-json\/wp\/v2\/pages\/1406","targetHints":{"allow":["GET"]}}],"collection":[{"href":"https:\/\/lastenkirurgia.fi\/pt\/wp-json\/wp\/v2\/pages"}],"about":[{"href":"https:\/\/lastenkirurgia.fi\/pt\/wp-json\/wp\/v2\/types\/page"}],"author":[{"embeddable":true,"href":"https:\/\/lastenkirurgia.fi\/pt\/wp-json\/wp\/v2\/users\/1"}],"replies":[{"embeddable":true,"href":"https:\/\/lastenkirurgia.fi\/pt\/wp-json\/wp\/v2\/comments?post=1406"}],"version-history":[{"count":10,"href":"https:\/\/lastenkirurgia.fi\/pt\/wp-json\/wp\/v2\/pages\/1406\/revisions"}],"predecessor-version":[{"id":1605,"href":"https:\/\/lastenkirurgia.fi\/pt\/wp-json\/wp\/v2\/pages\/1406\/revisions\/1605"}],"wp:attachment":[{"href":"https:\/\/lastenkirurgia.fi\/pt\/wp-json\/wp\/v2\/media?parent=1406"}],"curies":[{"name":"wp","href":"https:\/\/api.w.org\/{rel}","templated":true}]}}