{"id":1410,"date":"2026-04-09T13:58:17","date_gmt":"2026-04-09T13:58:17","guid":{"rendered":"https:\/\/darkcyan-pheasant-754087.hostingersite.com\/?page_id=1410"},"modified":"2026-04-12T14:39:49","modified_gmt":"2026-04-12T14:39:49","slug":"lasten-pehmytkudosvammat","status":"publish","type":"page","link":"https:\/\/lastenkirurgia.fi\/pt\/lasten-pehmytkudosvammat\/","title":{"rendered":"Les\u00f5es de tecidos moles pedi\u00e1tricas"},"content":{"rendered":"<div data-elementor-type=\"wp-page\" data-elementor-id=\"1410\" class=\"elementor elementor-1410\" data-elementor-post-type=\"page\">\n\t\t\t\t<div class=\"elementor-element elementor-element-204a167 e-flex e-con-boxed e-con e-parent\" data-id=\"204a167\" data-element_type=\"container\" data-e-type=\"container\">\n\t\t\t\t\t<div class=\"e-con-inner\">\n\t\t\t\t<div class=\"elementor-element elementor-element-e16886b elementor-widget elementor-widget-text-editor\" data-id=\"e16886b\" data-element_type=\"widget\" data-e-type=\"widget\" data-widget_type=\"text-editor.default\">\n\t\t\t\t<div class=\"elementor-widget-container\">\n\t\t\t\t\t\t\t\t\t<h2 data-path-to-node=\"2\">Les\u00f5es de tecidos moles na regi\u00e3o abdominal de uma crian\u00e7a<\/h2><p data-path-to-node=\"3\">As crian\u00e7as s\u00e3o ativas e, durante jogos ou esportes de ritmo acelerado, podem ser atingidas na regi\u00e3o do est\u00f4mago.\u00a0<\/p><p data-path-to-node=\"3\">\u00a0<\/p><h3 data-path-to-node=\"4\">Les\u00f5es em \u00f3rg\u00e3os internos geralmente cicatrizam sem cirurgia.<\/h3><p data-path-to-node=\"5\">Ao contr\u00e1rio dos adultos, as les\u00f5es nos tecidos moles em crian\u00e7as \u2013 tais como <b data-path-to-node=\"5\" data-index-in-node=\"57\">f\u00edgado, ba\u00e7o ou rins<\/b> Incha\u00e7os e lacera\u00e7\u00f5es s\u00e3o quase sempre tratados sem cirurgia.<\/p><ul data-path-to-node=\"6\"><li><p data-path-to-node=\"6,1,0\">O tratamento geralmente envolve observa\u00e7\u00e3o hospitalar, repouso e controle da dor. O tratamento cir\u00fargico \u00e9 necess\u00e1rio apenas em casos muito raros.<\/p><\/li><\/ul><h3 data-path-to-node=\"7\">Quando s\u00e3o necess\u00e1rias investiga\u00e7\u00f5es?<\/h3><p data-path-to-node=\"8\">Se uma crian\u00e7a sofrer um golpe no abd\u00f4men (por exemplo, ao cair sobre o guid\u00e3o de uma bicicleta, ao cair de uma cadeira de rodas ou ao ser atingida com for\u00e7a durante um jogo de bola), a situa\u00e7\u00e3o pode levar a danos nos \u00f3rg\u00e3os internos.<\/p><p data-path-to-node=\"9\"><b data-path-to-node=\"9\" data-index-in-node=\"0\">Consulte um m\u00e9dico se:<\/b><\/p><ul data-path-to-node=\"10\"><li><p data-path-to-node=\"10,0,0\">A crian\u00e7a queixa-se de dor de est\u00f4mago ap\u00f3s o procedimento ou o est\u00f4mago est\u00e1 sens\u00edvel ao toque.<\/p><\/li><li><p data-path-to-node=\"10,1,0\">H\u00e1 hematomas ou incha\u00e7o vis\u00edveis na regi\u00e3o abdominal.<\/p><\/li><li><p data-path-to-node=\"10,2,0\">A crian\u00e7a est\u00e1 excepcionalmente cansada, p\u00e1lida ou indisposta.<\/p><\/li><li><p data-path-to-node=\"10,3,0\">Presen\u00e7a de sangue na urina (frequentemente indicando les\u00e3o renal).<\/p><\/li><\/ul><h3 data-path-to-node=\"11\">Como \u00e9 investigada a les\u00e3o?<\/h3><p data-path-to-node=\"12\">Dor de est\u00f4mago ap\u00f3s uma les\u00e3o \u00e9 sempre motivo para uma avalia\u00e7\u00e3o cuidadosa. Al\u00e9m do exame cl\u00ednico realizado por um m\u00e9dico, o aux\u00edlio mais importante \u00e9:<\/p><ul data-path-to-node=\"13\"><li><p data-path-to-node=\"13,0,0\"><b data-path-to-node=\"13,0,0\" data-index-in-node=\"0\">Exame de ultrassom (US):<\/b> Este \u00e9 um m\u00e9todo indolor e seguro para a crian\u00e7a verificar o estado dos \u00f3rg\u00e3os internos e descartar qualquer poss\u00edvel hemorragia interna.<\/p><\/li><li><p data-path-to-node=\"13,1,0\">\u00c0s vezes, exames de sangue e de urina tamb\u00e9m s\u00e3o considerados.<\/p><\/li><\/ul><hr data-path-to-node=\"14\" \/><p data-path-to-node=\"16,2,0\">\u00a0<\/p>\t\t\t\t\t\t\t\t<\/div>\n\t\t\t\t<\/div>\n\t\t\t\t\t<\/div>\n\t\t\t\t<\/div>\n\t\t\t\t<\/div>","protected":false},"excerpt":{"rendered":"<p>Lapsen vatsan alueen pehmytkudosvammat Lapset ovat aktiivisia, ja vauhdikkaissa leikeiss\u00e4 tai urheilussa voi sattua iskuja vatsan alueelle.\u00a0 \u00a0 Sis\u00e4elinvammat paranevat yleens\u00e4 ilman leikkausta Toisin kuin aikuisilla, lasten pehmytkudosvammat \u2013 kuten maksan, pernan tai munuaisten kolhut ja repe\u00e4m\u00e4t \u2013 hoidetaan l\u00e4hes poikkeuksetta ilman leikkausta. Hoitona on yleens\u00e4 seuranta sairaalassa, lepo ja kivunhoito. Kirurgista hoitoa tarvitaan vain [&hellip;]<\/p>\n","protected":false},"author":1,"featured_media":0,"parent":0,"menu_order":0,"comment_status":"closed","ping_status":"closed","template":"","meta":{"_angie_page":false,"site-sidebar-layout":"no-sidebar","site-content-layout":"page-builder","ast-site-content-layout":"full-width-container","site-content-style":"default","site-sidebar-style":"default","ast-global-header-display":"","ast-banner-title-visibility":"","ast-main-header-display":"","ast-hfb-above-header-display":"","ast-hfb-below-header-display":"","ast-hfb-mobile-header-display":"","site-post-title":"","ast-breadcrumbs-content":"","ast-featured-img":"disabled","footer-sml-layout":"","ast-disable-related-posts":"","theme-transparent-header-meta":"","adv-header-id-meta":"","stick-header-meta":"","header-above-stick-meta":"","header-main-stick-meta":"","header-below-stick-meta":"","astra-migrate-meta-layouts":"set","ast-page-background-enabled":"default","ast-page-background-meta":{"desktop":{"background-color":"","background-image":"","background-repeat":"repeat","background-position":"center center","background-size":"auto","background-attachment":"scroll","background-type":"","background-media":"","overlay-type":"","overlay-color":"","overlay-opacity":"","overlay-gradient":""},"tablet":{"background-color":"","background-image":"","background-repeat":"repeat","background-position":"center center","background-size":"auto","background-attachment":"scroll","background-type":"","background-media":"","overlay-type":"","overlay-color":"","overlay-opacity":"","overlay-gradient":""},"mobile":{"background-color":"","background-image":"","background-repeat":"repeat","background-position":"center center","background-size":"auto","background-attachment":"scroll","background-type":"","background-media":"","overlay-type":"","overlay-color":"","overlay-opacity":"","overlay-gradient":""}},"ast-content-background-meta":{"desktop":{"background-color":"var(--ast-global-color-5)","background-image":"","background-repeat":"repeat","background-position":"center center","background-size":"auto","background-attachment":"scroll","background-type":"","background-media":"","overlay-type":"","overlay-color":"","overlay-opacity":"","overlay-gradient":""},"tablet":{"background-color":"var(--ast-global-color-5)","background-image":"","background-repeat":"repeat","background-position":"center center","background-size":"auto","background-attachment":"scroll","background-type":"","background-media":"","overlay-type":"","overlay-color":"","overlay-opacity":"","overlay-gradient":""},"mobile":{"background-color":"var(--ast-global-color-5)","background-image":"","background-repeat":"repeat","background-position":"center center","background-size":"auto","background-attachment":"scroll","background-type":"","background-media":"","overlay-type":"","overlay-color":"","overlay-opacity":"","overlay-gradient":""}},"footnotes":""},"class_list":["post-1410","page","type-page","status-publish","hentry"],"_links":{"self":[{"href":"https:\/\/lastenkirurgia.fi\/pt\/wp-json\/wp\/v2\/pages\/1410","targetHints":{"allow":["GET"]}}],"collection":[{"href":"https:\/\/lastenkirurgia.fi\/pt\/wp-json\/wp\/v2\/pages"}],"about":[{"href":"https:\/\/lastenkirurgia.fi\/pt\/wp-json\/wp\/v2\/types\/page"}],"author":[{"embeddable":true,"href":"https:\/\/lastenkirurgia.fi\/pt\/wp-json\/wp\/v2\/users\/1"}],"replies":[{"embeddable":true,"href":"https:\/\/lastenkirurgia.fi\/pt\/wp-json\/wp\/v2\/comments?post=1410"}],"version-history":[{"count":4,"href":"https:\/\/lastenkirurgia.fi\/pt\/wp-json\/wp\/v2\/pages\/1410\/revisions"}],"predecessor-version":[{"id":1617,"href":"https:\/\/lastenkirurgia.fi\/pt\/wp-json\/wp\/v2\/pages\/1410\/revisions\/1617"}],"wp:attachment":[{"href":"https:\/\/lastenkirurgia.fi\/pt\/wp-json\/wp\/v2\/media?parent=1410"}],"curies":[{"name":"wp","href":"https:\/\/api.w.org\/{rel}","templated":true}]}}