{"id":1364,"date":"2026-04-09T13:49:29","date_gmt":"2026-04-09T13:49:29","guid":{"rendered":"https:\/\/darkcyan-pheasant-754087.hostingersite.com\/?page_id=1364"},"modified":"2026-04-11T13:51:53","modified_gmt":"2026-04-11T13:51:53","slug":"lapsen-laskeutumattoman-kiveksen-korjausleikkaus","status":"publish","type":"page","link":"https:\/\/lastenkirurgia.fi\/ru\/lapsen-laskeutumattoman-kiveksen-korjausleikkaus\/","title":{"rendered":"\u0425\u0438\u0440\u0443\u0440\u0433\u0438\u0447\u0435\u0441\u043a\u043e\u0435 \u0432\u043c\u0435\u0448\u0430\u0442\u0435\u043b\u044c\u0441\u0442\u0432\u043e \u0434\u043b\u044f \u043a\u043e\u0440\u0440\u0435\u043a\u0446\u0438\u0438 \u043d\u0435\u043e\u043f\u0443\u0441\u0442\u0438\u0432\u0448\u0435\u0433\u043e\u0441\u044f \u044f\u0438\u0447\u043a\u0430 \u0443 \u0440\u0435\u0431\u0435\u043d\u043a\u0430."},"content":{"rendered":"<div data-elementor-type=\"wp-page\" data-elementor-id=\"1364\" class=\"elementor elementor-1364\" data-elementor-post-type=\"page\">\n\t\t\t\t<div class=\"elementor-element elementor-element-21515e0 e-flex e-con-boxed e-con e-parent\" data-id=\"21515e0\" data-element_type=\"container\" data-e-type=\"container\">\n\t\t\t\t\t<div class=\"e-con-inner\">\n\t\t\t\t<div class=\"elementor-element elementor-element-68ab2d7 elementor-widget elementor-widget-text-editor\" data-id=\"68ab2d7\" data-element_type=\"widget\" data-e-type=\"widget\" data-widget_type=\"text-editor.default\">\n\t\t\t\t<div class=\"elementor-widget-container\">\n\t\t\t\t\t\t\t\t\t<h2 data-path-to-node=\"2\">\u041d\u0435\u043e\u043f\u0443\u0449\u0435\u043d\u0438\u0435 \u044f\u0438\u0447\u043a\u0430 \u0443 \u0440\u0435\u0431\u0435\u043d\u043a\u0430 \u2013 \u0438\u043d\u0444\u043e\u0440\u043c\u0430\u0446\u0438\u044f \u0438 \u043f\u043b\u0430\u043d \u043b\u0435\u0447\u0435\u043d\u0438\u044f.<\/h2><p data-path-to-node=\"3\">\u0423 \u043c\u0430\u043b\u044c\u0447\u0438\u043a\u043e\u0432 \u044f\u0438\u0447\u043a\u0438 \u043e\u0431\u044b\u0447\u043d\u043e \u043e\u043f\u0443\u0441\u043a\u0430\u044e\u0442\u0441\u044f \u0432 \u043c\u043e\u0448\u043e\u043d\u043a\u0443 \u0432\u043e \u0432\u0440\u0435\u043c\u044f \u0432\u043d\u0443\u0442\u0440\u0438\u0443\u0442\u0440\u043e\u0431\u043d\u043e\u0433\u043e \u0440\u0430\u0437\u0432\u0438\u0442\u0438\u044f, \u043d\u043e \u0438\u043d\u043e\u0433\u0434\u0430 \u043e\u0434\u043d\u043e \u0438\u043b\u0438 \u043e\u0431\u0430 \u044f\u0438\u0447\u043a\u0430 \u043e\u0441\u0442\u0430\u044e\u0442\u0441\u044f \u0432 \u043c\u043e\u0448\u043e\u043d\u043a\u0435. \u042f\u0438\u0447\u043a\u0438 \u0434\u043e\u043b\u0436\u043d\u044b \u0431\u044b\u043b\u0438 \u0431\u044b \u043e\u043f\u0443\u0441\u0442\u0438\u0442\u044c\u0441\u044f... <b data-path-to-node=\"3\" data-index-in-node=\"167\">\u041a 6 \u043c\u0435\u0441\u044f\u0446\u0430\u043c \u0436\u0438\u0437\u043d\u0438<\/b>.<\/p><h3 data-path-to-node=\"4\">\u041d\u0435\u043e\u043f\u0443\u0441\u0442\u0438\u0432\u0448\u0435\u0435\u0441\u044f \u044f\u0438\u0447\u043a\u043e \u2014 \u044d\u0442\u043e \u043d\u043e\u0440\u043c\u0430\u043b\u044c\u043d\u043e\u0435 \u044f\u0432\u043b\u0435\u043d\u0438\u0435.<\/h3><p data-path-to-node=\"5\">\u041c\u043d\u043e\u0433\u0438\u0435 \u0434\u0435\u0442\u0438 \u043f\u0435\u0440\u0435\u0436\u0438\u0432\u0430\u044e\u0442 \u0442\u043e, \u0447\u0442\u043e \u043d\u0430\u0437\u044b\u0432\u0430\u0435\u0442\u0441\u044f <b data-path-to-node=\"5\" data-index-in-node=\"39\">\u043d\u0435\u043e\u043f\u0443\u0441\u0442\u0438\u0432\u0448\u0435\u0435\u0441\u044f \u044f\u0438\u0447\u043a\u043e<\/b> (\u0441\u043e\u043b\u044c \u0434\u043b\u044f \u044f\u0438\u0447\u0435\u043a)<i data-path-to-node=\"5\" data-index-in-node=\"54\">s<\/i>\u042d\u0442\u043e \u0441\u043e\u0432\u0435\u0440\u0448\u0435\u043d\u043d\u043e \u043d\u043e\u0440\u043c\u0430\u043b\u044c\u043d\u043e\u0435 \u0444\u0438\u0437\u0438\u043e\u043b\u043e\u0433\u0438\u0447\u0435\u0441\u043a\u043e\u0435 \u044f\u0432\u043b\u0435\u043d\u0438\u0435, \u0432\u044b\u0437\u0432\u0430\u043d\u043d\u043e\u0435 \u0430\u043a\u0442\u0438\u0432\u043d\u043e\u0439 \u043c\u044b\u0448\u0446\u0435\u0439, \u043f\u043e\u0434\u043d\u0438\u043c\u0430\u044e\u0449\u0435\u0439 \u0437\u0430\u0434\u043d\u0438\u0439 \u043f\u0440\u043e\u0445\u043e\u0434.<\/p><ul data-path-to-node=\"6\"><li><p data-path-to-node=\"6,0,0\">\u0415\u0441\u043b\u0438 \u044f\u0438\u0447\u043a\u043e \u0438\u043d\u043e\u0433\u0434\u0430 \u043f\u043e\u0434\u043d\u0438\u043c\u0430\u0435\u0442\u0441\u044f, \u043d\u043e \u043f\u0440\u0438 \u043c\u0435\u0434\u0438\u0446\u0438\u043d\u0441\u043a\u043e\u043c \u043e\u0441\u043c\u043e\u0442\u0440\u0435 \u0435\u0433\u043e \u043b\u0435\u0433\u043a\u043e \u0432\u0442\u044f\u0433\u0438\u0432\u0430\u044e\u0442 \u043e\u0431\u0440\u0430\u0442\u043d\u043e \u0432 \u043c\u043e\u0448\u043e\u043d\u043a\u0443, \u044d\u0442\u043e \u043d\u043e\u0440\u043c\u0430\u043b\u044c\u043d\u043e. \u041f\u044b\u0442\u0430\u0442\u044c\u0441\u044f \u0432\u0442\u044f\u043d\u0443\u0442\u044c \u044f\u0438\u0447\u043a\u0438 \u0441\u0430\u043c\u043e\u0441\u0442\u043e\u044f\u0442\u0435\u043b\u044c\u043d\u043e \u0432 \u0434\u043e\u043c\u0430\u0448\u043d\u0438\u0445 \u0443\u0441\u043b\u043e\u0432\u0438\u044f\u0445 \u043d\u0435 \u0440\u0435\u043a\u043e\u043c\u0435\u043d\u0434\u0443\u0435\u0442\u0441\u044f.<\/p><\/li><li><p data-path-to-node=\"6,1,0\">\u0425\u043e\u0440\u043e\u0448\u0438\u043c \u043f\u0440\u0438\u0437\u043d\u0430\u043a\u043e\u043c \u0442\u0430\u043a\u0436\u0435 \u044f\u0432\u043b\u044f\u0435\u0442\u0441\u044f \u0442\u043e, \u0447\u0442\u043e \u044f\u0438\u0447\u043a\u043e \u0432\u0438\u0434\u043d\u043e \u0432 \u043c\u043e\u0448\u043e\u043d\u043a\u0435, \u043a\u043e\u0433\u0434\u0430 \u0440\u0435\u0431\u0435\u043d\u043e\u043a \u0440\u0430\u0441\u0441\u043b\u0430\u0431\u043b\u0435\u043d, \u043d\u0430\u043f\u0440\u0438\u043c\u0435\u0440: <b data-path-to-node=\"6,1,0\" data-index-in-node=\"94\">\u0432 \u0442\u0435\u043f\u043b\u043e\u0439 \u0432\u0430\u043d\u043d\u0435 \u0438\u043b\u0438 \u0441\u0430\u0443\u043d\u0435<\/b>. \u0412 \u0434\u0430\u043d\u043d\u043e\u043c \u0441\u043b\u0443\u0447\u0430\u0435 \u0445\u0438\u0440\u0443\u0440\u0433\u0438\u0447\u0435\u0441\u043a\u043e\u0435 \u043b\u0435\u0447\u0435\u043d\u0438\u0435 \u043d\u0435 \u0442\u0440\u0435\u0431\u0443\u0435\u0442\u0441\u044f.<\/p><\/li><\/ul><h3 data-path-to-node=\"7\">\u041a\u043e\u0433\u0434\u0430 \u043d\u0435\u043e\u0431\u0445\u043e\u0434\u0438\u043c\u044b \u0440\u0430\u0441\u0441\u043b\u0435\u0434\u043e\u0432\u0430\u043d\u0438\u044f?<\/h3><p data-path-to-node=\"8\">\u0415\u0441\u043b\u0438 \u044f\u0438\u0447\u043a\u043e \u043d\u0435 \u043e\u043f\u0443\u0441\u043a\u0430\u0435\u0442\u0441\u044f \u0434\u0430\u0436\u0435 \u0432 \u0442\u0435\u043f\u043b\u0435, \u043d\u0435\u043e\u0431\u0445\u043e\u0434\u0438\u043c\u043e \u043c\u0435\u0434\u0438\u0446\u0438\u043d\u0441\u043a\u043e\u0435 \u043e\u0431\u0441\u043b\u0435\u0434\u043e\u0432\u0430\u043d\u0438\u0435. \u041f\u0443\u0442\u044c \u043b\u0435\u0447\u0435\u043d\u0438\u044f \u0437\u0430\u0432\u0438\u0441\u0438\u0442 \u043e\u0442 \u0440\u0430\u0441\u043f\u043e\u043b\u043e\u0436\u0435\u043d\u0438\u044f \u044f\u0438\u0447\u043a\u0430:<\/p><ol start=\"1\" data-path-to-node=\"9\"><li><p data-path-to-node=\"9,0,0\"><b data-path-to-node=\"9,0,0\" data-index-in-node=\"0\">\u042f\u0438\u0447\u043a\u043e \u043f\u0440\u043e\u0449\u0443\u043f\u044b\u0432\u0430\u0435\u0442\u0441\u044f \u0432 \u043f\u0430\u0445\u0443:<\/b> \u0412\u0440\u0430\u0447 \u043f\u0440\u043e\u0449\u0443\u043f\u044b\u0432\u0430\u0435\u0442 \u044f\u0438\u0447\u043a\u043e \u0432 \u043f\u0430\u0445\u043e\u0432\u043e\u043c \u043a\u0430\u043d\u0430\u043b\u0435 \u0438\u043b\u0438 \u043d\u0430\u0434 \u043c\u043e\u0448\u043e\u043d\u043a\u043e\u0439, \u043d\u043e \u0435\u0433\u043e \u043d\u0435\u0432\u043e\u0437\u043c\u043e\u0436\u043d\u043e \u0432\u0442\u044f\u043d\u0443\u0442\u044c \u043e\u0431\u0440\u0430\u0442\u043d\u043e \u0432 \u043c\u043e\u0448\u043e\u043d\u043a\u0443. \u0412 \u044d\u0442\u043e\u043c \u0441\u043b\u0443\u0447\u0430\u0435 \u043f\u0440\u043e\u0432\u043e\u0434\u0438\u0442\u0441\u044f \u0441\u0442\u0430\u043d\u0434\u0430\u0440\u0442\u043d\u0430\u044f \u0445\u0438\u0440\u0443\u0440\u0433\u0438\u0447\u0435\u0441\u043a\u0430\u044f \u043e\u043f\u0435\u0440\u0430\u0446\u0438\u044f.<\/p><\/li><li><p data-path-to-node=\"9,1,0\"><b data-path-to-node=\"9,1,0\" data-index-in-node=\"0\">\u041a\u0430\u043c\u0435\u043d\u044c \u0441\u043e\u0432\u0435\u0440\u0448\u0435\u043d\u043d\u043e \u043d\u0435 \u043e\u0449\u0443\u0449\u0430\u0435\u0442\u0441\u044f:<\/b> \u0415\u0441\u043b\u0438 \u044f\u0438\u0447\u043a\u043e \u043d\u0435 \u0443\u0434\u0430\u0435\u0442\u0441\u044f \u043f\u0440\u043e\u0449\u0443\u043f\u0430\u0442\u044c, \u0447\u0430\u0449\u0435 \u0432\u0441\u0435\u0433\u043e \u044d\u0442\u043e \u0438 \u0434\u0435\u043b\u0430\u044e\u0442. <b data-path-to-node=\"9,1,0\" data-index-in-node=\"87\">\u0443\u043b\u044c\u0442\u0440\u0430\u0437\u0432\u0443\u043a\u043e\u0432\u043e\u0435 \u0438\u0441\u0441\u043b\u0435\u0434\u043e\u0432\u0430\u043d\u0438\u0435<\/b>.<\/p><\/li><li><p data-path-to-node=\"9,2,0\"><b data-path-to-node=\"9,2,0\" data-index-in-node=\"0\">\u041a\u0430\u043c\u0435\u043d\u044c \u043d\u0435 \u043e\u0431\u043d\u0430\u0440\u0443\u0436\u0438\u0432\u0430\u0435\u0442\u0441\u044f \u043d\u0430 \u0423\u0417\u0418:<\/b> \u0412 \u044d\u0442\u043e\u043c \u0441\u043b\u0443\u0447\u0430\u0435 \u043c\u044b \u0441\u0434\u0435\u043b\u0430\u0435\u043c \u0441\u043b\u0435\u0434\u0443\u044e\u0449\u0435\u0435: <b data-path-to-node=\"9,2,0\" data-index-in-node=\"47\">\u043b\u0430\u043f\u0430\u0440\u043e\u0441\u043a\u043e\u043f\u0438\u044f<\/b> \u0422\u043e \u0435\u0441\u0442\u044c \u043b\u0430\u043f\u0430\u0440\u043e\u0441\u043a\u043e\u043f\u0438\u044f. \u0421 \u043f\u043e\u043c\u043e\u0449\u044c\u044e \u0441\u043a\u0430\u043d\u0438\u0440\u043e\u0432\u0430\u043d\u0438\u044f \u043e\u043f\u0440\u0435\u0434\u0435\u043b\u044f\u0435\u0442\u0441\u044f, \u043d\u0430\u0445\u043e\u0434\u0438\u0442\u0441\u044f \u043b\u0438 \u044f\u0438\u0447\u043a\u043e \u0432 \u0431\u0440\u044e\u0448\u043d\u043e\u0439 \u043f\u043e\u043b\u043e\u0441\u0442\u0438 \u0438\u043b\u0438 \u043e\u043d\u043e \u0430\u0442\u0440\u043e\u0444\u0438\u0440\u043e\u0432\u0430\u043b\u043e\u0441\u044c.<\/p><\/li><\/ol><hr data-path-to-node=\"10\" \/><h3 data-path-to-node=\"11\">\u041b\u0435\u0447\u0435\u043d\u0438\u0435: \u0425\u0438\u0440\u0443\u0440\u0433\u0438\u0447\u0435\u0441\u043a\u043e\u0435 \u0432\u043e\u0437\u0432\u0440\u0430\u0449\u0435\u043d\u0438\u0435 \u044f\u0438\u0447\u043a\u0430 \u0432 \u043c\u043e\u0448\u043e\u043d\u043a\u0443.<\/h3><p data-path-to-node=\"12\">\u041d\u0435\u043e\u043f\u0443\u0441\u0442\u0438\u0432\u0448\u0435\u0435\u0441\u044f \u044f\u0438\u0447\u043a\u043e \u043b\u0435\u0447\u0430\u0442 \u0445\u0438\u0440\u0443\u0440\u0433\u0438\u0447\u0435\u0441\u043a\u0438\u043c \u043f\u0443\u0442\u0435\u043c \u043f\u043e\u0434 \u043d\u0430\u0440\u043a\u043e\u0437\u043e\u043c, \u0447\u0442\u043e\u0431\u044b \u0434\u043e\u0432\u0435\u0441\u0442\u0438 \u0442\u0435\u043c\u043f\u0435\u0440\u0430\u0442\u0443\u0440\u0443 \u044f\u0438\u0447\u043a\u0430 \u0434\u043e \u043e\u043f\u0442\u0438\u043c\u0430\u043b\u044c\u043d\u043e\u0433\u043e, \u0431\u043e\u043b\u0435\u0435 \u043d\u0438\u0437\u043a\u043e\u0433\u043e \u0443\u0440\u043e\u0432\u043d\u044f.<\/p><h4 data-path-to-node=\"13\">\u0410. \u0410\u043c\u0431\u0443\u043b\u0430\u0442\u043e\u0440\u043d\u0430\u044f \u043e\u043f\u0435\u0440\u0430\u0446\u0438\u044f (\u043d\u0430 \u044f\u0438\u0447\u043a\u0435 \u0432 \u043f\u0430\u0445\u0443)<\/h4><ul data-path-to-node=\"14\"><li><p data-path-to-node=\"14,0,0\"><b data-path-to-node=\"14,0,0\" data-index-in-node=\"0\">\u041c\u0435\u0440\u044b:<\/b> \u0414\u0435\u043b\u0430\u044e\u0442\u0441\u044f \u0434\u0432\u0430 \u043d\u0435\u0431\u043e\u043b\u044c\u0448\u0438\u0445 \u0440\u0430\u0437\u0440\u0435\u0437\u0430 \u2013 \u043e\u0434\u0438\u043d \u0432 \u043f\u0430\u0445\u0443, \u0434\u0440\u0443\u0433\u043e\u0439 \u0432 \u043c\u043e\u0448\u043e\u043d\u043a\u0435. \u0423\u0434\u0430\u043b\u044f\u0435\u0442\u0441\u044f \u0443\u043f\u043b\u043e\u0442\u043d\u0435\u043d\u043d\u0430\u044f \u0442\u043a\u0430\u043d\u044c \u0432\u043e\u043a\u0440\u0443\u0433 \u043a\u0440\u043e\u0432\u0435\u043d\u043e\u0441\u043d\u044b\u0445 \u0441\u043e\u0441\u0443\u0434\u043e\u0432 \u0438 \u0441\u0435\u043c\u044f\u0432\u044b\u043d\u043e\u0441\u044f\u0449\u0435\u0433\u043e \u043f\u0440\u043e\u0442\u043e\u043a\u0430 \u044f\u0438\u0447\u043a\u0430, \u0447\u0442\u043e \u0443\u0432\u0435\u043b\u0438\u0447\u0438\u0432\u0430\u0435\u0442 \u0434\u043b\u0438\u043d\u0443 \u043f\u043e\u043b\u043e\u0432\u043e\u0433\u043e \u0447\u043b\u0435\u043d\u0430.<\/p><\/li><li><p data-path-to-node=\"14,1,0\"><b data-path-to-node=\"14,1,0\" data-index-in-node=\"0\">\u041f\u0440\u043e\u0434\u043e\u043b\u0436\u0438\u0442\u0435\u043b\u044c\u043d\u043e\u0441\u0442\u044c:<\/b> \u041e\u043f\u0435\u0440\u0430\u0446\u0438\u044f \u0437\u0430\u043d\u0438\u043c\u0430\u0435\u0442 \u043e\u043a\u043e\u043b\u043e <b data-path-to-node=\"14,1,0\" data-index-in-node=\"28\">30 \u043c\u0438\u043d\u0443\u0442<\/b>.<\/p><\/li><li><p data-path-to-node=\"14,2,0\"><b data-path-to-node=\"14,2,0\" data-index-in-node=\"0\">\u0412\u043e\u0437\u0432\u0440\u0430\u0449\u0435\u043d\u0438\u0435 \u0434\u043e\u043c\u043e\u0439:<\/b> \u0420\u0435\u0431\u0435\u043d\u043e\u043a \u043c\u043e\u0436\u0435\u0442 \u043e\u0442\u043f\u0440\u0430\u0432\u0438\u0442\u044c\u0441\u044f \u0434\u043e\u043c\u043e\u0439 \u0432 \u0442\u043e\u0442 \u0436\u0435 \u0434\u0435\u043d\u044c.<\/p><\/li><\/ul><h4 data-path-to-node=\"15\">\u0412. \u042f\u0438\u0447\u043a\u043e, \u0440\u0430\u0441\u043f\u043e\u043b\u043e\u0436\u0435\u043d\u043d\u043e\u0435 \u0432 \u0431\u0440\u044e\u0448\u043d\u043e\u0439 \u043f\u043e\u043b\u043e\u0441\u0442\u0438 (\u0434\u0432\u0443\u0445\u044d\u0442\u0430\u043f\u043d\u043e\u0435 \u043b\u0435\u0447\u0435\u043d\u0438\u0435)<\/h4><p data-path-to-node=\"16\">\u0415\u0441\u043b\u0438 \u044f\u0438\u0447\u043a\u043e \u043d\u0430\u0445\u043e\u0434\u0438\u0442\u0441\u044f \u0432 \u0431\u0440\u044e\u0448\u043d\u043e\u0439 \u043f\u043e\u043b\u043e\u0441\u0442\u0438, \u043b\u0435\u0447\u0435\u043d\u0438\u0435 \u0432\u043a\u043b\u044e\u0447\u0430\u0435\u0442 \u0434\u0432\u0430 \u044d\u0442\u0430\u043f\u0430 \u0434\u043b\u044f \u043e\u0431\u0435\u0441\u043f\u0435\u0447\u0435\u043d\u0438\u044f \u043a\u0440\u043e\u0432\u043e\u043e\u0431\u0440\u0430\u0449\u0435\u043d\u0438\u044f:<\/p><ol start=\"1\" data-path-to-node=\"17\"><li><p data-path-to-node=\"17,0,0\"><b data-path-to-node=\"17,0,0\" data-index-in-node=\"0\">\u0428\u0430\u0433 1:<\/b> \u041a\u0440\u043e\u0432\u0435\u043d\u043e\u0441\u043d\u044b\u0439 \u0441\u043e\u0441\u0443\u0434, \u0441\u0434\u0430\u0432\u043b\u0438\u0432\u0430\u044e\u0449\u0438\u0439 \u044f\u0438\u0447\u043a\u043e, \u043f\u0435\u0440\u0435\u0440\u0435\u0437\u0430\u0435\u0442\u0441\u044f. \u041f\u043e\u0441\u043b\u0435 \u044d\u0442\u043e\u0433\u043e \u043e\u0436\u0438\u0434\u0430\u0435\u0442\u0441\u044f... <b data-path-to-node=\"17,0,0\" data-index-in-node=\"76\">6 \u043c\u0435\u0441\u044f\u0446\u0435\u0432<\/b>, \u0447\u0442\u043e\u0431\u044b \u0443\u0441\u0438\u043b\u0438\u0442\u044c \u043e\u043a\u0440\u0443\u0436\u0430\u044e\u0449\u0435\u0435 \u043a\u0440\u043e\u0432\u043e\u043e\u0431\u0440\u0430\u0449\u0435\u043d\u0438\u0435.<\/p><\/li><li><p data-path-to-node=\"17,1,0\"><b data-path-to-node=\"17,1,0\" data-index-in-node=\"0\">2-\u0439 \u044d\u0442\u0430\u043f:<\/b> \u041f\u0440\u043e\u0432\u043e\u0434\u0438\u0442\u0441\u044f \u0432\u0442\u043e\u0440\u0430\u044f \u043e\u043f\u0435\u0440\u0430\u0446\u0438\u044f, \u0432 \u0445\u043e\u0434\u0435 \u043a\u043e\u0442\u043e\u0440\u043e\u0439 \u044f\u0438\u0447\u043a\u043e \u043f\u0435\u0440\u0435\u043c\u0435\u0449\u0430\u0435\u0442\u0441\u044f \u0432 \u043c\u043e\u0448\u043e\u043d\u043a\u0443 \u0441 \u0443\u043b\u0443\u0447\u0448\u0435\u043d\u043d\u044b\u043c \u043a\u0440\u043e\u0432\u043e\u043e\u0431\u0440\u0430\u0449\u0435\u043d\u0438\u0435\u043c.<\/p><\/li><\/ol><hr data-path-to-node=\"18\" \/><h3 data-path-to-node=\"19\">\u0412\u043e\u0441\u0441\u0442\u0430\u043d\u043e\u0432\u043b\u0435\u043d\u0438\u0435 \u0434\u043e\u043c\u0430<\/h3><ul data-path-to-node=\"20\"><li><p data-path-to-node=\"20,0,0\"><b data-path-to-node=\"20,0,0\" data-index-in-node=\"0\">\u041e\u0431\u0435\u0437\u0431\u043e\u043b\u0438\u0432\u0430\u043d\u0438\u0435:<\/b> \u0412 \u043f\u0435\u0440\u0432\u044b\u0435 \u043d\u0435\u0441\u043a\u043e\u043b\u044c\u043a\u043e \u0434\u043d\u0435\u0439 \u0440\u0435\u0433\u0443\u043b\u044f\u0440\u043d\u043e \u043f\u0440\u0438\u043d\u0438\u043c\u0430\u0439\u0442\u0435 \u043e\u0431\u0435\u0437\u0431\u043e\u043b\u0438\u0432\u0430\u044e\u0449\u0438\u0435 \u043f\u0440\u0435\u043f\u0430\u0440\u0430\u0442\u044b (\u043f\u0430\u0440\u0430\u0446\u0435\u0442\u0430\u043c\u043e\u043b\/\u0438\u0431\u0443\u043f\u0440\u043e\u0444\u0435\u043d).<\/p><\/li><li><p data-path-to-node=\"20,1,0\"><b data-path-to-node=\"20,1,0\" data-index-in-node=\"0\">\u0420\u0430\u043d\u044b:<\/b> \u041e\u0431\u044b\u0447\u043d\u043e \u0440\u0430\u0437\u0440\u0435\u0437\u044b \u0437\u0430\u0448\u0438\u0432\u0430\u044e\u0442 \u0440\u0430\u0441\u0441\u0430\u0441\u044b\u0432\u0430\u044e\u0449\u0438\u043c\u0438\u0441\u044f \u0448\u0432\u0430\u043c\u0438, \u043a\u043e\u0442\u043e\u0440\u044b\u0435 \u0438\u0441\u0447\u0435\u0437\u0430\u044e\u0442 \u0441\u0430\u043c\u0438 \u043f\u043e \u0441\u0435\u0431\u0435.<\/p><\/li><li><p data-path-to-node=\"20,2,0\"><b data-path-to-node=\"20,2,0\" data-index-in-node=\"0\">\u0422\u0440\u0430\u043c\u043c\u0435\u043b\u0438:<\/b> \u0421\u043b\u0435\u0434\u0443\u0435\u0442 \u0438\u0437\u0431\u0435\u0433\u0430\u0442\u044c \u0444\u0438\u0437\u0438\u0447\u0435\u0441\u043a\u0438\u0445 \u0443\u043f\u0440\u0430\u0436\u043d\u0435\u043d\u0438\u0439, \u0441\u043f\u043e\u0440\u0442\u0430 \u0438 \u043f\u043b\u0430\u0432\u0430\u043d\u0438\u044f. <b data-path-to-node=\"20,2,0\" data-index-in-node=\"65\">\u043f\u0440\u0438\u043c\u0435\u0440\u043d\u043e 1-2 \u043d\u0435\u0434\u0435\u043b\u0438 \u0432 \u0437\u0430\u0432\u0438\u0441\u0438\u043c\u043e\u0441\u0442\u0438 \u043e\u0442 \u0432\u043e\u0437\u0440\u0430\u0441\u0442\u0430<\/b>.<\/p><\/li><li><p data-path-to-node=\"20,3,0\"><b data-path-to-node=\"20,3,0\" data-index-in-node=\"0\">\u0412\u043e\u0437\u0432\u0440\u0430\u0449\u0435\u043d\u0438\u0435 \u043a \u043f\u043e\u0432\u0441\u0435\u0434\u043d\u0435\u0432\u043d\u043e\u0439 \u0436\u0438\u0437\u043d\u0438:<\/b> \u0412 \u0437\u0430\u0432\u0438\u0441\u0438\u043c\u043e\u0441\u0442\u0438 \u043e\u0442 \u0432\u0430\u0448\u0435\u0433\u043e \u0441\u043e\u0441\u0442\u043e\u044f\u043d\u0438\u044f, \u0432\u044b, \u043a\u0430\u043a \u043f\u0440\u0430\u0432\u0438\u043b\u043e, \u043c\u043e\u0436\u0435\u0442\u0435 \u0432\u0435\u0440\u043d\u0443\u0442\u044c\u0441\u044f \u0432 \u0448\u043a\u043e\u043b\u0443 \u0438\u043b\u0438 \u0434\u0435\u0442\u0441\u043a\u0438\u0439 \u0441\u0430\u0434 \u0447\u0435\u0440\u0435\u0437 \u043d\u0435\u0441\u043a\u043e\u043b\u044c\u043a\u043e \u0434\u043d\u0435\u0439.<\/p><\/li><\/ul><p>\u0421\u0441\u044b\u043b\u043a\u0430 \u043d\u0430 \u043e\u0437\u0434\u043e\u0440\u043e\u0432\u0438\u0442\u0435\u043b\u044c\u043d\u044b\u0439 \u0446\u0435\u043d\u0442\u0440 Health Village<\/p><p><a href=\"https:\/\/www.terveyskyla.fi\/lastentalo\/tietoa-lasten-sairauksista\/lasten-ja-nuorten-urologia\/laskeutumaton-kives\" target=\"_blank\" rel=\"noopener\">https:\/\/www.terveyskyla.fi\/lastentalo\/tietoa-lasten-sairauksista\/lasten-ja-nuorten-urologia\/laskeutumaton-kives<\/a><\/p><p>\u00a0<\/p><p>\u00a0<\/p>\t\t\t\t\t\t\t\t<\/div>\n\t\t\t\t<\/div>\n\t\t\t\t\t<\/div>\n\t\t\t\t<\/div>\n\t\t\t\t<\/div>","protected":false},"excerpt":{"rendered":"<p>Lapsen laskeutumaton kives \u2013 tietoa ja hoitopolku Poikalapsen kivekset laskeutuvat yleens\u00e4 kivespussiin siki\u00f6aikana, mutta joskus toinen tai molemmat kivekset j\u00e4\u00e4v\u00e4t matkan varrelle. Kivesten tulisi olla laskeutunut 6 kuukauden ik\u00e4\u00e4n menness\u00e4. Hyppiv\u00e4 kives on normaali ilmi\u00f6 Monilla lapsilla esiintyy niin sanottu hyppiv\u00e4 kives (testis saltans). T\u00e4m\u00e4 on t\u00e4ysin normaali fysiologinen ilmi\u00f6, joka johtuu vilkkaasta kiveskohottajalihaksesta. Jos [&hellip;]<\/p>\n","protected":false},"author":1,"featured_media":0,"parent":0,"menu_order":0,"comment_status":"closed","ping_status":"closed","template":"","meta":{"_angie_page":false,"site-sidebar-layout":"no-sidebar","site-content-layout":"page-builder","ast-site-content-layout":"full-width-container","site-content-style":"default","site-sidebar-style":"default","ast-global-header-display":"","ast-banner-title-visibility":"","ast-main-header-display":"","ast-hfb-above-header-display":"","ast-hfb-below-header-display":"","ast-hfb-mobile-header-display":"","site-post-title":"","ast-breadcrumbs-content":"","ast-featured-img":"disabled","footer-sml-layout":"","ast-disable-related-posts":"","theme-transparent-header-meta":"","adv-header-id-meta":"","stick-header-meta":"","header-above-stick-meta":"","header-main-stick-meta":"","header-below-stick-meta":"","astra-migrate-meta-layouts":"set","ast-page-background-enabled":"default","ast-page-background-meta":{"desktop":{"background-color":"","background-image":"","background-repeat":"repeat","background-position":"center center","background-size":"auto","background-attachment":"scroll","background-type":"","background-media":"","overlay-type":"","overlay-color":"","overlay-opacity":"","overlay-gradient":""},"tablet":{"background-color":"","background-image":"","background-repeat":"repeat","background-position":"center center","background-size":"auto","background-attachment":"scroll","background-type":"","background-media":"","overlay-type":"","overlay-color":"","overlay-opacity":"","overlay-gradient":""},"mobile":{"background-color":"","background-image":"","background-repeat":"repeat","background-position":"center center","background-size":"auto","background-attachment":"scroll","background-type":"","background-media":"","overlay-type":"","overlay-color":"","overlay-opacity":"","overlay-gradient":""}},"ast-content-background-meta":{"desktop":{"background-color":"var(--ast-global-color-5)","background-image":"","background-repeat":"repeat","background-position":"center center","background-size":"auto","background-attachment":"scroll","background-type":"","background-media":"","overlay-type":"","overlay-color":"","overlay-opacity":"","overlay-gradient":""},"tablet":{"background-color":"var(--ast-global-color-5)","background-image":"","background-repeat":"repeat","background-position":"center center","background-size":"auto","background-attachment":"scroll","background-type":"","background-media":"","overlay-type":"","overlay-color":"","overlay-opacity":"","overlay-gradient":""},"mobile":{"background-color":"var(--ast-global-color-5)","background-image":"","background-repeat":"repeat","background-position":"center center","background-size":"auto","background-attachment":"scroll","background-type":"","background-media":"","overlay-type":"","overlay-color":"","overlay-opacity":"","overlay-gradient":""}},"footnotes":""},"class_list":["post-1364","page","type-page","status-publish","hentry"],"_links":{"self":[{"href":"https:\/\/lastenkirurgia.fi\/ru\/wp-json\/wp\/v2\/pages\/1364","targetHints":{"allow":["GET"]}}],"collection":[{"href":"https:\/\/lastenkirurgia.fi\/ru\/wp-json\/wp\/v2\/pages"}],"about":[{"href":"https:\/\/lastenkirurgia.fi\/ru\/wp-json\/wp\/v2\/types\/page"}],"author":[{"embeddable":true,"href":"https:\/\/lastenkirurgia.fi\/ru\/wp-json\/wp\/v2\/users\/1"}],"replies":[{"embeddable":true,"href":"https:\/\/lastenkirurgia.fi\/ru\/wp-json\/wp\/v2\/comments?post=1364"}],"version-history":[{"count":4,"href":"https:\/\/lastenkirurgia.fi\/ru\/wp-json\/wp\/v2\/pages\/1364\/revisions"}],"predecessor-version":[{"id":1577,"href":"https:\/\/lastenkirurgia.fi\/ru\/wp-json\/wp\/v2\/pages\/1364\/revisions\/1577"}],"wp:attachment":[{"href":"https:\/\/lastenkirurgia.fi\/ru\/wp-json\/wp\/v2\/media?parent=1364"}],"curies":[{"name":"wp","href":"https:\/\/api.w.org\/{rel}","templated":true}]}}