{"id":1372,"date":"2026-04-09T13:51:12","date_gmt":"2026-04-09T13:51:12","guid":{"rendered":"https:\/\/darkcyan-pheasant-754087.hostingersite.com\/?page_id=1372"},"modified":"2026-04-11T13:35:26","modified_gmt":"2026-04-11T13:35:26","slug":"lapsen-murtuman-hoito","status":"publish","type":"page","link":"https:\/\/lastenkirurgia.fi\/ru\/lapsen-murtuman-hoito\/","title":{"rendered":"\u041b\u0435\u0447\u0435\u043d\u0438\u0435 \u043f\u0435\u0440\u0435\u043b\u043e\u043c\u0430 \u0443 \u0440\u0435\u0431\u0435\u043d\u043a\u0430"},"content":{"rendered":"<div data-elementor-type=\"wp-page\" data-elementor-id=\"1372\" class=\"elementor elementor-1372\" data-elementor-post-type=\"page\">\n\t\t\t\t<div class=\"elementor-element elementor-element-31eef8b e-flex e-con-boxed e-con e-parent\" data-id=\"31eef8b\" data-element_type=\"container\" data-e-type=\"container\">\n\t\t\t\t\t<div class=\"e-con-inner\">\n\t\t\t\t<div class=\"elementor-element elementor-element-d40e97e elementor-widget elementor-widget-text-editor\" data-id=\"d40e97e\" data-element_type=\"widget\" data-e-type=\"widget\" data-widget_type=\"text-editor.default\">\n\t\t\t\t<div class=\"elementor-widget-container\">\n\t\t\t\t\t\t\t\t\t<h2 data-path-to-node=\"2\">Lapsen murtuman hoito ja seuranta<\/h2><p data-path-to-node=\"3\">Lasten murtumat poikkeavat merkitt\u00e4v\u00e4sti aikuisten luunmurtumista. Lapsen luu on i\u00e4st\u00e4 riippuen viel\u00e4 hyvin remodelloituva, mink\u00e4 vuoksi hoitolinjat valitaan yksil\u00f6llisesti lapsen i\u00e4n ja kasvun vaiheen mukaan.<\/p><h3 data-path-to-node=\"4\">Miksi lapsen murtuma on erityinen?<\/h3><p data-path-to-node=\"5\">Lapsen luustossa on useita piirteit\u00e4, jotka tekev\u00e4t diagnostiikasta ja hoidosta aikuisiin verrattuna erilaista:<\/p><ul data-path-to-node=\"6\"><li><p data-path-to-node=\"6,0,0\"><b data-path-to-node=\"6,0,0\" data-index-in-node=\"0\">R\u00f6ntgenkuvien tulkinta:<\/b> Lasten luissa on kasvulinjoja, kasvutumakkeita ja rustoisia osia, jotka poikkeavat aikuisten luista. T\u00e4m\u00e4n vuoksi kuvien tulkinta vaatii kokenutta silm\u00e4\u00e4, jotta murtuma erotetaan esim. normaalista kasvulinjasta.<\/p><\/li><li><p data-path-to-node=\"6,1,0\"><b data-path-to-node=\"6,1,0\" data-index-in-node=\"0\">Kasvun voima (Remodelaatio):<\/b> Mit\u00e4 nuorempi lapsi on, sit\u00e4 parempi on h\u00e4nen elimist\u00f6ns\u00e4 kyky korjata murtuman virheasentoja kasvun my\u00f6t\u00e4. T\u00e4m\u00e4n vuoksi nuoremmilla lapsilla voidaan sallia huomattavastikin suurempia virheasentoja kuin vanhemmilla lapsilla tai aikuisilla \u2013 lopputulos on silti pitk\u00e4ll\u00e4 t\u00e4ht\u00e4imell\u00e4 uutta vastaava.<\/p><\/li><\/ul><h3 data-path-to-node=\"7\">Hoitomuodot<\/h3><p data-path-to-node=\"8\">Suurin osa lasten murtumista hoituu helposti kipsill\u00e4, mutta nykytiedon valossa kaikki murtumat eiv\u00e4t v\u00e4ltt\u00e4m\u00e4tt\u00e4 vaadi edes kipsi\u00e4.<\/p><ol start=\"1\" data-path-to-node=\"9\"><li><p data-path-to-node=\"9,0,0\"><b data-path-to-node=\"9,0,0\" data-index-in-node=\"0\">Kipsit\u00f6n hoito:<\/b> Tietyt tyypilliset murtumat, kuten ranteen <b data-path-to-node=\"9,0,0\" data-index-in-node=\"59\">pajunvitsamurtumat<\/b>, paranevat erinomaisesti ilman j\u00e4ykk\u00e4\u00e4 kipsi\u00e4. Samoin jotkut aivan pienten lasten murtumat.<\/p><\/li><li><p data-path-to-node=\"9,1,0\"><b data-path-to-node=\"9,1,0\" data-index-in-node=\"0\">Kipsihoito:<\/b> Jos murtuma vaatii tukea, k\u00e4ytet\u00e4\u00e4n kipsi\u00e4 yleens\u00e4 muutamasta viikosta (pienet lapset) jopa kuuteen viikkoon(osa isompien lasten murtumista)<\/p><\/li><li><p data-path-to-node=\"9,2,0\"><b data-path-to-node=\"9,2,0\" data-index-in-node=\"0\">Yksil\u00f6llinen hoitop\u00e4\u00e4t\u00f6s:<\/b> Hoitoon vaikuttaa lapsen <b data-path-to-node=\"9,2,0\" data-index-in-node=\"51\">ik\u00e4 ja koko<\/b>. Esimerkiksi 5-vuotiaan lapsen murtuma hoidetaan usein eri tavalla kuin 11-vuotiaan, koska nuoremmalla korjauspotentiaali on suurempi.<\/p><\/li><\/ol><h3 data-path-to-node=\"10\">Kasvulinjamurtumat ja seuranta<\/h3><p data-path-to-node=\"11\">Jos murtuma ulottuu <b data-path-to-node=\"11\" data-index-in-node=\"20\">kasvulinjaan<\/b>, on toisinaan tilannetta seurattava tarkemmin. Kasvulinja on alue, josta luu kasvaa pituutta, ja vaurio t\u00e4ll\u00e4 alueella voi vaikuttaa luun normaaliin kasvuun.<\/p><ul data-path-to-node=\"12\"><li><p data-path-to-node=\"12,0,0\"><b data-path-to-node=\"12,0,0\" data-index-in-node=\"0\">J\u00e4lkitarkastus:<\/b> Kasvulinjamurtumissa otetaan toisinaan uusi r\u00f6ntgenkuva noin <b data-path-to-node=\"12,0,0\" data-index-in-node=\"77\">6 kuukauden kohdalla<\/b>.<\/p><\/li><li><p data-path-to-node=\"12,1,0\"><b data-path-to-node=\"12,1,0\" data-index-in-node=\"0\">Mit\u00e4 seurataan?<\/b> Kuvalla varmistetaan, ettei kasvulinja ole luutunut murtuman kohdalta ennenaikaisesti umpeen, mik\u00e4 voisi johtaa kasvuh\u00e4iri\u00f6\u00f6n.<\/p><\/li><\/ul><hr data-path-to-node=\"13\" \/><h3 data-path-to-node=\"14\">Kotihoito-ohjeita kipsin kanssa:<\/h3><ul data-path-to-node=\"15\"><li><p data-path-to-node=\"15,0,0\"><b data-path-to-node=\"15,0,0\" data-index-in-node=\"0\">Tarkkaile verenkiertoa:<\/b> Jos varpaat tai sormet muuttuvat sinisiksi, kylmiksi tai lapsi valittaa kovaa pistely\u00e4, ota yhteys l\u00e4\u00e4k\u00e4riin.<\/p><\/li><li><p data-path-to-node=\"15,1,0\"><b data-path-to-node=\"15,1,0\" data-index-in-node=\"0\">Kivunhoito:<\/b> Anna kipul\u00e4\u00e4kett\u00e4 (parasetamoli\/ibuprofeeni) l\u00e4\u00e4k\u00e4rin ohjeen mukaan, erityisesti ensimm\u00e4isin\u00e4 p\u00e4ivin\u00e4.<\/p><\/li><li><p data-path-to-node=\"15,2,0\"><b data-path-to-node=\"15,2,0\" data-index-in-node=\"0\">Kipsin puhtaus:<\/b> Pid\u00e4 kipsi kuivana. Muovipussi suojana suihkussa on v\u00e4ltt\u00e4m\u00e4t\u00f6n.<\/p><\/li><\/ul><p>HUS lasten murtumien hoito-ohjeita linkki<\/p><p><a href=\"https:\/\/www.hus.fi\/potilaalle\/hoidot-ja-tutkimukset\/lasten-ja-nuorten-murtumien-hoito\" target=\"_blank\" rel=\"noopener\">https:\/\/www.hus.fi\/potilaalle\/hoidot-ja-tutkimukset\/lasten-ja-nuorten-murtumien-hoito<\/a><\/p>\t\t\t\t\t\t\t\t<\/div>\n\t\t\t\t<\/div>\n\t\t\t\t\t<\/div>\n\t\t\t\t<\/div>\n\t\t<div class=\"elementor-element elementor-element-ce7b048 e-flex e-con-boxed e-con e-parent\" data-id=\"ce7b048\" data-element_type=\"container\" data-e-type=\"container\">\n\t\t\t\t\t<div class=\"e-con-inner\">\n\t\t\t\t<div class=\"elementor-element elementor-element-acf34e3 elementor-widget elementor-widget-image\" data-id=\"acf34e3\" data-element_type=\"widget\" data-e-type=\"widget\" data-widget_type=\"image.default\">\n\t\t\t\t<div class=\"elementor-widget-container\">\n\t\t\t\t\t\t\t\t\t\t\t\t\t\t\t<img fetchpriority=\"high\" decoding=\"async\" width=\"1024\" height=\"559\" src=\"https:\/\/lastenkirurgia.fi\/wp-content\/uploads\/2026\/04\/rannemurtuma.webp\" class=\"attachment-large size-large wp-image-1561\" alt=\"\" srcset=\"https:\/\/lastenkirurgia.fi\/wp-content\/uploads\/2026\/04\/rannemurtuma.webp 1024w, https:\/\/lastenkirurgia.fi\/wp-content\/uploads\/2026\/04\/rannemurtuma-300x164.webp 300w, https:\/\/lastenkirurgia.fi\/wp-content\/uploads\/2026\/04\/rannemurtuma-768x419.webp 768w\" sizes=\"(max-width: 1024px) 100vw, 1024px\" \/>\t\t\t\t\t\t\t\t\t\t\t\t\t\t\t<\/div>\n\t\t\t\t<\/div>\n\t\t\t\t\t<\/div>\n\t\t\t\t<\/div>\n\t\t\t\t<\/div>","protected":false},"excerpt":{"rendered":"<p>Lapsen murtuman hoito ja seuranta Lasten murtumat poikkeavat merkitt\u00e4v\u00e4sti aikuisten luunmurtumista. Lapsen luu on i\u00e4st\u00e4 riippuen viel\u00e4 hyvin remodelloituva, mink\u00e4 vuoksi hoitolinjat valitaan yksil\u00f6llisesti lapsen i\u00e4n ja kasvun vaiheen mukaan. Miksi lapsen murtuma on erityinen? Lapsen luustossa on useita piirteit\u00e4, jotka tekev\u00e4t diagnostiikasta ja hoidosta aikuisiin verrattuna erilaista: R\u00f6ntgenkuvien tulkinta: Lasten luissa on kasvulinjoja, kasvutumakkeita [&hellip;]<\/p>\n","protected":false},"author":1,"featured_media":0,"parent":0,"menu_order":0,"comment_status":"closed","ping_status":"closed","template":"","meta":{"_angie_page":false,"site-sidebar-layout":"no-sidebar","site-content-layout":"page-builder","ast-site-content-layout":"full-width-container","site-content-style":"default","site-sidebar-style":"default","ast-global-header-display":"","ast-banner-title-visibility":"","ast-main-header-display":"","ast-hfb-above-header-display":"","ast-hfb-below-header-display":"","ast-hfb-mobile-header-display":"","site-post-title":"","ast-breadcrumbs-content":"","ast-featured-img":"disabled","footer-sml-layout":"","ast-disable-related-posts":"","theme-transparent-header-meta":"","adv-header-id-meta":"","stick-header-meta":"","header-above-stick-meta":"","header-main-stick-meta":"","header-below-stick-meta":"","astra-migrate-meta-layouts":"set","ast-page-background-enabled":"default","ast-page-background-meta":{"desktop":{"background-color":"","background-image":"","background-repeat":"repeat","background-position":"center center","background-size":"auto","background-attachment":"scroll","background-type":"","background-media":"","overlay-type":"","overlay-color":"","overlay-opacity":"","overlay-gradient":""},"tablet":{"background-color":"","background-image":"","background-repeat":"repeat","background-position":"center center","background-size":"auto","background-attachment":"scroll","background-type":"","background-media":"","overlay-type":"","overlay-color":"","overlay-opacity":"","overlay-gradient":""},"mobile":{"background-color":"","background-image":"","background-repeat":"repeat","background-position":"center center","background-size":"auto","background-attachment":"scroll","background-type":"","background-media":"","overlay-type":"","overlay-color":"","overlay-opacity":"","overlay-gradient":""}},"ast-content-background-meta":{"desktop":{"background-color":"var(--ast-global-color-5)","background-image":"","background-repeat":"repeat","background-position":"center center","background-size":"auto","background-attachment":"scroll","background-type":"","background-media":"","overlay-type":"","overlay-color":"","overlay-opacity":"","overlay-gradient":""},"tablet":{"background-color":"var(--ast-global-color-5)","background-image":"","background-repeat":"repeat","background-position":"center center","background-size":"auto","background-attachment":"scroll","background-type":"","background-media":"","overlay-type":"","overlay-color":"","overlay-opacity":"","overlay-gradient":""},"mobile":{"background-color":"var(--ast-global-color-5)","background-image":"","background-repeat":"repeat","background-position":"center center","background-size":"auto","background-attachment":"scroll","background-type":"","background-media":"","overlay-type":"","overlay-color":"","overlay-opacity":"","overlay-gradient":""}},"footnotes":""},"class_list":["post-1372","page","type-page","status-publish","hentry"],"_links":{"self":[{"href":"https:\/\/lastenkirurgia.fi\/ru\/wp-json\/wp\/v2\/pages\/1372","targetHints":{"allow":["GET"]}}],"collection":[{"href":"https:\/\/lastenkirurgia.fi\/ru\/wp-json\/wp\/v2\/pages"}],"about":[{"href":"https:\/\/lastenkirurgia.fi\/ru\/wp-json\/wp\/v2\/types\/page"}],"author":[{"embeddable":true,"href":"https:\/\/lastenkirurgia.fi\/ru\/wp-json\/wp\/v2\/users\/1"}],"replies":[{"embeddable":true,"href":"https:\/\/lastenkirurgia.fi\/ru\/wp-json\/wp\/v2\/comments?post=1372"}],"version-history":[{"count":13,"href":"https:\/\/lastenkirurgia.fi\/ru\/wp-json\/wp\/v2\/pages\/1372\/revisions"}],"predecessor-version":[{"id":1567,"href":"https:\/\/lastenkirurgia.fi\/ru\/wp-json\/wp\/v2\/pages\/1372\/revisions\/1567"}],"wp:attachment":[{"href":"https:\/\/lastenkirurgia.fi\/ru\/wp-json\/wp\/v2\/media?parent=1372"}],"curies":[{"name":"wp","href":"https:\/\/api.w.org\/{rel}","templated":true}]}}