{"id":1374,"date":"2026-04-09T13:51:24","date_gmt":"2026-04-09T13:51:24","guid":{"rendered":"https:\/\/darkcyan-pheasant-754087.hostingersite.com\/?page_id=1374"},"modified":"2026-04-12T16:07:26","modified_gmt":"2026-04-12T16:07:26","slug":"lapsen-vatsakipu","status":"publish","type":"page","link":"https:\/\/lastenkirurgia.fi\/ru\/lapsen-vatsakipu\/","title":{"rendered":"\u0423 \u0440\u0435\u0431\u0435\u043d\u043a\u0430 \u0431\u043e\u043b\u0438\u0442 \u0436\u0438\u0432\u043e\u0442"},"content":{"rendered":"<div data-elementor-type=\"wp-page\" data-elementor-id=\"1374\" class=\"elementor elementor-1374\" data-elementor-post-type=\"page\">\n\t\t\t\t<div class=\"elementor-element elementor-element-260bee6 e-flex e-con-boxed e-con e-parent\" data-id=\"260bee6\" data-element_type=\"container\" data-e-type=\"container\">\n\t\t\t\t\t<div class=\"e-con-inner\">\n\t\t\t\t<div class=\"elementor-element elementor-element-00c07d8 elementor-widget elementor-widget-text-editor\" data-id=\"00c07d8\" data-element_type=\"widget\" data-e-type=\"widget\" data-widget_type=\"text-editor.default\">\n\t\t\t\t<div class=\"elementor-widget-container\">\n\t\t\t\t\t\t\t\t\t<h2 data-path-to-node=\"2\">\u0412\u043d\u0435\u0437\u0430\u043f\u043d\u0430\u044f \u0431\u043e\u043b\u044c \u0432 \u0436\u0438\u0432\u043e\u0442\u0435 \u0443 \u0440\u0435\u0431\u0435\u043d\u043a\u0430\u00a0<\/h2><p data-path-to-node=\"3\">\u0411\u043e\u043b\u044c \u0432 \u0436\u0438\u0432\u043e\u0442\u0435 \u2014 \u043e\u0434\u043d\u0430 \u0438\u0437 \u0441\u0430\u043c\u044b\u0445 \u0440\u0430\u0441\u043f\u0440\u043e\u0441\u0442\u0440\u0430\u043d\u0435\u043d\u043d\u044b\u0445 \u043f\u0440\u0438\u0447\u0438\u043d \u043e\u0431\u0440\u0430\u0449\u0435\u043d\u0438\u044f \u0440\u0435\u0431\u0435\u043d\u043a\u0430 \u0432 \u043e\u0442\u0434\u0435\u043b\u0435\u043d\u0438\u0435 \u043d\u0435\u043e\u0442\u043b\u043e\u0436\u043d\u043e\u0439 \u043f\u043e\u043c\u043e\u0449\u0438. \u0427\u0430\u0449\u0435 \u0432\u0441\u0435\u0433\u043e \u044d\u0442\u043e \u043d\u0435\u0437\u043d\u0430\u0447\u0438\u0442\u0435\u043b\u044c\u043d\u044b\u0435 \u0441\u043e\u0441\u0442\u043e\u044f\u043d\u0438\u044f, \u0442\u0430\u043a\u0438\u0435 \u043a\u0430\u043a \u0436\u0435\u043b\u0443\u0434\u043e\u0447\u043d\u0430\u044f \u0438\u043d\u0444\u0435\u043a\u0446\u0438\u044f \u0438\u043b\u0438 \u0437\u0430\u043f\u043e\u0440, \u043d\u043e \u0432\u0430\u0436\u043d\u043e \u0440\u0430\u0441\u043f\u043e\u0437\u043d\u0430\u0432\u0430\u0442\u044c \u0441\u0438\u0442\u0443\u0430\u0446\u0438\u0438, \u0442\u0440\u0435\u0431\u0443\u044e\u0449\u0438\u0435 \u043d\u0435\u0437\u0430\u043c\u0435\u0434\u043b\u0438\u0442\u0435\u043b\u044c\u043d\u043e\u0439 \u043c\u0435\u0434\u0438\u0446\u0438\u043d\u0441\u043a\u043e\u0439 \u043f\u043e\u043c\u043e\u0449\u0438 \u0438\u043b\u0438 \u0445\u0438\u0440\u0443\u0440\u0433\u0438\u0447\u0435\u0441\u043a\u043e\u0433\u043e \u0432\u043c\u0435\u0448\u0430\u0442\u0435\u043b\u044c\u0441\u0442\u0432\u0430.<\/p><h3 data-path-to-node=\"4\">1. \u041a\u043e\u0433\u0434\u0430 \u0441\u043b\u0435\u0434\u0443\u0435\u0442 \u043e\u0431\u0440\u0430\u0442\u0438\u0442\u044c\u0441\u044f \u043a \u0432\u0440\u0430\u0447\u0443?<\/h3><p data-path-to-node=\"5\">\u041e\u0431\u0440\u0430\u0442\u0438\u0442\u0435\u0441\u044c \u043a \u0432\u0440\u0430\u0447\u0443 \u0438\u043b\u0438 \u0432 \u043e\u0442\u0434\u0435\u043b\u0435\u043d\u0438\u0435 \u043d\u0435\u043e\u0442\u043b\u043e\u0436\u043d\u043e\u0439 \u043f\u043e\u043c\u043e\u0449\u0438, \u0435\u0441\u043b\u0438 \u0443 \u0432\u0430\u0448\u0435\u0433\u043e \u0440\u0435\u0431\u0435\u043d\u043a\u0430 \u043d\u0430\u0431\u043b\u044e\u0434\u0430\u044e\u0442\u0441\u044f \u043a\u0430\u043a\u0438\u0435-\u043b\u0438\u0431\u043e \u0438\u0437 \u0441\u043b\u0435\u0434\u0443\u044e\u0449\u0438\u0445 \u0441\u0438\u043c\u043f\u0442\u043e\u043c\u043e\u0432:<\/p><ul data-path-to-node=\"6\"><li><p data-path-to-node=\"6,0,0\"><b data-path-to-node=\"6,0,0\" data-index-in-node=\"0\">\u0411\u043e\u043b\u044c \u0441\u0438\u043b\u044c\u043d\u0430\u044f.<\/b> \u0438 \u043e\u0431\u0449\u0435\u0435 \u0441\u043e\u0441\u0442\u043e\u044f\u043d\u0438\u0435 \u0440\u0435\u0431\u0435\u043d\u043a\u0430 \u043f\u043b\u043e\u0445\u043e\u0435.<\/p><\/li><li><p data-path-to-node=\"6,1,0\"><b data-path-to-node=\"6,1,0\" data-index-in-node=\"0\">\u0411\u043e\u043b\u044c \u043b\u043e\u043a\u0430\u043b\u0438\u0437\u0443\u0435\u0442\u0441\u044f.<\/b> \u0432 \u043e\u043f\u0440\u0435\u0434\u0435\u043b\u0451\u043d\u043d\u0443\u044e \u0442\u043e\u0447\u043a\u0443 (\u043e\u0441\u043e\u0431\u0435\u043d\u043d\u043e \u0432 \u043f\u0440\u0430\u0432\u0443\u044e \u043d\u0438\u0436\u043d\u044e\u044e \u0447\u0430\u0441\u0442\u044c \u0436\u0438\u0432\u043e\u0442\u0430).<\/p><\/li><li><p data-path-to-node=\"6,2,0\"><b data-path-to-node=\"6,2,0\" data-index-in-node=\"0\">\u0411\u0440\u044e\u0448\u043d\u044b\u0435 \u043f\u043e\u043a\u0440\u043e\u0432\u044b \u043d\u0430 \u043e\u0449\u0443\u043f\u044c \u0442\u0432\u0435\u0440\u0434\u044b\u0435.<\/b> \u0438\u043b\u0438 \u0436\u0435\u043b\u0443\u0434\u043e\u043a \u043e\u0447\u0435\u043d\u044c \u0447\u0443\u0432\u0441\u0442\u0432\u0438\u0442\u0435\u043b\u0435\u043d \u043a \u043f\u0440\u0438\u043a\u043e\u0441\u043d\u043e\u0432\u0435\u043d\u0438\u044e.<\/p><\/li><li><p data-path-to-node=\"6,3,0\"><b data-path-to-node=\"6,3,0\" data-index-in-node=\"0\">\u0420\u0435\u0431\u0435\u043d\u043e\u043a \u0440\u0432\u0435\u0442 \u0437\u0435\u043b\u0435\u043d\u044b\u043c<\/b> (\u0436\u0435\u043b\u0447\u044c) \u0438\u043b\u0438 \u0441\u0442\u0443\u043b \u0441 \u043a\u0440\u043e\u0432\u044c\u044e.<\/p><\/li><li><p data-path-to-node=\"6,4,0\"><b data-path-to-node=\"6,4,0\" data-index-in-node=\"0\">\u0411\u043e\u043b\u044c \u0441\u043e\u043f\u0440\u043e\u0432\u043e\u0436\u0434\u0430\u0435\u0442\u0441\u044f \u0432\u044b\u0441\u043e\u043a\u043e\u0439 \u0442\u0435\u043c\u043f\u0435\u0440\u0430\u0442\u0443\u0440\u043e\u0439.<\/b> \u0438\u043b\u0438 \u0441\u0438\u043b\u044c\u043d\u043e\u0439 \u0443\u0441\u0442\u0430\u043b\u043e\u0441\u0442\u0438.<\/p><\/li><li><p data-path-to-node=\"6,5,0\"><b data-path-to-node=\"6,5,0\" data-index-in-node=\"0\">\u0420\u0435\u0431\u0435\u043d\u043e\u043a \u043d\u0435 \u0443\u043c\u0435\u0435\u0442 \u043f\u0440\u044b\u0433\u0430\u0442\u044c.<\/b> \u0438\u043b\u0438 \u0434\u0432\u0438\u0436\u0435\u043d\u0438\u0435 \u0437\u0430\u0442\u0440\u0443\u0434\u043d\u0435\u043d\u043e \u0438\u0437-\u0437\u0430 \u0431\u043e\u043b\u0438 (\u044d\u0442\u043e \u043c\u043e\u0436\u0435\u0442 \u0443\u043a\u0430\u0437\u044b\u0432\u0430\u0442\u044c \u043d\u0430 \u0440\u0430\u0437\u0434\u0440\u0430\u0436\u0435\u043d\u0438\u0435 \u0431\u0440\u044e\u0448\u0438\u043d\u044b).<\/p><\/li><li><p data-path-to-node=\"6,6,0\"><b data-path-to-node=\"6,6,0\" data-index-in-node=\"0\">\u0423 \u043c\u0430\u043b\u044c\u0447\u0438\u043a\u0430 \u0431\u043e\u043b\u0438\u0442 \u044f\u0438\u0447\u043a\u043e, \u0430 \u0442\u0430\u043a\u0436\u0435 \u0436\u0438\u0432\u043e\u0442.<\/b> (\u0412\u043e\u0437\u043c\u043e\u0436\u043d\u043e\u0441\u0442\u044c \u043f\u0435\u0440\u0435\u043a\u0440\u0443\u0442\u0430 \u044f\u0438\u0447\u043a\u0430).<\/p><\/li><\/ul><h3 data-path-to-node=\"7\">2. \u041d\u0430\u0438\u0431\u043e\u043b\u0435\u0435 \u0440\u0430\u0441\u043f\u0440\u043e\u0441\u0442\u0440\u0430\u043d\u0435\u043d\u043d\u044b\u0435 \u043f\u0440\u0438\u0447\u0438\u043d\u044b \u0432 \u0437\u0430\u0432\u0438\u0441\u0438\u043c\u043e\u0441\u0442\u0438 \u043e\u0442 \u0432\u043e\u0437\u0440\u0430\u0441\u0442\u0430.<\/h3><p data-path-to-node=\"8\">\u041f\u0440\u0438\u0447\u0438\u043d\u044b \u0431\u043e\u043b\u0435\u0439 \u0432 \u0436\u0438\u0432\u043e\u0442\u0435 \u0440\u0430\u0437\u043b\u0438\u0447\u0430\u044e\u0442\u0441\u044f \u0432 \u0437\u0430\u0432\u0438\u0441\u0438\u043c\u043e\u0441\u0442\u0438 \u043e\u0442 \u0432\u043e\u0437\u0440\u0430\u0441\u0442\u0430 \u0440\u0435\u0431\u0435\u043d\u043a\u0430:<\/p><ul data-path-to-node=\"9\"><li><p data-path-to-node=\"9,0,0\"><b data-path-to-node=\"9,0,0\" data-index-in-node=\"0\">\u041c\u043b\u0430\u0434\u0435\u043d\u0446\u044b (\u0434\u043e 2 \u043b\u0435\u0442):<\/b> * <i data-path-to-node=\"9,0,0\" data-index-in-node=\"28\">\u0418\u043d\u0432\u0430\u0433\u0438\u043d\u0430\u0446\u0438\u044f \u043a\u0438\u0448\u0435\u0447\u043d\u0438\u043a\u0430:<\/i> \u0411\u043e\u043b\u044c \u0432\u043e\u0437\u043d\u0438\u043a\u0430\u0435\u0442 \u044d\u043f\u0438\u0437\u043e\u0434\u0438\u0447\u0435\u0441\u043a\u0438, \u0432\u0440\u0435\u043c\u0435\u043d\u0430\u043c\u0438 \u0440\u0435\u0431\u0435\u043d\u043e\u043a \u043c\u043e\u0436\u0435\u0442 \u043d\u0435 \u0438\u0441\u043f\u044b\u0442\u044b\u0432\u0430\u0442\u044c \u0431\u043e\u043b\u0438.<\/p><ul data-path-to-node=\"9,0,1\"><li><p data-path-to-node=\"9,0,1,0,0\"><i data-path-to-node=\"9,0,1,0,0\" data-index-in-node=\"0\">\u0423\u0449\u0435\u043c\u043b\u0435\u043d\u043d\u0430\u044f \u0433\u0440\u044b\u0436\u0430:<\/i> \u041f\u0440\u043e\u0432\u0435\u0440\u044c\u0442\u0435 \u043e\u0431\u043b\u0430\u0441\u0442\u044c \u043f\u0430\u0445\u0430 \u043d\u0430 \u043d\u0430\u043b\u0438\u0447\u0438\u0435 \u0432\u043e\u043b\u0434\u044b\u0440\u0435\u0439.<\/p><\/li><li><p data-path-to-node=\"9,0,1,1,0\"><i data-path-to-node=\"9,0,1,1,0\" data-index-in-node=\"0\">\u0421\u0442\u0435\u043d\u043e\u0437 \u043f\u0438\u0449\u0435\u0432\u043e\u0434\u043d\u043e\u0433\u043e \u043e\u0442\u0432\u0435\u0440\u0441\u0442\u0438\u044f \u0434\u0438\u0430\u0444\u0440\u0430\u0433\u043c\u044b:<\/i> \u0421\u0438\u043b\u044c\u043d\u0430\u044f, \u0441\u0442\u0440\u0443\u0439\u043d\u0430\u044f \u0440\u0432\u043e\u0442\u0430 \u0443 \u0440\u0435\u0431\u0435\u043d\u043a\u0430 \u0432 \u0432\u043e\u0437\u0440\u0430\u0441\u0442\u0435 3\u20136 \u043d\u0435\u0434\u0435\u043b\u044c.<\/p><\/li><\/ul><\/li><li><p data-path-to-node=\"9,1,0\"><b data-path-to-node=\"9,1,0\" data-index-in-node=\"0\">\u0414\u0435\u0442\u0438 \u0434\u043e\u0448\u043a\u043e\u043b\u044c\u043d\u043e\u0433\u043e \u0438 \u0448\u043a\u043e\u043b\u044c\u043d\u043e\u0433\u043e \u0432\u043e\u0437\u0440\u0430\u0441\u0442\u0430 (3\u201312 \u043b\u0435\u0442):<\/b><\/p><ul data-path-to-node=\"9,1,1\"><li><p data-path-to-node=\"9,1,1,0,0\"><i data-path-to-node=\"9,1,1,0,0\" data-index-in-node=\"0\">\u0410\u043f\u043f\u0435\u043d\u0434\u0438\u0446\u0438\u0442:<\/i> \u041d\u0430\u0438\u0431\u043e\u043b\u0435\u0435 \u0440\u0430\u0441\u043f\u0440\u043e\u0441\u0442\u0440\u0430\u043d\u0435\u043d\u043d\u0430\u044f \u043f\u0440\u0438\u0447\u0438\u043d\u0430, \u0442\u0440\u0435\u0431\u0443\u044e\u0449\u0430\u044f \u0445\u0438\u0440\u0443\u0440\u0433\u0438\u0447\u0435\u0441\u043a\u043e\u0433\u043e \u0432\u043c\u0435\u0448\u0430\u0442\u0435\u043b\u044c\u0441\u0442\u0432\u0430. \u0411\u043e\u043b\u044c \u0447\u0430\u0441\u0442\u043e \u043d\u0430\u0447\u0438\u043d\u0430\u0435\u0442\u0441\u044f \u0432 \u043e\u0431\u043b\u0430\u0441\u0442\u0438 \u043f\u0443\u043f\u043a\u0430 \u0438 \u0440\u0430\u0441\u043f\u0440\u043e\u0441\u0442\u0440\u0430\u043d\u044f\u0435\u0442\u0441\u044f \u0432\u043d\u0438\u0437 \u0432\u043f\u0440\u0430\u0432\u043e.<\/p><\/li><li><p data-path-to-node=\"9,1,1,1,0\"><i data-path-to-node=\"9,1,1,1,0\" data-index-in-node=\"0\">\u0412\u043e\u0441\u043f\u0430\u043b\u0435\u043d\u0438\u0435 \u043b\u0438\u043c\u0444\u0430\u0442\u0438\u0447\u0435\u0441\u043a\u0438\u0445 \u0443\u0437\u043b\u043e\u0432 \u043a\u0438\u0448\u0435\u0447\u043d\u0438\u043a\u0430:<\/i> \u0412 \u0441\u043e\u0447\u0435\u0442\u0430\u043d\u0438\u0438 \u0441 \u0433\u0440\u0438\u043f\u043f\u043e\u043c \u044d\u0442\u043e \u043c\u043e\u0436\u0435\u0442 \u043d\u0430\u043f\u043e\u043c\u0438\u043d\u0430\u0442\u044c \u0430\u043f\u043f\u0435\u043d\u0434\u0438\u0446\u0438\u0442.<\/p><\/li><\/ul><\/li><li><p data-path-to-node=\"9,2,0\"><b data-path-to-node=\"9,2,0\" data-index-in-node=\"0\">\u041f\u043e\u0434\u0440\u043e\u0441\u0442\u043a\u0438 (\u0441\u0442\u0430\u0440\u0448\u0435 12 \u043b\u0435\u0442):<\/b><\/p><ul data-path-to-node=\"9,2,1\"><li><p data-path-to-node=\"9,2,1,0,0\">\u0410\u043f\u043f\u0435\u043d\u0434\u0438\u0446\u0438\u0442 \u043f\u043e-\u043f\u0440\u0435\u0436\u043d\u0435\u043c\u0443 \u0432\u0441\u0442\u0440\u0435\u0447\u0430\u0435\u0442\u0441\u044f \u0447\u0430\u0441\u0442\u043e.<\/p><\/li><li><p data-path-to-node=\"9,2,1,1,0\">\u0423 \u0434\u0435\u0432\u043e\u0447\u0435\u043a \u0442\u0430\u043a\u0436\u0435 \u0441\u043b\u0435\u0434\u0443\u0435\u0442 \u0443\u0447\u0438\u0442\u044b\u0432\u0430\u0442\u044c \u043f\u0440\u043e\u0431\u043b\u0435\u043c\u044b \u0441 \u044f\u0438\u0447\u043d\u0438\u043a\u0430\u043c\u0438 (\u043d\u0430\u043f\u0440\u0438\u043c\u0435\u0440, \u043a\u0438\u0441\u0442\u044b \u0438\u043b\u0438 \u043f\u0435\u0440\u0435\u043a\u0440\u0443\u0442).<\/p><\/li><\/ul><\/li><\/ul><h3 data-path-to-node=\"10\">3. \u0427\u0442\u043e \u043f\u0440\u043e\u0438\u0441\u0445\u043e\u0434\u0438\u0442 \u0443 \u0432\u0440\u0430\u0447\u0430?<\/h3><ul data-path-to-node=\"11\"><li><p data-path-to-node=\"11,0,0\"><b data-path-to-node=\"11,0,0\" data-index-in-node=\"0\">\u0418\u0441\u0441\u043b\u0435\u0434\u043e\u0432\u0430\u0442\u044c:<\/b> \u0412\u0440\u0430\u0447 \u043d\u0430\u0434\u0430\u0432\u0438\u0442 \u043d\u0430 \u0436\u0438\u0432\u043e\u0442 \u0438 \u043e\u0441\u043c\u043e\u0442\u0440\u0438\u0442 \u043e\u0431\u0449\u0435\u0435 \u0441\u043e\u0441\u0442\u043e\u044f\u043d\u0438\u0435 \u0440\u0435\u0431\u0435\u043d\u043a\u0430. \u041f\u0440\u0435\u0434\u0432\u0430\u0440\u0438\u0442\u0435\u043b\u044c\u043d\u043e\u0435 \u043e\u0431\u0435\u0437\u0431\u043e\u043b\u0438\u0432\u0430\u043d\u0438\u0435 \u043f\u0435\u0440\u0435\u0434 \u043e\u0441\u043c\u043e\u0442\u0440\u043e\u043c \u0431\u0435\u0437\u043e\u043f\u0430\u0441\u043d\u043e \u2013 \u044d\u0442\u043e \u043d\u0435 \u0441\u043a\u0440\u043e\u0435\u0442 \u0432\u0430\u0436\u043d\u044b\u0435 \u0440\u0435\u0437\u0443\u043b\u044c\u0442\u0430\u0442\u044b \u0438 \u043e\u0431\u043b\u0435\u0433\u0447\u0438\u0442 \u043e\u0431\u0441\u043b\u0435\u0434\u043e\u0432\u0430\u043d\u0438\u0435.<\/p><\/li><li><p data-path-to-node=\"11,1,0\"><b data-path-to-node=\"11,1,0\" data-index-in-node=\"0\">\u041b\u0430\u0431\u043e\u0440\u0430\u0442\u043e\u0440\u043d\u044b\u0435 \u0430\u043d\u0430\u043b\u0438\u0437\u044b:<\/b> \u041e\u0431\u044b\u0447\u043d\u043e \u0434\u043b\u044f \u0432\u044b\u044f\u0432\u043b\u0435\u043d\u0438\u044f \u0432\u043e\u0441\u043f\u0430\u043b\u0435\u043d\u0438\u044f (\u0421\u0420\u0411, \u043b\u0435\u0439\u043a\u043e\u0446\u0438\u0442\u044b) \u043f\u0440\u043e\u0432\u043e\u0434\u044f\u0442 \u0430\u043d\u0430\u043b\u0438\u0437\u044b \u043a\u0440\u043e\u0432\u0438, \u0430 \u0442\u0430\u043a\u0436\u0435 \u0431\u0435\u0440\u0443\u0442 \u043e\u0431\u0440\u0430\u0437\u0435\u0446 \u043c\u043e\u0447\u0438.<\/p><\/li><li><p data-path-to-node=\"11,2,0\"><b data-path-to-node=\"11,2,0\" data-index-in-node=\"0\">\u0412\u0438\u0437\u0443\u0430\u043b\u0438\u0437\u0430\u0446\u0438\u044f:<\/b> \u041e\u0441\u043d\u043e\u0432\u043d\u043e\u0435 \u0438\u0441\u0441\u043b\u0435\u0434\u043e\u0432\u0430\u043d\u0438\u0435, \u043f\u0440\u043e\u0432\u043e\u0434\u0438\u043c\u043e\u0435 \u0441\u0440\u0435\u0434\u0438 \u0434\u0435\u0442\u0435\u0439, \u0437\u0430\u043a\u043b\u044e\u0447\u0430\u0435\u0442\u0441\u044f \u0432 \u0441\u043b\u0435\u0434\u0443\u044e\u0449\u0435\u043c: <b data-path-to-node=\"11,2,0\" data-index-in-node=\"48\">\u0443\u043b\u044c\u0442\u0440\u0430\u0437\u0432\u0443\u043a\u043e\u0432\u043e\u0435 \u0438\u0441\u0441\u043b\u0435\u0434\u043e\u0432\u0430\u043d\u0438\u0435<\/b>. \u041a\u043e\u043c\u043f\u044c\u044e\u0442\u0435\u0440\u043d\u0430\u044f \u0442\u043e\u043c\u043e\u0433\u0440\u0430\u0444\u0438\u044f (\u041a\u0422) \u0443 \u0434\u0435\u0442\u0435\u0439 \u043d\u0435 \u043f\u0440\u043e\u0432\u043e\u0434\u0438\u0442\u0441\u044f \u0438\u0437-\u0437\u0430 \u0432\u044b\u0441\u043e\u043a\u043e\u0439 \u0434\u043e\u0437\u044b \u043e\u0431\u043b\u0443\u0447\u0435\u043d\u0438\u044f.<\/p><\/li><\/ul><h3 data-path-to-node=\"12\">4. \u0423\u0445\u043e\u0434 \u0438 \u043d\u0430\u0431\u043b\u044e\u0434\u0435\u043d\u0438\u0435 \u043d\u0430 \u0434\u043e\u043c\u0443<\/h3><p data-path-to-node=\"13\">\u0415\u0441\u043b\u0438 \u0432\u0440\u0430\u0447 \u043e\u043f\u0440\u0435\u0434\u0435\u043b\u0438\u0442, \u0447\u0442\u043e \u0434\u0430\u043d\u043d\u043e\u0435 \u0441\u043e\u0441\u0442\u043e\u044f\u043d\u0438\u0435 \u043d\u0435 \u0442\u0440\u0435\u0431\u0443\u0435\u0442 \u0445\u0438\u0440\u0443\u0440\u0433\u0438\u0447\u0435\u0441\u043a\u043e\u0433\u043e \u0432\u043c\u0435\u0448\u0430\u0442\u0435\u043b\u044c\u0441\u0442\u0432\u0430:<\/p><ul data-path-to-node=\"14\"><li><p data-path-to-node=\"14,0,0\"><b data-path-to-node=\"14,0,0\" data-index-in-node=\"0\">\u0420\u0430\u0437\u0432\u0438\u0442\u0438\u0435 \u0441\u0438\u043c\u043f\u0442\u043e\u043c\u043e\u0432 \u043e\u0442\u0441\u043b\u0435\u0436\u0438\u0432\u0430\u0435\u0442\u0441\u044f \u0432 \u0434\u043e\u043c\u0430\u0448\u043d\u0438\u0445 \u0443\u0441\u043b\u043e\u0432\u0438\u044f\u0445:<\/b> \u0415\u0441\u043b\u0438 \u0431\u043e\u043b\u044c \u0443\u0441\u0438\u043b\u0438\u0432\u0430\u0435\u0442\u0441\u044f, \u043c\u0435\u043d\u044f\u0435\u0442 \u043b\u043e\u043a\u0430\u043b\u0438\u0437\u0430\u0446\u0438\u044e \u0438\u043b\u0438 \u0443 \u0440\u0435\u0431\u0435\u043d\u043a\u0430 \u043f\u043e\u0434\u043d\u0438\u043c\u0430\u0435\u0442\u0441\u044f \u0442\u0435\u043c\u043f\u0435\u0440\u0430\u0442\u0443\u0440\u0430, \u0441\u043b\u0435\u0434\u0443\u0435\u0442 \u043e\u0431\u0440\u0430\u0442\u0438\u0442\u044c\u0441\u044f \u043a \u0432\u0440\u0430\u0447\u0443 \u0434\u043b\u044f \u043f\u043e\u0432\u0442\u043e\u0440\u043d\u043e\u0433\u043e \u043e\u0431\u0441\u043b\u0435\u0434\u043e\u0432\u0430\u043d\u0438\u044f.<\/p><\/li><li><p data-path-to-node=\"14,1,0\"><b data-path-to-node=\"14,1,0\" data-index-in-node=\"0\">\u0411\u043e\u043b\u0435\u0443\u0442\u043e\u043b\u044f\u044e\u0449\u0435\u0435 \u0441\u0440\u0435\u0434\u0441\u0442\u0432\u043e:<\/b> \u0412\u044b \u043c\u043e\u0436\u0435\u0442\u0435 \u0434\u0430\u0432\u0430\u0442\u044c \u0440\u0435\u0431\u0435\u043d\u043a\u0443 \u043e\u0431\u0435\u0437\u0431\u043e\u043b\u0438\u0432\u0430\u044e\u0449\u0438\u0435 (\u043d\u0430\u043f\u0440\u0438\u043c\u0435\u0440, \u043f\u0430\u0440\u0430\u0446\u0435\u0442\u0430\u043c\u043e\u043b) \u0432 \u0441\u043e\u043e\u0442\u0432\u0435\u0442\u0441\u0442\u0432\u0438\u0438 \u0441 \u0438\u043d\u0441\u0442\u0440\u0443\u043a\u0446\u0438\u0435\u0439.<\/p><\/li><li><p data-path-to-node=\"14,2,0\"><b data-path-to-node=\"14,2,0\" data-index-in-node=\"0\">\u0415\u0434\u0430:<\/b> \u0415\u0441\u043b\u0438 \u0432\u044b \u043f\u043e\u0434\u043e\u0437\u0440\u0435\u0432\u0430\u0435\u0442\u0435 \u0437\u0430\u0431\u043e\u043b\u0435\u0432\u0430\u043d\u0438\u0435, \u0442\u0440\u0435\u0431\u0443\u044e\u0449\u0435\u0435 \u0445\u0438\u0440\u0443\u0440\u0433\u0438\u0447\u0435\u0441\u043a\u043e\u0433\u043e \u043b\u0435\u0447\u0435\u043d\u0438\u044f (\u043d\u0430\u043f\u0440\u0438\u043c\u0435\u0440, \u0430\u043f\u043f\u0435\u043d\u0434\u0438\u0446\u0438\u0442), \u043e\u0441\u0442\u0430\u0432\u044c\u0442\u0435 \u0440\u0435\u0431\u0435\u043d\u043a\u0430 \u043d\u0430 \u043d\u043e\u0447\u044c. <b data-path-to-node=\"14,2,0\" data-index-in-node=\"93\">\u0431\u0435\u0437 \u0435\u0434\u044b<\/b> (\u0417\u0430\u043f\u0440\u0435\u0449\u0435\u043d\u043e \u043f\u0440\u0438\u043d\u0438\u043c\u0430\u0442\u044c \u043f\u0438\u0449\u0443 \u0438 \u043d\u0430\u043f\u0438\u0442\u043a\u0438) \u0434\u043e \u043e\u0441\u043c\u043e\u0442\u0440\u0430 \u0432\u0440\u0430\u0447\u043e\u043c.<\/p><\/li><\/ul><p>\u0421\u0442\u0430\u0442\u044c\u044f \u0414\u0443\u043e\u0434\u0435\u0446\u0438\u043c\u0430<\/p><p><a href=\"https:\/\/www.duodecimlehti.fi\/duo14224\" target=\"_blank\" rel=\"noopener\">https:\/\/www.duodecimlehti.fi\/duo14224<\/a><\/p>\t\t\t\t\t\t\t\t<\/div>\n\t\t\t\t<\/div>\n\t\t\t\t\t<\/div>\n\t\t\t\t<\/div>\n\t\t\t\t<\/div>","protected":false},"excerpt":{"rendered":"<p>Lapsen \u00e4killinen vatsakipu\u00a0 Vatsakipu on yksi tavallisimmista syist\u00e4 hakeutua lapsen kanssa p\u00e4ivystykseen. Useimmiten kyseess\u00e4 on vaaton vaiva, kuten mahatauti tai ummetus, mutta on t\u00e4rke\u00e4\u00e4 tunnistaa tilanteet, jotka vaativat nopeaa l\u00e4\u00e4k\u00e4rin hoitoa tai leikkausta. 1. Milloin on hakeuduttava l\u00e4\u00e4k\u00e4riin? Ota yhteys l\u00e4\u00e4k\u00e4riin tai hakeudu p\u00e4ivystykseen, jos lapsella on jokin seuraavista oireista: Kipu on voimakasta ja lapsen [&hellip;]<\/p>\n","protected":false},"author":1,"featured_media":0,"parent":0,"menu_order":0,"comment_status":"closed","ping_status":"closed","template":"","meta":{"_angie_page":false,"site-sidebar-layout":"no-sidebar","site-content-layout":"page-builder","ast-site-content-layout":"full-width-container","site-content-style":"default","site-sidebar-style":"default","ast-global-header-display":"","ast-banner-title-visibility":"","ast-main-header-display":"","ast-hfb-above-header-display":"","ast-hfb-below-header-display":"","ast-hfb-mobile-header-display":"","site-post-title":"","ast-breadcrumbs-content":"","ast-featured-img":"disabled","footer-sml-layout":"","ast-disable-related-posts":"","theme-transparent-header-meta":"","adv-header-id-meta":"","stick-header-meta":"","header-above-stick-meta":"","header-main-stick-meta":"","header-below-stick-meta":"","astra-migrate-meta-layouts":"set","ast-page-background-enabled":"default","ast-page-background-meta":{"desktop":{"background-color":"","background-image":"","background-repeat":"repeat","background-position":"center center","background-size":"auto","background-attachment":"scroll","background-type":"","background-media":"","overlay-type":"","overlay-color":"","overlay-opacity":"","overlay-gradient":""},"tablet":{"background-color":"","background-image":"","background-repeat":"repeat","background-position":"center center","background-size":"auto","background-attachment":"scroll","background-type":"","background-media":"","overlay-type":"","overlay-color":"","overlay-opacity":"","overlay-gradient":""},"mobile":{"background-color":"","background-image":"","background-repeat":"repeat","background-position":"center center","background-size":"auto","background-attachment":"scroll","background-type":"","background-media":"","overlay-type":"","overlay-color":"","overlay-opacity":"","overlay-gradient":""}},"ast-content-background-meta":{"desktop":{"background-color":"var(--ast-global-color-5)","background-image":"","background-repeat":"repeat","background-position":"center center","background-size":"auto","background-attachment":"scroll","background-type":"","background-media":"","overlay-type":"","overlay-color":"","overlay-opacity":"","overlay-gradient":""},"tablet":{"background-color":"var(--ast-global-color-5)","background-image":"","background-repeat":"repeat","background-position":"center center","background-size":"auto","background-attachment":"scroll","background-type":"","background-media":"","overlay-type":"","overlay-color":"","overlay-opacity":"","overlay-gradient":""},"mobile":{"background-color":"var(--ast-global-color-5)","background-image":"","background-repeat":"repeat","background-position":"center center","background-size":"auto","background-attachment":"scroll","background-type":"","background-media":"","overlay-type":"","overlay-color":"","overlay-opacity":"","overlay-gradient":""}},"footnotes":""},"class_list":["post-1374","page","type-page","status-publish","hentry"],"_links":{"self":[{"href":"https:\/\/lastenkirurgia.fi\/ru\/wp-json\/wp\/v2\/pages\/1374","targetHints":{"allow":["GET"]}}],"collection":[{"href":"https:\/\/lastenkirurgia.fi\/ru\/wp-json\/wp\/v2\/pages"}],"about":[{"href":"https:\/\/lastenkirurgia.fi\/ru\/wp-json\/wp\/v2\/types\/page"}],"author":[{"embeddable":true,"href":"https:\/\/lastenkirurgia.fi\/ru\/wp-json\/wp\/v2\/users\/1"}],"replies":[{"embeddable":true,"href":"https:\/\/lastenkirurgia.fi\/ru\/wp-json\/wp\/v2\/comments?post=1374"}],"version-history":[{"count":4,"href":"https:\/\/lastenkirurgia.fi\/ru\/wp-json\/wp\/v2\/pages\/1374\/revisions"}],"predecessor-version":[{"id":1667,"href":"https:\/\/lastenkirurgia.fi\/ru\/wp-json\/wp\/v2\/pages\/1374\/revisions\/1667"}],"wp:attachment":[{"href":"https:\/\/lastenkirurgia.fi\/ru\/wp-json\/wp\/v2\/media?parent=1374"}],"curies":[{"name":"wp","href":"https:\/\/api.w.org\/{rel}","templated":true}]}}