{"id":1394,"date":"2026-04-09T13:54:57","date_gmt":"2026-04-09T13:54:57","guid":{"rendered":"https:\/\/darkcyan-pheasant-754087.hostingersite.com\/?page_id=1394"},"modified":"2026-04-12T15:38:13","modified_gmt":"2026-04-12T15:38:13","slug":"lapsen-polvikipu","status":"publish","type":"page","link":"https:\/\/lastenkirurgia.fi\/ru\/lapsen-polvikipu\/","title":{"rendered":"\u0411\u043e\u043b\u044c \u0432 \u043a\u043e\u043b\u0435\u043d\u0435 \u0443 \u0440\u0435\u0431\u0435\u043d\u043a\u0430"},"content":{"rendered":"<div data-elementor-type=\"wp-page\" data-elementor-id=\"1394\" class=\"elementor elementor-1394\" data-elementor-post-type=\"page\">\n\t\t\t\t<div class=\"elementor-element elementor-element-c91ead2 e-flex e-con-boxed e-con e-parent\" data-id=\"c91ead2\" data-element_type=\"container\" data-e-type=\"container\">\n\t\t\t\t\t<div class=\"e-con-inner\">\n\t\t\t\t<div class=\"elementor-element elementor-element-707b9a8 elementor-widget elementor-widget-text-editor\" data-id=\"707b9a8\" data-element_type=\"widget\" data-e-type=\"widget\" data-widget_type=\"text-editor.default\">\n\t\t\t\t<div class=\"elementor-widget-container\">\n\t\t\t\t\t\t\t\t\t<h3 data-path-to-node=\"8\">\u0420\u0430\u0441\u043f\u0440\u043e\u0441\u0442\u0440\u0430\u043d\u0435\u043d\u043d\u044b\u0435 \u043f\u0440\u043e\u0431\u043b\u0435\u043c\u044b \u0441 \u0440\u0430\u0441\u0442\u044f\u0436\u0435\u043d\u0438\u0435\u043c \u043a\u043e\u043b\u0435\u043d\u043d\u043e\u0433\u043e \u0441\u0443\u0441\u0442\u0430\u0432\u0430<\/h3><p data-path-to-node=\"9\">\u041e\u0441\u043e\u0431\u0435\u043d\u043d\u043e \u0443 \u043c\u043e\u043b\u043e\u0434\u044b\u0445 \u043b\u044e\u0434\u0435\u0439, \u0437\u0430\u043d\u0438\u043c\u0430\u044e\u0449\u0438\u0445\u0441\u044f \u0441\u043f\u043e\u0440\u0442\u043e\u043c \u0438 \u043d\u0430\u0445\u043e\u0434\u044f\u0449\u0438\u0445\u0441\u044f \u0432 \u0441\u0442\u0430\u0434\u0438\u0438 \u0440\u043e\u0441\u0442\u0430, \u0432\u043e\u0437\u043d\u0438\u043a\u0430\u044e\u0442 \u0442\u0438\u043f\u0438\u0447\u043d\u044b\u0435 \u0431\u043e\u043b\u0435\u0432\u044b\u0435 \u0441\u043e\u0441\u0442\u043e\u044f\u043d\u0438\u044f:<\/p><ul data-path-to-node=\"10\"><li><p data-path-to-node=\"10,0,0\"><b data-path-to-node=\"10,0,0\" data-index-in-node=\"0\">\u0411\u043e\u043b\u0435\u0437\u043d\u044c \u041e\u0441\u0433\u0443\u0434\u0430-\u0428\u043b\u0430\u0442\u0442\u0435\u0440\u0430:<\/b> \u00a0<b data-path-to-node=\"10,0,0\" data-index-in-node=\"28\">\u0421\u0438\u043c\u043f\u0442\u043e\u043c\u044b:<\/b> \u0411\u043e\u043b\u044c \u0438 \u043e\u0442\u0435\u043a \u0432 \u0432\u0435\u0440\u0445\u043d\u0435\u0439 \u0447\u0430\u0441\u0442\u0438 \u0431\u043e\u043b\u044c\u0448\u0435\u0431\u0435\u0440\u0446\u043e\u0432\u043e\u0439 \u043a\u043e\u0441\u0442\u0438, \u0447\u0443\u0442\u044c \u043d\u0438\u0436\u0435 \u043a\u043e\u043b\u0435\u043d\u043d\u043e\u0439 \u0447\u0430\u0448\u0435\u0447\u043a\u0438.<\/p><ul data-path-to-node=\"10,0,1\"><li><p data-path-to-node=\"10,0,1,0,0\"><b data-path-to-node=\"10,0,1,0,0\" data-index-in-node=\"0\">\u041f\u0440\u0438\u0447\u0438\u043d\u0430:<\/b> \u041d\u0430\u043f\u0440\u044f\u0436\u0435\u043d\u0438\u0435 \u0432 \u043c\u0435\u0441\u0442\u0435 \u043f\u0440\u0438\u043a\u0440\u0435\u043f\u043b\u0435\u043d\u0438\u044f \u0441\u0443\u0445\u043e\u0436\u0438\u043b\u0438\u044f \u043a \u043c\u044b\u0448\u0446\u0435 \u0431\u0435\u0434\u0440\u0430 \u0432\u043e \u0432\u0440\u0435\u043c\u044f \u0441\u043a\u0430\u0447\u043a\u0430 \u0440\u043e\u0441\u0442\u0430 (\u043e\u0431\u044b\u0447\u043d\u043e \u0443 \u0434\u0435\u0442\u0435\u0439 12\u201315 \u043b\u0435\u0442).<\/p><\/li><li><p data-path-to-node=\"10,0,1,1,0\"><b data-path-to-node=\"10,0,1,1,0\" data-index-in-node=\"0\">\u0423\u0445\u043e\u0434:<\/b> \u0421\u043d\u0438\u0436\u0435\u043d\u0438\u0435 \u0441\u043f\u043e\u0440\u0442\u0438\u0432\u043d\u043e\u0439 \u043d\u0430\u0433\u0440\u0443\u0437\u043a\u0438 \u0438 \u0438\u0437\u0431\u0435\u0433\u0430\u043d\u0438\u0435 \u0431\u043e\u043b\u0435\u0437\u043d\u0435\u043d\u043d\u044b\u0445 \u0434\u0432\u0438\u0436\u0435\u043d\u0438\u0439 (\u043d\u0430\u043f\u0440\u0438\u043c\u0435\u0440, \u043f\u0440\u044b\u0436\u043a\u043e\u0432). \u0421\u043e\u0441\u0442\u043e\u044f\u043d\u0438\u0435 \u0443\u043b\u0443\u0447\u0448\u0438\u0442\u0441\u044f \u0441\u0430\u043c\u043e \u043f\u043e \u0441\u0435\u0431\u0435 \u043d\u0435 \u043f\u043e\u0437\u0434\u043d\u0435\u0435 \u043a\u043e\u043d\u0446\u0430 \u043f\u0435\u0440\u0438\u043e\u0434\u0430 \u0440\u043e\u0441\u0442\u0430.<\/p><\/li><\/ul><\/li><li><p data-path-to-node=\"10,1,0\"><b data-path-to-node=\"10,1,0\" data-index-in-node=\"0\">\u041e\u0441\u0442\u0435\u043e\u0445\u043e\u043d\u0434\u0440\u0438\u0442 \u0434\u0438\u0441\u0441\u0435\u043a\u0430\u043d\u0441 (\u041e\u041a\u0414):<\/b> \u00a0<b data-path-to-node=\"10,1,0\" data-index-in-node=\"35\">\u0421\u0438\u043c\u043f\u0442\u043e\u043c\u044b:<\/b> \u041d\u043e\u044e\u0449\u0430\u044f \u0431\u043e\u043b\u044c \u0432 \u043a\u043e\u043b\u0435\u043d\u0435, \u043e\u0441\u043e\u0431\u0435\u043d\u043d\u043e \u043f\u0440\u0438 \u0441\u0433\u0438\u0431\u0430\u043d\u0438\u0438, \u0438\u043d\u043e\u0433\u0434\u0430 \u0441\u043e\u043f\u0440\u043e\u0432\u043e\u0436\u0434\u0430\u044e\u0449\u0430\u044f\u0441\u044f \u043e\u0442\u0435\u043a\u043e\u043c.<\/p><ul data-path-to-node=\"10,1,1\"><li><p data-path-to-node=\"10,1,1,0,0\"><b data-path-to-node=\"10,1,1,0,0\" data-index-in-node=\"0\">\u041f\u0440\u0438\u0447\u0438\u043d\u0430:<\/b> \u0418\u0437\u043c\u0435\u043d\u0435\u043d\u0438\u044f \u0432 \u0445\u0440\u044f\u0449\u0435\u0432\u043e-\u043a\u043e\u0441\u0442\u043d\u043e\u0439 \u043e\u0431\u043b\u0430\u0441\u0442\u0438<\/p><\/li><li><p data-path-to-node=\"10,1,1,1,0\"><b data-path-to-node=\"10,1,1,1,0\" data-index-in-node=\"0\">\u0423\u0445\u043e\u0434:<\/b> \u0417\u0430\u0447\u0430\u0441\u0442\u0443\u044e \u0434\u043e\u0441\u0442\u0430\u0442\u043e\u0447\u043d\u043e \u043f\u0440\u043e\u0441\u0442\u043e\u0433\u043e \u043d\u0430\u0431\u043b\u044e\u0434\u0435\u043d\u0438\u044f \u0438 \u043e\u0442\u0434\u044b\u0445\u0430.<\/p><\/li><\/ul><\/li><li><p data-path-to-node=\"10,2,0\"><b data-path-to-node=\"10,2,0\" data-index-in-node=\"0\">\u0411\u043e\u043b\u044c \u0432 \u043f\u0435\u0440\u0435\u0434\u043d\u0435\u0439 \u0447\u0430\u0441\u0442\u0438 \u043a\u043e\u043b\u0435\u043d\u0430 (\u0441\u0438\u043c\u043f\u0442\u043e\u043c \u0445\u043e\u043d\u0434\u0440\u043e\u043c\u0430\u043b\u044f\u0446\u0438\u0438 \u043d\u0430\u0434\u043a\u043e\u043b\u0435\u043d\u043d\u0438\u043a\u0430):<\/b> \u00a0<b data-path-to-node=\"10,2,0\" data-index-in-node=\"63\">\u0421\u0438\u043c\u043f\u0442\u043e\u043c\u044b:<\/b> \u0421\u043b\u0430\u0431\u0430\u044f \u0431\u043e\u043b\u044c \u0432 \u043f\u0435\u0440\u0435\u0434\u043d\u0435\u0439 \u0447\u0430\u0441\u0442\u0438 \u043a\u043e\u043b\u0435\u043d\u0430 \u043f\u0440\u0438 \u0431\u0435\u0433\u0435 \u0438\u043b\u0438 \u0434\u043b\u0438\u0442\u0435\u043b\u044c\u043d\u043e\u043c \u0441\u0438\u0434\u0435\u043d\u0438\u0438 (\u043d\u0430\u043f\u0440\u0438\u043c\u0435\u0440, \u0432 \u043c\u0430\u0448\u0438\u043d\u0435 \u0438\u043b\u0438 \u0432 \u043a\u0438\u043d\u043e\u0442\u0435\u0430\u0442\u0440\u0435).<\/p><ul data-path-to-node=\"10,2,1\"><li><p data-path-to-node=\"10,2,1,0,0\"><b data-path-to-node=\"10,2,1,0,0\" data-index-in-node=\"0\">\u0423\u0445\u043e\u0434:<\/b> \u0411\u043e\u043b\u044c \u0447\u0430\u0441\u0442\u043e \u043d\u043e\u0441\u0438\u0442 \u0432\u0440\u0435\u043c\u0435\u043d\u043d\u044b\u0439 \u0445\u0430\u0440\u0430\u043a\u0442\u0435\u0440 \u0438 \u0441\u043e \u0432\u0440\u0435\u043c\u0435\u043d\u0435\u043c \u043e\u0441\u043b\u0430\u0431\u0435\u0432\u0430\u0435\u0442.<\/p><\/li><\/ul><\/li><\/ul><p>\u0423 \u043c\u0430\u043b\u0435\u043d\u044c\u043a\u0438\u0445 \u0434\u0435\u0442\u0435\u0439 \u0434\u043e\u0448\u043a\u043e\u043b\u044c\u043d\u043e\u0433\u043e \u0432\u043e\u0437\u0440\u0430\u0441\u0442\u0430 \u043f\u0440\u0438\u0447\u0438\u043d\u044b \u043c\u043e\u0433\u0443\u0442 \u0431\u044b\u0442\u044c \u0440\u0430\u0437\u043d\u044b\u043c\u0438, \u0438 \u0438\u043d\u043e\u0433\u0434\u0430 \u0431\u044b\u0432\u0430\u0435\u0442 \u0442\u0440\u0443\u0434\u043d\u043e \u043e\u043f\u0440\u0435\u0434\u0435\u043b\u0438\u0442\u044c, \u0433\u0434\u0435 \u0438\u043c\u0435\u043d\u043d\u043e \u043d\u0430 \u043a\u043e\u043d\u0435\u0447\u043d\u043e\u0441\u0442\u0438 \u043b\u043e\u043a\u0430\u043b\u0438\u0437\u0443\u0435\u0442\u0441\u044f \u0431\u043e\u043b\u044c. \u041f\u0440\u0438\u0447\u0438\u043d\u043e\u0439 \u043c\u043e\u0436\u0435\u0442 \u0431\u044b\u0442\u044c \u0442\u0440\u0430\u0432\u043c\u0430, \u0441\u0438\u043d\u043e\u0432\u0438\u0442 \u0438 \u0442.\u0434.\u00a0<\/p><hr data-path-to-node=\"11\" \/><h3 data-path-to-node=\"12\">\u041a\u043e\u0433\u0434\u0430 \u0441\u043b\u0435\u0434\u0443\u0435\u0442 \u043e\u0431\u0440\u0430\u0442\u0438\u0442\u044c\u0441\u044f \u043a \u0432\u0440\u0430\u0447\u0443?<\/h3><p data-path-to-node=\"13\">\u0412 \u0431\u043e\u043b\u044c\u0448\u0438\u043d\u0441\u0442\u0432\u0435 \u0441\u043b\u0443\u0447\u0430\u0435\u0432 \u0432\u0440\u0435\u043c\u0435\u043d\u043d\u0430\u044f \u0431\u043e\u043b\u044c \u0432 \u043a\u043e\u043b\u0435\u043d\u0435 \u043f\u0440\u043e\u0445\u043e\u0434\u0438\u0442 \u0432 \u0442\u0435\u0447\u0435\u043d\u0438\u0435 \u043d\u0435\u0441\u043a\u043e\u043b\u044c\u043a\u0438\u0445 \u0434\u043d\u0435\u0439 \u043f\u0440\u0438 \u043e\u0442\u0434\u044b\u0445\u0435. \u041a \u044f\u0432\u043d\u044b\u043c \u0441\u0438\u043c\u043f\u0442\u043e\u043c\u0430\u043c, \u0442\u0440\u0435\u0431\u0443\u044e\u0449\u0438\u043c \u043e\u0431\u0441\u043b\u0435\u0434\u043e\u0432\u0430\u043d\u0438\u044f, \u043e\u0442\u043d\u043e\u0441\u044f\u0442\u0441\u044f:<\/p><ol start=\"1\" data-path-to-node=\"14\"><li><p data-path-to-node=\"14,0,0\"><b data-path-to-node=\"14,0,0\" data-index-in-node=\"0\">\u041a\u043e\u043b\u0435\u043d\u043e \u043e\u043f\u0443\u0445\u0430\u0435\u0442, \u0441\u0442\u0430\u043d\u043e\u0432\u0438\u0442\u0441\u044f \u0433\u043e\u0440\u044f\u0447\u0438\u043c \u0438\u043b\u0438 \u043a\u0440\u0430\u0441\u043d\u0435\u0435\u0442.<\/b>\u00a0<\/p><\/li><li><p data-path-to-node=\"14,1,0\"><b data-path-to-node=\"14,1,0\" data-index-in-node=\"0\">\u0411\u043e\u043b\u044c \u0441\u043e\u043f\u0440\u043e\u0432\u043e\u0436\u0434\u0430\u0435\u0442\u0441\u044f \u043b\u0438\u0445\u043e\u0440\u0430\u0434\u043a\u043e\u0439:<\/b> \u042d\u0442\u043e \u0442\u0440\u0435\u0431\u0443\u0435\u0442 \u043d\u0435\u043c\u0435\u0434\u043b\u0435\u043d\u043d\u043e\u0433\u043e (\u044d\u043a\u0441\u0442\u0440\u0435\u043d\u043d\u043e\u0433\u043e) \u043e\u0431\u0441\u043b\u0435\u0434\u043e\u0432\u0430\u043d\u0438\u044f \u0432 \u0441\u0432\u044f\u0437\u0438 \u0441 \u0432\u043e\u0437\u043c\u043e\u0436\u043d\u043e\u0439 \u0431\u0430\u043a\u0442\u0435\u0440\u0438\u0430\u043b\u044c\u043d\u043e\u0439 \u0438\u043d\u0444\u0435\u043a\u0446\u0438\u0435\u0439.<\/p><\/li><li><p data-path-to-node=\"14,2,0\"><b data-path-to-node=\"14,2,0\" data-index-in-node=\"0\">\u0425\u0440\u043e\u043c\u043e\u0442\u0430 \u0438\u043b\u0438 \u0441\u0438\u043b\u044c\u043d\u0430\u044f \u0431\u043e\u043b\u044c<\/b> \u0431\u0435\u0437 \u044f\u0432\u043d\u043e\u0439 \u043f\u0440\u0438\u0447\u0438\u043d\u044b<\/p><\/li><li><p data-path-to-node=\"14,3,0\"><b data-path-to-node=\"14,3,0\" data-index-in-node=\"0\">\u0423\u0442\u0440\u0435\u043d\u043d\u044f\u044f \u0441\u043a\u043e\u0432\u0430\u043d\u043d\u043e\u0441\u0442\u044c:<\/b> \u041f\u043e \u0443\u0442\u0440\u0430\u043c \u0441\u0443\u0441\u0442\u0430\u0432 \u043a\u0430\u0436\u0435\u0442\u0441\u044f \u0441\u043a\u043e\u0432\u0430\u043d\u043d\u044b\u043c \u0438 \u0431\u043e\u043b\u0435\u0437\u043d\u0435\u043d\u043d\u044b\u043c (\u044d\u0442\u043e \u043c\u043e\u0436\u0435\u0442 \u0443\u043a\u0430\u0437\u044b\u0432\u0430\u0442\u044c \u043d\u0430 \u0432\u043e\u0441\u043f\u0430\u043b\u0438\u0442\u0435\u043b\u044c\u043d\u043e\u0435 \u0437\u0430\u0431\u043e\u043b\u0435\u0432\u0430\u043d\u0438\u0435\/\u0440\u0435\u0432\u043c\u0430\u0442\u0438\u0437\u043c).<\/p><\/li><li><p data-path-to-node=\"14,4,0\"><b data-path-to-node=\"14,4,0\" data-index-in-node=\"0\">\u0420\u0435\u0431\u0435\u043d\u043e\u043a \u043d\u0435 \u043c\u043e\u0436\u0435\u0442 \u043e\u043f\u0438\u0440\u0430\u0442\u044c\u0441\u044f \u043d\u0430 \u043d\u043e\u0433\u0443.<\/b><\/p><\/li><\/ol><p><a href=\"https:\/\/www.terveyskirjasto.fi\/dlk00471\" target=\"_blank\" rel=\"noopener\">https:\/\/www.terveyskirjasto.fi\/dlk00471<\/a><\/p>\t\t\t\t\t\t\t\t<\/div>\n\t\t\t\t<\/div>\n\t\t\t\t\t<\/div>\n\t\t\t\t<\/div>\n\t\t\t\t<\/div>","protected":false},"excerpt":{"rendered":"<p>Tavalliset polven rasitusvaivat Erityisesti urheilevilla ja kasvavilla nuorilla esiintyy tyypillisi\u00e4 kiputiloja: Osgood\u2013Schlatterin tauti: \u00a0Oireet: Kipua ja turvotusta s\u00e4\u00e4riluun yl\u00e4osassa, juuri polvilumpion alapuolella. Syy: Reisilihaksen j\u00e4nteen kiinnityskohdan rasitus kasvupyr\u00e4hdyksen aikana (tyypillisesti 12\u201315-vuotiailla). Hoito: Urheilurasituksen kevent\u00e4minen ja kivuliaiden liikkeiden (kuten hyppyjen) v\u00e4ltt\u00e4minen. Vaiva paranevat itsest\u00e4\u00e4n viimeist\u00e4\u00e4n kasvun p\u00e4\u00e4ttyess\u00e4. Osteochondritis dissecans (OCD): \u00a0Oireet: Jomottava s\u00e4rky polvessa varsinkin koukistaessa, [&hellip;]<\/p>\n","protected":false},"author":1,"featured_media":0,"parent":0,"menu_order":0,"comment_status":"closed","ping_status":"closed","template":"","meta":{"_angie_page":false,"site-sidebar-layout":"no-sidebar","site-content-layout":"page-builder","ast-site-content-layout":"full-width-container","site-content-style":"default","site-sidebar-style":"default","ast-global-header-display":"","ast-banner-title-visibility":"","ast-main-header-display":"","ast-hfb-above-header-display":"","ast-hfb-below-header-display":"","ast-hfb-mobile-header-display":"","site-post-title":"","ast-breadcrumbs-content":"","ast-featured-img":"disabled","footer-sml-layout":"","ast-disable-related-posts":"","theme-transparent-header-meta":"","adv-header-id-meta":"","stick-header-meta":"","header-above-stick-meta":"","header-main-stick-meta":"","header-below-stick-meta":"","astra-migrate-meta-layouts":"set","ast-page-background-enabled":"default","ast-page-background-meta":{"desktop":{"background-color":"","background-image":"","background-repeat":"repeat","background-position":"center center","background-size":"auto","background-attachment":"scroll","background-type":"","background-media":"","overlay-type":"","overlay-color":"","overlay-opacity":"","overlay-gradient":""},"tablet":{"background-color":"","background-image":"","background-repeat":"repeat","background-position":"center center","background-size":"auto","background-attachment":"scroll","background-type":"","background-media":"","overlay-type":"","overlay-color":"","overlay-opacity":"","overlay-gradient":""},"mobile":{"background-color":"","background-image":"","background-repeat":"repeat","background-position":"center center","background-size":"auto","background-attachment":"scroll","background-type":"","background-media":"","overlay-type":"","overlay-color":"","overlay-opacity":"","overlay-gradient":""}},"ast-content-background-meta":{"desktop":{"background-color":"var(--ast-global-color-5)","background-image":"","background-repeat":"repeat","background-position":"center center","background-size":"auto","background-attachment":"scroll","background-type":"","background-media":"","overlay-type":"","overlay-color":"","overlay-opacity":"","overlay-gradient":""},"tablet":{"background-color":"var(--ast-global-color-5)","background-image":"","background-repeat":"repeat","background-position":"center center","background-size":"auto","background-attachment":"scroll","background-type":"","background-media":"","overlay-type":"","overlay-color":"","overlay-opacity":"","overlay-gradient":""},"mobile":{"background-color":"var(--ast-global-color-5)","background-image":"","background-repeat":"repeat","background-position":"center center","background-size":"auto","background-attachment":"scroll","background-type":"","background-media":"","overlay-type":"","overlay-color":"","overlay-opacity":"","overlay-gradient":""}},"footnotes":""},"class_list":["post-1394","page","type-page","status-publish","hentry"],"_links":{"self":[{"href":"https:\/\/lastenkirurgia.fi\/ru\/wp-json\/wp\/v2\/pages\/1394","targetHints":{"allow":["GET"]}}],"collection":[{"href":"https:\/\/lastenkirurgia.fi\/ru\/wp-json\/wp\/v2\/pages"}],"about":[{"href":"https:\/\/lastenkirurgia.fi\/ru\/wp-json\/wp\/v2\/types\/page"}],"author":[{"embeddable":true,"href":"https:\/\/lastenkirurgia.fi\/ru\/wp-json\/wp\/v2\/users\/1"}],"replies":[{"embeddable":true,"href":"https:\/\/lastenkirurgia.fi\/ru\/wp-json\/wp\/v2\/comments?post=1394"}],"version-history":[{"count":4,"href":"https:\/\/lastenkirurgia.fi\/ru\/wp-json\/wp\/v2\/pages\/1394\/revisions"}],"predecessor-version":[{"id":1646,"href":"https:\/\/lastenkirurgia.fi\/ru\/wp-json\/wp\/v2\/pages\/1394\/revisions\/1646"}],"wp:attachment":[{"href":"https:\/\/lastenkirurgia.fi\/ru\/wp-json\/wp\/v2\/media?parent=1394"}],"curies":[{"name":"wp","href":"https:\/\/api.w.org\/{rel}","templated":true}]}}