{"id":1402,"date":"2026-04-09T13:56:34","date_gmt":"2026-04-09T13:56:34","guid":{"rendered":"https:\/\/darkcyan-pheasant-754087.hostingersite.com\/?page_id=1402"},"modified":"2026-04-12T15:09:13","modified_gmt":"2026-04-12T15:09:13","slug":"lapsen-kuopparinta","status":"publish","type":"page","link":"https:\/\/lastenkirurgia.fi\/ru\/lapsen-kuopparinta\/","title":{"rendered":"\u042f\u043c\u043e\u0447\u043a\u0438 \u043d\u0430 \u0433\u0440\u0443\u0434\u0438 \u0440\u0435\u0431\u0435\u043d\u043a\u0430"},"content":{"rendered":"<div data-elementor-type=\"wp-page\" data-elementor-id=\"1402\" class=\"elementor elementor-1402\" data-elementor-post-type=\"page\">\n\t\t\t\t<div class=\"elementor-element elementor-element-a863414 e-flex e-con-boxed e-con e-parent\" data-id=\"a863414\" data-element_type=\"container\" data-e-type=\"container\">\n\t\t\t\t\t<div class=\"e-con-inner\">\n\t\t\t\t<div class=\"elementor-element elementor-element-3d2f344 elementor-widget elementor-widget-text-editor\" data-id=\"3d2f344\" data-element_type=\"widget\" data-e-type=\"widget\" data-widget_type=\"text-editor.default\">\n\t\t\t\t<div class=\"elementor-widget-container\">\n\t\t\t\t\t\t\t\t\t<h2 data-path-to-node=\"2\">\u0420\u0443\u043a\u043e\u0432\u043e\u0434\u0441\u0442\u0432\u043e \u0434\u043b\u044f \u0440\u043e\u0434\u0438\u0442\u0435\u043b\u0435\u0439: \u0412\u043e\u0440\u043e\u043d\u043a\u043e\u043e\u0431\u0440\u0430\u0437\u043d\u0430\u044f \u0433\u0440\u0443\u0434\u043d\u0430\u044f \u043a\u043b\u0435\u0442\u043a\u0430 \u0440\u0435\u0431\u0435\u043d\u043a\u0430.<\/h2><p data-path-to-node=\"3\">\u0411\u043e\u043b\u044c\u0448\u0430\u044f \u0433\u0440\u0443\u0434\u043d\u0430\u044f \u043c\u044b\u0448\u0446\u0430 \u2014 \u043d\u0430\u0438\u0431\u043e\u043b\u0435\u0435 \u0440\u0430\u0441\u043f\u0440\u043e\u0441\u0442\u0440\u0430\u043d\u0435\u043d\u043d\u0430\u044f \u0432\u0440\u043e\u0436\u0434\u0435\u043d\u043d\u0430\u044f \u0441\u0442\u0440\u0443\u043a\u0442\u0443\u0440\u043d\u0430\u044f \u0430\u043d\u043e\u043c\u0430\u043b\u0438\u044f \u0433\u0440\u0443\u0434\u043d\u043e\u0439 \u043a\u043b\u0435\u0442\u043a\u0438, \u043f\u0440\u0438 \u043a\u043e\u0442\u043e\u0440\u043e\u0439 \u0433\u0440\u0443\u0434\u0438\u043d\u0430 \u0432\u0434\u0430\u0432\u043b\u0435\u043d\u0430 \u0432\u043d\u0443\u0442\u0440\u044c, \u043e\u0431\u0440\u0430\u0437\u0443\u044f \u0447\u0430\u0448\u0435\u043e\u0431\u0440\u0430\u0437\u043d\u0443\u044e \u043f\u043e\u043b\u043e\u0441\u0442\u044c. \u041e\u043d\u0430 \u0437\u043d\u0430\u0447\u0438\u0442\u0435\u043b\u044c\u043d\u043e \u0447\u0430\u0449\u0435 \u0432\u0441\u0442\u0440\u0435\u0447\u0430\u0435\u0442\u0441\u044f \u0443 \u043c\u0430\u043b\u044c\u0447\u0438\u043a\u043e\u0432, \u0447\u0435\u043c \u0443 \u0434\u0435\u0432\u043e\u0447\u0435\u043a.<\/p><h3 data-path-to-node=\"4\">\u0427\u0442\u043e \u0432\u044b\u0437\u044b\u0432\u0430\u0435\u0442 \u043f\u043e\u044f\u0432\u043b\u0435\u043d\u0438\u0435 \u044f\u043c\u043e\u0447\u0435\u043a \u043d\u0430 \u0433\u0440\u0443\u0434\u0438?<\/h3><p data-path-to-node=\"5\">\u0421\u0447\u0438\u0442\u0430\u0435\u0442\u0441\u044f, \u0447\u0442\u043e \u044d\u0442\u0430 \u0430\u043d\u043e\u043c\u0430\u043b\u0438\u044f \u0432\u044b\u0437\u0432\u0430\u043d\u0430 \u0447\u0440\u0435\u0437\u043c\u0435\u0440\u043d\u044b\u043c \u0440\u0430\u0437\u0440\u0430\u0441\u0442\u0430\u043d\u0438\u0435\u043c \u0440\u0435\u0431\u0435\u0440\u043d\u043e\u0433\u043e \u0445\u0440\u044f\u0449\u0430, \u043a\u043e\u0442\u043e\u0440\u044b\u0439 \u0441\u043c\u0435\u0449\u0430\u0435\u0442 \u0433\u0440\u0443\u0434\u0438\u043d\u0443 \u0432\u043d\u0443\u0442\u0440\u044c. \u0427\u0430\u0441\u0442\u043e \u044f\u043c\u043a\u0438 \u043d\u0430 \u0433\u0440\u0443\u0434\u043d\u043e\u0439 \u043a\u043b\u0435\u0442\u043a\u0435 \u0441\u0442\u0430\u043d\u043e\u0432\u044f\u0442\u0441\u044f \u043e\u0442\u0447\u0435\u0442\u043b\u0438\u0432\u043e \u0432\u0438\u0434\u043d\u044b \u0442\u043e\u043b\u044c\u043a\u043e \u0432\u043e \u0432\u0440\u0435\u043c\u044f \u0441\u043a\u0430\u0447\u043a\u0430 \u0440\u043e\u0441\u0442\u0430 \u0432 \u043f\u0435\u0440\u0438\u043e\u0434 \u043f\u043e\u043b\u043e\u0432\u043e\u0433\u043e \u0441\u043e\u0437\u0440\u0435\u0432\u0430\u043d\u0438\u044f. \u0425\u043e\u0442\u044f \u044d\u0442\u043e \u0441\u043e\u0441\u0442\u043e\u044f\u043d\u0438\u0435 \u044f\u0432\u043b\u044f\u0435\u0442\u0441\u044f \u0432\u0440\u043e\u0436\u0434\u0435\u043d\u043d\u044b\u043c, \u0447\u0430\u0449\u0435 \u0432\u0441\u0435\u0433\u043e \u043e\u043d\u043e \u0431\u0435\u0437\u0432\u0440\u0435\u0434\u043d\u043e \u0438 \u043d\u043e\u0441\u0438\u0442 \u0447\u0438\u0441\u0442\u043e \u043a\u043e\u0441\u043c\u0435\u0442\u0438\u0447\u0435\u0441\u043a\u0438\u0439 \u0445\u0430\u0440\u0430\u043a\u0442\u0435\u0440.<\/p><h3 data-path-to-node=\"6\">\u0421\u0438\u043c\u043f\u0442\u043e\u043c\u044b \u0438 \u043d\u0435\u0434\u043e\u0441\u0442\u0430\u0442\u043a\u0438<\/h3><p data-path-to-node=\"7\">\u0423 \u043c\u043d\u043e\u0433\u0438\u0445 \u0434\u0435\u0442\u0435\u0439 \u044f\u043c\u043e\u0447\u043a\u0438 \u043d\u0430 \u0433\u0440\u0443\u0434\u0438 \u043d\u0435 \u0432\u044b\u0437\u044b\u0432\u0430\u044e\u0442 \u043d\u0438\u043a\u0430\u043a\u0438\u0445 \u0444\u0438\u0437\u0438\u0447\u0435\u0441\u043a\u0438\u0445 \u0441\u0438\u043c\u043f\u0442\u043e\u043c\u043e\u0432. \u041f\u0440\u043e\u0431\u043b\u0435\u043c\u044b \u043e\u0431\u044b\u0447\u043d\u043e \u0434\u0435\u043b\u044f\u0442\u0441\u044f \u043d\u0430 \u0434\u0432\u0435 \u0433\u0440\u0443\u043f\u043f\u044b:<\/p><ul data-path-to-node=\"8\"><li><p data-path-to-node=\"8,0,0\"><b data-path-to-node=\"8,0,0\" data-index-in-node=\"0\">\u041a\u043e\u0441\u043c\u0435\u0442\u0438\u0447\u0435\u0441\u043a\u0438\u0435 \u0438 \u043f\u0441\u0438\u0445\u0438\u0447\u0435\u0441\u043a\u0438\u0435 \u043d\u0430\u0440\u0443\u0448\u0435\u043d\u0438\u044f:<\/b> \u041d\u0430\u0438\u0431\u043e\u043b\u0435\u0435 \u0440\u0430\u0441\u043f\u0440\u043e\u0441\u0442\u0440\u0430\u043d\u0435\u043d\u043d\u0430\u044f \u043f\u0440\u0438\u0447\u0438\u043d\u0430 \u043e\u0431\u0440\u0430\u0449\u0435\u043d\u0438\u044f \u0437\u0430 \u043b\u0435\u0447\u0435\u043d\u0438\u0435\u043c. \u0423 \u043c\u043e\u043b\u043e\u0434\u044b\u0445 \u043b\u044e\u0434\u0435\u0439 \u044f\u043c\u043e\u0447\u043a\u0430 \u043d\u0430 \u0449\u0435\u043a\u0435 \u043c\u043e\u0436\u0435\u0442 \u0432\u044b\u0437\u044b\u0432\u0430\u0442\u044c \u0434\u0438\u0441\u043a\u043e\u043c\u0444\u043e\u0440\u0442, \u043d\u0430\u043f\u0440\u0438\u043c\u0435\u0440, \u0432 \u0431\u0430\u0441\u0441\u0435\u0439\u043d\u0435 \u0438\u043b\u0438 \u0432\u043e \u0432\u0440\u0435\u043c\u044f \u0437\u0430\u043d\u044f\u0442\u0438\u0439 \u0441\u043f\u043e\u0440\u0442\u043e\u043c, \u0447\u0442\u043e \u043c\u043e\u0436\u0435\u0442 \u043d\u0435\u0433\u0430\u0442\u0438\u0432\u043d\u043e \u0441\u043a\u0430\u0437\u0430\u0442\u044c\u0441\u044f \u043d\u0430 \u0441\u0430\u043c\u043e\u043e\u0446\u0435\u043d\u043a\u0435.<\/p><\/li><li><p data-path-to-node=\"8,1,0\"><b data-path-to-node=\"8,1,0\" data-index-in-node=\"0\">\u0424\u0438\u0437\u0438\u0447\u0435\u0441\u043a\u0438\u0435 \u0441\u0438\u043c\u043f\u0442\u043e\u043c\u044b:<\/b> \u0412 \u0431\u043e\u043b\u0435\u0435 \u0433\u043b\u0443\u0431\u043e\u043a\u0438\u0445 \u0441\u043b\u0443\u0447\u0430\u044f\u0445 \u044f\u043c\u0447\u0430\u0442\u043e\u0439 \u0434\u0435\u0444\u043e\u0440\u043c\u0430\u0446\u0438\u0438 \u0433\u0440\u0443\u0434\u043d\u043e\u0439 \u043a\u043b\u0435\u0442\u043a\u0438 \u043c\u043e\u0433\u0443\u0442 \u043d\u0430\u0431\u043b\u044e\u0434\u0430\u0442\u044c\u0441\u044f \u043e\u0434\u044b\u0448\u043a\u0430, \u043f\u043b\u043e\u0445\u0430\u044f \u043f\u0435\u0440\u0435\u043d\u043e\u0441\u0438\u043c\u043e\u0441\u0442\u044c \u0444\u0438\u0437\u0438\u0447\u0435\u0441\u043a\u0438\u0445 \u043d\u0430\u0433\u0440\u0443\u0437\u043e\u043a, \u0431\u043e\u043b\u0438 \u0432 \u0433\u0440\u0443\u0434\u0438 \u0438\u043b\u0438 \u0441\u0435\u0440\u0434\u0446\u0435\u0431\u0438\u0435\u043d\u0438\u0435, \u043e\u0441\u043e\u0431\u0435\u043d\u043d\u043e \u043f\u0440\u0438 \u0444\u0438\u0437\u0438\u0447\u0435\u0441\u043a\u043e\u0439 \u043d\u0430\u0433\u0440\u0443\u0437\u043a\u0435. \u042d\u0442\u043e \u043f\u0440\u043e\u0438\u0441\u0445\u043e\u0434\u0438\u0442 \u043f\u043e\u0442\u043e\u043c\u0443, \u0447\u0442\u043e \u0433\u0440\u0443\u0434\u0438\u043d\u0430 \u043c\u043e\u0436\u0435\u0442 \u0434\u0430\u0432\u0438\u0442\u044c \u043d\u0430 \u0441\u0435\u0440\u0434\u0446\u0435 \u0438\u043b\u0438 \u043e\u0433\u0440\u0430\u043d\u0438\u0447\u0438\u0432\u0430\u0442\u044c \u0440\u0430\u0441\u0448\u0438\u0440\u0435\u043d\u0438\u0435 \u043b\u0435\u0433\u043a\u0438\u0445.<\/p><\/li><\/ul><h3 data-path-to-node=\"9\">\u0418\u0441\u0441\u043b\u0435\u0434\u043e\u0432\u0430\u0442\u044c<\/h3><p data-path-to-node=\"10\">\u0415\u0441\u043b\u0438 \u0443 \u0432\u0430\u0448\u0435\u0433\u043e \u0440\u0435\u0431\u0435\u043d\u043a\u0430 \u044f\u043c\u043e\u0447\u043a\u0438 \u043d\u0430 \u0433\u0440\u0443\u0434\u0438, \u0432\u0440\u0430\u0447 \u043c\u043e\u0436\u0435\u0442 \u043d\u0430\u043f\u0440\u0430\u0432\u0438\u0442\u044c \u0435\u0433\u043e \u0432 \u0441\u043f\u0435\u0446\u0438\u0430\u043b\u0438\u0437\u0438\u0440\u043e\u0432\u0430\u043d\u043d\u0443\u044e \u0431\u043e\u043b\u044c\u043d\u0438\u0446\u0443 \u043d\u0430 \u043e\u0441\u043d\u043e\u0432\u0430\u043d\u0438\u0438 \u043f\u0440\u043e\u0441\u0442\u043e\u0433\u043e \u0432\u043d\u0435\u0448\u043d\u0435\u0433\u043e \u043e\u0441\u043c\u043e\u0442\u0440\u0430. \u0412 \u0431\u043e\u043b\u044c\u043d\u0438\u0446\u0435 \u043c\u043e\u0433\u0443\u0442 \u0431\u044b\u0442\u044c \u043f\u0440\u043e\u0432\u0435\u0434\u0435\u043d\u044b \u0431\u043e\u043b\u0435\u0435 \u043f\u043e\u0434\u0440\u043e\u0431\u043d\u044b\u0435 \u043e\u0431\u0441\u043b\u0435\u0434\u043e\u0432\u0430\u043d\u0438\u044f:<\/p><ul data-path-to-node=\"11\"><li><p data-path-to-node=\"11,0,0\"><b data-path-to-node=\"11,0,0\" data-index-in-node=\"0\">\u041c\u0430\u0433\u043d\u0438\u0442\u043d\u043e-\u0440\u0435\u0437\u043e\u043d\u0430\u043d\u0441\u043d\u0430\u044f \u0442\u043e\u043c\u043e\u0433\u0440\u0430\u0444\u0438\u044f (\u041c\u0420\u0422):<\/b> \u0422\u043e\u0447\u043d\u0430\u044f \u0433\u043b\u0443\u0431\u0438\u043d\u0430 \u044f\u043c\u044b \u0438 \u0435\u0435 \u0432\u043b\u0438\u044f\u043d\u0438\u0435 \u043d\u0430 \u0441\u0435\u0440\u0434\u0446\u0435 \u0432 \u043d\u0430\u0441\u0442\u043e\u044f\u0449\u0435\u0435 \u0432\u0440\u0435\u043c\u044f \u043e\u043f\u0440\u0435\u0434\u0435\u043b\u044f\u044e\u0442\u0441\u044f.<\/p><\/li><li><p data-path-to-node=\"11,1,0\"><b data-path-to-node=\"11,1,0\" data-index-in-node=\"0\">\u0421\u043f\u0438\u0440\u043e\u043c\u0435\u0442\u0440\u0438\u044f:<\/b> \u0418\u0437\u043c\u0435\u0440\u044f\u044e\u0442\u0441\u044f \u043e\u0431\u044a\u0435\u043c \u0438 \u0444\u0443\u043d\u043a\u0446\u0438\u044f \u043b\u0435\u0433\u043a\u0438\u0445.<\/p><\/li><li><p data-path-to-node=\"11,2,0\"><b data-path-to-node=\"11,2,0\" data-index-in-node=\"0\">\u042d\u041a\u0413:<\/b> \u041f\u0440\u043e\u0432\u0435\u0440\u044f\u0435\u0442\u0441\u044f \u044d\u043b\u0435\u043a\u0442\u0440\u0438\u0447\u0435\u0441\u043a\u0430\u044f \u0430\u043a\u0442\u0438\u0432\u043d\u043e\u0441\u0442\u044c \u0441\u0435\u0440\u0434\u0446\u0430.<\/p><\/li><\/ul><h3 data-path-to-node=\"12\">\u0412\u0430\u0440\u0438\u0430\u043d\u0442\u044b \u043b\u0435\u0447\u0435\u043d\u0438\u044f<\/h3><p data-path-to-node=\"13\">\u041b\u0435\u0433\u043a\u0438\u0435 \u0438 \u0431\u0435\u0441\u0441\u0438\u043c\u043f\u0442\u043e\u043c\u043d\u044b\u0435 \u044f\u043c\u043a\u0438 \u043d\u0430 \u0433\u0440\u0443\u0434\u0438 \u043d\u0435 \u0442\u0440\u0435\u0431\u0443\u044e\u0442 \u043b\u0435\u0447\u0435\u043d\u0438\u044f. \u0424\u0438\u0437\u0438\u043e\u0442\u0435\u0440\u0430\u043f\u0438\u044f \u0438\u043b\u0438 \u0443\u043f\u0440\u0430\u0436\u043d\u0435\u043d\u0438\u044f \u043d\u0435 \u0443\u0441\u0442\u0440\u0430\u043d\u044f\u0442 \u044f\u043c\u043a\u0438, \u043d\u043e \u0445\u043e\u0440\u043e\u0448\u0438\u0439 \u043c\u044b\u0448\u0435\u0447\u043d\u044b\u0439 \u0442\u043e\u043d\u0443\u0441 \u0438 \u043e\u0441\u0430\u043d\u043a\u0430 \u043c\u043e\u0433\u0443\u0442 \u0443\u043b\u0443\u0447\u0448\u0438\u0442\u044c \u0432\u043d\u0435\u0448\u043d\u0438\u0439 \u0432\u0438\u0434 \u0433\u0440\u0443\u0434\u0438.<\/p><p data-path-to-node=\"14\"><b data-path-to-node=\"14\" data-index-in-node=\"0\">\u0425\u0438\u0440\u0443\u0440\u0433\u0438\u0447\u0435\u0441\u043a\u043e\u0435 \u043b\u0435\u0447\u0435\u043d\u0438\u0435 (\u043e\u043f\u0435\u0440\u0430\u0446\u0438\u044f \u041d\u0443\u0441\u0441\u0430):<\/b> \u0415\u0441\u043b\u0438 \u044f\u043c\u043a\u0430 \u0433\u043b\u0443\u0431\u043e\u043a\u0430\u044f \u0438\u043b\u0438 \u0432\u044b\u0437\u044b\u0432\u0430\u0435\u0442 \u0437\u043d\u0430\u0447\u0438\u0442\u0435\u043b\u044c\u043d\u044b\u0439 \u0434\u0438\u0441\u043a\u043e\u043c\u0444\u043e\u0440\u0442, \u0435\u0435 \u043c\u043e\u0436\u043d\u043e \u0443\u0441\u0442\u0440\u0430\u043d\u0438\u0442\u044c \u0445\u0438\u0440\u0443\u0440\u0433\u0438\u0447\u0435\u0441\u043a\u0438\u043c \u043f\u0443\u0442\u0435\u043c.<\/p><ul data-path-to-node=\"15\"><li><p data-path-to-node=\"15,0,0\"><b data-path-to-node=\"15,0,0\" data-index-in-node=\"0\">\u041a\u0430\u043a \u044d\u0442\u043e \u0434\u0435\u043b\u0430\u0435\u0442\u0441\u044f?<\/b> \u041d\u0430\u0438\u0431\u043e\u043b\u0435\u0435 \u0440\u0430\u0441\u043f\u0440\u043e\u0441\u0442\u0440\u0430\u043d\u0435\u043d\u043d\u044b\u043c \u043c\u0435\u0442\u043e\u0434\u043e\u043c \u044f\u0432\u043b\u044f\u0435\u0442\u0441\u044f \u043b\u0430\u043f\u0430\u0440\u043e\u0441\u043a\u043e\u043f\u0438\u0447\u0435\u0441\u043a\u0430\u044f \u0445\u0438\u0440\u0443\u0440\u0433\u0438\u044f, \u043f\u0440\u0438 \u043a\u043e\u0442\u043e\u0440\u043e\u0439 \u043f\u043e\u0434 \u0433\u0440\u0443\u0434\u0438\u043d\u0443 \u0432\u0432\u043e\u0434\u044f\u0442\u0441\u044f 1\u20132 \u0441\u0442\u0430\u043b\u044c\u043d\u044b\u0445 \u0438\u043c\u043f\u043b\u0430\u043d\u0442\u0430\u0442\u0430 \u043d\u0435\u043e\u0431\u044b\u0447\u043d\u043e\u0439 \u0444\u043e\u0440\u043c\u044b. \u041e\u043d\u0438 \u043f\u0440\u0438\u043f\u043e\u0434\u043d\u0438\u043c\u0430\u044e\u0442 \u0433\u0440\u0443\u0434\u0438\u043d\u0443.<\/p><\/li><li><p data-path-to-node=\"15,1,0\"><b data-path-to-node=\"15,1,0\" data-index-in-node=\"0\">\u0412 \u043a\u0430\u043a\u043e\u043c \u0432\u043e\u0437\u0440\u0430\u0441\u0442\u0435?<\/b> \u041d\u0430\u0438\u0431\u043e\u043b\u0435\u0435 \u043f\u043e\u0434\u0445\u043e\u0434\u044f\u0449\u0438\u0439 \u0432\u043e\u0437\u0440\u0430\u0441\u0442 \u043e\u0431\u044b\u0447\u043d\u043e \u0441\u043e\u0441\u0442\u0430\u0432\u043b\u044f\u0435\u0442 12\u201316 \u043b\u0435\u0442, \u043a\u043e\u0433\u0434\u0430 \u0433\u0440\u0443\u0434\u043d\u0430\u044f \u043a\u043b\u0435\u0442\u043a\u0430 \u0435\u0449\u0435 \u044d\u043b\u0430\u0441\u0442\u0438\u0447\u043d\u0430, \u043d\u043e \u0434\u043e\u0441\u0442\u0430\u0442\u043e\u0447\u043d\u043e \u0441\u0438\u043b\u044c\u043d\u0430.<\/p><\/li><li><p data-path-to-node=\"15,2,0\"><b data-path-to-node=\"15,2,0\" data-index-in-node=\"0\">\u0412\u043e\u0441\u0441\u0442\u0430\u043d\u043e\u0432\u043b\u0435\u043d\u0438\u0435:<\/b> \u0411\u043b\u0430\u0433\u043e\u0434\u0430\u0440\u044f \u0441\u043e\u0432\u0440\u0435\u043c\u0435\u043d\u043d\u044b\u043c \u043c\u0435\u0442\u043e\u0434\u0430\u043c \u043e\u0431\u0435\u0437\u0431\u043e\u043b\u0438\u0432\u0430\u043d\u0438\u044f (\u043d\u0430\u043f\u0440\u0438\u043c\u0435\u0440, \u0445\u043e\u043b\u043e\u0434\u043e\u0432\u043e\u0439 \u0442\u0435\u0440\u0430\u043f\u0438\u0438 \u043d\u0435\u0440\u0432\u043e\u0432) \u0433\u043e\u0441\u043f\u0438\u0442\u0430\u043b\u0438\u0437\u0430\u0446\u0438\u044f \u0447\u0430\u0441\u0442\u043e \u0434\u043b\u0438\u0442\u0441\u044f \u0432\u0441\u0435\u0433\u043e \u043d\u0435\u0441\u043a\u043e\u043b\u044c\u043a\u043e \u0434\u043d\u0435\u0439. \u0412 \u0442\u0435\u0447\u0435\u043d\u0438\u0435 \u043f\u0440\u0438\u043c\u0435\u0440\u043d\u043e 3 \u043c\u0435\u0441\u044f\u0446\u0435\u0432 \u043f\u043e\u0441\u043b\u0435 \u043e\u043f\u0435\u0440\u0430\u0446\u0438\u0438 \u0441\u043b\u0435\u0434\u0443\u0435\u0442 \u0438\u0437\u0431\u0435\u0433\u0430\u0442\u044c \u0438\u043d\u0442\u0435\u043d\u0441\u0438\u0432\u043d\u044b\u0445 \u0444\u0438\u0437\u0438\u0447\u0435\u0441\u043a\u0438\u0445 \u043d\u0430\u0433\u0440\u0443\u0437\u043e\u043a \u0438 \u043a\u043e\u043d\u0442\u0430\u043a\u0442\u043d\u044b\u0445 \u0432\u0438\u0434\u043e\u0432 \u0441\u043f\u043e\u0440\u0442\u0430.<\/p><\/li><li><p data-path-to-node=\"15,3,0\"><b data-path-to-node=\"15,3,0\" data-index-in-node=\"0\">\u0423\u0434\u0430\u043b\u0435\u043d\u0438\u0435 \u0438\u043c\u043f\u043b\u0430\u043d\u0442\u0430\u0442\u0430:<\/b> \u041f\u0440\u0438\u043c\u0435\u0440\u043d\u043e \u0447\u0435\u0440\u0435\u0437 \u0447\u0435\u0442\u044b\u0440\u0435 \u0433\u043e\u0434\u0430, \u043a\u043e\u0433\u0434\u0430 \u0441\u0443\u043d\u0434\u0443\u043a \u043e\u043a\u043e\u043d\u0447\u0430\u0442\u0435\u043b\u044c\u043d\u043e \u043f\u0440\u0438\u043c\u0435\u0442 \u0441\u0432\u043e\u044e \u043d\u043e\u0432\u0443\u044e \u0444\u043e\u0440\u043c\u0443, \u0441\u0442\u0430\u043b\u044c\u043d\u044b\u0435 \u043e\u043f\u043e\u0440\u044b \u0443\u0434\u0430\u043b\u044f\u044e\u0442\u0441\u044f \u0432 \u0445\u043e\u0434\u0435 \u043d\u0435\u0431\u043e\u043b\u044c\u0448\u043e\u0439 \u043e\u043f\u0435\u0440\u0430\u0446\u0438\u0438.<\/p><\/li><\/ul><h3 data-path-to-node=\"16\">\u041a\u043e\u0433\u0434\u0430 \u0441\u043b\u0435\u0434\u0443\u0435\u0442 \u043e\u0431\u0440\u0430\u0442\u0438\u0442\u044c\u0441\u044f \u043a \u0432\u0440\u0430\u0447\u0443?<\/h3><p data-path-to-node=\"17\">\u0420\u0435\u043a\u043e\u043c\u0435\u043d\u0434\u0443\u0435\u0442\u0441\u044f \u043e\u0431\u0441\u0443\u0434\u0438\u0442\u044c \u044d\u0442\u043e\u0442 \u0432\u043e\u043f\u0440\u043e\u0441 \u0441 \u0432\u0440\u0430\u0447\u043e\u043c, \u0435\u0441\u043b\u0438:<\/p><ol start=\"1\" data-path-to-node=\"18\"><li><p data-path-to-node=\"18,0,0\">\u042f\u043c\u0430 \u0433\u043b\u0443\u0431\u043e\u043a\u0430\u044f \u0438\u043b\u0438 \u0431\u044b\u0441\u0442\u0440\u043e \u0443\u0433\u043b\u0443\u0431\u043b\u044f\u0435\u0442\u0441\u044f \u043f\u043e \u043c\u0435\u0440\u0435 \u0440\u043e\u0441\u0442\u0430.<\/p><\/li><li><p data-path-to-node=\"18,1,0\">\u0423 \u0440\u0435\u0431\u0435\u043d\u043a\u0430 \u043f\u043e\u044f\u0432\u043b\u044f\u0435\u0442\u0441\u044f \u043d\u0435\u043e\u0431\u044b\u0447\u043d\u0430\u044f \u043e\u0434\u044b\u0448\u043a\u0430 \u0438\u043b\u0438 \u043e\u043d \u0436\u0430\u043b\u0443\u0435\u0442\u0441\u044f \u043d\u0430 \u0431\u043e\u043b\u044c \u0432 \u0433\u0440\u0443\u0434\u0438 \u043f\u0440\u0438 \u0444\u0438\u0437\u0438\u0447\u0435\u0441\u043a\u043e\u0439 \u043d\u0430\u0433\u0440\u0443\u0437\u043a\u0435.<\/p><\/li><li><p data-path-to-node=\"18,2,0\">\u042f\u043c\u043e\u0447\u043a\u0438 \u043d\u0430 \u0433\u0440\u0443\u0434\u0438 \u043d\u0430\u043d\u043e\u0441\u044f\u0442 \u0440\u0435\u0431\u0435\u043d\u043a\u0443 \u0438\u043b\u0438 \u043f\u043e\u0434\u0440\u043e\u0441\u0442\u043a\u0443 \u044f\u0432\u043d\u044b\u0439 \u043f\u0441\u0438\u0445\u043e\u043b\u043e\u0433\u0438\u0447\u0435\u0441\u043a\u0438\u0439 \u0432\u0440\u0435\u0434 \u0438\u043b\u0438 \u0432\u044b\u0437\u044b\u0432\u0430\u044e\u0442 \u0436\u0435\u043b\u0430\u043d\u0438\u0435 \u0438\u0437\u043e\u043b\u0438\u0440\u043e\u0432\u0430\u0442\u044c\u0441\u044f \u043e\u0442 \u043e\u0431\u0449\u0435\u0441\u0442\u0432\u0430.<\/p><\/li><\/ol><p>\u0421\u0442\u0430\u0442\u044c\u044f \u0414\u0443\u043e\u0434\u0435\u0446\u0438\u043c\u0430<\/p><p><a href=\"https:\/\/www.duodecimlehti.fi\/duo17674\" target=\"_blank\" rel=\"noopener\">https:\/\/www.duodecimlehti.fi\/duo17674<\/a><\/p><p>\u00a0<\/p>\t\t\t\t\t\t\t\t<\/div>\n\t\t\t\t<\/div>\n\t\t\t\t\t<\/div>\n\t\t\t\t<\/div>\n\t\t\t\t<\/div>","protected":false},"excerpt":{"rendered":"<p>Opas vanhemmille: Lapsen kuopparinta (Pectus excavatum) Kuopparinta on rintakeh\u00e4n yleisin synnynn\u00e4inen rakennepoikkeama, jossa rintalasta on painunut sis\u00e4\u00e4np\u00e4in muodostaen kuppimaisen kuopan. Se on huomattavasti yleisempi pojilla kuin tyt\u00f6ill\u00e4. Mist\u00e4 kuopparinta johtuu? Poikkeaman uskotaan johtuvan kylkirustojen liikakasvusta, joka painaa rintalastaa sis\u00e4\u00e4np\u00e4in. Usein kuopparinta tulee selv\u00e4sti esiin vasta murrosi\u00e4n kasvupyr\u00e4hdyksen yhteydess\u00e4. Vaikka tila on synnynn\u00e4inen, se on useimmiten [&hellip;]<\/p>\n","protected":false},"author":1,"featured_media":0,"parent":0,"menu_order":0,"comment_status":"closed","ping_status":"closed","template":"","meta":{"_angie_page":false,"site-sidebar-layout":"no-sidebar","site-content-layout":"page-builder","ast-site-content-layout":"full-width-container","site-content-style":"default","site-sidebar-style":"default","ast-global-header-display":"","ast-banner-title-visibility":"","ast-main-header-display":"","ast-hfb-above-header-display":"","ast-hfb-below-header-display":"","ast-hfb-mobile-header-display":"","site-post-title":"","ast-breadcrumbs-content":"","ast-featured-img":"disabled","footer-sml-layout":"","ast-disable-related-posts":"","theme-transparent-header-meta":"","adv-header-id-meta":"","stick-header-meta":"","header-above-stick-meta":"","header-main-stick-meta":"","header-below-stick-meta":"","astra-migrate-meta-layouts":"set","ast-page-background-enabled":"default","ast-page-background-meta":{"desktop":{"background-color":"","background-image":"","background-repeat":"repeat","background-position":"center center","background-size":"auto","background-attachment":"scroll","background-type":"","background-media":"","overlay-type":"","overlay-color":"","overlay-opacity":"","overlay-gradient":""},"tablet":{"background-color":"","background-image":"","background-repeat":"repeat","background-position":"center center","background-size":"auto","background-attachment":"scroll","background-type":"","background-media":"","overlay-type":"","overlay-color":"","overlay-opacity":"","overlay-gradient":""},"mobile":{"background-color":"","background-image":"","background-repeat":"repeat","background-position":"center center","background-size":"auto","background-attachment":"scroll","background-type":"","background-media":"","overlay-type":"","overlay-color":"","overlay-opacity":"","overlay-gradient":""}},"ast-content-background-meta":{"desktop":{"background-color":"var(--ast-global-color-5)","background-image":"","background-repeat":"repeat","background-position":"center center","background-size":"auto","background-attachment":"scroll","background-type":"","background-media":"","overlay-type":"","overlay-color":"","overlay-opacity":"","overlay-gradient":""},"tablet":{"background-color":"var(--ast-global-color-5)","background-image":"","background-repeat":"repeat","background-position":"center center","background-size":"auto","background-attachment":"scroll","background-type":"","background-media":"","overlay-type":"","overlay-color":"","overlay-opacity":"","overlay-gradient":""},"mobile":{"background-color":"var(--ast-global-color-5)","background-image":"","background-repeat":"repeat","background-position":"center center","background-size":"auto","background-attachment":"scroll","background-type":"","background-media":"","overlay-type":"","overlay-color":"","overlay-opacity":"","overlay-gradient":""}},"footnotes":""},"class_list":["post-1402","page","type-page","status-publish","hentry"],"_links":{"self":[{"href":"https:\/\/lastenkirurgia.fi\/ru\/wp-json\/wp\/v2\/pages\/1402","targetHints":{"allow":["GET"]}}],"collection":[{"href":"https:\/\/lastenkirurgia.fi\/ru\/wp-json\/wp\/v2\/pages"}],"about":[{"href":"https:\/\/lastenkirurgia.fi\/ru\/wp-json\/wp\/v2\/types\/page"}],"author":[{"embeddable":true,"href":"https:\/\/lastenkirurgia.fi\/ru\/wp-json\/wp\/v2\/users\/1"}],"replies":[{"embeddable":true,"href":"https:\/\/lastenkirurgia.fi\/ru\/wp-json\/wp\/v2\/comments?post=1402"}],"version-history":[{"count":4,"href":"https:\/\/lastenkirurgia.fi\/ru\/wp-json\/wp\/v2\/pages\/1402\/revisions"}],"predecessor-version":[{"id":1631,"href":"https:\/\/lastenkirurgia.fi\/ru\/wp-json\/wp\/v2\/pages\/1402\/revisions\/1631"}],"wp:attachment":[{"href":"https:\/\/lastenkirurgia.fi\/ru\/wp-json\/wp\/v2\/media?parent=1402"}],"curies":[{"name":"wp","href":"https:\/\/api.w.org\/{rel}","templated":true}]}}