{"id":1404,"date":"2026-04-09T13:56:46","date_gmt":"2026-04-09T13:56:46","guid":{"rendered":"https:\/\/darkcyan-pheasant-754087.hostingersite.com\/?page_id=1404"},"modified":"2026-04-17T05:49:23","modified_gmt":"2026-04-17T05:49:23","slug":"lapsen-harjurinta","status":"publish","type":"page","link":"https:\/\/lastenkirurgia.fi\/ru\/lapsen-harjurinta\/","title":{"rendered":"\u0420\u0435\u0431\u0440\u0438\u0441\u0442\u044b\u0439 \u0433\u0440\u0443\u0434\u043d\u043e\u0439 \u043e\u0442\u0434\u0435\u043b \u0440\u0435\u0431\u0435\u043d\u043a\u0430"},"content":{"rendered":"<div data-elementor-type=\"wp-page\" data-elementor-id=\"1404\" class=\"elementor elementor-1404\" data-elementor-post-type=\"page\">\n\t\t\t\t<div class=\"elementor-element elementor-element-1d6a3a6 e-flex e-con-boxed e-con e-parent\" data-id=\"1d6a3a6\" data-element_type=\"container\" data-e-type=\"container\">\n\t\t\t\t\t<div class=\"e-con-inner\">\n\t\t\t\t<div class=\"elementor-element elementor-element-08bcd79 elementor-widget elementor-widget-text-editor\" data-id=\"08bcd79\" data-element_type=\"widget\" data-e-type=\"widget\" data-widget_type=\"text-editor.default\">\n\t\t\t\t<div class=\"elementor-widget-container\">\n\t\t\t\t\t\t\t\t\t<h2 data-path-to-node=\"2\">\u0425\u043e\u0445\u043b\u0430\u0442\u0430\u044f \u0433\u0440\u0443\u0434\u043a\u0430 (Pectus carinatum)<\/h2><p data-path-to-node=\"3\">\u0413\u043e\u0440\u0431\u0430\u0442\u043e\u0441\u0442\u044c \u2014 \u044d\u0442\u043e \u0441\u0442\u0440\u0443\u043a\u0442\u0443\u0440\u043d\u0430\u044f \u0430\u043d\u043e\u043c\u0430\u043b\u0438\u044f \u0433\u0440\u0443\u0434\u043d\u043e\u0439 \u043a\u043b\u0435\u0442\u043a\u0438, \u043f\u0440\u0438 \u043a\u043e\u0442\u043e\u0440\u043e\u0439 \u0433\u0440\u0443\u0434\u0438\u043d\u0430 \u0438 \u0440\u0435\u0431\u0440\u0430 \u0432\u044b\u0441\u0442\u0443\u043f\u0430\u044e\u0442 \u043d\u0430\u0440\u0443\u0436\u0443. \u041f\u043e \u044d\u0442\u043e\u0439 \u043f\u0440\u0438\u0447\u0438\u043d\u0435 \u044d\u0442\u043e \u0441\u043e\u0441\u0442\u043e\u044f\u043d\u0438\u0435 \u0447\u0430\u0441\u0442\u043e \u043d\u0430\u0437\u044b\u0432\u0430\u044e\u0442 \u201d\u043a\u0443\u0440\u0438\u043d\u043e\u0439 \u0433\u0440\u0443\u0434\u043a\u043e\u0439\u201d. \u041e\u043d\u043e \u0437\u043d\u0430\u0447\u0438\u0442\u0435\u043b\u044c\u043d\u043e \u0447\u0430\u0449\u0435 \u0432\u0441\u0442\u0440\u0435\u0447\u0430\u0435\u0442\u0441\u044f \u0443 \u043c\u0430\u043b\u044c\u0447\u0438\u043a\u043e\u0432, \u0447\u0435\u043c \u0443 \u0434\u0435\u0432\u043e\u0447\u0435\u043a, \u043f\u0440\u0438\u043c\u0435\u0440\u043d\u043e \u0443 \u043e\u0434\u043d\u043e\u0433\u043e \u0438\u0437 \u0442\u044b\u0441\u044f\u0447\u0438 \u0434\u0435\u0442\u0435\u0439.<\/p><h3 data-path-to-node=\"4\">\u0421\u0438\u043c\u043f\u0442\u043e\u043c\u044b \u0438 \u0440\u0430\u0437\u0432\u0438\u0442\u0438\u0435<\/h3><ul data-path-to-node=\"5\"><li><p data-path-to-node=\"5,0,0\"><b data-path-to-node=\"5,0,0\" data-index-in-node=\"0\">\u0412\u043d\u0435\u0448\u043d\u043e\u0441\u0442\u044c:<\/b> \u041d\u0430\u0438\u0431\u043e\u043b\u0435\u0435 \u043e\u0447\u0435\u0432\u0438\u0434\u043d\u044b\u043c \u0441\u0438\u043c\u043f\u0442\u043e\u043c\u043e\u043c \u044f\u0432\u043b\u044f\u0435\u0442\u0441\u044f \u0432\u044b\u043f\u044f\u0447\u0438\u0432\u0430\u043d\u0438\u0435 \u0433\u0440\u0443\u0434\u043d\u043e\u0439 \u043a\u043b\u0435\u0442\u043a\u0438. \u0424\u043e\u0440\u043c\u0430 \u0447\u0430\u0441\u0442\u043e \u0431\u044b\u0432\u0430\u0435\u0442 \u0430\u0441\u0438\u043c\u043c\u0435\u0442\u0440\u0438\u0447\u043d\u043e\u0439, \u043f\u0440\u0438 \u044d\u0442\u043e\u043c \u043e\u0434\u043d\u0430 \u0441\u0442\u043e\u0440\u043e\u043d\u0430 \u0433\u0440\u0443\u0434\u043d\u043e\u0439 \u043a\u043b\u0435\u0442\u043a\u0438 \u0431\u043e\u043b\u0435\u0435 \u0432\u044b\u0441\u0442\u0443\u043f\u0430\u044e\u0449\u0430\u044f.<\/p><\/li><li><p data-path-to-node=\"5,1,0\"><b data-path-to-node=\"5,1,0\" data-index-in-node=\"0\">\u0420\u043e\u0441\u0442:<\/b> \u041a\u0430\u043a \u043f\u0440\u0430\u0432\u0438\u043b\u043e, \u0441\u0438\u0442\u0443\u0430\u0446\u0438\u044f \u0443\u0445\u0443\u0434\u0448\u0430\u0435\u0442\u0441\u044f \u043f\u043e \u043c\u0435\u0440\u0435 \u0440\u043e\u0441\u0442\u0430 \u0440\u0435\u0431\u0435\u043d\u043a\u0430, \u043e\u0441\u043e\u0431\u0435\u043d\u043d\u043e \u0432 \u043f\u0435\u0440\u0438\u043e\u0434 \u0438\u043d\u0442\u0435\u043d\u0441\u0438\u0432\u043d\u043e\u0433\u043e \u0440\u043e\u0441\u0442\u0430 \u0432 \u043f\u0435\u0440\u0438\u043e\u0434 \u043f\u043e\u043b\u043e\u0432\u043e\u0433\u043e \u0441\u043e\u0437\u0440\u0435\u0432\u0430\u043d\u0438\u044f.<\/p><\/li><li><p data-path-to-node=\"5,2,0\"><b data-path-to-node=\"5,2,0\" data-index-in-node=\"0\">\u0411\u043e\u043b\u044c:<\/b> \u0423 \u0431\u043e\u043b\u044c\u0448\u0438\u043d\u0441\u0442\u0432\u0430 \u0434\u0435\u0442\u0435\u0439 \u0437\u0430\u0431\u043e\u043b\u0435\u0432\u0430\u043d\u0438\u0435 \u043f\u0440\u043e\u0442\u0435\u043a\u0430\u0435\u0442 \u0431\u0435\u0441\u0441\u0438\u043c\u043f\u0442\u043e\u043c\u043d\u043e, \u043d\u043e \u043d\u0435\u043a\u043e\u0442\u043e\u0440\u044b\u0435 \u043c\u043e\u0433\u0443\u0442 \u0438\u0441\u043f\u044b\u0442\u044b\u0432\u0430\u0442\u044c \u0431\u043e\u043b\u044c \u043f\u0440\u0438 \u0444\u0438\u0437\u0438\u0447\u0435\u0441\u043a\u0438\u0445 \u043d\u0430\u0433\u0440\u0443\u0437\u043a\u0430\u0445.<\/p><\/li><li><p data-path-to-node=\"5,3,0\"><b data-path-to-node=\"5,3,0\" data-index-in-node=\"0\">\u0421\u043e\u043f\u0443\u0442\u0441\u0442\u0432\u0443\u044e\u0449\u0438\u0435 \u0437\u0430\u0431\u043e\u043b\u0435\u0432\u0430\u043d\u0438\u044f:<\/b> \u041f\u0440\u0438\u043c\u0435\u0440\u043d\u043e \u0443 15 \u043f\u0440\u043e\u0446\u0435\u043d\u0442\u043e\u0432 \u0434\u0435\u0442\u0435\u0439 \u0442\u0430\u043a\u0436\u0435 \u043d\u0430\u0431\u043b\u044e\u0434\u0430\u0435\u0442\u0441\u044f \u0438\u0441\u043a\u0440\u0438\u0432\u043b\u0435\u043d\u0438\u0435 \u043f\u043e\u0437\u0432\u043e\u043d\u043e\u0447\u043d\u0438\u043a\u0430, \u0438\u043b\u0438 \u0441\u043a\u043e\u043b\u0438\u043e\u0437.<\/p><\/li><\/ul><h3 data-path-to-node=\"6\">\u041f\u0440\u0438\u0447\u0438\u043d\u044b \u0438 \u0441\u043b\u0435\u0434\u0441\u0442\u0432\u0438\u044f<\/h3><p data-path-to-node=\"7\">\u0422\u043e\u0447\u043d\u0430\u044f \u043f\u0440\u0438\u0447\u0438\u043d\u0430 \u0441\u043a\u043e\u043b\u0438\u043e\u0437\u0430 \u043d\u0435\u0438\u0437\u0432\u0435\u0441\u0442\u043d\u0430. \u0425\u043e\u0442\u044f \u0443 \u0431\u043e\u043b\u044c\u0448\u0438\u043d\u0441\u0442\u0432\u0430 \u0434\u0435\u0442\u0435\u0439 \u043d\u0435\u0442 \u0441\u0435\u043c\u0435\u0439\u043d\u043e\u0439 \u0438\u0441\u0442\u043e\u0440\u0438\u0438 \u044d\u0442\u043e\u0433\u043e \u0437\u0430\u0431\u043e\u043b\u0435\u0432\u0430\u043d\u0438\u044f, \u0441\u0447\u0438\u0442\u0430\u0435\u0442\u0441\u044f, \u0447\u0442\u043e \u0433\u0435\u043d\u0435\u0442\u0438\u0447\u0435\u0441\u043a\u0438\u0435 \u0444\u0430\u043a\u0442\u043e\u0440\u044b \u0438\u0433\u0440\u0430\u044e\u0442 \u0440\u043e\u043b\u044c \u0432 \u0435\u0433\u043e \u0440\u0430\u0437\u0432\u0438\u0442\u0438\u0438.<\/p><h3 data-path-to-node=\"8\">\u041e\u0431\u0441\u043b\u0435\u0434\u043e\u0432\u0430\u043d\u0438\u044f \u0438 \u0434\u0438\u0430\u0433\u043d\u043e\u0441\u0442\u0438\u043a\u0430<\/h3><p data-path-to-node=\"9\">\u041e\u0431\u044b\u0447\u043d\u043e \u0432\u0440\u0430\u0447 \u0434\u0438\u0430\u0433\u043d\u043e\u0441\u0442\u0438\u0440\u0443\u0435\u0442 \u0433\u0440\u044b\u0436\u0443 \u0432\u043e \u0432\u0440\u0435\u043c\u044f \u043f\u043b\u0430\u043d\u043e\u0432\u043e\u0433\u043e \u043c\u0435\u0434\u0438\u0446\u0438\u043d\u0441\u043a\u043e\u0433\u043e \u043e\u0441\u043c\u043e\u0442\u0440\u0430. \u0412 \u043d\u0435\u043a\u043e\u0442\u043e\u0440\u044b\u0445 \u0441\u043b\u0443\u0447\u0430\u044f\u0445 \u043c\u043e\u0433\u0443\u0442 \u043f\u043e\u0442\u0440\u0435\u0431\u043e\u0432\u0430\u0442\u044c\u0441\u044f \u0434\u043e\u043f\u043e\u043b\u043d\u0438\u0442\u0435\u043b\u044c\u043d\u044b\u0435 \u043e\u0431\u0441\u043b\u0435\u0434\u043e\u0432\u0430\u043d\u0438\u044f \u0434\u043b\u044f \u0438\u0441\u043a\u043b\u044e\u0447\u0435\u043d\u0438\u044f \u0434\u0440\u0443\u0433\u0438\u0445 \u0437\u0430\u0431\u043e\u043b\u0435\u0432\u0430\u043d\u0438\u0439:<\/p><h3 data-path-to-node=\"11\">\u0412\u0430\u0440\u0438\u0430\u043d\u0442\u044b \u043b\u0435\u0447\u0435\u043d\u0438\u044f<\/h3><p data-path-to-node=\"12\">\u0412 \u043b\u0435\u0433\u043a\u0438\u0445 \u0441\u043b\u0443\u0447\u0430\u044f\u0445 \u043b\u0435\u0447\u0435\u043d\u0438\u0435 \u043e\u0431\u044b\u0447\u043d\u043e \u043d\u0435 \u0442\u0440\u0435\u0431\u0443\u0435\u0442\u0441\u044f, \u043d\u043e \u043d\u0435\u043e\u0431\u0445\u043e\u0434\u0438\u043c\u043e \u043d\u0430\u0431\u043b\u044e\u0434\u0435\u043d\u0438\u0435. \u041f\u0440\u0438 \u0443\u043c\u0435\u0440\u0435\u043d\u043d\u044b\u0445 \u0438\u043b\u0438 \u0442\u044f\u0436\u0435\u043b\u044b\u0445 \u043f\u043e\u0432\u0440\u0435\u0436\u0434\u0435\u043d\u0438\u044f\u0445 \u0435\u0441\u0442\u044c \u0434\u0432\u0430 \u0432\u0430\u0440\u0438\u0430\u043d\u0442\u0430:<\/p><p data-path-to-node=\"13\"><b data-path-to-node=\"13\" data-index-in-node=\"0\">1. \u0411\u0430\u043d\u0434\u0430\u0436<\/b><\/p><ul data-path-to-node=\"14\"><li><p data-path-to-node=\"14,0,0\">\u041d\u0430\u0438\u0431\u043e\u043b\u0435\u0435 \u043f\u043e\u0434\u0445\u043e\u0434\u0438\u0442 \u0434\u043b\u044f \u0434\u0435\u0442\u0435\u0439, \u0443 \u043a\u043e\u0442\u043e\u0440\u044b\u0445 \u0433\u0440\u0443\u0434\u043d\u0430\u044f \u043a\u043b\u0435\u0442\u043a\u0430 \u0435\u0449\u0435 \u0441\u043e\u0445\u0440\u0430\u043d\u044f\u0435\u0442 \u0433\u0438\u0431\u043a\u043e\u0441\u0442\u044c (\u0434\u043e \u043e\u043a\u043e\u043d\u0447\u0430\u043d\u0438\u044f \u043f\u043e\u043b\u043e\u0432\u043e\u0433\u043e \u0441\u043e\u0437\u0440\u0435\u0432\u0430\u043d\u0438\u044f).<\/p><\/li><li><p data-path-to-node=\"14,1,0\">\u0414\u043b\u044f \u0440\u0435\u0431\u0435\u043d\u043a\u0430 \u0438\u0437\u0433\u043e\u0442\u0430\u0432\u043b\u0438\u0432\u0430\u0435\u0442\u0441\u044f \u043a\u043e\u0440\u0441\u0435\u0442 \u043d\u0430 \u0437\u0430\u043a\u0430\u0437, \u043a\u043e\u0442\u043e\u0440\u044b\u0439 \u0434\u0430\u0432\u0438\u0442 \u043d\u0430 \u0432\u044b\u0441\u0442\u0443\u043f\u0430\u044e\u0449\u0438\u0435 \u0443\u0447\u0430\u0441\u0442\u043a\u0438 \u0438 \u043f\u043e\u0441\u0442\u0435\u043f\u0435\u043d\u043d\u043e \u0444\u043e\u0440\u043c\u0438\u0440\u0443\u0435\u0442 \u0433\u0440\u0443\u0434\u044c.<\/p><\/li><li><p data-path-to-node=\"14,2,0\">\u041b\u0435\u0447\u0435\u043d\u0438\u0435 \u043c\u043e\u0436\u0435\u0442 \u0434\u043b\u0438\u0442\u044c\u0441\u044f 1-2 \u0433\u043e\u0434\u0430.<\/p><\/li><\/ul><p data-path-to-node=\"15\"><b data-path-to-node=\"15\" data-index-in-node=\"0\">2. \u0425\u0438\u0440\u0443\u0440\u0433\u0438\u0447\u0435\u0441\u043a\u043e\u0435 \u043b\u0435\u0447\u0435\u043d\u0438\u0435 (\u043c\u0435\u0442\u043e\u0434 \u0420\u0430\u0432\u0438\u0447\u0430)<\/b><\/p><ul data-path-to-node=\"16\"><li><p data-path-to-node=\"16,0,0\">\u0425\u0438\u0440\u0443\u0440\u0433\u0438\u0447\u0435\u0441\u043a\u043e\u0435 \u0432\u043c\u0435\u0448\u0430\u0442\u0435\u043b\u044c\u0441\u0442\u0432\u043e \u0440\u0430\u0441\u0441\u043c\u0430\u0442\u0440\u0438\u0432\u0430\u0435\u0442\u0441\u044f \u043b\u0438\u0448\u044c \u0432 \u0440\u0435\u0434\u043a\u0438\u0445 \u0441\u043b\u0443\u0447\u0430\u044f\u0445, \u0432 \u0442\u044f\u0436\u0435\u043b\u044b\u0445 \u0441\u0438\u0442\u0443\u0430\u0446\u0438\u044f\u0445 \u0438\u043b\u0438 \u0435\u0441\u043b\u0438 \u043b\u0435\u0447\u0435\u043d\u0438\u0435 \u0441 \u043f\u043e\u043c\u043e\u0449\u044c\u044e \u043a\u043e\u0440\u0441\u0435\u0442\u0430 \u043d\u0435\u044d\u0444\u0444\u0435\u043a\u0442\u0438\u0432\u043d\u043e.<\/p><\/li><li><p data-path-to-node=\"16,1,0\">\u0412 \u0445\u043e\u0434\u0435 \u043e\u043f\u0435\u0440\u0430\u0446\u0438\u0438 \u0445\u0438\u0440\u0443\u0440\u0433 \u0443\u0434\u0430\u043b\u044f\u0435\u0442 \u0438\u0437\u0431\u044b\u0442\u043e\u043a \u0445\u0440\u044f\u0449\u0430 \u0438 \u043f\u0440\u0438\u0434\u0430\u0435\u0442 \u0433\u0440\u0443\u0434\u0438\u043d\u0435 \u043f\u0440\u0430\u0432\u0438\u043b\u044c\u043d\u0443\u044e \u0444\u043e\u0440\u043c\u0443.<\/p><\/li><\/ul><hr data-path-to-node=\"17\" \/><h3 data-path-to-node=\"18\">\u041a\u043e\u0433\u0434\u0430 \u0441\u043b\u0435\u0434\u0443\u0435\u0442 \u043e\u0431\u0440\u0430\u0442\u0438\u0442\u044c\u0441\u044f \u043a \u0432\u0440\u0430\u0447\u0443?<\/h3><p data-path-to-node=\"19\">\u0415\u0441\u043b\u0438 \u0443 \u0440\u0435\u0431\u0435\u043d\u043a\u0430 \u044f\u0432\u043d\u043e \u0432\u044b\u043f\u044f\u0447\u0438\u0432\u0430\u0435\u0442\u0441\u044f \u0433\u0440\u0443\u0434\u043d\u0430\u044f \u043a\u043b\u0435\u0442\u043a\u0430 (\u0438\u043b\u0438 \u044d\u0442\u0430 \u043a\u043e\u0441\u043c\u0435\u0442\u0438\u0447\u0435\u0441\u043a\u0430\u044f \u043f\u0440\u043e\u0431\u043b\u0435\u043c\u0430 \u0431\u0435\u0441\u043f\u043e\u043a\u043e\u0438\u0442 \u0440\u0435\u0431\u0435\u043d\u043a\u0430) \u0438\u043b\u0438 \u0435\u0441\u043b\u0438 \u0440\u0435\u0431\u0435\u043d\u043e\u043a \u0436\u0430\u043b\u0443\u0435\u0442\u0441\u044f \u043d\u0430 \u0431\u043e\u043b\u044c \u0432 \u0433\u0440\u0443\u0434\u0438 \u0432\u043e \u0432\u0440\u0435\u043c\u044f \u0437\u0430\u043d\u044f\u0442\u0438\u0439 \u0441\u043f\u043e\u0440\u0442\u043e\u043c.<\/p><p data-path-to-node=\"19\">\u0421\u0441\u044b\u043b\u043a\u0430 \u043d\u0430 \u0441\u0442\u0430\u0442\u044c\u044e \u043e \u0434\u0435\u0442\u0441\u043a\u043e\u0439 \u0431\u043e\u043b\u044c\u043d\u0438\u0446\u0435 \u0411\u043e\u0441\u0442\u043e\u043d\u0430<\/p><p data-path-to-node=\"19\"><a href=\"https:\/\/www.childrenshospital.org\/conditions-treatments\/pectus-carinatum\" target=\"_blank\" rel=\"noopener\">https:\/\/www.childrenshospital.org\/conditions-treatments\/pectus-carinatum<\/a><\/p>\t\t\t\t\t\t\t\t<\/div>\n\t\t\t\t<\/div>\n\t\t\t\t<div class=\"elementor-element elementor-element-3c0f38d elementor-widget elementor-widget-image\" data-id=\"3c0f38d\" data-element_type=\"widget\" data-e-type=\"widget\" data-widget_type=\"image.default\">\n\t\t\t\t<div class=\"elementor-widget-container\">\n\t\t\t\t\t\t\t\t\t\t\t\t\t\t\t<img fetchpriority=\"high\" decoding=\"async\" width=\"1024\" height=\"640\" src=\"https:\/\/lastenkirurgia.fi\/wp-content\/uploads\/2026\/04\/harjurinta-1024x640.webp\" class=\"attachment-large size-large wp-image-1719\" alt=\"\" srcset=\"https:\/\/lastenkirurgia.fi\/wp-content\/uploads\/2026\/04\/harjurinta-1024x640.webp 1024w, https:\/\/lastenkirurgia.fi\/wp-content\/uploads\/2026\/04\/harjurinta-300x188.webp 300w, https:\/\/lastenkirurgia.fi\/wp-content\/uploads\/2026\/04\/harjurinta-768x480.webp 768w, https:\/\/lastenkirurgia.fi\/wp-content\/uploads\/2026\/04\/harjurinta-18x12.webp 18w, https:\/\/lastenkirurgia.fi\/wp-content\/uploads\/2026\/04\/harjurinta.webp 1152w\" sizes=\"(max-width: 1024px) 100vw, 1024px\" \/>\t\t\t\t\t\t\t\t\t\t\t\t\t\t\t<\/div>\n\t\t\t\t<\/div>\n\t\t\t\t\t<\/div>\n\t\t\t\t<\/div>\n\t\t\t\t<\/div>","protected":false},"excerpt":{"rendered":"<p>Harjurinta (Pectus carinatum) Harjurinta on rintakeh\u00e4n rakennepoikkeama, jossa rintalasta ja kylkiluut ty\u00f6ntyv\u00e4t ulosp\u00e4in. T\u00e4st\u00e4 syyst\u00e4 tilaa kutsutaan usein my\u00f6s &#8221;kananrinnaksi&#8221;. Se on huomattavasti yleisemp\u00e4\u00e4 pojilla kuin tyt\u00f6ill\u00e4 ja esiintyy noin yhdell\u00e4 tuhannesta lapsesta. Oireet ja kehitys Ulkon\u00e4k\u00f6: Selvin oire on ulosp\u00e4in ty\u00f6ntyv\u00e4 rintakeh\u00e4. Muoto on usein ep\u00e4symmetrinen, jolloin toinen puoli rinnasta on n\u00e4kyv\u00e4mmin koholla. Kasvu: [&hellip;]<\/p>\n","protected":false},"author":1,"featured_media":0,"parent":0,"menu_order":0,"comment_status":"closed","ping_status":"closed","template":"","meta":{"_angie_page":false,"site-sidebar-layout":"no-sidebar","site-content-layout":"page-builder","ast-site-content-layout":"full-width-container","site-content-style":"default","site-sidebar-style":"default","ast-global-header-display":"","ast-banner-title-visibility":"","ast-main-header-display":"","ast-hfb-above-header-display":"","ast-hfb-below-header-display":"","ast-hfb-mobile-header-display":"","site-post-title":"","ast-breadcrumbs-content":"","ast-featured-img":"disabled","footer-sml-layout":"","ast-disable-related-posts":"","theme-transparent-header-meta":"","adv-header-id-meta":"","stick-header-meta":"","header-above-stick-meta":"","header-main-stick-meta":"","header-below-stick-meta":"","astra-migrate-meta-layouts":"set","ast-page-background-enabled":"default","ast-page-background-meta":{"desktop":{"background-color":"","background-image":"","background-repeat":"repeat","background-position":"center center","background-size":"auto","background-attachment":"scroll","background-type":"","background-media":"","overlay-type":"","overlay-color":"","overlay-opacity":"","overlay-gradient":""},"tablet":{"background-color":"","background-image":"","background-repeat":"repeat","background-position":"center center","background-size":"auto","background-attachment":"scroll","background-type":"","background-media":"","overlay-type":"","overlay-color":"","overlay-opacity":"","overlay-gradient":""},"mobile":{"background-color":"","background-image":"","background-repeat":"repeat","background-position":"center center","background-size":"auto","background-attachment":"scroll","background-type":"","background-media":"","overlay-type":"","overlay-color":"","overlay-opacity":"","overlay-gradient":""}},"ast-content-background-meta":{"desktop":{"background-color":"var(--ast-global-color-5)","background-image":"","background-repeat":"repeat","background-position":"center center","background-size":"auto","background-attachment":"scroll","background-type":"","background-media":"","overlay-type":"","overlay-color":"","overlay-opacity":"","overlay-gradient":""},"tablet":{"background-color":"var(--ast-global-color-5)","background-image":"","background-repeat":"repeat","background-position":"center center","background-size":"auto","background-attachment":"scroll","background-type":"","background-media":"","overlay-type":"","overlay-color":"","overlay-opacity":"","overlay-gradient":""},"mobile":{"background-color":"var(--ast-global-color-5)","background-image":"","background-repeat":"repeat","background-position":"center center","background-size":"auto","background-attachment":"scroll","background-type":"","background-media":"","overlay-type":"","overlay-color":"","overlay-opacity":"","overlay-gradient":""}},"footnotes":""},"class_list":["post-1404","page","type-page","status-publish","hentry"],"_links":{"self":[{"href":"https:\/\/lastenkirurgia.fi\/ru\/wp-json\/wp\/v2\/pages\/1404","targetHints":{"allow":["GET"]}}],"collection":[{"href":"https:\/\/lastenkirurgia.fi\/ru\/wp-json\/wp\/v2\/pages"}],"about":[{"href":"https:\/\/lastenkirurgia.fi\/ru\/wp-json\/wp\/v2\/types\/page"}],"author":[{"embeddable":true,"href":"https:\/\/lastenkirurgia.fi\/ru\/wp-json\/wp\/v2\/users\/1"}],"replies":[{"embeddable":true,"href":"https:\/\/lastenkirurgia.fi\/ru\/wp-json\/wp\/v2\/comments?post=1404"}],"version-history":[{"count":21,"href":"https:\/\/lastenkirurgia.fi\/ru\/wp-json\/wp\/v2\/pages\/1404\/revisions"}],"predecessor-version":[{"id":1727,"href":"https:\/\/lastenkirurgia.fi\/ru\/wp-json\/wp\/v2\/pages\/1404\/revisions\/1727"}],"wp:attachment":[{"href":"https:\/\/lastenkirurgia.fi\/ru\/wp-json\/wp\/v2\/media?parent=1404"}],"curies":[{"name":"wp","href":"https:\/\/api.w.org\/{rel}","templated":true}]}}