{"id":1410,"date":"2026-04-09T13:58:17","date_gmt":"2026-04-09T13:58:17","guid":{"rendered":"https:\/\/darkcyan-pheasant-754087.hostingersite.com\/?page_id=1410"},"modified":"2026-04-12T14:39:49","modified_gmt":"2026-04-12T14:39:49","slug":"lasten-pehmytkudosvammat","status":"publish","type":"page","link":"https:\/\/lastenkirurgia.fi\/ru\/lasten-pehmytkudosvammat\/","title":{"rendered":"\u0414\u0435\u0442\u0441\u043a\u0438\u0435 \u0442\u0440\u0430\u0432\u043c\u044b \u043c\u044f\u0433\u043a\u0438\u0445 \u0442\u043a\u0430\u043d\u0435\u0439"},"content":{"rendered":"<div data-elementor-type=\"wp-page\" data-elementor-id=\"1410\" class=\"elementor elementor-1410\" data-elementor-post-type=\"page\">\n\t\t\t\t<div class=\"elementor-element elementor-element-204a167 e-flex e-con-boxed e-con e-parent\" data-id=\"204a167\" data-element_type=\"container\" data-e-type=\"container\">\n\t\t\t\t\t<div class=\"e-con-inner\">\n\t\t\t\t<div class=\"elementor-element elementor-element-e16886b elementor-widget elementor-widget-text-editor\" data-id=\"e16886b\" data-element_type=\"widget\" data-e-type=\"widget\" data-widget_type=\"text-editor.default\">\n\t\t\t\t<div class=\"elementor-widget-container\">\n\t\t\t\t\t\t\t\t\t<h2 data-path-to-node=\"2\">Lapsen vatsan alueen pehmytkudosvammat<\/h2><p data-path-to-node=\"3\">Lapset ovat aktiivisia, ja vauhdikkaissa leikeiss\u00e4 tai urheilussa voi sattua iskuja vatsan alueelle.\u00a0<\/p><p data-path-to-node=\"3\">\u00a0<\/p><h3 data-path-to-node=\"4\">Sis\u00e4elinvammat paranevat yleens\u00e4 ilman leikkausta<\/h3><p data-path-to-node=\"5\">Toisin kuin aikuisilla, lasten pehmytkudosvammat \u2013 kuten <b data-path-to-node=\"5\" data-index-in-node=\"57\">maksan, pernan tai munuaisten<\/b> kolhut ja repe\u00e4m\u00e4t \u2013 hoidetaan l\u00e4hes poikkeuksetta ilman leikkausta.<\/p><ul data-path-to-node=\"6\"><li><p data-path-to-node=\"6,1,0\">Hoitona on yleens\u00e4 seuranta sairaalassa, lepo ja kivunhoito. Kirurgista hoitoa tarvitaan vain eritt\u00e4in harvoin.<\/p><\/li><\/ul><h3 data-path-to-node=\"7\">Milloin tutkimukset ovat tarpeen?<\/h3><p data-path-to-node=\"8\">Jos lapsi saa iskun vatsan alueelle (esim. kaatuminen polkupy\u00f6r\u00e4n ohjaustangon p\u00e4\u00e4lle, putoaminen tai kova isku palloilupeliss\u00e4), voi tilanne johtaa sis\u00e4elinvammaan<\/p><p data-path-to-node=\"9\"><b data-path-to-node=\"9\" data-index-in-node=\"0\">Hakeudu l\u00e4\u00e4k\u00e4riin, jos:<\/b><\/p><ul data-path-to-node=\"10\"><li><p data-path-to-node=\"10,0,0\">Lapsi valittaa t\u00e4llin j\u00e4lkeen vatsakipua tai vatsa on koskettaen arka.<\/p><\/li><li><p data-path-to-node=\"10,1,0\">Vatsan alueella on n\u00e4kyv\u00e4\u00e4 mustelmaa tai turvotusta.<\/p><\/li><li><p data-path-to-node=\"10,2,0\">Lapsi on poikkeavan v\u00e4synyt, kalpea tai huonovointinen.<\/p><\/li><li><p data-path-to-node=\"10,3,0\">Virtsassa n\u00e4kyy verta (viittaa usein munuaiskolhuun).<\/p><\/li><\/ul><h3 data-path-to-node=\"11\">Miten vamma tutkitaan?<\/h3><p data-path-to-node=\"12\">Kipe\u00e4 vatsa vamman j\u00e4lkeen on aina syy huolelliseen tutkimukseen. L\u00e4\u00e4k\u00e4rin tekem\u00e4n kliinisen tutkimuksen lis\u00e4ksi t\u00e4rkein apuv\u00e4line on:<\/p><ul data-path-to-node=\"13\"><li><p data-path-to-node=\"13,0,0\"><b data-path-to-node=\"13,0,0\" data-index-in-node=\"0\">Ultra\u00e4\u00e4nitutkimus (U\u00c4):<\/b> T\u00e4m\u00e4 on lapselle kivuton ja turvallinen tapa tarkistaa sis\u00e4elinten kunto ja poissulkea mahdolliset sis\u00e4iset verenvuodot.<\/p><\/li><li><p data-path-to-node=\"13,1,0\">Toisinaan katsotaan my\u00f6s verikokeita ja virtsan\u00e4yte.<\/p><\/li><\/ul><hr data-path-to-node=\"14\" \/><p data-path-to-node=\"16,2,0\">\u00a0<\/p>\t\t\t\t\t\t\t\t<\/div>\n\t\t\t\t<\/div>\n\t\t\t\t\t<\/div>\n\t\t\t\t<\/div>\n\t\t\t\t<\/div>","protected":false},"excerpt":{"rendered":"<p>Lapsen vatsan alueen pehmytkudosvammat Lapset ovat aktiivisia, ja vauhdikkaissa leikeiss\u00e4 tai urheilussa voi sattua iskuja vatsan alueelle.\u00a0 \u00a0 Sis\u00e4elinvammat paranevat yleens\u00e4 ilman leikkausta Toisin kuin aikuisilla, lasten pehmytkudosvammat \u2013 kuten maksan, pernan tai munuaisten kolhut ja repe\u00e4m\u00e4t \u2013 hoidetaan l\u00e4hes poikkeuksetta ilman leikkausta. Hoitona on yleens\u00e4 seuranta sairaalassa, lepo ja kivunhoito. Kirurgista hoitoa tarvitaan vain [&hellip;]<\/p>\n","protected":false},"author":1,"featured_media":0,"parent":0,"menu_order":0,"comment_status":"closed","ping_status":"closed","template":"","meta":{"_angie_page":false,"site-sidebar-layout":"no-sidebar","site-content-layout":"page-builder","ast-site-content-layout":"full-width-container","site-content-style":"default","site-sidebar-style":"default","ast-global-header-display":"","ast-banner-title-visibility":"","ast-main-header-display":"","ast-hfb-above-header-display":"","ast-hfb-below-header-display":"","ast-hfb-mobile-header-display":"","site-post-title":"","ast-breadcrumbs-content":"","ast-featured-img":"disabled","footer-sml-layout":"","ast-disable-related-posts":"","theme-transparent-header-meta":"","adv-header-id-meta":"","stick-header-meta":"","header-above-stick-meta":"","header-main-stick-meta":"","header-below-stick-meta":"","astra-migrate-meta-layouts":"set","ast-page-background-enabled":"default","ast-page-background-meta":{"desktop":{"background-color":"","background-image":"","background-repeat":"repeat","background-position":"center center","background-size":"auto","background-attachment":"scroll","background-type":"","background-media":"","overlay-type":"","overlay-color":"","overlay-opacity":"","overlay-gradient":""},"tablet":{"background-color":"","background-image":"","background-repeat":"repeat","background-position":"center center","background-size":"auto","background-attachment":"scroll","background-type":"","background-media":"","overlay-type":"","overlay-color":"","overlay-opacity":"","overlay-gradient":""},"mobile":{"background-color":"","background-image":"","background-repeat":"repeat","background-position":"center center","background-size":"auto","background-attachment":"scroll","background-type":"","background-media":"","overlay-type":"","overlay-color":"","overlay-opacity":"","overlay-gradient":""}},"ast-content-background-meta":{"desktop":{"background-color":"var(--ast-global-color-5)","background-image":"","background-repeat":"repeat","background-position":"center center","background-size":"auto","background-attachment":"scroll","background-type":"","background-media":"","overlay-type":"","overlay-color":"","overlay-opacity":"","overlay-gradient":""},"tablet":{"background-color":"var(--ast-global-color-5)","background-image":"","background-repeat":"repeat","background-position":"center center","background-size":"auto","background-attachment":"scroll","background-type":"","background-media":"","overlay-type":"","overlay-color":"","overlay-opacity":"","overlay-gradient":""},"mobile":{"background-color":"var(--ast-global-color-5)","background-image":"","background-repeat":"repeat","background-position":"center center","background-size":"auto","background-attachment":"scroll","background-type":"","background-media":"","overlay-type":"","overlay-color":"","overlay-opacity":"","overlay-gradient":""}},"footnotes":""},"class_list":["post-1410","page","type-page","status-publish","hentry"],"_links":{"self":[{"href":"https:\/\/lastenkirurgia.fi\/ru\/wp-json\/wp\/v2\/pages\/1410","targetHints":{"allow":["GET"]}}],"collection":[{"href":"https:\/\/lastenkirurgia.fi\/ru\/wp-json\/wp\/v2\/pages"}],"about":[{"href":"https:\/\/lastenkirurgia.fi\/ru\/wp-json\/wp\/v2\/types\/page"}],"author":[{"embeddable":true,"href":"https:\/\/lastenkirurgia.fi\/ru\/wp-json\/wp\/v2\/users\/1"}],"replies":[{"embeddable":true,"href":"https:\/\/lastenkirurgia.fi\/ru\/wp-json\/wp\/v2\/comments?post=1410"}],"version-history":[{"count":4,"href":"https:\/\/lastenkirurgia.fi\/ru\/wp-json\/wp\/v2\/pages\/1410\/revisions"}],"predecessor-version":[{"id":1617,"href":"https:\/\/lastenkirurgia.fi\/ru\/wp-json\/wp\/v2\/pages\/1410\/revisions\/1617"}],"wp:attachment":[{"href":"https:\/\/lastenkirurgia.fi\/ru\/wp-json\/wp\/v2\/media?parent=1410"}],"curies":[{"name":"wp","href":"https:\/\/api.w.org\/{rel}","templated":true}]}}