{"id":1358,"date":"2026-04-09T13:48:07","date_gmt":"2026-04-09T13:48:07","guid":{"rendered":"https:\/\/darkcyan-pheasant-754087.hostingersite.com\/?page_id=1358"},"modified":"2026-04-17T06:12:42","modified_gmt":"2026-04-17T06:12:42","slug":"lapsen-nivustyraleikkaus","status":"publish","type":"page","link":"https:\/\/lastenkirurgia.fi\/sv\/lapsen-nivustyraleikkaus\/","title":{"rendered":"Ljumskbr\u00e5ckkirurgi hos barn"},"content":{"rendered":"\t\t<div data-elementor-type=\"wp-page\" data-elementor-id=\"1358\" class=\"elementor elementor-1358\" data-elementor-post-type=\"page\">\n\t\t\t\t<div class=\"elementor-element elementor-element-bd35a2c e-flex e-con-boxed e-con e-parent\" data-id=\"bd35a2c\" data-element_type=\"container\" data-e-type=\"container\">\n\t\t\t\t\t<div class=\"e-con-inner\">\n\t\t\t\t<div class=\"elementor-element elementor-element-933fa0f elementor-widget elementor-widget-text-editor\" data-id=\"933fa0f\" data-element_type=\"widget\" data-e-type=\"widget\" data-settings=\"{&quot;motion_fx_motion_fx_scrolling&quot;:&quot;yes&quot;,&quot;motion_fx_translateY_effect&quot;:&quot;yes&quot;,&quot;motion_fx_translateY_speed&quot;:{&quot;unit&quot;:&quot;px&quot;,&quot;size&quot;:4,&quot;sizes&quot;:[]},&quot;motion_fx_translateY_affectedRange&quot;:{&quot;unit&quot;:&quot;%&quot;,&quot;size&quot;:&quot;&quot;,&quot;sizes&quot;:{&quot;start&quot;:0,&quot;end&quot;:100}},&quot;motion_fx_devices&quot;:[&quot;desktop&quot;,&quot;tablet&quot;,&quot;mobile&quot;]}\" data-widget_type=\"text-editor.default\">\n\t\t\t\t<div class=\"elementor-widget-container\">\n\t\t\t\t\t\t\t\t\t<h2 data-path-to-node=\"2\">\u00a0<\/h2><h2 data-path-to-node=\"2\">Lasten nivustyr\u00e4 \u2013 tietoa ja hoito-ohjeita<\/h2><p data-path-to-node=\"3\">Nivustyr\u00e4 on lapsilla yleisin kirurgista hoitoa vaativa vaiva. Nivustyr\u00e4ss\u00e4 siki\u00f6aikainen yhteys vatsaontelon ja nivuskanavan v\u00e4lill\u00e4 ei ole sulkeutunut normaalisti. T\u00e4ll\u00f6in vatsaontelosta voi ty\u00f6nty\u00e4 nivuskanavaan suolta, vatsapaitaa tai tyt\u00f6ill\u00e4 munasarja, mik\u00e4 n\u00e4kyy ulosp\u00e4in pullistumana.<\/p><h3 data-path-to-node=\"4\">\u00a0<\/h3><h3 data-path-to-node=\"4\">Perustietoa nivustyr\u00e4st\u00e4<\/h3><ul data-path-to-node=\"5\"><li><p data-path-to-node=\"5,0,0\"><b data-path-to-node=\"5,0,0\" data-index-in-node=\"0\">Yleisyys:<\/b> Nivustyr\u00e4\u00e4 esiintyy muutamalla prosentilla lapsista.<\/p><\/li><li><p data-path-to-node=\"5,1,0\"><b data-path-to-node=\"5,1,0\" data-index-in-node=\"0\">Kenell\u00e4 se ilmenee:<\/b> Pojilla tyr\u00e4 on noin kuusi kertaa yleisempi kuin tyt\u00f6ill\u00e4.<\/p><\/li><li><p data-path-to-node=\"5,2,0\"><b data-path-to-node=\"5,2,0\" data-index-in-node=\"0\">Sijainti:<\/b> Tyr\u00e4 on tyypillisesti oikealla puolella, mutta noin 10 prosentilla lapsista se on molemminpuolinen.<\/p><\/li><li><p data-path-to-node=\"5,3,0\"><b data-path-to-node=\"5,3,0\" data-index-in-node=\"0\">Lapsilla tyypillinen muoto:<\/b> Lapsilla esiintyv\u00e4 tyr\u00e4 on l\u00e4hes aina niin sanottu ep\u00e4suora tyr\u00e4; aikuisten suora nivustyr\u00e4 on lapsilla eritt\u00e4in harvinainen.<\/p><\/li><\/ul><h3 data-path-to-node=\"6\">Oireet ja tunnistaminen<\/h3><p data-path-to-node=\"7\">Nivustyr\u00e4 n\u00e4kyy usein <b data-path-to-node=\"7\" data-index-in-node=\"22\">kivuttomana kohoumana tai pattina<\/b> nivustaipeessa.<\/p><ul data-path-to-node=\"8\"><li><p data-path-to-node=\"8,0,0\"><b data-path-to-node=\"8,0,0\" data-index-in-node=\"0\">Vastaanotolla:<\/b> Tyr\u00e4 saattaa n\u00e4ky\u00e4 ja tuntua l\u00e4\u00e4k\u00e4rin tutkimuksessa, jolloin se on yleens\u00e4 helposti painettavissa takaisin vatsaonteloon.<\/p><\/li><li><p data-path-to-node=\"8,1,0\"><b data-path-to-node=\"8,1,0\" data-index-in-node=\"0\">Kotiolosuhteissa:<\/b> Usein tyr\u00e4 tulee esiin vain lapsen itkiess\u00e4 tai ponnistellessa. Vaikka tyr\u00e4 ei l\u00e4\u00e4k\u00e4rin vastaanotolla juuri sill\u00e4 hetkell\u00e4 n\u00e4kyisik\u00e4\u00e4n, vanhempien havainto ajoittaisesta kohoumasta riitt\u00e4\u00e4 yleens\u00e4 diagnoosin tekemiseen.<\/p><\/li><\/ul><h3 data-path-to-node=\"9\">Tyr\u00e4n kuroutuminen<\/h3><p data-path-to-node=\"10\">Nivustyr\u00e4\u00e4n liittyy kuroutumisriski, jolloin tyr\u00e4pussiin ty\u00f6ntynyt elin j\u00e4\u00e4 puristuksiin.<\/p><ul data-path-to-node=\"11\"><li><p data-path-to-node=\"11,0,0\"><b data-path-to-node=\"11,0,0\" data-index-in-node=\"0\">Vauvat:<\/b> Alle vuoden ik\u00e4isill\u00e4 lapsilla kuroutumisriski on suurin (jopa 25 %).<\/p><\/li><li><p data-path-to-node=\"11,1,0\"><b data-path-to-node=\"11,1,0\" data-index-in-node=\"0\">Leikki-ik\u00e4iset ja vanhemmat:<\/b> Yli vuoden ik\u00e4isill\u00e4 riski laskee merkitt\u00e4v\u00e4sti ja on alle 10 %.<\/p><\/li><\/ul><blockquote data-path-to-node=\"12\"><p data-path-to-node=\"12,0\"><b data-path-to-node=\"12,0\" data-index-in-node=\"0\">Huom!<\/b> Jos nivustaipeen patti muuttuu kivuliaaksi, kovaksi tai se ei mene painamalla takaisin, ota v\u00e4litt\u00f6m\u00e4sti yhteytt\u00e4 p\u00e4ivystykseen<\/p><\/blockquote><h3 data-path-to-node=\"13\">Hoito: Leikkaus on ainoa hoitomuoto<\/h3><p data-path-to-node=\"14\">Lapsen nivustyr\u00e4 ei parane itsest\u00e4\u00e4n, joten se hoidetaan aina leikkauksella kuroutumisriskin v\u00e4ltt\u00e4miseksi.<\/p><ul data-path-to-node=\"15\"><li><p data-path-to-node=\"15,0,0\"><b data-path-to-node=\"15,0,0\" data-index-in-node=\"0\">Toimenpide:<\/b> Leikkaus tehd\u00e4\u00e4n nivustaipeeseen teht\u00e4v\u00e4st\u00e4 pienest\u00e4 viillosta.<\/p><\/li><li><p data-path-to-node=\"15,1,0\"><b data-path-to-node=\"15,1,0\" data-index-in-node=\"0\">Mit\u00e4 tehd\u00e4\u00e4n:<\/b> Avoinna oleva yhteys suljetaan sulavalla ompeleella.<\/p><\/li><li><p data-path-to-node=\"15,2,0\"><b data-path-to-node=\"15,2,0\" data-index-in-node=\"0\">Toipuminen:<\/b> Lapsilla ei tarvita aikuisten leikkauksista tuttua tyr\u00e4verkkoa tai muita erillisi\u00e4 vahvistuksia, ja toipuminen on yleens\u00e4 nopeaa.<\/p><\/li><\/ul>\t\t\t\t\t\t\t\t<\/div>\n\t\t\t\t<\/div>\n\t\t\t\t\t<\/div>\n\t\t\t\t<\/div>\n\t\t<div class=\"elementor-element elementor-element-3c48674 e-flex e-con-boxed e-con e-parent\" data-id=\"3c48674\" data-element_type=\"container\" data-e-type=\"container\">\n\t\t\t\t\t<div class=\"e-con-inner\">\n\t\t\t\t<div class=\"elementor-element elementor-element-d28926f elementor-widget elementor-widget-image\" data-id=\"d28926f\" data-element_type=\"widget\" data-e-type=\"widget\" data-widget_type=\"image.default\">\n\t\t\t\t<div class=\"elementor-widget-container\">\n\t\t\t\t\t\t\t\t\t\t\t\t\t\t\t<img fetchpriority=\"high\" decoding=\"async\" width=\"819\" height=\"457\" src=\"https:\/\/lastenkirurgia.fi\/wp-content\/uploads\/2026\/04\/nivustyra.webp\" class=\"attachment-large size-large wp-image-1746\" alt=\"\" srcset=\"https:\/\/lastenkirurgia.fi\/wp-content\/uploads\/2026\/04\/nivustyra.webp 819w, https:\/\/lastenkirurgia.fi\/wp-content\/uploads\/2026\/04\/nivustyra-300x167.webp 300w, https:\/\/lastenkirurgia.fi\/wp-content\/uploads\/2026\/04\/nivustyra-768x429.webp 768w, https:\/\/lastenkirurgia.fi\/wp-content\/uploads\/2026\/04\/nivustyra-18x10.webp 18w\" sizes=\"(max-width: 819px) 100vw, 819px\" \/>\t\t\t\t\t\t\t\t\t\t\t\t\t\t\t<\/div>\n\t\t\t\t<\/div>\n\t\t\t\t<div class=\"elementor-element elementor-element-f1cdb99 elementor-widget elementor-widget-text-editor\" data-id=\"f1cdb99\" data-element_type=\"widget\" data-e-type=\"widget\" data-widget_type=\"text-editor.default\">\n\t\t\t\t<div class=\"elementor-widget-container\">\n\t\t\t\t\t\t\t\t\t<p>Duodecim-artikkeli lapsen nivustyr\u00e4leikkauksesta<\/p><p><a href=\"https:\/\/www.duodecimlehti.fi\/duo14844\" target=\"_blank\" rel=\"noopener\">https:\/\/www.duodecimlehti.fi\/duo14844<\/a><\/p><p>Terveyskirjaston artikkeli lasten tyrist\u00e4<\/p><p><a href=\"https:\/\/www.terveyskirjasto.fi\/dlk00532\" target=\"_blank\" rel=\"noopener\">https:\/\/www.terveyskirjasto.fi\/dlk00532<\/a><\/p><p>Boston Childrens Hospitalin artikkeli<\/p><p><a href=\"https:\/\/www.childrenshospital.org\/conditions-treatments\/inguinal-hernia\" target=\"_blank\" rel=\"noopener\">https:\/\/www.childrenshospital.org\/conditions-treatments\/inguinal-hernia<\/a><\/p><p>\u00a0<\/p>\t\t\t\t\t\t\t\t<\/div>\n\t\t\t\t<\/div>\n\t\t\t\t\t<\/div>\n\t\t\t\t<\/div>\n\t\t\t\t<\/div>\n\t\t","protected":false},"excerpt":{"rendered":"<p>\u00a0 Lasten nivustyr\u00e4 \u2013 tietoa ja hoito-ohjeita Nivustyr\u00e4 on lapsilla yleisin kirurgista hoitoa vaativa vaiva. Nivustyr\u00e4ss\u00e4 siki\u00f6aikainen yhteys vatsaontelon ja nivuskanavan v\u00e4lill\u00e4 ei ole sulkeutunut normaalisti. T\u00e4ll\u00f6in vatsaontelosta voi ty\u00f6nty\u00e4 nivuskanavaan suolta, vatsapaitaa tai tyt\u00f6ill\u00e4 munasarja, mik\u00e4 n\u00e4kyy ulosp\u00e4in pullistumana. \u00a0 Perustietoa nivustyr\u00e4st\u00e4 Yleisyys: Nivustyr\u00e4\u00e4 esiintyy muutamalla prosentilla lapsista. Kenell\u00e4 se ilmenee: Pojilla tyr\u00e4 on [&hellip;]<\/p>\n","protected":false},"author":1,"featured_media":0,"parent":0,"menu_order":0,"comment_status":"closed","ping_status":"closed","template":"","meta":{"_angie_page":false,"site-sidebar-layout":"no-sidebar","site-content-layout":"page-builder","ast-site-content-layout":"full-width-container","site-content-style":"default","site-sidebar-style":"default","ast-global-header-display":"","ast-banner-title-visibility":"","ast-main-header-display":"","ast-hfb-above-header-display":"","ast-hfb-below-header-display":"","ast-hfb-mobile-header-display":"","site-post-title":"","ast-breadcrumbs-content":"","ast-featured-img":"disabled","footer-sml-layout":"","ast-disable-related-posts":"","theme-transparent-header-meta":"","adv-header-id-meta":"","stick-header-meta":"","header-above-stick-meta":"","header-main-stick-meta":"","header-below-stick-meta":"","astra-migrate-meta-layouts":"set","ast-page-background-enabled":"default","ast-page-background-meta":{"desktop":{"background-color":"","background-image":"","background-repeat":"repeat","background-position":"center center","background-size":"auto","background-attachment":"scroll","background-type":"","background-media":"","overlay-type":"","overlay-color":"","overlay-opacity":"","overlay-gradient":""},"tablet":{"background-color":"","background-image":"","background-repeat":"repeat","background-position":"center center","background-size":"auto","background-attachment":"scroll","background-type":"","background-media":"","overlay-type":"","overlay-color":"","overlay-opacity":"","overlay-gradient":""},"mobile":{"background-color":"","background-image":"","background-repeat":"repeat","background-position":"center center","background-size":"auto","background-attachment":"scroll","background-type":"","background-media":"","overlay-type":"","overlay-color":"","overlay-opacity":"","overlay-gradient":""}},"ast-content-background-meta":{"desktop":{"background-color":"var(--ast-global-color-5)","background-image":"","background-repeat":"repeat","background-position":"center center","background-size":"auto","background-attachment":"scroll","background-type":"","background-media":"","overlay-type":"","overlay-color":"","overlay-opacity":"","overlay-gradient":""},"tablet":{"background-color":"var(--ast-global-color-5)","background-image":"","background-repeat":"repeat","background-position":"center center","background-size":"auto","background-attachment":"scroll","background-type":"","background-media":"","overlay-type":"","overlay-color":"","overlay-opacity":"","overlay-gradient":""},"mobile":{"background-color":"var(--ast-global-color-5)","background-image":"","background-repeat":"repeat","background-position":"center center","background-size":"auto","background-attachment":"scroll","background-type":"","background-media":"","overlay-type":"","overlay-color":"","overlay-opacity":"","overlay-gradient":""}},"footnotes":""},"class_list":["post-1358","page","type-page","status-publish","hentry"],"_links":{"self":[{"href":"https:\/\/lastenkirurgia.fi\/sv\/wp-json\/wp\/v2\/pages\/1358","targetHints":{"allow":["GET"]}}],"collection":[{"href":"https:\/\/lastenkirurgia.fi\/sv\/wp-json\/wp\/v2\/pages"}],"about":[{"href":"https:\/\/lastenkirurgia.fi\/sv\/wp-json\/wp\/v2\/types\/page"}],"author":[{"embeddable":true,"href":"https:\/\/lastenkirurgia.fi\/sv\/wp-json\/wp\/v2\/users\/1"}],"replies":[{"embeddable":true,"href":"https:\/\/lastenkirurgia.fi\/sv\/wp-json\/wp\/v2\/comments?post=1358"}],"version-history":[{"count":29,"href":"https:\/\/lastenkirurgia.fi\/sv\/wp-json\/wp\/v2\/pages\/1358\/revisions"}],"predecessor-version":[{"id":1753,"href":"https:\/\/lastenkirurgia.fi\/sv\/wp-json\/wp\/v2\/pages\/1358\/revisions\/1753"}],"wp:attachment":[{"href":"https:\/\/lastenkirurgia.fi\/sv\/wp-json\/wp\/v2\/media?parent=1358"}],"curies":[{"name":"wp","href":"https:\/\/api.w.org\/{rel}","templated":true}]}}