{"id":1362,"date":"2026-04-09T13:49:04","date_gmt":"2026-04-09T13:49:04","guid":{"rendered":"https:\/\/darkcyan-pheasant-754087.hostingersite.com\/?page_id=1362"},"modified":"2026-04-17T05:55:49","modified_gmt":"2026-04-17T05:55:49","slug":"lapsen-napatyraleikkaus","status":"publish","type":"page","link":"https:\/\/lastenkirurgia.fi\/sv\/lapsen-napatyraleikkaus\/","title":{"rendered":"Navelbr\u00e5ckskirurgi f\u00f6r barn"},"content":{"rendered":"<div data-elementor-type=\"wp-page\" data-elementor-id=\"1362\" class=\"elementor elementor-1362\" data-elementor-post-type=\"page\">\n\t\t\t\t<div class=\"elementor-element elementor-element-4ad61e1 e-flex e-con-boxed e-con e-parent\" data-id=\"4ad61e1\" data-element_type=\"container\" data-e-type=\"container\">\n\t\t\t\t\t<div class=\"e-con-inner\">\n\t\t\t\t<div class=\"elementor-element elementor-element-e13034b elementor-widget elementor-widget-image\" data-id=\"e13034b\" data-element_type=\"widget\" data-e-type=\"widget\" data-widget_type=\"image.default\">\n\t\t\t\t<div class=\"elementor-widget-container\">\n\t\t\t\t\t\t\t\t\t\t\t\t\t\t\t<img fetchpriority=\"high\" decoding=\"async\" width=\"768\" height=\"428\" src=\"https:\/\/lastenkirurgia.fi\/wp-content\/uploads\/2026\/04\/napatyra-1-768x428.webp\" class=\"attachment-medium_large size-medium_large wp-image-1732\" alt=\"\" srcset=\"https:\/\/lastenkirurgia.fi\/wp-content\/uploads\/2026\/04\/napatyra-1-768x428.webp 768w, https:\/\/lastenkirurgia.fi\/wp-content\/uploads\/2026\/04\/napatyra-1-300x167.webp 300w, https:\/\/lastenkirurgia.fi\/wp-content\/uploads\/2026\/04\/napatyra-1-18x10.webp 18w, https:\/\/lastenkirurgia.fi\/wp-content\/uploads\/2026\/04\/napatyra-1.webp 816w\" sizes=\"(max-width: 768px) 100vw, 768px\" \/>\t\t\t\t\t\t\t\t\t\t\t\t\t\t\t<\/div>\n\t\t\t\t<\/div>\n\t\t\t\t<div class=\"elementor-element elementor-element-84766cf elementor-widget elementor-widget-text-editor\" data-id=\"84766cf\" data-element_type=\"widget\" data-e-type=\"widget\" data-widget_type=\"text-editor.default\">\n\t\t\t\t<div class=\"elementor-widget-container\">\n\t\t\t\t\t\t\t\t\t<h2 data-path-to-node=\"2\">Navelbr\u00e5ck hos barn \u2013 information och behandlingsanvisningar<\/h2><p data-path-to-node=\"3\">Navelbr\u00e5ck \u00e4r ett mycket vanligt och n\u00e4stan alltid ofarligt tillst\u00e5nd hos barn. Det visar sig som en mjuk utbuktning n\u00e4ra naveln, som blir mer uttalad n\u00e4r barnet gr\u00e5ter, skrattar eller anstr\u00e4nger sig.<\/p><h3 data-path-to-node=\"4\">Varf\u00f6r uppst\u00e5r ett navelbr\u00e5ck?<\/h3><p data-path-to-node=\"5\">Ett navelbr\u00e5ck uppst\u00e5r n\u00e4r \u00f6ppningen f\u00f6r navelstr\u00e4ngen i bukv\u00e4ggen inte st\u00e4ngs helt efter f\u00f6rlossningen. Detta g\u00f6r att bukh\u00e5lans inneh\u00e5ll (vanligtvis fett eller tarmar) kan sticka ut genom \u00f6ppningen under huden och bilda en synlig s\u00e4ck.<\/p><h3 data-path-to-node=\"6\">Uppf\u00f6ljning: De flesta navelbr\u00e5ck l\u00e4ker av sig sj\u00e4lva<\/h3><p data-path-to-node=\"7\">Till skillnad fr\u00e5n ett ljumskbr\u00e5ck l\u00e4ker ett navelbr\u00e5ck hos ett barn oftast utan behandling.<\/p><ul data-path-to-node=\"8\"><li><p data-path-to-node=\"8,0,0\"><b data-path-to-node=\"8,0,0\" data-index-in-node=\"0\">Sj\u00e4lvst\u00e4ngande:<\/b> Majoriteten av navelbr\u00e5ck sluter sig allt eftersom barnet v\u00e4xer och magmusklerna st\u00e4rks.<\/p><\/li><li><p data-path-to-node=\"8,1,0\"><b data-path-to-node=\"8,1,0\" data-index-in-node=\"0\">4 \u00e5r gammal:<\/b> I Finland \u00f6vervakas navelbr\u00e5ck vanligtvis <b data-path-to-node=\"8,1,0\" data-index-in-node=\"55\">Upp till 4 \u00e5rs \u00e5lder<\/b>. Om br\u00e5cks\u00e4cken fortfarande \u00e4r \u00f6ppen efter detta \u00e4r det osannolikt att den st\u00e4ngs av sig sj\u00e4lv, och operation kan \u00f6verv\u00e4gas.<\/p><\/li><li><p data-path-to-node=\"8,2,0\"><b data-path-to-node=\"8,2,0\" data-index-in-node=\"0\">Inget behov av tejpning:<\/b> Tejpning av ett navelbr\u00e5ck eller \u201dknappbehandlingar\u201d p\u00e5skyndar inte st\u00e4ngningen av \u00f6ppningen och rekommenderas inte.<\/p><\/li><\/ul><h3 data-path-to-node=\"9\">N\u00e4r \u00e4r kirurgi n\u00f6dv\u00e4ndig?<\/h3><p data-path-to-node=\"10\">Ett navelbr\u00e5ck opereras vanligtvis bara under barndomen (\u00f6ver 4 \u00e5r) om:<\/p><ul data-path-to-node=\"11\"><li><p data-path-to-node=\"11,0,0\">Br\u00e5ckporten \u00e4r fortfarande tydligt \u00f6ppen.<\/p><\/li><li><p data-path-to-node=\"11,1,0\">Br\u00e5cken \u00e4r stor eller orsakar kosmetiska skador.<\/p><\/li><li><p data-path-to-node=\"11,2,0\">Br\u00e5cket orsakar sm\u00e4rta hos barnet (s\u00e4llsynt).<\/p><\/li><\/ul><p data-path-to-node=\"12\"><b data-path-to-node=\"12\" data-index-in-node=\"0\">Notera!<\/b> Inkl\u00e4mda navelbr\u00e5ck \u00e4r extremt ovanliga hos barn. Men om naveln pl\u00f6tsligt blir sm\u00e4rtsam, h\u00e5rd eller r\u00f6d b\u00f6r du omedelbart s\u00f6ka l\u00e4karv\u00e5rd.<\/p><hr data-path-to-node=\"13\" \/><h3 data-path-to-node=\"14\">Navelbr\u00e5ckkirurgi och \u00e5terh\u00e4mtning<\/h3><p data-path-to-node=\"15\">Om ditt barn har best\u00e4mt sig f\u00f6r att genomg\u00e5 en navelbr\u00e5cksoperation \u00e4r ingreppet rutinm\u00e4ssigt och s\u00e4kert.<\/p><p data-path-to-node=\"16\"><b data-path-to-node=\"16\" data-index-in-node=\"0\">F\u00f6re operation:<\/b><\/p><ul data-path-to-node=\"17\"><li><p data-path-to-node=\"17,0,0\">Operationen utf\u00f6rs som ett dagkirurgiskt ingrepp under narkos.<\/p><\/li><li><p data-path-to-node=\"17,1,0\">Barnet m\u00e5ste vara fastande (utan att \u00e4ta eller dricka) enligt l\u00e4karens anvisningar innan det kommer till sjukhuset.<\/p><\/li><\/ul><p data-path-to-node=\"18\"><b data-path-to-node=\"18\" data-index-in-node=\"0\">F\u00f6rfarande:<\/b><\/p><ul data-path-to-node=\"19\"><li><p data-path-to-node=\"19,0,0\">Kirurgen g\u00f6r ett litet, b\u00f6jt snitt l\u00e4ngst ner p\u00e5 naveln.<\/p><\/li><li><p data-path-to-node=\"19,1,0\">Br\u00e5cks\u00e4cken dr\u00e4neras och \u00f6ppningen i bukv\u00e4ggen f\u00f6rsluts vanligtvis med uppl\u00f6sliga suturer. Br\u00e5ckn\u00e4t, som anv\u00e4nds hos vuxna, \u00e4r inte n\u00f6dv\u00e4ndiga hos barn.<\/p><\/li><li><p data-path-to-node=\"19,2,0\">Navelbasen \u00e4r \u00e5terf\u00e4stad, vilket ger en snygg och naturlig finish.<\/p><\/li><\/ul><p data-path-to-node=\"20\"><b data-path-to-node=\"20\" data-index-in-node=\"0\">Hemv\u00e5rd och \u00e5terh\u00e4mtning:<\/b><\/p><ul data-path-to-node=\"21\"><li><p data-path-to-node=\"21,0,0\"><b data-path-to-node=\"21,0,0\" data-index-in-node=\"0\">Sm\u00e4rtlindring:<\/b> Efter operationen kommer barnet att f\u00e5 regelbundna sm\u00e4rtstillande medel (t.ex. paracetamol eller ibuprofen) i n\u00e5gra dagar.<\/p><\/li><li><p data-path-to-node=\"21,1,0\"><b data-path-to-node=\"21,1,0\" data-index-in-node=\"0\">S\u00e5rv\u00e5rd:<\/b> S\u00e5ret har vanligtvis uppl\u00f6sliga stygn som inte beh\u00f6ver tas bort. S\u00e5ret h\u00e5lls rent och torrt enligt anvisningarna. Du kan vanligtvis duscha efter 24 timmar.<\/p><\/li><li><p data-path-to-node=\"21,2,0\"><b data-path-to-node=\"21,2,0\" data-index-in-node=\"0\">Ut\u00f6va:<\/b> L\u00e4tt tr\u00e4ning \u00e4r till\u00e5ten omedelbart, men anstr\u00e4ngande tr\u00e4ning, sport och simning b\u00f6r undvikas i cirka 1-2 veckor, beroende p\u00e5 barnets \u00e5lder, f\u00f6r att l\u00e5ta s\u00e5ret l\u00e4ka i lugn och ro.<\/p><\/li><\/ul><p>L\u00e4nk till h\u00e4lsobiblioteket<\/p><p><a href=\"https:\/\/www.terveyskirjasto.fi\/dlk00532\" target=\"_blank\" rel=\"noopener\">https:\/\/www.terveyskirjasto.fi\/dlk00532<\/a><\/p><p>Duodecim-artikeln<\/p><p><a href=\"https:\/\/www.duodecimlehti.fi\/duo97005\" target=\"_blank\" rel=\"noopener\">https:\/\/www.duodecimlehti.fi\/duo97005<\/a><\/p><p>Philadelphia CH-l\u00e4nk<\/p><p><a href=\"https:\/\/www.chop.edu\/conditions-diseases\/umbilical-hernia\" target=\"_blank\" rel=\"noopener\">https:\/\/www.chop.edu\/conditions-diseases\/umbilical-hernia<\/a><\/p>\t\t\t\t\t\t\t\t<\/div>\n\t\t\t\t<\/div>\n\t\t\t\t\t<\/div>\n\t\t\t\t<\/div>\n\t\t\t\t<\/div>","protected":false},"excerpt":{"rendered":"<p>Lapsen napatyr\u00e4 \u2013 tietoa ja hoito-ohjeita Napatyr\u00e4 on lapsilla hyvin yleinen ja l\u00e4hes aina vaaraton vaiva. Se n\u00e4kyy navan kohdalla olevana pehme\u00e4n\u00e4 pullistumana, joka korostuu lapsen itkiess\u00e4, nauraessa tai ponnistellessa. Miksi napatyr\u00e4 syntyy? Napatyr\u00e4 johtuu siit\u00e4, ett\u00e4 napanuoran kulkuaukko vatsanpeitteiss\u00e4 ei ole sulkeutunut t\u00e4ydellisesti syntym\u00e4n j\u00e4lkeen. T\u00e4ll\u00f6in vatsaontelon sis\u00e4lt\u00f6\u00e4 (yleens\u00e4 rasvakerrosta tai suolta) p\u00e4\u00e4see ty\u00f6ntym\u00e4\u00e4n [&hellip;]<\/p>\n","protected":false},"author":1,"featured_media":0,"parent":0,"menu_order":0,"comment_status":"closed","ping_status":"closed","template":"","meta":{"_angie_page":false,"site-sidebar-layout":"no-sidebar","site-content-layout":"page-builder","ast-site-content-layout":"full-width-container","site-content-style":"default","site-sidebar-style":"default","ast-global-header-display":"","ast-banner-title-visibility":"","ast-main-header-display":"","ast-hfb-above-header-display":"","ast-hfb-below-header-display":"","ast-hfb-mobile-header-display":"","site-post-title":"","ast-breadcrumbs-content":"","ast-featured-img":"disabled","footer-sml-layout":"","ast-disable-related-posts":"","theme-transparent-header-meta":"","adv-header-id-meta":"","stick-header-meta":"","header-above-stick-meta":"","header-main-stick-meta":"","header-below-stick-meta":"","astra-migrate-meta-layouts":"set","ast-page-background-enabled":"default","ast-page-background-meta":{"desktop":{"background-color":"","background-image":"","background-repeat":"repeat","background-position":"center center","background-size":"auto","background-attachment":"scroll","background-type":"","background-media":"","overlay-type":"","overlay-color":"","overlay-opacity":"","overlay-gradient":""},"tablet":{"background-color":"","background-image":"","background-repeat":"repeat","background-position":"center center","background-size":"auto","background-attachment":"scroll","background-type":"","background-media":"","overlay-type":"","overlay-color":"","overlay-opacity":"","overlay-gradient":""},"mobile":{"background-color":"","background-image":"","background-repeat":"repeat","background-position":"center center","background-size":"auto","background-attachment":"scroll","background-type":"","background-media":"","overlay-type":"","overlay-color":"","overlay-opacity":"","overlay-gradient":""}},"ast-content-background-meta":{"desktop":{"background-color":"var(--ast-global-color-5)","background-image":"","background-repeat":"repeat","background-position":"center center","background-size":"auto","background-attachment":"scroll","background-type":"","background-media":"","overlay-type":"","overlay-color":"","overlay-opacity":"","overlay-gradient":""},"tablet":{"background-color":"var(--ast-global-color-5)","background-image":"","background-repeat":"repeat","background-position":"center center","background-size":"auto","background-attachment":"scroll","background-type":"","background-media":"","overlay-type":"","overlay-color":"","overlay-opacity":"","overlay-gradient":""},"mobile":{"background-color":"var(--ast-global-color-5)","background-image":"","background-repeat":"repeat","background-position":"center center","background-size":"auto","background-attachment":"scroll","background-type":"","background-media":"","overlay-type":"","overlay-color":"","overlay-opacity":"","overlay-gradient":""}},"footnotes":""},"class_list":["post-1362","page","type-page","status-publish","hentry"],"_links":{"self":[{"href":"https:\/\/lastenkirurgia.fi\/sv\/wp-json\/wp\/v2\/pages\/1362","targetHints":{"allow":["GET"]}}],"collection":[{"href":"https:\/\/lastenkirurgia.fi\/sv\/wp-json\/wp\/v2\/pages"}],"about":[{"href":"https:\/\/lastenkirurgia.fi\/sv\/wp-json\/wp\/v2\/types\/page"}],"author":[{"embeddable":true,"href":"https:\/\/lastenkirurgia.fi\/sv\/wp-json\/wp\/v2\/users\/1"}],"replies":[{"embeddable":true,"href":"https:\/\/lastenkirurgia.fi\/sv\/wp-json\/wp\/v2\/comments?post=1362"}],"version-history":[{"count":17,"href":"https:\/\/lastenkirurgia.fi\/sv\/wp-json\/wp\/v2\/pages\/1362\/revisions"}],"predecessor-version":[{"id":1739,"href":"https:\/\/lastenkirurgia.fi\/sv\/wp-json\/wp\/v2\/pages\/1362\/revisions\/1739"}],"wp:attachment":[{"href":"https:\/\/lastenkirurgia.fi\/sv\/wp-json\/wp\/v2\/media?parent=1362"}],"curies":[{"name":"wp","href":"https:\/\/api.w.org\/{rel}","templated":true}]}}