{"id":1368,"date":"2026-04-09T13:50:07","date_gmt":"2026-04-09T13:50:07","guid":{"rendered":"https:\/\/darkcyan-pheasant-754087.hostingersite.com\/?page_id=1368"},"modified":"2026-04-12T16:03:31","modified_gmt":"2026-04-12T16:03:31","slug":"lapsen-kynsivallintulehduksen-hoito","status":"publish","type":"page","link":"https:\/\/lastenkirurgia.fi\/sv\/lapsen-kynsivallintulehduksen-hoito\/","title":{"rendered":"Behandling av onykomykos hos ett barn"},"content":{"rendered":"<div data-elementor-type=\"wp-page\" data-elementor-id=\"1368\" class=\"elementor elementor-1368\" data-elementor-post-type=\"page\">\n\t\t\t\t<div class=\"elementor-element elementor-element-b7f5ba2 e-flex e-con-boxed e-con e-parent\" data-id=\"b7f5ba2\" data-element_type=\"container\" data-e-type=\"container\">\n\t\t\t\t\t<div class=\"e-con-inner\">\n\t\t\t\t<div class=\"elementor-element elementor-element-ddd71c0 elementor-widget elementor-widget-text-editor\" data-id=\"ddd71c0\" data-element_type=\"widget\" data-e-type=\"widget\" data-widget_type=\"text-editor.default\">\n\t\t\t\t<div class=\"elementor-widget-container\">\n\t\t\t\t\t\t\t\t\t<h2 data-path-to-node=\"2\">Lapsen kynsivallintulehdus \u2013 kotihoito-ohje<\/h2><p data-path-to-node=\"3\">Kynsivallintulehdus on yleinen vaiva, joka syntyy, kun bakteerit p\u00e4\u00e4sev\u00e4t ihon sis\u00e4\u00e4n esimerkiksi kynnen pureskelun, kynsinauhan repimisen tai pienen haavan seurauksena. Varpaissa syyn\u00e4 on usein liian tiukka kenk\u00e4 (tai sukka) tai v\u00e4\u00e4rin leikattu kynsi.<\/p><h3 data-path-to-node=\"4\">1. Ensiapu ja kotihoito: Kylvetykset<\/h3><p data-path-to-node=\"5\">T\u00e4rkein hoito kynsivallintulehduksen alkuvaiheessa on s\u00e4\u00e4nn\u00f6llinen ja huolellinen puhdistus.<\/p><ul data-path-to-node=\"6\"><li><p data-path-to-node=\"6,0,0\"><b data-path-to-node=\"6,0,0\" data-index-in-node=\"0\">L\u00e4mpim\u00e4t kylvyt:<\/b> Liota tulehtunutta sormea tai varvasta haaleassa vedess\u00e4 (voit k\u00e4ytt\u00e4\u00e4 mietoa saippuaa tai suolavett\u00e4) <b data-path-to-node=\"6,0,0\" data-index-in-node=\"120\">15\u201320 minuuttia 3\u20134 kertaa p\u00e4iv\u00e4ss\u00e4<\/b>.<\/p><\/li><li><p data-path-to-node=\"6,1,0\"><b data-path-to-node=\"6,1,0\" data-index-in-node=\"0\">Mekaaninen puhdistus:<\/b> Kylvyn aikana voit yritt\u00e4\u00e4 hell\u00e4sti painella tai pyyhki\u00e4 tulehtunutta aluetta, jotta mahdollinen m\u00e4t\u00e4 p\u00e4\u00e4see purkautumaan ulos kynnen ja ihon v\u00e4list\u00e4.<\/p><\/li><li><p data-path-to-node=\"6,2,0\"><b data-path-to-node=\"6,2,0\" data-index-in-node=\"0\">l\u00e4\u00e4kevoide:<\/b> Kylvyn j\u00e4lkeen voit levitt\u00e4\u00e4 alueelle apteekista saatavaa voidetta (esim. Bacibact) ja suojata alueen puhtaalla laastarilla.<\/p><\/li><\/ul><h3 data-path-to-node=\"7\">2. Miten v\u00e4ltt\u00e4\u00e4 vaiva jatkossa?<\/h3><ul data-path-to-node=\"8\"><li><p data-path-to-node=\"8,0,0\"><b data-path-to-node=\"8,0,0\" data-index-in-node=\"0\">Oikea leikkaus:<\/b> Leikkaa kynnet suoraan, \u00e4l\u00e4 py\u00f6rist\u00e4 kulmia liikaa (erityisesti varpaissa). T\u00e4m\u00e4 ehk\u00e4isee kynnen kasvamista ihon sis\u00e4\u00e4n.<\/p><\/li><li><p data-path-to-node=\"8,1,0\"><b data-path-to-node=\"8,1,0\" data-index-in-node=\"0\">Kynsien pureskelu:<\/b> Pyrkik\u00e4\u00e4 lopettamaan kynsien tai kynsinauhojen pureskelu ja repiminen.<\/p><\/li><li><p data-path-to-node=\"8,2,0\"><b data-path-to-node=\"8,2,0\" data-index-in-node=\"0\">Keng\u00e4t:<\/b> Varmista, ett\u00e4 lapsen keng\u00e4t ja sukat ovat riitt\u00e4v\u00e4n tilavat.<\/p><\/li><\/ul><hr data-path-to-node=\"9\" \/><h3 data-path-to-node=\"10\">3. Milloin l\u00e4\u00e4k\u00e4riin?<\/h3><p data-path-to-node=\"11\">Vaikka kotihoito tepsii usein nopeasti, on tietyiss\u00e4 tilanteissa hakeuduttava l\u00e4\u00e4k\u00e4rin arvioon:<\/p><ul data-path-to-node=\"12\"><li style=\"list-style-type: none;\"><ul data-path-to-node=\"12\"><li><p data-path-to-node=\"12,0,0\"><b data-path-to-node=\"12,0,0\" data-index-in-node=\"0\">M\u00e4rk\u00e4paise:<\/b> Jos kynsivallin alle muodostuu selke\u00e4, kellert\u00e4v\u00e4 m\u00e4rk\u00e4paise, l\u00e4\u00e4k\u00e4ri voi joutua avaamaan sen (insisio) pienell\u00e4 pistolla, jotta paine helpottaa ja tulehdus paranee.<\/p><\/li><li><p data-path-to-node=\"12,1,0\"><b data-path-to-node=\"12,1,0\" data-index-in-node=\"0\">Tulehdus levi\u00e4\u00e4:<\/b> Punotus ja turvotus alkavat levit\u00e4 sormen tai varpaan tyve\u00e4 kohti tai k\u00e4mmenen\/jalkap\u00f6yd\u00e4n puolelle.<\/p><\/li><li><p data-path-to-node=\"12,2,0\"><b data-path-to-node=\"12,2,0\" data-index-in-node=\"0\">Kova kipu:<\/b> Lapsi ei pysty nukkumaan kivun vuoksi tai kipu on muutoin h\u00e4iritsev\u00e4\u00e4<\/p><\/li><li><p data-path-to-node=\"12,3,0\"><b data-path-to-node=\"12,3,0\" data-index-in-node=\"0\">Kuume:<\/b> Lapselle nousee kuumetta tulehduksen yhteydess\u00e4.<\/p><\/li><li><p data-path-to-node=\"12,4,0\"><b data-path-to-node=\"12,4,0\" data-index-in-node=\"0\">Ei parane:<\/b> Tilanne ei ala helpottamaan 2\u20133 p\u00e4iv\u00e4n huolellisesta kotihoidosta huolimatta.<\/p><\/li><\/ul><\/li><\/ul><div class=\"attachment-container search-images\"><div class=\"image-container ng-star-inserted\" data-full-size-image-uri=\"https:\/\/encrypted-tbn2.gstatic.com\/licensed-image?q=tbn:ANd9GcQ24juu2z9gCY9-uRpjTDTtNGDQYZpc_yb_s44bfmapOHo3GfoUNMi4ec7SG1OAY1K2Xy2N4XVT7OptihwBIQdl8UuEEXCTeLxEWEtrcPIHJ4MbBwA\"><div class=\"overlay-container ng-star-inserted\">\u00a0<\/div><\/div><\/div><hr data-path-to-node=\"14\" \/><h3 data-path-to-node=\"15\">Erityishuomio: Sis\u00e4\u00e4nkasvanut kynsi<\/h3><p data-path-to-node=\"16\">Jos tulehdus toistuu samassa varpaassa ja kynsi kasvaa selv\u00e4sti ihon sis\u00e4\u00e4n, saattaa kyseess\u00e4 olla rakenteellinen ongelma, joka vaatii joskus pienen kirurgisen toimenpiteen (kynnen kiilaekskiision). T\u00e4ss\u00e4 kynnen reunaa kavennetaan tyveen saakka puudutuksessa ( ja harvoin nukutuksessa).\u00a0<\/p>\t\t\t\t\t\t\t\t<\/div>\n\t\t\t\t<\/div>\n\t\t\t\t\t<\/div>\n\t\t\t\t<\/div>\n\t\t\t\t<\/div>","protected":false},"excerpt":{"rendered":"<p>Lapsen kynsivallintulehdus \u2013 kotihoito-ohje Kynsivallintulehdus on yleinen vaiva, joka syntyy, kun bakteerit p\u00e4\u00e4sev\u00e4t ihon sis\u00e4\u00e4n esimerkiksi kynnen pureskelun, kynsinauhan repimisen tai pienen haavan seurauksena. Varpaissa syyn\u00e4 on usein liian tiukka kenk\u00e4 (tai sukka) tai v\u00e4\u00e4rin leikattu kynsi. 1. Ensiapu ja kotihoito: Kylvetykset T\u00e4rkein hoito kynsivallintulehduksen alkuvaiheessa on s\u00e4\u00e4nn\u00f6llinen ja huolellinen puhdistus. L\u00e4mpim\u00e4t kylvyt: Liota tulehtunutta [&hellip;]<\/p>\n","protected":false},"author":1,"featured_media":0,"parent":0,"menu_order":0,"comment_status":"closed","ping_status":"closed","template":"","meta":{"_angie_page":false,"site-sidebar-layout":"no-sidebar","site-content-layout":"page-builder","ast-site-content-layout":"full-width-container","site-content-style":"default","site-sidebar-style":"default","ast-global-header-display":"","ast-banner-title-visibility":"","ast-main-header-display":"","ast-hfb-above-header-display":"","ast-hfb-below-header-display":"","ast-hfb-mobile-header-display":"","site-post-title":"","ast-breadcrumbs-content":"","ast-featured-img":"disabled","footer-sml-layout":"","ast-disable-related-posts":"","theme-transparent-header-meta":"","adv-header-id-meta":"","stick-header-meta":"","header-above-stick-meta":"","header-main-stick-meta":"","header-below-stick-meta":"","astra-migrate-meta-layouts":"set","ast-page-background-enabled":"default","ast-page-background-meta":{"desktop":{"background-color":"","background-image":"","background-repeat":"repeat","background-position":"center center","background-size":"auto","background-attachment":"scroll","background-type":"","background-media":"","overlay-type":"","overlay-color":"","overlay-opacity":"","overlay-gradient":""},"tablet":{"background-color":"","background-image":"","background-repeat":"repeat","background-position":"center center","background-size":"auto","background-attachment":"scroll","background-type":"","background-media":"","overlay-type":"","overlay-color":"","overlay-opacity":"","overlay-gradient":""},"mobile":{"background-color":"","background-image":"","background-repeat":"repeat","background-position":"center center","background-size":"auto","background-attachment":"scroll","background-type":"","background-media":"","overlay-type":"","overlay-color":"","overlay-opacity":"","overlay-gradient":""}},"ast-content-background-meta":{"desktop":{"background-color":"var(--ast-global-color-5)","background-image":"","background-repeat":"repeat","background-position":"center center","background-size":"auto","background-attachment":"scroll","background-type":"","background-media":"","overlay-type":"","overlay-color":"","overlay-opacity":"","overlay-gradient":""},"tablet":{"background-color":"var(--ast-global-color-5)","background-image":"","background-repeat":"repeat","background-position":"center center","background-size":"auto","background-attachment":"scroll","background-type":"","background-media":"","overlay-type":"","overlay-color":"","overlay-opacity":"","overlay-gradient":""},"mobile":{"background-color":"var(--ast-global-color-5)","background-image":"","background-repeat":"repeat","background-position":"center center","background-size":"auto","background-attachment":"scroll","background-type":"","background-media":"","overlay-type":"","overlay-color":"","overlay-opacity":"","overlay-gradient":""}},"footnotes":""},"class_list":["post-1368","page","type-page","status-publish","hentry"],"_links":{"self":[{"href":"https:\/\/lastenkirurgia.fi\/sv\/wp-json\/wp\/v2\/pages\/1368","targetHints":{"allow":["GET"]}}],"collection":[{"href":"https:\/\/lastenkirurgia.fi\/sv\/wp-json\/wp\/v2\/pages"}],"about":[{"href":"https:\/\/lastenkirurgia.fi\/sv\/wp-json\/wp\/v2\/types\/page"}],"author":[{"embeddable":true,"href":"https:\/\/lastenkirurgia.fi\/sv\/wp-json\/wp\/v2\/users\/1"}],"replies":[{"embeddable":true,"href":"https:\/\/lastenkirurgia.fi\/sv\/wp-json\/wp\/v2\/comments?post=1368"}],"version-history":[{"count":4,"href":"https:\/\/lastenkirurgia.fi\/sv\/wp-json\/wp\/v2\/pages\/1368\/revisions"}],"predecessor-version":[{"id":1664,"href":"https:\/\/lastenkirurgia.fi\/sv\/wp-json\/wp\/v2\/pages\/1368\/revisions\/1664"}],"wp:attachment":[{"href":"https:\/\/lastenkirurgia.fi\/sv\/wp-json\/wp\/v2\/media?parent=1368"}],"curies":[{"name":"wp","href":"https:\/\/api.w.org\/{rel}","templated":true}]}}