{"id":1370,"date":"2026-04-09T13:50:59","date_gmt":"2026-04-09T13:50:59","guid":{"rendered":"https:\/\/darkcyan-pheasant-754087.hostingersite.com\/?page_id=1370"},"modified":"2026-04-11T12:57:53","modified_gmt":"2026-04-11T12:57:53","slug":"lapsen-ihomuutoksen-poisto","status":"publish","type":"page","link":"https:\/\/lastenkirurgia.fi\/sv\/lapsen-ihomuutoksen-poisto\/","title":{"rendered":"Borttagning av ett barns hudf\u00f6r\u00e4ndring"},"content":{"rendered":"<div data-elementor-type=\"wp-page\" data-elementor-id=\"1370\" class=\"elementor elementor-1370\" data-elementor-post-type=\"page\">\n\t\t\t\t<div class=\"elementor-element elementor-element-769c94c e-flex e-con-boxed e-con e-parent\" data-id=\"769c94c\" data-element_type=\"container\" data-e-type=\"container\">\n\t\t\t\t\t<div class=\"e-con-inner\">\n\t\t\t\t<div class=\"elementor-element elementor-element-2855bef elementor-widget elementor-widget-text-editor\" data-id=\"2855bef\" data-element_type=\"widget\" data-e-type=\"widget\" data-widget_type=\"text-editor.default\">\n\t\t\t\t<div class=\"elementor-widget-container\">\n\t\t\t\t\t\t\t\t\t<h2 data-path-to-node=\"2\">Lapsen ihomuutoksen poisto \u2013 ohjeita vanhemmille<\/h2><p data-path-to-node=\"3\">Ihomuutosten, kuten luomien tai muiden pienten ihopatitien, poisto on lapsilla tavallinen toimenpide. Tavoitteenamme on tehd\u00e4 toimenpiteest\u00e4 lapselle mahdollisimman turvallinen ja v\u00e4h\u00e4n j\u00e4nnitt\u00e4v\u00e4 kokemus.<\/p><h3 data-path-to-node=\"4\">Puudutus vai nukutus?<\/h3><p data-path-to-node=\"5\">Toimenpide voidaan tehd\u00e4 joko paikallispuudutuksessa tai nukutuksessa lapsen i\u00e4st\u00e4 ja j\u00e4nnityksest\u00e4 riippuen.<\/p><ul data-path-to-node=\"6\"><li><p data-path-to-node=\"6,0,0\"><b data-path-to-node=\"6,0,0\" data-index-in-node=\"0\">Paikallispuudutus:<\/b> Toimenpide onnistuu usein jo ala-asteik\u00e4isilt\u00e4 reippailta lapsilta puudutuksessa. Jos lapsi sallii puudutteen laittamisen, itse toimenpide sujuu yleens\u00e4 erinomaisesti.<\/p><\/li><li><p data-path-to-node=\"6,1,0\"><b data-path-to-node=\"6,1,0\" data-index-in-node=\"0\">Nukutus:<\/b> Jos lapsi pelk\u00e4\u00e4 tai j\u00e4nnitt\u00e4\u00e4 tilannetta kovasti, ei paikallispuudutusta kannata yritt\u00e4\u00e4 v\u00e4kisin. T\u00e4ll\u00f6in on parempi sopia uusi aika toimenpiteeseen, joka tehd\u00e4\u00e4n nukutuksessa (lyhyt yleisanestesia). N\u00e4in lapselle ei j\u00e4\u00e4 toimenpiteest\u00e4 pelkoja tai ik\u00e4vi\u00e4 muistoja.<\/p><\/li><\/ul><h3 data-path-to-node=\"7\">Ennen toimenpidett\u00e4<\/h3><ul data-path-to-node=\"8\"><li><p data-path-to-node=\"8,0,0\">Keskustelkaa lapsen kanssa etuk\u00e4teen, mit\u00e4 tuleman pit\u00e4\u00e4. Kerro, ett\u00e4 l\u00e4\u00e4k\u00e4ri &#8221;nukuttaa&#8221; vain pienen ihoalueen tai ett\u00e4 lapsi saa nukkua lyhyet unet toimenpiteen ajan.<\/p><\/li><li><p data-path-to-node=\"8,1,0\">Jos toimenpide tehd\u00e4\u00e4n nukutuksessa, saatte erilliset ohjeet ravinnotta olosta.<\/p><\/li><\/ul><hr data-path-to-node=\"9\" \/><h3 data-path-to-node=\"10\">Toimenpiteen j\u00e4lkeen ja kotihoito<\/h3><p data-path-to-node=\"11\">Itse poisto on nopeasti ohi. Haava suljetaan yleens\u00e4 <b data-path-to-node=\"11\" data-index-in-node=\"53\">sulavilla ompeleilla<\/b>, joita ei tarvitse poistaa \u2013 ne h\u00e4vi\u00e4v\u00e4t itsest\u00e4\u00e4n ajan my\u00f6t\u00e4.<\/p><p data-path-to-node=\"12\"><b data-path-to-node=\"12\" data-index-in-node=\"0\">Toipuminen ja rajoitukset:<\/b> Haavan rauhallinen paraneminen varmistetaan v\u00e4ltt\u00e4m\u00e4ll\u00e4 haava-alueen venytyst\u00e4 ja kastumista ensimm\u00e4isten p\u00e4ivien aikana.<\/p><ul data-path-to-node=\"13\"><li><p data-path-to-node=\"13,0,0\"><b data-path-to-node=\"13,0,0\" data-index-in-node=\"0\">Koulu:<\/b> Lapsi voi palata kouluun tai p\u00e4iv\u00e4kotiin yleens\u00e4 heti seuraavana p\u00e4iv\u00e4n\u00e4.<\/p><\/li><li><p data-path-to-node=\"13,1,0\"><b data-path-to-node=\"13,1,0\" data-index-in-node=\"0\">Liikunta ja urheilu:<\/b> Noin <b data-path-to-node=\"13,1,0\" data-index-in-node=\"26\">yhden viikon tauko<\/b> urheilusta on tarpeen, jotta haava ei aukea tai veny.<\/p><\/li><li><p data-path-to-node=\"13,2,0\"><b data-path-to-node=\"13,2,0\" data-index-in-node=\"0\">Sauna ja uinti:<\/b> Jotta haava ei tulehdu, saunomista, uimista ja kylpemist\u00e4 tulee v\u00e4ltt\u00e4\u00e4 noin <b data-path-to-node=\"13,2,0\" data-index-in-node=\"93\">yhden viikon ajan<\/b>. Suihkussa saa k\u00e4yd\u00e4 normaalisti (yleens\u00e4 vuorokauden kuluttua), kunhan haava-alue kuivataan varovasti taputtelemalla.<\/p><\/li><\/ul>\t\t\t\t\t\t\t\t<\/div>\n\t\t\t\t<\/div>\n\t\t\t\t\t<\/div>\n\t\t\t\t<\/div>\n\t\t\t\t<\/div>","protected":false},"excerpt":{"rendered":"<p>Lapsen ihomuutoksen poisto \u2013 ohjeita vanhemmille Ihomuutosten, kuten luomien tai muiden pienten ihopatitien, poisto on lapsilla tavallinen toimenpide. Tavoitteenamme on tehd\u00e4 toimenpiteest\u00e4 lapselle mahdollisimman turvallinen ja v\u00e4h\u00e4n j\u00e4nnitt\u00e4v\u00e4 kokemus. Puudutus vai nukutus? Toimenpide voidaan tehd\u00e4 joko paikallispuudutuksessa tai nukutuksessa lapsen i\u00e4st\u00e4 ja j\u00e4nnityksest\u00e4 riippuen. Paikallispuudutus: Toimenpide onnistuu usein jo ala-asteik\u00e4isilt\u00e4 reippailta lapsilta puudutuksessa. Jos lapsi [&hellip;]<\/p>\n","protected":false},"author":1,"featured_media":0,"parent":0,"menu_order":0,"comment_status":"closed","ping_status":"closed","template":"","meta":{"_angie_page":false,"site-sidebar-layout":"no-sidebar","site-content-layout":"page-builder","ast-site-content-layout":"full-width-container","site-content-style":"default","site-sidebar-style":"default","ast-global-header-display":"","ast-banner-title-visibility":"","ast-main-header-display":"","ast-hfb-above-header-display":"","ast-hfb-below-header-display":"","ast-hfb-mobile-header-display":"","site-post-title":"","ast-breadcrumbs-content":"","ast-featured-img":"disabled","footer-sml-layout":"","ast-disable-related-posts":"","theme-transparent-header-meta":"","adv-header-id-meta":"","stick-header-meta":"","header-above-stick-meta":"","header-main-stick-meta":"","header-below-stick-meta":"","astra-migrate-meta-layouts":"set","ast-page-background-enabled":"default","ast-page-background-meta":{"desktop":{"background-color":"","background-image":"","background-repeat":"repeat","background-position":"center center","background-size":"auto","background-attachment":"scroll","background-type":"","background-media":"","overlay-type":"","overlay-color":"","overlay-opacity":"","overlay-gradient":""},"tablet":{"background-color":"","background-image":"","background-repeat":"repeat","background-position":"center center","background-size":"auto","background-attachment":"scroll","background-type":"","background-media":"","overlay-type":"","overlay-color":"","overlay-opacity":"","overlay-gradient":""},"mobile":{"background-color":"","background-image":"","background-repeat":"repeat","background-position":"center center","background-size":"auto","background-attachment":"scroll","background-type":"","background-media":"","overlay-type":"","overlay-color":"","overlay-opacity":"","overlay-gradient":""}},"ast-content-background-meta":{"desktop":{"background-color":"var(--ast-global-color-5)","background-image":"","background-repeat":"repeat","background-position":"center center","background-size":"auto","background-attachment":"scroll","background-type":"","background-media":"","overlay-type":"","overlay-color":"","overlay-opacity":"","overlay-gradient":""},"tablet":{"background-color":"var(--ast-global-color-5)","background-image":"","background-repeat":"repeat","background-position":"center center","background-size":"auto","background-attachment":"scroll","background-type":"","background-media":"","overlay-type":"","overlay-color":"","overlay-opacity":"","overlay-gradient":""},"mobile":{"background-color":"var(--ast-global-color-5)","background-image":"","background-repeat":"repeat","background-position":"center center","background-size":"auto","background-attachment":"scroll","background-type":"","background-media":"","overlay-type":"","overlay-color":"","overlay-opacity":"","overlay-gradient":""}},"footnotes":""},"class_list":["post-1370","page","type-page","status-publish","hentry"],"_links":{"self":[{"href":"https:\/\/lastenkirurgia.fi\/sv\/wp-json\/wp\/v2\/pages\/1370","targetHints":{"allow":["GET"]}}],"collection":[{"href":"https:\/\/lastenkirurgia.fi\/sv\/wp-json\/wp\/v2\/pages"}],"about":[{"href":"https:\/\/lastenkirurgia.fi\/sv\/wp-json\/wp\/v2\/types\/page"}],"author":[{"embeddable":true,"href":"https:\/\/lastenkirurgia.fi\/sv\/wp-json\/wp\/v2\/users\/1"}],"replies":[{"embeddable":true,"href":"https:\/\/lastenkirurgia.fi\/sv\/wp-json\/wp\/v2\/comments?post=1370"}],"version-history":[{"count":4,"href":"https:\/\/lastenkirurgia.fi\/sv\/wp-json\/wp\/v2\/pages\/1370\/revisions"}],"predecessor-version":[{"id":1538,"href":"https:\/\/lastenkirurgia.fi\/sv\/wp-json\/wp\/v2\/pages\/1370\/revisions\/1538"}],"wp:attachment":[{"href":"https:\/\/lastenkirurgia.fi\/sv\/wp-json\/wp\/v2\/media?parent=1370"}],"curies":[{"name":"wp","href":"https:\/\/api.w.org\/{rel}","templated":true}]}}