{"id":1372,"date":"2026-04-09T13:51:12","date_gmt":"2026-04-09T13:51:12","guid":{"rendered":"https:\/\/darkcyan-pheasant-754087.hostingersite.com\/?page_id=1372"},"modified":"2026-04-11T13:35:26","modified_gmt":"2026-04-11T13:35:26","slug":"lapsen-murtuman-hoito","status":"publish","type":"page","link":"https:\/\/lastenkirurgia.fi\/sv\/lapsen-murtuman-hoito\/","title":{"rendered":"Behandling av ett barns fraktur"},"content":{"rendered":"<div data-elementor-type=\"wp-page\" data-elementor-id=\"1372\" class=\"elementor elementor-1372\" data-elementor-post-type=\"page\">\n\t\t\t\t<div class=\"elementor-element elementor-element-31eef8b e-flex e-con-boxed e-con e-parent\" data-id=\"31eef8b\" data-element_type=\"container\" data-e-type=\"container\">\n\t\t\t\t\t<div class=\"e-con-inner\">\n\t\t\t\t<div class=\"elementor-element elementor-element-d40e97e elementor-widget elementor-widget-text-editor\" data-id=\"d40e97e\" data-element_type=\"widget\" data-e-type=\"widget\" data-widget_type=\"text-editor.default\">\n\t\t\t\t<div class=\"elementor-widget-container\">\n\t\t\t\t\t\t\t\t\t<h2 data-path-to-node=\"2\">Behandling och \u00f6vervakning av ett barns fraktur<\/h2><p data-path-to-node=\"3\">Frakturer hos barn skiljer sig avsev\u00e4rt fr\u00e5n vuxnas. Beroende p\u00e5 \u00e5lder \u00e4r ett barns ben fortfarande i h\u00f6g grad ombyggda, vilket \u00e4r anledningen till att behandlingslinjer v\u00e4ljs individuellt utifr\u00e5n barnets \u00e5lder och tillv\u00e4xtstadium.<\/p><h3 data-path-to-node=\"4\">Varf\u00f6r \u00e4r ett barns fraktur speciell?<\/h3><p data-path-to-node=\"5\">Det finns flera egenskaper hos ett barns skelett som g\u00f6r diagnostik och behandling annorlunda j\u00e4mf\u00f6rt med vuxnas:<\/p><ul data-path-to-node=\"6\"><li><p data-path-to-node=\"6,0,0\"><b data-path-to-node=\"6,0,0\" data-index-in-node=\"0\">Tolkning av r\u00f6ntgenbilder:<\/b> Barns ben har tillv\u00e4xtlinjer, tillv\u00e4xtcentra och broskiga delar som skiljer sig fr\u00e5n vuxnas ben. D\u00e4rf\u00f6r kr\u00e4vs det ett erfaret \u00f6ga f\u00f6r att tolka bilderna f\u00f6r att till exempel skilja en fraktur fr\u00e5n en normal tillv\u00e4xtlinje.<\/p><\/li><li><p data-path-to-node=\"6,1,0\"><b data-path-to-node=\"6,1,0\" data-index-in-node=\"0\">Tillv\u00e4xtens kraft (ombyggnad):<\/b> Ju yngre barnet \u00e4r, desto b\u00e4ttre har kroppens f\u00f6rm\u00e5ga att korrigera frakturens felst\u00e4llning allt eftersom de v\u00e4xer. Det \u00e4r d\u00e4rf\u00f6r yngre barn kan till\u00e5tas ha betydligt st\u00f6rre felst\u00e4llningar \u00e4n \u00e4ldre barn eller vuxna \u2013 och slutresultatet blir fortfarande lika bra som nytt i l\u00e4ngden.<\/p><\/li><\/ul><h3 data-path-to-node=\"7\">Behandlingsmetoder<\/h3><p data-path-to-node=\"8\">De flesta frakturer hos barn behandlas enkelt med gips, men mot bakgrund av aktuell kunskap beh\u00f6ver inte alla frakturer ens gipsas.<\/p><ol start=\"1\" data-path-to-node=\"9\"><li><p data-path-to-node=\"9,0,0\"><b data-path-to-node=\"9,0,0\" data-index-in-node=\"0\">Behandling utan gips:<\/b> Vissa typiska frakturer, s\u00e5som handledsfrakturer <b data-path-to-node=\"9,0,0\" data-index-in-node=\"59\">frakturer i pilkvistar<\/b>, l\u00e4ker utm\u00e4rkt utan stelt gips. Likas\u00e5 vissa frakturer hos mycket sm\u00e5 barn.<\/p><\/li><li><p data-path-to-node=\"9,1,0\"><b data-path-to-node=\"9,1,0\" data-index-in-node=\"0\">Gipsbehandling:<\/b> Om frakturen kr\u00e4ver st\u00f6d anv\u00e4nds vanligtvis gips i n\u00e5gra veckor (sm\u00e5 barn) upp till sex veckor (vissa frakturer hos \u00e4ldre barn).<\/p><\/li><li><p data-path-to-node=\"9,2,0\"><b data-path-to-node=\"9,2,0\" data-index-in-node=\"0\">Individuellt behandlingsbeslut:<\/b> Behandlingen p\u00e5verkas av barnets <b data-path-to-node=\"9,2,0\" data-index-in-node=\"51\">\u00e5lder och storlek<\/b>. Till exempel behandlas en fraktur hos ett 5-\u00e5rigt barn ofta annorlunda \u00e4n hos ett 11-\u00e5ring eftersom det yngre barnet har st\u00f6rre potential f\u00f6r reparation.<\/p><\/li><\/ol><h3 data-path-to-node=\"10\">Tillv\u00e4xtlinjefrakturer och \u00f6vervakning<\/h3><p data-path-to-node=\"11\">Om frakturen str\u00e4cker sig <b data-path-to-node=\"11\" data-index-in-node=\"20\">tillv\u00e4xtlinje<\/b>, ibland beh\u00f6ver situationen \u00f6vervakas noggrannare. Tillv\u00e4xtlinjen \u00e4r det omr\u00e5de d\u00e4r benet v\u00e4xer i l\u00e4ngd, och skador i detta omr\u00e5de kan p\u00e5verka benets normala tillv\u00e4xt.<\/p><ul data-path-to-node=\"12\"><li><p data-path-to-node=\"12,0,0\"><b data-path-to-node=\"12,0,0\" data-index-in-node=\"0\">Efterkontroll:<\/b> Vid tillv\u00e4xtlinjefrakturer tas ibland en ny r\u00f6ntgenbild ungef\u00e4r <b data-path-to-node=\"12,0,0\" data-index-in-node=\"77\">Vid 6 m\u00e5nader<\/b>.<\/p><\/li><li><p data-path-to-node=\"12,1,0\"><b data-path-to-node=\"12,1,0\" data-index-in-node=\"0\">Vad \u00f6vervakas?<\/b> Bilden s\u00e4kerst\u00e4ller att tillv\u00e4xtlinjen inte har f\u00f6rbenat i f\u00f6rtid vid frakturst\u00e4llet, vilket kan leda till tillv\u00e4xtmisslyckande.<\/p><\/li><\/ul><hr data-path-to-node=\"13\" \/><h3 data-path-to-node=\"14\">Instruktioner f\u00f6r hemv\u00e5rd med gips:<\/h3><ul data-path-to-node=\"15\"><li><p data-path-to-node=\"15,0,0\"><b data-path-to-node=\"15,0,0\" data-index-in-node=\"0\">\u00d6vervaka blodcirkulationen:<\/b> Om t\u00e5rna eller fingrarna blir bl\u00e5, blir kalla, eller om barnet klagar p\u00e5 kraftiga stickningar, kontakta l\u00e4kare.<\/p><\/li><li><p data-path-to-node=\"15,1,0\"><b data-path-to-node=\"15,1,0\" data-index-in-node=\"0\">Sm\u00e4rtlindring:<\/b> Ge sm\u00e4rtstillande medel (paracetamol\/ibuprofen) enligt l\u00e4karens anvisningar, s\u00e4rskilt under de f\u00f6rsta dagarna.<\/p><\/li><li><p data-path-to-node=\"15,2,0\"><b data-path-to-node=\"15,2,0\" data-index-in-node=\"0\">Gipsens renhet:<\/b> F\u00f6rvara gipset torrt. En plastp\u00e5se som skydd i duschen \u00e4r viktigt.<\/p><\/li><\/ul><p>HUS riktlinjer f\u00f6r behandling av frakturer hos barn l\u00e4nkar<\/p><p><a href=\"https:\/\/www.hus.fi\/potilaalle\/hoidot-ja-tutkimukset\/lasten-ja-nuorten-murtumien-hoito\" target=\"_blank\" rel=\"noopener\">https:\/\/www.hus.fi\/potilaalle\/hoidot-ja-tutkimukset\/lasten-ja-nuorten-murtumien-hoito<\/a><\/p>\t\t\t\t\t\t\t\t<\/div>\n\t\t\t\t<\/div>\n\t\t\t\t\t<\/div>\n\t\t\t\t<\/div>\n\t\t<div class=\"elementor-element elementor-element-ce7b048 e-flex e-con-boxed e-con e-parent\" data-id=\"ce7b048\" data-element_type=\"container\" data-e-type=\"container\">\n\t\t\t\t\t<div class=\"e-con-inner\">\n\t\t\t\t<div class=\"elementor-element elementor-element-acf34e3 elementor-widget elementor-widget-image\" data-id=\"acf34e3\" data-element_type=\"widget\" data-e-type=\"widget\" data-widget_type=\"image.default\">\n\t\t\t\t<div class=\"elementor-widget-container\">\n\t\t\t\t\t\t\t\t\t\t\t\t\t\t\t<img fetchpriority=\"high\" decoding=\"async\" width=\"1024\" height=\"559\" src=\"https:\/\/lastenkirurgia.fi\/wp-content\/uploads\/2026\/04\/rannemurtuma.webp\" class=\"attachment-large size-large wp-image-1561\" alt=\"\" srcset=\"https:\/\/lastenkirurgia.fi\/wp-content\/uploads\/2026\/04\/rannemurtuma.webp 1024w, https:\/\/lastenkirurgia.fi\/wp-content\/uploads\/2026\/04\/rannemurtuma-300x164.webp 300w, https:\/\/lastenkirurgia.fi\/wp-content\/uploads\/2026\/04\/rannemurtuma-768x419.webp 768w\" sizes=\"(max-width: 1024px) 100vw, 1024px\" \/>\t\t\t\t\t\t\t\t\t\t\t\t\t\t\t<\/div>\n\t\t\t\t<\/div>\n\t\t\t\t\t<\/div>\n\t\t\t\t<\/div>\n\t\t\t\t<\/div>","protected":false},"excerpt":{"rendered":"<p>Lapsen murtuman hoito ja seuranta Lasten murtumat poikkeavat merkitt\u00e4v\u00e4sti aikuisten luunmurtumista. Lapsen luu on i\u00e4st\u00e4 riippuen viel\u00e4 hyvin remodelloituva, mink\u00e4 vuoksi hoitolinjat valitaan yksil\u00f6llisesti lapsen i\u00e4n ja kasvun vaiheen mukaan. Miksi lapsen murtuma on erityinen? Lapsen luustossa on useita piirteit\u00e4, jotka tekev\u00e4t diagnostiikasta ja hoidosta aikuisiin verrattuna erilaista: R\u00f6ntgenkuvien tulkinta: Lasten luissa on kasvulinjoja, kasvutumakkeita [&hellip;]<\/p>\n","protected":false},"author":1,"featured_media":0,"parent":0,"menu_order":0,"comment_status":"closed","ping_status":"closed","template":"","meta":{"_angie_page":false,"site-sidebar-layout":"no-sidebar","site-content-layout":"page-builder","ast-site-content-layout":"full-width-container","site-content-style":"default","site-sidebar-style":"default","ast-global-header-display":"","ast-banner-title-visibility":"","ast-main-header-display":"","ast-hfb-above-header-display":"","ast-hfb-below-header-display":"","ast-hfb-mobile-header-display":"","site-post-title":"","ast-breadcrumbs-content":"","ast-featured-img":"disabled","footer-sml-layout":"","ast-disable-related-posts":"","theme-transparent-header-meta":"","adv-header-id-meta":"","stick-header-meta":"","header-above-stick-meta":"","header-main-stick-meta":"","header-below-stick-meta":"","astra-migrate-meta-layouts":"set","ast-page-background-enabled":"default","ast-page-background-meta":{"desktop":{"background-color":"","background-image":"","background-repeat":"repeat","background-position":"center center","background-size":"auto","background-attachment":"scroll","background-type":"","background-media":"","overlay-type":"","overlay-color":"","overlay-opacity":"","overlay-gradient":""},"tablet":{"background-color":"","background-image":"","background-repeat":"repeat","background-position":"center center","background-size":"auto","background-attachment":"scroll","background-type":"","background-media":"","overlay-type":"","overlay-color":"","overlay-opacity":"","overlay-gradient":""},"mobile":{"background-color":"","background-image":"","background-repeat":"repeat","background-position":"center center","background-size":"auto","background-attachment":"scroll","background-type":"","background-media":"","overlay-type":"","overlay-color":"","overlay-opacity":"","overlay-gradient":""}},"ast-content-background-meta":{"desktop":{"background-color":"var(--ast-global-color-5)","background-image":"","background-repeat":"repeat","background-position":"center center","background-size":"auto","background-attachment":"scroll","background-type":"","background-media":"","overlay-type":"","overlay-color":"","overlay-opacity":"","overlay-gradient":""},"tablet":{"background-color":"var(--ast-global-color-5)","background-image":"","background-repeat":"repeat","background-position":"center center","background-size":"auto","background-attachment":"scroll","background-type":"","background-media":"","overlay-type":"","overlay-color":"","overlay-opacity":"","overlay-gradient":""},"mobile":{"background-color":"var(--ast-global-color-5)","background-image":"","background-repeat":"repeat","background-position":"center center","background-size":"auto","background-attachment":"scroll","background-type":"","background-media":"","overlay-type":"","overlay-color":"","overlay-opacity":"","overlay-gradient":""}},"footnotes":""},"class_list":["post-1372","page","type-page","status-publish","hentry"],"_links":{"self":[{"href":"https:\/\/lastenkirurgia.fi\/sv\/wp-json\/wp\/v2\/pages\/1372","targetHints":{"allow":["GET"]}}],"collection":[{"href":"https:\/\/lastenkirurgia.fi\/sv\/wp-json\/wp\/v2\/pages"}],"about":[{"href":"https:\/\/lastenkirurgia.fi\/sv\/wp-json\/wp\/v2\/types\/page"}],"author":[{"embeddable":true,"href":"https:\/\/lastenkirurgia.fi\/sv\/wp-json\/wp\/v2\/users\/1"}],"replies":[{"embeddable":true,"href":"https:\/\/lastenkirurgia.fi\/sv\/wp-json\/wp\/v2\/comments?post=1372"}],"version-history":[{"count":13,"href":"https:\/\/lastenkirurgia.fi\/sv\/wp-json\/wp\/v2\/pages\/1372\/revisions"}],"predecessor-version":[{"id":1567,"href":"https:\/\/lastenkirurgia.fi\/sv\/wp-json\/wp\/v2\/pages\/1372\/revisions\/1567"}],"wp:attachment":[{"href":"https:\/\/lastenkirurgia.fi\/sv\/wp-json\/wp\/v2\/media?parent=1372"}],"curies":[{"name":"wp","href":"https:\/\/api.w.org\/{rel}","templated":true}]}}