{"id":1378,"date":"2026-04-09T13:52:19","date_gmt":"2026-04-09T13:52:19","guid":{"rendered":"https:\/\/darkcyan-pheasant-754087.hostingersite.com\/?page_id=1378"},"modified":"2026-04-12T15:58:42","modified_gmt":"2026-04-12T15:58:42","slug":"lapsen-ummetus","status":"publish","type":"page","link":"https:\/\/lastenkirurgia.fi\/sv\/lapsen-ummetus\/","title":{"rendered":"f\u00f6rstoppning hos barn"},"content":{"rendered":"<div data-elementor-type=\"wp-page\" data-elementor-id=\"1378\" class=\"elementor elementor-1378\" data-elementor-post-type=\"page\">\n\t\t\t\t<div class=\"elementor-element elementor-element-891d0ce e-flex e-con-boxed e-con e-parent\" data-id=\"891d0ce\" data-element_type=\"container\" data-e-type=\"container\">\n\t\t\t\t\t<div class=\"e-con-inner\">\n\t\t\t\t<div class=\"elementor-element elementor-element-7342566 elementor-widget elementor-widget-text-editor\" data-id=\"7342566\" data-element_type=\"widget\" data-e-type=\"widget\" data-widget_type=\"text-editor.default\">\n\t\t\t\t<div class=\"elementor-widget-container\">\n\t\t\t\t\t\t\t\t\t<h2 data-path-to-node=\"2\">F\u00f6rstoppning och nedsmutsning hos barn \u2013 Instruktioner f\u00f6r hemmet och behandling<\/h2><p data-path-to-node=\"3\">Ett barns tarmfunktion \u00e4r individuell: vissa g\u00f6r sina behov flera g\u00e5nger om dagen, andra mer s\u00e4llan \u00e4n varje dag. I princip b\u00f6r ett barn g\u00f6ra sina behov dagligen eller n\u00e4stan dagligen. Sm\u00e5 sp\u00e4dbarn har olika m\u00f6nster av tarmfunktion och deras magar kan fungera mycket oregelbundet. F\u00f6rstoppning \u00e4r ett vanligt problem (upp till &gt;25 % av barn med %), vilket b\u00f6r behandlas tidigt s\u00e5 att det inte blir ett l\u00e5ngsiktigt problem.<\/p><h3 data-path-to-node=\"4\">1. N\u00e4r \u00e4r f\u00f6rstoppning ett problem?<\/h3><p data-path-to-node=\"5\">Ett barn \u00e4r f\u00f6rstoppat om det har minst tv\u00e5 av f\u00f6ljande symtom under en m\u00e5nad:<\/p><ul data-path-to-node=\"6\"><li><p data-path-to-node=\"6,0,0\">Avf\u00f6ring sker s\u00e4llan \u2013 vanligtvis mer s\u00e4llan \u00e4n varannan dag. Ibland kan f\u00f6rstoppning uppst\u00e5 \u00e4ven om man avf\u00f6r n\u00e4stan dagligen.<\/p><\/li><li><p data-path-to-node=\"6,1,0\">Avf\u00f6ringen \u00e4r h\u00e5rd eller s\u00e5 \u00e4r det sm\u00e4rtsamt vid avf\u00f6ring.<\/p><\/li><li><p data-path-to-node=\"6,2,0\">Barnet h\u00e5ller tydligt tillbaka eller \u00e4r r\u00e4dd f\u00f6r att g\u00f6ra avf\u00f6ring.<\/p><\/li><li><p data-path-to-node=\"6,3,0\">Avf\u00f6ringen \u00e4r mycket stor.<\/p><\/li><li><p data-path-to-node=\"6,4,0\"><b data-path-to-node=\"6,4,0\" data-index-in-node=\"0\">Vanst\u00e4llning:<\/b> Avf\u00f6ring l\u00e4cker av misstag ner i byxorna (f\u00f6r barn \u00f6ver 4 \u00e5r).<\/p><\/li><\/ul><p data-path-to-node=\"7\"><b data-path-to-node=\"7\" data-index-in-node=\"0\">Tecken p\u00e5 pants\u00e4ttning:<\/b> Ett sp\u00e4dbarn kan str\u00e4cka ut kroppen och sp\u00e4nna rumpan. Ett litet barn kan st\u00e5 p\u00e5 t\u00e5, h\u00e5lla benen t\u00e4tt ihop eller gunga fram och tillbaka.<\/p><h3 data-path-to-node=\"8\">2. Sj\u00e4lvbehandling av f\u00f6rstoppning<\/h3><h4 data-path-to-node=\"9\">Diet<\/h4><ul data-path-to-node=\"10\"><li><p data-path-to-node=\"10,0,0\"><b data-path-to-node=\"10,0,0\" data-index-in-node=\"0\">Fiber:<\/b> L\u00e4gg till fullkorn (r\u00e5gbr\u00f6d, havregryn), gr\u00f6nsaker, frukt och b\u00e4r.<\/p><\/li><li><p data-path-to-node=\"10,1,0\"><b data-path-to-node=\"10,1,0\" data-index-in-node=\"0\">Naturliga mjukg\u00f6rare:<\/b> Plommon- eller mangopur\u00e9, rivet p\u00e4ron och maltextrakt (f\u00f6r sp\u00e4dbarn) hj\u00e4lper.<\/p><\/li><li><p data-path-to-node=\"10,2,0\"><b data-path-to-node=\"10,2,0\" data-index-in-node=\"0\">Flytande:<\/b> Se till att ditt barn dricker tillr\u00e4ckligt med vatten.<\/p><\/li><li><p data-path-to-node=\"10,3,0\"><b data-path-to-node=\"10,3,0\" data-index-in-node=\"0\">Driva:<\/b> Minska mat som h\u00e5rdnar tarmarna, s\u00e5som bananer, vitt br\u00f6d, kakao och bl\u00e5b\u00e4rsjuice. Begr\u00e4nsa \u00f6verdriven mj\u00f6lkkonsumtion.<\/p><\/li><\/ul><h4 data-path-to-node=\"11\">Toalettrutiner<\/h4><ul data-path-to-node=\"12\"><li><p data-path-to-node=\"12,0,0\"><b data-path-to-node=\"12,0,0\" data-index-in-node=\"0\">Regelbundenhet:<\/b> L\u00e4r ditt barn att sitta p\u00e5 pottan eller i sittplatsen i 10\u201315 minuter efter varje m\u00e5ltid.<\/p><\/li><li><p data-path-to-node=\"12,1,0\"><b data-path-to-node=\"12,1,0\" data-index-in-node=\"0\">Korrekt position:<\/b> Anv\u00e4nd en fotpall p\u00e5 liggdelen s\u00e5 att barnets f\u00f6tter st\u00e5r stadigt p\u00e5 underlaget och positionen \u00e4r hukad.<\/p><\/li><li><p data-path-to-node=\"12,2,0\"><b data-path-to-node=\"12,2,0\" data-index-in-node=\"0\">Positivitet:<\/b> Kritisera aldrig f\u00f6r misstag. Bel\u00f6na f\u00f6r framg\u00e5ngar (t.ex. en post-it).<\/p><\/li><\/ul><h3 data-path-to-node=\"13\">3. Avf\u00f6ring (Enkopres)<\/h3><p data-path-to-node=\"14\">Smutsbildning \u00e4r ofrivilligt l\u00e4ckage av avf\u00f6ring ner i byxorna. N\u00e4stan 90 % av fallen med % orsakas av sv\u00e5r f\u00f6rstoppning: en h\u00e5rd avf\u00f6ringsmassa (blockering) i tjocktarmen f\u00f6rhindrar normal tarmt\u00f6mning, vilket g\u00f6r att l\u00f6s avf\u00f6ring rinner okontrollerat f\u00f6rbi blockeringen.<\/p><ul data-path-to-node=\"15\"><li><p data-path-to-node=\"15,0,0\"><b data-path-to-node=\"15,0,0\" data-index-in-node=\"0\">Det \u00e4r inte avsiktligt:<\/b> Barnet \u00e4r inte medvetet om avf\u00f6ringen som kommer in eller den eventuella lukten. Barnet ska inte straffas f\u00f6r att det kladdar.<\/p><\/li><li><p data-path-to-node=\"15,1,0\"><b data-path-to-node=\"15,1,0\" data-index-in-node=\"0\">V\u00e5rd:<\/b> F\u00f6rstoppningen f\u00f6rb\u00e4ttras n\u00e4r den underliggande f\u00f6rstoppningen behandlas effektivt.<\/p><\/li><\/ul><h3 data-path-to-node=\"16\">4. Medicinering<\/h3><p data-path-to-node=\"17\">Om egenv\u00e5rd inte r\u00e4cker till p\u00e5 en m\u00e5nad b\u00f6r medicinering p\u00e5b\u00f6rjas enligt l\u00e4kares eller kliniks anvisningar.<\/p><ul data-path-to-node=\"18\"><li><p data-path-to-node=\"18,0,0\"><b data-path-to-node=\"18,0,0\" data-index-in-node=\"0\">Kuddar:<\/b> Makrogol- eller laktulospreparat mjukar upp avf\u00f6ringen. De m\u00e5ste anv\u00e4ndas tillr\u00e4ckligt l\u00e4nge (veckor eller m\u00e5nader) f\u00f6r att \u00e4ndtarmen ska \u00e5terh\u00e4mta sig och barnet ska l\u00e4ra sig att avf\u00f6ringen inte l\u00e4ngre g\u00f6r ont.<\/p><\/li><li><p data-path-to-node=\"18,1,0\"><b data-path-to-node=\"18,1,0\" data-index-in-node=\"0\">Evakuering:<\/b> Om det finns en stor fekal impaktion i tarmen p\u00e5b\u00f6rjas behandlingen ofta med lavemang.<\/p><\/li><\/ul><h3 data-path-to-node=\"19\">5. N\u00e4r ska jag upps\u00f6ka l\u00e4kare?<\/h3><p data-path-to-node=\"20\">Kontakta en klinik eller l\u00e4kare om:<\/p><ul data-path-to-node=\"21\"><li><p data-path-to-node=\"21,0,0\">F\u00f6rstoppningen har varat i \u00f6ver en m\u00e5nad och sj\u00e4lvbehandling hj\u00e4lper inte.<\/p><\/li><li><p data-path-to-node=\"21,1,0\">Det finns blod i avf\u00f6ringen.<\/p><\/li><li><p data-path-to-node=\"21,2,0\">Barnet har sv\u00e5ra magsm\u00e4rtor.<\/p><\/li><li><p data-path-to-node=\"21,3,0\">Ett nyf\u00f6tt\/litet sp\u00e4dbarn bajsar exceptionellt s\u00e4llan (mindre \u00e4n en g\u00e5ng i veckan).<\/p><\/li><li><p data-path-to-node=\"21,4,0\">R\u00f6ran b\u00f6rjar igen trots att barnet redan har l\u00e4rt sig att vara prydlig.<\/p><\/li><\/ul><p>artikel i h\u00e4lsobiblioteket<\/p><p><a href=\"https:\/\/www.terveyskirjasto.fi\/dlk00533\" target=\"_blank\" rel=\"noopener\">https:\/\/www.terveyskirjasto.fi\/dlk00533<\/a><\/p>\t\t\t\t\t\t\t\t<\/div>\n\t\t\t\t<\/div>\n\t\t\t\t\t<\/div>\n\t\t\t\t<\/div>\n\t\t\t\t<\/div>","protected":false},"excerpt":{"rendered":"<p>Lapsen ummetus ja tuhriminen \u2013 Ohjeita kotiin ja hoitoon Lapsen suolen toiminta on yksil\u00f6llist\u00e4: osa ulostaa useasti p\u00e4iv\u00e4ss\u00e4, osa harvemmin kuin joka p\u00e4iv\u00e4. Periaatteessa lapsen pit\u00e4isi ulostaa p\u00e4ivitt\u00e4in tai l\u00e4hes p\u00e4ivitt\u00e4in. Pienill\u00e4 vauvoilla on vatsan toiminnan suhteen eri kuviot ja vatsa saattaa toimia hyvinkin ep\u00e4s\u00e4\u00e4nn\u00f6llisesti. Ummetus on yleinen vaiva ( jopa &gt;25 % lapsista), joka [&hellip;]<\/p>\n","protected":false},"author":1,"featured_media":0,"parent":0,"menu_order":0,"comment_status":"closed","ping_status":"closed","template":"","meta":{"_angie_page":false,"site-sidebar-layout":"no-sidebar","site-content-layout":"page-builder","ast-site-content-layout":"full-width-container","site-content-style":"default","site-sidebar-style":"default","ast-global-header-display":"","ast-banner-title-visibility":"","ast-main-header-display":"","ast-hfb-above-header-display":"","ast-hfb-below-header-display":"","ast-hfb-mobile-header-display":"","site-post-title":"","ast-breadcrumbs-content":"","ast-featured-img":"disabled","footer-sml-layout":"","ast-disable-related-posts":"","theme-transparent-header-meta":"","adv-header-id-meta":"","stick-header-meta":"","header-above-stick-meta":"","header-main-stick-meta":"","header-below-stick-meta":"","astra-migrate-meta-layouts":"set","ast-page-background-enabled":"default","ast-page-background-meta":{"desktop":{"background-color":"","background-image":"","background-repeat":"repeat","background-position":"center center","background-size":"auto","background-attachment":"scroll","background-type":"","background-media":"","overlay-type":"","overlay-color":"","overlay-opacity":"","overlay-gradient":""},"tablet":{"background-color":"","background-image":"","background-repeat":"repeat","background-position":"center center","background-size":"auto","background-attachment":"scroll","background-type":"","background-media":"","overlay-type":"","overlay-color":"","overlay-opacity":"","overlay-gradient":""},"mobile":{"background-color":"","background-image":"","background-repeat":"repeat","background-position":"center center","background-size":"auto","background-attachment":"scroll","background-type":"","background-media":"","overlay-type":"","overlay-color":"","overlay-opacity":"","overlay-gradient":""}},"ast-content-background-meta":{"desktop":{"background-color":"var(--ast-global-color-5)","background-image":"","background-repeat":"repeat","background-position":"center center","background-size":"auto","background-attachment":"scroll","background-type":"","background-media":"","overlay-type":"","overlay-color":"","overlay-opacity":"","overlay-gradient":""},"tablet":{"background-color":"var(--ast-global-color-5)","background-image":"","background-repeat":"repeat","background-position":"center center","background-size":"auto","background-attachment":"scroll","background-type":"","background-media":"","overlay-type":"","overlay-color":"","overlay-opacity":"","overlay-gradient":""},"mobile":{"background-color":"var(--ast-global-color-5)","background-image":"","background-repeat":"repeat","background-position":"center center","background-size":"auto","background-attachment":"scroll","background-type":"","background-media":"","overlay-type":"","overlay-color":"","overlay-opacity":"","overlay-gradient":""}},"footnotes":""},"class_list":["post-1378","page","type-page","status-publish","hentry"],"_links":{"self":[{"href":"https:\/\/lastenkirurgia.fi\/sv\/wp-json\/wp\/v2\/pages\/1378","targetHints":{"allow":["GET"]}}],"collection":[{"href":"https:\/\/lastenkirurgia.fi\/sv\/wp-json\/wp\/v2\/pages"}],"about":[{"href":"https:\/\/lastenkirurgia.fi\/sv\/wp-json\/wp\/v2\/types\/page"}],"author":[{"embeddable":true,"href":"https:\/\/lastenkirurgia.fi\/sv\/wp-json\/wp\/v2\/users\/1"}],"replies":[{"embeddable":true,"href":"https:\/\/lastenkirurgia.fi\/sv\/wp-json\/wp\/v2\/comments?post=1378"}],"version-history":[{"count":4,"href":"https:\/\/lastenkirurgia.fi\/sv\/wp-json\/wp\/v2\/pages\/1378\/revisions"}],"predecessor-version":[{"id":1661,"href":"https:\/\/lastenkirurgia.fi\/sv\/wp-json\/wp\/v2\/pages\/1378\/revisions\/1661"}],"wp:attachment":[{"href":"https:\/\/lastenkirurgia.fi\/sv\/wp-json\/wp\/v2\/media?parent=1378"}],"curies":[{"name":"wp","href":"https:\/\/api.w.org\/{rel}","templated":true}]}}