{"id":1380,"date":"2026-04-09T13:52:34","date_gmt":"2026-04-09T13:52:34","guid":{"rendered":"https:\/\/darkcyan-pheasant-754087.hostingersite.com\/?page_id=1380"},"modified":"2026-04-12T15:52:33","modified_gmt":"2026-04-12T15:52:33","slug":"lapsen-kastelu","status":"publish","type":"page","link":"https:\/\/lastenkirurgia.fi\/sv\/lapsen-kastelu\/","title":{"rendered":"Att kissa p\u00e5 ett barn"},"content":{"rendered":"<div data-elementor-type=\"wp-page\" data-elementor-id=\"1380\" class=\"elementor elementor-1380\" data-elementor-post-type=\"page\">\n\t\t\t\t<div class=\"elementor-element elementor-element-0a69728 e-flex e-con-boxed e-con e-parent\" data-id=\"0a69728\" data-element_type=\"container\" data-e-type=\"container\">\n\t\t\t\t\t<div class=\"e-con-inner\">\n\t\t\t\t<div class=\"elementor-element elementor-element-a998f74 elementor-widget elementor-widget-text-editor\" data-id=\"a998f74\" data-element_type=\"widget\" data-e-type=\"widget\" data-widget_type=\"text-editor.default\">\n\t\t\t\t<div class=\"elementor-widget-container\">\n\t\t\t\t\t\t\t\t\t<h2 data-path-to-node=\"2\">Irritabilitet hos barn \u2013 Instruktioner f\u00f6r hem och v\u00e5rd<\/h2><p data-path-to-node=\"3\">Ett barns bl\u00e5skontroll \u00e4r en komplex f\u00e4rdighet som mognar individuellt, vanligtvis <b data-path-to-node=\"3\" data-index-in-node=\"87\">F\u00f6r \u00e5ldrarna 4\u20136<\/b> Att barnet v\u00e4ser som enda symptom \u00e4r mycket s\u00e4llan ett tecken p\u00e5 sjukdom, men det kan belasta barnets sj\u00e4lvk\u00e4nsla och familjens vardag.<\/p><h3 data-path-to-node=\"4\">1. S\u00e4ngv\u00e4tning<\/h3><p data-path-to-node=\"5\">S\u00e4ngv\u00e4tning orsakas ofta av djup s\u00f6mn (barnet vaknar inte med k\u00e4nslan av att ha en full bl\u00e5sa) eller av ofullst\u00e4ndig reglering av nattlig urinering. Tendensen \u00e4r ofta \u00e4rftlig.<\/p><p data-path-to-node=\"6\"><b data-path-to-node=\"6\" data-index-in-node=\"0\">Sj\u00e4lvv\u00e5rd hemma:<\/b><\/p><ul data-path-to-node=\"7\"><li><p data-path-to-node=\"7,0,0\"><b data-path-to-node=\"7,0,0\" data-index-in-node=\"0\">Kv\u00e4llsdrickande:<\/b> Begr\u00e4nsa drickandet cirka 2 timmar f\u00f6re l\u00e4ggdags. Det \u00e4r en bra id\u00e9 att \u00e4ta kv\u00e4llsm\u00e5ltid ungef\u00e4r samtidigt.<\/p><\/li><li><p data-path-to-node=\"7,1,0\"><b data-path-to-node=\"7,1,0\" data-index-in-node=\"0\">Toalettrutin:<\/b> G\u00e5 p\u00e5 toaletten precis innan du g\u00e5r och l\u00e4gger dig.<\/p><\/li><li><p data-path-to-node=\"7,2,0\"><b data-path-to-node=\"7,2,0\" data-index-in-node=\"0\">Nattbl\u00f6ja:<\/b> Bl\u00f6jor \u00e4r till\u00e5tna och kommer inte att sakta ner processen att l\u00e4ra sig att vara torr. Det kan f\u00f6rb\u00e4ttra allas s\u00f6mnkvalitet och minska tv\u00e4ttm\u00e4ngden.<\/p><\/li><li><p data-path-to-node=\"7,3,0\"><b data-path-to-node=\"7,3,0\" data-index-in-node=\"0\">St\u00e4llning:<\/b> Skyll inte p\u00e5 eller bestraffa. Ber\u00f6m framg\u00e5ngar (torra n\u00e4tter).<\/p><\/li><\/ul><p data-path-to-node=\"8\"><b data-path-to-node=\"8\" data-index-in-node=\"0\">N\u00e4r ska man f\u00e5 behandling?<\/b> Om ett barn \u00f6ver 6 \u00e5r st\u00e4ndigt kissar i s\u00e4ngen och upplever obehag, diskutera saken med en l\u00e4kare.<\/p><ul data-path-to-node=\"9\"><li><p data-path-to-node=\"9,0,0\"><b data-path-to-node=\"9,0,0\" data-index-in-node=\"0\">Bevattningslarm:<\/b> En effektiv metod (ca 70 %-f\u00f6rdelar) som l\u00e4r hj\u00e4rnan att vakna n\u00e4r bl\u00e5san \u00e4r full. Kr\u00e4ver engagemang fr\u00e5n familjen i m\u00e5nader.<\/p><\/li><li><p data-path-to-node=\"9,1,0\"><b data-path-to-node=\"9,1,0\" data-index-in-node=\"0\">L\u00e4kemedelsbehandling (Desmopressin):<\/b> Minskar m\u00e4ngden urin som sl\u00e4pps ut p\u00e5 natten. Hj\u00e4lper m\u00e5nga att h\u00e5lla sig torra, t.ex. under nattliga bes\u00f6k.<\/p><\/li><\/ul><hr data-path-to-node=\"10\" \/><h3 data-path-to-node=\"11\">2. Daglig vattning<\/h3><p data-path-to-node=\"12\">S\u00e4ngv\u00e4tning orsakas ofta av att man gl\u00f6mmer att kissa i lekens sp\u00e4nning eller f\u00f6rs\u00f6ker h\u00e5lla inne det f\u00f6r l\u00e4nge.<\/p><p data-path-to-node=\"13\"><b data-path-to-node=\"13\" data-index-in-node=\"0\">Sj\u00e4lvv\u00e5rd och tr\u00e4ning:<\/b><\/p><ul data-path-to-node=\"14\"><li><p data-path-to-node=\"14,0,0\"><b data-path-to-node=\"14,0,0\" data-index-in-node=\"0\">Regelbunden urineringsrytm:<\/b> Anv\u00e4nd en &quot;klocka&quot; som v\u00e4gledning. L\u00e4mpligt intervall mellan urineringar \u00e4r ungef\u00e4r <b data-path-to-node=\"14,0,0\" data-index-in-node=\"81\">2 timmar<\/b>. Intervaller p\u00e5 mer \u00e4n 4 timmar b\u00f6r undvikas.<\/p><\/li><li><p data-path-to-node=\"14,1,0\"><b data-path-to-node=\"14,1,0\" data-index-in-node=\"0\">Ett lugnt toalettbes\u00f6k:<\/b> Du f\u00e5r inte urinera p\u00e5 toaletten. Du m\u00e5ste t\u00f6mma bl\u00e5san ordentligt och vid behov f\u00f6rs\u00f6ka urinera igen efter en kort paus.<\/p><\/li><li><p data-path-to-node=\"14,2,0\"><b data-path-to-node=\"14,2,0\" data-index-in-node=\"0\">Hygien:<\/b> Tv\u00e4tta huden p\u00e5 nedre delen av buken dagligen med rent vatten. Irritation eller sveda kan \u00f6ka urineringsbehovet.<\/p><\/li><li><p data-path-to-node=\"14,3,0\"><b data-path-to-node=\"14,3,0\" data-index-in-node=\"0\">Undvik stimuli:<\/b> L\u00e4sk med h\u00f6g socker- eller koffeinhalt kan irritera bl\u00e5san.<\/p><\/li><li>Ibland kan medicinen oxybutynin provas<\/li><\/ul><hr data-path-to-node=\"15\" \/><h3 data-path-to-node=\"16\">3. Se upp f\u00f6r f\u00f6rstoppning!<\/h3><p data-path-to-node=\"17\">F\u00f6rstoppning \u00e4r en vanlig orsak till kr\u00e4kningar b\u00e5de nattetid och dagtid. En full tarm s\u00e4tter tryck p\u00e5 bl\u00e5san och st\u00f6r dess funktion. <b data-path-to-node=\"17\" data-index-in-node=\"113\">Se till att ditt barns mage fungerar smidigt och dagligen.<\/b><\/p><hr data-path-to-node=\"18\" \/><h3 data-path-to-node=\"19\">N\u00e4r ska man omedelbart upps\u00f6ka l\u00e4kare?<\/h3><p data-path-to-node=\"20\">S\u00f6k l\u00e4karv\u00e5rd om din bevattning \u00e5tf\u00f6ljs av n\u00e5got av f\u00f6ljande:<\/p><ol start=\"1\" data-path-to-node=\"21\"><li><p data-path-to-node=\"21,0,0\">Bevattningen b\u00f6rjar igen efter en l\u00e5ng torrperiod och \u00e5tf\u00f6ljs av <b data-path-to-node=\"21,0,0\" data-index-in-node=\"71\">\u00f6verdriven t\u00f6rst, viktminskning eller sv\u00e5r tr\u00f6tthet<\/b>.<\/p><\/li><li><p data-path-to-node=\"21,1,0\">Urinering \u00e4r <b data-path-to-node=\"21,1,0\" data-index-in-node=\"16\">sm\u00e4rtsam<\/b> eller urinen har en ovanlig lukt\/f\u00e4rg.<\/p><\/li><li><p data-path-to-node=\"21,2,0\">Barnet har ih\u00e5llande avf\u00f6ringsl\u00e4ckage eller sv\u00e5r f\u00f6rstoppning.<\/p><\/li><\/ol><p>Artikel i Health Library<\/p><p><a href=\"https:\/\/www.terveyskirjasto.fi\/dlk00134\" target=\"_blank\" rel=\"noopener\">https:\/\/www.terveyskirjasto.fi\/dlk00134<\/a><\/p><p>\u00a0<\/p>\t\t\t\t\t\t\t\t<\/div>\n\t\t\t\t<\/div>\n\t\t\t\t\t<\/div>\n\t\t\t\t<\/div>\n\t\t\t\t<\/div>","protected":false},"excerpt":{"rendered":"<p>Kastelu lapsella \u2013 Ohjeita kotiin ja hoitoon Lapsen virtsarakon hallinta on monimutkainen taito, joka kypsyy yksil\u00f6llisesti yleens\u00e4 4\u20136 vuoden ik\u00e4\u00e4n menness\u00e4. Kastelu ainoana oireena on hyvin harvoin merkki sairaudesta, mutta se voi kuormittaa lapsen itsetuntoa ja perheen arkea. 1. Y\u00f6kastelu Y\u00f6kastelu johtuu usein sike\u00e4st\u00e4 unesta (lapsi ei her\u00e4\u00e4 t\u00e4yden rakon tunteeseen) tai y\u00f6llisen virtsanerityksen s\u00e4\u00e4telyn [&hellip;]<\/p>\n","protected":false},"author":1,"featured_media":0,"parent":0,"menu_order":0,"comment_status":"closed","ping_status":"closed","template":"","meta":{"_angie_page":false,"site-sidebar-layout":"no-sidebar","site-content-layout":"page-builder","ast-site-content-layout":"full-width-container","site-content-style":"default","site-sidebar-style":"default","ast-global-header-display":"","ast-banner-title-visibility":"","ast-main-header-display":"","ast-hfb-above-header-display":"","ast-hfb-below-header-display":"","ast-hfb-mobile-header-display":"","site-post-title":"","ast-breadcrumbs-content":"","ast-featured-img":"disabled","footer-sml-layout":"","ast-disable-related-posts":"","theme-transparent-header-meta":"","adv-header-id-meta":"","stick-header-meta":"","header-above-stick-meta":"","header-main-stick-meta":"","header-below-stick-meta":"","astra-migrate-meta-layouts":"set","ast-page-background-enabled":"default","ast-page-background-meta":{"desktop":{"background-color":"","background-image":"","background-repeat":"repeat","background-position":"center center","background-size":"auto","background-attachment":"scroll","background-type":"","background-media":"","overlay-type":"","overlay-color":"","overlay-opacity":"","overlay-gradient":""},"tablet":{"background-color":"","background-image":"","background-repeat":"repeat","background-position":"center center","background-size":"auto","background-attachment":"scroll","background-type":"","background-media":"","overlay-type":"","overlay-color":"","overlay-opacity":"","overlay-gradient":""},"mobile":{"background-color":"","background-image":"","background-repeat":"repeat","background-position":"center center","background-size":"auto","background-attachment":"scroll","background-type":"","background-media":"","overlay-type":"","overlay-color":"","overlay-opacity":"","overlay-gradient":""}},"ast-content-background-meta":{"desktop":{"background-color":"var(--ast-global-color-5)","background-image":"","background-repeat":"repeat","background-position":"center center","background-size":"auto","background-attachment":"scroll","background-type":"","background-media":"","overlay-type":"","overlay-color":"","overlay-opacity":"","overlay-gradient":""},"tablet":{"background-color":"var(--ast-global-color-5)","background-image":"","background-repeat":"repeat","background-position":"center center","background-size":"auto","background-attachment":"scroll","background-type":"","background-media":"","overlay-type":"","overlay-color":"","overlay-opacity":"","overlay-gradient":""},"mobile":{"background-color":"var(--ast-global-color-5)","background-image":"","background-repeat":"repeat","background-position":"center center","background-size":"auto","background-attachment":"scroll","background-type":"","background-media":"","overlay-type":"","overlay-color":"","overlay-opacity":"","overlay-gradient":""}},"footnotes":""},"class_list":["post-1380","page","type-page","status-publish","hentry"],"_links":{"self":[{"href":"https:\/\/lastenkirurgia.fi\/sv\/wp-json\/wp\/v2\/pages\/1380","targetHints":{"allow":["GET"]}}],"collection":[{"href":"https:\/\/lastenkirurgia.fi\/sv\/wp-json\/wp\/v2\/pages"}],"about":[{"href":"https:\/\/lastenkirurgia.fi\/sv\/wp-json\/wp\/v2\/types\/page"}],"author":[{"embeddable":true,"href":"https:\/\/lastenkirurgia.fi\/sv\/wp-json\/wp\/v2\/users\/1"}],"replies":[{"embeddable":true,"href":"https:\/\/lastenkirurgia.fi\/sv\/wp-json\/wp\/v2\/comments?post=1380"}],"version-history":[{"count":4,"href":"https:\/\/lastenkirurgia.fi\/sv\/wp-json\/wp\/v2\/pages\/1380\/revisions"}],"predecessor-version":[{"id":1658,"href":"https:\/\/lastenkirurgia.fi\/sv\/wp-json\/wp\/v2\/pages\/1380\/revisions\/1658"}],"wp:attachment":[{"href":"https:\/\/lastenkirurgia.fi\/sv\/wp-json\/wp\/v2\/media?parent=1380"}],"curies":[{"name":"wp","href":"https:\/\/api.w.org\/{rel}","templated":true}]}}