{"id":1390,"date":"2026-04-09T13:54:21","date_gmt":"2026-04-09T13:54:21","guid":{"rendered":"https:\/\/darkcyan-pheasant-754087.hostingersite.com\/?page_id=1390"},"modified":"2026-04-12T15:42:18","modified_gmt":"2026-04-12T15:42:18","slug":"lapsen-kaden-vamma","status":"publish","type":"page","link":"https:\/\/lastenkirurgia.fi\/sv\/lapsen-kaden-vamma\/","title":{"rendered":"Barnets handskada"},"content":{"rendered":"<div data-elementor-type=\"wp-page\" data-elementor-id=\"1390\" class=\"elementor elementor-1390\" data-elementor-post-type=\"page\">\n\t\t\t\t<div class=\"elementor-element elementor-element-17b6c2e e-flex e-con-boxed e-con e-parent\" data-id=\"17b6c2e\" data-element_type=\"container\" data-e-type=\"container\">\n\t\t\t\t\t<div class=\"e-con-inner\">\n\t\t\t\t<div class=\"elementor-element elementor-element-a7fff64 elementor-widget elementor-widget-text-editor\" data-id=\"a7fff64\" data-element_type=\"widget\" data-e-type=\"widget\" data-widget_type=\"text-editor.default\">\n\t\t\t\t<div class=\"elementor-widget-container\">\n\t\t\t\t\t\t\t\t\t<h2 data-path-to-node=\"2\">Hand- och handledsskador hos barn: En guide f\u00f6r f\u00f6r\u00e4ldrar<\/h2><p data-path-to-node=\"3\">Handen \u00e4r den vanligaste skadade kroppsdelen hos barn. Behandlingen av frakturer hos barn skiljer sig fr\u00e5n den hos vuxna eftersom barns ben st\u00e4ndigt v\u00e4xer. Denna tillv\u00e4xt \u00e4r en stor f\u00f6rdel, eftersom den kan korrigera m\u00e5nga felst\u00e4llningar efter frakturer p\u00e5 egen hand.<\/p><h3 data-path-to-node=\"4\">Vanligaste typerna av skador<\/h3><ul data-path-to-node=\"5\"><li><p data-path-to-node=\"5,0,0\"><b data-path-to-node=\"5,0,0\" data-index-in-node=\"0\">Fingertoppsskador:<\/b> Att f\u00e5 ett finger fast i en d\u00f6rr \u00e4r en typisk olycka f\u00f6r sm\u00e5 barn. \u00c4ven om det finns en fraktur \u00e4r det viktigaste ofta att kontrollera nagelb\u00e4ddens skick och eventuellt reparera den.<\/p><\/li><li><p data-path-to-node=\"5,1,0\"><b data-path-to-node=\"5,1,0\" data-index-in-node=\"0\">Frakturer i fingerbasen och mellanhandsbenen:<\/b> Skador \u00e4r vanliga hos \u00e4ldre barn och behandlas oftast utan operation med tejpning, skena eller gips.<\/p><\/li><li><p data-path-to-node=\"5,2,0\"><b data-path-to-node=\"5,2,0\" data-index-in-node=\"0\">Frakturer i handledsomr\u00e5det:<\/b> Frakturer i den nedre delen av radius, s\u00e4rskilt de som orsakas av fall, \u00e4r mycket vanliga.<\/p><\/li><\/ul><h3 data-path-to-node=\"6\">Frakturer som kr\u00e4ver s\u00e4rskild uppm\u00e4rksamhet<\/h3><p data-path-to-node=\"7\">Vissa typer av frakturer \u00e4r smygande och kr\u00e4ver n\u00e4stan alltid specialistbehandling eller kirurgi:<\/p><ol start=\"1\" data-path-to-node=\"8\"><li><p data-path-to-node=\"8,0,0\"><b data-path-to-node=\"8,0,0\" data-index-in-node=\"0\">Seymours fraktur:<\/b> En fraktur som g\u00e5r genom fingertoppens tillv\u00e4xtlinje, d\u00e4r nagelroten kan bli kvar i frakturgapet.<\/p><\/li><li><p data-path-to-node=\"8,1,0\"><b data-path-to-node=\"8,1,0\" data-index-in-node=\"0\">Fraktur p\u00e5 fingerlemmens hals:<\/b> Den trasiga delen kan rotera upp till 180 grader. Om detta l\u00e4mnas obehandlat kommer det permanent att begr\u00e4nsa m\u00f6jligheten att b\u00f6ja fingret.<\/p><\/li><li><p data-path-to-node=\"8,2,0\"><b data-path-to-node=\"8,2,0\" data-index-in-node=\"0\">Intraartikul\u00e4ra frakturer:<\/b> Kr\u00e4ver ofta operation f\u00f6r att g\u00f6ra ledytan helt sl\u00e4t.<\/p><\/li><li><p data-path-to-node=\"8,3,0\"><b data-path-to-node=\"8,3,0\" data-index-in-node=\"0\">Vridningar (rotationsfel):<\/b> Till skillnad fr\u00e5n vinkelfel, <b data-path-to-node=\"8,3,0\" data-index-in-node=\"55\">tillv\u00e4xten korrigerar inte benets kr\u00f6kning<\/b>. D\u00e4rf\u00f6r \u00e4r det viktigt att kontrollera att fingrarna b\u00f6js \u00e5t r\u00e4tt h\u00e5ll n\u00e4r de b\u00f6js (naglarna pekar \u00e5t samma h\u00e5ll).<\/p><\/li><\/ol><hr data-path-to-node=\"9\" \/><h3 data-path-to-node=\"10\">Typer av handledsfrakturer och deras behandling<\/h3><p data-path-to-node=\"11\">L\u00e4karen kommer att avg\u00f6ra typen av fraktur baserat p\u00e5 r\u00f6ntgenbilden. Behandlingen beror p\u00e5 typen av fraktur:<\/p><table data-path-to-node=\"12\"><thead><tr><td><strong>Frakturtyp<\/strong><\/td><td><strong>Beskrivning<\/strong><\/td><td><strong>Typisk behandling<\/strong><\/td><\/tr><\/thead><tbody><tr><td><span data-path-to-node=\"12,1,0,0\"><b data-path-to-node=\"12,1,0,0\" data-index-in-node=\"0\">Torusfraktur<\/b><\/span><\/td><td><span data-path-to-node=\"12,1,1,0\">&quot;Rynkning&quot; av benskalet, en stabil skada.<\/span><\/td><td><span data-path-to-node=\"12,1,2,0\">Ett st\u00f6dbandage, en skena eller ett gips huvudsakligen f\u00f6r sm\u00e4rtlindring.<\/span><\/td><\/tr><tr><td><span data-path-to-node=\"12,2,0,0\"><b data-path-to-node=\"12,2,0,0\" data-index-in-node=\"0\">Gr\u00f6npinne (pilpinne)<\/b><\/span><\/td><td><span data-path-to-node=\"12,2,1,0\">Benet bryts bara p\u00e5 ena sidan och b\u00f6js.<\/span><\/td><td><span data-path-to-node=\"12,2,2,0\">Ompositionering (repositionering) och gipsning.<\/span><\/td><\/tr><tr><td><span data-path-to-node=\"12,3,0,0\"><b data-path-to-node=\"12,3,0,0\" data-index-in-node=\"0\">Korsfraktur<\/b><\/span><\/td><td><span data-path-to-node=\"12,3,1,0\">Benet \u00e4r helt brutet, ofta med f\u00f6rkortning.<\/span><\/td><td><span data-path-to-node=\"12,3,2,0\">R\u00e4tning och putsning.<\/span><\/td><\/tr><tr><td><span data-path-to-node=\"12,4,0,0\"><b data-path-to-node=\"12,4,0,0\" data-index-in-node=\"0\">Tillv\u00e4xtlinjefraktur<\/b><\/span><\/td><td><span data-path-to-node=\"12,4,1,0\">Frakturen str\u00e4cker sig till den linje som motsvarar ryggradens tillv\u00e4xt.<\/span><\/td><td><span data-path-to-node=\"12,4,2,0\">Noggrann positionering; undvik on\u00f6diga f\u00f6rs\u00f6k att s\u00e4kra tillv\u00e4xten.<\/span><\/td><\/tr><\/tbody><\/table><hr data-path-to-node=\"13\" \/><h3 data-path-to-node=\"14\">Tillv\u00e4xtens betydelse f\u00f6r \u00e5terh\u00e4mtningen<\/h3><p data-path-to-node=\"15\">Barnets \u00e5lder \u00e4r en avg\u00f6rande faktor i behandlingen:<\/p><ul data-path-to-node=\"16\"><li><p data-path-to-node=\"16,0,0\"><b data-path-to-node=\"16,0,0\" data-index-in-node=\"0\">Under 10 \u00e5r:<\/b> Potentialen f\u00f6r skelettreparation (ombyggnad) \u00e4r utm\u00e4rkt. Till exempel kan ett betydande vinkelfel (upp till 30\u201335 grader) tolereras i handleden eftersom tillv\u00e4xten r\u00e4tar ut benet med tiden.<\/p><\/li><li><p data-path-to-node=\"16,1,0\"><b data-path-to-node=\"16,1,0\" data-index-in-node=\"0\">\u00d6ver 10 \u00e5r och ton\u00e5ringar:<\/b> Det finns mindre tillv\u00e4xt kvar, s\u00e5 frakturens position \u00e4r mer exakt. Behandlingen n\u00e4rmar sig principerna f\u00f6r vuxenbehandling.<\/p><\/li><\/ul><h3 data-path-to-node=\"17\">N\u00e4r beh\u00f6vs operation?<\/h3><p data-path-to-node=\"18\">\u00c4ven om de flesta skador l\u00e4ker med gips, beh\u00f6vs operation (t.ex. sm\u00e5 stygn eller \u00f6ppning) om:<\/p><ul data-path-to-node=\"19\"><li><p data-path-to-node=\"19,0,0\">Det finns ett sk\u00e5ra p\u00e5 ledytan.<\/p><\/li><li><p data-path-to-node=\"19,1,0\">Brottet har ett betydande vridningsfel.<\/p><\/li><li><p data-path-to-node=\"19,2,0\">Frakturl\u00e4get \u00e4r s\u00e5 instabilt att det inte kan h\u00e5llas p\u00e5 plats med bara ett gips.<\/p><\/li><li><p data-path-to-node=\"19,3,0\">Detta \u00e4r en skada p\u00e5 tillv\u00e4xtlinjen som hotar benets normala tillv\u00e4xt i framtiden.<\/p><\/li><\/ul><p>\u00a0<\/p><p>\u00d6versikt \u00f6ver handskador hos barn (2014 \u00e5rs version)<\/p><p><a href=\"https:\/\/bin.yhdistysavain.fi\/1607320\/KmxJWwsTh84H17vAox0p0Y0pGK\/sot1-14_lasten_kaden_ja_ranteen.pdf\" target=\"_blank\" rel=\"noopener\">https:\/\/bin.yhdistysavain.fi\/1607320\/KmxJWwsTh84H17vAox0p0Y0pGK\/sot1-14_lasten_kaden_ja_ranteen.pdf<\/a><\/p><p>\u00a0<\/p>\t\t\t\t\t\t\t\t<\/div>\n\t\t\t\t<\/div>\n\t\t\t\t\t<\/div>\n\t\t\t\t<\/div>\n\t\t\t\t<\/div>","protected":false},"excerpt":{"rendered":"<p>Lapsen k\u00e4den ja ranteen vammat: Opas vanhemmille K\u00e4si on lapsen yleisimmin vammautuva kehonosa. Lasten murtumien hoito eroaa aikuisten hoidosta, koska lapsen luusto kasvaa jatkuvasti. T\u00e4m\u00e4 kasvu on suuri etu, sill\u00e4 se pystyy korjaamaan monia murtuman j\u00e4lkeisi\u00e4 virheasentoja itsest\u00e4\u00e4n. Tavallisimmat vammatyypit Sormenp\u00e4iden vammat: Pienill\u00e4 lapsilla sormen j\u00e4\u00e4minen oven v\u00e4liin on tyypillinen tapaturma. Vaikka luussa olisi murtuma, [&hellip;]<\/p>\n","protected":false},"author":1,"featured_media":0,"parent":0,"menu_order":0,"comment_status":"closed","ping_status":"closed","template":"","meta":{"_angie_page":false,"site-sidebar-layout":"no-sidebar","site-content-layout":"page-builder","ast-site-content-layout":"full-width-container","site-content-style":"default","site-sidebar-style":"default","ast-global-header-display":"","ast-banner-title-visibility":"","ast-main-header-display":"","ast-hfb-above-header-display":"","ast-hfb-below-header-display":"","ast-hfb-mobile-header-display":"","site-post-title":"","ast-breadcrumbs-content":"","ast-featured-img":"disabled","footer-sml-layout":"","ast-disable-related-posts":"","theme-transparent-header-meta":"","adv-header-id-meta":"","stick-header-meta":"","header-above-stick-meta":"","header-main-stick-meta":"","header-below-stick-meta":"","astra-migrate-meta-layouts":"set","ast-page-background-enabled":"default","ast-page-background-meta":{"desktop":{"background-color":"","background-image":"","background-repeat":"repeat","background-position":"center center","background-size":"auto","background-attachment":"scroll","background-type":"","background-media":"","overlay-type":"","overlay-color":"","overlay-opacity":"","overlay-gradient":""},"tablet":{"background-color":"","background-image":"","background-repeat":"repeat","background-position":"center center","background-size":"auto","background-attachment":"scroll","background-type":"","background-media":"","overlay-type":"","overlay-color":"","overlay-opacity":"","overlay-gradient":""},"mobile":{"background-color":"","background-image":"","background-repeat":"repeat","background-position":"center center","background-size":"auto","background-attachment":"scroll","background-type":"","background-media":"","overlay-type":"","overlay-color":"","overlay-opacity":"","overlay-gradient":""}},"ast-content-background-meta":{"desktop":{"background-color":"var(--ast-global-color-5)","background-image":"","background-repeat":"repeat","background-position":"center center","background-size":"auto","background-attachment":"scroll","background-type":"","background-media":"","overlay-type":"","overlay-color":"","overlay-opacity":"","overlay-gradient":""},"tablet":{"background-color":"var(--ast-global-color-5)","background-image":"","background-repeat":"repeat","background-position":"center center","background-size":"auto","background-attachment":"scroll","background-type":"","background-media":"","overlay-type":"","overlay-color":"","overlay-opacity":"","overlay-gradient":""},"mobile":{"background-color":"var(--ast-global-color-5)","background-image":"","background-repeat":"repeat","background-position":"center center","background-size":"auto","background-attachment":"scroll","background-type":"","background-media":"","overlay-type":"","overlay-color":"","overlay-opacity":"","overlay-gradient":""}},"footnotes":""},"class_list":["post-1390","page","type-page","status-publish","hentry"],"_links":{"self":[{"href":"https:\/\/lastenkirurgia.fi\/sv\/wp-json\/wp\/v2\/pages\/1390","targetHints":{"allow":["GET"]}}],"collection":[{"href":"https:\/\/lastenkirurgia.fi\/sv\/wp-json\/wp\/v2\/pages"}],"about":[{"href":"https:\/\/lastenkirurgia.fi\/sv\/wp-json\/wp\/v2\/types\/page"}],"author":[{"embeddable":true,"href":"https:\/\/lastenkirurgia.fi\/sv\/wp-json\/wp\/v2\/users\/1"}],"replies":[{"embeddable":true,"href":"https:\/\/lastenkirurgia.fi\/sv\/wp-json\/wp\/v2\/comments?post=1390"}],"version-history":[{"count":4,"href":"https:\/\/lastenkirurgia.fi\/sv\/wp-json\/wp\/v2\/pages\/1390\/revisions"}],"predecessor-version":[{"id":1649,"href":"https:\/\/lastenkirurgia.fi\/sv\/wp-json\/wp\/v2\/pages\/1390\/revisions\/1649"}],"wp:attachment":[{"href":"https:\/\/lastenkirurgia.fi\/sv\/wp-json\/wp\/v2\/media?parent=1390"}],"curies":[{"name":"wp","href":"https:\/\/api.w.org\/{rel}","templated":true}]}}