{"id":1394,"date":"2026-04-09T13:54:57","date_gmt":"2026-04-09T13:54:57","guid":{"rendered":"https:\/\/darkcyan-pheasant-754087.hostingersite.com\/?page_id=1394"},"modified":"2026-04-12T15:38:13","modified_gmt":"2026-04-12T15:38:13","slug":"lapsen-polvikipu","status":"publish","type":"page","link":"https:\/\/lastenkirurgia.fi\/sv\/lapsen-polvikipu\/","title":{"rendered":"Barnets kn\u00e4sm\u00e4rta"},"content":{"rendered":"<div data-elementor-type=\"wp-page\" data-elementor-id=\"1394\" class=\"elementor elementor-1394\" data-elementor-post-type=\"page\">\n\t\t\t\t<div class=\"elementor-element elementor-element-c91ead2 e-flex e-con-boxed e-con e-parent\" data-id=\"c91ead2\" data-element_type=\"container\" data-e-type=\"container\">\n\t\t\t\t\t<div class=\"e-con-inner\">\n\t\t\t\t<div class=\"elementor-element elementor-element-707b9a8 elementor-widget elementor-widget-text-editor\" data-id=\"707b9a8\" data-element_type=\"widget\" data-e-type=\"widget\" data-widget_type=\"text-editor.default\">\n\t\t\t\t<div class=\"elementor-widget-container\">\n\t\t\t\t\t\t\t\t\t<h3 data-path-to-node=\"8\">Vanliga problem med kn\u00e4bristning<\/h3><p data-path-to-node=\"9\">Speciellt hos unga personer som idrottar och v\u00e4xer upp f\u00f6rekommer typiska sm\u00e4rttillst\u00e5nd:<\/p><ul data-path-to-node=\"10\"><li><p data-path-to-node=\"10,0,0\"><b data-path-to-node=\"10,0,0\" data-index-in-node=\"0\">Osgood-Schlatters sjukdom:<\/b> \u00a0<b data-path-to-node=\"10,0,0\" data-index-in-node=\"28\">Symtom:<\/b> Sm\u00e4rta och svullnad h\u00f6gst upp p\u00e5 skenbenet, strax under kn\u00e4sk\u00e5len.<\/p><ul data-path-to-node=\"10,0,1\"><li><p data-path-to-node=\"10,0,1,0,0\"><b data-path-to-node=\"10,0,1,0,0\" data-index-in-node=\"0\">Resonera:<\/b> Belastning av l\u00e5rmuskelns senf\u00e4ste under en tillv\u00e4xtspurt (vanligtvis hos 12\u201315-\u00e5ringar).<\/p><\/li><li><p data-path-to-node=\"10,0,1,1,0\"><b data-path-to-node=\"10,0,1,1,0\" data-index-in-node=\"0\">V\u00e5rd:<\/b> Minska stress under sport och undvika sm\u00e4rtsamma r\u00f6relser (som hoppning). Tillst\u00e5ndet f\u00f6rb\u00e4ttras av sig sj\u00e4lvt senast vid slutet av tillv\u00e4xtperioden.<\/p><\/li><\/ul><\/li><li><p data-path-to-node=\"10,1,0\"><b data-path-to-node=\"10,1,0\" data-index-in-node=\"0\">Osteochondritis dissecans (OCD):<\/b> \u00a0<b data-path-to-node=\"10,1,0\" data-index-in-node=\"35\">Symtom:<\/b> V\u00e4rkande sm\u00e4rta i kn\u00e4t, s\u00e4rskilt vid b\u00f6jning, ibland svullnad.<\/p><ul data-path-to-node=\"10,1,1\"><li><p data-path-to-node=\"10,1,1,0,0\"><b data-path-to-node=\"10,1,1,0,0\" data-index-in-node=\"0\">Resonera:<\/b> F\u00f6r\u00e4ndring i brosk-benomr\u00e5det<\/p><\/li><li><p data-path-to-node=\"10,1,1,1,0\"><b data-path-to-node=\"10,1,1,1,0\" data-index-in-node=\"0\">V\u00e5rd:<\/b> Ofta r\u00e4cker det med bara \u00f6vervakning och vila.<\/p><\/li><\/ul><\/li><li><p data-path-to-node=\"10,2,0\"><b data-path-to-node=\"10,2,0\" data-index-in-node=\"0\">Sm\u00e4rta i fr\u00e4mre kn\u00e4sm\u00e4rta (symtom av typen Chondromalacia patellae):<\/b> \u00a0<b data-path-to-node=\"10,2,0\" data-index-in-node=\"63\">Symtom:<\/b> Vag sm\u00e4rta i kn\u00e4ets framsida vid l\u00f6pning eller sittande under l\u00e4ngre tid (t.ex. i bilen eller p\u00e5 bio).<\/p><ul data-path-to-node=\"10,2,1\"><li><p data-path-to-node=\"10,2,1,0,0\"><b data-path-to-node=\"10,2,1,0,0\" data-index-in-node=\"0\">V\u00e5rd:<\/b> Sm\u00e4rtan \u00e4r ofta \u00f6verg\u00e5ende och lindrar med tiden.<\/p><\/li><\/ul><\/li><\/ul><p>Hos sm\u00e5 barn under skol\u00e5ldern \u00e4r orsakerna olika och det \u00e4r ibland sv\u00e5rt att avg\u00f6ra var p\u00e5 extremiteten sm\u00e4rtan sitter. Orsaken kan vara en skada, synovit etc.\u00a0<\/p><hr data-path-to-node=\"11\" \/><h3 data-path-to-node=\"12\">N\u00e4r ska man tr\u00e4ffa en l\u00e4kare?<\/h3><p data-path-to-node=\"13\">De flesta tillf\u00e4lliga kn\u00e4sm\u00e4rtor f\u00f6rb\u00e4ttras inom n\u00e5gra dagar med vila. Tydliga symtom som kr\u00e4ver utredning inkluderar:<\/p><ol start=\"1\" data-path-to-node=\"14\"><li><p data-path-to-node=\"14,0,0\"><b data-path-to-node=\"14,0,0\" data-index-in-node=\"0\">Kn\u00e4et svullnar, blir varmt eller r\u00f6tt<\/b>\u00a0<\/p><\/li><li><p data-path-to-node=\"14,1,0\"><b data-path-to-node=\"14,1,0\" data-index-in-node=\"0\">Sm\u00e4rta \u00e5tf\u00f6ljs av feber:<\/b> Detta kr\u00e4ver omedelbar (akut) utv\u00e4rdering p\u00e5 grund av m\u00f6jlig bakteriell infektion.<\/p><\/li><li><p data-path-to-node=\"14,2,0\"><b data-path-to-node=\"14,2,0\" data-index-in-node=\"0\">Halta eller sv\u00e5r sm\u00e4rta<\/b> utan tydlig anledning<\/p><\/li><li><p data-path-to-node=\"14,3,0\"><b data-path-to-node=\"14,3,0\" data-index-in-node=\"0\">Morgonstelhet:<\/b> Leden k\u00e4nns stel och \u00f6m p\u00e5 morgonen (kan tyda p\u00e5 en inflammatorisk sjukdom\/reumatism).<\/p><\/li><li><p data-path-to-node=\"14,4,0\"><b data-path-to-node=\"14,4,0\" data-index-in-node=\"0\">Barnet kan inte belasta benet.<\/b><\/p><\/li><\/ol><p><a href=\"https:\/\/www.terveyskirjasto.fi\/dlk00471\" target=\"_blank\" rel=\"noopener\">https:\/\/www.terveyskirjasto.fi\/dlk00471<\/a><\/p>\t\t\t\t\t\t\t\t<\/div>\n\t\t\t\t<\/div>\n\t\t\t\t\t<\/div>\n\t\t\t\t<\/div>\n\t\t\t\t<\/div>","protected":false},"excerpt":{"rendered":"<p>Tavalliset polven rasitusvaivat Erityisesti urheilevilla ja kasvavilla nuorilla esiintyy tyypillisi\u00e4 kiputiloja: Osgood\u2013Schlatterin tauti: \u00a0Oireet: Kipua ja turvotusta s\u00e4\u00e4riluun yl\u00e4osassa, juuri polvilumpion alapuolella. Syy: Reisilihaksen j\u00e4nteen kiinnityskohdan rasitus kasvupyr\u00e4hdyksen aikana (tyypillisesti 12\u201315-vuotiailla). Hoito: Urheilurasituksen kevent\u00e4minen ja kivuliaiden liikkeiden (kuten hyppyjen) v\u00e4ltt\u00e4minen. Vaiva paranevat itsest\u00e4\u00e4n viimeist\u00e4\u00e4n kasvun p\u00e4\u00e4ttyess\u00e4. Osteochondritis dissecans (OCD): \u00a0Oireet: Jomottava s\u00e4rky polvessa varsinkin koukistaessa, [&hellip;]<\/p>\n","protected":false},"author":1,"featured_media":0,"parent":0,"menu_order":0,"comment_status":"closed","ping_status":"closed","template":"","meta":{"_angie_page":false,"site-sidebar-layout":"no-sidebar","site-content-layout":"page-builder","ast-site-content-layout":"full-width-container","site-content-style":"default","site-sidebar-style":"default","ast-global-header-display":"","ast-banner-title-visibility":"","ast-main-header-display":"","ast-hfb-above-header-display":"","ast-hfb-below-header-display":"","ast-hfb-mobile-header-display":"","site-post-title":"","ast-breadcrumbs-content":"","ast-featured-img":"disabled","footer-sml-layout":"","ast-disable-related-posts":"","theme-transparent-header-meta":"","adv-header-id-meta":"","stick-header-meta":"","header-above-stick-meta":"","header-main-stick-meta":"","header-below-stick-meta":"","astra-migrate-meta-layouts":"set","ast-page-background-enabled":"default","ast-page-background-meta":{"desktop":{"background-color":"","background-image":"","background-repeat":"repeat","background-position":"center center","background-size":"auto","background-attachment":"scroll","background-type":"","background-media":"","overlay-type":"","overlay-color":"","overlay-opacity":"","overlay-gradient":""},"tablet":{"background-color":"","background-image":"","background-repeat":"repeat","background-position":"center center","background-size":"auto","background-attachment":"scroll","background-type":"","background-media":"","overlay-type":"","overlay-color":"","overlay-opacity":"","overlay-gradient":""},"mobile":{"background-color":"","background-image":"","background-repeat":"repeat","background-position":"center center","background-size":"auto","background-attachment":"scroll","background-type":"","background-media":"","overlay-type":"","overlay-color":"","overlay-opacity":"","overlay-gradient":""}},"ast-content-background-meta":{"desktop":{"background-color":"var(--ast-global-color-5)","background-image":"","background-repeat":"repeat","background-position":"center center","background-size":"auto","background-attachment":"scroll","background-type":"","background-media":"","overlay-type":"","overlay-color":"","overlay-opacity":"","overlay-gradient":""},"tablet":{"background-color":"var(--ast-global-color-5)","background-image":"","background-repeat":"repeat","background-position":"center center","background-size":"auto","background-attachment":"scroll","background-type":"","background-media":"","overlay-type":"","overlay-color":"","overlay-opacity":"","overlay-gradient":""},"mobile":{"background-color":"var(--ast-global-color-5)","background-image":"","background-repeat":"repeat","background-position":"center center","background-size":"auto","background-attachment":"scroll","background-type":"","background-media":"","overlay-type":"","overlay-color":"","overlay-opacity":"","overlay-gradient":""}},"footnotes":""},"class_list":["post-1394","page","type-page","status-publish","hentry"],"_links":{"self":[{"href":"https:\/\/lastenkirurgia.fi\/sv\/wp-json\/wp\/v2\/pages\/1394","targetHints":{"allow":["GET"]}}],"collection":[{"href":"https:\/\/lastenkirurgia.fi\/sv\/wp-json\/wp\/v2\/pages"}],"about":[{"href":"https:\/\/lastenkirurgia.fi\/sv\/wp-json\/wp\/v2\/types\/page"}],"author":[{"embeddable":true,"href":"https:\/\/lastenkirurgia.fi\/sv\/wp-json\/wp\/v2\/users\/1"}],"replies":[{"embeddable":true,"href":"https:\/\/lastenkirurgia.fi\/sv\/wp-json\/wp\/v2\/comments?post=1394"}],"version-history":[{"count":4,"href":"https:\/\/lastenkirurgia.fi\/sv\/wp-json\/wp\/v2\/pages\/1394\/revisions"}],"predecessor-version":[{"id":1646,"href":"https:\/\/lastenkirurgia.fi\/sv\/wp-json\/wp\/v2\/pages\/1394\/revisions\/1646"}],"wp:attachment":[{"href":"https:\/\/lastenkirurgia.fi\/sv\/wp-json\/wp\/v2\/media?parent=1394"}],"curies":[{"name":"wp","href":"https:\/\/api.w.org\/{rel}","templated":true}]}}