{"id":1398,"date":"2026-04-09T13:56:00","date_gmt":"2026-04-09T13:56:00","guid":{"rendered":"https:\/\/darkcyan-pheasant-754087.hostingersite.com\/?page_id=1398"},"modified":"2026-04-16T14:40:16","modified_gmt":"2026-04-16T14:40:16","slug":"lapsen-hemangiooma","status":"publish","type":"page","link":"https:\/\/lastenkirurgia.fi\/sv\/lapsen-hemangiooma\/","title":{"rendered":"Infantilt hemangiom"},"content":{"rendered":"<div data-elementor-type=\"wp-page\" data-elementor-id=\"1398\" class=\"elementor elementor-1398\" data-elementor-post-type=\"page\">\n\t\t\t\t<div class=\"elementor-element elementor-element-59d99d3 e-flex e-con-boxed e-con e-parent\" data-id=\"59d99d3\" data-element_type=\"container\" data-e-type=\"container\">\n\t\t\t\t\t<div class=\"e-con-inner\">\n\t\t\t\t<div class=\"elementor-element elementor-element-b0ea5c0 elementor-widget elementor-widget-text-editor\" data-id=\"b0ea5c0\" data-element_type=\"widget\" data-e-type=\"widget\" data-widget_type=\"text-editor.default\">\n\t\t\t\t<div class=\"elementor-widget-container\">\n\t\t\t\t\t\t\t\t\t<h2 data-path-to-node=\"2\">Infantilt hemangiom (jordgubbsfl\u00e4ck) \u2013 V\u00e4gledning f\u00f6r f\u00f6r\u00e4ldrar<\/h2><p data-path-to-node=\"3\">Hemangiom \u00e4r den vanligaste godartade k\u00e4rltum\u00f6ren hos sp\u00e4dbarn. Den kallas ofta f\u00f6r en &quot;jordgubbsfl\u00e4ck&quot; p\u00e5 grund av sin klarr\u00f6da f\u00e4rg. Hemangiom f\u00f6rekommer hos cirka 5\u201310 % av barn med %.<\/p><h3 data-path-to-node=\"4\">1. Utvecklingsstadier av hemangiom<\/h3><p data-path-to-node=\"5\">Hemangiom k\u00e4nnetecknas av en tydlig livscykel:<\/p><ul data-path-to-node=\"6\"><li><p data-path-to-node=\"6,0,0\"><b data-path-to-node=\"6,0,0\" data-index-in-node=\"0\">Utseende:<\/b> Det visar sig vanligtvis vid n\u00e5gra veckors \u00e5lder (ibland syns det redan vid f\u00f6dseln).<\/p><\/li><li><p data-path-to-node=\"6,1,0\"><b data-path-to-node=\"6,1,0\" data-index-in-node=\"0\">Tillv\u00e4xtfas (proliferation):<\/b> Under det f\u00f6rsta levnads\u00e5ret v\u00e4xer hemangiom ofta snabbt.<\/p><\/li><li><p data-path-to-node=\"6,2,0\"><b data-path-to-node=\"6,2,0\" data-index-in-node=\"0\">Krympningsfas (involution):<\/b> Efter tillv\u00e4xtfasen b\u00f6rjar hemangiomet l\u00e5ngsamt krympa och ljusna. Denna fas kan vara i flera \u00e5r, ibland upp till 12 \u00e5rs \u00e5lder.<\/p><\/li><\/ul><h3 data-path-to-node=\"7\">2. N\u00e4r kr\u00e4ver ett hemangiom behandling?<\/h3><p data-path-to-node=\"8\">Mer \u00e4n 90 % av %-hemangiom \u00e4r ofarliga och kr\u00e4ver ingen behandling \u2013 de f\u00f6rsvinner av sig sj\u00e4lva med tiden. En l\u00e4kares utv\u00e4rdering och behandling \u00e4r dock n\u00f6dv\u00e4ndig om hemangiomet \u00e4r bel\u00e4get i ett omr\u00e5de som kan st\u00f6ra barnets normala utveckling:<\/p><ul data-path-to-node=\"9\"><li><p data-path-to-node=\"9,0,0\"><b data-path-to-node=\"9,0,0\" data-index-in-node=\"0\">\u00d6gonomr\u00e5det:<\/b> Ett hemangiom kan trycka mot \u00f6gat eller skymma synaxeln, vilket f\u00f6rs\u00e4mrar synutvecklingen.<\/p><\/li><li><p data-path-to-node=\"9,1,0\"><b data-path-to-node=\"9,1,0\" data-index-in-node=\"0\">Andningsv\u00e4gar:<\/b> Hemangiom i struphuvudet eller &quot;sk\u00e4ggomr\u00e5det&quot; kan orsaka andningssv\u00e5righeter.<\/p><\/li><li><p data-path-to-node=\"9,2,0\"><b data-path-to-node=\"9,2,0\" data-index-in-node=\"0\">S\u00e5rskada:<\/b> Om ytan p\u00e5 ett hemangiom g\u00e5r s\u00f6nder kan det vara sm\u00e4rtsamt och ben\u00e4get f\u00f6r infektion.<\/p><\/li><li><p data-path-to-node=\"9,3,0\"><b data-path-to-node=\"9,3,0\" data-index-in-node=\"0\">Stort kosmetiskt fel:<\/b> S\u00e4rskilt stora f\u00f6r\u00e4ndringar i ansiktsomr\u00e5det.<\/p><\/li><\/ul><h3 data-path-to-node=\"10\">3. Behandlingsalternativ<\/h3><p data-path-to-node=\"11\">Om behandling bed\u00f6ms n\u00f6dv\u00e4ndig finns det flera alternativ:<\/p><ul data-path-to-node=\"12\"><li><p data-path-to-node=\"12,0,0\"><b data-path-to-node=\"12,0,0\" data-index-in-node=\"0\">Betablockerare (Propranolol):<\/b> F\u00f6r n\u00e4rvarande den prim\u00e4ra behandlingen. Det \u00e4r ett oralt l\u00e4kemedel som stoppar tillv\u00e4xten och f\u00e5r hemangiomet att krympa snabbt. Behandlingen inleds ofta med sjukhus\u00f6vervakning.<\/p><\/li><li><p data-path-to-node=\"12,1,0\"><b data-path-to-node=\"12,1,0\" data-index-in-node=\"0\">Laserbehandling:<\/b> Anv\u00e4nds s\u00e4rskilt vid behandling av ulcererade hemangiom f\u00f6r att p\u00e5skynda l\u00e4kning eller l\u00e4tta upp kvarvarande blodk\u00e4rl.<\/p><\/li><li><p data-path-to-node=\"12,2,0\"><b data-path-to-node=\"12,2,0\" data-index-in-node=\"0\">Kirurgisk behandling:<\/b> Det \u00f6verv\u00e4gs vanligtvis f\u00f6rst senare om hemangiom orsakar betydande kosmetiska skador eller om l\u00e4kemedelsbehandling \u00e4r ineffektiv f\u00f6r en tum\u00f6r p\u00e5 en farlig plats.<\/p><\/li><li><p data-path-to-node=\"12,3,0\"><b data-path-to-node=\"12,3,0\" data-index-in-node=\"0\">Kortikosteroider:<\/b> Numera anv\u00e4nds det bara s\u00e4llan i speciella fall.<\/p><\/li><\/ul><h3 data-path-to-node=\"13\">4. \u00d6vervakning hemma<\/h3><ul data-path-to-node=\"14\"><li><p data-path-to-node=\"14,0,0\"><b data-path-to-node=\"14,0,0\" data-index-in-node=\"0\">Fotografi:<\/b> Det b\u00e4sta s\u00e4ttet att \u00f6vervaka utvecklingen av ett hemangiom \u00e4r att regelbundet fotografera det fr\u00e5n samma avst\u00e5nd (t.ex. en g\u00e5ng i m\u00e5naden). Detta g\u00f6r det l\u00e4tt att se f\u00f6r\u00e4ndringar i storlek och f\u00e4rg.<\/p><\/li><li><p data-path-to-node=\"14,1,0\"><b data-path-to-node=\"14,1,0\" data-index-in-node=\"0\">Skydd:<\/b> Undvik att gnugga hemangiomet. Om ytan \u00e4r skadad, reng\u00f6r den med en spray och skydda den med salva eller s\u00e5rf\u00f6rband vid behov, enligt din l\u00e4kares anvisningar.<\/p><\/li><\/ul><h3 data-path-to-node=\"15\">N\u00e4r ska man tr\u00e4ffa en l\u00e4kare?<\/h3><p data-path-to-node=\"16\">Kontakta l\u00e4kare om:<\/p><ol start=\"1\" data-path-to-node=\"17\"><li><p data-path-to-node=\"17,0,0\">Hemangiom v\u00e4xer mycket snabbt.<\/p><\/li><li><p data-path-to-node=\"17,1,0\">Den \u00e4r bel\u00e4gen n\u00e4ra \u00f6gat, n\u00e4san, munnen eller k\u00f6nsorganen.<\/p><\/li><li><p data-path-to-node=\"17,2,0\">Hemangiomets yta blir s\u00e5rbildad eller b\u00f6rjar bl\u00f6da.<\/p><\/li><li><p data-path-to-node=\"17,3,0\">Barnet har flera (fem eller fler) hemangiom i olika delar av kroppen (i detta fall unders\u00f6ks inre organ, s\u00e5som levern).<\/p><\/li><\/ol><p>Duodecim-artikeln<\/p><p><a href=\"https:\/\/www.duodecimlehti.fi\/duo10471\" target=\"_blank\" rel=\"noopener\">https:\/\/www.duodecimlehti.fi\/duo10471<\/a><\/p>\t\t\t\t\t\t\t\t<\/div>\n\t\t\t\t<\/div>\n\t\t\t\t<div class=\"elementor-element elementor-element-3710e85 elementor-widget elementor-widget-image\" data-id=\"3710e85\" data-element_type=\"widget\" data-e-type=\"widget\" data-widget_type=\"image.default\">\n\t\t\t\t<div class=\"elementor-widget-container\">\n\t\t\t\t\t\t\t\t\t\t\t\t\t\t\t<img fetchpriority=\"high\" decoding=\"async\" width=\"1024\" height=\"640\" src=\"https:\/\/lastenkirurgia.fi\/wp-content\/uploads\/2026\/04\/hemangiomachild-1024x640.webp\" class=\"attachment-large size-large wp-image-1714\" alt=\"\" srcset=\"https:\/\/lastenkirurgia.fi\/wp-content\/uploads\/2026\/04\/hemangiomachild-1024x640.webp 1024w, https:\/\/lastenkirurgia.fi\/wp-content\/uploads\/2026\/04\/hemangiomachild-300x188.webp 300w, https:\/\/lastenkirurgia.fi\/wp-content\/uploads\/2026\/04\/hemangiomachild-768x480.webp 768w, https:\/\/lastenkirurgia.fi\/wp-content\/uploads\/2026\/04\/hemangiomachild-18x12.webp 18w, https:\/\/lastenkirurgia.fi\/wp-content\/uploads\/2026\/04\/hemangiomachild.webp 1152w\" sizes=\"(max-width: 1024px) 100vw, 1024px\" \/>\t\t\t\t\t\t\t\t\t\t\t\t\t\t\t<\/div>\n\t\t\t\t<\/div>\n\t\t\t\t\t<\/div>\n\t\t\t\t<\/div>\n\t\t\t\t<\/div>","protected":false},"excerpt":{"rendered":"<p>Lapsen hemangiooma (mansikkaluomi) \u2013 Ohje vanhemmille Hemangiooma on imev\u00e4isi\u00e4n yleisin hyv\u00e4nlaatuinen verisuonikasvain. Se tunnetaan usein nimell\u00e4 \u201dmansikkaluomi\u201d sen kirkkaanpunaisen v\u00e4rin vuoksi. Hemangioomia esiintyy noin 5\u201310 %:lla lapsista. 1. Hemangiooman kehitysvaiheet Hemangioomalle on tyypillist\u00e4 selke\u00e4 elinkaari: Ilmaantuminen: Se ilmestyy yleens\u00e4 muutaman viikon i\u00e4ss\u00e4 (joskus se on n\u00e4kyviss\u00e4 jo syntyess\u00e4). Kasvuvaihe (proliferaatio): Ensimm\u00e4isen elinvuoden aikana hemangiooma kasvaa [&hellip;]<\/p>\n","protected":false},"author":1,"featured_media":0,"parent":0,"menu_order":0,"comment_status":"closed","ping_status":"closed","template":"","meta":{"_angie_page":false,"site-sidebar-layout":"no-sidebar","site-content-layout":"page-builder","ast-site-content-layout":"full-width-container","site-content-style":"default","site-sidebar-style":"default","ast-global-header-display":"","ast-banner-title-visibility":"","ast-main-header-display":"","ast-hfb-above-header-display":"","ast-hfb-below-header-display":"","ast-hfb-mobile-header-display":"","site-post-title":"","ast-breadcrumbs-content":"","ast-featured-img":"disabled","footer-sml-layout":"","ast-disable-related-posts":"","theme-transparent-header-meta":"","adv-header-id-meta":"","stick-header-meta":"","header-above-stick-meta":"","header-main-stick-meta":"","header-below-stick-meta":"","astra-migrate-meta-layouts":"set","ast-page-background-enabled":"default","ast-page-background-meta":{"desktop":{"background-color":"","background-image":"","background-repeat":"repeat","background-position":"center center","background-size":"auto","background-attachment":"scroll","background-type":"","background-media":"","overlay-type":"","overlay-color":"","overlay-opacity":"","overlay-gradient":""},"tablet":{"background-color":"","background-image":"","background-repeat":"repeat","background-position":"center center","background-size":"auto","background-attachment":"scroll","background-type":"","background-media":"","overlay-type":"","overlay-color":"","overlay-opacity":"","overlay-gradient":""},"mobile":{"background-color":"","background-image":"","background-repeat":"repeat","background-position":"center center","background-size":"auto","background-attachment":"scroll","background-type":"","background-media":"","overlay-type":"","overlay-color":"","overlay-opacity":"","overlay-gradient":""}},"ast-content-background-meta":{"desktop":{"background-color":"var(--ast-global-color-5)","background-image":"","background-repeat":"repeat","background-position":"center center","background-size":"auto","background-attachment":"scroll","background-type":"","background-media":"","overlay-type":"","overlay-color":"","overlay-opacity":"","overlay-gradient":""},"tablet":{"background-color":"var(--ast-global-color-5)","background-image":"","background-repeat":"repeat","background-position":"center center","background-size":"auto","background-attachment":"scroll","background-type":"","background-media":"","overlay-type":"","overlay-color":"","overlay-opacity":"","overlay-gradient":""},"mobile":{"background-color":"var(--ast-global-color-5)","background-image":"","background-repeat":"repeat","background-position":"center center","background-size":"auto","background-attachment":"scroll","background-type":"","background-media":"","overlay-type":"","overlay-color":"","overlay-opacity":"","overlay-gradient":""}},"footnotes":""},"class_list":["post-1398","page","type-page","status-publish","hentry"],"_links":{"self":[{"href":"https:\/\/lastenkirurgia.fi\/sv\/wp-json\/wp\/v2\/pages\/1398","targetHints":{"allow":["GET"]}}],"collection":[{"href":"https:\/\/lastenkirurgia.fi\/sv\/wp-json\/wp\/v2\/pages"}],"about":[{"href":"https:\/\/lastenkirurgia.fi\/sv\/wp-json\/wp\/v2\/types\/page"}],"author":[{"embeddable":true,"href":"https:\/\/lastenkirurgia.fi\/sv\/wp-json\/wp\/v2\/users\/1"}],"replies":[{"embeddable":true,"href":"https:\/\/lastenkirurgia.fi\/sv\/wp-json\/wp\/v2\/comments?post=1398"}],"version-history":[{"count":7,"href":"https:\/\/lastenkirurgia.fi\/sv\/wp-json\/wp\/v2\/pages\/1398\/revisions"}],"predecessor-version":[{"id":1717,"href":"https:\/\/lastenkirurgia.fi\/sv\/wp-json\/wp\/v2\/pages\/1398\/revisions\/1717"}],"wp:attachment":[{"href":"https:\/\/lastenkirurgia.fi\/sv\/wp-json\/wp\/v2\/media?parent=1398"}],"curies":[{"name":"wp","href":"https:\/\/api.w.org\/{rel}","templated":true}]}}