{"id":1400,"date":"2026-04-09T13:56:22","date_gmt":"2026-04-09T13:56:22","guid":{"rendered":"https:\/\/darkcyan-pheasant-754087.hostingersite.com\/?page_id=1400"},"modified":"2026-04-12T15:24:20","modified_gmt":"2026-04-12T15:24:20","slug":"lapsen-skolioosi","status":"publish","type":"page","link":"https:\/\/lastenkirurgia.fi\/sv\/lapsen-skolioosi\/","title":{"rendered":"Skolios hos barn"},"content":{"rendered":"<div data-elementor-type=\"wp-page\" data-elementor-id=\"1400\" class=\"elementor elementor-1400\" data-elementor-post-type=\"page\">\n\t\t\t\t<div class=\"elementor-element elementor-element-967fa70 e-flex e-con-boxed e-con e-parent\" data-id=\"967fa70\" data-element_type=\"container\" data-e-type=\"container\">\n\t\t\t\t\t<div class=\"e-con-inner\">\n\t\t\t\t<div class=\"elementor-element elementor-element-7b94265 elementor-widget elementor-widget-text-editor\" data-id=\"7b94265\" data-element_type=\"widget\" data-e-type=\"widget\" data-widget_type=\"text-editor.default\">\n\t\t\t\t<div class=\"elementor-widget-container\">\n\t\t\t\t\t\t\t\t\t<h2 data-path-to-node=\"2\">Skolios hos barn\/ungdomar \u2013 v\u00e4gledning f\u00f6r f\u00f6r\u00e4ldrar<\/h2><p data-path-to-node=\"3\">Skolios \u00e4r en sidledskr\u00f6kning av ryggraden. Idiopatisk skolios i ungdomar \u00e4r det vanligaste ryggm\u00e4rgsproblemet hos barn och diagnostiseras vanligtvis mellan 10 och 18 \u00e5r. &quot;Idiopatisk&quot; betyder att den exakta orsaken till tillst\u00e5ndet \u00e4r ok\u00e4nd, men genetiska faktorer och tillv\u00e4xt spelar en roll.<\/p><h3 data-path-to-node=\"4\">1. Hur diagnostiseras skolios?<\/h3><p data-path-to-node=\"5\">Majoriteten av fallen uppt\u00e4cks vid h\u00e4lsokontroller i skolan. I ett tidigt skede \u00e4r skolios ofta helt sm\u00e4rtfri och asymptomatisk, vilket \u00e4r anledningen till att regelbundna kontroller \u00e4r viktiga.<\/p><ul data-path-to-node=\"6\"><li><p data-path-to-node=\"6,0,0\"><b data-path-to-node=\"6,0,0\" data-index-in-node=\"0\">Fram\u00e5tb\u00f6jningstest:<\/b> Barnet b\u00f6jer sig fram\u00e5t med benen raka. V\u00e5rdgivaren m\u00e4ter eventuell asymmetri i ryggen (sidopuckel) med en skoliometer.<\/p><\/li><li><p data-path-to-node=\"6,1,0\"><b data-path-to-node=\"6,1,0\" data-index-in-node=\"0\">R\u00f6ntgen:<\/b> Om screeningresultatet \u00f6verstiger gr\u00e4nsv\u00e4rdena skickas barnet till en l\u00e4kare och en st\u00e5ende r\u00f6ntgen av ryggen tas. Diagnosen skolios st\u00e4lls om ryggens kr\u00f6kning (den s\u00e5 kallade Cobb-vinkeln) \u00e4r mer \u00e4n 10 grader.<\/p><\/li><\/ul><h3 data-path-to-node=\"7\">2. \u00d6vervakning och behandlingsm\u00e5l<\/h3><p data-path-to-node=\"8\">M\u00e5let med behandlingen \u00e4r att f\u00f6rhindra att ryggradens kr\u00f6kning f\u00f6rv\u00e4rras under tillv\u00e4xten. Om skoliosen f\u00f6rblir under 30 grader i slutet av tillv\u00e4xten \u00e4r risken f\u00f6r ryggh\u00e4lsa senare densamma som i den allm\u00e4nna befolkningen.<\/p><ul data-path-to-node=\"9\"><li><p data-path-to-node=\"9,0,0\"><b data-path-to-node=\"9,0,0\" data-index-in-node=\"0\">Mild skolios (10\u201325 grader):<\/b> Regelbunden uppf\u00f6ljning (vanligtvis var 6\u20139:e m\u00e5nad) med r\u00f6ntgen och kliniska unders\u00f6kningar. Majoriteten kr\u00e4ver ingen ytterligare behandling.<\/p><\/li><\/ul><h3 data-path-to-node=\"10\">3. Korsettbehandling<\/h3><p data-path-to-node=\"11\">Behandling med st\u00f6dskorsett \u00f6verv\u00e4gs n\u00e4r barnet fortfarande har en viss tillv\u00e4xt kvar och skoliosen \u00e4r 25\u201340 grader. M\u00e5let med st\u00f6dskorsetten \u00e4r att st\u00f6dja ryggen och f\u00f6rhindra att kr\u00f6kningen fortskrider till den kirurgiska gr\u00e4nsen.<\/p><ul data-path-to-node=\"12\"><li><p data-path-to-node=\"12,0,0\"><b data-path-to-node=\"12,0,0\" data-index-in-node=\"0\">Boston-korsett:<\/b> Anv\u00e4nds s\u00e5 mycket som m\u00f6jligt (m\u00e5l 23 timmar om dagen).<\/p><\/li><li><p data-path-to-node=\"12,1,0\"><b data-path-to-node=\"12,1,0\" data-index-in-node=\"0\">Providence nattkorsett:<\/b> Anv\u00e4nds endast p\u00e5 natten.<\/p><\/li><li><p data-path-to-node=\"12,2,0\"><b data-path-to-node=\"12,2,0\" data-index-in-node=\"0\">Nyckeln till framg\u00e5ng:<\/b> Effektiviteten av korsettbehandling beror p\u00e5 hur regelbundet barnet f\u00f6rbinder sig att b\u00e4ra korsetten.<\/p><\/li><\/ul><h3 data-path-to-node=\"13\">4. Kirurgisk behandling<\/h3><p data-path-to-node=\"14\">Kirurgi rekommenderas vanligtvis n\u00e4r skoliosen \u00f6verstiger 45 grader. Anledningen \u00e4r att kurvor \u00f6ver 40\u201345 grader ofta forts\u00e4tter att utvecklas l\u00e5ngsamt \u00e4ven efter att tillv\u00e4xten har upph\u00f6rt.<\/p><ul data-path-to-node=\"15\"><li><p data-path-to-node=\"15,0,0\"><b data-path-to-node=\"15,0,0\" data-index-in-node=\"0\">Ossifikationskirurgi:<\/b> Ryggraden r\u00e4tas ut och st\u00f6ds med titanskruvar och stavar. Ingreppet korrigerar det mesta av kr\u00f6kningen och f\u00f6rb\u00e4ttrar br\u00f6stkorgens position.<\/p><\/li><li><p data-path-to-node=\"15,1,0\"><b data-path-to-node=\"15,1,0\" data-index-in-node=\"0\">Varf\u00f6r \u00e4r kirurgi viktigt?<\/b> Mycket sv\u00e5r skolios (\u00f6ver 60 grader) kan begr\u00e4nsa lungfunktionen och senare orsaka betydande ryggsm\u00e4rtor och minskad funktionsf\u00f6rm\u00e5ga.<\/p><\/li><\/ul><hr data-path-to-node=\"16\" \/><p data-path-to-node=\"20\">Duodecim-artikeln<\/p><p data-path-to-node=\"20\"><a href=\"https:\/\/www.duodecimlehti.fi\/duo15625\" target=\"_blank\" rel=\"noopener\">https:\/\/www.duodecimlehti.fi\/duo15625<\/a><\/p>\t\t\t\t\t\t\t\t<\/div>\n\t\t\t\t<\/div>\n\t\t\t\t\t<\/div>\n\t\t\t\t<\/div>\n\t\t\t\t<\/div>","protected":false},"excerpt":{"rendered":"<p>Laspsen \/ nuoren skolioosi \u2013 Ohje vanhemmille Skolioosi tarkoittaa selk\u00e4rangan vinoutumista sivusuunnassa. Nuoruusi\u00e4n idiopaattinen skolioosi on yleisin lasten selk\u00e4sairaus, ja se todetaan yleens\u00e4 10\u201318 vuoden i\u00e4ss\u00e4. &#8221;Idiopaattinen&#8221; tarkoittaa, ett\u00e4 sairauden tarkkaa syyt\u00e4 ei tiedet\u00e4, mutta perint\u00f6tekij\u00f6ill\u00e4 ja kasvulla on siihen osuutta. 1. Miten skolioosi todetaan? Valtaosa tapauksista l\u00f6ytyy kouluterveydenhuollon tarkastuksissa. Skolioosi on alkuvaiheessa usein t\u00e4ysin [&hellip;]<\/p>\n","protected":false},"author":1,"featured_media":0,"parent":0,"menu_order":0,"comment_status":"closed","ping_status":"closed","template":"","meta":{"_angie_page":false,"site-sidebar-layout":"no-sidebar","site-content-layout":"page-builder","ast-site-content-layout":"full-width-container","site-content-style":"default","site-sidebar-style":"default","ast-global-header-display":"","ast-banner-title-visibility":"","ast-main-header-display":"","ast-hfb-above-header-display":"","ast-hfb-below-header-display":"","ast-hfb-mobile-header-display":"","site-post-title":"","ast-breadcrumbs-content":"","ast-featured-img":"disabled","footer-sml-layout":"","ast-disable-related-posts":"","theme-transparent-header-meta":"","adv-header-id-meta":"","stick-header-meta":"","header-above-stick-meta":"","header-main-stick-meta":"","header-below-stick-meta":"","astra-migrate-meta-layouts":"set","ast-page-background-enabled":"default","ast-page-background-meta":{"desktop":{"background-color":"","background-image":"","background-repeat":"repeat","background-position":"center center","background-size":"auto","background-attachment":"scroll","background-type":"","background-media":"","overlay-type":"","overlay-color":"","overlay-opacity":"","overlay-gradient":""},"tablet":{"background-color":"","background-image":"","background-repeat":"repeat","background-position":"center center","background-size":"auto","background-attachment":"scroll","background-type":"","background-media":"","overlay-type":"","overlay-color":"","overlay-opacity":"","overlay-gradient":""},"mobile":{"background-color":"","background-image":"","background-repeat":"repeat","background-position":"center center","background-size":"auto","background-attachment":"scroll","background-type":"","background-media":"","overlay-type":"","overlay-color":"","overlay-opacity":"","overlay-gradient":""}},"ast-content-background-meta":{"desktop":{"background-color":"var(--ast-global-color-5)","background-image":"","background-repeat":"repeat","background-position":"center center","background-size":"auto","background-attachment":"scroll","background-type":"","background-media":"","overlay-type":"","overlay-color":"","overlay-opacity":"","overlay-gradient":""},"tablet":{"background-color":"var(--ast-global-color-5)","background-image":"","background-repeat":"repeat","background-position":"center center","background-size":"auto","background-attachment":"scroll","background-type":"","background-media":"","overlay-type":"","overlay-color":"","overlay-opacity":"","overlay-gradient":""},"mobile":{"background-color":"var(--ast-global-color-5)","background-image":"","background-repeat":"repeat","background-position":"center center","background-size":"auto","background-attachment":"scroll","background-type":"","background-media":"","overlay-type":"","overlay-color":"","overlay-opacity":"","overlay-gradient":""}},"footnotes":""},"class_list":["post-1400","page","type-page","status-publish","hentry"],"_links":{"self":[{"href":"https:\/\/lastenkirurgia.fi\/sv\/wp-json\/wp\/v2\/pages\/1400","targetHints":{"allow":["GET"]}}],"collection":[{"href":"https:\/\/lastenkirurgia.fi\/sv\/wp-json\/wp\/v2\/pages"}],"about":[{"href":"https:\/\/lastenkirurgia.fi\/sv\/wp-json\/wp\/v2\/types\/page"}],"author":[{"embeddable":true,"href":"https:\/\/lastenkirurgia.fi\/sv\/wp-json\/wp\/v2\/users\/1"}],"replies":[{"embeddable":true,"href":"https:\/\/lastenkirurgia.fi\/sv\/wp-json\/wp\/v2\/comments?post=1400"}],"version-history":[{"count":4,"href":"https:\/\/lastenkirurgia.fi\/sv\/wp-json\/wp\/v2\/pages\/1400\/revisions"}],"predecessor-version":[{"id":1637,"href":"https:\/\/lastenkirurgia.fi\/sv\/wp-json\/wp\/v2\/pages\/1400\/revisions\/1637"}],"wp:attachment":[{"href":"https:\/\/lastenkirurgia.fi\/sv\/wp-json\/wp\/v2\/media?parent=1400"}],"curies":[{"name":"wp","href":"https:\/\/api.w.org\/{rel}","templated":true}]}}