{"id":1404,"date":"2026-04-09T13:56:46","date_gmt":"2026-04-09T13:56:46","guid":{"rendered":"https:\/\/darkcyan-pheasant-754087.hostingersite.com\/?page_id=1404"},"modified":"2026-04-17T05:49:23","modified_gmt":"2026-04-17T05:49:23","slug":"lapsen-harjurinta","status":"publish","type":"page","link":"https:\/\/lastenkirurgia.fi\/sv\/lapsen-harjurinta\/","title":{"rendered":"Barns ryggbr\u00f6st"},"content":{"rendered":"<div data-elementor-type=\"wp-page\" data-elementor-id=\"1404\" class=\"elementor elementor-1404\" data-elementor-post-type=\"page\">\n\t\t\t\t<div class=\"elementor-element elementor-element-1d6a3a6 e-flex e-con-boxed e-con e-parent\" data-id=\"1d6a3a6\" data-element_type=\"container\" data-e-type=\"container\">\n\t\t\t\t\t<div class=\"e-con-inner\">\n\t\t\t\t<div class=\"elementor-element elementor-element-08bcd79 elementor-widget elementor-widget-text-editor\" data-id=\"08bcd79\" data-element_type=\"widget\" data-e-type=\"widget\" data-widget_type=\"text-editor.default\">\n\t\t\t\t<div class=\"elementor-widget-container\">\n\t\t\t\t\t\t\t\t\t<h2 data-path-to-node=\"2\">Kr\u00f6nt br\u00f6st (Pectus carinatum)<\/h2><p data-path-to-node=\"3\">Kn\u00f6lvalar \u00e4r en strukturell abnormitet i br\u00f6stkorgen d\u00e4r br\u00f6stbenet och revbenen sticker ut. Av denna anledning kallas tillst\u00e5ndet ofta f\u00f6r &quot;kycklingbr\u00f6st&quot;. Det \u00e4r betydligt vanligare hos pojkar \u00e4n flickor och f\u00f6rekommer hos ungef\u00e4r ett av tusen barn.<\/p><h3 data-path-to-node=\"4\">Symtom och utveckling<\/h3><ul data-path-to-node=\"5\"><li><p data-path-to-node=\"5,0,0\"><b data-path-to-node=\"5,0,0\" data-index-in-node=\"0\">Utseende:<\/b> Det tydligaste symptomet \u00e4r ett utskjutande br\u00f6stkorg. Formen \u00e4r ofta asymmetrisk, d\u00e4r ena sidan av br\u00f6stkorgen \u00e4r mer framtr\u00e4dande.<\/p><\/li><li><p data-path-to-node=\"5,1,0\"><b data-path-to-node=\"5,1,0\" data-index-in-node=\"0\">Tillv\u00e4xt:<\/b> Situationen f\u00f6rv\u00e4rras vanligtvis allt eftersom barnet v\u00e4xer, s\u00e4rskilt under pubertetens tillv\u00e4xtspurt.<\/p><\/li><li><p data-path-to-node=\"5,2,0\"><b data-path-to-node=\"5,2,0\" data-index-in-node=\"0\">Sm\u00e4rta:<\/b> De flesta barn \u00e4r asymptomatiska, men vissa kan uppleva sm\u00e4rta vid fysisk anstr\u00e4ngning.<\/p><\/li><li><p data-path-to-node=\"5,3,0\"><b data-path-to-node=\"5,3,0\" data-index-in-node=\"0\">Associerade sjukdomar:<\/b> Ungef\u00e4r 15 procent av barnen har ocks\u00e5 en kr\u00f6kning av ryggraden, eller skolios.<\/p><\/li><\/ul><h3 data-path-to-node=\"6\">Varf\u00f6r och varf\u00f6r<\/h3><p data-path-to-node=\"7\">Den exakta orsaken till skolios \u00e4r ok\u00e4nd. \u00c4ven om de flesta barn inte har en familjehistoria av tillst\u00e5ndet, tros genetiska faktorer spela en roll i utvecklingen av tillst\u00e5ndet.<\/p><h3 data-path-to-node=\"8\">Unders\u00f6kningar och diagnos<\/h3><p data-path-to-node=\"9\">En l\u00e4kare diagnostiserar vanligtvis ett br\u00e5ck under en rutinm\u00e4ssig fysisk unders\u00f6kning. Ytterligare tester kan ibland beh\u00f6vas f\u00f6r att utesluta andra tillst\u00e5nd:<\/p><h3 data-path-to-node=\"11\">Behandlingsalternativ<\/h3><p data-path-to-node=\"12\">Lindriga fall kr\u00e4ver vanligtvis ingen behandling, men \u00f6vervakas. Om skadan \u00e4r m\u00e5ttlig eller allvarlig finns det tv\u00e5 alternativ:<\/p><p data-path-to-node=\"13\"><b data-path-to-node=\"13\" data-index-in-node=\"0\">1. St\u00f6d<\/b><\/p><ul data-path-to-node=\"14\"><li><p data-path-to-node=\"14,0,0\">B\u00e4st l\u00e4mpad f\u00f6r barn vars br\u00f6stkorg fortfarande \u00e4r flexibel (f\u00f6re pubertetens slut).<\/p><\/li><li><p data-path-to-node=\"14,1,0\">En specialtillverkad korsett tillverkas f\u00f6r barnet, som trycker p\u00e5 det utskjutande omr\u00e5det och gradvis formar br\u00f6stkorgen.<\/p><\/li><li><p data-path-to-node=\"14,2,0\">Behandlingen kan p\u00e5g\u00e5 i 1\u20132 \u00e5r<\/p><\/li><\/ul><p data-path-to-node=\"15\"><b data-path-to-node=\"15\" data-index-in-node=\"0\">2. Kirurgisk behandling (Ravitch-metoden)<\/b><\/p><ul data-path-to-node=\"16\"><li><p data-path-to-node=\"16,0,0\">Kirurgi \u00f6verv\u00e4gs endast s\u00e4llan i sv\u00e5ra fall eller om korsettbehandling inte fungerar.<\/p><\/li><li><p data-path-to-node=\"16,1,0\">Under operationen avl\u00e4gsnar kirurgen \u00f6verfl\u00f6digt brosk och omformar br\u00f6stbenet till r\u00e4tt position.<\/p><\/li><\/ul><hr data-path-to-node=\"17\" \/><h3 data-path-to-node=\"18\">N\u00e4r ska man kontakta en l\u00e4kare?<\/h3><p data-path-to-node=\"19\">Om barnets br\u00f6stkorg tydligt sticker ut (eller om det kosmetiska problemet p\u00e5 annat s\u00e4tt besv\u00e4rar barnet) eller om barnet klagar p\u00e5 br\u00f6stsm\u00e4rtor vid idrott.<\/p><p data-path-to-node=\"19\">L\u00e4nk till artikeln om Bostons barnsjukhus<\/p><p data-path-to-node=\"19\"><a href=\"https:\/\/www.childrenshospital.org\/conditions-treatments\/pectus-carinatum\" target=\"_blank\" rel=\"noopener\">https:\/\/www.childrenshospital.org\/conditions-treatments\/pectus-carinatum<\/a><\/p>\t\t\t\t\t\t\t\t<\/div>\n\t\t\t\t<\/div>\n\t\t\t\t<div class=\"elementor-element elementor-element-3c0f38d elementor-widget elementor-widget-image\" data-id=\"3c0f38d\" data-element_type=\"widget\" data-e-type=\"widget\" data-widget_type=\"image.default\">\n\t\t\t\t<div class=\"elementor-widget-container\">\n\t\t\t\t\t\t\t\t\t\t\t\t\t\t\t<img fetchpriority=\"high\" decoding=\"async\" width=\"1024\" height=\"640\" src=\"https:\/\/lastenkirurgia.fi\/wp-content\/uploads\/2026\/04\/harjurinta-1024x640.webp\" class=\"attachment-large size-large wp-image-1719\" alt=\"\" srcset=\"https:\/\/lastenkirurgia.fi\/wp-content\/uploads\/2026\/04\/harjurinta-1024x640.webp 1024w, https:\/\/lastenkirurgia.fi\/wp-content\/uploads\/2026\/04\/harjurinta-300x188.webp 300w, https:\/\/lastenkirurgia.fi\/wp-content\/uploads\/2026\/04\/harjurinta-768x480.webp 768w, https:\/\/lastenkirurgia.fi\/wp-content\/uploads\/2026\/04\/harjurinta-18x12.webp 18w, https:\/\/lastenkirurgia.fi\/wp-content\/uploads\/2026\/04\/harjurinta.webp 1152w\" sizes=\"(max-width: 1024px) 100vw, 1024px\" \/>\t\t\t\t\t\t\t\t\t\t\t\t\t\t\t<\/div>\n\t\t\t\t<\/div>\n\t\t\t\t\t<\/div>\n\t\t\t\t<\/div>\n\t\t\t\t<\/div>","protected":false},"excerpt":{"rendered":"<p>Harjurinta (Pectus carinatum) Harjurinta on rintakeh\u00e4n rakennepoikkeama, jossa rintalasta ja kylkiluut ty\u00f6ntyv\u00e4t ulosp\u00e4in. T\u00e4st\u00e4 syyst\u00e4 tilaa kutsutaan usein my\u00f6s &#8221;kananrinnaksi&#8221;. Se on huomattavasti yleisemp\u00e4\u00e4 pojilla kuin tyt\u00f6ill\u00e4 ja esiintyy noin yhdell\u00e4 tuhannesta lapsesta. Oireet ja kehitys Ulkon\u00e4k\u00f6: Selvin oire on ulosp\u00e4in ty\u00f6ntyv\u00e4 rintakeh\u00e4. Muoto on usein ep\u00e4symmetrinen, jolloin toinen puoli rinnasta on n\u00e4kyv\u00e4mmin koholla. Kasvu: [&hellip;]<\/p>\n","protected":false},"author":1,"featured_media":0,"parent":0,"menu_order":0,"comment_status":"closed","ping_status":"closed","template":"","meta":{"_angie_page":false,"site-sidebar-layout":"no-sidebar","site-content-layout":"page-builder","ast-site-content-layout":"full-width-container","site-content-style":"default","site-sidebar-style":"default","ast-global-header-display":"","ast-banner-title-visibility":"","ast-main-header-display":"","ast-hfb-above-header-display":"","ast-hfb-below-header-display":"","ast-hfb-mobile-header-display":"","site-post-title":"","ast-breadcrumbs-content":"","ast-featured-img":"disabled","footer-sml-layout":"","ast-disable-related-posts":"","theme-transparent-header-meta":"","adv-header-id-meta":"","stick-header-meta":"","header-above-stick-meta":"","header-main-stick-meta":"","header-below-stick-meta":"","astra-migrate-meta-layouts":"set","ast-page-background-enabled":"default","ast-page-background-meta":{"desktop":{"background-color":"","background-image":"","background-repeat":"repeat","background-position":"center center","background-size":"auto","background-attachment":"scroll","background-type":"","background-media":"","overlay-type":"","overlay-color":"","overlay-opacity":"","overlay-gradient":""},"tablet":{"background-color":"","background-image":"","background-repeat":"repeat","background-position":"center center","background-size":"auto","background-attachment":"scroll","background-type":"","background-media":"","overlay-type":"","overlay-color":"","overlay-opacity":"","overlay-gradient":""},"mobile":{"background-color":"","background-image":"","background-repeat":"repeat","background-position":"center center","background-size":"auto","background-attachment":"scroll","background-type":"","background-media":"","overlay-type":"","overlay-color":"","overlay-opacity":"","overlay-gradient":""}},"ast-content-background-meta":{"desktop":{"background-color":"var(--ast-global-color-5)","background-image":"","background-repeat":"repeat","background-position":"center center","background-size":"auto","background-attachment":"scroll","background-type":"","background-media":"","overlay-type":"","overlay-color":"","overlay-opacity":"","overlay-gradient":""},"tablet":{"background-color":"var(--ast-global-color-5)","background-image":"","background-repeat":"repeat","background-position":"center center","background-size":"auto","background-attachment":"scroll","background-type":"","background-media":"","overlay-type":"","overlay-color":"","overlay-opacity":"","overlay-gradient":""},"mobile":{"background-color":"var(--ast-global-color-5)","background-image":"","background-repeat":"repeat","background-position":"center center","background-size":"auto","background-attachment":"scroll","background-type":"","background-media":"","overlay-type":"","overlay-color":"","overlay-opacity":"","overlay-gradient":""}},"footnotes":""},"class_list":["post-1404","page","type-page","status-publish","hentry"],"_links":{"self":[{"href":"https:\/\/lastenkirurgia.fi\/sv\/wp-json\/wp\/v2\/pages\/1404","targetHints":{"allow":["GET"]}}],"collection":[{"href":"https:\/\/lastenkirurgia.fi\/sv\/wp-json\/wp\/v2\/pages"}],"about":[{"href":"https:\/\/lastenkirurgia.fi\/sv\/wp-json\/wp\/v2\/types\/page"}],"author":[{"embeddable":true,"href":"https:\/\/lastenkirurgia.fi\/sv\/wp-json\/wp\/v2\/users\/1"}],"replies":[{"embeddable":true,"href":"https:\/\/lastenkirurgia.fi\/sv\/wp-json\/wp\/v2\/comments?post=1404"}],"version-history":[{"count":21,"href":"https:\/\/lastenkirurgia.fi\/sv\/wp-json\/wp\/v2\/pages\/1404\/revisions"}],"predecessor-version":[{"id":1727,"href":"https:\/\/lastenkirurgia.fi\/sv\/wp-json\/wp\/v2\/pages\/1404\/revisions\/1727"}],"wp:attachment":[{"href":"https:\/\/lastenkirurgia.fi\/sv\/wp-json\/wp\/v2\/media?parent=1404"}],"curies":[{"name":"wp","href":"https:\/\/api.w.org\/{rel}","templated":true}]}}