{"id":1360,"date":"2026-04-09T13:48:47","date_gmt":"2026-04-09T13:48:47","guid":{"rendered":"https:\/\/darkcyan-pheasant-754087.hostingersite.com\/?page_id=1360"},"modified":"2026-04-11T13:17:38","modified_gmt":"2026-04-11T13:17:38","slug":"lapsen-ymparileikkaus","status":"publish","type":"page","link":"https:\/\/lastenkirurgia.fi\/uk\/lapsen-ymparileikkaus\/","title":{"rendered":"\u041e\u0431\u0440\u0456\u0437\u0430\u043d\u043d\u044f \u0443 \u0434\u0456\u0442\u0435\u0439"},"content":{"rendered":"<div data-elementor-type=\"wp-page\" data-elementor-id=\"1360\" class=\"elementor elementor-1360\" data-elementor-post-type=\"page\">\n\t\t\t\t<div class=\"elementor-element elementor-element-be8dc3f e-flex e-con-boxed e-con e-parent\" data-id=\"be8dc3f\" data-element_type=\"container\" data-e-type=\"container\">\n\t\t\t\t\t<div class=\"e-con-inner\">\n\t\t\t\t<div class=\"elementor-element elementor-element-83ac4a0 elementor-widget elementor-widget-text-editor\" data-id=\"83ac4a0\" data-element_type=\"widget\" data-e-type=\"widget\" data-widget_type=\"text-editor.default\">\n\t\t\t\t<div class=\"elementor-widget-container\">\n\t\t\t\t\t\t\t\t\t<h2 data-path-to-node=\"2\">\u0421\u0442\u0435\u043d\u043e\u0437 \u043a\u0440\u0430\u0439\u043d\u044c\u043e\u0457 \u043f\u043b\u043e\u0442\u0456 \u0442\u0430 \u043e\u0431\u0440\u0456\u0437\u0430\u043d\u043d\u044f \u0443 \u0434\u0438\u0442\u0438\u043d\u0438<\/h2><p data-path-to-node=\"3\">\u0424\u0456\u043c\u043e\u0437 \u2013 \u043f\u043e\u0448\u0438\u0440\u0435\u043d\u0435 \u0437\u0430\u0445\u0432\u043e\u0440\u044e\u0432\u0430\u043d\u043d\u044f \u0443 \u0434\u0456\u0442\u0435\u0439, \u0430\u043b\u0435 \u043d\u0435 \u0432\u0441\u0456 \u0432\u0438\u043f\u0430\u0434\u043a\u0438 \u043f\u043e\u0442\u0440\u0435\u0431\u0443\u044e\u0442\u044c \u0445\u0456\u0440\u0443\u0440\u0433\u0456\u0447\u043d\u043e\u0433\u043e \u0432\u0442\u0440\u0443\u0447\u0430\u043d\u043d\u044f. \u0412\u0430\u0436\u043b\u0438\u0432\u043e \u0440\u043e\u0437\u0440\u0456\u0437\u043d\u044f\u0442\u0438 \u043d\u043e\u0440\u043c\u0430\u043b\u044c\u043d\u0443 \u0441\u0442\u0430\u0434\u0456\u044e \u0440\u043e\u0437\u0432\u0438\u0442\u043a\u0443 \u0442\u0430 \u0441\u0442\u0430\u043d, \u0449\u043e \u043f\u043e\u0442\u0440\u0435\u0431\u0443\u0454 \u043b\u0456\u043a\u0443\u0432\u0430\u043d\u043d\u044f.<\/p><p data-path-to-node=\"4\">\u00a0<\/p><p data-path-to-node=\"4\"><b data-path-to-node=\"4\" data-index-in-node=\"0\">\u041f\u0440\u0438\u043c\u0456\u0442\u043a\u0430:<\/b> <strong>\u041d\u0430\u0448\u0430 \u043a\u043b\u0456\u043d\u0456\u043a\u0430 \u0432\u0438\u043a\u043e\u043d\u0443\u0454 \u043e\u0431\u0440\u0456\u0437\u0430\u043d\u043d\u044f \u043b\u0438\u0448\u0435 \u0437 \u043c\u0435\u0434\u0438\u0447\u043d\u0438\u0445 \u043f\u0440\u0438\u0447\u0438\u043d. \u041c\u0438 \u043d\u0435 \u0432\u0438\u043a\u043e\u043d\u0443\u0454\u043c\u043e \u0440\u0435\u043b\u0456\u0433\u0456\u0439\u043d\u0456 \u043e\u0431\u0440\u0456\u0437\u0430\u043d\u043d\u044f.\u00a0<\/strong><\/p><p data-path-to-node=\"4\">\u00a0<\/p><h3 data-path-to-node=\"5\">\u041a\u043e\u043b\u0438 \u043c\u043e\u0436\u043d\u0430 \u043d\u0456\u0447\u043e\u0433\u043e \u043d\u0435 \u0440\u043e\u0431\u0438\u0442\u0438 \u0437 \u043a\u0440\u0430\u0439\u043d\u044c\u043e\u044e \u043f\u043b\u043e\u0442\u0442\u044e?<\/h3><p data-path-to-node=\"6\">\u041a\u0440\u0430\u0439\u043d\u044f \u043f\u043b\u043e\u0442\u044c \u0443 \u0434\u0438\u0442\u0438\u043d\u0438 \u043f\u0440\u0435\u043f\u0443\u0431\u0435\u0440\u0442\u0430\u0442\u043d\u043e\u0433\u043e \u0432\u0456\u043a\u0443 \u0447\u0430\u0441\u0442\u043e \u0444\u0456\u0437\u0456\u043e\u043b\u043e\u0433\u0456\u0447\u043d\u043e \u0449\u0456\u043b\u044c\u043d\u0430, \u0449\u043e \u0454 \u043d\u043e\u0440\u043c\u0430\u043b\u044c\u043d\u0438\u043c \u044f\u0432\u0438\u0449\u0435\u043c. \u042f\u043a\u0449\u043e \u0443 \u0434\u0438\u0442\u0438\u043d\u0438 \u043d\u0435\u043c\u0430\u0454 \u0441\u0438\u043c\u043f\u0442\u043e\u043c\u0456\u0432, \u0446\u0435\u0439 \u0441\u0442\u0430\u043d \u043d\u0435 \u043f\u043e\u0442\u0440\u0435\u0431\u0443\u0454 \u043b\u0456\u043a\u0443\u0432\u0430\u043d\u043d\u044f \u0456 \u043c\u043e\u0436\u0435 \u043f\u0440\u043e\u0439\u0442\u0438 \u0441\u0430\u043c\u043e\u0441\u0442\u0456\u0439\u043d\u043e \u0432 \u043c\u0456\u0440\u0443 \u0434\u043e\u0440\u043e\u0441\u043b\u0456\u0448\u0430\u043d\u043d\u044f \u0434\u0438\u0442\u0438\u043d\u0438.<\/p><h3 data-path-to-node=\"7\">\u041a\u043e\u043b\u0438 \u0441\u043b\u0456\u0434 \u0440\u043e\u0437\u0433\u043b\u044f\u043d\u0443\u0442\u0438 \u043c\u043e\u0436\u043b\u0438\u0432\u0456\u0441\u0442\u044c \u043b\u0456\u043a\u0443\u0432\u0430\u043d\u043d\u044f?<\/h3><p data-path-to-node=\"8\">\u041b\u0456\u043a\u0443\u0432\u0430\u043d\u043d\u044f \u043d\u0435\u043e\u0431\u0445\u0456\u0434\u043d\u0435, \u044f\u043a\u0449\u043e \u0432\u0443\u0437\u044c\u043a\u0430 \u043a\u0440\u0430\u0439\u043d\u044f \u043f\u043b\u043e\u0442\u044c \u0441\u043f\u0440\u0438\u0447\u0438\u043d\u044f\u0454 \u0434\u0438\u0442\u0438\u043d\u0456 \u043f\u0440\u043e\u0431\u043b\u0435\u043c\u0438, \u0442\u0430\u043a\u0456 \u044f\u043a:<\/p><ul data-path-to-node=\"9\"><li><p data-path-to-node=\"9,0,0\">\u0420\u0435\u0446\u0438\u0434\u0438\u0432\u0443\u044e\u0447\u0456 \u0456\u043d\u0444\u0435\u043a\u0446\u0456\u0457 \u043a\u0440\u0430\u0439\u043d\u044c\u043e\u0457 \u043f\u043b\u043e\u0442\u0456 (\u0445\u0456\u0440\u0443\u0440\u0433\u0456\u0447\u043d\u0435 \u043b\u0456\u043a\u0443\u0432\u0430\u043d\u043d\u044f \u0442\u0440\u0430\u043f\u043b\u044f\u0454\u0442\u044c\u0441\u044f \u0432\u043a\u0440\u0430\u0439 \u0440\u0456\u0434\u043a\u043e, \u0456\u043d\u0444\u0435\u043a\u0446\u0456\u0457 \u0437\u0430\u0437\u0432\u0438\u0447\u0430\u0439 \u0437\u043d\u0438\u043a\u0430\u044e\u0442\u044c \u0437 \u0432\u0456\u043a\u043e\u043c \u043f\u0440\u0438 \u043d\u0430\u043b\u0435\u0436\u043d\u043e\u043c\u0443 \u0434\u043e\u0433\u043b\u044f\u0434\u0456)<\/p><\/li><li><p data-path-to-node=\"9,1,0\">\u041a\u0440\u0430\u0439\u043d\u044f \u043f\u043b\u043e\u0442\u044c \u0447\u0430\u0441\u0442\u043e \u0431\u043e\u043b\u0438\u0442\u044c \u0430\u0431\u043e \u0442\u0440\u0456\u0441\u043a\u0430\u0454\u0442\u044c\u0441\u044f \u0442\u0430 \u043a\u0440\u043e\u0432\u043e\u0442\u043e\u0447\u0438\u0442\u044c.<\/p><\/li><li><p data-path-to-node=\"9,2,0\">\u0421\u0442\u0440\u0443\u043c\u0456\u043d\u044c \u0441\u0435\u0447\u0456 \u043d\u0435\u043d\u043e\u0440\u043c\u0430\u043b\u044c\u043d\u0430 (\u0441\u0442\u0440\u0443\u043c\u0435\u043d\u044c \u0441\u0435\u0447\u0456 \u043d\u0435 \u0434\u043e\u0441\u044f\u0433\u0430\u0454 \u043f\u0435\u043d\u0456\u0441\u0430 \u0430\u0431\u043e \u201d\u043a\u0443\u043b\u044c\u043e\u043a\u201d \u043a\u0440\u0430\u0439\u043d\u044c\u043e\u0457 \u043f\u043b\u043e\u0442\u0456 \u043f\u0456\u0434 \u0447\u0430\u0441 \u0441\u0435\u0447\u043e\u0432\u0438\u043f\u0443\u0441\u043a\u0430\u043d\u043d\u044f).<\/p><\/li><\/ul><h3 data-path-to-node=\"10\">\u0427\u0435\u0440\u0432\u043e\u043d\u0438\u0439 \u043f\u043b\u043e\u0441\u043a\u0438\u0439 \u043b\u0438\u0448\u0430\u0439 (\u0427\u041f\u041b) \u2013 \u043d\u0430\u0439\u043f\u043e\u0448\u0438\u0440\u0435\u043d\u0456\u0448\u0430 \u043f\u0440\u0438\u0447\u0438\u043d\u0430 \u0445\u0456\u0440\u0443\u0440\u0433\u0456\u0447\u043d\u043e\u0433\u043e \u0432\u0442\u0440\u0443\u0447\u0430\u043d\u043d\u044f<\/h3><p data-path-to-node=\"11\">\u0423 \u0424\u0456\u043d\u043b\u044f\u043d\u0434\u0456\u0457 \u043d\u0430\u0439\u043f\u043e\u0448\u0438\u0440\u0435\u043d\u0456\u0448\u043e\u044e \u043f\u0440\u0438\u0447\u0438\u043d\u043e\u044e \u043e\u0431\u0440\u0456\u0437\u0430\u043d\u043d\u044f \u0443 \u0434\u0438\u0442\u0438\u043d\u0438 \u0430\u0431\u043e \u043f\u0456\u0434\u043b\u0456\u0442\u043a\u0430 \u0454 <b data-path-to-node=\"11\" data-index-in-node=\"62\">\u041e\u0431\u043b\u0456\u0442\u0435\u0440\u0443\u044e\u0447\u0438\u0439 \u043a\u0441\u0435\u0440\u043e\u0442\u0438\u0447\u043d\u0438\u0439 \u0431\u0430\u043b\u0430\u043d\u0456\u0442<\/b>. \u0426\u0435 \u0440\u0443\u0431\u0446\u0435\u0432\u0435 \u0437\u0430\u0445\u0432\u043e\u0440\u044e\u0432\u0430\u043d\u043d\u044f \u043a\u0440\u0430\u0439\u043d\u044c\u043e\u0457 \u043f\u043b\u043e\u0442\u0456, \u044f\u043a\u0435 \u0440\u043e\u0431\u0438\u0442\u044c \u0448\u043a\u0456\u0440\u0443 \u043d\u0430\u0442\u044f\u0433\u043d\u0443\u0442\u043e\u044e, \u0431\u043b\u0456\u0434\u043e\u044e \u0442\u0430 \u043d\u0435\u0435\u043b\u0430\u0441\u0442\u0438\u0447\u043d\u043e\u044e.<\/p><ul data-path-to-node=\"12\"><li><p data-path-to-node=\"12,0,0\">\u0414\u043e \u0431\u0456\u043b\u043e\u0433\u043e \u043b\u0438\u0448\u0430\u0439\u043d\u0438\u043a\u0430 <b data-path-to-node=\"12,0,0\" data-index-in-node=\"14\">\u0454\u0434\u0438\u043d\u0435 \u0435\u0444\u0435\u043a\u0442\u0438\u0432\u043d\u0435 \u043b\u0456\u043a\u0443\u0432\u0430\u043d\u043d\u044f<\/b> - \u0446\u0435 \u0432\u0438\u0434\u0430\u043b\u0435\u043d\u043d\u044f \u0440\u0443\u0431\u0446\u0435\u0432\u043e\u0457 \u0448\u043a\u0456\u0440\u0438 \u0430\u0431\u043e \u043e\u0431\u0440\u0456\u0437\u0430\u043d\u043d\u044f.<\/p><\/li><\/ul><hr data-path-to-node=\"13\" \/><h3 data-path-to-node=\"14\">\u0412\u0430\u0440\u0456\u0430\u043d\u0442\u0438 \u043b\u0456\u043a\u0443\u0432\u0430\u043d\u043d\u044f<\/h3><p data-path-to-node=\"15\">\u0412\u0438\u0431\u0456\u0440 \u043b\u0456\u043a\u0443\u0432\u0430\u043d\u043d\u044f \u0437\u0430\u043b\u0435\u0436\u0438\u0442\u044c \u0432\u0456\u0434 \u0441\u0438\u043c\u043f\u0442\u043e\u043c\u0456\u0432 \u0442\u0430 \u043c\u043e\u0436\u043b\u0438\u0432\u043e\u0433\u043e \u043e\u0441\u043d\u043e\u0432\u043d\u043e\u0433\u043e \u0437\u0430\u0445\u0432\u043e\u0440\u044e\u0432\u0430\u043d\u043d\u044f:<\/p><ol start=\"1\" data-path-to-node=\"16\"><li><p data-path-to-node=\"16,0,0\"><b data-path-to-node=\"16,0,0\" data-index-in-node=\"0\">\u041b\u0456\u043a\u0443\u0432\u0430\u043b\u044c\u043d\u0438\u0439 \u043a\u0440\u0435\u043c (\u0411\u0435\u043c\u0435\u0442\u0441\u043e\u043d):<\/b> \u042f\u043a\u0449\u043e \u0446\u0435 \u043f\u0440\u043e\u0441\u0442\u0430 \u0437\u0430\u043a\u043b\u0430\u0434\u0435\u043d\u0456\u0441\u0442\u044c \u0431\u0435\u0437 \u043e\u0437\u043d\u0430\u043a \u0447\u0435\u0440\u0432\u043e\u043d\u043e\u0433\u043e \u043f\u043b\u043e\u0441\u043a\u043e\u0433\u043e \u043b\u0438\u0448\u0430\u044e, \u043c\u043e\u0436\u043d\u0430 \u0441\u043f\u0440\u043e\u0431\u0443\u0432\u0430\u0442\u0438 \u0441\u0438\u043b\u044c\u043d\u0438\u0439 \u043a\u043e\u0440\u0442\u0438\u0437\u043e\u043d\u043e\u0432\u0438\u0439 \u043a\u0440\u0435\u043c (\u0411\u0435\u043c\u0435\u0442\u0441\u043e\u043d) \u043f\u0440\u043e\u0442\u044f\u0433\u043e\u043c \u043f\u0440\u0438\u0431\u043b\u0438\u0437\u043d\u043e \u0434\u0432\u043e\u0445 \u0442\u0438\u0436\u043d\u0456\u0432. \u041a\u0440\u0435\u043c \u043f\u043e\u043c\u2019\u044f\u043a\u0448\u0443\u0454 \u0442\u0430 \u0440\u043e\u0437\u0441\u043b\u0430\u0431\u043b\u044e\u0454 \u0448\u043a\u0456\u0440\u0443.<\/p><\/li><li><p data-path-to-node=\"16,1,0\"><b data-path-to-node=\"16,1,0\" data-index-in-node=\"0\">\u041f\u043b\u0430\u0441\u0442\u0438\u043a\u0430 \u043a\u0440\u0430\u0439\u043d\u044c\u043e\u0457 \u043a\u0456\u0448\u043a\u0438:<\/b> \u042f\u043a\u0449\u043e \u0448\u043a\u0456\u0440\u0430 \u0449\u0456\u043b\u044c\u043d\u0430 \u0456 \u043d\u0435\u043c\u0430\u0454 \u0440\u0443\u0431\u0446\u0456\u0432, \u043c\u043e\u0436\u043d\u0430 \u0440\u043e\u0437\u0433\u043b\u044f\u043d\u0443\u0442\u0438 \u043c\u043e\u0436\u043b\u0438\u0432\u0456\u0441\u0442\u044c \u043f\u043b\u0430\u0441\u0442\u0438\u0447\u043d\u043e\u0457 \u0445\u0456\u0440\u0443\u0440\u0433\u0456\u0457. \u0426\u044f \u043f\u0440\u043e\u0446\u0435\u0434\u0443\u0440\u0430 \u043d\u0435 \u0432\u0438\u0434\u0430\u043b\u044f\u0454 \u0448\u043a\u0456\u0440\u0443, \u0430 \u0440\u0430\u0434\u0448\u0435 \u0437\u043c\u0456\u043d\u044e\u0454 \u0457\u0457 \u0444\u043e\u0440\u043c\u0443, \u0440\u043e\u0431\u043b\u044f\u0447\u0438 \u0457\u0457 \u0431\u0456\u043b\u044c\u0448 \u0432\u0456\u043b\u044c\u043d\u043e\u044e.<\/p><\/li><li><p data-path-to-node=\"16,2,0\"><b data-path-to-node=\"16,2,0\" data-index-in-node=\"0\">\u041e\u0431\u0440\u0456\u0437\u0430\u043d\u043d\u044f:<\/b> \u042f\u043a\u0449\u043e \u043b\u0456\u043a\u0443\u0432\u0430\u043d\u043d\u044f \u043a\u0440\u0435\u043c\u043e\u043c \u043d\u0435 \u0434\u043e\u043f\u043e\u043c\u0430\u0433\u0430\u0454 \u0430\u0431\u043e \u0446\u0435 \u0447\u0435\u0440\u0432\u043e\u043d\u0438\u0439 \u043f\u043b\u043e\u0441\u043a\u0438\u0439 \u043b\u0438\u0448\u0430\u0439, \u043f\u0440\u043e\u0432\u043e\u0434\u0438\u0442\u044c\u0441\u044f \u043e\u0431\u0440\u0456\u0437\u0430\u043d\u043d\u044f, \u043f\u0440\u0438 \u044f\u043a\u043e\u043c\u0443 \u0432\u0438\u0434\u0430\u043b\u044f\u0454\u0442\u044c\u0441\u044f \u0437\u0432\u0443\u0436\u0435\u043d\u0430 \u0430\u0431\u043e \u0443\u0440\u0430\u0436\u0435\u043d\u0430 \u0445\u0432\u043e\u0440\u043e\u0431\u043e\u044e \u0447\u0430\u0441\u0442\u0438\u043d\u0430 \u043a\u0440\u0430\u0439\u043d\u044c\u043e\u0457 \u043f\u043b\u043e\u0442\u0456.<\/p><\/li><\/ol><hr data-path-to-node=\"17\" \/><h3 data-path-to-node=\"18\">\u0406\u043d\u0441\u0442\u0440\u0443\u043a\u0446\u0456\u0457 \u0434\u043b\u044f \u0442\u0438\u0445, \u0445\u0442\u043e \u0437\u0431\u0438\u0440\u0430\u0454\u0442\u044c\u0441\u044f \u043f\u0435\u0440\u0435\u043d\u0435\u0441\u0442\u0438 \u043e\u043f\u0435\u0440\u0430\u0446\u0456\u044e<\/h3><p data-path-to-node=\"19\">\u041e\u043f\u0435\u0440\u0430\u0446\u0456\u044e \u0437\u0430\u0437\u0432\u0438\u0447\u0430\u0439 \u043f\u0440\u043e\u0432\u043e\u0434\u044f\u0442\u044c \u043f\u0456\u0434 \u0430\u043d\u0435\u0441\u0442\u0435\u0437\u0456\u0454\u044e, \u0449\u043e\u0431 \u0437\u0440\u043e\u0431\u0438\u0442\u0438 \u043f\u0440\u043e\u0446\u0435\u0434\u0443\u0440\u0443 \u0431\u0435\u0437\u0431\u043e\u043b\u0456\u0441\u043d\u043e\u044e \u0442\u0430 \u0431\u0435\u0437\u043f\u0435\u0447\u043d\u043e\u044e \u0434\u043b\u044f \u0434\u0438\u0442\u0438\u043d\u0438.<\/p><p data-path-to-node=\"20\"><b data-path-to-node=\"20\" data-index-in-node=\"0\">\u0412\u0456\u0434\u043d\u043e\u0432\u043b\u0435\u043d\u043d\u044f \u0432\u0434\u043e\u043c\u0430:<\/b><\/p><ul data-path-to-node=\"21\"><li><p data-path-to-node=\"21,0,0\"><b data-path-to-node=\"21,0,0\" data-index-in-node=\"0\">\u041b\u0456\u043a\u0443\u0432\u0430\u043d\u043d\u044f \u0431\u043e\u043b\u044e:<\/b> \u0420\u0435\u0433\u0443\u043b\u044f\u0440\u043d\u0438\u0439 \u043f\u0440\u0438\u0439\u043e\u043c \u0437\u043d\u0435\u0431\u043e\u043b\u044e\u0432\u0430\u043b\u044c\u043d\u0438\u0445 \u043f\u0440\u0435\u043f\u0430\u0440\u0430\u0442\u0456\u0432 \u0432\u0430\u0436\u043b\u0438\u0432\u0438\u0439 \u043f\u0440\u043e\u0442\u044f\u0433\u043e\u043c \u043f\u0435\u0440\u0448\u0438\u0445 \u043a\u0456\u043b\u044c\u043a\u043e\u0445 \u0434\u043d\u0456\u0432 (\u043d\u0430\u043f\u0440\u0438\u043a\u043b\u0430\u0434, \u043f\u0430\u0440\u0430\u0446\u0435\u0442\u0430\u043c\u043e\u043b \u0442\u0430 \u0456\u0431\u0443\u043f\u0440\u043e\u0444\u0435\u043d).<\/p><\/li><li><p data-path-to-node=\"21,1,0\"><b data-path-to-node=\"21,1,0\" data-index-in-node=\"0\">\u0413\u0456\u0433\u0456\u0454\u043d\u0430:<\/b> \u0414\u043b\u044f \u043f\u0456\u0434\u0442\u0440\u0438\u043c\u043a\u0438 \u0447\u0438\u0441\u0442\u043e\u0442\u0438 \u0446\u0456\u0454\u0457 \u0434\u0456\u043b\u044f\u043d\u043a\u0438 \u0449\u043e\u0434\u043d\u044f \u043f\u0440\u0438\u0439\u043c\u0430\u044e\u0442\u044c \u0434\u0443\u0448. \u0420\u0435\u043a\u043e\u043c\u0435\u043d\u0434\u0443\u0454\u0442\u044c\u0441\u044f \u0432\u0456\u043b\u044c\u043d\u0430, \u043c\u2019\u044f\u043a\u0430 \u0431\u0430\u0432\u043e\u0432\u043d\u044f\u043d\u0430 \u0431\u0456\u043b\u0438\u0437\u043d\u0430.<\/p><\/li><li><p data-path-to-node=\"21,2,0\"><b data-path-to-node=\"21,2,0\" data-index-in-node=\"0\">\u0427\u0430\u0441 \u0432\u0456\u0434\u043d\u043e\u0432\u043b\u0435\u043d\u043d\u044f:<\/b> \u0417\u0430\u0437\u0432\u0438\u0447\u0430\u0439 \u0432\u0438 \u043c\u043e\u0436\u0435\u0442\u0435 \u043f\u043e\u0432\u0435\u0440\u043d\u0443\u0442\u0438\u0441\u044f \u0434\u043e \u0448\u043a\u043e\u043b\u0438 \u0430\u0431\u043e \u0434\u0438\u0442\u044f\u0447\u043e\u0433\u043e \u0441\u0430\u0434\u043a\u0430 \u0447\u0435\u0440\u0435\u0437 \u043a\u0456\u043b\u044c\u043a\u0430 \u0434\u043d\u0456\u0432.<\/p><\/li><li><p data-path-to-node=\"21,3,0\"><b data-path-to-node=\"21,3,0\" data-index-in-node=\"0\">\u0422\u0440\u0430\u043c\u043c\u0435\u043b\u0438:<\/b> \u0417\u0430\u0433\u0430\u043b\u043e\u043c \u0441\u043b\u0456\u0434 \u0443\u043d\u0438\u043a\u0430\u0442\u0438 \u0444\u0456\u0437\u0438\u0447\u043d\u0438\u0445 \u0432\u043f\u0440\u0430\u0432, \u0441\u043f\u043e\u0440\u0442\u0443, \u0441\u0430\u0443\u043d \u0442\u0430 \u043f\u043b\u0430\u0432\u0430\u043d\u043d\u044f. <b data-path-to-node=\"21,3,0\" data-index-in-node=\"78\">\u043f\u0440\u0438\u0431\u043b\u0438\u0437\u043d\u043e \u0434\u0432\u0430 \u0442\u0438\u0436\u043d\u0456<\/b> \u043f\u0456\u0441\u043b\u044f \u043e\u043f\u0435\u0440\u0430\u0446\u0456\u0457.<\/p><\/li><\/ul>\t\t\t\t\t\t\t\t<\/div>\n\t\t\t\t<\/div>\n\t\t\t\t<div class=\"elementor-element elementor-element-2cdcf83 elementor-widget elementor-widget-image\" data-id=\"2cdcf83\" data-element_type=\"widget\" data-e-type=\"widget\" data-widget_type=\"image.default\">\n\t\t\t\t<div class=\"elementor-widget-container\">\n\t\t\t\t\t\t\t\t\t\t\t\t\t\t\t<img fetchpriority=\"high\" decoding=\"async\" width=\"1024\" height=\"559\" src=\"https:\/\/lastenkirurgia.fi\/wp-content\/uploads\/2026\/04\/ymparileikkaus.webp\" class=\"attachment-large size-large wp-image-1550\" alt=\"\" srcset=\"https:\/\/lastenkirurgia.fi\/wp-content\/uploads\/2026\/04\/ymparileikkaus.webp 1024w, https:\/\/lastenkirurgia.fi\/wp-content\/uploads\/2026\/04\/ymparileikkaus-300x164.webp 300w, https:\/\/lastenkirurgia.fi\/wp-content\/uploads\/2026\/04\/ymparileikkaus-768x419.webp 768w\" sizes=\"(max-width: 1024px) 100vw, 1024px\" \/>\t\t\t\t\t\t\t\t\t\t\t\t\t\t\t<\/div>\n\t\t\t\t<\/div>\n\t\t\t\t\t<\/div>\n\t\t\t\t<\/div>\n\t\t\t\t<\/div>","protected":false},"excerpt":{"rendered":"<p>Esinahan ahtaus ja ymp\u00e4rileikkaus lapsella Esinahan ahtaus eli fimoosi on lapsilla yleinen vaiva, mutta kaikki tapaukset eiv\u00e4t vaadi leikkaushoitoa. On t\u00e4rke\u00e4\u00e4 erottaa toisistaan normaali kehitysvaihe ja hoitoa vaativa sairaus. \u00a0 Huomautus: Vastaanotollamme tehd\u00e4\u00e4n ymp\u00e4rileikkauksia ainoastaan l\u00e4\u00e4ketieteellisin perustein. Emme suorita uskonnollisia ymp\u00e4rileikkauksia.\u00a0 \u00a0 Milloin esinahalle ei tarvitse tehd\u00e4 mit\u00e4\u00e4n? Esimurrosik\u00e4isen lapsen esinahka on usein fysiologisesti ahdas, [&hellip;]<\/p>\n","protected":false},"author":1,"featured_media":0,"parent":0,"menu_order":0,"comment_status":"closed","ping_status":"closed","template":"","meta":{"_angie_page":false,"site-sidebar-layout":"no-sidebar","site-content-layout":"page-builder","ast-site-content-layout":"full-width-container","site-content-style":"default","site-sidebar-style":"default","ast-global-header-display":"","ast-banner-title-visibility":"","ast-main-header-display":"","ast-hfb-above-header-display":"","ast-hfb-below-header-display":"","ast-hfb-mobile-header-display":"","site-post-title":"","ast-breadcrumbs-content":"","ast-featured-img":"disabled","footer-sml-layout":"","ast-disable-related-posts":"","theme-transparent-header-meta":"","adv-header-id-meta":"","stick-header-meta":"","header-above-stick-meta":"","header-main-stick-meta":"","header-below-stick-meta":"","astra-migrate-meta-layouts":"set","ast-page-background-enabled":"default","ast-page-background-meta":{"desktop":{"background-color":"","background-image":"","background-repeat":"repeat","background-position":"center center","background-size":"auto","background-attachment":"scroll","background-type":"","background-media":"","overlay-type":"","overlay-color":"","overlay-opacity":"","overlay-gradient":""},"tablet":{"background-color":"","background-image":"","background-repeat":"repeat","background-position":"center center","background-size":"auto","background-attachment":"scroll","background-type":"","background-media":"","overlay-type":"","overlay-color":"","overlay-opacity":"","overlay-gradient":""},"mobile":{"background-color":"","background-image":"","background-repeat":"repeat","background-position":"center center","background-size":"auto","background-attachment":"scroll","background-type":"","background-media":"","overlay-type":"","overlay-color":"","overlay-opacity":"","overlay-gradient":""}},"ast-content-background-meta":{"desktop":{"background-color":"var(--ast-global-color-5)","background-image":"","background-repeat":"repeat","background-position":"center center","background-size":"auto","background-attachment":"scroll","background-type":"","background-media":"","overlay-type":"","overlay-color":"","overlay-opacity":"","overlay-gradient":""},"tablet":{"background-color":"var(--ast-global-color-5)","background-image":"","background-repeat":"repeat","background-position":"center center","background-size":"auto","background-attachment":"scroll","background-type":"","background-media":"","overlay-type":"","overlay-color":"","overlay-opacity":"","overlay-gradient":""},"mobile":{"background-color":"var(--ast-global-color-5)","background-image":"","background-repeat":"repeat","background-position":"center center","background-size":"auto","background-attachment":"scroll","background-type":"","background-media":"","overlay-type":"","overlay-color":"","overlay-opacity":"","overlay-gradient":""}},"footnotes":""},"class_list":["post-1360","page","type-page","status-publish","hentry"],"_links":{"self":[{"href":"https:\/\/lastenkirurgia.fi\/uk\/wp-json\/wp\/v2\/pages\/1360","targetHints":{"allow":["GET"]}}],"collection":[{"href":"https:\/\/lastenkirurgia.fi\/uk\/wp-json\/wp\/v2\/pages"}],"about":[{"href":"https:\/\/lastenkirurgia.fi\/uk\/wp-json\/wp\/v2\/types\/page"}],"author":[{"embeddable":true,"href":"https:\/\/lastenkirurgia.fi\/uk\/wp-json\/wp\/v2\/users\/1"}],"replies":[{"embeddable":true,"href":"https:\/\/lastenkirurgia.fi\/uk\/wp-json\/wp\/v2\/comments?post=1360"}],"version-history":[{"count":8,"href":"https:\/\/lastenkirurgia.fi\/uk\/wp-json\/wp\/v2\/pages\/1360\/revisions"}],"predecessor-version":[{"id":1554,"href":"https:\/\/lastenkirurgia.fi\/uk\/wp-json\/wp\/v2\/pages\/1360\/revisions\/1554"}],"wp:attachment":[{"href":"https:\/\/lastenkirurgia.fi\/uk\/wp-json\/wp\/v2\/media?parent=1360"}],"curies":[{"name":"wp","href":"https:\/\/api.w.org\/{rel}","templated":true}]}}