{"id":1366,"date":"2026-04-09T13:49:49","date_gmt":"2026-04-09T13:49:49","guid":{"rendered":"https:\/\/darkcyan-pheasant-754087.hostingersite.com\/?page_id=1366"},"modified":"2026-04-12T14:30:16","modified_gmt":"2026-04-12T14:30:16","slug":"lapsen-selan-rasitusmurtuma","status":"publish","type":"page","link":"https:\/\/lastenkirurgia.fi\/uk\/lapsen-selan-rasitusmurtuma\/","title":{"rendered":"\u0421\u0442\u0440\u0435\u0441\u043e\u0432\u0438\u0439 \u043f\u0435\u0440\u0435\u043b\u043e\u043c \u0441\u043f\u0438\u043d\u0438 \u0443 \u0434\u0438\u0442\u0438\u043d\u0438"},"content":{"rendered":"<div data-elementor-type=\"wp-page\" data-elementor-id=\"1366\" class=\"elementor elementor-1366\" data-elementor-post-type=\"page\">\n\t\t\t\t<div class=\"elementor-element elementor-element-5970ab2 e-flex e-con-boxed e-con e-parent\" data-id=\"5970ab2\" data-element_type=\"container\" data-e-type=\"container\">\n\t\t\t\t\t<div class=\"e-con-inner\">\n\t\t\t\t<div class=\"elementor-element elementor-element-dd01e31 elementor-widget elementor-widget-text-editor\" data-id=\"dd01e31\" data-element_type=\"widget\" data-e-type=\"widget\" data-widget_type=\"text-editor.default\">\n\t\t\t\t<div class=\"elementor-widget-container\">\n\t\t\t\t\t\t\t\t\t<h2 data-path-to-node=\"2\">\u0422\u0440\u0430\u0432\u043c\u0438 \u0441\u043f\u0438\u043d\u0438 \u0437 \u0440\u043e\u0437\u0442\u044f\u0433\u043d\u0435\u043d\u043d\u044f\u043c \u0443 \u0434\u0456\u0442\u0435\u0439 \u0442\u0430 \u043f\u0456\u0434\u043b\u0456\u0442\u043a\u0456\u0432: \u0441\u0442\u0440\u0435\u0441\u043e\u0432\u0438\u0439 \u043f\u0435\u0440\u0435\u043b\u043e\u043c \u0442\u0430 \u0441\u0442\u0440\u0435\u0441\u043e\u0432\u0430 \u043e\u0441\u0442\u0435\u043e\u043f\u0430\u0442\u0456\u044f<\/h2><p data-path-to-node=\"3\">\u0411\u0456\u043b\u044c \u0443 \u0441\u043f\u0438\u043d\u0456 \u0443 \u0434\u0456\u0442\u0435\u0439 \u0442\u0430 \u043f\u0456\u0434\u043b\u0456\u0442\u043a\u0456\u0432, \u0449\u043e \u0440\u043e\u0441\u0442\u0443\u0442\u044c, \u2013 \u0446\u0435 \u0441\u0438\u043c\u043f\u0442\u043e\u043c, \u0434\u043e \u044f\u043a\u043e\u0433\u043e \u0437\u0430\u0432\u0436\u0434\u0438 \u0441\u043b\u0456\u0434 \u0441\u0442\u0430\u0432\u0438\u0442\u0438\u0441\u044f \u0441\u0435\u0440\u0439\u043e\u0437\u043d\u043e. \u041e\u0441\u043e\u0431\u043b\u0438\u0432\u043e \u0443 \u043c\u043e\u043b\u043e\u0434\u0438\u0445 \u043b\u044e\u0434\u0435\u0439, \u044f\u043a\u0456 \u0437\u0430\u0439\u043c\u0430\u044e\u0442\u044c\u0441\u044f \u0441\u043f\u043e\u0440\u0442\u043e\u043c \u0437 \u043f\u0435\u0432\u043d\u043e\u044e \u043c\u0435\u0442\u043e\u044e, \u0431\u0456\u043b\u044c \u0443 \u0441\u043f\u0438\u043d\u0456 \u0456\u043d\u043e\u0434\u0456 \u043c\u043e\u0436\u0435 \u0431\u0443\u0442\u0438 \u0441\u043f\u0440\u0438\u0447\u0438\u043d\u0435\u043d\u0438\u0439 \u0440\u043e\u0437\u0442\u044f\u0433\u043d\u0435\u043d\u043d\u044f\u043c \u0437\u0430\u0434\u043d\u044c\u043e\u0457 \u0434\u0443\u0433\u0438 \u0445\u0440\u0435\u0431\u0446\u044f.<\/p><p data-path-to-node=\"4\">\u0426\u044e \u0442\u0440\u0430\u0432\u043c\u0443 \u043f\u043e\u0434\u0456\u043b\u044f\u044e\u0442\u044c \u043d\u0430 \u0434\u0432\u0456 \u0441\u0442\u0430\u0434\u0456\u0457: <b data-path-to-node=\"4\" data-index-in-node=\"39\">\u0441\u0442\u0440\u0435\u0441\u043e\u0432\u0430 \u043e\u0441\u0442\u0435\u043e\u043f\u0430\u0442\u0456\u044f<\/b> (\u043d\u0430\u043f\u0440\u0443\u0436\u0435\u043d\u0438\u0439 \u0441\u0442\u0430\u043d \u043a\u0456\u0441\u0442\u043a\u043e\u0432\u043e\u0433\u043e \u043f\u043e\u043f\u0435\u0440\u0435\u0434\u043d\u0438\u043a\u0430) \u0442\u0430 \u0444\u0430\u043a\u0442\u0438\u0447\u043d\u0438\u0439 <b data-path-to-node=\"4\" data-index-in-node=\"104\">\u0434\u043e \u0441\u0442\u0440\u0435\u0441\u043e\u0432\u043e\u0433\u043e \u043f\u0435\u0440\u0435\u043b\u043e\u043c\u0443<\/b> (<i data-path-to-node=\"4\" data-index-in-node=\"122\">\u0441\u043f\u043e\u043d\u0434\u0438\u043b\u043e\u043b\u0456\u0437<\/i>).<\/p><h3 data-path-to-node=\"5\">\u0429\u043e \u0442\u0430\u043a\u0435 \u0441\u0442\u0440\u0435\u0441\u043e\u0432\u0430 \u043e\u0441\u0442\u0435\u043e\u043f\u0430\u0442\u0456\u044f \u0442\u0430 \u0441\u0442\u0440\u0435\u0441\u043e\u0432\u0438\u0439 \u043f\u0435\u0440\u0435\u043b\u043e\u043c?<\/h3><ul data-path-to-node=\"6\"><li><p data-path-to-node=\"6,0,0\"><b data-path-to-node=\"6,0,0\" data-index-in-node=\"0\">\u0421\u0442\u0440\u0435\u0441\u043e\u0432\u0430 \u043e\u0441\u0442\u0435\u043e\u043f\u0430\u0442\u0456\u044f:<\/b> \u0426\u0435 \u043f\u0435\u0440\u0435\u0434\u0432\u0456\u0441\u043d\u0438\u043a \u043f\u0435\u0440\u0435\u043b\u043e\u043c\u0443. \u041a\u0456\u0441\u0442\u043a\u0430 \u043f\u0435\u0440\u0435\u0432\u0430\u043d\u0442\u0430\u0436\u0435\u043d\u0430, \u0454 \u043d\u0430\u0431\u0440\u044f\u043a, \u0430\u043b\u0435 \u0444\u0430\u043a\u0442\u0438\u0447\u043d\u0430 \u043b\u0456\u043d\u0456\u044f \u043f\u0435\u0440\u0435\u043b\u043e\u043c\u0443 \u0449\u0435 \u043d\u0435 \u0441\u0444\u043e\u0440\u043c\u043e\u0432\u0430\u043d\u0430. \u041d\u0430 \u0446\u0456\u0439 \u0441\u0442\u0430\u0434\u0456\u0457 \u0442\u0440\u0430\u0432\u043c\u0430 \u0437\u0430\u0437\u0432\u0438\u0447\u0430\u0439 \u0448\u0432\u0438\u0434\u043a\u043e \u0433\u043e\u0457\u0442\u044c\u0441\u044f \u043f\u0456\u0441\u043b\u044f \u0432\u0456\u0434\u043f\u043e\u0447\u0438\u043d\u043a\u0443.<\/p><\/li><li><p data-path-to-node=\"6,1,0\"><b data-path-to-node=\"6,1,0\" data-index-in-node=\"0\">\u0421\u0442\u0440\u0435\u0441\u043e\u0432\u0438\u0439 \u043f\u0435\u0440\u0435\u043b\u043e\u043c (\u0441\u043f\u043e\u043d\u0434\u0438\u043b\u043e\u043b\u0456\u0437):<\/b> \u042f\u043a\u0449\u043e \u0440\u043e\u0437\u0442\u044f\u0433\u043d\u0435\u043d\u043d\u044f \u043f\u0440\u043e\u0434\u043e\u0432\u0436\u0443\u0454\u0442\u044c\u0441\u044f, \u043d\u0435\u0437\u0432\u0430\u0436\u0430\u044e\u0447\u0438 \u043d\u0430 \u0441\u0438\u043c\u043f\u0442\u043e\u043c\u0438, \u043c\u043e\u0436\u0435 \u0432\u0438\u043d\u0438\u043a\u043d\u0443\u0442\u0438 \u043f\u0435\u0440\u0435\u043b\u043e\u043c \u0437\u0430\u0434\u043d\u044c\u043e\u0457 \u0434\u0443\u0433\u0438 \u0445\u0440\u0435\u0431\u0446\u044f. \u0423 \u0434\u0456\u0442\u0435\u0439 \u0442\u0430 \u043f\u0456\u0434\u043b\u0456\u0442\u043a\u0456\u0432 \u0437\u0430\u0434\u043d\u044f \u0434\u0443\u0433\u0430 \u0445\u0440\u0435\u0431\u0446\u044f \u0432\u0441\u0435 \u0449\u0435 \u043f\u0435\u0440\u0435\u0431\u0443\u0432\u0430\u0454 \u0443 \u0444\u0430\u0437\u0456 \u0440\u043e\u0441\u0442\u0443 \u0456 \u0442\u043e\u043c\u0443 \u0431\u0456\u043b\u044c\u0448 \u0447\u0443\u0442\u043b\u0438\u0432\u0430 \u0434\u043e \u043c\u0435\u0445\u0430\u043d\u0456\u0447\u043d\u043e\u0433\u043e \u0432\u043f\u043b\u0438\u0432\u0443.<\/p><\/li><\/ul><h3 data-path-to-node=\"7\">\u0420\u0438\u0437\u0438\u043a\u043e\u0432\u0456 \u0432\u0438\u0434\u0438?<\/h3><p data-path-to-node=\"8\">\u0422\u0440\u0430\u0432\u043c\u0430 \u0437\u0430\u0437\u0432\u0438\u0447\u0430\u0439 \u0442\u0440\u0430\u043f\u043b\u044f\u0454\u0442\u044c\u0441\u044f \u0432 \u0432\u0438\u0434\u0430\u0445 \u0441\u043f\u043e\u0440\u0442\u0443, \u044f\u043a\u0456 \u043f\u043e\u0432&#039;\u044f\u0437\u0430\u043d\u0456 \u0437 \u043f\u043e\u0432\u0442\u043e\u0440\u044e\u0432\u0430\u043d\u0438\u043c \u043d\u0430\u0432\u0430\u043d\u0442\u0430\u0436\u0435\u043d\u043d\u044f\u043c \u043d\u0430 \u0441\u043f\u0438\u043d\u0443. <b data-path-to-node=\"8\" data-index-in-node=\"72\">\u0441\u0438\u043b\u044c\u043d\u0435 \u043d\u0430\u0445\u0438\u043b\u044f\u043d\u043d\u044f (\u0440\u043e\u0437\u0433\u0438\u043d\u0430\u043d\u043d\u044f) \u043d\u0430\u0437\u0430\u0434 \u0442\u0430 \u043e\u0431\u0435\u0440\u0442\u0430\u043d\u043d\u044f<\/b>. \u0414\u043e \u0442\u0430\u043a\u0438\u0445 \u0432\u0438\u0434\u0456\u0432 \u043d\u0430\u043b\u0435\u0436\u0430\u0442\u044c, \u043d\u0430\u043f\u0440\u0438\u043a\u043b\u0430\u0434:<\/p><ul data-path-to-node=\"9\"><li><p data-path-to-node=\"9,0,0\">\u0413\u0456\u043c\u043d\u0430\u0441\u0442\u0438\u043a\u0430 \u0442\u0430 \u0444\u0456\u0433\u0443\u0440\u043d\u0435 \u043a\u0430\u0442\u0430\u043d\u043d\u044f<\/p><\/li><li><p data-path-to-node=\"9,1,0\">\u041b\u0435\u0433\u043a\u0430 \u0430\u0442\u043b\u0435\u0442\u0438\u043a\u0430 (\u043d\u0430\u043f\u0440\u0438\u043a\u043b\u0430\u0434, \u043c\u0435\u0442\u0430\u043d\u043d\u044f \u0441\u043f\u0438\u0441\u0430, \u0441\u0442\u0440\u0438\u0431\u043a\u0438 \u0443 \u0432\u0438\u0441\u043e\u0442\u0443)<\/p><\/li><li><p data-path-to-node=\"9,2,0\">\u0412\u0438\u0434\u0438 \u0441\u043f\u043e\u0440\u0442\u0443 \u0437 \u043c&#039;\u044f\u0447\u0435\u043c (\u043d\u0430\u043f\u0440\u0438\u043a\u043b\u0430\u0434, \u0444\u0443\u0442\u0431\u043e\u043b, \u0444\u043b\u043e\u0440\u0431\u043e\u043b, \u0442\u0435\u043d\u0456\u0441)<\/p><\/li><\/ul><h3 data-path-to-node=\"10\">\u0412\u0438\u0437\u043d\u0430\u0447\u0442\u0435 \u0441\u0438\u043c\u043f\u0442\u043e\u043c\u0438<\/h3><p data-path-to-node=\"11\">\u0422\u0438\u043f\u043e\u0432\u0438\u0439 \u043f\u0430\u0446\u0456\u0454\u043d\u0442 \u2013 \u0446\u0435 \u0441\u043f\u043e\u0440\u0442\u0441\u043c\u0435\u043d-\u043f\u0456\u0434\u043b\u0456\u0442\u043e\u043a, \u0443 \u044f\u043a\u043e\u0433\u043e \u0441\u043f\u043e\u0441\u0442\u0435\u0440\u0456\u0433\u0430\u044e\u0442\u044c\u0441\u044f \u0442\u0430\u043a\u0456 \u0441\u0438\u043c\u043f\u0442\u043e\u043c\u0438:<\/p><ul data-path-to-node=\"12\"><li><p data-path-to-node=\"12,0,0\"><b data-path-to-node=\"12,0,0\" data-index-in-node=\"0\">\u041b\u043e\u043a\u0430\u043b\u0456\u0437\u043e\u0432\u0430\u043d\u0438\u0439 \u0431\u0456\u043b\u044c \u0443 \u0441\u043f\u0438\u043d\u0456:<\/b> \u0411\u0456\u043b\u044c \u0432\u0456\u0434\u0447\u0443\u0432\u0430\u0454\u0442\u044c\u0441\u044f \u0432 \u043f\u043e\u043f\u0435\u0440\u0435\u043a\u0443, \u0447\u0430\u0441\u0442\u043e \u0437 \u043e\u0434\u043d\u043e\u0433\u043e \u0431\u043e\u043a\u0443.<\/p><\/li><li><p data-path-to-node=\"12,1,0\"><b data-path-to-node=\"12,1,0\" data-index-in-node=\"0\">\u0411\u0456\u043b\u044c \u043f\u0440\u0438 \u0444\u0456\u0437\u0438\u0447\u043d\u043e\u043c\u0443 \u043d\u0430\u0432\u0430\u043d\u0442\u0430\u0436\u0435\u043d\u043d\u0456:<\/b> \u0411\u0456\u043b\u044c \u043e\u0441\u043e\u0431\u043b\u0438\u0432\u043e \u0441\u0438\u043b\u044c\u043d\u043e \u043f\u0440\u043e\u0432\u043e\u043a\u0443\u0454\u0442\u044c\u0441\u044f \u043f\u0440\u0438 \u0437\u0433\u0438\u043d\u0430\u043d\u043d\u0456 \u0441\u043f\u0438\u043d\u0438 \u043d\u0430\u0437\u0430\u0434, \u0430\u043b\u0435 \u043c\u043e\u0436\u0435 \u0431\u0443\u0442\u0438 \u0456 \u0431\u0456\u043b\u044c\u0448 \u043d\u0435\u0432\u0438\u0440\u0430\u0437\u043d\u0438\u043c.<\/p><\/li><li><p data-path-to-node=\"12,2,0\"><b data-path-to-node=\"12,2,0\" data-index-in-node=\"0\">\u0415\u0444\u0435\u043a\u0442 \u0432\u0456\u0434 \u0432\u0456\u0434\u043f\u043e\u0447\u0438\u043d\u043a\u0443:<\/b> \u0411\u0456\u043b\u044c \u043f\u043e\u043b\u0435\u0433\u0448\u0443\u0454\u0442\u044c\u0441\u044f \u043f\u0456\u0441\u043b\u044f \u0432\u0456\u0434\u043f\u043e\u0447\u0438\u043d\u043a\u0443, \u0430\u043b\u0435 \u043f\u043e\u0432\u0435\u0440\u0442\u0430\u0454\u0442\u044c\u0441\u044f, \u044f\u043a \u0442\u0456\u043b\u044c\u043a\u0438 \u0432\u0438 \u043f\u043e\u0432\u0435\u0440\u0442\u0430\u0454\u0442\u0435\u0441\u044f \u0434\u043e \u0437\u0430\u043d\u044f\u0442\u044c \u0441\u043f\u043e\u0440\u0442\u043e\u043c. \u0406\u043d\u043e\u0434\u0456 \u0431\u0456\u043b\u044c \u043c\u043e\u0436\u0435 \u0431\u0443\u0442\u0438 \u0434\u043e\u0441\u0438\u0442\u044c \u043f\u043e\u0441\u0442\u0456\u0439\u043d\u0438\u043c.<\/p><\/li><\/ul><h3 data-path-to-node=\"13\">\u0414\u0456\u0430\u0433\u043d\u043e\u0441\u0442\u0438\u043a\u0430 \u2013 \u044f\u043a \u0434\u0456\u0430\u0433\u043d\u043e\u0441\u0442\u0443\u0454\u0442\u044c\u0441\u044f \u0442\u0440\u0430\u0432\u043c\u0430?<\/h3><p data-path-to-node=\"14\">\u0422\u0440\u0430\u0432\u043c\u0438 \u0441\u043f\u0438\u043d\u0438 \u0432\u0456\u0434 \u0440\u043e\u0437\u0442\u044f\u0433\u043d\u0435\u043d\u043d\u044f \u0443 \u0434\u0456\u0442\u0435\u0439 \u0432\u0430\u0436\u043a\u043e \u0434\u0456\u0430\u0433\u043d\u043e\u0441\u0442\u0443\u0432\u0430\u0442\u0438 \u0437\u0430 \u0434\u043e\u043f\u043e\u043c\u043e\u0433\u043e\u044e \u0441\u0442\u0430\u043d\u0434\u0430\u0440\u0442\u043d\u0438\u0445 \u0440\u0435\u043d\u0442\u0433\u0435\u043d\u0456\u0432\u0441\u044c\u043a\u0438\u0445 \u0437\u043d\u0456\u043c\u043a\u0456\u0432, \u043e\u0441\u043a\u0456\u043b\u044c\u043a\u0438 \u043d\u0430 \u043d\u0438\u0445 \u043d\u0435 \u0432\u0438\u0434\u043d\u043e \u043e\u0441\u0442\u0435\u043e\u043f\u0430\u0442\u0456\u0457 \u0432\u0456\u0434 \u0440\u043e\u0437\u0442\u044f\u0433\u043d\u0435\u043d\u043d\u044f \u043d\u0430 \u0440\u0430\u043d\u043d\u0456\u0445 \u0441\u0442\u0430\u0434\u0456\u044f\u0445.<\/p><ul data-path-to-node=\"15\"><li><p data-path-to-node=\"15,0,0\"><b data-path-to-node=\"15,0,0\" data-index-in-node=\"0\">\u041c\u0430\u0433\u043d\u0456\u0442\u043d\u043e-\u0440\u0435\u0437\u043e\u043d\u0430\u043d\u0441\u043d\u0430 \u0442\u043e\u043c\u043e\u0433\u0440\u0430\u0444\u0456\u044f (\u041c\u0420\u0422):<\/b> \u0426\u0435 \u043d\u0430\u0439\u043a\u0440\u0430\u0449\u0438\u0439 \u043c\u0435\u0442\u043e\u0434 \u043e\u0431\u0441\u0442\u0435\u0436\u0435\u043d\u043d\u044f. \u0412\u0456\u043d \u043f\u043e\u043a\u0430\u0437\u0443\u0454 \u043d\u0430\u0431\u0440\u044f\u043a \u043a\u0456\u0441\u0442\u043a\u0438 \u0449\u0435 \u0434\u043e \u0442\u043e\u0433\u043e, \u044f\u043a \u0432\u0456\u0434\u0431\u0443\u0434\u0435\u0442\u044c\u0441\u044f \u043f\u0435\u0440\u0435\u043b\u043e\u043c.<\/p><\/li><li><p data-path-to-node=\"15,1,0\"><b data-path-to-node=\"15,1,0\" data-index-in-node=\"0\">\u0420\u0435\u043d\u0442\u0433\u0435\u043d:<\/b> \u0426\u0435 \u043c\u043e\u0436\u0435 \u043f\u043e\u043a\u0430\u0437\u0430\u0442\u0438 \u0456\u0441\u043d\u0443\u044e\u0447\u0438\u0439, \u0441\u0442\u0430\u0440\u0456\u0448\u0438\u0439 \u043f\u0435\u0440\u0435\u043b\u043e\u043c, \u0430\u043b\u0435 \u0446\u044c\u043e\u0433\u043e \u043d\u0435\u0434\u043e\u0441\u0442\u0430\u0442\u043d\u044c\u043e \u0434\u043b\u044f \u0434\u0456\u0430\u0433\u043d\u043e\u0441\u0442\u0438\u043a\u0438 \u043f\u043e\u0447\u0430\u0442\u043a\u043e\u0432\u043e\u0457 \u0441\u0438\u0442\u0443\u0430\u0446\u0456\u0457.<\/p><\/li><\/ul><h3 data-path-to-node=\"16\">\u041b\u0456\u043a\u0443\u0432\u0430\u043d\u043d\u044f \u0442\u0430 \u043e\u0434\u0443\u0436\u0430\u043d\u043d\u044f<\/h3><p data-path-to-node=\"17\">\u041d\u0430\u0440\u0456\u0436\u043d\u0438\u043c \u043a\u0430\u043c\u0435\u043d\u0435\u043c \u043b\u0456\u043a\u0443\u0432\u0430\u043d\u043d\u044f \u0454 <b data-path-to-node=\"17\" data-index-in-node=\"20\">\u0434\u043e\u0441\u0442\u0430\u0442\u043d\u0456\u0439 \u0456 \u0442\u0440\u0438\u0432\u0430\u043b\u0438\u0439 \u0432\u0456\u0434\u043f\u043e\u0447\u0438\u043d\u043e\u043a<\/b> \u0432\u0456\u0434 \u0441\u043f\u043e\u0440\u0442\u0438\u0432\u043d\u043e\u0433\u043e \u0441\u0442\u0440\u0435\u0441\u0443.<\/p><ol start=\"1\" data-path-to-node=\"18\"><li><p data-path-to-node=\"18,0,0\"><b data-path-to-node=\"18,0,0\" data-index-in-node=\"0\">\u0412\u0456\u0434\u043f\u043e\u0447\u0438\u043d\u043e\u043a (2\u20134 \u043c\u0456\u0441\u044f\u0446\u0456):<\/b> \u0417\u0430\u0431\u043e\u0440\u043e\u043d\u0430 \u043d\u0430 \u0437\u0430\u043d\u044f\u0442\u0442\u044f \u0441\u043f\u043e\u0440\u0442\u043e\u043c \u0437\u0430\u0437\u0432\u0438\u0447\u0430\u0439 \u0442\u0440\u0438\u0432\u0430\u0454 \u043a\u0456\u043b\u044c\u043a\u0430 \u043c\u0456\u0441\u044f\u0446\u0456\u0432. \u041f\u0440\u043e\u0442\u044f\u0433\u043e\u043c \u0446\u044c\u043e\u0433\u043e \u0447\u0430\u0441\u0443 \u0441\u043b\u0456\u0434 \u0443\u043d\u0438\u043a\u0430\u0442\u0438 \u0443\u0434\u0430\u0440\u0456\u0432, \u0441\u0442\u0440\u0438\u0431\u043a\u0456\u0432 \u0442\u0430 \u0441\u043a\u0440\u0443\u0447\u0443\u0432\u0430\u043d\u043d\u044f \u0441\u043f\u0438\u043d\u0438.<\/p><\/li><li><p data-path-to-node=\"18,1,0\"><b data-path-to-node=\"18,1,0\" data-index-in-node=\"0\">\u0424\u0456\u0437\u0456\u043e\u0442\u0435\u0440\u0430\u043f\u0456\u044f:<\/b> \u0412\u0456\u0434\u0456\u0433\u0440\u0430\u0454 \u0432\u0438\u0440\u0456\u0448\u0430\u043b\u044c\u043d\u0443 \u0440\u043e\u043b\u044c. \u0424\u0456\u0437\u0456\u043e\u0442\u0435\u0440\u0430\u043f\u0435\u0432\u0442 \u043a\u0435\u0440\u0443\u0454 \u043a\u043e\u043d\u0442\u0440\u043e\u043b\u0435\u043c \u043c&#039;\u044f\u0437\u0456\u0432 \u043a\u043e\u0440\u0430 \u0442\u0430 \u0432\u0438\u043f\u0440\u0430\u0432\u043b\u044f\u0454 \u0431\u0443\u0434\u044c-\u044f\u043a\u0456 \u043d\u0435\u043f\u0440\u0430\u0432\u0438\u043b\u044c\u043d\u0456 \u043f\u043e\u043b\u043e\u0436\u0435\u043d\u043d\u044f \u0430\u0431\u043e \u043d\u0430\u043f\u0440\u0443\u0433\u0443 (\u043d\u0430\u043f\u0440\u0438\u043a\u043b\u0430\u0434, \u043d\u0430\u043f\u0440\u0443\u0433\u0443 \u043f\u0456\u0434\u043a\u043e\u043b\u0456\u043d\u043d\u0438\u0445 \u0441\u0443\u0445\u043e\u0436\u0438\u043b\u044c), \u044f\u043a\u0456 \u0437\u0431\u0456\u043b\u044c\u0448\u0443\u044e\u0442\u044c \u043d\u0430\u0432\u0430\u043d\u0442\u0430\u0436\u0435\u043d\u043d\u044f \u043d\u0430 \u043f\u043e\u043f\u0435\u0440\u0435\u043a.<\/p><\/li><li><p data-path-to-node=\"18,2,0\"><b data-path-to-node=\"18,2,0\" data-index-in-node=\"0\">\u041f\u043e\u0441\u0442\u0443\u043f\u043e\u0432\u0435 \u043f\u043e\u0432\u0435\u0440\u043d\u0435\u043d\u043d\u044f:<\/b> \u0412\u0438 \u043c\u043e\u0436\u0435\u0442\u0435 \u043f\u043e\u0432\u0435\u0440\u043d\u0443\u0442\u0438\u0441\u044f \u0434\u043e \u0441\u043f\u043e\u0440\u0442\u0443 \u043b\u0438\u0448\u0435 \u0442\u043e\u0434\u0456, \u043a\u043e\u043b\u0438 \u0431\u0456\u043b\u044c \u0443 \u0441\u043f\u0438\u043d\u0456 \u043f\u043e\u0432\u043d\u0456\u0441\u0442\u044e \u0437\u043d\u0438\u043a\u043d\u0435, \u0456 \u0432\u0430\u0448 \u043b\u0456\u043a\u0430\u0440 \u0434\u0430\u0441\u0442\u044c \u0432\u0430\u043c \u0434\u043e\u0437\u0432\u0456\u043b.<\/p><\/li><\/ol><p>\u0421\u0442\u0430\u0442\u0442\u044f \u043f\u0440\u043e \u0441\u0435\u043b\u043e \u0437\u0434\u043e\u0440\u043e\u0432&#039;\u044f<\/p><p><a href=\"https:\/\/www.terveyskyla.fi\/lastentalo\/lasten-kehitys-ja-erityistarpeet\/lasten-ja-nuorten-ortopedia\/selkaranka\/rasitusosteopatia-spondylolyysi-ja-spondylolisteesi\" target=\"_blank\" rel=\"noopener\">https:\/\/www.terveyskyla.fi\/lastentalo\/lasten-kehitys-ja-erityistarpeet\/lasten-ja-nuorten-ortopedia\/selkaranka\/rasitusosteopatia-spondylolyysi-ja-spondylolisteesi<\/a><\/p><p>\u0421\u0442\u0430\u0442\u0442\u044f \u0414\u0443\u043e\u0434\u0435\u0446\u0438\u043c\u0430<\/p><p><a href=\"https:\/\/www.duodecimlehti.fi\/duo15199\" target=\"_blank\" rel=\"noopener\">https:\/\/www.duodecimlehti.fi\/duo15199<\/a><\/p><p>\u041e\u0440\u0442\u043e\u043a\u0443\u043b\u0456<\/p><p><a href=\"https:\/\/www.orthobullets.com\/spine\/2058\/pediatric-spondylolysis-and-spondylolisthesis\" target=\"_blank\" rel=\"noopener\">https:\/\/www.orthobullets.com\/spine\/2058\/pediatric-spondylolysis-and-spondylolisthesis<\/a><\/p>\t\t\t\t\t\t\t\t<\/div>\n\t\t\t\t<\/div>\n\t\t\t\t\t<\/div>\n\t\t\t\t<\/div>\n\t\t\t\t<\/div>","protected":false},"excerpt":{"rendered":"<p>Lasten ja nuorten sel\u00e4n rasitusvammat: Rasitusmurtuma ja rasitusosteopatia Selk\u00e4kipu on kasvavilla lapsilla ja nuorilla oire, johon tulee aina suhtautua vakavasti. Erityisesti tavoitteellisesti urheilevilla nuorilla selk\u00e4kivun taustalta saattaa joskus l\u00f6yty\u00e4 nikaman takakaaren rasitusvamma. T\u00e4m\u00e4 vamma jaetaan kahteen vaiheeseen: rasitusosteopatiaan (luun esiasteen rasitustila) ja varsinaiseen rasitusmurtumaan (spondylolyysi). Mik\u00e4 on rasitusosteopatia ja rasitusmurtuma? Rasitusosteopatia: T\u00e4m\u00e4 on murtuman esiaste. [&hellip;]<\/p>\n","protected":false},"author":1,"featured_media":0,"parent":0,"menu_order":0,"comment_status":"closed","ping_status":"closed","template":"","meta":{"_angie_page":false,"site-sidebar-layout":"no-sidebar","site-content-layout":"page-builder","ast-site-content-layout":"full-width-container","site-content-style":"default","site-sidebar-style":"default","ast-global-header-display":"","ast-banner-title-visibility":"","ast-main-header-display":"","ast-hfb-above-header-display":"","ast-hfb-below-header-display":"","ast-hfb-mobile-header-display":"","site-post-title":"","ast-breadcrumbs-content":"","ast-featured-img":"disabled","footer-sml-layout":"","ast-disable-related-posts":"","theme-transparent-header-meta":"","adv-header-id-meta":"","stick-header-meta":"","header-above-stick-meta":"","header-main-stick-meta":"","header-below-stick-meta":"","astra-migrate-meta-layouts":"set","ast-page-background-enabled":"default","ast-page-background-meta":{"desktop":{"background-color":"","background-image":"","background-repeat":"repeat","background-position":"center center","background-size":"auto","background-attachment":"scroll","background-type":"","background-media":"","overlay-type":"","overlay-color":"","overlay-opacity":"","overlay-gradient":""},"tablet":{"background-color":"","background-image":"","background-repeat":"repeat","background-position":"center center","background-size":"auto","background-attachment":"scroll","background-type":"","background-media":"","overlay-type":"","overlay-color":"","overlay-opacity":"","overlay-gradient":""},"mobile":{"background-color":"","background-image":"","background-repeat":"repeat","background-position":"center center","background-size":"auto","background-attachment":"scroll","background-type":"","background-media":"","overlay-type":"","overlay-color":"","overlay-opacity":"","overlay-gradient":""}},"ast-content-background-meta":{"desktop":{"background-color":"var(--ast-global-color-5)","background-image":"","background-repeat":"repeat","background-position":"center center","background-size":"auto","background-attachment":"scroll","background-type":"","background-media":"","overlay-type":"","overlay-color":"","overlay-opacity":"","overlay-gradient":""},"tablet":{"background-color":"var(--ast-global-color-5)","background-image":"","background-repeat":"repeat","background-position":"center center","background-size":"auto","background-attachment":"scroll","background-type":"","background-media":"","overlay-type":"","overlay-color":"","overlay-opacity":"","overlay-gradient":""},"mobile":{"background-color":"var(--ast-global-color-5)","background-image":"","background-repeat":"repeat","background-position":"center center","background-size":"auto","background-attachment":"scroll","background-type":"","background-media":"","overlay-type":"","overlay-color":"","overlay-opacity":"","overlay-gradient":""}},"footnotes":""},"class_list":["post-1366","page","type-page","status-publish","hentry"],"_links":{"self":[{"href":"https:\/\/lastenkirurgia.fi\/uk\/wp-json\/wp\/v2\/pages\/1366","targetHints":{"allow":["GET"]}}],"collection":[{"href":"https:\/\/lastenkirurgia.fi\/uk\/wp-json\/wp\/v2\/pages"}],"about":[{"href":"https:\/\/lastenkirurgia.fi\/uk\/wp-json\/wp\/v2\/types\/page"}],"author":[{"embeddable":true,"href":"https:\/\/lastenkirurgia.fi\/uk\/wp-json\/wp\/v2\/users\/1"}],"replies":[{"embeddable":true,"href":"https:\/\/lastenkirurgia.fi\/uk\/wp-json\/wp\/v2\/comments?post=1366"}],"version-history":[{"count":7,"href":"https:\/\/lastenkirurgia.fi\/uk\/wp-json\/wp\/v2\/pages\/1366\/revisions"}],"predecessor-version":[{"id":1613,"href":"https:\/\/lastenkirurgia.fi\/uk\/wp-json\/wp\/v2\/pages\/1366\/revisions\/1613"}],"wp:attachment":[{"href":"https:\/\/lastenkirurgia.fi\/uk\/wp-json\/wp\/v2\/media?parent=1366"}],"curies":[{"name":"wp","href":"https:\/\/api.w.org\/{rel}","templated":true}]}}