{"id":1368,"date":"2026-04-09T13:50:07","date_gmt":"2026-04-09T13:50:07","guid":{"rendered":"https:\/\/darkcyan-pheasant-754087.hostingersite.com\/?page_id=1368"},"modified":"2026-04-12T16:03:31","modified_gmt":"2026-04-12T16:03:31","slug":"lapsen-kynsivallintulehduksen-hoito","status":"publish","type":"page","link":"https:\/\/lastenkirurgia.fi\/uk\/lapsen-kynsivallintulehduksen-hoito\/","title":{"rendered":"\u041b\u0456\u043a\u0443\u0432\u0430\u043d\u043d\u044f \u043e\u043d\u0456\u0445\u043e\u043c\u0456\u043a\u043e\u0437\u0443 \u0443 \u0434\u0438\u0442\u0438\u043d\u0438"},"content":{"rendered":"<div data-elementor-type=\"wp-page\" data-elementor-id=\"1368\" class=\"elementor elementor-1368\" data-elementor-post-type=\"page\">\n\t\t\t\t<div class=\"elementor-element elementor-element-b7f5ba2 e-flex e-con-boxed e-con e-parent\" data-id=\"b7f5ba2\" data-element_type=\"container\" data-e-type=\"container\">\n\t\t\t\t\t<div class=\"e-con-inner\">\n\t\t\t\t<div class=\"elementor-element elementor-element-ddd71c0 elementor-widget elementor-widget-text-editor\" data-id=\"ddd71c0\" data-element_type=\"widget\" data-e-type=\"widget\" data-widget_type=\"text-editor.default\">\n\t\t\t\t<div class=\"elementor-widget-container\">\n\t\t\t\t\t\t\t\t\t<h2 data-path-to-node=\"2\">\u041e\u043d\u0456\u0445\u043e\u043c\u0456\u043a\u043e\u0437 \u0443 \u0434\u0438\u0442\u0438\u043d\u0438 \u2013 \u0456\u043d\u0441\u0442\u0440\u0443\u043a\u0446\u0456\u044f \u0437 \u043b\u0456\u043a\u0443\u0432\u0430\u043d\u043d\u044f \u0432 \u0434\u043e\u043c\u0430\u0448\u043d\u0456\u0445 \u0443\u043c\u043e\u0432\u0430\u0445<\/h2><p data-path-to-node=\"3\">\u041e\u043d\u0456\u0445\u043e\u043c\u0456\u043a\u043e\u0437 \u2013 \u0446\u0435 \u043f\u043e\u0448\u0438\u0440\u0435\u043d\u0435 \u0437\u0430\u0445\u0432\u043e\u0440\u044e\u0432\u0430\u043d\u043d\u044f, \u044f\u043a\u0435 \u0432\u0438\u043d\u0438\u043a\u0430\u0454, \u043a\u043e\u043b\u0438 \u0431\u0430\u043a\u0442\u0435\u0440\u0456\u0457 \u043f\u043e\u0442\u0440\u0430\u043f\u043b\u044f\u044e\u0442\u044c \u0443 \u0448\u043a\u0456\u0440\u0443, \u043d\u0430\u043f\u0440\u0438\u043a\u043b\u0430\u0434, \u0447\u0435\u0440\u0435\u0437 \u043e\u0431\u0433\u0440\u0438\u0437\u0430\u043d\u043d\u044f \u043d\u0456\u0433\u0442\u0456\u0432, \u0440\u043e\u0437\u0440\u0438\u0432 \u043a\u0443\u0442\u0438\u043a\u0443\u043b\u0438 \u0430\u0431\u043e \u043d\u0435\u0432\u0435\u043b\u0438\u043a\u0443 \u0440\u0430\u043d\u043a\u0443. \u0423 \u0432\u0438\u043f\u0430\u0434\u043a\u0443 \u043f\u0430\u043b\u044c\u0446\u0456\u0432 \u043d\u0456\u0433 \u043f\u0440\u0438\u0447\u0438\u043d\u043e\u044e \u0447\u0430\u0441\u0442\u043e \u0454 \u0437\u0430\u043d\u0430\u0434\u0442\u043e \u0442\u0456\u0441\u043d\u0435 \u0432\u0437\u0443\u0442\u0442\u044f (\u0430\u0431\u043e \u0448\u043a\u0430\u0440\u043f\u0435\u0442\u043a\u0430) \u0430\u0431\u043e \u043d\u0435\u043f\u0440\u0430\u0432\u0438\u043b\u044c\u043d\u043e \u043e\u0431\u0440\u0456\u0437\u0430\u043d\u0438\u0439 \u043d\u0456\u0433\u043e\u0442\u044c.<\/p><h3 data-path-to-node=\"4\">1. \u041f\u0435\u0440\u0448\u0430 \u0434\u043e\u043f\u043e\u043c\u043e\u0433\u0430 \u0442\u0430 \u0434\u043e\u0433\u043b\u044f\u0434 \u0432\u0434\u043e\u043c\u0430: \u0412\u0430\u043d\u043d\u0438<\/h3><p data-path-to-node=\"5\">\u041d\u0430\u0439\u0432\u0430\u0436\u043b\u0438\u0432\u0456\u0448\u0438\u043c \u043c\u0435\u0442\u043e\u0434\u043e\u043c \u043b\u0456\u043a\u0443\u0432\u0430\u043d\u043d\u044f \u043d\u0430 \u0440\u0430\u043d\u043d\u0456\u0445 \u0441\u0442\u0430\u0434\u0456\u044f\u0445 \u043e\u043d\u0456\u0445\u043e\u043c\u0456\u043a\u043e\u0437\u0443 \u0454 \u0440\u0435\u0433\u0443\u043b\u044f\u0440\u043d\u0435 \u0442\u0430 \u0440\u0435\u0442\u0435\u043b\u044c\u043d\u0435 \u043e\u0447\u0438\u0449\u0435\u043d\u043d\u044f.<\/p><ul data-path-to-node=\"6\"><li><p data-path-to-node=\"6,0,0\"><b data-path-to-node=\"6,0,0\" data-index-in-node=\"0\">\u0422\u0435\u043f\u043b\u0456 \u0432\u0430\u043d\u043d\u0438:<\/b> \u0417\u0430\u043c\u043e\u0447\u0456\u0442\u044c \u0443\u0440\u0430\u0436\u0435\u043d\u0438\u0439 \u043f\u0430\u043b\u0435\u0446\u044c \u0440\u0443\u043a\u0438 \u0430\u0431\u043e \u043d\u043e\u0433\u0438 \u0432 \u0442\u0435\u043f\u043b\u0456\u0439 \u0432\u043e\u0434\u0456 (\u043c\u043e\u0436\u043d\u0430 \u0432\u0438\u043a\u043e\u0440\u0438\u0441\u0442\u043e\u0432\u0443\u0432\u0430\u0442\u0438 \u043c\u2019\u044f\u043a\u0435 \u043c\u0438\u043b\u043e \u0430\u0431\u043e \u0441\u043e\u043b\u043e\u043d\u0443 \u0432\u043e\u0434\u0443) <b data-path-to-node=\"6,0,0\" data-index-in-node=\"120\">15\u201320 \u0445\u0432\u0438\u043b\u0438\u043d 3\u20134 \u0440\u0430\u0437\u0438 \u043d\u0430 \u0434\u0435\u043d\u044c<\/b>.<\/p><\/li><li><p data-path-to-node=\"6,1,0\"><b data-path-to-node=\"6,1,0\" data-index-in-node=\"0\">\u041c\u0435\u0445\u0430\u043d\u0456\u0447\u043d\u0435 \u043e\u0447\u0438\u0449\u0435\u043d\u043d\u044f:<\/b> \u041f\u0456\u0434 \u0447\u0430\u0441 \u0432\u0430\u043d\u043d\u043e\u0447\u043a\u0438 \u043c\u043e\u0436\u043d\u0430 \u0441\u043f\u0440\u043e\u0431\u0443\u0432\u0430\u0442\u0438 \u043e\u0431\u0435\u0440\u0435\u0436\u043d\u043e \u043d\u0430\u0442\u0438\u0441\u043d\u0443\u0442\u0438 \u0430\u0431\u043e \u043f\u0440\u043e\u0442\u0435\u0440\u0442\u0438 \u0437\u0430\u043f\u0430\u043b\u0435\u043d\u0443 \u0434\u0456\u043b\u044f\u043d\u043a\u0443, \u0449\u043e\u0431 \u0434\u043e\u043f\u043e\u043c\u043e\u0433\u0442\u0438 \u0433\u043d\u043e\u044e \u0432\u0438\u0439\u0442\u0438 \u0437-\u043f\u0456\u0434 \u043d\u0456\u0433\u0442\u044f \u0442\u0430 \u0448\u043a\u0456\u0440\u0438.<\/p><\/li><li><p data-path-to-node=\"6,2,0\"><b data-path-to-node=\"6,2,0\" data-index-in-node=\"0\">\u043b\u0456\u043a\u0443\u0432\u0430\u043b\u044c\u043d\u0430 \u043c\u0430\u0437\u044c:<\/b> \u041f\u0456\u0441\u043b\u044f \u043a\u0443\u043f\u0430\u043d\u043d\u044f \u043c\u043e\u0436\u043d\u0430 \u043d\u0430\u043d\u0435\u0441\u0442\u0438 \u043d\u0430 \u0443\u0440\u0430\u0436\u0435\u043d\u0443 \u0434\u0456\u043b\u044f\u043d\u043a\u0443 \u043a\u0440\u0435\u043c, \u044f\u043a\u0438\u0439 \u043c\u043e\u0436\u043d\u0430 \u043f\u0440\u0438\u0434\u0431\u0430\u0442\u0438 \u0432 \u0430\u043f\u0442\u0435\u0446\u0456 (\u043d\u0430\u043f\u0440\u0438\u043a\u043b\u0430\u0434, Bacibact), \u0456 \u0437\u0430\u0445\u0438\u0441\u0442\u0438\u0442\u0438 \u0457\u0457 \u0447\u0438\u0441\u0442\u0438\u043c \u043f\u043b\u0430\u0441\u0442\u0438\u0440\u043e\u043c.<\/p><\/li><\/ul><h3 data-path-to-node=\"7\">2. \u042f\u043a \u0443\u043d\u0438\u043a\u043d\u0443\u0442\u0438 \u043f\u0440\u043e\u0431\u043b\u0435\u043c\u0438 \u0432 \u043c\u0430\u0439\u0431\u0443\u0442\u043d\u044c\u043e\u043c\u0443?<\/h3><ul data-path-to-node=\"8\"><li><p data-path-to-node=\"8,0,0\"><b data-path-to-node=\"8,0,0\" data-index-in-node=\"0\">\u041f\u0440\u0430\u0432\u0438\u043b\u044c\u043d\u0438\u0439 \u0440\u043e\u0437\u0440\u0456\u0437:<\/b> \u041f\u0456\u0434\u0441\u0442\u0440\u0438\u0433\u0430\u0439\u0442\u0435 \u043d\u0456\u0433\u0442\u0456 \u0440\u0456\u0432\u043d\u043e, \u043d\u0435 \u0437\u0430\u043e\u043a\u0440\u0443\u0433\u043b\u044e\u0439\u0442\u0435 \u043a\u0443\u0442\u0438 \u0437\u0430\u043d\u0430\u0434\u0442\u043e \u0441\u0438\u043b\u044c\u043d\u043e (\u043e\u0441\u043e\u0431\u043b\u0438\u0432\u043e \u043d\u0430 \u043f\u0430\u043b\u044c\u0446\u044f\u0445 \u043d\u0456\u0433). \u0426\u0435 \u0437\u0430\u043f\u043e\u0431\u0456\u0436\u0438\u0442\u044c \u0432\u0440\u043e\u0441\u0442\u0430\u043d\u043d\u044e \u043d\u0456\u0433\u0442\u044f \u0432 \u0448\u043a\u0456\u0440\u0443.<\/p><\/li><li><p data-path-to-node=\"8,1,0\"><b data-path-to-node=\"8,1,0\" data-index-in-node=\"0\">\u0413\u0440\u0438\u0437\u0442\u0438 \u043d\u0456\u0433\u0442\u0456:<\/b> \u041d\u0430\u043c\u0430\u0433\u0430\u0439\u0442\u0435\u0441\u044f \u043f\u0435\u0440\u0435\u0441\u0442\u0430\u0442\u0438 \u0433\u0440\u0438\u0437\u0442\u0438 \u0442\u0430 \u0440\u0432\u0430\u0442\u0438 \u043d\u0456\u0433\u0442\u0456 \u0430\u0431\u043e \u043a\u0443\u0442\u0438\u043a\u0443\u043b\u0443.<\/p><\/li><li><p data-path-to-node=\"8,2,0\"><b data-path-to-node=\"8,2,0\" data-index-in-node=\"0\">\u0427\u043e\u0431\u043e\u0442\u0438:<\/b> \u041f\u0435\u0440\u0435\u043a\u043e\u043d\u0430\u0439\u0442\u0435\u0441\u044f, \u0449\u043e \u0432\u0437\u0443\u0442\u0442\u044f \u0442\u0430 \u0448\u043a\u0430\u0440\u043f\u0435\u0442\u043a\u0438 \u0432\u0430\u0448\u043e\u0457 \u0434\u0438\u0442\u0438\u043d\u0438 \u0434\u043e\u0441\u0442\u0430\u0442\u043d\u044c\u043e \u0432\u0456\u043b\u044c\u043d\u0456.<\/p><\/li><\/ul><hr data-path-to-node=\"9\" \/><h3 data-path-to-node=\"10\">3. \u041a\u043e\u043b\u0438 \u043c\u0435\u043d\u0456 \u0441\u043b\u0456\u0434 \u0437\u0432\u0435\u0440\u043d\u0443\u0442\u0438\u0441\u044f \u0434\u043e \u043b\u0456\u043a\u0430\u0440\u044f?<\/h3><p data-path-to-node=\"11\">\u0425\u043e\u0447\u0430 \u0434\u043e\u043c\u0430\u0448\u043d\u0454 \u043b\u0456\u043a\u0443\u0432\u0430\u043d\u043d\u044f \u0447\u0430\u0441\u0442\u043e \u0434\u0456\u0454 \u0448\u0432\u0438\u0434\u043a\u043e, \u0443 \u043f\u0435\u0432\u043d\u0438\u0445 \u0441\u0438\u0442\u0443\u0430\u0446\u0456\u044f\u0445 \u0441\u043b\u0456\u0434 \u0437\u0432\u0435\u0440\u043d\u0443\u0442\u0438\u0441\u044f \u0437\u0430 \u043c\u0435\u0434\u0438\u0447\u043d\u043e\u044e \u0434\u043e\u043f\u043e\u043c\u043e\u0433\u043e\u044e:<\/p><ul data-path-to-node=\"12\"><li style=\"list-style-type: none;\"><ul data-path-to-node=\"12\"><li><p data-path-to-node=\"12,0,0\"><b data-path-to-node=\"12,0,0\" data-index-in-node=\"0\">\u041f\u0443\u0441\u0442\u0443\u043b\u0430:<\/b> \u042f\u043a\u0449\u043e \u043f\u0456\u0434 \u043d\u0456\u0433\u0442\u044c\u043e\u0432\u0438\u043c \u043b\u043e\u0436\u0435\u043c \u0443\u0442\u0432\u043e\u0440\u044e\u0454\u0442\u044c\u0441\u044f \u043f\u0440\u043e\u0437\u043e\u0440\u0438\u0439 \u0436\u043e\u0432\u0442\u0443\u0432\u0430\u0442\u0438\u0439 \u0430\u0431\u0441\u0446\u0435\u0441, \u043b\u0456\u043a\u0430\u0440\u044e \u043c\u043e\u0436\u0435 \u0437\u043d\u0430\u0434\u043e\u0431\u0438\u0442\u0438\u0441\u044f \u0440\u043e\u0437\u043a\u0440\u0438\u0442\u0438 \u0439\u043e\u0433\u043e (\u0437\u0440\u043e\u0431\u0438\u0442\u0438 \u0440\u043e\u0437\u0440\u0456\u0437) \u043c\u0430\u043b\u0435\u043d\u044c\u043a\u043e\u044e \u0433\u043e\u043b\u043a\u043e\u044e, \u0449\u043e\u0431 \u0437\u043d\u044f\u0442\u0438 \u0442\u0438\u0441\u043a \u0456 \u0432\u0438\u043b\u0456\u043a\u0443\u0432\u0430\u0442\u0438 \u0437\u0430\u043f\u0430\u043b\u0435\u043d\u043d\u044f.<\/p><\/li><li><p data-path-to-node=\"12,1,0\"><b data-path-to-node=\"12,1,0\" data-index-in-node=\"0\">\u0417\u0430\u043f\u0430\u043b\u0435\u043d\u043d\u044f \u043f\u043e\u0448\u0438\u0440\u044e\u0454\u0442\u044c\u0441\u044f:<\/b> \u041f\u043e\u0447\u0435\u0440\u0432\u043e\u043d\u0456\u043d\u043d\u044f \u0442\u0430 \u043d\u0430\u0431\u0440\u044f\u043a \u043f\u043e\u0447\u0438\u043d\u0430\u044e\u0442\u044c \u043f\u043e\u0448\u0438\u0440\u044e\u0432\u0430\u0442\u0438\u0441\u044f \u0434\u043e \u043e\u0441\u043d\u043e\u0432\u0438 \u043f\u0430\u043b\u044c\u0446\u044f \u0440\u0443\u043a\u0438 \u0430\u0431\u043e \u043d\u043e\u0433\u0438 \u0430\u0431\u043e \u0434\u043e \u0431\u043e\u043a\u0443 \u0434\u043e\u043b\u043e\u043d\u0456\/\u0441\u0442\u043e\u043f\u0438.<\/p><\/li><li><p data-path-to-node=\"12,2,0\"><b data-path-to-node=\"12,2,0\" data-index-in-node=\"0\">\u0421\u0438\u043b\u044c\u043d\u0438\u0439 \u0431\u0456\u043b\u044c:<\/b> \u0414\u0438\u0442\u0438\u043d\u0430 \u043d\u0435 \u043c\u043e\u0436\u0435 \u0441\u043f\u0430\u0442\u0438 \u0447\u0435\u0440\u0435\u0437 \u0431\u0456\u043b\u044c, \u0430\u0431\u043e \u0431\u0456\u043b\u044c \u0432\u0438\u043a\u043b\u0438\u043a\u0430\u0454 \u0456\u043d\u0448\u0456 \u043d\u0435\u0437\u0440\u0443\u0447\u043d\u043e\u0441\u0442\u0456<\/p><\/li><li><p data-path-to-node=\"12,3,0\"><b data-path-to-node=\"12,3,0\" data-index-in-node=\"0\">\u041b\u0438\u0445\u043e\u043c\u0430\u043d\u043a\u0430:<\/b> \u0423 \u0434\u0438\u0442\u0438\u043d\u0438 \u043f\u0456\u0434\u0432\u0438\u0449\u0443\u0454\u0442\u044c\u0441\u044f \u0442\u0435\u043c\u043f\u0435\u0440\u0430\u0442\u0443\u0440\u0430 \u0447\u0435\u0440\u0435\u0437 \u0456\u043d\u0444\u0435\u043a\u0446\u0456\u044e.<\/p><\/li><li><p data-path-to-node=\"12,4,0\"><b data-path-to-node=\"12,4,0\" data-index-in-node=\"0\">\u041d\u0435 \u043f\u043e\u043a\u0440\u0430\u0449\u0443\u0454\u0442\u044c\u0441\u044f:<\/b> \u0421\u0438\u0442\u0443\u0430\u0446\u0456\u044f \u043d\u0435 \u043f\u043e\u043a\u0440\u0430\u0449\u0443\u0454\u0442\u044c\u0441\u044f, \u043d\u0435\u0437\u0432\u0430\u0436\u0430\u044e\u0447\u0438 \u043d\u0430 2\u20133 \u0434\u043d\u0456 \u0440\u0435\u0442\u0435\u043b\u044c\u043d\u043e\u0433\u043e \u0434\u043e\u043c\u0430\u0448\u043d\u044c\u043e\u0433\u043e \u0434\u043e\u0433\u043b\u044f\u0434\u0443.<\/p><\/li><\/ul><\/li><\/ul><div class=\"attachment-container search-images\"><div class=\"image-container ng-star-inserted\" data-full-size-image-uri=\"https:\/\/encrypted-tbn2.gstatic.com\/licensed-image?q=tbn:ANd9GcQ24juu2z9gCY9-uRpjTDTtNGDQYZpc_yb_s44bfmapOHo3GfoUNMi4ec7SG1OAY1K2Xy2N4XVT7OptihwBIQdl8UuEEXCTeLxEWEtrcPIHJ4MbBwA\"><div class=\"overlay-container ng-star-inserted\">\u00a0<\/div><\/div><\/div><hr data-path-to-node=\"14\" \/><h3 data-path-to-node=\"15\">\u041e\u0441\u043e\u0431\u043b\u0438\u0432\u0430 \u0443\u0432\u0430\u0433\u0430: \u0432\u0440\u043e\u0441\u043b\u0438\u0439 \u043d\u0456\u0433\u043e\u0442\u044c \u043d\u0430 \u043d\u043e\u0437\u0456<\/h3><p data-path-to-node=\"16\">\u042f\u043a\u0449\u043e \u0456\u043d\u0444\u0435\u043a\u0446\u0456\u044f \u0440\u0435\u0446\u0438\u0434\u0438\u0432\u0443\u0454 \u0432 \u0442\u043e\u043c\u0443 \u0436 \u043f\u0430\u043b\u044c\u0446\u0456 \u043d\u043e\u0433\u0438, \u0456 \u043d\u0456\u0433\u043e\u0442\u044c \u0447\u0456\u0442\u043a\u043e \u0432\u0440\u043e\u0441\u0442\u0430\u0454 \u0432 \u0448\u043a\u0456\u0440\u0443, \u0446\u0435 \u043c\u043e\u0436\u0435 \u0431\u0443\u0442\u0438 \u0441\u0442\u0440\u0443\u043a\u0442\u0443\u0440\u043d\u043e\u044e \u043f\u0440\u043e\u0431\u043b\u0435\u043c\u043e\u044e, \u044f\u043a\u0430 \u0456\u043d\u043e\u0434\u0456 \u0432\u0438\u043c\u0430\u0433\u0430\u0454 \u043d\u0435\u0437\u043d\u0430\u0447\u043d\u043e\u0433\u043e \u0445\u0456\u0440\u0443\u0440\u0433\u0456\u0447\u043d\u043e\u0433\u043e \u0432\u0442\u0440\u0443\u0447\u0430\u043d\u043d\u044f (\u0432\u0438\u0434\u0456\u043b\u0435\u043d\u043d\u044f \u043a\u043b\u0438\u043d\u043e\u043f\u043e\u0434\u0456\u0431\u043d\u043e\u0433\u043e \u0443\u0442\u0432\u043e\u0440\u0435\u043d\u043d\u044f \u043d\u0456\u0433\u0442\u044f). \u041f\u0440\u0438 \u0446\u044c\u043e\u043c\u0443 \u043a\u0440\u0430\u0439 \u043d\u0456\u0433\u0442\u044f \u0437\u0432\u0443\u0436\u0443\u0454\u0442\u044c\u0441\u044f \u0434\u043e \u043e\u0441\u043d\u043e\u0432\u0438 \u043f\u0456\u0434 \u0430\u043d\u0435\u0441\u0442\u0435\u0437\u0456\u0454\u044e (\u0456 \u0440\u0456\u0434\u043a\u043e \u043f\u0456\u0434 \u0441\u0435\u0434\u0430\u0446\u0456\u0454\u044e).\u00a0<\/p>\t\t\t\t\t\t\t\t<\/div>\n\t\t\t\t<\/div>\n\t\t\t\t\t<\/div>\n\t\t\t\t<\/div>\n\t\t\t\t<\/div>","protected":false},"excerpt":{"rendered":"<p>Lapsen kynsivallintulehdus \u2013 kotihoito-ohje Kynsivallintulehdus on yleinen vaiva, joka syntyy, kun bakteerit p\u00e4\u00e4sev\u00e4t ihon sis\u00e4\u00e4n esimerkiksi kynnen pureskelun, kynsinauhan repimisen tai pienen haavan seurauksena. Varpaissa syyn\u00e4 on usein liian tiukka kenk\u00e4 (tai sukka) tai v\u00e4\u00e4rin leikattu kynsi. 1. Ensiapu ja kotihoito: Kylvetykset T\u00e4rkein hoito kynsivallintulehduksen alkuvaiheessa on s\u00e4\u00e4nn\u00f6llinen ja huolellinen puhdistus. L\u00e4mpim\u00e4t kylvyt: Liota tulehtunutta [&hellip;]<\/p>\n","protected":false},"author":1,"featured_media":0,"parent":0,"menu_order":0,"comment_status":"closed","ping_status":"closed","template":"","meta":{"_angie_page":false,"site-sidebar-layout":"no-sidebar","site-content-layout":"page-builder","ast-site-content-layout":"full-width-container","site-content-style":"default","site-sidebar-style":"default","ast-global-header-display":"","ast-banner-title-visibility":"","ast-main-header-display":"","ast-hfb-above-header-display":"","ast-hfb-below-header-display":"","ast-hfb-mobile-header-display":"","site-post-title":"","ast-breadcrumbs-content":"","ast-featured-img":"disabled","footer-sml-layout":"","ast-disable-related-posts":"","theme-transparent-header-meta":"","adv-header-id-meta":"","stick-header-meta":"","header-above-stick-meta":"","header-main-stick-meta":"","header-below-stick-meta":"","astra-migrate-meta-layouts":"set","ast-page-background-enabled":"default","ast-page-background-meta":{"desktop":{"background-color":"","background-image":"","background-repeat":"repeat","background-position":"center center","background-size":"auto","background-attachment":"scroll","background-type":"","background-media":"","overlay-type":"","overlay-color":"","overlay-opacity":"","overlay-gradient":""},"tablet":{"background-color":"","background-image":"","background-repeat":"repeat","background-position":"center center","background-size":"auto","background-attachment":"scroll","background-type":"","background-media":"","overlay-type":"","overlay-color":"","overlay-opacity":"","overlay-gradient":""},"mobile":{"background-color":"","background-image":"","background-repeat":"repeat","background-position":"center center","background-size":"auto","background-attachment":"scroll","background-type":"","background-media":"","overlay-type":"","overlay-color":"","overlay-opacity":"","overlay-gradient":""}},"ast-content-background-meta":{"desktop":{"background-color":"var(--ast-global-color-5)","background-image":"","background-repeat":"repeat","background-position":"center center","background-size":"auto","background-attachment":"scroll","background-type":"","background-media":"","overlay-type":"","overlay-color":"","overlay-opacity":"","overlay-gradient":""},"tablet":{"background-color":"var(--ast-global-color-5)","background-image":"","background-repeat":"repeat","background-position":"center center","background-size":"auto","background-attachment":"scroll","background-type":"","background-media":"","overlay-type":"","overlay-color":"","overlay-opacity":"","overlay-gradient":""},"mobile":{"background-color":"var(--ast-global-color-5)","background-image":"","background-repeat":"repeat","background-position":"center center","background-size":"auto","background-attachment":"scroll","background-type":"","background-media":"","overlay-type":"","overlay-color":"","overlay-opacity":"","overlay-gradient":""}},"footnotes":""},"class_list":["post-1368","page","type-page","status-publish","hentry"],"_links":{"self":[{"href":"https:\/\/lastenkirurgia.fi\/uk\/wp-json\/wp\/v2\/pages\/1368","targetHints":{"allow":["GET"]}}],"collection":[{"href":"https:\/\/lastenkirurgia.fi\/uk\/wp-json\/wp\/v2\/pages"}],"about":[{"href":"https:\/\/lastenkirurgia.fi\/uk\/wp-json\/wp\/v2\/types\/page"}],"author":[{"embeddable":true,"href":"https:\/\/lastenkirurgia.fi\/uk\/wp-json\/wp\/v2\/users\/1"}],"replies":[{"embeddable":true,"href":"https:\/\/lastenkirurgia.fi\/uk\/wp-json\/wp\/v2\/comments?post=1368"}],"version-history":[{"count":4,"href":"https:\/\/lastenkirurgia.fi\/uk\/wp-json\/wp\/v2\/pages\/1368\/revisions"}],"predecessor-version":[{"id":1664,"href":"https:\/\/lastenkirurgia.fi\/uk\/wp-json\/wp\/v2\/pages\/1368\/revisions\/1664"}],"wp:attachment":[{"href":"https:\/\/lastenkirurgia.fi\/uk\/wp-json\/wp\/v2\/media?parent=1368"}],"curies":[{"name":"wp","href":"https:\/\/api.w.org\/{rel}","templated":true}]}}