{"id":1372,"date":"2026-04-09T13:51:12","date_gmt":"2026-04-09T13:51:12","guid":{"rendered":"https:\/\/darkcyan-pheasant-754087.hostingersite.com\/?page_id=1372"},"modified":"2026-04-11T13:35:26","modified_gmt":"2026-04-11T13:35:26","slug":"lapsen-murtuman-hoito","status":"publish","type":"page","link":"https:\/\/lastenkirurgia.fi\/uk\/lapsen-murtuman-hoito\/","title":{"rendered":"\u041b\u0456\u043a\u0443\u0432\u0430\u043d\u043d\u044f \u043f\u0435\u0440\u0435\u043b\u043e\u043c\u0443 \u0443 \u0434\u0438\u0442\u0438\u043d\u0438"},"content":{"rendered":"<div data-elementor-type=\"wp-page\" data-elementor-id=\"1372\" class=\"elementor elementor-1372\" data-elementor-post-type=\"page\">\n\t\t\t\t<div class=\"elementor-element elementor-element-31eef8b e-flex e-con-boxed e-con e-parent\" data-id=\"31eef8b\" data-element_type=\"container\" data-e-type=\"container\">\n\t\t\t\t\t<div class=\"e-con-inner\">\n\t\t\t\t<div class=\"elementor-element elementor-element-d40e97e elementor-widget elementor-widget-text-editor\" data-id=\"d40e97e\" data-element_type=\"widget\" data-e-type=\"widget\" data-widget_type=\"text-editor.default\">\n\t\t\t\t<div class=\"elementor-widget-container\">\n\t\t\t\t\t\t\t\t\t<h2 data-path-to-node=\"2\">\u041b\u0456\u043a\u0443\u0432\u0430\u043d\u043d\u044f \u0442\u0430 \u0441\u043f\u043e\u0441\u0442\u0435\u0440\u0435\u0436\u0435\u043d\u043d\u044f \u0437\u0430 \u043f\u0435\u0440\u0435\u043b\u043e\u043c\u043e\u043c \u0443 \u0434\u0438\u0442\u0438\u043d\u0438<\/h2><p data-path-to-node=\"3\">\u041f\u0435\u0440\u0435\u043b\u043e\u043c\u0438 \u0443 \u0434\u0456\u0442\u0435\u0439 \u0441\u0443\u0442\u0442\u0454\u0432\u043e \u0432\u0456\u0434\u0440\u0456\u0437\u043d\u044f\u044e\u0442\u044c\u0441\u044f \u0432\u0456\u0434 \u043f\u0435\u0440\u0435\u043b\u043e\u043c\u0456\u0432 \u0443 \u0434\u043e\u0440\u043e\u0441\u043b\u0438\u0445. \u0417\u0430\u043b\u0435\u0436\u043d\u043e \u0432\u0456\u0434 \u0432\u0456\u043a\u0443, \u043a\u0456\u0441\u0442\u043a\u0430 \u0434\u0438\u0442\u0438\u043d\u0438 \u0432\u0441\u0435 \u0449\u0435 \u0441\u0438\u043b\u044c\u043d\u043e \u043f\u0435\u0440\u0435\u0431\u0443\u0434\u043e\u0432\u0430\u043d\u0430, \u0442\u043e\u043c\u0443 \u043c\u0435\u0442\u043e\u0434\u0438 \u043b\u0456\u043a\u0443\u0432\u0430\u043d\u043d\u044f \u043f\u0456\u0434\u0431\u0438\u0440\u0430\u044e\u0442\u044c\u0441\u044f \u0456\u043d\u0434\u0438\u0432\u0456\u0434\u0443\u0430\u043b\u044c\u043d\u043e \u0432\u0456\u0434\u043f\u043e\u0432\u0456\u0434\u043d\u043e \u0434\u043e \u0432\u0456\u043a\u0443 \u0442\u0430 \u0441\u0442\u0430\u0434\u0456\u0457 \u0440\u043e\u0441\u0442\u0443 \u0434\u0438\u0442\u0438\u043d\u0438.<\/p><h3 data-path-to-node=\"4\">\u0427\u043e\u043c\u0443 \u043f\u0435\u0440\u0435\u043b\u043e\u043c \u0443 \u0434\u0438\u0442\u0438\u043d\u0438 \u043e\u0441\u043e\u0431\u043b\u0438\u0432\u0438\u0439?<\/h3><p data-path-to-node=\"5\">\u0406\u0441\u043d\u0443\u0454 \u043a\u0456\u043b\u044c\u043a\u0430 \u043e\u0441\u043e\u0431\u043b\u0438\u0432\u043e\u0441\u0442\u0435\u0439 \u0441\u043a\u0435\u043b\u0435\u0442\u0430 \u0434\u0438\u0442\u0438\u043d\u0438, \u044f\u043a\u0456 \u0432\u0456\u0434\u0440\u0456\u0437\u043d\u044f\u044e\u0442\u044c \u0434\u0456\u0430\u0433\u043d\u043e\u0441\u0442\u0438\u043a\u0443 \u0442\u0430 \u043b\u0456\u043a\u0443\u0432\u0430\u043d\u043d\u044f \u0432\u0456\u0434 \u0434\u043e\u0440\u043e\u0441\u043b\u0438\u0445:<\/p><ul data-path-to-node=\"6\"><li><p data-path-to-node=\"6,0,0\"><b data-path-to-node=\"6,0,0\" data-index-in-node=\"0\">\u0406\u043d\u0442\u0435\u0440\u043f\u0440\u0435\u0442\u0430\u0446\u0456\u044f \u0440\u0435\u043d\u0442\u0433\u0435\u043d\u0456\u0432\u0441\u044c\u043a\u0438\u0445 \u0437\u043d\u0456\u043c\u043a\u0456\u0432:<\/b> \u041a\u0456\u0441\u0442\u043a\u0438 \u0434\u0456\u0442\u0435\u0439 \u043c\u0430\u044e\u0442\u044c \u043b\u0456\u043d\u0456\u0457 \u0440\u043e\u0441\u0442\u0443, \u0446\u0435\u043d\u0442\u0440\u0438 \u0440\u043e\u0441\u0442\u0443 \u0442\u0430 \u0445\u0440\u044f\u0449\u043e\u0432\u0456 \u0447\u0430\u0441\u0442\u0438\u043d\u0438, \u044f\u043a\u0456 \u0432\u0456\u0434\u0440\u0456\u0437\u043d\u044f\u044e\u0442\u044c\u0441\u044f \u0432\u0456\u0434 \u043a\u0456\u0441\u0442\u043e\u043a \u0434\u043e\u0440\u043e\u0441\u043b\u0438\u0445. \u0422\u043e\u043c\u0443 \u0456\u043d\u0442\u0435\u0440\u043f\u0440\u0435\u0442\u0430\u0446\u0456\u044f \u0437\u043e\u0431\u0440\u0430\u0436\u0435\u043d\u044c \u0432\u0438\u043c\u0430\u0433\u0430\u0454 \u0434\u043e\u0441\u0432\u0456\u0434\u0447\u0435\u043d\u043e\u0433\u043e \u043e\u043a\u0430, \u0449\u043e\u0431 \u0432\u0456\u0434\u0440\u0456\u0437\u043d\u0438\u0442\u0438, \u043d\u0430\u043f\u0440\u0438\u043a\u043b\u0430\u0434, \u043f\u0435\u0440\u0435\u043b\u043e\u043c \u0432\u0456\u0434 \u043d\u043e\u0440\u043c\u0430\u043b\u044c\u043d\u043e\u0457 \u043b\u0456\u043d\u0456\u0457 \u0440\u043e\u0441\u0442\u0443.<\/p><\/li><li><p data-path-to-node=\"6,1,0\"><b data-path-to-node=\"6,1,0\" data-index-in-node=\"0\">\u0421\u0438\u043b\u0430 \u0437\u0440\u043e\u0441\u0442\u0430\u043d\u043d\u044f (\u0440\u0435\u043c\u043e\u0434\u0435\u043b\u044e\u0432\u0430\u043d\u043d\u044f):<\/b> \u0427\u0438\u043c \u043c\u043e\u043b\u043e\u0434\u0448\u0430 \u0434\u0438\u0442\u0438\u043d\u0430, \u0442\u0438\u043c \u043a\u0440\u0430\u0449\u0435 \u0457\u0457 \u043e\u0440\u0433\u0430\u043d\u0456\u0437\u043c \u0437\u0434\u0430\u0442\u043d\u0438\u0439 \u0432\u0438\u043f\u0440\u0430\u0432\u043b\u044f\u0442\u0438 \u043f\u0435\u0440\u0435\u043b\u043e\u043c \u0443 \u043c\u0456\u0440\u0443 \u0437\u0440\u043e\u0441\u0442\u0430\u043d\u043d\u044f. \u041e\u0441\u044c \u0447\u043e\u043c\u0443 \u0443 \u043c\u043e\u043b\u043e\u0434\u0448\u0438\u0445 \u0434\u0456\u0442\u0435\u0439 \u043c\u043e\u0436\u043d\u0430 \u0434\u043e\u0437\u0432\u043e\u043b\u0438\u0442\u0438 \u0437\u043d\u0430\u0447\u043d\u043e \u0431\u0456\u043b\u044c\u0448\u0456 \u043f\u0435\u0440\u0435\u043b\u043e\u043c\u0438, \u043d\u0456\u0436 \u0443 \u0441\u0442\u0430\u0440\u0448\u0438\u0445 \u0434\u0456\u0442\u0435\u0439 \u0430\u0431\u043e \u0434\u043e\u0440\u043e\u0441\u043b\u0438\u0445, \u0456 \u043a\u0456\u043d\u0446\u0435\u0432\u0438\u0439 \u0440\u0435\u0437\u0443\u043b\u044c\u0442\u0430\u0442 \u0443 \u0434\u043e\u0432\u0433\u043e\u0441\u0442\u0440\u043e\u043a\u043e\u0432\u0456\u0439 \u043f\u0435\u0440\u0441\u043f\u0435\u043a\u0442\u0438\u0432\u0456 \u0432\u0441\u0435 \u043e\u0434\u043d\u043e \u0431\u0443\u0434\u0435 \u044f\u043a \u043d\u043e\u0432\u0438\u0439.<\/p><\/li><\/ul><h3 data-path-to-node=\"7\">\u041c\u0435\u0442\u043e\u0434\u0438 \u043b\u0456\u043a\u0443\u0432\u0430\u043d\u043d\u044f<\/h3><p data-path-to-node=\"8\">\u0411\u0456\u043b\u044c\u0448\u0456\u0441\u0442\u044c \u043f\u0435\u0440\u0435\u043b\u043e\u043c\u0456\u0432 \u0443 \u0434\u0456\u0442\u0435\u0439 \u043b\u0435\u0433\u043a\u043e \u043b\u0456\u043a\u0443\u044e\u0442\u044c\u0441\u044f \u0437\u0430 \u0434\u043e\u043f\u043e\u043c\u043e\u0433\u043e\u044e \u0433\u0456\u043f\u0441\u043e\u0432\u043e\u0457 \u043f\u043e\u0432&#039;\u044f\u0437\u043a\u0438, \u0430\u043b\u0435, \u0432\u0440\u0430\u0445\u043e\u0432\u0443\u044e\u0447\u0438 \u0441\u0443\u0447\u0430\u0441\u043d\u0456 \u0437\u043d\u0430\u043d\u043d\u044f, \u043d\u0435 \u0432\u0441\u0456 \u043f\u0435\u0440\u0435\u043b\u043e\u043c\u0438 \u043c\u043e\u0436\u0443\u0442\u044c \u043d\u0430\u0432\u0456\u0442\u044c \u043f\u043e\u0442\u0440\u0435\u0431\u0443\u0432\u0430\u0442\u0438 \u0433\u0456\u043f\u0441\u043e\u0432\u043e\u0457 \u043f\u043e\u0432&#039;\u044f\u0437\u043a\u0438.<\/p><ol start=\"1\" data-path-to-node=\"9\"><li><p data-path-to-node=\"9,0,0\"><b data-path-to-node=\"9,0,0\" data-index-in-node=\"0\">\u041b\u0456\u043a\u0443\u0432\u0430\u043d\u043d\u044f \u0431\u0435\u0437 \u0433\u0456\u043f\u0441\u043e\u0432\u043e\u0457 \u043f\u043e\u0432&#039;\u044f\u0437\u043a\u0438:<\/b> \u0414\u0435\u044f\u043a\u0456 \u0442\u0438\u043f\u043e\u0432\u0456 \u043f\u0435\u0440\u0435\u043b\u043e\u043c\u0438, \u0442\u0430\u043a\u0456 \u044f\u043a \u043f\u0435\u0440\u0435\u043b\u043e\u043c\u0438 \u0437\u0430\u043f&#039;\u044f\u0441\u0442\u044f <b data-path-to-node=\"9,0,0\" data-index-in-node=\"59\">\u043f\u0435\u0440\u0435\u043b\u043e\u043c\u0438 \u0432\u0435\u0440\u0431\u043e\u0432\u0438\u0445 \u0433\u0456\u043b\u043e\u0447\u043e\u043a<\/b>, \u0447\u0443\u0434\u043e\u0432\u043e \u0433\u043e\u044f\u0442\u044c\u0441\u044f \u0431\u0435\u0437 \u0436\u043e\u0440\u0441\u0442\u043a\u043e\u0457 \u0433\u0456\u043f\u0441\u043e\u0432\u043e\u0457 \u043f\u043e\u0432&#039;\u044f\u0437\u043a\u0438. \u0422\u0430\u043a \u0441\u0430\u043c\u043e \u0432\u0456\u0434\u0431\u0443\u0432\u0430\u0454\u0442\u044c\u0441\u044f \u0437 \u0434\u0435\u044f\u043a\u0438\u043c\u0438 \u043f\u0435\u0440\u0435\u043b\u043e\u043c\u0430\u043c\u0438 \u0443 \u0434\u0443\u0436\u0435 \u043c\u0430\u043b\u0435\u043d\u044c\u043a\u0438\u0445 \u0434\u0456\u0442\u0435\u0439.<\/p><\/li><li><p data-path-to-node=\"9,1,0\"><b data-path-to-node=\"9,1,0\" data-index-in-node=\"0\">\u041e\u0431\u0440\u043e\u0431\u043a\u0430 \u0448\u0442\u0443\u043a\u0430\u0442\u0443\u0440\u043a\u043e\u044e:<\/b> \u042f\u043a\u0449\u043e \u043f\u0435\u0440\u0435\u043b\u043e\u043c \u043f\u043e\u0442\u0440\u0435\u0431\u0443\u0454 \u043f\u0456\u0434\u0442\u0440\u0438\u043c\u043a\u0438, \u0433\u0456\u043f\u0441\u043e\u0432\u0430 \u043f\u043e\u0432&#039;\u044f\u0437\u043a\u0430 \u0437\u0430\u0437\u0432\u0438\u0447\u0430\u0439 \u0432\u0438\u043a\u043e\u0440\u0438\u0441\u0442\u043e\u0432\u0443\u0454\u0442\u044c\u0441\u044f \u043f\u0440\u043e\u0442\u044f\u0433\u043e\u043c \u043a\u0456\u043b\u044c\u043a\u043e\u0445 \u0442\u0438\u0436\u043d\u0456\u0432 (\u0443 \u043c\u0430\u043b\u0435\u043d\u044c\u043a\u0438\u0445 \u0434\u0456\u0442\u0435\u0439) \u0434\u043e \u0448\u0435\u0441\u0442\u0438 \u0442\u0438\u0436\u043d\u0456\u0432 (\u0443 \u0434\u0435\u044f\u043a\u0438\u0445 \u043f\u0435\u0440\u0435\u043b\u043e\u043c\u0430\u0445 \u0443 \u0434\u0456\u0442\u0435\u0439 \u0441\u0442\u0430\u0440\u0448\u043e\u0433\u043e \u0432\u0456\u043a\u0443).<\/p><\/li><li><p data-path-to-node=\"9,2,0\"><b data-path-to-node=\"9,2,0\" data-index-in-node=\"0\">\u0406\u043d\u0434\u0438\u0432\u0456\u0434\u0443\u0430\u043b\u044c\u043d\u0435 \u0440\u0456\u0448\u0435\u043d\u043d\u044f \u0449\u043e\u0434\u043e \u043b\u0456\u043a\u0443\u0432\u0430\u043d\u043d\u044f:<\/b> \u041d\u0430 \u043b\u0456\u043a\u0443\u0432\u0430\u043d\u043d\u044f \u0432\u043f\u043b\u0438\u0432\u0430\u0454 \u0441\u0442\u0430\u043d \u0434\u0438\u0442\u0438\u043d\u0438 <b data-path-to-node=\"9,2,0\" data-index-in-node=\"51\">\u0432\u0456\u043a \u0456 \u0440\u043e\u0437\u043c\u0456\u0440<\/b>. \u041d\u0430\u043f\u0440\u0438\u043a\u043b\u0430\u0434, \u043f\u0435\u0440\u0435\u043b\u043e\u043c \u0443 5-\u0440\u0456\u0447\u043d\u043e\u0457 \u0434\u0438\u0442\u0438\u043d\u0438 \u0447\u0430\u0441\u0442\u043e \u043b\u0456\u043a\u0443\u0454\u0442\u044c\u0441\u044f \u0456\u043d\u0430\u043a\u0448\u0435, \u043d\u0456\u0436 \u0443 11-\u0440\u0456\u0447\u043d\u043e\u0457, \u043e\u0441\u043a\u0456\u043b\u044c\u043a\u0438 \u043c\u043e\u043b\u043e\u0434\u0448\u0430 \u0434\u0438\u0442\u0438\u043d\u0430 \u043c\u0430\u0454 \u0431\u0456\u043b\u044c\u0448\u0438\u0439 \u043f\u043e\u0442\u0435\u043d\u0446\u0456\u0430\u043b \u0434\u043b\u044f \u0432\u0456\u0434\u043d\u043e\u0432\u043b\u0435\u043d\u043d\u044f.<\/p><\/li><\/ol><h3 data-path-to-node=\"10\">\u041f\u0435\u0440\u0435\u043b\u043e\u043c\u0438 \u043b\u0456\u043d\u0456\u0457 \u0440\u043e\u0441\u0442\u0443 \u0442\u0430 \u043c\u043e\u043d\u0456\u0442\u043e\u0440\u0438\u043d\u0433<\/h3><p data-path-to-node=\"11\">\u042f\u043a\u0449\u043e \u043f\u0435\u0440\u0435\u043b\u043e\u043c \u043f\u043e\u0448\u0438\u0440\u044e\u0454\u0442\u044c\u0441\u044f <b data-path-to-node=\"11\" data-index-in-node=\"20\">\u043b\u0456\u043d\u0456\u044f \u0437\u0440\u043e\u0441\u0442\u0430\u043d\u043d\u044f<\/b>, \u0456\u043d\u043e\u0434\u0456 \u0441\u0438\u0442\u0443\u0430\u0446\u0456\u044e \u043f\u043e\u0442\u0440\u0456\u0431\u043d\u043e \u0440\u0435\u0442\u0435\u043b\u044c\u043d\u0456\u0448\u0435 \u043a\u043e\u043d\u0442\u0440\u043e\u043b\u044e\u0432\u0430\u0442\u0438. \u041b\u0456\u043d\u0456\u044f \u0440\u043e\u0441\u0442\u0443 \u2013 \u0446\u0435 \u0434\u0456\u043b\u044f\u043d\u043a\u0430, \u0434\u0435 \u043a\u0456\u0441\u0442\u043a\u0430 \u0437\u0431\u0456\u043b\u044c\u0448\u0443\u0454\u0442\u044c\u0441\u044f \u0432 \u0434\u043e\u0432\u0436\u0438\u043d\u0443, \u0456 \u043f\u043e\u0448\u043a\u043e\u0434\u0436\u0435\u043d\u043d\u044f \u0432 \u0446\u0456\u0439 \u0434\u0456\u043b\u044f\u043d\u0446\u0456 \u043c\u043e\u0436\u0435 \u0432\u043f\u043b\u0438\u043d\u0443\u0442\u0438 \u043d\u0430 \u043d\u043e\u0440\u043c\u0430\u043b\u044c\u043d\u0438\u0439 \u0440\u0456\u0441\u0442 \u043a\u0456\u0441\u0442\u043a\u0438.<\/p><ul data-path-to-node=\"12\"><li><p data-path-to-node=\"12,0,0\"><b data-path-to-node=\"12,0,0\" data-index-in-node=\"0\">\u041f\u0456\u0441\u043b\u044f \u043f\u0435\u0440\u0435\u0432\u0456\u0440\u043a\u0438:<\/b> \u041f\u0440\u0438 \u043f\u0435\u0440\u0435\u043b\u043e\u043c\u0430\u0445 \u043b\u0456\u043d\u0456\u0457 \u0440\u043e\u0441\u0442\u0443 \u0456\u043d\u043e\u0434\u0456 \u0440\u043e\u0431\u043b\u044f\u0442\u044c \u043d\u043e\u0432\u0438\u0439 \u0440\u0435\u043d\u0442\u0433\u0435\u043d\u0456\u0432\u0441\u044c\u043a\u0438\u0439 \u0437\u043d\u0456\u043c\u043e\u043a \u043f\u0440\u0438\u0431\u043b\u0438\u0437\u043d\u043e <b data-path-to-node=\"12,0,0\" data-index-in-node=\"77\">\u0423 6 \u043c\u0456\u0441\u044f\u0446\u0456\u0432<\/b>.<\/p><\/li><li><p data-path-to-node=\"12,1,0\"><b data-path-to-node=\"12,1,0\" data-index-in-node=\"0\">\u0429\u043e \u043c\u043e\u043d\u0456\u0442\u043e\u0440\u0438\u0442\u044c\u0441\u044f?<\/b> \u0417\u043e\u0431\u0440\u0430\u0436\u0435\u043d\u043d\u044f \u0433\u0430\u0440\u0430\u043d\u0442\u0443\u0454, \u0449\u043e \u043b\u0456\u043d\u0456\u044f \u0440\u043e\u0441\u0442\u0443 \u043d\u0435 \u043e\u043a\u043e\u0441\u0442\u0435\u043d\u0456\u043b\u0430 \u043f\u0435\u0440\u0435\u0434\u0447\u0430\u0441\u043d\u043e \u0432 \u043c\u0456\u0441\u0446\u0456 \u043f\u0435\u0440\u0435\u043b\u043e\u043c\u0443, \u0449\u043e \u043c\u043e\u0436\u0435 \u043f\u0440\u0438\u0437\u0432\u0435\u0441\u0442\u0438 \u0434\u043e \u043f\u043e\u0440\u0443\u0448\u0435\u043d\u043d\u044f \u0440\u043e\u0441\u0442\u0443.<\/p><\/li><\/ul><hr data-path-to-node=\"13\" \/><h3 data-path-to-node=\"14\">\u0406\u043d\u0441\u0442\u0440\u0443\u043a\u0446\u0456\u0457 \u0437 \u0434\u043e\u0433\u043b\u044f\u0434\u0443 \u0432\u0434\u043e\u043c\u0430 \u0437 \u0433\u0456\u043f\u0441\u043e\u0432\u043e\u044e \u043f\u043e\u0432&#039;\u044f\u0437\u043a\u043e\u044e:<\/h3><ul data-path-to-node=\"15\"><li><p data-path-to-node=\"15,0,0\"><b data-path-to-node=\"15,0,0\" data-index-in-node=\"0\">\u041a\u043e\u043d\u0442\u0440\u043e\u043b\u044e\u0439\u0442\u0435 \u043a\u0440\u043e\u0432\u043e\u043e\u0431\u0456\u0433:<\/b> \u042f\u043a\u0449\u043e \u043f\u0430\u043b\u044c\u0446\u0456 \u043d\u0456\u0433 \u0430\u0431\u043e \u0440\u0443\u043a \u0441\u0438\u043d\u0456\u044e\u0442\u044c, \u0441\u0442\u0430\u044e\u0442\u044c \u0445\u043e\u043b\u043e\u0434\u043d\u0438\u043c\u0438 \u0430\u0431\u043e \u0434\u0438\u0442\u0438\u043d\u0430 \u0441\u043a\u0430\u0440\u0436\u0438\u0442\u044c\u0441\u044f \u043d\u0430 \u0441\u0438\u043b\u044c\u043d\u0435 \u043f\u043e\u043a\u043e\u043b\u044e\u0432\u0430\u043d\u043d\u044f, \u0437\u0432\u0435\u0440\u043d\u0456\u0442\u044c\u0441\u044f \u0434\u043e \u043b\u0456\u043a\u0430\u0440\u044f.<\/p><\/li><li><p data-path-to-node=\"15,1,0\"><b data-path-to-node=\"15,1,0\" data-index-in-node=\"0\">\u041b\u0456\u043a\u0443\u0432\u0430\u043d\u043d\u044f \u0431\u043e\u043b\u044e:<\/b> \u0414\u0430\u0432\u0430\u0439\u0442\u0435 \u0437\u043d\u0435\u0431\u043e\u043b\u044e\u0432\u0430\u043b\u044c\u043d\u0456 (\u043f\u0430\u0440\u0430\u0446\u0435\u0442\u0430\u043c\u043e\u043b\/\u0456\u0431\u0443\u043f\u0440\u043e\u0444\u0435\u043d) \u0437\u0430 \u043f\u0440\u0438\u0437\u043d\u0430\u0447\u0435\u043d\u043d\u044f\u043c \u043b\u0456\u043a\u0430\u0440\u044f, \u043e\u0441\u043e\u0431\u043b\u0438\u0432\u043e \u0432 \u043f\u0435\u0440\u0448\u0456 \u043a\u0456\u043b\u044c\u043a\u0430 \u0434\u043d\u0456\u0432.<\/p><\/li><li><p data-path-to-node=\"15,2,0\"><b data-path-to-node=\"15,2,0\" data-index-in-node=\"0\">\u0427\u0438\u0441\u0442\u043e\u0442\u0430 \u0433\u0456\u043f\u0441\u0443:<\/b> \u0422\u0440\u0438\u043c\u0430\u0439\u0442\u0435 \u0433\u0456\u043f\u0441\u043e\u0432\u0443 \u043f\u043e\u0432&#039;\u044f\u0437\u043a\u0443 \u0441\u0443\u0445\u043e\u044e. \u041f\u043e\u043b\u0456\u0435\u0442\u0438\u043b\u0435\u043d\u043e\u0432\u0438\u0439 \u043f\u0430\u043a\u0435\u0442 \u0434\u043b\u044f \u0437\u0430\u0445\u0438\u0441\u0442\u0443 \u043f\u0456\u0434 \u0447\u0430\u0441 \u043f\u0440\u0438\u0439\u043d\u044f\u0442\u0442\u044f \u0434\u0443\u0448\u0443 \u0454 \u043e\u0431\u043e\u0432&#039;\u044f\u0437\u043a\u043e\u0432\u0438\u043c.<\/p><\/li><\/ul><p>\u0420\u0435\u043a\u043e\u043c\u0435\u043d\u0434\u0430\u0446\u0456\u0457 HUS \u0449\u043e\u0434\u043e \u043b\u0456\u043a\u0443\u0432\u0430\u043d\u043d\u044f \u043f\u0435\u0440\u0435\u043b\u043e\u043c\u0456\u0432 \u0443 \u0434\u0456\u0442\u0435\u0439 \u2013 \u043f\u043e\u0441\u0438\u043b\u0430\u043d\u043d\u044f<\/p><p><a href=\"https:\/\/www.hus.fi\/potilaalle\/hoidot-ja-tutkimukset\/lasten-ja-nuorten-murtumien-hoito\" target=\"_blank\" rel=\"noopener\">https:\/\/www.hus.fi\/potilaalle\/hoidot-ja-tutkimukset\/lasten-ja-nuorten-murtumien-hoito<\/a><\/p>\t\t\t\t\t\t\t\t<\/div>\n\t\t\t\t<\/div>\n\t\t\t\t\t<\/div>\n\t\t\t\t<\/div>\n\t\t<div class=\"elementor-element elementor-element-ce7b048 e-flex e-con-boxed e-con e-parent\" data-id=\"ce7b048\" data-element_type=\"container\" data-e-type=\"container\">\n\t\t\t\t\t<div class=\"e-con-inner\">\n\t\t\t\t<div class=\"elementor-element elementor-element-acf34e3 elementor-widget elementor-widget-image\" data-id=\"acf34e3\" data-element_type=\"widget\" data-e-type=\"widget\" data-widget_type=\"image.default\">\n\t\t\t\t<div class=\"elementor-widget-container\">\n\t\t\t\t\t\t\t\t\t\t\t\t\t\t\t<img fetchpriority=\"high\" decoding=\"async\" width=\"1024\" height=\"559\" src=\"https:\/\/lastenkirurgia.fi\/wp-content\/uploads\/2026\/04\/rannemurtuma.webp\" class=\"attachment-large size-large wp-image-1561\" alt=\"\" srcset=\"https:\/\/lastenkirurgia.fi\/wp-content\/uploads\/2026\/04\/rannemurtuma.webp 1024w, https:\/\/lastenkirurgia.fi\/wp-content\/uploads\/2026\/04\/rannemurtuma-300x164.webp 300w, https:\/\/lastenkirurgia.fi\/wp-content\/uploads\/2026\/04\/rannemurtuma-768x419.webp 768w\" sizes=\"(max-width: 1024px) 100vw, 1024px\" \/>\t\t\t\t\t\t\t\t\t\t\t\t\t\t\t<\/div>\n\t\t\t\t<\/div>\n\t\t\t\t\t<\/div>\n\t\t\t\t<\/div>\n\t\t\t\t<\/div>","protected":false},"excerpt":{"rendered":"<p>Lapsen murtuman hoito ja seuranta Lasten murtumat poikkeavat merkitt\u00e4v\u00e4sti aikuisten luunmurtumista. Lapsen luu on i\u00e4st\u00e4 riippuen viel\u00e4 hyvin remodelloituva, mink\u00e4 vuoksi hoitolinjat valitaan yksil\u00f6llisesti lapsen i\u00e4n ja kasvun vaiheen mukaan. Miksi lapsen murtuma on erityinen? Lapsen luustossa on useita piirteit\u00e4, jotka tekev\u00e4t diagnostiikasta ja hoidosta aikuisiin verrattuna erilaista: R\u00f6ntgenkuvien tulkinta: Lasten luissa on kasvulinjoja, kasvutumakkeita [&hellip;]<\/p>\n","protected":false},"author":1,"featured_media":0,"parent":0,"menu_order":0,"comment_status":"closed","ping_status":"closed","template":"","meta":{"_angie_page":false,"site-sidebar-layout":"no-sidebar","site-content-layout":"page-builder","ast-site-content-layout":"full-width-container","site-content-style":"default","site-sidebar-style":"default","ast-global-header-display":"","ast-banner-title-visibility":"","ast-main-header-display":"","ast-hfb-above-header-display":"","ast-hfb-below-header-display":"","ast-hfb-mobile-header-display":"","site-post-title":"","ast-breadcrumbs-content":"","ast-featured-img":"disabled","footer-sml-layout":"","ast-disable-related-posts":"","theme-transparent-header-meta":"","adv-header-id-meta":"","stick-header-meta":"","header-above-stick-meta":"","header-main-stick-meta":"","header-below-stick-meta":"","astra-migrate-meta-layouts":"set","ast-page-background-enabled":"default","ast-page-background-meta":{"desktop":{"background-color":"","background-image":"","background-repeat":"repeat","background-position":"center center","background-size":"auto","background-attachment":"scroll","background-type":"","background-media":"","overlay-type":"","overlay-color":"","overlay-opacity":"","overlay-gradient":""},"tablet":{"background-color":"","background-image":"","background-repeat":"repeat","background-position":"center center","background-size":"auto","background-attachment":"scroll","background-type":"","background-media":"","overlay-type":"","overlay-color":"","overlay-opacity":"","overlay-gradient":""},"mobile":{"background-color":"","background-image":"","background-repeat":"repeat","background-position":"center center","background-size":"auto","background-attachment":"scroll","background-type":"","background-media":"","overlay-type":"","overlay-color":"","overlay-opacity":"","overlay-gradient":""}},"ast-content-background-meta":{"desktop":{"background-color":"var(--ast-global-color-5)","background-image":"","background-repeat":"repeat","background-position":"center center","background-size":"auto","background-attachment":"scroll","background-type":"","background-media":"","overlay-type":"","overlay-color":"","overlay-opacity":"","overlay-gradient":""},"tablet":{"background-color":"var(--ast-global-color-5)","background-image":"","background-repeat":"repeat","background-position":"center center","background-size":"auto","background-attachment":"scroll","background-type":"","background-media":"","overlay-type":"","overlay-color":"","overlay-opacity":"","overlay-gradient":""},"mobile":{"background-color":"var(--ast-global-color-5)","background-image":"","background-repeat":"repeat","background-position":"center center","background-size":"auto","background-attachment":"scroll","background-type":"","background-media":"","overlay-type":"","overlay-color":"","overlay-opacity":"","overlay-gradient":""}},"footnotes":""},"class_list":["post-1372","page","type-page","status-publish","hentry"],"_links":{"self":[{"href":"https:\/\/lastenkirurgia.fi\/uk\/wp-json\/wp\/v2\/pages\/1372","targetHints":{"allow":["GET"]}}],"collection":[{"href":"https:\/\/lastenkirurgia.fi\/uk\/wp-json\/wp\/v2\/pages"}],"about":[{"href":"https:\/\/lastenkirurgia.fi\/uk\/wp-json\/wp\/v2\/types\/page"}],"author":[{"embeddable":true,"href":"https:\/\/lastenkirurgia.fi\/uk\/wp-json\/wp\/v2\/users\/1"}],"replies":[{"embeddable":true,"href":"https:\/\/lastenkirurgia.fi\/uk\/wp-json\/wp\/v2\/comments?post=1372"}],"version-history":[{"count":13,"href":"https:\/\/lastenkirurgia.fi\/uk\/wp-json\/wp\/v2\/pages\/1372\/revisions"}],"predecessor-version":[{"id":1567,"href":"https:\/\/lastenkirurgia.fi\/uk\/wp-json\/wp\/v2\/pages\/1372\/revisions\/1567"}],"wp:attachment":[{"href":"https:\/\/lastenkirurgia.fi\/uk\/wp-json\/wp\/v2\/media?parent=1372"}],"curies":[{"name":"wp","href":"https:\/\/api.w.org\/{rel}","templated":true}]}}