{"id":1378,"date":"2026-04-09T13:52:19","date_gmt":"2026-04-09T13:52:19","guid":{"rendered":"https:\/\/darkcyan-pheasant-754087.hostingersite.com\/?page_id=1378"},"modified":"2026-04-12T15:58:42","modified_gmt":"2026-04-12T15:58:42","slug":"lapsen-ummetus","status":"publish","type":"page","link":"https:\/\/lastenkirurgia.fi\/uk\/lapsen-ummetus\/","title":{"rendered":"\u0417\u0430\u043f\u043e\u0440 \u0443 \u0434\u0438\u0442\u0438\u043d\u0438"},"content":{"rendered":"<div data-elementor-type=\"wp-page\" data-elementor-id=\"1378\" class=\"elementor elementor-1378\" data-elementor-post-type=\"page\">\n\t\t\t\t<div class=\"elementor-element elementor-element-891d0ce e-flex e-con-boxed e-con e-parent\" data-id=\"891d0ce\" data-element_type=\"container\" data-e-type=\"container\">\n\t\t\t\t\t<div class=\"e-con-inner\">\n\t\t\t\t<div class=\"elementor-element elementor-element-7342566 elementor-widget elementor-widget-text-editor\" data-id=\"7342566\" data-element_type=\"widget\" data-e-type=\"widget\" data-widget_type=\"text-editor.default\">\n\t\t\t\t<div class=\"elementor-widget-container\">\n\t\t\t\t\t\t\t\t\t<h2 data-path-to-node=\"2\">\u0417\u0430\u043f\u043e\u0440\u0438 \u0442\u0430 \u043d\u0435\u0447\u0438\u0441\u0442\u043e\u0442\u0438 \u0443 \u0434\u0456\u0442\u0435\u0439 \u2013 \u0456\u043d\u0441\u0442\u0440\u0443\u043a\u0446\u0456\u0457 \u0434\u043b\u044f \u0434\u043e\u043c\u0443 \u0442\u0430 \u043b\u0456\u043a\u0443\u0432\u0430\u043d\u043d\u044f<\/h2><p data-path-to-node=\"3\">\u0424\u0443\u043d\u043a\u0446\u0456\u044f \u043a\u0438\u0448\u0435\u0447\u043d\u0438\u043a\u0430 \u0443 \u0434\u0438\u0442\u0438\u043d\u0438 \u0456\u043d\u0434\u0438\u0432\u0456\u0434\u0443\u0430\u043b\u044c\u043d\u0430: \u0434\u0435\u044f\u043a\u0456 \u0432\u0438\u043f\u043e\u0440\u043e\u0436\u043d\u044e\u044e\u0442\u044c\u0441\u044f \u043a\u0456\u043b\u044c\u043a\u0430 \u0440\u0430\u0437\u0456\u0432 \u043d\u0430 \u0434\u0435\u043d\u044c, \u0434\u0435\u044f\u043a\u0456 \u0440\u0456\u0434\u0448\u0435, \u043d\u0456\u0436 \u0449\u043e\u0434\u043d\u044f. \u0412 \u043f\u0440\u0438\u043d\u0446\u0438\u043f\u0456, \u0434\u0438\u0442\u0438\u043d\u0430 \u043f\u043e\u0432\u0438\u043d\u043d\u0430 \u0432\u0438\u043f\u043e\u0440\u043e\u0436\u043d\u044e\u0432\u0430\u0442\u0438\u0441\u044f \u0449\u043e\u0434\u043d\u044f \u0430\u0431\u043e \u043c\u0430\u0439\u0436\u0435 \u0449\u043e\u0434\u043d\u044f. \u041c\u0430\u043b\u0435\u043d\u044c\u043a\u0456 \u0434\u0456\u0442\u0438 \u043c\u0430\u044e\u0442\u044c \u0440\u0456\u0437\u043d\u0456 \u0440\u0435\u0436\u0438\u043c\u0438 \u0440\u043e\u0431\u043e\u0442\u0438 \u043a\u0438\u0448\u0435\u0447\u043d\u0438\u043a\u0430, \u0456 \u0457\u0445\u043d\u0456 \u0448\u043b\u0443\u043d\u043a\u0438 \u043c\u043e\u0436\u0443\u0442\u044c \u0444\u0443\u043d\u043a\u0446\u0456\u043e\u043d\u0443\u0432\u0430\u0442\u0438 \u0434\u0443\u0436\u0435 \u043d\u0435\u0440\u0435\u0433\u0443\u043b\u044f\u0440\u043d\u043e. \u0417\u0430\u043f\u043e\u0440 \u0454 \u043f\u043e\u0448\u0438\u0440\u0435\u043d\u043e\u044e \u043f\u0440\u043e\u0431\u043b\u0435\u043c\u043e\u044e (\u0434\u043e &gt;25% \u0434\u0456\u0442\u0435\u0439 \u0437 %), \u044f\u043a\u0443 \u0441\u043b\u0456\u0434 \u043b\u0456\u043a\u0443\u0432\u0430\u0442\u0438 \u043d\u0430 \u0440\u0430\u043d\u043d\u0456\u0439 \u0441\u0442\u0430\u0434\u0456\u0457, \u0449\u043e\u0431 \u0432\u043e\u043d\u0430 \u043d\u0435 \u043f\u0435\u0440\u0435\u0442\u0432\u043e\u0440\u0438\u043b\u0430\u0441\u044f \u043d\u0430 \u0434\u043e\u0432\u0433\u043e\u0441\u0442\u0440\u043e\u043a\u043e\u0432\u0443 \u043f\u0440\u043e\u0431\u043b\u0435\u043c\u0443.<\/p><h3 data-path-to-node=\"4\">1. \u041a\u043e\u043b\u0438 \u0437\u0430\u043f\u043e\u0440 \u0454 \u043f\u0440\u043e\u0431\u043b\u0435\u043c\u043e\u044e?<\/h3><p data-path-to-node=\"5\">\u0414\u0438\u0442\u0438\u043d\u0430 \u0441\u0442\u0440\u0430\u0436\u0434\u0430\u0454 \u043d\u0430 \u0437\u0430\u043f\u043e\u0440, \u044f\u043a\u0449\u043e \u043f\u0440\u043e\u0442\u044f\u0433\u043e\u043c \u043c\u0456\u0441\u044f\u0446\u044f \u0443 \u043d\u0435\u0457 \u0441\u043f\u043e\u0441\u0442\u0435\u0440\u0456\u0433\u0430\u044e\u0442\u044c\u0441\u044f \u043f\u0440\u0438\u043d\u0430\u0439\u043c\u043d\u0456 \u0434\u0432\u0430 \u0437 \u043d\u0430\u0441\u0442\u0443\u043f\u043d\u0438\u0445 \u0441\u0438\u043c\u043f\u0442\u043e\u043c\u0456\u0432:<\/p><ul data-path-to-node=\"6\"><li><p data-path-to-node=\"6,0,0\">\u0412\u0438\u043f\u043e\u0440\u043e\u0436\u043d\u0435\u043d\u043d\u044f \u0440\u0456\u0434\u043a\u0456\u0441\u043d\u0435 \u2013 \u0437\u0430\u0437\u0432\u0438\u0447\u0430\u0439 \u0440\u0456\u0434\u0448\u0435, \u043d\u0456\u0436 \u0447\u0435\u0440\u0435\u0437 \u0434\u0435\u043d\u044c. \u0406\u043d\u043e\u0434\u0456 \u0437\u0430\u043f\u043e\u0440 \u043c\u043e\u0436\u0435 \u0432\u0438\u043d\u0438\u043a\u0430\u0442\u0438, \u043d\u0430\u0432\u0456\u0442\u044c \u044f\u043a\u0449\u043e \u0432\u0438 \u0432\u0438\u043f\u043e\u0440\u043e\u0436\u043d\u044e\u0454\u0442\u0435\u0441\u044f \u043c\u0430\u0439\u0436\u0435 \u0449\u043e\u0434\u043d\u044f.<\/p><\/li><li><p data-path-to-node=\"6,1,0\">\u0421\u0442\u0456\u043b\u0435\u0446\u044c \u0442\u0432\u0435\u0440\u0434\u0438\u0439 \u0430\u0431\u043e \u0434\u0435\u0444\u0435\u043a\u0430\u0446\u0456\u044f \u0431\u043e\u043b\u0456\u0441\u043d\u0430.<\/p><\/li><li><p data-path-to-node=\"6,2,0\">\u0414\u0438\u0442\u0438\u043d\u0430 \u044f\u0432\u043d\u043e \u0441\u0442\u0440\u0438\u043c\u0443\u0454\u0442\u044c\u0441\u044f \u0430\u0431\u043e \u0431\u043e\u0457\u0442\u044c\u0441\u044f \u0432\u0438\u043f\u043e\u0440\u043e\u0436\u043d\u0438\u0442\u0438\u0441\u044f.<\/p><\/li><li><p data-path-to-node=\"6,3,0\">\u0424\u0435\u043a\u0430\u043b\u0456\u0457 \u0434\u0443\u0436\u0435 \u0432\u0435\u043b\u0438\u043a\u0456.<\/p><\/li><li><p data-path-to-node=\"6,4,0\"><b data-path-to-node=\"6,4,0\" data-index-in-node=\"0\">\u041f\u043e\u0448\u043a\u043e\u0434\u0436\u0435\u043d\u043d\u044f:<\/b> \u0412\u0438\u043f\u0430\u0434\u043a\u043e\u0432\u0435 \u043f\u043e\u0442\u0440\u0430\u043f\u043b\u044f\u043d\u043d\u044f \u043a\u0430\u043b\u0443 \u0432 \u0448\u0442\u0430\u043d\u0438 (\u0434\u043b\u044f \u0434\u0456\u0442\u0435\u0439 \u0441\u0442\u0430\u0440\u0448\u0435 4 \u0440\u043e\u043a\u0456\u0432).<\/p><\/li><\/ul><p data-path-to-node=\"7\"><b data-path-to-node=\"7\" data-index-in-node=\"0\">\u041e\u0437\u043d\u0430\u043a\u0438 \u0437\u0430\u0441\u0442\u0430\u0432\u0438:<\/b> \u041d\u0435\u043c\u043e\u0432\u043b\u044f \u043c\u043e\u0436\u0435 \u0440\u043e\u0437\u0442\u044f\u0433\u0443\u0432\u0430\u0442\u0438 \u0441\u0432\u043e\u0454 \u0442\u0456\u043b\u043e \u0442\u0430 \u043d\u0430\u043f\u0440\u0443\u0436\u0443\u0432\u0430\u0442\u0438 \u0441\u0456\u0434\u043d\u0438\u0446\u0456. \u041c\u0430\u043b\u044e\u043a \u043c\u043e\u0436\u0435 \u0441\u0442\u043e\u044f\u0442\u0438 \u043d\u0430\u0432\u0448\u043f\u0438\u043d\u044c\u043a\u0438, \u0449\u0456\u043b\u044c\u043d\u043e \u0442\u0440\u0438\u043c\u0430\u0442\u0438 \u043d\u0456\u0436\u043a\u0438 \u0440\u0430\u0437\u043e\u043c \u0430\u0431\u043e \u0433\u043e\u0439\u0434\u0430\u0442\u0438\u0441\u044f \u0432\u043f\u0435\u0440\u0435\u0434-\u043d\u0430\u0437\u0430\u0434.<\/p><h3 data-path-to-node=\"8\">2. \u0421\u0430\u043c\u043e\u0441\u0442\u0456\u0439\u043d\u0435 \u043b\u0456\u043a\u0443\u0432\u0430\u043d\u043d\u044f \u0437\u0430\u043f\u043e\u0440\u0443<\/h3><h4 data-path-to-node=\"9\">\u0414\u0456\u0454\u0442\u0430<\/h4><ul data-path-to-node=\"10\"><li><p data-path-to-node=\"10,0,0\"><b data-path-to-node=\"10,0,0\" data-index-in-node=\"0\">\u041a\u043b\u0456\u0442\u043a\u043e\u0432\u0438\u043d\u0430:<\/b> \u0414\u043e\u0434\u0430\u0439\u0442\u0435 \u0446\u0456\u043b\u044c\u043d\u043e\u0437\u0435\u0440\u043d\u043e\u0432\u0456 \u043f\u0440\u043e\u0434\u0443\u043a\u0442\u0438 (\u0436\u0438\u0442\u043d\u0456\u0439 \u0445\u043b\u0456\u0431, \u0432\u0456\u0432\u0441\u044f\u043d\u043a\u0443), \u043e\u0432\u043e\u0447\u0456, \u0444\u0440\u0443\u043a\u0442\u0438 \u0442\u0430 \u044f\u0433\u043e\u0434\u0438.<\/p><\/li><li><p data-path-to-node=\"10,1,0\"><b data-path-to-node=\"10,1,0\" data-index-in-node=\"0\">\u041d\u0430\u0442\u0443\u0440\u0430\u043b\u044c\u043d\u0456 \u043f\u043e\u043c&#039;\u044f\u043a\u0448\u0443\u0432\u0430\u0447\u0456:<\/b> \u0414\u043e\u043f\u043e\u043c\u0430\u0433\u0430\u044e\u0442\u044c \u0441\u043b\u0438\u0432\u043e\u0432\u0435 \u0430\u0431\u043e \u043c\u0430\u043d\u0433\u043e\u0432\u0435 \u043f\u044e\u0440\u0435, \u0442\u0435\u0440\u0442\u0430 \u0433\u0440\u0443\u0448\u0430 \u0442\u0430 \u0441\u043e\u043b\u043e\u0434\u043e\u0432\u0438\u0439 \u0435\u043a\u0441\u0442\u0440\u0430\u043a\u0442 (\u0434\u043b\u044f \u043d\u0435\u043c\u043e\u0432\u043b\u044f\u0442).<\/p><\/li><li><p data-path-to-node=\"10,2,0\"><b data-path-to-node=\"10,2,0\" data-index-in-node=\"0\">\u0420\u0456\u0434\u0438\u043d\u0430:<\/b> \u041f\u0435\u0440\u0435\u043a\u043e\u043d\u0430\u0439\u0442\u0435\u0441\u044f, \u0449\u043e \u0432\u0430\u0448\u0430 \u0434\u0438\u0442\u0438\u043d\u0430 \u043f&#039;\u0454 \u0434\u043e\u0441\u0442\u0430\u0442\u043d\u044c\u043e \u0432\u043e\u0434\u0438.<\/p><\/li><li><p data-path-to-node=\"10,3,0\"><b data-path-to-node=\"10,3,0\" data-index-in-node=\"0\">\u041f\u043e\u0442\u0443\u0436\u043d\u0456\u0441\u0442\u044c:<\/b> \u0417\u043c\u0435\u043d\u0448\u0442\u0435 \u0441\u043f\u043e\u0436\u0438\u0432\u0430\u043d\u043d\u044f \u043f\u0440\u043e\u0434\u0443\u043a\u0442\u0456\u0432, \u0449\u043e \u0443\u0442\u0432\u043e\u0440\u044e\u044e\u0442\u044c \u0442\u0432\u0435\u0440\u0434\u0438\u0439 \u043a\u0438\u0448\u0435\u0447\u043d\u0438\u043a, \u0442\u0430\u043a\u0438\u0445 \u044f\u043a \u0431\u0430\u043d\u0430\u043d\u0438, \u0431\u0456\u043b\u0438\u0439 \u0445\u043b\u0456\u0431, \u043a\u0430\u043a\u0430\u043e \u0442\u0430 \u0447\u043e\u0440\u043d\u0438\u0447\u043d\u0438\u0439 \u0441\u0456\u043a. \u041e\u0431\u043c\u0435\u0436\u0442\u0435 \u043d\u0430\u0434\u043c\u0456\u0440\u043d\u0435 \u0441\u043f\u043e\u0436\u0438\u0432\u0430\u043d\u043d\u044f \u043c\u043e\u043b\u043e\u043a\u0430.<\/p><\/li><\/ul><h4 data-path-to-node=\"11\">\u0442\u0443\u0430\u043b\u0435\u0442\u043d\u0456 \u043f\u0440\u043e\u0446\u0435\u0434\u0443\u0440\u0438<\/h4><ul data-path-to-node=\"12\"><li><p data-path-to-node=\"12,0,0\"><b data-path-to-node=\"12,0,0\" data-index-in-node=\"0\">\u0420\u0435\u0433\u0443\u043b\u044f\u0440\u043d\u0456\u0441\u0442\u044c:<\/b> \u041d\u0430\u0432\u0447\u0456\u0442\u044c \u0434\u0438\u0442\u0438\u043d\u0443 \u0441\u0438\u0434\u0456\u0442\u0438 \u043d\u0430 \u0433\u043e\u0440\u0449\u0438\u043a\u0443 \u0430\u0431\u043e \u0441\u0438\u0434\u0456\u043d\u043d\u0456 \u043f\u0440\u043e\u0442\u044f\u0433\u043e\u043c 10-15 \u0445\u0432\u0438\u043b\u0438\u043d \u043f\u0456\u0441\u043b\u044f \u043a\u043e\u0436\u043d\u043e\u0433\u043e \u043f\u0440\u0438\u0439\u043e\u043c\u0443 \u0457\u0436\u0456.<\/p><\/li><li><p data-path-to-node=\"12,1,0\"><b data-path-to-node=\"12,1,0\" data-index-in-node=\"0\">\u041f\u0440\u0430\u0432\u0438\u043b\u044c\u043d\u0435 \u043f\u043e\u043b\u043e\u0436\u0435\u043d\u043d\u044f:<\/b> \u0412\u0438\u043a\u043e\u0440\u0438\u0441\u0442\u043e\u0432\u0443\u0439\u0442\u0435 \u043f\u0456\u0434\u0441\u0442\u0430\u0432\u043a\u0443 \u0434\u043b\u044f \u043d\u0456\u0433 \u043d\u0430 \u043a\u043e\u043b\u0438\u0441\u0446\u0456 \u0442\u0430\u043a, \u0449\u043e\u0431 \u043d\u043e\u0433\u0438 \u0434\u0438\u0442\u0438\u043d\u0438 \u043c\u0456\u0446\u043d\u043e \u0441\u0442\u043e\u044f\u043b\u0438 \u043d\u0430 \u043f\u043e\u0432\u0435\u0440\u0445\u043d\u0456, \u0430 \u043f\u043e\u043b\u043e\u0436\u0435\u043d\u043d\u044f \u0431\u0443\u043b\u043e \u043d\u0430\u0432\u043f\u043e\u0447\u0456\u043f\u043a\u0438.<\/p><\/li><li><p data-path-to-node=\"12,2,0\"><b data-path-to-node=\"12,2,0\" data-index-in-node=\"0\">\u041f\u043e\u0437\u0438\u0442\u0438\u0432\u043d\u0456\u0441\u0442\u044c:<\/b> \u041d\u0456\u043a\u043e\u043b\u0438 \u043d\u0435 \u043a\u0440\u0438\u0442\u0438\u043a\u0443\u0439\u0442\u0435 \u0437\u0430 \u043f\u043e\u043c\u0438\u043b\u043a\u0438. \u041d\u0430\u0433\u043e\u0440\u043e\u0434\u0436\u0443\u0439\u0442\u0435 \u0437\u0430 \u0443\u0441\u043f\u0456\u0445\u0438 (\u043d\u0430\u043f\u0440\u0438\u043a\u043b\u0430\u0434, \u0441\u0442\u0456\u043a\u0435\u0440\u043e\u043c).<\/p><\/li><\/ul><h3 data-path-to-node=\"13\">3. \u0414\u0435\u0444\u0435\u043a\u0430\u0446\u0456\u044f (\u0435\u043d\u043a\u043e\u043f\u0440\u0435\u0437)<\/h3><p data-path-to-node=\"14\">\u0417\u0430\u0431\u0440\u0443\u0434\u043d\u0435\u043d\u043d\u044f \u2013 \u0446\u0435 \u043c\u0438\u043c\u043e\u0432\u0456\u043b\u044c\u043d\u0435 \u0432\u0438\u0442\u0456\u043a\u0430\u043d\u043d\u044f \u043a\u0430\u043b\u0443 \u0432 \u043a\u0438\u0448\u0435\u0447\u043d\u0438\u043a. \u041c\u0430\u0439\u0436\u0435 90% \u0432\u0438\u043f\u0430\u0434\u043a\u0456\u0432 % \u0441\u043f\u0440\u0438\u0447\u0438\u043d\u0435\u043d\u0456 \u0441\u0438\u043b\u044c\u043d\u0438\u043c \u0437\u0430\u043f\u043e\u0440\u043e\u043c: \u0442\u0432\u0435\u0440\u0434\u0430 \u043c\u0430\u0441\u0430 \u043a\u0430\u043b\u0443 (\u0437\u0430\u043a\u0443\u043f\u043e\u0440\u043a\u0430) \u0432 \u0442\u043e\u0432\u0441\u0442\u0456\u0439 \u043a\u0438\u0448\u0446\u0456 \u043f\u0435\u0440\u0435\u0448\u043a\u043e\u0434\u0436\u0430\u0454 \u043d\u043e\u0440\u043c\u0430\u043b\u044c\u043d\u043e\u043c\u0443 \u0441\u043f\u043e\u0440\u043e\u0436\u043d\u0435\u043d\u043d\u044e \u043a\u0438\u0448\u0435\u0447\u043d\u0438\u043a\u0430, \u0449\u043e \u043f\u0440\u0438\u0437\u0432\u043e\u0434\u0438\u0442\u044c \u0434\u043e \u043d\u0435\u043a\u043e\u043d\u0442\u0440\u043e\u043b\u044c\u043e\u0432\u0430\u043d\u043e\u0433\u043e \u043f\u0440\u043e\u0442\u0456\u043a\u0430\u043d\u043d\u044f \u0440\u0456\u0434\u043a\u043e\u0433\u043e \u043a\u0430\u043b\u0443 \u043f\u043e\u0432\u0437 \u0431\u043b\u043e\u043a.<\/p><ul data-path-to-node=\"15\"><li><p data-path-to-node=\"15,0,0\"><b data-path-to-node=\"15,0,0\" data-index-in-node=\"0\">\u0426\u0435 \u043d\u0435 \u043d\u0430\u0432\u043c\u0438\u0441\u043d\u043e:<\/b> \u0414\u0438\u0442\u0438\u043d\u0430 \u043d\u0435 \u0443\u0441\u0432\u0456\u0434\u043e\u043c\u043b\u044e\u0454 \u043f\u043e\u044f\u0432\u0438 \u043a\u0430\u043b\u0443 \u0447\u0438 \u043c\u043e\u0436\u043b\u0438\u0432\u043e\u0433\u043e \u0437\u0430\u043f\u0430\u0445\u0443. \u0414\u0438\u0442\u0438\u043d\u0443 \u043d\u0435 \u0441\u043b\u0456\u0434 \u043a\u0430\u0440\u0430\u0442\u0438 \u0437\u0430 \u0442\u0435, \u0449\u043e \u0432\u043e\u043d\u0430 \u0441\u0442\u0432\u043e\u0440\u044e\u0454 \u0431\u0435\u0437\u043b\u0430\u0434.<\/p><\/li><li><p data-path-to-node=\"15,1,0\"><b data-path-to-node=\"15,1,0\" data-index-in-node=\"0\">\u0414\u043e\u0433\u043b\u044f\u0434:<\/b> \u0417\u0430\u0431\u0440\u0443\u0434\u043d\u0435\u043d\u043d\u044f \u043f\u043e\u043a\u0440\u0430\u0449\u0438\u0442\u044c\u0441\u044f, \u043a\u043e\u043b\u0438 \u0431\u0443\u0434\u0435 \u0435\u0444\u0435\u043a\u0442\u0438\u0432\u043d\u043e \u0432\u0438\u043b\u0456\u043a\u0443\u0432\u0430\u043d\u043e \u043e\u0441\u043d\u043e\u0432\u043d\u0443 \u043f\u0440\u0438\u0447\u0438\u043d\u0443 \u0437\u0430\u043f\u043e\u0440\u0443.<\/p><\/li><\/ul><h3 data-path-to-node=\"16\">4. \u041b\u0456\u043a\u0438<\/h3><p data-path-to-node=\"17\">\u042f\u043a\u0449\u043e \u0441\u0430\u043c\u043e\u0434\u043e\u043f\u043e\u043c\u043e\u0433\u0438 \u043d\u0435\u0434\u043e\u0441\u0442\u0430\u0442\u043d\u044c\u043e \u043f\u0440\u043e\u0442\u044f\u0433\u043e\u043c \u043c\u0456\u0441\u044f\u0446\u044f, \u0441\u043b\u0456\u0434 \u0440\u043e\u0437\u043f\u043e\u0447\u0430\u0442\u0438 \u043f\u0440\u0438\u0439\u043e\u043c \u043b\u0456\u043a\u0456\u0432 \u0437\u0433\u0456\u0434\u043d\u043e \u0437 \u0432\u043a\u0430\u0437\u0456\u0432\u043a\u0430\u043c\u0438 \u043b\u0456\u043a\u0430\u0440\u044f \u0430\u0431\u043e \u043a\u043b\u0456\u043d\u0456\u043a\u0438.<\/p><ul data-path-to-node=\"18\"><li><p data-path-to-node=\"18,0,0\"><b data-path-to-node=\"18,0,0\" data-index-in-node=\"0\">\u041f\u043e\u0434\u0443\u0448\u043a\u0438:<\/b> \u041f\u0440\u0435\u043f\u0430\u0440\u0430\u0442\u0438 \u043c\u0430\u043a\u0440\u043e\u0433\u043e\u043b\u0443 \u0430\u0431\u043e \u043b\u0430\u043a\u0442\u0443\u043b\u043e\u0437\u0438 \u0440\u043e\u0437\u043c\u2019\u044f\u043a\u0448\u0443\u044e\u0442\u044c \u0441\u0442\u0456\u043b\u0435\u0446\u044c. \u0407\u0445 \u043f\u043e\u0442\u0440\u0456\u0431\u043d\u043e \u0432\u0438\u043a\u043e\u0440\u0438\u0441\u0442\u043e\u0432\u0443\u0432\u0430\u0442\u0438 \u0434\u043e\u0441\u0442\u0430\u0442\u043d\u044c\u043e \u0434\u043e\u0432\u0433\u043e (\u0442\u0438\u0436\u043d\u0456 \u0430\u0431\u043e \u043c\u0456\u0441\u044f\u0446\u0456), \u0449\u043e\u0431 \u043f\u0440\u044f\u043c\u0430 \u043a\u0438\u0448\u043a\u0430 \u0432\u0456\u0434\u043d\u043e\u0432\u0438\u043b\u0430\u0441\u044f, \u0430 \u0434\u0438\u0442\u0438\u043d\u0430 \u043d\u0430\u0432\u0447\u0438\u043b\u0430\u0441\u044f, \u0449\u043e \u0434\u0435\u0444\u0435\u043a\u0430\u0446\u0456\u044f \u0431\u0456\u043b\u044c\u0448\u0435 \u043d\u0435 \u0431\u043e\u043b\u0438\u0442\u044c.<\/p><\/li><li><p data-path-to-node=\"18,1,0\"><b data-path-to-node=\"18,1,0\" data-index-in-node=\"0\">\u0415\u0432\u0430\u043a\u0443\u0430\u0446\u0456\u044f:<\/b> \u042f\u043a\u0449\u043e \u0432 \u043a\u0438\u0448\u0435\u0447\u043d\u0438\u043a\u0443 \u0454 \u0432\u0435\u043b\u0438\u043a\u0435 \u0441\u043a\u0443\u043f\u0447\u0435\u043d\u043d\u044f \u043a\u0430\u043b\u043e\u0432\u0438\u0445 \u043c\u0430\u0441, \u043b\u0456\u043a\u0443\u0432\u0430\u043d\u043d\u044f \u0447\u0430\u0441\u0442\u043e \u043f\u043e\u0447\u0438\u043d\u0430\u044e\u0442\u044c \u0437 \u043a\u043b\u0456\u0437\u043c.<\/p><\/li><\/ul><h3 data-path-to-node=\"19\">5. \u041a\u043e\u043b\u0438 \u043c\u0435\u043d\u0456 \u0441\u043b\u0456\u0434 \u0437\u0432\u0435\u0440\u043d\u0443\u0442\u0438\u0441\u044f \u0434\u043e \u043b\u0456\u043a\u0430\u0440\u044f?<\/h3><p data-path-to-node=\"20\">\u0417\u0432\u0435\u0440\u043d\u0456\u0442\u044c\u0441\u044f \u0434\u043e \u043a\u043b\u0456\u043d\u0456\u043a\u0438 \u0430\u0431\u043e \u0434\u043e \u043b\u0456\u043a\u0430\u0440\u044f, \u044f\u043a\u0449\u043e:<\/p><ul data-path-to-node=\"21\"><li><p data-path-to-node=\"21,0,0\">\u0417\u0430\u043f\u043e\u0440 \u0442\u0440\u0438\u0432\u0430\u0454 \u0432\u0436\u0435 \u0431\u0456\u043b\u044c\u0448\u0435 \u043c\u0456\u0441\u044f\u0446\u044f, \u0456 \u0441\u0430\u043c\u043e\u043b\u0456\u043a\u0443\u0432\u0430\u043d\u043d\u044f \u043d\u0435 \u0434\u043e\u043f\u043e\u043c\u0430\u0433\u0430\u0454.<\/p><\/li><li><p data-path-to-node=\"21,1,0\">\u0423 \u043a\u0430\u043b\u0456 \u0454 \u043a\u0440\u043e\u0432.<\/p><\/li><li><p data-path-to-node=\"21,2,0\">\u0423 \u0434\u0438\u0442\u0438\u043d\u0438 \u0441\u0438\u043b\u044c\u043d\u0438\u0439 \u0431\u0456\u043b\u044c \u0443 \u0436\u0438\u0432\u043e\u0442\u0456.<\/p><\/li><li><p data-path-to-node=\"21,3,0\">\u041d\u043e\u0432\u043e\u043d\u0430\u0440\u043e\u0434\u0436\u0435\u043d\u0438\u0439\/\u043c\u0430\u043b\u0435\u043d\u044c\u043a\u0430 \u0434\u0438\u0442\u0438\u043d\u0430 \u0432\u0438\u043f\u043e\u0440\u043e\u0436\u043d\u044e\u0454\u0442\u044c\u0441\u044f \u043d\u0430\u0434\u0437\u0432\u0438\u0447\u0430\u0439\u043d\u043e \u0440\u0456\u0434\u043a\u043e (\u0440\u0456\u0434\u0448\u0435 \u043e\u0434\u043d\u043e\u0433\u043e \u0440\u0430\u0437\u0443 \u043d\u0430 \u0442\u0438\u0436\u0434\u0435\u043d\u044c).<\/p><\/li><li><p data-path-to-node=\"21,4,0\">\u0411\u0435\u0437\u043b\u0430\u0434 \u043f\u043e\u0447\u0438\u043d\u0430\u0454\u0442\u044c\u0441\u044f \u0437\u043d\u043e\u0432\u0443, \u0445\u043e\u0447\u0430 \u0434\u0438\u0442\u0438\u043d\u0430 \u0432\u0436\u0435 \u043d\u0430\u0432\u0447\u0438\u043b\u0430\u0441\u044f \u0431\u0443\u0442\u0438 \u043e\u0445\u0430\u0439\u043d\u043e\u044e.<\/p><\/li><\/ul><p>\u0441\u0442\u0430\u0442\u0442\u044f \u0437 \u0431\u0456\u0431\u043b\u0456\u043e\u0442\u0435\u043a\u0438 \u0437\u0434\u043e\u0440\u043e\u0432&#039;\u044f<\/p><p><a href=\"https:\/\/www.terveyskirjasto.fi\/dlk00533\" target=\"_blank\" rel=\"noopener\">https:\/\/www.terveyskirjasto.fi\/dlk00533<\/a><\/p>\t\t\t\t\t\t\t\t<\/div>\n\t\t\t\t<\/div>\n\t\t\t\t\t<\/div>\n\t\t\t\t<\/div>\n\t\t\t\t<\/div>","protected":false},"excerpt":{"rendered":"<p>Lapsen ummetus ja tuhriminen \u2013 Ohjeita kotiin ja hoitoon Lapsen suolen toiminta on yksil\u00f6llist\u00e4: osa ulostaa useasti p\u00e4iv\u00e4ss\u00e4, osa harvemmin kuin joka p\u00e4iv\u00e4. Periaatteessa lapsen pit\u00e4isi ulostaa p\u00e4ivitt\u00e4in tai l\u00e4hes p\u00e4ivitt\u00e4in. Pienill\u00e4 vauvoilla on vatsan toiminnan suhteen eri kuviot ja vatsa saattaa toimia hyvinkin ep\u00e4s\u00e4\u00e4nn\u00f6llisesti. Ummetus on yleinen vaiva ( jopa &gt;25 % lapsista), joka [&hellip;]<\/p>\n","protected":false},"author":1,"featured_media":0,"parent":0,"menu_order":0,"comment_status":"closed","ping_status":"closed","template":"","meta":{"_angie_page":false,"site-sidebar-layout":"no-sidebar","site-content-layout":"page-builder","ast-site-content-layout":"full-width-container","site-content-style":"default","site-sidebar-style":"default","ast-global-header-display":"","ast-banner-title-visibility":"","ast-main-header-display":"","ast-hfb-above-header-display":"","ast-hfb-below-header-display":"","ast-hfb-mobile-header-display":"","site-post-title":"","ast-breadcrumbs-content":"","ast-featured-img":"disabled","footer-sml-layout":"","ast-disable-related-posts":"","theme-transparent-header-meta":"","adv-header-id-meta":"","stick-header-meta":"","header-above-stick-meta":"","header-main-stick-meta":"","header-below-stick-meta":"","astra-migrate-meta-layouts":"set","ast-page-background-enabled":"default","ast-page-background-meta":{"desktop":{"background-color":"","background-image":"","background-repeat":"repeat","background-position":"center center","background-size":"auto","background-attachment":"scroll","background-type":"","background-media":"","overlay-type":"","overlay-color":"","overlay-opacity":"","overlay-gradient":""},"tablet":{"background-color":"","background-image":"","background-repeat":"repeat","background-position":"center center","background-size":"auto","background-attachment":"scroll","background-type":"","background-media":"","overlay-type":"","overlay-color":"","overlay-opacity":"","overlay-gradient":""},"mobile":{"background-color":"","background-image":"","background-repeat":"repeat","background-position":"center center","background-size":"auto","background-attachment":"scroll","background-type":"","background-media":"","overlay-type":"","overlay-color":"","overlay-opacity":"","overlay-gradient":""}},"ast-content-background-meta":{"desktop":{"background-color":"var(--ast-global-color-5)","background-image":"","background-repeat":"repeat","background-position":"center center","background-size":"auto","background-attachment":"scroll","background-type":"","background-media":"","overlay-type":"","overlay-color":"","overlay-opacity":"","overlay-gradient":""},"tablet":{"background-color":"var(--ast-global-color-5)","background-image":"","background-repeat":"repeat","background-position":"center center","background-size":"auto","background-attachment":"scroll","background-type":"","background-media":"","overlay-type":"","overlay-color":"","overlay-opacity":"","overlay-gradient":""},"mobile":{"background-color":"var(--ast-global-color-5)","background-image":"","background-repeat":"repeat","background-position":"center center","background-size":"auto","background-attachment":"scroll","background-type":"","background-media":"","overlay-type":"","overlay-color":"","overlay-opacity":"","overlay-gradient":""}},"footnotes":""},"class_list":["post-1378","page","type-page","status-publish","hentry"],"_links":{"self":[{"href":"https:\/\/lastenkirurgia.fi\/uk\/wp-json\/wp\/v2\/pages\/1378","targetHints":{"allow":["GET"]}}],"collection":[{"href":"https:\/\/lastenkirurgia.fi\/uk\/wp-json\/wp\/v2\/pages"}],"about":[{"href":"https:\/\/lastenkirurgia.fi\/uk\/wp-json\/wp\/v2\/types\/page"}],"author":[{"embeddable":true,"href":"https:\/\/lastenkirurgia.fi\/uk\/wp-json\/wp\/v2\/users\/1"}],"replies":[{"embeddable":true,"href":"https:\/\/lastenkirurgia.fi\/uk\/wp-json\/wp\/v2\/comments?post=1378"}],"version-history":[{"count":4,"href":"https:\/\/lastenkirurgia.fi\/uk\/wp-json\/wp\/v2\/pages\/1378\/revisions"}],"predecessor-version":[{"id":1661,"href":"https:\/\/lastenkirurgia.fi\/uk\/wp-json\/wp\/v2\/pages\/1378\/revisions\/1661"}],"wp:attachment":[{"href":"https:\/\/lastenkirurgia.fi\/uk\/wp-json\/wp\/v2\/media?parent=1378"}],"curies":[{"name":"wp","href":"https:\/\/api.w.org\/{rel}","templated":true}]}}