{"id":1380,"date":"2026-04-09T13:52:34","date_gmt":"2026-04-09T13:52:34","guid":{"rendered":"https:\/\/darkcyan-pheasant-754087.hostingersite.com\/?page_id=1380"},"modified":"2026-04-12T15:52:33","modified_gmt":"2026-04-12T15:52:33","slug":"lapsen-kastelu","status":"publish","type":"page","link":"https:\/\/lastenkirurgia.fi\/uk\/lapsen-kastelu\/","title":{"rendered":"\u0417\u043c\u043e\u0447\u0443\u0432\u0430\u043d\u043d\u044f \u0434\u0438\u0442\u0438\u043d\u0438"},"content":{"rendered":"<div data-elementor-type=\"wp-page\" data-elementor-id=\"1380\" class=\"elementor elementor-1380\" data-elementor-post-type=\"page\">\n\t\t\t\t<div class=\"elementor-element elementor-element-0a69728 e-flex e-con-boxed e-con e-parent\" data-id=\"0a69728\" data-element_type=\"container\" data-e-type=\"container\">\n\t\t\t\t\t<div class=\"e-con-inner\">\n\t\t\t\t<div class=\"elementor-element elementor-element-a998f74 elementor-widget elementor-widget-text-editor\" data-id=\"a998f74\" data-element_type=\"widget\" data-e-type=\"widget\" data-widget_type=\"text-editor.default\">\n\t\t\t\t<div class=\"elementor-widget-container\">\n\t\t\t\t\t\t\t\t\t<h2 data-path-to-node=\"2\">\u0414\u0440\u0430\u0442\u0456\u0432\u043b\u0438\u0432\u0456\u0441\u0442\u044c \u0443 \u0434\u0438\u0442\u0438\u043d\u0438 \u2013 \u0456\u043d\u0441\u0442\u0440\u0443\u043a\u0446\u0456\u0457 \u0434\u043b\u044f \u0434\u043e\u043c\u0443 \u0442\u0430 \u0434\u043e\u0433\u043b\u044f\u0434\u0443<\/h2><p data-path-to-node=\"3\">\u041a\u043e\u043d\u0442\u0440\u043e\u043b\u044c \u0441\u0435\u0447\u043e\u0432\u043e\u0433\u043e \u043c\u0456\u0445\u0443\u0440\u0430 \u0443 \u0434\u0438\u0442\u0438\u043d\u0438 \u2013 \u0446\u0435 \u0441\u043a\u043b\u0430\u0434\u043d\u0430 \u043d\u0430\u0432\u0438\u0447\u043a\u0430, \u044f\u043a\u0430 \u0440\u043e\u0437\u0432\u0438\u0432\u0430\u0454\u0442\u044c\u0441\u044f \u0456\u043d\u0434\u0438\u0432\u0456\u0434\u0443\u0430\u043b\u044c\u043d\u043e, \u0437\u0430\u0437\u0432\u0438\u0447\u0430\u0439 <b data-path-to-node=\"3\" data-index-in-node=\"87\">\u0414\u043b\u044f \u0434\u0456\u0442\u0435\u0439 \u0432\u0456\u043a\u043e\u043c 4\u20136 \u0440\u043e\u043a\u0456\u0432<\/b> \u041d\u0435\u0442\u0440\u0438\u043c\u0430\u043d\u043d\u044f \u0441\u0435\u0447\u0456 \u044f\u043a \u0454\u0434\u0438\u043d\u0438\u0439 \u0441\u0438\u043c\u043f\u0442\u043e\u043c \u0434\u0443\u0436\u0435 \u0440\u0456\u0434\u043a\u043e \u0454 \u043e\u0437\u043d\u0430\u043a\u043e\u044e \u0445\u0432\u043e\u0440\u043e\u0431\u0438, \u0430\u043b\u0435 \u0432\u043e\u043d\u043e \u043c\u043e\u0436\u0435 \u0441\u0442\u0432\u043e\u0440\u044e\u0432\u0430\u0442\u0438 \u043d\u0430\u0432\u0430\u043d\u0442\u0430\u0436\u0435\u043d\u043d\u044f \u043d\u0430 \u0441\u0430\u043c\u043e\u043e\u0446\u0456\u043d\u043a\u0443 \u0434\u0438\u0442\u0438\u043d\u0438 \u0442\u0430 \u043f\u043e\u0432\u0441\u044f\u043a\u0434\u0435\u043d\u043d\u0435 \u0436\u0438\u0442\u0442\u044f \u0441\u0456\u043c&#039;\u0457.<\/p><h3 data-path-to-node=\"4\">1. \u041d\u0456\u0447\u043d\u0435 \u043d\u0435\u0442\u0440\u0438\u043c\u0430\u043d\u043d\u044f \u0441\u0435\u0447\u0456<\/h3><p data-path-to-node=\"5\">\u041d\u0456\u0447\u043d\u0435 \u043d\u0435\u0442\u0440\u0438\u043c\u0430\u043d\u043d\u044f \u0441\u0435\u0447\u0456 \u0447\u0430\u0441\u0442\u043e \u0441\u043f\u0440\u0438\u0447\u0438\u043d\u0435\u043d\u0435 \u0433\u043b\u0438\u0431\u043e\u043a\u0438\u043c \u0441\u043d\u043e\u043c (\u0434\u0438\u0442\u0438\u043d\u0430 \u043d\u0435 \u043f\u0440\u043e\u043a\u0438\u0434\u0430\u0454\u0442\u044c\u0441\u044f \u0437 \u0432\u0456\u0434\u0447\u0443\u0442\u0442\u044f\u043c \u043f\u043e\u0432\u043d\u043e\u0433\u043e \u0441\u0435\u0447\u043e\u0432\u043e\u0433\u043e \u043c\u0456\u0445\u0443\u0440\u0430) \u0430\u0431\u043e \u043d\u0435\u043f\u043e\u0432\u043d\u043e\u044e \u0440\u0435\u0433\u0443\u043b\u044f\u0446\u0456\u0454\u044e \u043d\u0456\u0447\u043d\u043e\u0433\u043e \u0441\u0435\u0447\u043e\u0432\u0438\u043f\u0443\u0441\u043a\u0430\u043d\u043d\u044f. \u0426\u044f \u0441\u0445\u0438\u043b\u044c\u043d\u0456\u0441\u0442\u044c \u0447\u0430\u0441\u0442\u043e \u0454 \u0441\u043f\u0430\u0434\u043a\u043e\u0432\u043e\u044e.<\/p><p data-path-to-node=\"6\"><b data-path-to-node=\"6\" data-index-in-node=\"0\">\u0414\u043e\u0433\u043b\u044f\u0434 \u0437\u0430 \u0441\u043e\u0431\u043e\u044e \u0432\u0434\u043e\u043c\u0430:<\/b><\/p><ul data-path-to-node=\"7\"><li><p data-path-to-node=\"7,0,0\"><b data-path-to-node=\"7,0,0\" data-index-in-node=\"0\">\u0412\u0435\u0447\u0456\u0440\u043d\u0454 \u043f\u0438\u0442\u0442\u044f:<\/b> \u041e\u0431\u043c\u0435\u0436\u0442\u0435 \u0441\u043f\u043e\u0436\u0438\u0432\u0430\u043d\u043d\u044f \u0430\u043b\u043a\u043e\u0433\u043e\u043b\u044e \u043f\u0440\u0438\u0431\u043b\u0438\u0437\u043d\u043e \u0437\u0430 2 \u0433\u043e\u0434\u0438\u043d\u0438 \u0434\u043e \u0441\u043d\u0443. \u041d\u0430\u0439\u043a\u0440\u0430\u0449\u0435 \u0432\u0435\u0447\u0435\u0440\u044f\u0442\u0438 \u043f\u0440\u0438\u0431\u043b\u0438\u0437\u043d\u043e \u0432 \u043e\u0434\u0438\u043d \u0456 \u0442\u043e\u0439 \u0441\u0430\u043c\u0438\u0439 \u0447\u0430\u0441.<\/p><\/li><li><p data-path-to-node=\"7,1,0\"><b data-path-to-node=\"7,1,0\" data-index-in-node=\"0\">\u0420\u0443\u0442\u0438\u043d\u0430 \u0432 \u0442\u0443\u0430\u043b\u0435\u0442\u0456:<\/b> \u0421\u0445\u043e\u0434\u0456\u0442\u044c \u0434\u043e \u0432\u0430\u043d\u043d\u043e\u0457 \u043a\u0456\u043c\u043d\u0430\u0442\u0438 \u0431\u0435\u0437\u043f\u043e\u0441\u0435\u0440\u0435\u0434\u043d\u044c\u043e \u043f\u0435\u0440\u0435\u0434 \u0441\u043d\u043e\u043c.<\/p><\/li><li><p data-path-to-node=\"7,2,0\"><b data-path-to-node=\"7,2,0\" data-index-in-node=\"0\">\u041d\u0456\u0447\u043d\u0438\u0439 \u043f\u0456\u0434\u0433\u0443\u0437\u043d\u0438\u043a:<\/b> \u041f\u0456\u0434\u0433\u0443\u0437\u043a\u0438 \u0434\u043e\u0437\u0432\u043e\u043b\u0435\u043d\u0456 \u0456 \u043d\u0435 \u0443\u043f\u043e\u0432\u0456\u043b\u044c\u043d\u044f\u0442\u044c \u043f\u0440\u043e\u0446\u0435\u0441 \u043d\u0430\u0432\u0447\u0430\u043d\u043d\u044f \u0431\u0443\u0442\u0438 \u0441\u0443\u0445\u0438\u043c\u0438. \u0412\u043e\u043d\u0438 \u043c\u043e\u0436\u0443\u0442\u044c \u043f\u043e\u043a\u0440\u0430\u0449\u0438\u0442\u0438 \u044f\u043a\u0456\u0441\u0442\u044c \u0441\u043d\u0443 \u043a\u043e\u0436\u043d\u043e\u0433\u043e \u0442\u0430 \u0437\u043c\u0435\u043d\u0448\u0438\u0442\u0438 \u043a\u0456\u043b\u044c\u043a\u0456\u0441\u0442\u044c \u043f\u0440\u0430\u043d\u043d\u044f.<\/p><\/li><li><p data-path-to-node=\"7,3,0\"><b data-path-to-node=\"7,3,0\" data-index-in-node=\"0\">\u041f\u043e\u0437\u0438\u0446\u0456\u044f:<\/b> \u041d\u0435 \u0437\u0432\u0438\u043d\u0443\u0432\u0430\u0447\u0443\u0439\u0442\u0435 \u0456 \u043d\u0435 \u043a\u0430\u0440\u0430\u0439\u0442\u0435. \u0425\u0432\u0430\u043b\u0456\u0442\u044c \u0443\u0441\u043f\u0456\u0445\u0438 (\u0441\u0443\u0445\u0456 \u043d\u043e\u0447\u0456).<\/p><\/li><\/ul><p data-path-to-node=\"8\"><b data-path-to-node=\"8\" data-index-in-node=\"0\">\u041a\u043e\u043b\u0438 \u043f\u043e\u0447\u0438\u043d\u0430\u0442\u0438 \u043b\u0456\u043a\u0443\u0432\u0430\u043d\u043d\u044f?<\/b> \u042f\u043a\u0449\u043e \u0434\u0438\u0442\u0438\u043d\u0430 \u0441\u0442\u0430\u0440\u0448\u0435 6 \u0440\u043e\u043a\u0456\u0432 \u043f\u043e\u0441\u0442\u0456\u0439\u043d\u043e \u043c\u043e\u0447\u0438\u0442\u044c\u0441\u044f \u0432 \u043b\u0456\u0436\u043a\u043e \u0442\u0430 \u0432\u0456\u0434\u0447\u0443\u0432\u0430\u0454 \u0434\u0438\u0441\u043a\u043e\u043c\u0444\u043e\u0440\u0442, \u043e\u0431\u0433\u043e\u0432\u043e\u0440\u0456\u0442\u044c \u0446\u0435 \u043f\u0438\u0442\u0430\u043d\u043d\u044f \u0437 \u043b\u0456\u043a\u0430\u0440\u0435\u043c.<\/p><ul data-path-to-node=\"9\"><li><p data-path-to-node=\"9,0,0\"><b data-path-to-node=\"9,0,0\" data-index-in-node=\"0\">\u0421\u0438\u0433\u043d\u0430\u043b\u0456\u0437\u0430\u0446\u0456\u044f \u043f\u043e\u043b\u0438\u0432\u0443:<\/b> \u0415\u0444\u0435\u043a\u0442\u0438\u0432\u043d\u0438\u0439 \u043c\u0435\u0442\u043e\u0434 (\u043f\u0440\u0438\u0431\u043b\u0438\u0437\u043d\u043e 70 \u043f\u0435\u0440\u0435\u0432\u0430\u0433 %), \u044f\u043a\u0438\u0439 \u043d\u0430\u0432\u0447\u0430\u0454 \u043c\u043e\u0437\u043e\u043a \u043f\u0440\u043e\u043a\u0438\u0434\u0430\u0442\u0438\u0441\u044f, \u043a\u043e\u043b\u0438 \u0441\u0435\u0447\u043e\u0432\u0438\u0439 \u043c\u0456\u0445\u0443\u0440 \u043f\u043e\u0432\u043d\u0438\u0439. \u0412\u0438\u043c\u0430\u0433\u0430\u0454 \u0437\u043e\u0431\u043e\u0432&#039;\u044f\u0437\u0430\u043d\u044c \u0437 \u0431\u043e\u043a\u0443 \u0440\u043e\u0434\u0438\u043d\u0438 \u043f\u0440\u043e\u0442\u044f\u0433\u043e\u043c \u043c\u0456\u0441\u044f\u0446\u0456\u0432.<\/p><\/li><li><p data-path-to-node=\"9,1,0\"><b data-path-to-node=\"9,1,0\" data-index-in-node=\"0\">\u041c\u0435\u0434\u0438\u043a\u0430\u043c\u0435\u043d\u0442\u043e\u0437\u043d\u0430 \u0442\u0435\u0440\u0430\u043f\u0456\u044f (\u0434\u0435\u0441\u043c\u043e\u043f\u0440\u0435\u0441\u0438\u043d):<\/b> \u0417\u043c\u0435\u043d\u0448\u0443\u0454 \u043a\u0456\u043b\u044c\u043a\u0456\u0441\u0442\u044c \u0441\u0435\u0447\u0456, \u0449\u043e \u0432\u0438\u0434\u0456\u043b\u044f\u0454\u0442\u044c\u0441\u044f \u0432\u043d\u043e\u0447\u0456. \u0414\u043e\u043f\u043e\u043c\u0430\u0433\u0430\u0454 \u0431\u0430\u0433\u0430\u0442\u044c\u043e\u043c \u043b\u044e\u0434\u044f\u043c \u0437\u0430\u043b\u0438\u0448\u0430\u0442\u0438\u0441\u044f \u0441\u0443\u0445\u0438\u043c\u0438, \u043d\u0430\u043f\u0440\u0438\u043a\u043b\u0430\u0434, \u043f\u0456\u0434 \u0447\u0430\u0441 \u043d\u0456\u0447\u043d\u0438\u0445 \u0432\u0456\u0437\u0438\u0442\u0456\u0432 \u0434\u043e \u043b\u0456\u043a\u0430\u0440\u044f.<\/p><\/li><\/ul><hr data-path-to-node=\"10\" \/><h3 data-path-to-node=\"11\">2. \u0429\u043e\u0434\u0435\u043d\u043d\u0438\u0439 \u043f\u043e\u043b\u0438\u0432<\/h3><p data-path-to-node=\"12\">\u041d\u0456\u0447\u043d\u0435 \u043d\u0435\u0442\u0440\u0438\u043c\u0430\u043d\u043d\u044f \u0441\u0435\u0447\u0456 \u0447\u0430\u0441\u0442\u043e \u0432\u0438\u043d\u0438\u043a\u0430\u0454 \u0447\u0435\u0440\u0435\u0437 \u0442\u0435, \u0449\u043e \u043b\u044e\u0434\u0438\u043d\u0430 \u0437\u0430\u0431\u0443\u0432\u0430\u0454 \u043f\u043e\u043f\u0456\u0441\u044f\u0442\u0438 \u0432 \u0430\u0437\u0430\u0440\u0442\u0456 \u0432\u0456\u0434 \u0433\u0440\u0438 \u0430\u0431\u043e \u043d\u0430\u043c\u0430\u0433\u0430\u0454\u0442\u044c\u0441\u044f \u0441\u0442\u0440\u0438\u043c\u0430\u0442\u0438 \u0446\u0435 \u0437\u0430\u043d\u0430\u0434\u0442\u043e \u0434\u043e\u0432\u0433\u043e.<\/p><p data-path-to-node=\"13\"><b data-path-to-node=\"13\" data-index-in-node=\"0\">\u0414\u043e\u0433\u043b\u044f\u0434 \u0437\u0430 \u0441\u043e\u0431\u043e\u044e \u0442\u0430 \u0444\u0456\u0437\u0438\u0447\u043d\u0456 \u0432\u043f\u0440\u0430\u0432\u0438:<\/b><\/p><ul data-path-to-node=\"14\"><li><p data-path-to-node=\"14,0,0\"><b data-path-to-node=\"14,0,0\" data-index-in-node=\"0\">\u0420\u0435\u0433\u0443\u043b\u044f\u0440\u043d\u0438\u0439 \u0440\u0438\u0442\u043c \u0441\u0435\u0447\u043e\u0432\u0438\u043f\u0443\u0441\u043a\u0430\u043d\u043d\u044f:<\/b> \u0412\u0438\u043a\u043e\u0440\u0438\u0441\u0442\u043e\u0432\u0443\u0439\u0442\u0435 \u201d\u0433\u043e\u0434\u0438\u043d\u043d\u0438\u043a\u201d \u044f\u043a \u043e\u0440\u0456\u0454\u043d\u0442\u0438\u0440. \u0412\u0456\u0434\u043f\u043e\u0432\u0456\u0434\u043d\u0438\u0439 \u0456\u043d\u0442\u0435\u0440\u0432\u0430\u043b \u043c\u0456\u0436 \u0441\u0435\u0447\u043e\u0432\u0438\u043f\u0443\u0441\u043a\u0430\u043d\u043d\u044f\u043c\u0438 \u0441\u0442\u0430\u043d\u043e\u0432\u0438\u0442\u044c \u043f\u0440\u0438\u0431\u043b\u0438\u0437\u043d\u043e <b data-path-to-node=\"14,0,0\" data-index-in-node=\"81\">2 \u0433\u043e\u0434\u0438\u043d\u0438<\/b>. \u0421\u043b\u0456\u0434 \u0443\u043d\u0438\u043a\u0430\u0442\u0438 \u0456\u043d\u0442\u0435\u0440\u0432\u0430\u043b\u0456\u0432 \u0431\u0456\u043b\u044c\u0448\u0435 4 \u0433\u043e\u0434\u0438\u043d.<\/p><\/li><li><p data-path-to-node=\"14,1,0\"><b data-path-to-node=\"14,1,0\" data-index-in-node=\"0\">\u0421\u043f\u043e\u043a\u0456\u0439\u043d\u0435 \u0432\u0456\u0434\u0432\u0456\u0434\u0443\u0432\u0430\u043d\u043d\u044f \u0442\u0443\u0430\u043b\u0435\u0442\u0443:<\/b> \u041d\u0435 \u043c\u043e\u0436\u043d\u0430 \u043c\u043e\u0447\u0438\u0442\u0438\u0441\u044f \u0432 \u0442\u0443\u0430\u043b\u0435\u0442\u0456. \u0412\u0438 \u043f\u043e\u0432\u0438\u043d\u043d\u0456 \u0440\u0435\u0442\u0435\u043b\u044c\u043d\u043e \u0441\u043f\u043e\u0440\u043e\u0436\u043d\u0438\u0442\u0438 \u0441\u0435\u0447\u043e\u0432\u0438\u0439 \u043c\u0456\u0445\u0443\u0440, \u0430 \u0437\u0430 \u043f\u043e\u0442\u0440\u0435\u0431\u0438 \u0441\u043f\u0440\u043e\u0431\u0443\u0432\u0430\u0442\u0438 \u043f\u043e\u043c\u043e\u0447\u0438\u0442\u0438\u0441\u044f \u0449\u0435 \u0440\u0430\u0437 \u043f\u0456\u0441\u043b\u044f \u043a\u043e\u0440\u043e\u0442\u043a\u043e\u0457 \u043f\u0435\u0440\u0435\u0440\u0432\u0438.<\/p><\/li><li><p data-path-to-node=\"14,2,0\"><b data-path-to-node=\"14,2,0\" data-index-in-node=\"0\">\u0413\u0456\u0433\u0456\u0454\u043d\u0430:<\/b> \u0429\u043e\u0434\u043d\u044f \u043c\u0438\u0439\u0442\u0435 \u0448\u043a\u0456\u0440\u0443 \u043d\u0438\u0436\u043d\u044c\u043e\u0457 \u0447\u0430\u0441\u0442\u0438\u043d\u0438 \u0436\u0438\u0432\u043e\u0442\u0430 \u0437\u0432\u0438\u0447\u0430\u0439\u043d\u043e\u044e \u0432\u043e\u0434\u043e\u044e. \u041f\u043e\u0434\u0440\u0430\u0437\u043d\u0435\u043d\u043d\u044f \u0430\u0431\u043e \u043f\u0435\u0447\u0456\u043d\u043d\u044f \u043c\u043e\u0436\u0443\u0442\u044c \u043f\u043e\u0441\u0438\u043b\u0438\u0442\u0438 \u043f\u043e\u0437\u0438\u0432 \u0434\u043e \u0441\u0435\u0447\u043e\u0432\u0438\u043f\u0443\u0441\u043a\u0430\u043d\u043d\u044f.<\/p><\/li><li><p data-path-to-node=\"14,3,0\"><b data-path-to-node=\"14,3,0\" data-index-in-node=\"0\">\u0423\u043d\u0438\u043a\u0430\u0439\u0442\u0435 \u043f\u043e\u0434\u0440\u0430\u0437\u043d\u0438\u043a\u0456\u0432:<\/b> \u0411\u0435\u0437\u0430\u043b\u043a\u043e\u0433\u043e\u043b\u044c\u043d\u0456 \u043d\u0430\u043f\u043e\u0457 \u0437 \u0432\u0438\u0441\u043e\u043a\u0438\u043c \u0432\u043c\u0456\u0441\u0442\u043e\u043c \u0446\u0443\u043a\u0440\u0443 \u0430\u0431\u043e \u043a\u043e\u0444\u0435\u0457\u043d\u0443 \u043c\u043e\u0436\u0443\u0442\u044c \u043f\u043e\u0434\u0440\u0430\u0437\u043d\u044e\u0432\u0430\u0442\u0438 \u0441\u0435\u0447\u043e\u0432\u0438\u0439 \u043c\u0456\u0445\u0443\u0440.<\/p><\/li><li>\u0406\u043d\u043e\u0434\u0456 \u043c\u043e\u0436\u043d\u0430 \u0441\u043f\u0440\u043e\u0431\u0443\u0432\u0430\u0442\u0438 \u043f\u0440\u0435\u043f\u0430\u0440\u0430\u0442 \u043e\u043a\u0441\u0438\u0431\u0443\u0442\u0438\u043d\u0456\u043d<\/li><\/ul><hr data-path-to-node=\"15\" \/><h3 data-path-to-node=\"16\">3. \u041e\u0441\u0442\u0435\u0440\u0456\u0433\u0430\u0439\u0442\u0435\u0441\u044f \u0437\u0430\u043f\u043e\u0440\u0456\u0432!<\/h3><p data-path-to-node=\"17\">\u0417\u0430\u043f\u043e\u0440 \u0454 \u043f\u043e\u0448\u0438\u0440\u0435\u043d\u043e\u044e \u043f\u0440\u0438\u0447\u0438\u043d\u043e\u044e \u044f\u043a \u043d\u0456\u0447\u043d\u043e\u0433\u043e, \u0442\u0430\u043a \u0456 \u0434\u0435\u043d\u043d\u043e\u0433\u043e \u043d\u0435\u0442\u0440\u0438\u043c\u0430\u043d\u043d\u044f \u0441\u0435\u0447\u0456. \u041f\u043e\u0432\u043d\u0438\u0439 \u043a\u0438\u0448\u0435\u0447\u043d\u0438\u043a \u0442\u0438\u0441\u043d\u0435 \u043d\u0430 \u0441\u0435\u0447\u043e\u0432\u0438\u0439 \u043c\u0456\u0445\u0443\u0440 \u0456 \u043f\u043e\u0440\u0443\u0448\u0443\u0454 \u0439\u043e\u0433\u043e \u0444\u0443\u043d\u043a\u0446\u0456\u044e. <b data-path-to-node=\"17\" data-index-in-node=\"113\">\u041f\u0435\u0440\u0435\u043a\u043e\u043d\u0430\u0439\u0442\u0435\u0441\u044f, \u0449\u043e \u0448\u043b\u0443\u043d\u043e\u043a \u0432\u0430\u0448\u043e\u0457 \u0434\u0438\u0442\u0438\u043d\u0438 \u043f\u0440\u0430\u0446\u044e\u0454 \u0431\u0435\u0437\u043f\u0435\u0440\u0435\u0431\u0456\u0439\u043d\u043e \u0442\u0430 \u0449\u043e\u0434\u043d\u044f.<\/b><\/p><hr data-path-to-node=\"18\" \/><h3 data-path-to-node=\"19\">\u041a\u043e\u043b\u0438 \u0441\u043b\u0456\u0434 \u043d\u0435\u0433\u0430\u0439\u043d\u043e \u0437\u0432\u0435\u0440\u043d\u0443\u0442\u0438\u0441\u044f \u0434\u043e \u043b\u0456\u043a\u0430\u0440\u044f?<\/h3><p data-path-to-node=\"20\">\u0417\u0432\u0435\u0440\u043d\u0456\u0442\u044c\u0441\u044f \u0437\u0430 \u043c\u0435\u0434\u0438\u0447\u043d\u043e\u044e \u0434\u043e\u043f\u043e\u043c\u043e\u0433\u043e\u044e, \u044f\u043a\u0449\u043e \u0432\u0430\u0448\u0435 \u0437\u0440\u043e\u0448\u0435\u043d\u043d\u044f \u0441\u0443\u043f\u0440\u043e\u0432\u043e\u0434\u0436\u0443\u0454\u0442\u044c\u0441\u044f \u0431\u0443\u0434\u044c-\u044f\u043a\u0438\u043c \u0456\u0437 \u043f\u0435\u0440\u0435\u043b\u0456\u0447\u0435\u043d\u0438\u0445 \u043d\u0438\u0436\u0447\u0435 \u0441\u0438\u043c\u043f\u0442\u043e\u043c\u0456\u0432:<\/p><ol start=\"1\" data-path-to-node=\"21\"><li><p data-path-to-node=\"21,0,0\">\u0417\u0440\u043e\u0448\u0435\u043d\u043d\u044f \u0432\u0456\u0434\u043d\u043e\u0432\u043b\u044e\u0454\u0442\u044c\u0441\u044f \u043f\u0456\u0441\u043b\u044f \u0442\u0440\u0438\u0432\u0430\u043b\u043e\u0433\u043e \u043f\u043e\u0441\u0443\u0448\u043b\u0438\u0432\u043e\u0433\u043e \u0441\u0435\u0437\u043e\u043d\u0443 \u0442\u0430 \u0441\u0443\u043f\u0440\u043e\u0432\u043e\u0434\u0436\u0443\u0454\u0442\u044c\u0441\u044f <b data-path-to-node=\"21,0,0\" data-index-in-node=\"71\">\u043d\u0430\u0434\u043c\u0456\u0440\u043d\u0430 \u0441\u043f\u0440\u0430\u0433\u0430, \u0432\u0442\u0440\u0430\u0442\u0430 \u0432\u0430\u0433\u0438 \u0430\u0431\u043e \u0441\u0438\u043b\u044c\u043d\u0430 \u0432\u0442\u043e\u043c\u0430<\/b>.<\/p><\/li><li><p data-path-to-node=\"21,1,0\">\u0421\u0435\u0447\u043e\u0432\u0438\u043f\u0443\u0441\u043a\u0430\u043d\u043d\u044f \u0454 <b data-path-to-node=\"21,1,0\" data-index-in-node=\"16\">\u0431\u043e\u043b\u0456\u0441\u043d\u0438\u0439<\/b> \u0430\u0431\u043e \u0441\u0435\u0447\u0430 \u043c\u0430\u0454 \u043d\u0435\u0437\u0432\u0438\u0447\u0430\u0439\u043d\u0438\u0439 \u0437\u0430\u043f\u0430\u0445\/\u043a\u043e\u043b\u0456\u0440.<\/p><\/li><li><p data-path-to-node=\"21,2,0\">\u0423 \u0434\u0438\u0442\u0438\u043d\u0438 \u043f\u043e\u0441\u0442\u0456\u0439\u043d\u0435 \u0432\u0438\u043f\u043e\u0440\u043e\u0436\u043d\u0435\u043d\u043d\u044f \u0430\u0431\u043e \u0441\u0438\u043b\u044c\u043d\u0438\u0439 \u0437\u0430\u043f\u043e\u0440.<\/p><\/li><\/ol><p>\u0421\u0442\u0430\u0442\u0442\u044f \u0411\u0456\u0431\u043b\u0456\u043e\u0442\u0435\u043a\u0438 \u0437\u0434\u043e\u0440\u043e\u0432&#039;\u044f<\/p><p><a href=\"https:\/\/www.terveyskirjasto.fi\/dlk00134\" target=\"_blank\" rel=\"noopener\">https:\/\/www.terveyskirjasto.fi\/dlk00134<\/a><\/p><p>\u00a0<\/p>\t\t\t\t\t\t\t\t<\/div>\n\t\t\t\t<\/div>\n\t\t\t\t\t<\/div>\n\t\t\t\t<\/div>\n\t\t\t\t<\/div>","protected":false},"excerpt":{"rendered":"<p>Kastelu lapsella \u2013 Ohjeita kotiin ja hoitoon Lapsen virtsarakon hallinta on monimutkainen taito, joka kypsyy yksil\u00f6llisesti yleens\u00e4 4\u20136 vuoden ik\u00e4\u00e4n menness\u00e4. Kastelu ainoana oireena on hyvin harvoin merkki sairaudesta, mutta se voi kuormittaa lapsen itsetuntoa ja perheen arkea. 1. Y\u00f6kastelu Y\u00f6kastelu johtuu usein sike\u00e4st\u00e4 unesta (lapsi ei her\u00e4\u00e4 t\u00e4yden rakon tunteeseen) tai y\u00f6llisen virtsanerityksen s\u00e4\u00e4telyn [&hellip;]<\/p>\n","protected":false},"author":1,"featured_media":0,"parent":0,"menu_order":0,"comment_status":"closed","ping_status":"closed","template":"","meta":{"_angie_page":false,"site-sidebar-layout":"no-sidebar","site-content-layout":"page-builder","ast-site-content-layout":"full-width-container","site-content-style":"default","site-sidebar-style":"default","ast-global-header-display":"","ast-banner-title-visibility":"","ast-main-header-display":"","ast-hfb-above-header-display":"","ast-hfb-below-header-display":"","ast-hfb-mobile-header-display":"","site-post-title":"","ast-breadcrumbs-content":"","ast-featured-img":"disabled","footer-sml-layout":"","ast-disable-related-posts":"","theme-transparent-header-meta":"","adv-header-id-meta":"","stick-header-meta":"","header-above-stick-meta":"","header-main-stick-meta":"","header-below-stick-meta":"","astra-migrate-meta-layouts":"set","ast-page-background-enabled":"default","ast-page-background-meta":{"desktop":{"background-color":"","background-image":"","background-repeat":"repeat","background-position":"center center","background-size":"auto","background-attachment":"scroll","background-type":"","background-media":"","overlay-type":"","overlay-color":"","overlay-opacity":"","overlay-gradient":""},"tablet":{"background-color":"","background-image":"","background-repeat":"repeat","background-position":"center center","background-size":"auto","background-attachment":"scroll","background-type":"","background-media":"","overlay-type":"","overlay-color":"","overlay-opacity":"","overlay-gradient":""},"mobile":{"background-color":"","background-image":"","background-repeat":"repeat","background-position":"center center","background-size":"auto","background-attachment":"scroll","background-type":"","background-media":"","overlay-type":"","overlay-color":"","overlay-opacity":"","overlay-gradient":""}},"ast-content-background-meta":{"desktop":{"background-color":"var(--ast-global-color-5)","background-image":"","background-repeat":"repeat","background-position":"center center","background-size":"auto","background-attachment":"scroll","background-type":"","background-media":"","overlay-type":"","overlay-color":"","overlay-opacity":"","overlay-gradient":""},"tablet":{"background-color":"var(--ast-global-color-5)","background-image":"","background-repeat":"repeat","background-position":"center center","background-size":"auto","background-attachment":"scroll","background-type":"","background-media":"","overlay-type":"","overlay-color":"","overlay-opacity":"","overlay-gradient":""},"mobile":{"background-color":"var(--ast-global-color-5)","background-image":"","background-repeat":"repeat","background-position":"center center","background-size":"auto","background-attachment":"scroll","background-type":"","background-media":"","overlay-type":"","overlay-color":"","overlay-opacity":"","overlay-gradient":""}},"footnotes":""},"class_list":["post-1380","page","type-page","status-publish","hentry"],"_links":{"self":[{"href":"https:\/\/lastenkirurgia.fi\/uk\/wp-json\/wp\/v2\/pages\/1380","targetHints":{"allow":["GET"]}}],"collection":[{"href":"https:\/\/lastenkirurgia.fi\/uk\/wp-json\/wp\/v2\/pages"}],"about":[{"href":"https:\/\/lastenkirurgia.fi\/uk\/wp-json\/wp\/v2\/types\/page"}],"author":[{"embeddable":true,"href":"https:\/\/lastenkirurgia.fi\/uk\/wp-json\/wp\/v2\/users\/1"}],"replies":[{"embeddable":true,"href":"https:\/\/lastenkirurgia.fi\/uk\/wp-json\/wp\/v2\/comments?post=1380"}],"version-history":[{"count":4,"href":"https:\/\/lastenkirurgia.fi\/uk\/wp-json\/wp\/v2\/pages\/1380\/revisions"}],"predecessor-version":[{"id":1658,"href":"https:\/\/lastenkirurgia.fi\/uk\/wp-json\/wp\/v2\/pages\/1380\/revisions\/1658"}],"wp:attachment":[{"href":"https:\/\/lastenkirurgia.fi\/uk\/wp-json\/wp\/v2\/media?parent=1380"}],"curies":[{"name":"wp","href":"https:\/\/api.w.org\/{rel}","templated":true}]}}