{"id":1382,"date":"2026-04-09T13:53:02","date_gmt":"2026-04-09T13:53:02","guid":{"rendered":"https:\/\/darkcyan-pheasant-754087.hostingersite.com\/?page_id=1382"},"modified":"2026-04-11T14:11:37","modified_gmt":"2026-04-11T14:11:37","slug":"lapsen-palovamma","status":"publish","type":"page","link":"https:\/\/lastenkirurgia.fi\/uk\/lapsen-palovamma\/","title":{"rendered":"\u041e\u043f\u0456\u043a \u0434\u0438\u0442\u0438\u043d\u0438"},"content":{"rendered":"<div data-elementor-type=\"wp-page\" data-elementor-id=\"1382\" class=\"elementor elementor-1382\" data-elementor-post-type=\"page\">\n\t\t\t\t<div class=\"elementor-element elementor-element-60ffc84 e-flex e-con-boxed e-con e-parent\" data-id=\"60ffc84\" data-element_type=\"container\" data-e-type=\"container\">\n\t\t\t\t\t<div class=\"e-con-inner\">\n\t\t\t\t<div class=\"elementor-element elementor-element-cc678c2 elementor-widget elementor-widget-text-editor\" data-id=\"cc678c2\" data-element_type=\"widget\" data-e-type=\"widget\" data-widget_type=\"text-editor.default\">\n\t\t\t\t<div class=\"elementor-widget-container\">\n\t\t\t\t\t\t\t\t\t<h2 data-path-to-node=\"2\">\u041e\u043f\u0456\u043a\u0438 \u0443 \u0434\u0456\u0442\u0435\u0439: \u043f\u0435\u0440\u0448\u0430 \u0434\u043e\u043f\u043e\u043c\u043e\u0433\u0430 \u0442\u0430 \u0456\u043d\u0441\u0442\u0440\u0443\u043a\u0446\u0456\u0457 \u0437 \u043b\u0456\u043a\u0443\u0432\u0430\u043d\u043d\u044f<\/h2><p data-path-to-node=\"3\">\u0414\u0438\u0442\u044f\u0447\u0430 \u0448\u043a\u0456\u0440\u0430 \u0447\u0443\u0442\u043b\u0438\u0432\u0430, \u0456 \u0442\u044f\u0436\u043a\u0456\u0441\u0442\u044c \u043e\u043f\u0456\u043a\u0443 \u0437\u0430\u043b\u0435\u0436\u0438\u0442\u044c \u0432\u0456\u0434 \u0439\u043e\u0433\u043e \u0433\u043b\u0438\u0431\u0438\u043d\u0438 \u0442\u0430 \u0441\u0442\u0443\u043f\u0435\u043d\u044f. \u0417\u0430\u0432\u0434\u044f\u043a\u0438 \u0448\u0432\u0438\u0434\u043a\u0456\u0439 \u043f\u0435\u0440\u0448\u0456\u0439 \u0434\u043e\u043f\u043e\u043c\u043e\u0437\u0456 \u0432\u0438 \u043c\u043e\u0436\u0435\u0442\u0435 \u043e\u0431\u043c\u0435\u0436\u0438\u0442\u0438 \u043f\u0440\u043e\u0433\u0440\u0435\u0441\u0443\u0432\u0430\u043d\u043d\u044f \u0442\u0440\u0430\u0432\u043c\u0438.<\/p><h3 data-path-to-node=\"4\">1. \u041d\u0435\u0433\u0430\u0439\u043d\u0430 \u043f\u0435\u0440\u0448\u0430 \u0434\u043e\u043f\u043e\u043c\u043e\u0433\u0430<\/h3><ul data-path-to-node=\"5\"><li><p data-path-to-node=\"5,0,0\"><b data-path-to-node=\"5,0,0\" data-index-in-node=\"0\">\u0412\u0438\u043c\u043a\u043d\u0456\u0442\u044c \u0442\u0430 \u0432\u0438\u0434\u0430\u043b\u0456\u0442\u044c:<\/b> \u0417\u0430\u0433\u0430\u0441\u0456\u0442\u044c \u043f\u043e\u043b\u0443\u043c&#039;\u044f \u0442\u0430 \u0437\u043d\u0456\u043c\u0456\u0442\u044c \u0431\u0443\u0434\u044c-\u044f\u043a\u0438\u0439 \u043e\u0434\u044f\u0433, \u0449\u043e \u043d\u0430\u043a\u043e\u043f\u0438\u0447\u0443\u0454 \u0442\u0435\u043f\u043b\u043e (\u043d\u0430\u043f\u0440\u0438\u043a\u043b\u0430\u0434, \u043e\u0434\u044f\u0433, \u043f\u0440\u043e\u0441\u043e\u0447\u0435\u043d\u0438\u0439 \u0433\u0430\u0440\u044f\u0447\u043e\u044e \u0440\u0456\u0434\u0438\u043d\u043e\u044e).<\/p><\/li><li><p data-path-to-node=\"5,1,0\"><b data-path-to-node=\"5,1,0\" data-index-in-node=\"0\">\u041e\u0445\u043e\u043b\u043e\u043d\u0443\u0442\u0438:<\/b> \u041f\u0440\u043e\u043c\u0438\u0439\u0442\u0435 \u0443\u0440\u0430\u0436\u0435\u043d\u0443 \u0434\u0456\u043b\u044f\u043d\u043a\u0443 <b data-path-to-node=\"5,1,0\" data-index-in-node=\"33\">\u043f\u0440\u0438\u0431\u043b\u0438\u0437\u043d\u043e \u043f\u0440\u0438 +20 \u0433\u0440\u0430\u0434\u0443\u0441\u0430\u0445<\/b> \u0437 (\u0442\u0435\u043f\u043b\u043e\u044e) \u043f\u0440\u043e\u0442\u043e\u0447\u043d\u043e\u044e \u0432\u043e\u0434\u043e\u044e <b data-path-to-node=\"5,1,0\" data-index-in-node=\"85\">\u041f\u0440\u043e\u0442\u044f\u0433\u043e\u043c 10\u201315 \u0445\u0432\u0438\u043b\u0438\u043d<\/b>.<\/p><ul data-path-to-node=\"5,1,1\"><li><p data-path-to-node=\"5,1,1,0,0\"><i data-path-to-node=\"5,1,1,0,0\" data-index-in-node=\"0\">\u041f\u0440\u0438\u043c\u0456\u0442\u043a\u0430:<\/i> \u041d\u0435 \u0432\u0438\u043a\u043e\u0440\u0438\u0441\u0442\u043e\u0432\u0443\u0439\u0442\u0435 \u043b\u0456\u0434 \u0430\u0431\u043e \u043a\u0440\u0438\u0436\u0430\u043d\u0443 \u0432\u043e\u0434\u0443.<\/p><\/li><\/ul><\/li><li><p data-path-to-node=\"5,2,0\"><b data-path-to-node=\"5,2,0\" data-index-in-node=\"0\">\u0417\u0430\u043f\u043e\u0431\u0456\u0433\u0430\u0439\u0442\u0435 \u0437\u0430\u0441\u0442\u0443\u0434\u0456:<\/b> \u041e\u0441\u043e\u0431\u043b\u0438\u0432\u043e \u0434\u043b\u044f \u043c\u0430\u043b\u0435\u043d\u044c\u043a\u0438\u0445 \u0434\u0456\u0442\u0435\u0439 \u0432\u0430\u0436\u043b\u0438\u0432\u043e \u043f\u0456\u0434\u0442\u0440\u0438\u043c\u0443\u0432\u0430\u0442\u0438 \u0440\u0435\u0448\u0442\u0443 \u0442\u0456\u043b\u0430 \u0432 \u0442\u0435\u043f\u043b\u0456 \u043f\u0456\u0434 \u0447\u0430\u0441 \u043e\u0445\u043e\u043b\u043e\u0434\u0436\u0435\u043d\u043d\u044f, \u0449\u043e\u0431 \u0442\u0435\u043c\u043f\u0435\u0440\u0430\u0442\u0443\u0440\u0430 \u0442\u0456\u043b\u0430 \u0434\u0438\u0442\u0438\u043d\u0438 \u043d\u0435 \u043f\u0430\u0434\u0430\u043b\u0430 \u0437\u0430\u043d\u0430\u0434\u0442\u043e \u0441\u0438\u043b\u044c\u043d\u043e.<\/p><\/li><\/ul><h3 data-path-to-node=\"6\">2. \u041a\u043e\u043b\u0438 \u043c\u0435\u043d\u0456 \u0441\u043b\u0456\u0434 \u0437\u0432\u0435\u0440\u043d\u0443\u0442\u0438\u0441\u044f \u0434\u043e \u043b\u0456\u043a\u0430\u0440\u044f?<\/h3><p data-path-to-node=\"7\">\u0417\u0432\u0435\u0440\u043d\u0456\u0442\u044c\u0441\u044f \u0434\u043e \u043b\u0456\u043a\u0430\u0440\u044f \u0430\u0431\u043e \u0432\u0456\u0434\u0434\u0456\u043b\u0435\u043d\u043d\u044f \u043d\u0435\u0432\u0456\u0434\u043a\u043b\u0430\u0434\u043d\u043e\u0457 \u0434\u043e\u043f\u043e\u043c\u043e\u0433\u0438, \u044f\u043a\u0449\u043e:<\/p><ul data-path-to-node=\"8\"><li><p data-path-to-node=\"8,0,0\">\u0412\u043e\u043d\u043e \u043f\u0456\u0434\u043d\u0456\u043c\u0430\u0454\u0442\u044c\u0441\u044f \u0434\u043e \u0448\u043a\u0456\u0440\u0438 <b data-path-to-node=\"8,0,0\" data-index-in-node=\"13\">\u043f\u0443\u0445\u0438\u0440\u0456<\/b> \u0430\u0431\u043e \u0448\u043a\u0456\u0440\u0430 \u0440\u043e\u0437\u0440\u0438\u0432\u0430\u0454\u0442\u044c\u0441\u044f.<\/p><\/li><li><p data-path-to-node=\"8,1,0\">\u041e\u043f\u0456\u043a - \u0446\u0435 <b data-path-to-node=\"8,1,0\" data-index-in-node=\"13\">\u0440\u043e\u0437\u043c\u0456\u0440\u043e\u043c \u0437 \u0434\u043e\u043b\u043e\u043d\u044e<\/b> \u0430\u0431\u043e \u0431\u0456\u043b\u044c\u0448\u0438\u0439.<\/p><\/li><li><p data-path-to-node=\"8,2,0\">\u0422\u0440\u0430\u0432\u043c\u0430 \u0437\u043d\u0430\u0445\u043e\u0434\u0438\u0442\u044c\u0441\u044f \u0432 \u043a\u0440\u0438\u0442\u0438\u0447\u043d\u0456\u0439 \u0434\u0456\u043b\u044f\u043d\u0446\u0456, \u0442\u0430\u043a\u0456\u0439 \u044f\u043a <b data-path-to-node=\"8,2,0\" data-index-in-node=\"38\">\u043d\u0430 \u043e\u0431\u043b\u0438\u0447\u0447\u0456, \u0440\u0443\u043a\u0430\u0445, \u043d\u043e\u0433\u0430\u0445 \u0430\u0431\u043e \u0441\u0443\u0433\u043b\u043e\u0431\u0430\u0445<\/b>.<\/p><\/li><li><p data-path-to-node=\"8,3,0\">\u0419\u0434\u0435\u0442\u044c\u0441\u044f \u043f\u0440\u043e <b data-path-to-node=\"8,3,0\" data-index-in-node=\"12\">\u0435\u043b\u0435\u043a\u0442\u0440\u0438\u0447\u043d\u0435 \u0430\u0431\u043e \u0445\u0456\u043c\u0456\u0447\u043d\u0435 \u0443\u0440\u0430\u0436\u0435\u043d\u043d\u044f<\/b>.<\/p><\/li><li><p data-path-to-node=\"8,4,0\">\u0426\u0435 \u0434\u0443\u0436\u0435 \u043c\u0430\u043b\u0435\u043d\u044c\u043a\u0430 \u0434\u0438\u0442\u0438\u043d\u0430.<\/p><\/li><\/ul><h3 data-path-to-node=\"9\">3. \u0412\u0430\u0436\u043b\u0438\u0432\u0456 \u0440\u0435\u0447\u0456, \u044f\u043a\u0456 \u043f\u043e\u0442\u0440\u0456\u0431\u043d\u043e \u0437\u043d\u0430\u0442\u0438 \u043f\u0440\u043e \u043b\u0456\u043a\u0443\u0432\u0430\u043d\u043d\u044f<\/h3><ul data-path-to-node=\"10\"><li><p data-path-to-node=\"10,0,0\"><b data-path-to-node=\"10,0,0\" data-index-in-node=\"0\">\u041e\u0446\u0456\u043d\u043a\u0430 \u0433\u043b\u0438\u0431\u0438\u043d\u0438:<\/b> \u041e\u0441\u0442\u0430\u0442\u043e\u0447\u043d\u0430 \u0433\u043b\u0438\u0431\u0438\u043d\u0430 \u0442\u0430 \u0442\u044f\u0436\u043a\u0456\u0441\u0442\u044c \u043e\u043f\u0456\u043a\u043e\u0432\u043e\u0457 \u0442\u0440\u0430\u0432\u043c\u0438 \u0447\u0430\u0441\u0442\u043e \u0432\u0438\u044f\u0432\u043b\u044f\u044e\u0442\u044c\u0441\u044f \u043b\u0438\u0448\u0435 <b data-path-to-node=\"10,0,0\" data-index-in-node=\"83\">\u0427\u0435\u0440\u0435\u0437 2\u20133 \u0434\u043d\u0456<\/b> \u0422\u043e\u043c\u0443 \u0437\u0430 \u0442\u0440\u0430\u0432\u043c\u043e\u044e \u043f\u043e\u0442\u0440\u0456\u0431\u043d\u043e \u0440\u0435\u0442\u0435\u043b\u044c\u043d\u043e \u0441\u0442\u0435\u0436\u0438\u0442\u0438 \u043f\u0440\u043e\u0442\u044f\u0433\u043e\u043c \u043f\u0435\u0440\u0448\u0438\u0445 \u043a\u0456\u043b\u044c\u043a\u043e\u0445 \u0434\u043d\u0456\u0432.<\/p><\/li><li><p data-path-to-node=\"10,1,0\"><b data-path-to-node=\"10,1,0\" data-index-in-node=\"0\">\u0417\u0430\u0445\u0438\u0441\u0442:<\/b> \u041d\u0435\u0437\u043d\u0430\u0447\u043d\u0456 \u0442\u0440\u0430\u0432\u043c\u0438 \u043f\u0456\u0434\u0442\u0440\u0438\u043c\u0443\u044e\u0442\u044c \u0447\u0438\u0441\u0442\u043e\u0442\u0443 \u0432\u0434\u043e\u043c\u0430. \u0423 \u043a\u0430\u0431\u0456\u043d\u0435\u0442\u0456 \u043b\u0456\u043a\u0430\u0440\u044f \u0440\u0430\u043d\u0438 \u0447\u0430\u0441\u0442\u043e \u0437\u0430\u0445\u0438\u0449\u0430\u044e\u0442\u044c \u0441\u043f\u0435\u0446\u0456\u0430\u043b\u044c\u043d\u0438\u043c \u043c\u0430\u0441\u0442\u0438\u043b\u043e\u043c \u0430\u0431\u043e \u0441\u0440\u0456\u0431\u043d\u0438\u043c\u0438 \u043f\u043e\u0432&#039;\u044f\u0437\u043a\u0430\u043c\u0438, \u044f\u043a\u0456 \u0437\u0430\u043f\u043e\u0431\u0456\u0433\u0430\u044e\u0442\u044c \u0456\u043d\u0444\u0435\u043a\u0446\u0456\u0457.<\/p><\/li><li><p data-path-to-node=\"10,2,0\"><b data-path-to-node=\"10,2,0\" data-index-in-node=\"0\">\u041b\u0456\u043a\u0443\u0432\u0430\u043d\u043d\u044f \u0431\u043e\u043b\u044e:<\/b> \u041e\u043f\u0456\u043a \u0434\u0443\u0436\u0435 \u0431\u043e\u043b\u044e\u0447\u0438\u0439. \u0420\u0435\u043a\u043e\u043c\u0435\u043d\u0434\u0443\u0454\u0442\u044c\u0441\u044f \u0434\u0430\u0442\u0438 \u0434\u0438\u0442\u0438\u043d\u0456 \u043d\u0438\u0437\u044c\u043a\u0443 \u0434\u043e\u0437\u0443 \u0437\u043d\u0435\u0431\u043e\u043b\u044e\u0432\u0430\u043b\u044c\u043d\u043e\u0433\u043e \u0437\u0430\u0441\u043e\u0431\u0443 (\u043d\u0430\u043f\u0440\u0438\u043a\u043b\u0430\u0434, \u043f\u0430\u0440\u0430\u0446\u0435\u0442\u0430\u043c\u043e\u043b\u0443) \u0437\u0433\u0456\u0434\u043d\u043e \u0437 \u0432\u043a\u0430\u0437\u0456\u0432\u043a\u0430\u043c\u0438 \u043b\u0456\u043a\u0430\u0440\u044f.<\/p><\/li><li><p data-path-to-node=\"10,3,0\"><b data-path-to-node=\"10,3,0\" data-index-in-node=\"0\">\u0412\u0456\u0434\u043d\u043e\u0432\u043b\u0435\u043d\u043d\u044f:<\/b> \u041f\u043e\u0432\u0435\u0440\u0445\u043d\u0435\u0432\u0456 \u0442\u0440\u0430\u0432\u043c\u0438 \u0437\u0430\u0437\u0432\u0438\u0447\u0430\u0439 \u0433\u043e\u044f\u0442\u044c\u0441\u044f \u043f\u0440\u043e\u0442\u044f\u0433\u043e\u043c 2\u20133 \u0442\u0438\u0436\u043d\u0456\u0432. \u042f\u043a\u0449\u043e \u0440\u0430\u043d\u0430 \u043d\u0435 \u0437\u0430\u0433\u043e\u0457\u043b\u0430\u0441\u044f \u043f\u0440\u043e\u0442\u044f\u0433\u043e\u043c \u0446\u044c\u043e\u0433\u043e \u0447\u0430\u0441\u0443, \u0432\u0430\u0440\u0442\u043e \u0437\u043d\u043e\u0432\u0443 \u0437\u0432\u0435\u0440\u043d\u0443\u0442\u0438\u0441\u044f \u0434\u043e \u043b\u0456\u043a\u0430\u0440\u044f.<\/p><\/li><\/ul><hr data-path-to-node=\"11\" \/><p data-path-to-node=\"12\"><b data-path-to-node=\"12\" data-index-in-node=\"0\">\u041f\u0430\u043c&#039;\u044f\u0442\u0430\u0439\u0442\u0435:<\/b> \u042f\u043a\u0449\u043e \u0432\u0438 \u043d\u0435 \u0432\u043f\u0435\u0432\u043d\u0435\u043d\u0456 \u0449\u043e\u0434\u043e \u0441\u0442\u0443\u043f\u0435\u043d\u044f \u0442\u044f\u0436\u043a\u043e\u0441\u0442\u0456 \u043e\u043f\u0456\u043a\u0443, \u0437\u0430\u0432\u0436\u0434\u0438 \u0442\u0435\u043b\u0435\u0444\u043e\u043d\u0443\u0439\u0442\u0435 \u0444\u0430\u0445\u0456\u0432\u0446\u044e (\u043d\u0430\u043f\u0440\u0438\u043a\u043b\u0430\u0434, \u0434\u043e \u0441\u043b\u0443\u0436\u0431\u0438 \u0435\u043a\u0441\u0442\u0440\u0435\u043d\u043e\u0457 \u0434\u043e\u043f\u043e\u043c\u043e\u0433\u0438 116 117) \u0430\u0431\u043e \u0437\u0432\u0435\u0440\u0442\u0430\u0439\u0442\u0435\u0441\u044f \u0437\u0430 \u043c\u0435\u0434\u0438\u0447\u043d\u043e\u044e \u0434\u043e\u043f\u043e\u043c\u043e\u0433\u043e\u044e. \u0423 \u0440\u0430\u0437\u0456 \u0432\u0435\u043b\u0438\u043a\u0438\u0445 \u0442\u0430 \u0441\u0435\u0440\u0439\u043e\u0437\u043d\u0438\u0445 \u0442\u0440\u0430\u0432\u043c \u0442\u0435\u043b\u0435\u0444\u043e\u043d\u0443\u0439\u0442\u0435 \u0437\u0430 \u043d\u043e\u043c\u0435\u0440\u043e\u043c \u0435\u043a\u0441\u0442\u0440\u0435\u043d\u043e\u0457 \u0434\u043e\u043f\u043e\u043c\u043e\u0433\u0438. <b data-path-to-node=\"12\" data-index-in-node=\"181\">112<\/b>.<\/p><p data-path-to-node=\"12\">\u00a0<\/p><p data-path-to-node=\"12\">\u0421\u0442\u0430\u0442\u0442\u044f \u0411\u0456\u0431\u043b\u0456\u043e\u0442\u0435\u043a\u0438 \u0437\u0434\u043e\u0440\u043e\u0432&#039;\u044f<\/p><p data-path-to-node=\"12\"><a href=\"https:\/\/www.terveyskirjasto.fi\/spr00009\" target=\"_blank\" rel=\"noopener\">https:\/\/www.terveyskirjasto.fi\/spr00009<\/a><\/p><p data-path-to-node=\"12\">\u00a0<\/p><p data-path-to-node=\"12\">\u00a0<\/p>\t\t\t\t\t\t\t\t<\/div>\n\t\t\t\t<\/div>\n\t\t\t\t\t<\/div>\n\t\t\t\t<\/div>\n\t\t<div class=\"elementor-element elementor-element-9291034 e-flex e-con-boxed e-con e-parent\" data-id=\"9291034\" data-element_type=\"container\" data-e-type=\"container\">\n\t\t\t\t\t<div class=\"e-con-inner\">\n\t\t\t\t<div class=\"elementor-element elementor-element-c97802a elementor-widget elementor-widget-image\" data-id=\"c97802a\" data-element_type=\"widget\" data-e-type=\"widget\" data-widget_type=\"image.default\">\n\t\t\t\t<div class=\"elementor-widget-container\">\n\t\t\t\t\t\t\t\t\t\t\t\t\t\t\t<img fetchpriority=\"high\" decoding=\"async\" width=\"1024\" height=\"559\" src=\"https:\/\/lastenkirurgia.fi\/wp-content\/uploads\/2026\/04\/palovamma2.webp\" class=\"attachment-large size-large wp-image-1590\" alt=\"\" srcset=\"https:\/\/lastenkirurgia.fi\/wp-content\/uploads\/2026\/04\/palovamma2.webp 1024w, https:\/\/lastenkirurgia.fi\/wp-content\/uploads\/2026\/04\/palovamma2-300x164.webp 300w, https:\/\/lastenkirurgia.fi\/wp-content\/uploads\/2026\/04\/palovamma2-768x419.webp 768w\" sizes=\"(max-width: 1024px) 100vw, 1024px\" \/>\t\t\t\t\t\t\t\t\t\t\t\t\t\t\t<\/div>\n\t\t\t\t<\/div>\n\t\t\t\t\t<\/div>\n\t\t\t\t<\/div>\n\t\t\t\t<\/div>","protected":false},"excerpt":{"rendered":"<p>Lapsen palovammat: Ensiapu ja hoito-ohje Lasten iho on herkk\u00e4, ja palovamman vakavuus riippuu sen syvyydest\u00e4 ja laajuudesta. Nopealla ensiavulla voit rajoittaa vamman etenemist\u00e4. 1. V\u00e4lit\u00f6n ensiapu Sammuta ja poista: Sammuta liekit ja poista kuumuutta varaavat vaatteet (esim. kuuman nesteen kastelemat vaatteet). Viilenn\u00e4: Huuhtele vamma-aluetta noin +20-asteisella (haalealla) juoksevalla vedell\u00e4 10\u201315 minuutin ajan. Huom: \u00c4l\u00e4 k\u00e4yt\u00e4 [&hellip;]<\/p>\n","protected":false},"author":1,"featured_media":0,"parent":0,"menu_order":0,"comment_status":"closed","ping_status":"closed","template":"","meta":{"_angie_page":false,"site-sidebar-layout":"no-sidebar","site-content-layout":"page-builder","ast-site-content-layout":"full-width-container","site-content-style":"default","site-sidebar-style":"default","ast-global-header-display":"","ast-banner-title-visibility":"","ast-main-header-display":"","ast-hfb-above-header-display":"","ast-hfb-below-header-display":"","ast-hfb-mobile-header-display":"","site-post-title":"","ast-breadcrumbs-content":"","ast-featured-img":"disabled","footer-sml-layout":"","ast-disable-related-posts":"","theme-transparent-header-meta":"","adv-header-id-meta":"","stick-header-meta":"","header-above-stick-meta":"","header-main-stick-meta":"","header-below-stick-meta":"","astra-migrate-meta-layouts":"set","ast-page-background-enabled":"default","ast-page-background-meta":{"desktop":{"background-color":"","background-image":"","background-repeat":"repeat","background-position":"center center","background-size":"auto","background-attachment":"scroll","background-type":"","background-media":"","overlay-type":"","overlay-color":"","overlay-opacity":"","overlay-gradient":""},"tablet":{"background-color":"","background-image":"","background-repeat":"repeat","background-position":"center center","background-size":"auto","background-attachment":"scroll","background-type":"","background-media":"","overlay-type":"","overlay-color":"","overlay-opacity":"","overlay-gradient":""},"mobile":{"background-color":"","background-image":"","background-repeat":"repeat","background-position":"center center","background-size":"auto","background-attachment":"scroll","background-type":"","background-media":"","overlay-type":"","overlay-color":"","overlay-opacity":"","overlay-gradient":""}},"ast-content-background-meta":{"desktop":{"background-color":"var(--ast-global-color-5)","background-image":"","background-repeat":"repeat","background-position":"center center","background-size":"auto","background-attachment":"scroll","background-type":"","background-media":"","overlay-type":"","overlay-color":"","overlay-opacity":"","overlay-gradient":""},"tablet":{"background-color":"var(--ast-global-color-5)","background-image":"","background-repeat":"repeat","background-position":"center center","background-size":"auto","background-attachment":"scroll","background-type":"","background-media":"","overlay-type":"","overlay-color":"","overlay-opacity":"","overlay-gradient":""},"mobile":{"background-color":"var(--ast-global-color-5)","background-image":"","background-repeat":"repeat","background-position":"center center","background-size":"auto","background-attachment":"scroll","background-type":"","background-media":"","overlay-type":"","overlay-color":"","overlay-opacity":"","overlay-gradient":""}},"footnotes":""},"class_list":["post-1382","page","type-page","status-publish","hentry"],"_links":{"self":[{"href":"https:\/\/lastenkirurgia.fi\/uk\/wp-json\/wp\/v2\/pages\/1382","targetHints":{"allow":["GET"]}}],"collection":[{"href":"https:\/\/lastenkirurgia.fi\/uk\/wp-json\/wp\/v2\/pages"}],"about":[{"href":"https:\/\/lastenkirurgia.fi\/uk\/wp-json\/wp\/v2\/types\/page"}],"author":[{"embeddable":true,"href":"https:\/\/lastenkirurgia.fi\/uk\/wp-json\/wp\/v2\/users\/1"}],"replies":[{"embeddable":true,"href":"https:\/\/lastenkirurgia.fi\/uk\/wp-json\/wp\/v2\/comments?post=1382"}],"version-history":[{"count":8,"href":"https:\/\/lastenkirurgia.fi\/uk\/wp-json\/wp\/v2\/pages\/1382\/revisions"}],"predecessor-version":[{"id":1594,"href":"https:\/\/lastenkirurgia.fi\/uk\/wp-json\/wp\/v2\/pages\/1382\/revisions\/1594"}],"wp:attachment":[{"href":"https:\/\/lastenkirurgia.fi\/uk\/wp-json\/wp\/v2\/media?parent=1382"}],"curies":[{"name":"wp","href":"https:\/\/api.w.org\/{rel}","templated":true}]}}