{"id":1396,"date":"2026-04-09T13:55:42","date_gmt":"2026-04-09T13:55:42","guid":{"rendered":"https:\/\/darkcyan-pheasant-754087.hostingersite.com\/?page_id=1396"},"modified":"2026-04-12T15:31:35","modified_gmt":"2026-04-12T15:31:35","slug":"lapsen-vesikives","status":"publish","type":"page","link":"https:\/\/lastenkirurgia.fi\/uk\/lapsen-vesikives\/","title":{"rendered":"\u0413\u0456\u0434\u0440\u043e\u0446\u0435\u043b\u0435 \u0443 \u0434\u0438\u0442\u0438\u043d\u0438"},"content":{"rendered":"<div data-elementor-type=\"wp-page\" data-elementor-id=\"1396\" class=\"elementor elementor-1396\" data-elementor-post-type=\"page\">\n\t\t\t\t<div class=\"elementor-element elementor-element-5fea5ce e-flex e-con-boxed e-con e-parent\" data-id=\"5fea5ce\" data-element_type=\"container\" data-e-type=\"container\">\n\t\t\t\t\t<div class=\"e-con-inner\">\n\t\t\t\t<div class=\"elementor-element elementor-element-b1eeae1 elementor-widget elementor-widget-text-editor\" data-id=\"b1eeae1\" data-element_type=\"widget\" data-e-type=\"widget\" data-widget_type=\"text-editor.default\">\n\t\t\t\t<div class=\"elementor-widget-container\">\n\t\t\t\t\t\t\t\t\t<h2 id=\"s2\">\u0413\u0456\u0434\u0440\u043e\u0446\u0435\u043b\u0435<\/h2><p>\u0414\u043e\u0441\u0438\u0442\u044c \u043f\u043e\u0448\u0438\u0440\u0435\u043d\u043e\u044e \u043f\u0440\u043e\u0431\u043b\u0435\u043c\u043e\u044e \u0443 \u043d\u043e\u0432\u043e\u043d\u0430\u0440\u043e\u0434\u0436\u0435\u043d\u0438\u0445 \u0445\u043b\u043e\u043f\u0447\u0438\u043a\u0456\u0432 \u0454 \u0433\u0456\u0434\u0440\u043e\u0446\u0435\u043b\u0435 (\u0437\u0443\u0441\u0442\u0440\u0456\u0447\u0430\u0454\u0442\u044c\u0441\u044f \u043f\u0440\u0438\u0431\u043b\u0438\u0437\u043d\u043e \u0443 7 \u0432\u0456\u0434\u0441\u043e\u0442\u043a\u0456\u0432 \u0445\u043b\u043e\u043f\u0447\u0438\u043a\u0456\u0432). \u0413\u0456\u0434\u0440\u043e\u0446\u0435\u043b\u0435 \u0434\u0456\u0430\u0433\u043d\u043e\u0441\u0442\u0443\u0454\u0442\u044c\u0441\u044f \u044f\u043a \u0431\u0435\u0437\u0431\u043e\u043b\u0456\u0441\u043d\u0435 \u0442\u0430 \u043c\u2019\u044f\u043a\u0435 \u043d\u0430\u0431\u0440\u044f\u043a\u0430\u043d\u043d\u044f \u0432 \u043c\u043e\u0448\u043e\u043d\u0446\u0456. \u0414\u0456\u0430\u0433\u043d\u043e\u0437 \u0437\u0430\u0437\u0432\u0438\u0447\u0430\u0439 \u0441\u0442\u0430\u0432\u0438\u0442\u044c \u043b\u0456\u043a\u0430\u0440 \u0443 \u043f\u043e\u043b\u043e\u0433\u043e\u0432\u043e\u043c\u0443 \u0431\u0443\u0434\u0438\u043d\u043a\u0443. \u0413\u0456\u0434\u0440\u043e\u0446\u0435\u043b\u0435 \u0437\u0430\u0437\u0432\u0438\u0447\u0430\u0439 \u043f\u0440\u043e\u0445\u043e\u0434\u0438\u0442\u044c \u0441\u0430\u043c\u043e\u0441\u0442\u0456\u0439\u043d\u043e \u043f\u0440\u043e\u0442\u044f\u0433\u043e\u043c \u043a\u0456\u043b\u044c\u043a\u043e\u0445 \u0440\u043e\u043a\u0456\u0432. \u0423 \u0424\u0456\u043d\u043b\u044f\u043d\u0434\u0456\u0457 \u0433\u0456\u0434\u0440\u043e\u0446\u0435\u043b\u0435 \u0441\u043f\u043e\u0441\u0442\u0435\u0440\u0456\u0433\u0430\u0454\u0442\u044c\u0441\u044f \u0434\u043e 4-\u0440\u0456\u0447\u043d\u043e\u0433\u043e \u0432\u0456\u043a\u0443. \u042f\u043a\u0449\u043e \u043d\u0430 \u0442\u043e\u0439 \u0447\u0430\u0441 \u0432\u0441\u0435 \u0449\u0435 \u0437\u0430\u043b\u0438\u0448\u0430\u0454\u0442\u044c\u0441\u044f \u0432\u0438\u0434\u0438\u043c\u0438\u0439 \u043d\u0430\u0431\u0440\u044f\u043a \u0443 \u043c\u043e\u0448\u043e\u043d\u0446\u0456, \u0440\u0435\u043a\u043e\u043c\u0435\u043d\u0434\u0443\u0454\u0442\u044c\u0441\u044f \u043d\u0435\u0432\u0435\u043b\u0438\u043a\u0430 \u0434\u0435\u043d\u043d\u0430 \u0445\u0456\u0440\u0443\u0440\u0433\u0456\u044f \u0434\u043b\u044f \u0432\u0438\u043f\u0440\u0430\u0432\u043b\u0435\u043d\u043d\u044f \u0441\u0438\u0442\u0443\u0430\u0446\u0456\u0457.<\/p>\t\t\t\t\t\t\t\t<\/div>\n\t\t\t\t<\/div>\n\t\t\t\t\t<\/div>\n\t\t\t\t<\/div>\n\t\t\t\t<\/div>","protected":false},"excerpt":{"rendered":"<p>Vesikives Melko tavallinen vastasyntyneen pojan vaiva on vesikives (n.7prosentilla pojista). Vesikives todetaan kivuttomana ja pehme\u00e4n\u00e4\u00a0 turvotuksena kivespussissa. Diagnoosin tekee yleens\u00e4 neuvolal\u00e4\u00e4k\u00e4ri Vesikives korjaantuu yleens\u00e4 itsest\u00e4\u00e4n muutamassa vuodessa. Suomessa vesikivest\u00e4 seurataan 4 ik\u00e4vuoteen saakka. Jos tuolloin on viel\u00e4 silminn\u00e4ht\u00e4v\u00e4 turvotus kivespussissa, suositetaan pient\u00e4 p\u00e4iv\u00e4kirurgista toimenpidett\u00e4 tilanteen korjaamiseksi.<\/p>","protected":false},"author":1,"featured_media":0,"parent":0,"menu_order":0,"comment_status":"closed","ping_status":"closed","template":"","meta":{"_angie_page":false,"site-sidebar-layout":"no-sidebar","site-content-layout":"page-builder","ast-site-content-layout":"full-width-container","site-content-style":"default","site-sidebar-style":"default","ast-global-header-display":"","ast-banner-title-visibility":"","ast-main-header-display":"","ast-hfb-above-header-display":"","ast-hfb-below-header-display":"","ast-hfb-mobile-header-display":"","site-post-title":"","ast-breadcrumbs-content":"","ast-featured-img":"disabled","footer-sml-layout":"","ast-disable-related-posts":"","theme-transparent-header-meta":"","adv-header-id-meta":"","stick-header-meta":"","header-above-stick-meta":"","header-main-stick-meta":"","header-below-stick-meta":"","astra-migrate-meta-layouts":"set","ast-page-background-enabled":"default","ast-page-background-meta":{"desktop":{"background-color":"","background-image":"","background-repeat":"repeat","background-position":"center center","background-size":"auto","background-attachment":"scroll","background-type":"","background-media":"","overlay-type":"","overlay-color":"","overlay-opacity":"","overlay-gradient":""},"tablet":{"background-color":"","background-image":"","background-repeat":"repeat","background-position":"center center","background-size":"auto","background-attachment":"scroll","background-type":"","background-media":"","overlay-type":"","overlay-color":"","overlay-opacity":"","overlay-gradient":""},"mobile":{"background-color":"","background-image":"","background-repeat":"repeat","background-position":"center center","background-size":"auto","background-attachment":"scroll","background-type":"","background-media":"","overlay-type":"","overlay-color":"","overlay-opacity":"","overlay-gradient":""}},"ast-content-background-meta":{"desktop":{"background-color":"var(--ast-global-color-5)","background-image":"","background-repeat":"repeat","background-position":"center center","background-size":"auto","background-attachment":"scroll","background-type":"","background-media":"","overlay-type":"","overlay-color":"","overlay-opacity":"","overlay-gradient":""},"tablet":{"background-color":"var(--ast-global-color-5)","background-image":"","background-repeat":"repeat","background-position":"center center","background-size":"auto","background-attachment":"scroll","background-type":"","background-media":"","overlay-type":"","overlay-color":"","overlay-opacity":"","overlay-gradient":""},"mobile":{"background-color":"var(--ast-global-color-5)","background-image":"","background-repeat":"repeat","background-position":"center center","background-size":"auto","background-attachment":"scroll","background-type":"","background-media":"","overlay-type":"","overlay-color":"","overlay-opacity":"","overlay-gradient":""}},"footnotes":""},"class_list":["post-1396","page","type-page","status-publish","hentry"],"_links":{"self":[{"href":"https:\/\/lastenkirurgia.fi\/uk\/wp-json\/wp\/v2\/pages\/1396","targetHints":{"allow":["GET"]}}],"collection":[{"href":"https:\/\/lastenkirurgia.fi\/uk\/wp-json\/wp\/v2\/pages"}],"about":[{"href":"https:\/\/lastenkirurgia.fi\/uk\/wp-json\/wp\/v2\/types\/page"}],"author":[{"embeddable":true,"href":"https:\/\/lastenkirurgia.fi\/uk\/wp-json\/wp\/v2\/users\/1"}],"replies":[{"embeddable":true,"href":"https:\/\/lastenkirurgia.fi\/uk\/wp-json\/wp\/v2\/comments?post=1396"}],"version-history":[{"count":4,"href":"https:\/\/lastenkirurgia.fi\/uk\/wp-json\/wp\/v2\/pages\/1396\/revisions"}],"predecessor-version":[{"id":1643,"href":"https:\/\/lastenkirurgia.fi\/uk\/wp-json\/wp\/v2\/pages\/1396\/revisions\/1643"}],"wp:attachment":[{"href":"https:\/\/lastenkirurgia.fi\/uk\/wp-json\/wp\/v2\/media?parent=1396"}],"curies":[{"name":"wp","href":"https:\/\/api.w.org\/{rel}","templated":true}]}}