{"id":1398,"date":"2026-04-09T13:56:00","date_gmt":"2026-04-09T13:56:00","guid":{"rendered":"https:\/\/darkcyan-pheasant-754087.hostingersite.com\/?page_id=1398"},"modified":"2026-04-16T14:40:16","modified_gmt":"2026-04-16T14:40:16","slug":"lapsen-hemangiooma","status":"publish","type":"page","link":"https:\/\/lastenkirurgia.fi\/uk\/lapsen-hemangiooma\/","title":{"rendered":"\u0414\u0438\u0442\u044f\u0447\u0430 \u0433\u0435\u043c\u0430\u043d\u0433\u0456\u043e\u043c\u0430"},"content":{"rendered":"<div data-elementor-type=\"wp-page\" data-elementor-id=\"1398\" class=\"elementor elementor-1398\" data-elementor-post-type=\"page\">\n\t\t\t\t<div class=\"elementor-element elementor-element-59d99d3 e-flex e-con-boxed e-con e-parent\" data-id=\"59d99d3\" data-element_type=\"container\" data-e-type=\"container\">\n\t\t\t\t\t<div class=\"e-con-inner\">\n\t\t\t\t<div class=\"elementor-element elementor-element-b0ea5c0 elementor-widget elementor-widget-text-editor\" data-id=\"b0ea5c0\" data-element_type=\"widget\" data-e-type=\"widget\" data-widget_type=\"text-editor.default\">\n\t\t\t\t<div class=\"elementor-widget-container\">\n\t\t\t\t\t\t\t\t\t<h2 data-path-to-node=\"2\">\u0414\u0438\u0442\u044f\u0447\u0430 \u0433\u0435\u043c\u0430\u043d\u0433\u0456\u043e\u043c\u0430 (\u043f\u043e\u043b\u0443\u043d\u0438\u0447\u043d\u0430 \u0440\u043e\u0434\u0438\u043c\u043a\u0430) \u2013 \u0440\u0435\u043a\u043e\u043c\u0435\u043d\u0434\u0430\u0446\u0456\u0457 \u0434\u043b\u044f \u0431\u0430\u0442\u044c\u043a\u0456\u0432<\/h2><p data-path-to-node=\"3\">\u0413\u0435\u043c\u0430\u043d\u0433\u0456\u043e\u043c\u0430 \u2014 \u043d\u0430\u0439\u043f\u043e\u0448\u0438\u0440\u0435\u043d\u0456\u0448\u0430 \u0434\u043e\u0431\u0440\u043e\u044f\u043a\u0456\u0441\u043d\u0430 \u0441\u0443\u0434\u0438\u043d\u043d\u0430 \u043f\u0443\u0445\u043b\u0438\u043d\u0430 \u0443 \u043d\u0435\u043c\u043e\u0432\u043b\u044f\u0442. \u0407\u0457 \u0447\u0430\u0441\u0442\u043e \u043d\u0430\u0437\u0438\u0432\u0430\u044e\u0442\u044c \u201d\u043f\u043e\u043b\u0443\u043d\u0438\u0447\u043d\u043e\u044e \u0440\u043e\u0434\u0438\u043c\u043a\u043e\u044e\u201d \u0447\u0435\u0440\u0435\u0437 \u044f\u0441\u043a\u0440\u0430\u0432\u043e-\u0447\u0435\u0440\u0432\u043e\u043d\u0438\u0439 \u043a\u043e\u043b\u0456\u0440. \u0413\u0435\u043c\u0430\u043d\u0433\u0456\u043e\u043c\u0438 \u0437\u0443\u0441\u0442\u0440\u0456\u0447\u0430\u044e\u0442\u044c\u0441\u044f \u043f\u0440\u0438\u0431\u043b\u0438\u0437\u043d\u043e \u0443 5\u201310% \u0434\u0456\u0442\u0435\u0439 \u0437 \u0433\u0435\u043d\u043e\u0442\u0438\u043f\u043e\u043c %.<\/p><h3 data-path-to-node=\"4\">1. \u0421\u0442\u0430\u0434\u0456\u0457 \u0440\u043e\u0437\u0432\u0438\u0442\u043a\u0443 \u0433\u0435\u043c\u0430\u043d\u0433\u0456\u043e\u043c\u0438<\/h3><p data-path-to-node=\"5\">\u0413\u0435\u043c\u0430\u043d\u0433\u0456\u043e\u043c\u0430 \u0445\u0430\u0440\u0430\u043a\u0442\u0435\u0440\u0438\u0437\u0443\u0454\u0442\u044c\u0441\u044f \u0447\u0456\u0442\u043a\u0438\u043c \u0436\u0438\u0442\u0442\u0454\u0432\u0438\u043c \u0446\u0438\u043a\u043b\u043e\u043c:<\/p><ul data-path-to-node=\"6\"><li><p data-path-to-node=\"6,0,0\"><b data-path-to-node=\"6,0,0\" data-index-in-node=\"0\">\u0417\u043e\u0432\u043d\u0456\u0448\u043d\u0456\u0439 \u0432\u0438\u0433\u043b\u044f\u0434:<\/b> \u0417\u0430\u0437\u0432\u0438\u0447\u0430\u0439 \u0446\u0435 \u0437&#039;\u044f\u0432\u043b\u044f\u0454\u0442\u044c\u0441\u044f \u0443 \u0432\u0456\u0446\u0456 \u043a\u0456\u043b\u044c\u043a\u043e\u0445 \u0442\u0438\u0436\u043d\u0456\u0432 (\u0456\u043d\u043e\u0434\u0456 \u0446\u0435 \u0432\u0438\u0434\u043d\u043e \u0432\u0436\u0435 \u043f\u0440\u0438 \u043d\u0430\u0440\u043e\u0434\u0436\u0435\u043d\u043d\u0456).<\/p><\/li><li><p data-path-to-node=\"6,1,0\"><b data-path-to-node=\"6,1,0\" data-index-in-node=\"0\">\u0424\u0430\u0437\u0430 \u0440\u043e\u0441\u0442\u0443 (\u043f\u0440\u043e\u043b\u0456\u0444\u0435\u0440\u0430\u0446\u0456\u0457):<\/b> \u041f\u0440\u043e\u0442\u044f\u0433\u043e\u043c \u043f\u0435\u0440\u0448\u043e\u0433\u043e \u0440\u043e\u043a\u0443 \u0436\u0438\u0442\u0442\u044f \u0433\u0435\u043c\u0430\u043d\u0433\u0456\u043e\u043c\u0430 \u0447\u0430\u0441\u0442\u043e \u0448\u0432\u0438\u0434\u043a\u043e \u0440\u043e\u0441\u0442\u0435.<\/p><\/li><li><p data-path-to-node=\"6,2,0\"><b data-path-to-node=\"6,2,0\" data-index-in-node=\"0\">\u0424\u0430\u0437\u0430 \u0441\u043a\u043e\u0440\u043e\u0447\u0435\u043d\u043d\u044f (\u0456\u043d\u0432\u043e\u043b\u044e\u0446\u0456\u0457):<\/b> \u041f\u0456\u0441\u043b\u044f \u0444\u0430\u0437\u0438 \u0440\u043e\u0441\u0442\u0443 \u0433\u0435\u043c\u0430\u043d\u0433\u0456\u043e\u043c\u0430 \u043f\u043e\u0447\u0438\u043d\u0430\u0454 \u043f\u043e\u0432\u0456\u043b\u044c\u043d\u043e \u0437\u043c\u0435\u043d\u0448\u0443\u0432\u0430\u0442\u0438\u0441\u044f \u0442\u0430 \u0441\u0432\u0456\u0442\u043b\u0456\u0448\u0430\u0442\u0438. \u0426\u044f \u0444\u0430\u0437\u0430 \u043c\u043e\u0436\u0435 \u0442\u0440\u0438\u0432\u0430\u0442\u0438 \u043a\u0456\u043b\u044c\u043a\u0430 \u0440\u043e\u043a\u0456\u0432, \u0456\u043d\u043e\u0434\u0456 \u0434\u043e 12 \u0440\u043e\u043a\u0456\u0432.<\/p><\/li><\/ul><h3 data-path-to-node=\"7\">2. \u041a\u043e\u043b\u0438 \u0433\u0435\u043c\u0430\u043d\u0433\u0456\u043e\u043c\u0430 \u043f\u043e\u0442\u0440\u0435\u0431\u0443\u0454 \u043b\u0456\u043a\u0443\u0432\u0430\u043d\u043d\u044f?<\/h3><p data-path-to-node=\"8\">\u0411\u0456\u043b\u044c\u0448\u0435 90% \u0433\u0435\u043c\u0430\u043d\u0433\u0456\u043e\u043c % \u043d\u0435\u0448\u043a\u0456\u0434\u043b\u0438\u0432\u0456 \u0442\u0430 \u043d\u0435 \u043f\u043e\u0442\u0440\u0435\u0431\u0443\u044e\u0442\u044c \u0436\u043e\u0434\u043d\u043e\u0433\u043e \u043b\u0456\u043a\u0443\u0432\u0430\u043d\u043d\u044f \u2013 \u0432\u043e\u043d\u0438 \u0437\u043d\u0438\u043a\u0430\u044e\u0442\u044c \u0441\u0430\u043c\u0456 \u043f\u043e \u0441\u043e\u0431\u0456 \u0437 \u0447\u0430\u0441\u043e\u043c. \u041e\u0434\u043d\u0430\u043a, \u043e\u0431\u0441\u0442\u0435\u0436\u0435\u043d\u043d\u044f \u0442\u0430 \u043b\u0456\u043a\u0443\u0432\u0430\u043d\u043d\u044f \u043b\u0456\u043a\u0430\u0440\u044f \u043d\u0435\u043e\u0431\u0445\u0456\u0434\u043d\u0456, \u044f\u043a\u0449\u043e \u0433\u0435\u043c\u0430\u043d\u0433\u0456\u043e\u043c\u0430 \u0440\u043e\u0437\u0442\u0430\u0448\u043e\u0432\u0430\u043d\u0430 \u0432 \u0434\u0456\u043b\u044f\u043d\u0446\u0456, \u044f\u043a\u0430 \u043c\u043e\u0436\u0435 \u043f\u0435\u0440\u0435\u0448\u043a\u043e\u0434\u0436\u0430\u0442\u0438 \u043d\u043e\u0440\u043c\u0430\u043b\u044c\u043d\u043e\u043c\u0443 \u0440\u043e\u0437\u0432\u0438\u0442\u043a\u0443 \u0434\u0438\u0442\u0438\u043d\u0438:<\/p><ul data-path-to-node=\"9\"><li><p data-path-to-node=\"9,0,0\"><b data-path-to-node=\"9,0,0\" data-index-in-node=\"0\">\u041e\u0431\u043b\u0430\u0441\u0442\u044c \u043d\u0430\u0432\u043a\u043e\u043b\u043e \u043e\u0447\u0435\u0439:<\/b> \u0413\u0435\u043c\u0430\u043d\u0433\u0456\u043e\u043c\u0430 \u043c\u043e\u0436\u0435 \u0442\u0438\u0441\u043d\u0443\u0442\u0438 \u043d\u0430 \u043e\u043a\u043e \u0430\u0431\u043e \u0437\u0430\u0442\u044c\u043c\u0430\u0440\u044e\u0432\u0430\u0442\u0438 \u0437\u043e\u0440\u043e\u0432\u0443 \u0432\u0456\u0441\u044c, \u0449\u043e \u043f\u043e\u0440\u0443\u0448\u0443\u0454 \u0440\u043e\u0437\u0432\u0438\u0442\u043e\u043a \u0437\u043e\u0440\u0443.<\/p><\/li><li><p data-path-to-node=\"9,1,0\"><b data-path-to-node=\"9,1,0\" data-index-in-node=\"0\">\u0414\u0438\u0445\u0430\u043b\u044c\u043d\u0456 \u0448\u043b\u044f\u0445\u0438:<\/b> \u0413\u0435\u043c\u0430\u043d\u0433\u0456\u043e\u043c\u0438 \u0433\u043e\u0440\u0442\u0430\u043d\u0456 \u0430\u0431\u043e \u201d\u0437\u043e\u043d\u0438 \u0431\u043e\u0440\u043e\u0434\u0438\u201d \u043c\u043e\u0436\u0443\u0442\u044c \u0441\u043f\u0440\u0438\u0447\u0438\u043d\u044f\u0442\u0438 \u0442\u0440\u0443\u0434\u043d\u043e\u0449\u0456 \u0437 \u0434\u0438\u0445\u0430\u043d\u043d\u044f\u043c.<\/p><\/li><li><p data-path-to-node=\"9,2,0\"><b data-path-to-node=\"9,2,0\" data-index-in-node=\"0\">\u041f\u043e\u0440\u0430\u043d\u0435\u043d\u043d\u044f:<\/b> \u042f\u043a\u0449\u043e \u043f\u043e\u0432\u0435\u0440\u0445\u043d\u044f \u0433\u0435\u043c\u0430\u043d\u0433\u0456\u043e\u043c\u0438 \u0442\u0440\u0456\u0441\u043a\u0430\u0454\u0442\u044c\u0441\u044f, \u0432\u043e\u043d\u0430 \u043c\u043e\u0436\u0435 \u0431\u0443\u0442\u0438 \u0431\u043e\u043b\u044e\u0447\u043e\u044e \u0442\u0430 \u0441\u0445\u0438\u043b\u044c\u043d\u043e\u044e \u0434\u043e \u0456\u043d\u0444\u0435\u043a\u0446\u0456\u0457.<\/p><\/li><li><p data-path-to-node=\"9,3,0\"><b data-path-to-node=\"9,3,0\" data-index-in-node=\"0\">\u041e\u0441\u043d\u043e\u0432\u043d\u0438\u0439 \u043a\u043e\u0441\u043c\u0435\u0442\u0438\u0447\u043d\u0438\u0439 \u0434\u0435\u0444\u0435\u043a\u0442:<\/b> \u041e\u0441\u043e\u0431\u043b\u0438\u0432\u043e \u0432\u0435\u043b\u0438\u043a\u0456 \u0437\u043c\u0456\u043d\u0438 \u0432 \u043e\u0431\u043b\u0430\u0441\u0442\u0456 \u043e\u0431\u043b\u0438\u0447\u0447\u044f.<\/p><\/li><\/ul><h3 data-path-to-node=\"10\">3. \u0412\u0430\u0440\u0456\u0430\u043d\u0442\u0438 \u043b\u0456\u043a\u0443\u0432\u0430\u043d\u043d\u044f<\/h3><p data-path-to-node=\"11\">\u042f\u043a\u0449\u043e \u043b\u0456\u043a\u0443\u0432\u0430\u043d\u043d\u044f \u0432\u0432\u0430\u0436\u0430\u0454\u0442\u044c\u0441\u044f \u043d\u0435\u043e\u0431\u0445\u0456\u0434\u043d\u0438\u043c, \u0456\u0441\u043d\u0443\u0454 \u043a\u0456\u043b\u044c\u043a\u0430 \u0432\u0430\u0440\u0456\u0430\u043d\u0442\u0456\u0432:<\/p><ul data-path-to-node=\"12\"><li><p data-path-to-node=\"12,0,0\"><b data-path-to-node=\"12,0,0\" data-index-in-node=\"0\">\u0411\u0435\u0442\u0430-\u0431\u043b\u043e\u043a\u0430\u0442\u043e\u0440 (\u043f\u0440\u043e\u043f\u0440\u0430\u043d\u043e\u043b\u043e\u043b):<\/b> \u041d\u0430\u0440\u0430\u0437\u0456 \u0446\u0435 \u043e\u0441\u043d\u043e\u0432\u043d\u0438\u0439 \u043c\u0435\u0442\u043e\u0434 \u043b\u0456\u043a\u0443\u0432\u0430\u043d\u043d\u044f. \u0426\u0435 \u043f\u0435\u0440\u043e\u0440\u0430\u043b\u044c\u043d\u0438\u0439 \u043f\u0440\u0435\u043f\u0430\u0440\u0430\u0442, \u044f\u043a\u0438\u0439 \u0437\u0443\u043f\u0438\u043d\u044f\u0454 \u0440\u0456\u0441\u0442 \u0456 \u043f\u0440\u0438\u0437\u0432\u043e\u0434\u0438\u0442\u044c \u0434\u043e \u0448\u0432\u0438\u0434\u043a\u043e\u0433\u043e \u0437\u043c\u0435\u043d\u0448\u0435\u043d\u043d\u044f \u0433\u0435\u043c\u0430\u043d\u0433\u0456\u043e\u043c\u0438. \u041b\u0456\u043a\u0443\u0432\u0430\u043d\u043d\u044f \u0447\u0430\u0441\u0442\u043e \u043f\u043e\u0447\u0438\u043d\u0430\u044e\u0442\u044c \u043f\u0456\u0434 \u043d\u0430\u0433\u043b\u044f\u0434\u043e\u043c \u043b\u0456\u043a\u0430\u0440\u044f.<\/p><\/li><li><p data-path-to-node=\"12,1,0\"><b data-path-to-node=\"12,1,0\" data-index-in-node=\"0\">\u041b\u0430\u0437\u0435\u0440\u043d\u0435 \u043b\u0456\u043a\u0443\u0432\u0430\u043d\u043d\u044f:<\/b> \u0412\u0438\u043a\u043e\u0440\u0438\u0441\u0442\u043e\u0432\u0443\u0454\u0442\u044c\u0441\u044f, \u0437\u043e\u043a\u0440\u0435\u043c\u0430, \u043f\u0440\u0438 \u043b\u0456\u043a\u0443\u0432\u0430\u043d\u043d\u0456 \u0432\u0438\u0440\u0430\u0437\u043a\u043e\u0432\u0438\u0445 \u0433\u0435\u043c\u0430\u043d\u0433\u0456\u043e\u043c \u0434\u043b\u044f \u043f\u0440\u0438\u0441\u043a\u043e\u0440\u0435\u043d\u043d\u044f \u0437\u0430\u0433\u043e\u0454\u043d\u043d\u044f \u0430\u0431\u043e \u043e\u0441\u0432\u0456\u0442\u043b\u0435\u043d\u043d\u044f \u0437\u0430\u043b\u0438\u0448\u043a\u043e\u0432\u0438\u0445 \u043a\u0440\u043e\u0432\u043e\u043d\u043e\u0441\u043d\u0438\u0445 \u0441\u0443\u0434\u0438\u043d.<\/p><\/li><li><p data-path-to-node=\"12,2,0\"><b data-path-to-node=\"12,2,0\" data-index-in-node=\"0\">\u0425\u0456\u0440\u0443\u0440\u0433\u0456\u0447\u043d\u0435 \u043b\u0456\u043a\u0443\u0432\u0430\u043d\u043d\u044f:<\/b> \u0417\u0430\u0437\u0432\u0438\u0447\u0430\u0439 \u0446\u0435 \u0440\u043e\u0437\u0433\u043b\u044f\u0434\u0430\u0454\u0442\u044c\u0441\u044f \u043b\u0438\u0448\u0435 \u043f\u0456\u0437\u043d\u0456\u0448\u0435, \u044f\u043a\u0449\u043e \u0433\u0435\u043c\u0430\u043d\u0433\u0456\u043e\u043c\u0430 \u0437\u0430\u0432\u0434\u0430\u0454 \u0437\u043d\u0430\u0447\u043d\u043e\u0457 \u043a\u043e\u0441\u043c\u0435\u0442\u0438\u0447\u043d\u043e\u0457 \u0448\u043a\u043e\u0434\u0438 \u0430\u0431\u043e \u044f\u043a\u0449\u043e \u043c\u0435\u0434\u0438\u043a\u0430\u043c\u0435\u043d\u0442\u043e\u0437\u043d\u0435 \u043b\u0456\u043a\u0443\u0432\u0430\u043d\u043d\u044f \u043d\u0435\u0435\u0444\u0435\u043a\u0442\u0438\u0432\u043d\u0435 \u0434\u043b\u044f \u043f\u0443\u0445\u043b\u0438\u043d\u0438 \u0432 \u043d\u0435\u0431\u0435\u0437\u043f\u0435\u0447\u043d\u043e\u043c\u0443 \u043c\u0456\u0441\u0446\u0456.<\/p><\/li><li><p data-path-to-node=\"12,3,0\"><b data-path-to-node=\"12,3,0\" data-index-in-node=\"0\">\u041a\u043e\u0440\u0442\u0438\u043a\u043e\u0441\u0442\u0435\u0440\u043e\u0457\u0434\u0438:<\/b> \u0423 \u043d\u0430\u0448 \u0447\u0430\u0441 \u0439\u043e\u0433\u043e \u0432\u0438\u043a\u043e\u0440\u0438\u0441\u0442\u043e\u0432\u0443\u044e\u0442\u044c \u0440\u0456\u0434\u043a\u043e, \u0432 \u043e\u0441\u043e\u0431\u043b\u0438\u0432\u0438\u0445 \u0432\u0438\u043f\u0430\u0434\u043a\u0430\u0445.<\/p><\/li><\/ul><h3 data-path-to-node=\"13\">4. \u041c\u043e\u043d\u0456\u0442\u043e\u0440\u0438\u043d\u0433 \u0432\u0434\u043e\u043c\u0430<\/h3><ul data-path-to-node=\"14\"><li><p data-path-to-node=\"14,0,0\"><b data-path-to-node=\"14,0,0\" data-index-in-node=\"0\">\u0424\u043e\u0442\u043e\u0433\u0440\u0430\u0444\u0456\u044f:<\/b> \u041d\u0430\u0439\u043a\u0440\u0430\u0449\u0438\u0439 \u0441\u043f\u043e\u0441\u0456\u0431 \u0441\u0442\u0435\u0436\u0438\u0442\u0438 \u0437\u0430 \u0440\u043e\u0437\u0432\u0438\u0442\u043a\u043e\u043c \u0433\u0435\u043c\u0430\u043d\u0433\u0456\u043e\u043c\u0438 \u2013 \u0446\u0435 \u0440\u0435\u0433\u0443\u043b\u044f\u0440\u043d\u043e \u0444\u043e\u0442\u043e\u0433\u0440\u0430\u0444\u0443\u0432\u0430\u0442\u0438 \u0457\u0457 \u0437 \u043e\u0434\u043d\u0430\u043a\u043e\u0432\u043e\u0457 \u0432\u0456\u0434\u0441\u0442\u0430\u043d\u0456 (\u043d\u0430\u043f\u0440\u0438\u043a\u043b\u0430\u0434, \u0440\u0430\u0437 \u043d\u0430 \u043c\u0456\u0441\u044f\u0446\u044c). \u0426\u0435 \u0434\u043e\u0437\u0432\u043e\u043b\u0438\u0442\u044c \u043b\u0435\u0433\u043a\u043e \u043f\u043e\u043c\u0456\u0442\u0438\u0442\u0438 \u0437\u043c\u0456\u043d\u0438 \u0432 \u0440\u043e\u0437\u043c\u0456\u0440\u0456 \u0442\u0430 \u043a\u043e\u043b\u044c\u043e\u0440\u0456.<\/p><\/li><li><p data-path-to-node=\"14,1,0\"><b data-path-to-node=\"14,1,0\" data-index-in-node=\"0\">\u0417\u0430\u0445\u0438\u0441\u0442:<\/b> \u0423\u043d\u0438\u043a\u0430\u0439\u0442\u0435 \u0442\u0435\u0440\u0442\u044f \u0433\u0435\u043c\u0430\u043d\u0433\u0456\u043e\u043c\u0438. \u042f\u043a\u0449\u043e \u043f\u043e\u0432\u0435\u0440\u0445\u043d\u044f \u043f\u043e\u0448\u043a\u043e\u0434\u0436\u0435\u043d\u0430, \u043e\u0447\u0438\u0441\u0442\u0456\u0442\u044c \u0457\u0457 \u0441\u043f\u0440\u0435\u0454\u043c \u0442\u0430 \u0437\u0430 \u043f\u043e\u0442\u0440\u0435\u0431\u0438 \u0437\u0430\u0445\u0438\u0441\u0442\u0456\u0442\u044c \u043c\u0430\u0437\u0437\u044e \u0430\u0431\u043e \u043f\u043e\u0432\u2019\u044f\u0437\u043a\u043e\u044e \u0434\u043b\u044f \u0440\u0430\u043d, \u044f\u043a \u0446\u0435 \u043f\u0440\u0438\u0437\u043d\u0430\u0447\u0438\u0432 \u043b\u0456\u043a\u0430\u0440.<\/p><\/li><\/ul><h3 data-path-to-node=\"15\">\u041a\u043e\u043b\u0438 \u0441\u043b\u0456\u0434 \u0437\u0432\u0435\u0440\u043d\u0443\u0442\u0438\u0441\u044f \u0434\u043e \u043b\u0456\u043a\u0430\u0440\u044f?<\/h3><p data-path-to-node=\"16\">\u0417\u0432\u0435\u0440\u043d\u0456\u0442\u044c\u0441\u044f \u0434\u043e \u043b\u0456\u043a\u0430\u0440\u044f, \u044f\u043a\u0449\u043e:<\/p><ol start=\"1\" data-path-to-node=\"17\"><li><p data-path-to-node=\"17,0,0\">\u0413\u0435\u043c\u0430\u043d\u0433\u0456\u043e\u043c\u0430 \u0440\u043e\u0441\u0442\u0435 \u0434\u0443\u0436\u0435 \u0448\u0432\u0438\u0434\u043a\u043e.<\/p><\/li><li><p data-path-to-node=\"17,1,0\">\u0412\u0456\u043d \u0440\u043e\u0437\u0442\u0430\u0448\u043e\u0432\u0430\u043d\u0438\u0439 \u043f\u043e\u0431\u043b\u0438\u0437\u0443 \u043e\u043a\u0430, \u043d\u043e\u0441\u0430, \u0440\u043e\u0442\u0430 \u0430\u0431\u043e \u0441\u0442\u0430\u0442\u0435\u0432\u0438\u0445 \u043e\u0440\u0433\u0430\u043d\u0456\u0432.<\/p><\/li><li><p data-path-to-node=\"17,2,0\">\u041f\u043e\u0432\u0435\u0440\u0445\u043d\u044f \u0433\u0435\u043c\u0430\u043d\u0433\u0456\u043e\u043c\u0438 \u0432\u0438\u0440\u0430\u0437\u043a\u043e\u0432\u0443\u0454\u0442\u044c\u0441\u044f \u0430\u0431\u043e \u043f\u043e\u0447\u0438\u043d\u0430\u0454 \u043a\u0440\u043e\u0432\u043e\u0442\u043e\u0447\u0438\u0442\u0438.<\/p><\/li><li><p data-path-to-node=\"17,3,0\">\u0423 \u0434\u0438\u0442\u0438\u043d\u0438 \u0432\u0438\u044f\u0432\u043b\u0435\u043d\u043e \u043c\u043d\u043e\u0436\u0438\u043d\u043d\u0456 (\u043f&#039;\u044f\u0442\u044c \u0430\u0431\u043e \u0431\u0456\u043b\u044c\u0448\u0435) \u0433\u0435\u043c\u0430\u043d\u0433\u0456\u043e\u043c\u0438 \u0432 \u0440\u0456\u0437\u043d\u0438\u0445 \u0447\u0430\u0441\u0442\u0438\u043d\u0430\u0445 \u0442\u0456\u043b\u0430 (\u0432 \u0446\u044c\u043e\u043c\u0443 \u0432\u0438\u043f\u0430\u0434\u043a\u0443 \u0434\u043e\u0441\u043b\u0456\u0434\u0436\u0443\u044e\u0442\u044c\u0441\u044f \u0432\u043d\u0443\u0442\u0440\u0456\u0448\u043d\u0456 \u043e\u0440\u0433\u0430\u043d\u0438, \u0442\u0430\u043a\u0456 \u044f\u043a \u043f\u0435\u0447\u0456\u043d\u043a\u0430).<\/p><\/li><\/ol><p>\u0421\u0442\u0430\u0442\u0442\u044f \u043f\u0440\u043e \u0434\u0443\u043e\u0434\u0435\u0446\u0438\u043c<\/p><p><a href=\"https:\/\/www.duodecimlehti.fi\/duo10471\" target=\"_blank\" rel=\"noopener\">https:\/\/www.duodecimlehti.fi\/duo10471<\/a><\/p>\t\t\t\t\t\t\t\t<\/div>\n\t\t\t\t<\/div>\n\t\t\t\t<div class=\"elementor-element elementor-element-3710e85 elementor-widget elementor-widget-image\" data-id=\"3710e85\" data-element_type=\"widget\" data-e-type=\"widget\" data-widget_type=\"image.default\">\n\t\t\t\t<div class=\"elementor-widget-container\">\n\t\t\t\t\t\t\t\t\t\t\t\t\t\t\t<img fetchpriority=\"high\" decoding=\"async\" width=\"1024\" height=\"640\" src=\"https:\/\/lastenkirurgia.fi\/wp-content\/uploads\/2026\/04\/hemangiomachild-1024x640.webp\" class=\"attachment-large size-large wp-image-1714\" alt=\"\" srcset=\"https:\/\/lastenkirurgia.fi\/wp-content\/uploads\/2026\/04\/hemangiomachild-1024x640.webp 1024w, https:\/\/lastenkirurgia.fi\/wp-content\/uploads\/2026\/04\/hemangiomachild-300x188.webp 300w, https:\/\/lastenkirurgia.fi\/wp-content\/uploads\/2026\/04\/hemangiomachild-768x480.webp 768w, https:\/\/lastenkirurgia.fi\/wp-content\/uploads\/2026\/04\/hemangiomachild-18x12.webp 18w, https:\/\/lastenkirurgia.fi\/wp-content\/uploads\/2026\/04\/hemangiomachild.webp 1152w\" sizes=\"(max-width: 1024px) 100vw, 1024px\" \/>\t\t\t\t\t\t\t\t\t\t\t\t\t\t\t<\/div>\n\t\t\t\t<\/div>\n\t\t\t\t\t<\/div>\n\t\t\t\t<\/div>\n\t\t\t\t<\/div>","protected":false},"excerpt":{"rendered":"<p>Lapsen hemangiooma (mansikkaluomi) \u2013 Ohje vanhemmille Hemangiooma on imev\u00e4isi\u00e4n yleisin hyv\u00e4nlaatuinen verisuonikasvain. Se tunnetaan usein nimell\u00e4 \u201dmansikkaluomi\u201d sen kirkkaanpunaisen v\u00e4rin vuoksi. Hemangioomia esiintyy noin 5\u201310 %:lla lapsista. 1. Hemangiooman kehitysvaiheet Hemangioomalle on tyypillist\u00e4 selke\u00e4 elinkaari: Ilmaantuminen: Se ilmestyy yleens\u00e4 muutaman viikon i\u00e4ss\u00e4 (joskus se on n\u00e4kyviss\u00e4 jo syntyess\u00e4). Kasvuvaihe (proliferaatio): Ensimm\u00e4isen elinvuoden aikana hemangiooma kasvaa [&hellip;]<\/p>\n","protected":false},"author":1,"featured_media":0,"parent":0,"menu_order":0,"comment_status":"closed","ping_status":"closed","template":"","meta":{"_angie_page":false,"site-sidebar-layout":"no-sidebar","site-content-layout":"page-builder","ast-site-content-layout":"full-width-container","site-content-style":"default","site-sidebar-style":"default","ast-global-header-display":"","ast-banner-title-visibility":"","ast-main-header-display":"","ast-hfb-above-header-display":"","ast-hfb-below-header-display":"","ast-hfb-mobile-header-display":"","site-post-title":"","ast-breadcrumbs-content":"","ast-featured-img":"disabled","footer-sml-layout":"","ast-disable-related-posts":"","theme-transparent-header-meta":"","adv-header-id-meta":"","stick-header-meta":"","header-above-stick-meta":"","header-main-stick-meta":"","header-below-stick-meta":"","astra-migrate-meta-layouts":"set","ast-page-background-enabled":"default","ast-page-background-meta":{"desktop":{"background-color":"","background-image":"","background-repeat":"repeat","background-position":"center center","background-size":"auto","background-attachment":"scroll","background-type":"","background-media":"","overlay-type":"","overlay-color":"","overlay-opacity":"","overlay-gradient":""},"tablet":{"background-color":"","background-image":"","background-repeat":"repeat","background-position":"center center","background-size":"auto","background-attachment":"scroll","background-type":"","background-media":"","overlay-type":"","overlay-color":"","overlay-opacity":"","overlay-gradient":""},"mobile":{"background-color":"","background-image":"","background-repeat":"repeat","background-position":"center center","background-size":"auto","background-attachment":"scroll","background-type":"","background-media":"","overlay-type":"","overlay-color":"","overlay-opacity":"","overlay-gradient":""}},"ast-content-background-meta":{"desktop":{"background-color":"var(--ast-global-color-5)","background-image":"","background-repeat":"repeat","background-position":"center center","background-size":"auto","background-attachment":"scroll","background-type":"","background-media":"","overlay-type":"","overlay-color":"","overlay-opacity":"","overlay-gradient":""},"tablet":{"background-color":"var(--ast-global-color-5)","background-image":"","background-repeat":"repeat","background-position":"center center","background-size":"auto","background-attachment":"scroll","background-type":"","background-media":"","overlay-type":"","overlay-color":"","overlay-opacity":"","overlay-gradient":""},"mobile":{"background-color":"var(--ast-global-color-5)","background-image":"","background-repeat":"repeat","background-position":"center center","background-size":"auto","background-attachment":"scroll","background-type":"","background-media":"","overlay-type":"","overlay-color":"","overlay-opacity":"","overlay-gradient":""}},"footnotes":""},"class_list":["post-1398","page","type-page","status-publish","hentry"],"_links":{"self":[{"href":"https:\/\/lastenkirurgia.fi\/uk\/wp-json\/wp\/v2\/pages\/1398","targetHints":{"allow":["GET"]}}],"collection":[{"href":"https:\/\/lastenkirurgia.fi\/uk\/wp-json\/wp\/v2\/pages"}],"about":[{"href":"https:\/\/lastenkirurgia.fi\/uk\/wp-json\/wp\/v2\/types\/page"}],"author":[{"embeddable":true,"href":"https:\/\/lastenkirurgia.fi\/uk\/wp-json\/wp\/v2\/users\/1"}],"replies":[{"embeddable":true,"href":"https:\/\/lastenkirurgia.fi\/uk\/wp-json\/wp\/v2\/comments?post=1398"}],"version-history":[{"count":7,"href":"https:\/\/lastenkirurgia.fi\/uk\/wp-json\/wp\/v2\/pages\/1398\/revisions"}],"predecessor-version":[{"id":1717,"href":"https:\/\/lastenkirurgia.fi\/uk\/wp-json\/wp\/v2\/pages\/1398\/revisions\/1717"}],"wp:attachment":[{"href":"https:\/\/lastenkirurgia.fi\/uk\/wp-json\/wp\/v2\/media?parent=1398"}],"curies":[{"name":"wp","href":"https:\/\/api.w.org\/{rel}","templated":true}]}}