{"id":1400,"date":"2026-04-09T13:56:22","date_gmt":"2026-04-09T13:56:22","guid":{"rendered":"https:\/\/darkcyan-pheasant-754087.hostingersite.com\/?page_id=1400"},"modified":"2026-04-12T15:24:20","modified_gmt":"2026-04-12T15:24:20","slug":"lapsen-skolioosi","status":"publish","type":"page","link":"https:\/\/lastenkirurgia.fi\/uk\/lapsen-skolioosi\/","title":{"rendered":"\u0414\u0438\u0442\u044f\u0447\u0438\u0439 \u0441\u043a\u043e\u043b\u0456\u043e\u0437"},"content":{"rendered":"<div data-elementor-type=\"wp-page\" data-elementor-id=\"1400\" class=\"elementor elementor-1400\" data-elementor-post-type=\"page\">\n\t\t\t\t<div class=\"elementor-element elementor-element-967fa70 e-flex e-con-boxed e-con e-parent\" data-id=\"967fa70\" data-element_type=\"container\" data-e-type=\"container\">\n\t\t\t\t\t<div class=\"e-con-inner\">\n\t\t\t\t<div class=\"elementor-element elementor-element-7b94265 elementor-widget elementor-widget-text-editor\" data-id=\"7b94265\" data-element_type=\"widget\" data-e-type=\"widget\" data-widget_type=\"text-editor.default\">\n\t\t\t\t<div class=\"elementor-widget-container\">\n\t\t\t\t\t\t\t\t\t<h2 data-path-to-node=\"2\">\u0421\u043a\u043e\u043b\u0456\u043e\u0437 \u0443 \u0434\u0456\u0442\u0435\u0439\/\u043f\u0456\u0434\u043b\u0456\u0442\u043a\u0456\u0432 \u2013 \u0440\u0435\u043a\u043e\u043c\u0435\u043d\u0434\u0430\u0446\u0456\u0457 \u0434\u043b\u044f \u0431\u0430\u0442\u044c\u043a\u0456\u0432<\/h2><p data-path-to-node=\"3\">\u0421\u043a\u043e\u043b\u0456\u043e\u0437 \u2013 \u0446\u0435 \u0431\u0456\u0447\u043d\u0435 \u0432\u0438\u043a\u0440\u0438\u0432\u043b\u0435\u043d\u043d\u044f \u0445\u0440\u0435\u0431\u0442\u0430. \u041f\u0456\u0434\u043b\u0456\u0442\u043a\u043e\u0432\u0438\u0439 \u0456\u0434\u0456\u043e\u043f\u0430\u0442\u0438\u0447\u043d\u0438\u0439 \u0441\u043a\u043e\u043b\u0456\u043e\u0437 \u0454 \u043d\u0430\u0439\u043f\u043e\u0448\u0438\u0440\u0435\u043d\u0456\u0448\u0438\u043c \u0437\u0430\u0445\u0432\u043e\u0440\u044e\u0432\u0430\u043d\u043d\u044f\u043c \u0445\u0440\u0435\u0431\u0442\u0430 \u0443 \u0434\u0456\u0442\u0435\u0439 \u0456 \u0437\u0430\u0437\u0432\u0438\u0447\u0430\u0439 \u0434\u0456\u0430\u0433\u043d\u043e\u0441\u0442\u0443\u0454\u0442\u044c\u0441\u044f \u0443 \u0432\u0456\u0446\u0456 \u0432\u0456\u0434 10 \u0434\u043e 18 \u0440\u043e\u043a\u0456\u0432. \u201d\u0406\u0434\u0456\u043e\u043f\u0430\u0442\u0438\u0447\u043d\u0438\u0439\u201d \u043e\u0437\u043d\u0430\u0447\u0430\u0454, \u0449\u043e \u0442\u043e\u0447\u043d\u0430 \u043f\u0440\u0438\u0447\u0438\u043d\u0430 \u0441\u0442\u0430\u043d\u0443 \u043d\u0435\u0432\u0456\u0434\u043e\u043c\u0430, \u0430\u043b\u0435 \u0433\u0435\u043d\u0435\u0442\u0438\u0447\u043d\u0456 \u0444\u0430\u043a\u0442\u043e\u0440\u0438 \u0442\u0430 \u0440\u0456\u0441\u0442 \u0432\u0456\u0434\u0456\u0433\u0440\u0430\u044e\u0442\u044c \u043f\u0435\u0432\u043d\u0443 \u0440\u043e\u043b\u044c.<\/p><h3 data-path-to-node=\"4\">1. \u042f\u043a \u0434\u0456\u0430\u0433\u043d\u043e\u0441\u0442\u0443\u0454\u0442\u044c\u0441\u044f \u0441\u043a\u043e\u043b\u0456\u043e\u0437?<\/h3><p data-path-to-node=\"5\">\u0411\u0456\u043b\u044c\u0448\u0456\u0441\u0442\u044c \u0432\u0438\u043f\u0430\u0434\u043a\u0456\u0432 \u0432\u0438\u044f\u0432\u043b\u044f\u044e\u0442\u044c \u043f\u0456\u0434 \u0447\u0430\u0441 \u0448\u043a\u0456\u043b\u044c\u043d\u0438\u0445 \u043c\u0435\u0434\u0438\u0447\u043d\u0438\u0445 \u043e\u0433\u043b\u044f\u0434\u0456\u0432. \u041d\u0430 \u0440\u0430\u043d\u043d\u0456\u0445 \u0441\u0442\u0430\u0434\u0456\u044f\u0445 \u0441\u043a\u043e\u043b\u0456\u043e\u0437 \u0447\u0430\u0441\u0442\u043e \u043f\u0440\u043e\u0442\u0456\u043a\u0430\u0454 \u0430\u0431\u0441\u043e\u043b\u044e\u0442\u043d\u043e \u0431\u0435\u0437\u0431\u043e\u043b\u0456\u0441\u043d\u043e \u0442\u0430 \u0431\u0435\u0437\u0441\u0438\u043c\u043f\u0442\u043e\u043c\u043d\u043e, \u0442\u043e\u043c\u0443 \u0432\u0430\u0436\u043b\u0438\u0432\u0456 \u0440\u0435\u0433\u0443\u043b\u044f\u0440\u043d\u0456 \u043e\u0431\u0441\u0442\u0435\u0436\u0435\u043d\u043d\u044f.<\/p><ul data-path-to-node=\"6\"><li><p data-path-to-node=\"6,0,0\"><b data-path-to-node=\"6,0,0\" data-index-in-node=\"0\">\u0422\u0435\u0441\u0442 \u043d\u0430 \u043d\u0430\u0445\u0438\u043b \u0432\u043f\u0435\u0440\u0435\u0434:<\/b> \u0414\u0438\u0442\u0438\u043d\u0430 \u043d\u0430\u0445\u0438\u043b\u044f\u0454\u0442\u044c\u0441\u044f \u0432\u043f\u0435\u0440\u0435\u0434 \u0437 \u043f\u0440\u044f\u043c\u0438\u043c\u0438 \u043d\u043e\u0433\u0430\u043c\u0438. \u041b\u0456\u043a\u0430\u0440 \u0432\u0438\u043c\u0456\u0440\u044e\u0454 \u043c\u043e\u0436\u043b\u0438\u0432\u0443 \u0430\u0441\u0438\u043c\u0435\u0442\u0440\u0456\u044e \u0441\u043f\u0438\u043d\u0438 (\u0431\u0456\u0447\u043d\u0438\u0439 \u0433\u043e\u0440\u0431) \u0437\u0430 \u0434\u043e\u043f\u043e\u043c\u043e\u0433\u043e\u044e \u0441\u043a\u043e\u043b\u0456\u043e\u043c\u0435\u0442\u0440\u0430.<\/p><\/li><li><p data-path-to-node=\"6,1,0\"><b data-path-to-node=\"6,1,0\" data-index-in-node=\"0\">\u0420\u0435\u043d\u0442\u0433\u0435\u043d:<\/b> \u042f\u043a\u0449\u043e \u0440\u0435\u0437\u0443\u043b\u044c\u0442\u0430\u0442 \u0441\u043a\u0440\u0438\u043d\u0456\u043d\u0433\u0443 \u043f\u0435\u0440\u0435\u0432\u0438\u0449\u0443\u0454 \u043f\u043e\u0440\u043e\u0433\u043e\u0432\u0456 \u0437\u043d\u0430\u0447\u0435\u043d\u043d\u044f, \u0434\u0438\u0442\u0438\u043d\u0443 \u043d\u0430\u043f\u0440\u0430\u0432\u043b\u044f\u044e\u0442\u044c \u0434\u043e \u043b\u0456\u043a\u0430\u0440\u044f \u0442\u0430 \u0440\u043e\u0431\u043b\u044f\u0442\u044c \u0440\u0435\u043d\u0442\u0433\u0435\u043d\u0456\u0432\u0441\u044c\u043a\u0438\u0439 \u0437\u043d\u0456\u043c\u043e\u043a \u0441\u043f\u0438\u043d\u0438 \u0432 \u043f\u043e\u043b\u043e\u0436\u0435\u043d\u043d\u0456 \u0441\u0442\u043e\u044f\u0447\u0438. \u0414\u0456\u0430\u0433\u043d\u043e\u0437 \u0441\u043a\u043e\u043b\u0456\u043e\u0437\u0443 \u0441\u0442\u0430\u0432\u0438\u0442\u044c\u0441\u044f, \u044f\u043a\u0449\u043e \u0432\u0438\u043a\u0440\u0438\u0432\u043b\u0435\u043d\u043d\u044f \u0441\u043f\u0438\u043d\u0438 (\u0442\u0430\u043a \u0437\u0432\u0430\u043d\u0438\u0439 \u043a\u0443\u0442 \u041a\u043e\u0431\u0431\u0430) \u0441\u0442\u0430\u043d\u043e\u0432\u0438\u0442\u044c \u0431\u0456\u043b\u044c\u0448\u0435 10 \u0433\u0440\u0430\u0434\u0443\u0441\u0456\u0432.<\/p><\/li><\/ul><h3 data-path-to-node=\"7\">2. \u0426\u0456\u043b\u0456 \u043c\u043e\u043d\u0456\u0442\u043e\u0440\u0438\u043d\u0433\u0443 \u0442\u0430 \u043b\u0456\u043a\u0443\u0432\u0430\u043d\u043d\u044f<\/h3><p data-path-to-node=\"8\">\u041c\u0435\u0442\u0430 \u043b\u0456\u043a\u0443\u0432\u0430\u043d\u043d\u044f \u2014 \u0437\u0430\u043f\u043e\u0431\u0456\u0433\u0442\u0438 \u043f\u043e\u0433\u0456\u0440\u0448\u0435\u043d\u043d\u044e \u0432\u0438\u043a\u0440\u0438\u0432\u043b\u0435\u043d\u043d\u044f \u0445\u0440\u0435\u0431\u0442\u0430 \u043f\u0456\u0434 \u0447\u0430\u0441 \u0440\u043e\u0441\u0442\u0443. \u042f\u043a\u0449\u043e \u0441\u043a\u043e\u043b\u0456\u043e\u0437 \u0437\u0430\u043b\u0438\u0448\u0430\u0454\u0442\u044c\u0441\u044f \u043d\u0438\u0436\u0447\u0435 30 \u0433\u0440\u0430\u0434\u0443\u0441\u0456\u0432 \u043d\u0430\u043f\u0440\u0438\u043a\u0456\u043d\u0446\u0456 \u0440\u043e\u0441\u0442\u0443, \u0440\u0438\u0437\u0438\u043a \u0434\u043b\u044f \u0437\u0434\u043e\u0440\u043e\u0432&#039;\u044f \u0441\u043f\u0438\u043d\u0438 \u0432 \u043f\u043e\u0434\u0430\u043b\u044c\u0448\u043e\u043c\u0443 \u0442\u0430\u043a\u0438\u0439 \u0441\u0430\u043c\u0438\u0439, \u044f\u043a \u0456 \u0432 \u0437\u0430\u0433\u0430\u043b\u044c\u043d\u0456\u0439 \u043f\u043e\u043f\u0443\u043b\u044f\u0446\u0456\u0457.<\/p><ul data-path-to-node=\"9\"><li><p data-path-to-node=\"9,0,0\"><b data-path-to-node=\"9,0,0\" data-index-in-node=\"0\">\u041b\u0435\u0433\u043a\u0438\u0439 \u0441\u043a\u043e\u043b\u0456\u043e\u0437 (10\u201325 \u0433\u0440\u0430\u0434\u0443\u0441\u0456\u0432):<\/b> \u0420\u0435\u0433\u0443\u043b\u044f\u0440\u043d\u0435 \u0441\u043f\u043e\u0441\u0442\u0435\u0440\u0435\u0436\u0435\u043d\u043d\u044f (\u0437\u0430\u0437\u0432\u0438\u0447\u0430\u0439 \u043a\u043e\u0436\u043d\u0456 6\u20139 \u043c\u0456\u0441\u044f\u0446\u0456\u0432) \u0437 \u0440\u0435\u043d\u0442\u0433\u0435\u043d\u0456\u0432\u0441\u044c\u043a\u0438\u043c\u0438 \u0437\u043d\u0456\u043c\u043a\u0430\u043c\u0438 \u0442\u0430 \u043a\u043b\u0456\u043d\u0456\u0447\u043d\u0438\u043c\u0438 \u043e\u0431\u0441\u0442\u0435\u0436\u0435\u043d\u043d\u044f\u043c\u0438. \u0411\u0456\u043b\u044c\u0448\u0456\u0441\u0442\u044c \u043d\u0435 \u043f\u043e\u0442\u0440\u0435\u0431\u0443\u0454 \u043f\u043e\u0434\u0430\u043b\u044c\u0448\u043e\u0433\u043e \u043b\u0456\u043a\u0443\u0432\u0430\u043d\u043d\u044f.<\/p><\/li><\/ul><h3 data-path-to-node=\"10\">3. \u041b\u0456\u043a\u0443\u0432\u0430\u043d\u043d\u044f \u043a\u043e\u0440\u0441\u0435\u0442\u043e\u043c<\/h3><p data-path-to-node=\"11\">\u041b\u0456\u043a\u0443\u0432\u0430\u043d\u043d\u044f \u043a\u043e\u0440\u0441\u0435\u0442\u043e\u043c \u0440\u043e\u0437\u0433\u043b\u044f\u0434\u0430\u0454\u0442\u044c\u0441\u044f, \u043a\u043e\u043b\u0438 \u0443 \u0434\u0438\u0442\u0438\u043d\u0438 \u0449\u0435 \u0437\u0430\u043b\u0438\u0448\u0438\u0432\u0441\u044f \u043f\u0435\u0432\u043d\u0438\u0439 \u0440\u0456\u0441\u0442, \u0430 \u0441\u043a\u043e\u043b\u0456\u043e\u0437 \u0441\u0442\u0430\u043d\u043e\u0432\u0438\u0442\u044c 25\u201340 \u0433\u0440\u0430\u0434\u0443\u0441\u0456\u0432. \u041c\u0435\u0442\u0430 \u043a\u043e\u0440\u0441\u0435\u0442\u0430 \u2014 \u043f\u0456\u0434\u0442\u0440\u0438\u043c\u0443\u0432\u0430\u0442\u0438 \u0441\u043f\u0438\u043d\u0443 \u0442\u0430 \u0437\u0430\u043f\u043e\u0431\u0456\u0433\u0430\u0442\u0438 \u043f\u0440\u043e\u0433\u0440\u0435\u0441\u0443\u0432\u0430\u043d\u043d\u044e \u0432\u0438\u043a\u0440\u0438\u0432\u043b\u0435\u043d\u043d\u044f \u0434\u043e \u0445\u0456\u0440\u0443\u0440\u0433\u0456\u0447\u043d\u043e\u0457 \u043c\u0435\u0436\u0456.<\/p><ul data-path-to-node=\"12\"><li><p data-path-to-node=\"12,0,0\"><b data-path-to-node=\"12,0,0\" data-index-in-node=\"0\">\u0411\u043e\u0441\u0442\u043e\u043d\u0441\u044c\u043a\u0438\u0439 \u043a\u043e\u0440\u0441\u0435\u0442:<\/b> \u0412\u0438\u043a\u043e\u0440\u0438\u0441\u0442\u043e\u0432\u0443\u0454\u0442\u044c\u0441\u044f \u044f\u043a\u043e\u043c\u043e\u0433\u0430 \u0431\u0456\u043b\u044c\u0448\u0435 (\u0446\u0456\u043b\u044c 23 \u0433\u043e\u0434\u0438\u043d\u0438 \u043d\u0430 \u0434\u0435\u043d\u044c).<\/p><\/li><li><p data-path-to-node=\"12,1,0\"><b data-path-to-node=\"12,1,0\" data-index-in-node=\"0\">\u041d\u0456\u0447\u043d\u0438\u0439 \u043a\u043e\u0440\u0441\u0435\u0442 \u00ab\u041f\u0440\u043e\u0432\u0456\u0434\u0435\u043d\u0441\u00bb:<\/b> \u0412\u0438\u043a\u043e\u0440\u0438\u0441\u0442\u043e\u0432\u0443\u0432\u0430\u0432\u0441\u044f \u043b\u0438\u0448\u0435 \u0432\u043d\u043e\u0447\u0456.<\/p><\/li><li><p data-path-to-node=\"12,2,0\"><b data-path-to-node=\"12,2,0\" data-index-in-node=\"0\">\u041a\u043b\u044e\u0447 \u0434\u043e \u0443\u0441\u043f\u0456\u0445\u0443:<\/b> \u0415\u0444\u0435\u043a\u0442\u0438\u0432\u043d\u0456\u0441\u0442\u044c \u043a\u043e\u0440\u0441\u0435\u0442\u043d\u043e\u0457 \u0442\u0435\u0440\u0430\u043f\u0456\u0457 \u0437\u0430\u043b\u0435\u0436\u0438\u0442\u044c \u0432\u0456\u0434 \u0442\u043e\u0433\u043e, \u043d\u0430\u0441\u043a\u0456\u043b\u044c\u043a\u0438 \u0440\u0435\u0433\u0443\u043b\u044f\u0440\u043d\u043e \u0434\u0438\u0442\u0438\u043d\u0430 \u043d\u043e\u0441\u0438\u0442\u044c \u043a\u043e\u0440\u0441\u0435\u0442.<\/p><\/li><\/ul><h3 data-path-to-node=\"13\">4. \u0425\u0456\u0440\u0443\u0440\u0433\u0456\u0447\u043d\u0435 \u043b\u0456\u043a\u0443\u0432\u0430\u043d\u043d\u044f<\/h3><p data-path-to-node=\"14\">\u0425\u0456\u0440\u0443\u0440\u0433\u0456\u0447\u043d\u0435 \u0432\u0442\u0440\u0443\u0447\u0430\u043d\u043d\u044f \u0437\u0430\u0437\u0432\u0438\u0447\u0430\u0439 \u0440\u0435\u043a\u043e\u043c\u0435\u043d\u0434\u0443\u0454\u0442\u044c\u0441\u044f, \u043a\u043e\u043b\u0438 \u0441\u043a\u043e\u043b\u0456\u043e\u0437 \u043f\u0435\u0440\u0435\u0432\u0438\u0449\u0443\u0454 45 \u0433\u0440\u0430\u0434\u0443\u0441\u0456\u0432. \u041f\u0440\u0438\u0447\u0438\u043d\u0430 \u043f\u043e\u043b\u044f\u0433\u0430\u0454 \u0432 \u0442\u043e\u043c\u0443, \u0449\u043e \u0432\u0438\u043a\u0440\u0438\u0432\u043b\u0435\u043d\u043d\u044f \u043f\u043e\u043d\u0430\u0434 40\u201345 \u0433\u0440\u0430\u0434\u0443\u0441\u0456\u0432 \u0447\u0430\u0441\u0442\u043e \u043f\u0440\u043e\u0434\u043e\u0432\u0436\u0443\u044e\u0442\u044c \u043f\u043e\u0432\u0456\u043b\u044c\u043d\u043e \u043f\u0440\u043e\u0433\u0440\u0435\u0441\u0443\u0432\u0430\u0442\u0438 \u043d\u0430\u0432\u0456\u0442\u044c \u043f\u0456\u0441\u043b\u044f \u0437\u0443\u043f\u0438\u043d\u043a\u0438 \u0440\u043e\u0441\u0442\u0443.<\/p><ul data-path-to-node=\"15\"><li><p data-path-to-node=\"15,0,0\"><b data-path-to-node=\"15,0,0\" data-index-in-node=\"0\">\u0425\u0456\u0440\u0443\u0440\u0433\u0456\u044f \u043e\u0441\u0438\u0444\u0456\u043a\u0430\u0446\u0456\u0457:<\/b> \u0425\u0440\u0435\u0431\u0435\u0442 \u0432\u0438\u043f\u0440\u044f\u043c\u043b\u044f\u0454\u0442\u044c\u0441\u044f \u0442\u0430 \u043f\u0456\u0434\u0442\u0440\u0438\u043c\u0443\u0454\u0442\u044c\u0441\u044f \u0442\u0438\u0442\u0430\u043d\u043e\u0432\u0438\u043c\u0438 \u0433\u0432\u0438\u043d\u0442\u0430\u043c\u0438 \u0442\u0430 \u0441\u0442\u0440\u0438\u0436\u043d\u044f\u043c\u0438. \u041f\u0440\u043e\u0446\u0435\u0434\u0443\u0440\u0430 \u0432\u0438\u043f\u0440\u0430\u0432\u043b\u044f\u0454 \u0431\u0456\u043b\u044c\u0448\u0443 \u0447\u0430\u0441\u0442\u0438\u043d\u0443 \u0432\u0438\u043a\u0440\u0438\u0432\u043b\u0435\u043d\u043d\u044f \u0442\u0430 \u043f\u043e\u043a\u0440\u0430\u0449\u0443\u0454 \u043f\u043e\u043b\u043e\u0436\u0435\u043d\u043d\u044f \u0433\u0440\u0443\u0434\u043d\u043e\u0457 \u043a\u043b\u0456\u0442\u043a\u0438.<\/p><\/li><li><p data-path-to-node=\"15,1,0\"><b data-path-to-node=\"15,1,0\" data-index-in-node=\"0\">\u0427\u043e\u043c\u0443 \u0432\u0430\u0436\u043b\u0438\u0432\u0430 \u0445\u0456\u0440\u0443\u0440\u0433\u0456\u044f?<\/b> \u0414\u0443\u0436\u0435 \u0432\u0430\u0436\u043a\u0438\u0439 \u0441\u043a\u043e\u043b\u0456\u043e\u0437 (\u043f\u043e\u043d\u0430\u0434 60 \u0433\u0440\u0430\u0434\u0443\u0441\u0456\u0432) \u043c\u043e\u0436\u0435 \u043e\u0431\u043c\u0435\u0436\u0443\u0432\u0430\u0442\u0438 \u0444\u0443\u043d\u043a\u0446\u0456\u044e \u043b\u0435\u0433\u0435\u043d\u044c, \u0430 \u0437\u0433\u043e\u0434\u043e\u043c \u0441\u043f\u0440\u0438\u0447\u0438\u043d\u044f\u0442\u0438 \u0437\u043d\u0430\u0447\u043d\u0438\u0439 \u0431\u0456\u043b\u044c \u0443 \u0441\u043f\u0438\u043d\u0456 \u0442\u0430 \u0437\u043d\u0438\u0436\u0435\u043d\u043d\u044f \u0444\u0443\u043d\u043a\u0446\u0456\u043e\u043d\u0430\u043b\u044c\u043d\u043e\u0457 \u0441\u043f\u0440\u043e\u043c\u043e\u0436\u043d\u043e\u0441\u0442\u0456.<\/p><\/li><\/ul><hr data-path-to-node=\"16\" \/><p data-path-to-node=\"20\">\u0421\u0442\u0430\u0442\u0442\u044f \u043f\u0440\u043e \u0434\u0443\u043e\u0434\u0435\u0446\u0438\u043c<\/p><p data-path-to-node=\"20\"><a href=\"https:\/\/www.duodecimlehti.fi\/duo15625\" target=\"_blank\" rel=\"noopener\">https:\/\/www.duodecimlehti.fi\/duo15625<\/a><\/p>\t\t\t\t\t\t\t\t<\/div>\n\t\t\t\t<\/div>\n\t\t\t\t\t<\/div>\n\t\t\t\t<\/div>\n\t\t\t\t<\/div>","protected":false},"excerpt":{"rendered":"<p>Laspsen \/ nuoren skolioosi \u2013 Ohje vanhemmille Skolioosi tarkoittaa selk\u00e4rangan vinoutumista sivusuunnassa. Nuoruusi\u00e4n idiopaattinen skolioosi on yleisin lasten selk\u00e4sairaus, ja se todetaan yleens\u00e4 10\u201318 vuoden i\u00e4ss\u00e4. &#8221;Idiopaattinen&#8221; tarkoittaa, ett\u00e4 sairauden tarkkaa syyt\u00e4 ei tiedet\u00e4, mutta perint\u00f6tekij\u00f6ill\u00e4 ja kasvulla on siihen osuutta. 1. Miten skolioosi todetaan? Valtaosa tapauksista l\u00f6ytyy kouluterveydenhuollon tarkastuksissa. Skolioosi on alkuvaiheessa usein t\u00e4ysin [&hellip;]<\/p>\n","protected":false},"author":1,"featured_media":0,"parent":0,"menu_order":0,"comment_status":"closed","ping_status":"closed","template":"","meta":{"_angie_page":false,"site-sidebar-layout":"no-sidebar","site-content-layout":"page-builder","ast-site-content-layout":"full-width-container","site-content-style":"default","site-sidebar-style":"default","ast-global-header-display":"","ast-banner-title-visibility":"","ast-main-header-display":"","ast-hfb-above-header-display":"","ast-hfb-below-header-display":"","ast-hfb-mobile-header-display":"","site-post-title":"","ast-breadcrumbs-content":"","ast-featured-img":"disabled","footer-sml-layout":"","ast-disable-related-posts":"","theme-transparent-header-meta":"","adv-header-id-meta":"","stick-header-meta":"","header-above-stick-meta":"","header-main-stick-meta":"","header-below-stick-meta":"","astra-migrate-meta-layouts":"set","ast-page-background-enabled":"default","ast-page-background-meta":{"desktop":{"background-color":"","background-image":"","background-repeat":"repeat","background-position":"center center","background-size":"auto","background-attachment":"scroll","background-type":"","background-media":"","overlay-type":"","overlay-color":"","overlay-opacity":"","overlay-gradient":""},"tablet":{"background-color":"","background-image":"","background-repeat":"repeat","background-position":"center center","background-size":"auto","background-attachment":"scroll","background-type":"","background-media":"","overlay-type":"","overlay-color":"","overlay-opacity":"","overlay-gradient":""},"mobile":{"background-color":"","background-image":"","background-repeat":"repeat","background-position":"center center","background-size":"auto","background-attachment":"scroll","background-type":"","background-media":"","overlay-type":"","overlay-color":"","overlay-opacity":"","overlay-gradient":""}},"ast-content-background-meta":{"desktop":{"background-color":"var(--ast-global-color-5)","background-image":"","background-repeat":"repeat","background-position":"center center","background-size":"auto","background-attachment":"scroll","background-type":"","background-media":"","overlay-type":"","overlay-color":"","overlay-opacity":"","overlay-gradient":""},"tablet":{"background-color":"var(--ast-global-color-5)","background-image":"","background-repeat":"repeat","background-position":"center center","background-size":"auto","background-attachment":"scroll","background-type":"","background-media":"","overlay-type":"","overlay-color":"","overlay-opacity":"","overlay-gradient":""},"mobile":{"background-color":"var(--ast-global-color-5)","background-image":"","background-repeat":"repeat","background-position":"center center","background-size":"auto","background-attachment":"scroll","background-type":"","background-media":"","overlay-type":"","overlay-color":"","overlay-opacity":"","overlay-gradient":""}},"footnotes":""},"class_list":["post-1400","page","type-page","status-publish","hentry"],"_links":{"self":[{"href":"https:\/\/lastenkirurgia.fi\/uk\/wp-json\/wp\/v2\/pages\/1400","targetHints":{"allow":["GET"]}}],"collection":[{"href":"https:\/\/lastenkirurgia.fi\/uk\/wp-json\/wp\/v2\/pages"}],"about":[{"href":"https:\/\/lastenkirurgia.fi\/uk\/wp-json\/wp\/v2\/types\/page"}],"author":[{"embeddable":true,"href":"https:\/\/lastenkirurgia.fi\/uk\/wp-json\/wp\/v2\/users\/1"}],"replies":[{"embeddable":true,"href":"https:\/\/lastenkirurgia.fi\/uk\/wp-json\/wp\/v2\/comments?post=1400"}],"version-history":[{"count":4,"href":"https:\/\/lastenkirurgia.fi\/uk\/wp-json\/wp\/v2\/pages\/1400\/revisions"}],"predecessor-version":[{"id":1637,"href":"https:\/\/lastenkirurgia.fi\/uk\/wp-json\/wp\/v2\/pages\/1400\/revisions\/1637"}],"wp:attachment":[{"href":"https:\/\/lastenkirurgia.fi\/uk\/wp-json\/wp\/v2\/media?parent=1400"}],"curies":[{"name":"wp","href":"https:\/\/api.w.org\/{rel}","templated":true}]}}