{"id":1406,"date":"2026-04-09T13:57:14","date_gmt":"2026-04-09T13:57:14","guid":{"rendered":"https:\/\/darkcyan-pheasant-754087.hostingersite.com\/?page_id=1406"},"modified":"2026-04-12T07:29:05","modified_gmt":"2026-04-12T07:29:05","slug":"lapsen-raajojen-rakennepoikkeamat","status":"publish","type":"page","link":"https:\/\/lastenkirurgia.fi\/uk\/lapsen-raajojen-rakennepoikkeamat\/","title":{"rendered":"\u0421\u0442\u0440\u0443\u043a\u0442\u0443\u0440\u043d\u0456 \u0430\u043d\u043e\u043c\u0430\u043b\u0456\u0457 \u043a\u0456\u043d\u0446\u0456\u0432\u043e\u043a \u0434\u0438\u0442\u0438\u043d\u0438"},"content":{"rendered":"<div data-elementor-type=\"wp-page\" data-elementor-id=\"1406\" class=\"elementor elementor-1406\" data-elementor-post-type=\"page\">\n\t\t\t\t<div class=\"elementor-element elementor-element-0a34132 e-flex e-con-boxed e-con e-parent\" data-id=\"0a34132\" data-element_type=\"container\" data-e-type=\"container\">\n\t\t\t\t\t<div class=\"e-con-inner\">\n\t\t\t\t<div class=\"elementor-element elementor-element-e85a413 elementor-widget elementor-widget-text-editor\" data-id=\"e85a413\" data-element_type=\"widget\" data-e-type=\"widget\" data-widget_type=\"text-editor.default\">\n\t\t\t\t<div class=\"elementor-widget-container\">\n\t\t\t\t\t\t\t\t\t<h2 data-path-to-node=\"2\">\u0421\u0442\u0440\u0443\u043a\u0442\u0443\u0440\u043d\u0456 \u0430\u043d\u043e\u043c\u0430\u043b\u0456\u0457 \u043a\u0456\u043d\u0446\u0456\u0432\u043e\u043a \u0442\u0430 \u043f\u043e\u043b\u043e\u0436\u0435\u043d\u043d\u044f \u0441\u0442\u043e\u043f \u0443 \u0434\u0438\u0442\u0438\u043d\u0438: \u0449\u043e \u0432\u0432\u0430\u0436\u0430\u0454\u0442\u044c\u0441\u044f \u043d\u043e\u0440\u043c\u043e\u044e?<\/h2>\n<p data-path-to-node=\"3\">\u0406\u0441\u043d\u0443\u0454 \u0431\u0430\u0433\u0430\u0442\u043e \u0435\u0442\u0430\u043f\u0456\u0432 \u0440\u043e\u0437\u0432\u0438\u0442\u043a\u0443 \u0434\u0456\u0442\u0435\u0439, \u043d\u0430 \u044f\u043a\u0438\u0445 \u043f\u043e\u043b\u043e\u0436\u0435\u043d\u043d\u044f \u0441\u0442\u043e\u043f \u043c\u043e\u0436\u0435 \u0437\u0434\u0430\u0432\u0430\u0442\u0438\u0441\u044f \u043d\u0435\u043d\u043e\u0440\u043c\u0430\u043b\u044c\u043d\u0438\u043c, \u0430\u043b\u0435 \u0447\u0430\u0441\u0442\u043e \u0454 \u0447\u0430\u0441\u0442\u0438\u043d\u043e\u044e \u043d\u043e\u0440\u043c\u0430\u043b\u044c\u043d\u043e\u0433\u043e \u0440\u043e\u0437\u0432\u0438\u0442\u043a\u0443. \u041d\u0438\u0436\u0447\u0435 \u043d\u0430\u0432\u0435\u0434\u0435\u043d\u043e \u0434\u0443\u0436\u0435 \u043f\u0440\u0438\u0431\u043b\u0438\u0437\u043d\u0438\u0439 \u043e\u043f\u0438\u0441 \u043d\u0430\u0439\u043f\u043e\u0448\u0438\u0440\u0435\u043d\u0456\u0448\u0438\u0445 \u0441\u0438\u0442\u0443\u0430\u0446\u0456\u0439. \u0417\u0430\u0432\u0436\u0434\u0438 \u043a\u0440\u0430\u0449\u0435, \u0449\u043e\u0431 \u043b\u0456\u043a\u0430\u0440 \u0437\u0440\u043e\u0431\u0438\u0432 \u043e\u0441\u0442\u0430\u0442\u043e\u0447\u043d\u0443 \u043e\u0446\u0456\u043d\u043a\u0443 \u0442\u043e\u0433\u043e, \u0447\u0438 \u0454 \u0441\u0442\u0430\u043d \u0434\u0438\u0442\u0438\u043d\u0438 \u043d\u043e\u0440\u043c\u0430\u043b\u044c\u043d\u0438\u043c \u0447\u0438 \u0430\u043d\u0430\u043c\u0456\u0447\u043d\u0438\u043c.<\/p>\n<h3 data-path-to-node=\"4\">\u041f\u043e\u043b\u043e\u0436\u0435\u043d\u043d\u044f \u043d\u0456\u0433 \u043f\u0456\u0434 \u0447\u0430\u0441 \u0445\u043e\u0434\u044c\u0431\u0438<\/h3>\n<ul data-path-to-node=\"5\">\n<li>\n<p data-path-to-node=\"5,0,0\"><b data-path-to-node=\"5,0,0\" data-index-in-node=\"0\">\u041f\u043b\u043e\u0441\u043a\u043e\u0441\u0442\u043e\u043f\u0456\u0441\u0442\u044c \u0442\u0430 \u0441\u0442\u043e\u043f\u0438, \u043f\u043e\u0432\u0435\u0440\u043d\u0443\u0442\u0456 \u0432\u0441\u0435\u0440\u0435\u0434\u0438\u043d\u0443:<\/b> \u0417\u0430\u0437\u0432\u0438\u0447\u0430\u0439 \u0432\u043e\u043d\u0438 \u043d\u0435\u0448\u043a\u0456\u0434\u043b\u0438\u0432\u0456 \u0434\u043b\u044f \u0434\u0456\u0442\u0435\u0439 \u0456 \u0447\u0430\u0441\u0442\u043e \u0433\u043e\u044f\u0442\u044c\u0441\u044f \u0441\u0430\u043c\u043e\u0441\u0442\u0456\u0439\u043d\u043e. \u042f\u043a\u0449\u043e \u0441\u0442\u043e\u043f\u0430 \u0433\u043d\u0443\u0447\u043a\u0430 \u0442\u0430 \u0431\u0435\u0437\u0431\u043e\u043b\u0456\u0441\u043d\u0430, \u043b\u0456\u043a\u0443\u0432\u0430\u043d\u043d\u044f \u0437\u0430\u0437\u0432\u0438\u0447\u0430\u0439 \u043d\u0435 \u043f\u043e\u0442\u0440\u0456\u0431\u043d\u0435. \u041e\u0434\u043d\u0430\u043a \u043d\u0435\u0432\u0435\u043b\u0438\u043a\u0456\u0439 \u043a\u0456\u043b\u044c\u043a\u043e\u0441\u0442\u0456 \u0434\u0456\u0442\u0435\u0439 \u043b\u0456\u043a\u0443\u0432\u0430\u043d\u043d\u044f \u043c\u043e\u0436\u0435 \u0437\u043d\u0430\u0434\u043e\u0431\u0438\u0442\u0438\u0441\u044f.<\/p>\n<\/li>\n<li>\n<p data-path-to-node=\"5,1,0\"><b data-path-to-node=\"5,1,0\" data-index-in-node=\"0\">\u0425\u043e\u0434\u044c\u0431\u0430 \u0437 \u043f\u043e\u0432\u0435\u0440\u043d\u0443\u0442\u0438\u043c\u0438 \u0432\u0441\u0435\u0440\u0435\u0434\u0438\u043d\u0443 \u0430\u0431\u043e \u043d\u0430\u0437\u043e\u0432\u043d\u0456 \u043f\u0430\u043b\u044c\u0446\u044f\u043c\u0438 \u043d\u0456\u0433:<\/b> \u0426\u0435 \u0434\u0443\u0436\u0435 \u043f\u043e\u0448\u0438\u0440\u0435\u043d\u0435 \u044f\u0432\u0438\u0449\u0435 \u0456 \u043d\u0430\u0439\u0447\u0430\u0441\u0442\u0456\u0448\u0435 \u043f\u043e\u0432&#039;\u044f\u0437\u0430\u043d\u0435 \u0437 \u043f\u0440\u0438\u0440\u043e\u0434\u043d\u043e\u044e \u0437\u043c\u0456\u043d\u043e\u044e \u043f\u043e\u043b\u043e\u0436\u0435\u043d\u043d\u044f \u0441\u0442\u0435\u0433\u043e\u043d \u0443 \u043c\u0456\u0440\u0443 \u0437\u0440\u043e\u0441\u0442\u0430\u043d\u043d\u044f \u0434\u0438\u0442\u0438\u043d\u0438. \u0426\u0435 \u043d\u0435 \u043f\u043e\u0442\u0440\u0435\u0431\u0443\u0454 \u0441\u043f\u0435\u0446\u0456\u0430\u043b\u044c\u043d\u043e\u0433\u043e \u043b\u0456\u043a\u0443\u0432\u0430\u043d\u043d\u044f.<\/p>\n<\/li>\n<li>\n<p data-path-to-node=\"5,2,0\"><b data-path-to-node=\"5,2,0\" data-index-in-node=\"0\">\u041f\u0435\u0440\u0435\u043a\u0440\u0438\u0442\u0442\u044f \u043f\u0430\u043b\u044c\u0446\u0456\u0432 \u043d\u0456\u0433:<\/b> \u0427\u0430\u0441\u0442\u043e \u0441\u043f\u0440\u0438\u0447\u0438\u043d\u0435\u043d\u043e \u043d\u0430\u043f\u0440\u0443\u0436\u0435\u043d\u043d\u044f\u043c \u0441\u0443\u0445\u043e\u0436\u0438\u043b\u044c. \u0417\u0430\u0437\u0432\u0438\u0447\u0430\u0439 \u0446\u0435 \u043b\u0438\u0448\u0435 \u0435\u0441\u0442\u0435\u0442\u0438\u0447\u043d\u0430 \u043f\u0440\u043e\u0431\u043b\u0435\u043c\u0430, \u044f\u043a\u0430 \u043d\u0435 \u0437\u0430\u0432\u0430\u0436\u0430\u0454 \u0440\u0443\u0445\u0430\u043c \u0434\u0438\u0442\u0438\u043d\u0438.<\/p>\n<\/li>\n<\/ul>\n<h3 data-path-to-node=\"6\">\u041f\u043e\u043b\u043e\u0436\u0435\u043d\u043d\u044f \u043a\u043e\u043b\u0456\u043d (\u0437\u0433\u0438\u043d\u0430\u043d\u043d\u044f \u0441\u0442\u0435\u0433\u043d\u0430 \u0442\u0430 \u043a\u043e\u043b\u0456\u043d\u0430)<\/h3>\n<ul data-path-to-node=\"7\">\n<li>\n<p data-path-to-node=\"7,0,0\"><b data-path-to-node=\"7,0,0\" data-index-in-node=\"0\">\u0417\u0430\u0445\u0456\u0434\u043d\u0456\u0441\u0442\u044c:<\/b> \u0422\u0438\u043f\u043e\u0432\u043e \u0434\u043b\u044f \u043d\u0435\u043c\u043e\u0432\u043b\u044f\u0442 \u0442\u0430 \u0434\u0456\u0442\u0435\u0439 \u044f\u0441\u0435\u043b\u044c\u043d\u043e\u0433\u043e \u0432\u0456\u043a\u0443.<\/p>\n<\/li>\n<li>\n<p data-path-to-node=\"7,1,0\"><b data-path-to-node=\"7,1,0\" data-index-in-node=\"0\">\u041a\u043b\u0456\u0449\u0435\u043f\u043e\u0434\u0456\u0431\u043d\u0435 \u043a\u043e\u043b\u0456\u043d\u043e:<\/b> \u041d\u0430\u0439\u0447\u0430\u0441\u0442\u0456\u0448\u0435 \u0437\u0443\u0441\u0442\u0440\u0456\u0447\u0430\u0454\u0442\u044c\u0441\u044f \u043f\u0440\u0438\u0431\u043b\u0438\u0437\u043d\u043e \u0443 3-\u0440\u0456\u0447\u043d\u043e\u043c\u0443 \u0432\u0456\u0446\u0456.<\/p>\n<\/li>\n<li>\n<p data-path-to-node=\"7,2,0\"><b data-path-to-node=\"7,2,0\" data-index-in-node=\"0\">\u041a\u043e\u043b\u0438 \u0437\u0432\u0435\u0440\u043d\u0443\u0442\u0438\u0441\u044f \u0434\u043e \u043b\u0456\u043a\u0430\u0440\u044f?<\/b> \u042f\u043a\u0449\u043e \u043f\u043e\u043b\u043e\u0436\u0435\u043d\u043d\u044f \u043a\u043e\u043b\u0456\u043d\u0430 \u044f\u0432\u043d\u043e \u043e\u0434\u043d\u043e\u0441\u0442\u043e\u0440\u043e\u043d\u043d\u0454 (\u0443\u0440\u0430\u0436\u0435\u043d\u0430 \u043b\u0438\u0448\u0435 \u043e\u0434\u043d\u0430 \u043d\u043e\u0433\u0430), \u043f\u0440\u043e\u0431\u043b\u0435\u043c\u0430 \u043f\u043e\u0433\u0456\u0440\u0448\u0443\u0454\u0442\u044c\u0441\u044f \u0437 \u0432\u0456\u043a\u043e\u043c \u0430\u0431\u043e \u0454 \u0434\u0443\u0436\u0435 \u0441\u0435\u0440\u0439\u043e\u0437\u043d\u043e\u044e.<\/p>\n<\/li>\n<\/ul>\n<h3 data-path-to-node=\"8\">\u0412\u0440\u043e\u0434\u0436\u0435\u043d\u0456 \u0430\u043d\u043e\u043c\u0430\u043b\u0456\u0457<\/h3>\n<ul data-path-to-node=\"9\">\n<li>\n<p data-path-to-node=\"9,0,0\"><b data-path-to-node=\"9,0,0\" data-index-in-node=\"0\">\u041a\u043b\u0438\u0448\u043e\u043d\u043e\u0433\u0456\u0441\u0442\u044c:<\/b> \u0417\u0430\u0437\u0432\u0438\u0447\u0430\u0439 \u0434\u0456\u0430\u0433\u043d\u043e\u0441\u0442\u0443\u0454\u0442\u044c\u0441\u044f \u043f\u0440\u0438 \u043d\u0430\u0440\u043e\u0434\u0436\u0435\u043d\u043d\u0456. \u041b\u0456\u043a\u0443\u0454\u0442\u044c\u0441\u044f \u0432 \u0441\u043f\u0435\u0446\u0456\u0430\u043b\u0456\u0437\u043e\u0432\u0430\u043d\u043e\u043c\u0443 \u043c\u0435\u0434\u0438\u0447\u043d\u043e\u043c\u0443 \u0437\u0430\u043a\u043b\u0430\u0434\u0456, \u043d\u0430\u0439\u0447\u0430\u0441\u0442\u0456\u0448\u0435 \u0437\u0430 \u0434\u043e\u043f\u043e\u043c\u043e\u0433\u043e\u044e \u0441\u0435\u0440\u0456\u0457 \u0433\u0456\u043f\u0441\u043e\u0432\u0438\u0445 \u043f\u043e\u0432&#039;\u044f\u0437\u043e\u043a \u0442\u0430 \u0441\u043f\u0435\u0446\u0456\u0430\u043b\u044c\u043d\u043e\u0433\u043e \u0432\u0437\u0443\u0442\u0442\u044f.<\/p>\n<\/li>\n<li>\n<p data-path-to-node=\"9,1,0\"><b data-path-to-node=\"9,1,0\" data-index-in-node=\"0\">\u041a\u043b\u0438\u0448\u043e\u043d\u043e\u0433\u0456\u0441\u0442\u044c \u0430\u0431\u043e \u043a\u043b\u0438\u0448\u043e\u043d\u043e\u0433\u0456\u0441\u0442\u044c:<\/b> \u041d\u0435\u043e\u0431\u0445\u0456\u0434\u043d\u0456\u0441\u0442\u044c \u043b\u0456\u043a\u0443\u0432\u0430\u043d\u043d\u044f \u0437\u0440\u043e\u0449\u0435\u043d\u043d\u044f \u043f\u0430\u043b\u044c\u0446\u0456\u0432 \u0440\u0443\u043a \u0456 \u043d\u0456\u0433 \u0437\u0430\u0432\u0436\u0434\u0438 \u043e\u0446\u0456\u043d\u044e\u0454\u0442\u044c\u0441\u044f \u0456\u043d\u0434\u0438\u0432\u0456\u0434\u0443\u0430\u043b\u044c\u043d\u043e. \u0423 \u0432\u0438\u043f\u0430\u0434\u043a\u0443 \u0437\u0440\u043e\u0449\u0435\u043d\u043d\u044f \u043f\u0430\u043b\u044c\u0446\u0456\u0432 \u0440\u0443\u043a \u0445\u0456\u0440\u0443\u0440\u0433\u0456\u0447\u043d\u0435 \u043b\u0456\u043a\u0443\u0432\u0430\u043d\u043d\u044f \u0454 \u0447\u0430\u0441\u0442\u0456\u0448\u0438\u043c \u0434\u043b\u044f \u0437\u0430\u0431\u0435\u0437\u043f\u0435\u0447\u0435\u043d\u043d\u044f \u0444\u0443\u043d\u043a\u0446\u0456\u043e\u043d\u0430\u043b\u044c\u043d\u043e\u0457 \u0437\u0434\u0430\u0442\u043d\u043e\u0441\u0442\u0456.<\/p>\n<\/li>\n<\/ul>\n<h3 data-path-to-node=\"10\">\u0420\u0456\u0437\u043d\u0438\u0446\u044f \u0432 \u0434\u043e\u0432\u0436\u0438\u043d\u0456 \u043d\u0456\u0433<\/h3>\n<ul data-path-to-node=\"11\">\n<li>\n<p data-path-to-node=\"11,0,0\"><b data-path-to-node=\"11,0,0\" data-index-in-node=\"0\">\u041d\u0435\u0432\u0435\u043b\u0438\u043a\u0456 \u0432\u0456\u0434\u043c\u0456\u043d\u043d\u043e\u0441\u0442\u0456:<\/b> \u0420\u0456\u0437\u043d\u0438\u0446\u044f \u0432 \u0434\u043e\u0432\u0436\u0438\u043d\u0456 \u043d\u0456\u0433 \u043c\u0435\u043d\u0448\u0435 2 \u0441\u043c \u0454 \u0434\u0443\u0436\u0435 \u043f\u043e\u0448\u0438\u0440\u0435\u043d\u043e\u044e \u0456 \u0447\u0430\u0441\u0442\u043e \u0430\u0431\u0441\u043e\u043b\u044e\u0442\u043d\u043e \u043d\u0435\u0448\u043a\u0456\u0434\u043b\u0438\u0432\u043e\u044e.<\/p>\n<\/li>\n<li>\n<p data-path-to-node=\"11,1,0\"><b data-path-to-node=\"11,1,0\" data-index-in-node=\"0\">\u041e\u0441\u043d\u043e\u0432\u043d\u0456 \u0432\u0456\u0434\u043c\u0456\u043d\u043d\u043e\u0441\u0442\u0456:<\/b> \u042f\u043a\u0449\u043e \u0440\u0456\u0437\u043d\u0438\u0446\u044f \u0443 \u0437\u0440\u043e\u0441\u0442\u0456 \u043f\u0435\u0440\u0435\u0432\u0438\u0449\u0443\u0454 2 \u0441\u043c, \u0446\u0435 \u043c\u043e\u0436\u0435 \u043f\u0440\u0438\u0437\u0432\u0435\u0441\u0442\u0438 \u0434\u043e \u043f\u0440\u043e\u0431\u043b\u0435\u043c \u0437 \u043f\u043e\u0441\u0442\u0430\u0432\u043e\u044e \u0442\u0430 \u043a\u0443\u043b\u044c\u0433\u0430\u0432\u043e\u0441\u0442\u0456. \u0423 \u0446\u0438\u0445 \u0432\u0438\u043f\u0430\u0434\u043a\u0430\u0445 \u0434\u0438\u0442\u0438\u043d\u0443 \u0431\u0443\u0434\u0435 \u043d\u0430\u043f\u0440\u0430\u0432\u043b\u0435\u043d\u043e \u0434\u043e \u0441\u043f\u0435\u0446\u0456\u0430\u043b\u0456\u0441\u0442\u0430 \u0434\u043b\u044f \u043e\u0431\u0441\u0442\u0435\u0436\u0435\u043d\u043d\u044f \u0442\u0430 \u043f\u043b\u0430\u043d\u0443\u0432\u0430\u043d\u043d\u044f \u043b\u0456\u043a\u0443\u0432\u0430\u043d\u043d\u044f.<\/p>\n<\/li>\n<\/ul>\n<p data-path-to-node=\"15,3,0\">\u0421\u0442\u0430\u0442\u0442\u044f \u0411\u0456\u0431\u043b\u0456\u043e\u0442\u0435\u043a\u0438 \u0437\u0434\u043e\u0440\u043e\u0432&#039;\u044f \u043f\u0440\u043e \u0441\u0442\u0440\u0443\u043a\u0442\u0443\u0440\u043d\u0456 \u0430\u043d\u043e\u043c\u0430\u043b\u0456\u0457 \u043a\u0456\u043d\u0446\u0456\u0432\u043e\u043a \u0434\u0456\u0442\u0435\u0439<\/p>\n<p data-path-to-node=\"15,3,0\"><a href=\"https:\/\/www.terveyskirjasto.fi\/tju00140\" target=\"_blank\" rel=\"noopener\">https:\/\/www.terveyskirjasto.fi\/tju00140<\/a><\/p>\t\t\t\t\t\t\t\t<\/div>\n\t\t\t\t<\/div>\n\t\t\t\t\t<\/div>\n\t\t\t\t<\/div>\n\t\t\t\t<\/div>","protected":false},"excerpt":{"rendered":"<p>Lapsen raajojen rakennepoikkeamat ja jalkaterien asennot: Mik\u00e4 on normaalia? Lasten kasvuun kuuluu monia vaiheita, joissa jalkojen asennot saattavat n\u00e4ytt\u00e4\u00e4 poikkeavilta, mutta ovat usein osa normaalia kehityst\u00e4. Alla on kuvattu hyvin karkeasti yleisimpi\u00e4 tilanteita. Varsinaisen arvion siit\u00e4, onko lapsen tilanne normaali vai poikkeava, olisi hyv\u00e4 aina l\u00e4\u00e4k\u00e4rin tehd\u00e4. Jalkaterien ja k\u00e4velyn asennot Latuskajalka ja sis\u00e4\u00e4np\u00e4in k\u00e4\u00e4ntynyt [&hellip;]<\/p>\n","protected":false},"author":1,"featured_media":0,"parent":0,"menu_order":0,"comment_status":"closed","ping_status":"closed","template":"","meta":{"_angie_page":false,"site-sidebar-layout":"no-sidebar","site-content-layout":"page-builder","ast-site-content-layout":"full-width-container","site-content-style":"default","site-sidebar-style":"default","ast-global-header-display":"","ast-banner-title-visibility":"","ast-main-header-display":"","ast-hfb-above-header-display":"","ast-hfb-below-header-display":"","ast-hfb-mobile-header-display":"","site-post-title":"","ast-breadcrumbs-content":"","ast-featured-img":"disabled","footer-sml-layout":"","ast-disable-related-posts":"","theme-transparent-header-meta":"","adv-header-id-meta":"","stick-header-meta":"","header-above-stick-meta":"","header-main-stick-meta":"","header-below-stick-meta":"","astra-migrate-meta-layouts":"set","ast-page-background-enabled":"default","ast-page-background-meta":{"desktop":{"background-color":"","background-image":"","background-repeat":"repeat","background-position":"center center","background-size":"auto","background-attachment":"scroll","background-type":"","background-media":"","overlay-type":"","overlay-color":"","overlay-opacity":"","overlay-gradient":""},"tablet":{"background-color":"","background-image":"","background-repeat":"repeat","background-position":"center center","background-size":"auto","background-attachment":"scroll","background-type":"","background-media":"","overlay-type":"","overlay-color":"","overlay-opacity":"","overlay-gradient":""},"mobile":{"background-color":"","background-image":"","background-repeat":"repeat","background-position":"center center","background-size":"auto","background-attachment":"scroll","background-type":"","background-media":"","overlay-type":"","overlay-color":"","overlay-opacity":"","overlay-gradient":""}},"ast-content-background-meta":{"desktop":{"background-color":"var(--ast-global-color-5)","background-image":"","background-repeat":"repeat","background-position":"center center","background-size":"auto","background-attachment":"scroll","background-type":"","background-media":"","overlay-type":"","overlay-color":"","overlay-opacity":"","overlay-gradient":""},"tablet":{"background-color":"var(--ast-global-color-5)","background-image":"","background-repeat":"repeat","background-position":"center center","background-size":"auto","background-attachment":"scroll","background-type":"","background-media":"","overlay-type":"","overlay-color":"","overlay-opacity":"","overlay-gradient":""},"mobile":{"background-color":"var(--ast-global-color-5)","background-image":"","background-repeat":"repeat","background-position":"center center","background-size":"auto","background-attachment":"scroll","background-type":"","background-media":"","overlay-type":"","overlay-color":"","overlay-opacity":"","overlay-gradient":""}},"footnotes":""},"class_list":["post-1406","page","type-page","status-publish","hentry"],"_links":{"self":[{"href":"https:\/\/lastenkirurgia.fi\/uk\/wp-json\/wp\/v2\/pages\/1406","targetHints":{"allow":["GET"]}}],"collection":[{"href":"https:\/\/lastenkirurgia.fi\/uk\/wp-json\/wp\/v2\/pages"}],"about":[{"href":"https:\/\/lastenkirurgia.fi\/uk\/wp-json\/wp\/v2\/types\/page"}],"author":[{"embeddable":true,"href":"https:\/\/lastenkirurgia.fi\/uk\/wp-json\/wp\/v2\/users\/1"}],"replies":[{"embeddable":true,"href":"https:\/\/lastenkirurgia.fi\/uk\/wp-json\/wp\/v2\/comments?post=1406"}],"version-history":[{"count":10,"href":"https:\/\/lastenkirurgia.fi\/uk\/wp-json\/wp\/v2\/pages\/1406\/revisions"}],"predecessor-version":[{"id":1605,"href":"https:\/\/lastenkirurgia.fi\/uk\/wp-json\/wp\/v2\/pages\/1406\/revisions\/1605"}],"wp:attachment":[{"href":"https:\/\/lastenkirurgia.fi\/uk\/wp-json\/wp\/v2\/media?parent=1406"}],"curies":[{"name":"wp","href":"https:\/\/api.w.org\/{rel}","templated":true}]}}