{"id":1360,"date":"2026-04-09T13:48:47","date_gmt":"2026-04-09T13:48:47","guid":{"rendered":"https:\/\/darkcyan-pheasant-754087.hostingersite.com\/?page_id=1360"},"modified":"2026-04-11T13:17:38","modified_gmt":"2026-04-11T13:17:38","slug":"lapsen-ymparileikkaus","status":"publish","type":"page","link":"https:\/\/lastenkirurgia.fi\/zh\/lapsen-ymparileikkaus\/","title":{"rendered":"\u513f\u7ae5\u5272\u793c"},"content":{"rendered":"<div data-elementor-type=\"wp-page\" data-elementor-id=\"1360\" class=\"elementor elementor-1360\" data-elementor-post-type=\"page\">\n\t\t\t\t<div class=\"elementor-element elementor-element-be8dc3f e-flex e-con-boxed e-con e-parent\" data-id=\"be8dc3f\" data-element_type=\"container\" data-e-type=\"container\">\n\t\t\t\t\t<div class=\"e-con-inner\">\n\t\t\t\t<div class=\"elementor-element elementor-element-83ac4a0 elementor-widget elementor-widget-text-editor\" data-id=\"83ac4a0\" data-element_type=\"widget\" data-e-type=\"widget\" data-widget_type=\"text-editor.default\">\n\t\t\t\t<div class=\"elementor-widget-container\">\n\t\t\t\t\t\t\t\t\t<h2 data-path-to-node=\"2\">\u513f\u7ae5\u5305\u76ae\u72ed\u7a84\u548c\u5305\u76ae\u73af\u5207\u672f<\/h2><p data-path-to-node=\"3\">\u5305\u830e\u5728\u513f\u7ae5\u4e2d\u5f88\u5e38\u89c1\uff0c\u4f46\u5e76\u975e\u6240\u6709\u75c5\u4f8b\u90fd\u9700\u8981\u624b\u672f\u3002\u533a\u5206\u6b63\u5e38\u53d1\u80b2\u9636\u6bb5\u548c\u9700\u8981\u6cbb\u7597\u7684\u75c5\u75c7\u975e\u5e38\u91cd\u8981\u3002.<\/p><p data-path-to-node=\"4\">\u00a0<\/p><p data-path-to-node=\"4\"><b data-path-to-node=\"4\" data-index-in-node=\"0\">\u7b14\u8bb0\uff1a<\/b> <strong>\u6211\u4eec\u8bca\u6240\u53ea\u8fdb\u884c\u51fa\u4e8e\u533b\u7597\u539f\u56e0\u7684\u5272\u793c\u624b\u672f\uff0c\u4e0d\u8fdb\u884c\u5b97\u6559\u5272\u793c\u624b\u672f\u3002.\u00a0<\/strong><\/p><p data-path-to-node=\"4\">\u00a0<\/p><h3 data-path-to-node=\"5\">\u4ec0\u4e48\u60c5\u51b5\u4e0b\u53ef\u4ee5\u4e0d\u5bf9\u5305\u76ae\u8fdb\u884c\u4efb\u4f55\u5904\u7406\uff1f<\/h3><p data-path-to-node=\"6\">\u9752\u6625\u671f\u524d\u513f\u7ae5\u7684\u5305\u76ae\u901a\u5e38\u751f\u7406\u6027\u5730\u504f\u7d27\uff0c\u8fd9\u662f\u6b63\u5e38\u7684\u3002\u5982\u679c\u5b69\u5b50\u6ca1\u6709\u51fa\u73b0\u4efb\u4f55\u75c7\u72b6\uff0c\u8fd9\u79cd\u60c5\u51b5\u65e0\u9700\u6cbb\u7597\uff0c\u968f\u7740\u5b69\u5b50\u957f\u5927\uff0c\u5305\u76ae\u53ef\u80fd\u4f1a\u81ea\u884c\u6062\u590d\u6b63\u5e38\u3002.<\/p><h3 data-path-to-node=\"7\">\u4f55\u65f6\u5e94\u8003\u8651\u6cbb\u7597\uff1f<\/h3><p data-path-to-node=\"8\">\u5982\u679c\u5305\u76ae\u8fc7\u7d27\u7ed9\u5b69\u5b50\u5e26\u6765\u4ee5\u4e0b\u95ee\u9898\uff0c\u5219\u9700\u8981\u8fdb\u884c\u6cbb\u7597\uff1a<\/p><ul data-path-to-node=\"9\"><li><p data-path-to-node=\"9,0,0\">\u590d\u53d1\u6027\u5305\u76ae\u611f\u67d3\uff08\u624b\u672f\u6cbb\u7597\u6781\u4e3a\u7f55\u89c1\uff0c\u611f\u67d3\u901a\u5e38\u4f1a\u968f\u7740\u5e74\u9f84\u589e\u957f\u5e76\u5728\u9002\u5f53\u62a4\u7406\u6307\u5bfc\u4e0b\u6d88\u9000\uff09<\/p><\/li><li><p data-path-to-node=\"9,1,0\">\u5305\u76ae\u7ecf\u5e38\u75bc\u75db\u3001\u5f00\u88c2\u6216\u51fa\u8840\u3002.<\/p><\/li><li><p data-path-to-node=\"9,2,0\">\u5c3f\u6d41\u5f02\u5e38\uff08\u6392\u5c3f\u65f6\u5c3f\u6d41\u65e0\u6cd5\u51b2\u51fb\u9634\u830e\u6216\u5305\u76ae\u201d\u777e\u4e38\u201d\uff09\u3002.<\/p><\/li><\/ul><h3 data-path-to-node=\"10\">\u6241\u5e73\u82d4\u85d3\uff08BXO\uff09\u2014\u2014\u6700\u5e38\u89c1\u7684\u624b\u672f\u539f\u56e0<\/h3><p data-path-to-node=\"11\">\u5728\u82ac\u5170\uff0c\u513f\u7ae5\u6216\u9752\u5c11\u5e74\u63a5\u53d7\u5305\u76ae\u73af\u5207\u672f\u6700\u5e38\u89c1\u7684\u539f\u56e0\u662f <b data-path-to-node=\"11\" data-index-in-node=\"62\">\u95ed\u585e\u6027\u5e72\u71e5\u6027\u5305\u76ae\u708e<\/b>. \u8fd9\u662f\u4e00\u79cd\u5305\u76ae\u7622\u75d5\u6027\u75be\u75c5\uff0c\u4f1a\u5bfc\u81f4\u76ae\u80a4\u7d27\u7ef7\u3001\u82cd\u767d\u3001\u7f3a\u4e4f\u5f39\u6027\u3002.<\/p><ul data-path-to-node=\"12\"><li><p data-path-to-node=\"12,0,0\">\u81f4\u767d\u8272\u5730\u8863 <b data-path-to-node=\"12,0,0\" data-index-in-node=\"14\">\u552f\u4e00\u6709\u6548\u7684\u6cbb\u7597\u65b9\u6cd5<\/b> \u662f\u6307\u53bb\u9664\u75a4\u75d5\u76ae\u80a4\uff0c\u4e5f\u5c31\u662f\u5305\u76ae\u73af\u5207\u672f\u3002.<\/p><\/li><\/ul><hr data-path-to-node=\"13\" \/><h3 data-path-to-node=\"14\">\u6cbb\u7597\u65b9\u6848<\/h3><p data-path-to-node=\"15\">\u6cbb\u7597\u65b9\u6848\u7684\u9009\u62e9\u53d6\u51b3\u4e8e\u75c7\u72b6\u548c\u53ef\u80fd\u7684\u6f5c\u5728\u75be\u75c5\uff1a<\/p><ol start=\"1\" data-path-to-node=\"16\"><li><p data-path-to-node=\"16,0,0\"><b data-path-to-node=\"16,0,0\" data-index-in-node=\"0\">\u836f\u7528\u4e73\u818f\uff08\u8d1d\u7f8e\u677e\uff09\uff1a<\/b> \u5982\u679c\u53ea\u662f\u5355\u7eaf\u7684\u9f3b\u585e\uff0c\u6ca1\u6709\u6241\u5e73\u82d4\u85d3\u7684\u8ff9\u8c61\uff0c\u53ef\u4ee5\u5c1d\u8bd5\u4f7f\u7528\u5f3a\u6548\u76ae\u8d28\u7c7b\u56fa\u9187\u4e73\u818f\uff08\u4f8b\u5982\u500d\u7f8e\u677e\uff09\uff0c\u7597\u7a0b\u7ea6\u4e24\u5468\u3002\u8fd9\u79cd\u4e73\u818f\u53ef\u4ee5\u8f6f\u5316\u5e76\u653e\u677e\u76ae\u80a4\u3002.<\/p><\/li><li><p data-path-to-node=\"16,1,0\"><b data-path-to-node=\"16,1,0\" data-index-in-node=\"0\">\u5305\u76ae\u6210\u5f62\u672f\uff1a<\/b> \u5982\u679c\u76ae\u80a4\u7d27\u7ef7\u4e14\u6ca1\u6709\u75a4\u75d5\uff0c\u53ef\u4ee5\u8003\u8651\u8fdb\u884c\u6574\u5f62\u624b\u672f\u3002\u8fd9\u79cd\u624b\u672f\u4e0d\u4f1a\u5207\u9664\u76ae\u80a4\uff0c\u800c\u662f\u901a\u8fc7\u91cd\u5851\u76ae\u80a4\u4f7f\u5176\u677e\u5f1b\u3002.<\/p><\/li><li><p data-path-to-node=\"16,2,0\"><b data-path-to-node=\"16,2,0\" data-index-in-node=\"0\">\u5272\u793c\uff1a<\/b> \u5982\u679c\u836f\u818f\u6cbb\u7597\u65e0\u6548\u6216\u786e\u8bca\u4e3a\u6241\u5e73\u82d4\u85d3\uff0c\u5219\u9700\u8fdb\u884c\u5305\u76ae\u73af\u5207\u672f\uff0c\u5207\u9664\u5305\u76ae\u72ed\u7a84\u6216\u75c5\u53d8\u7684\u90e8\u5206\u3002.<\/p><\/li><\/ol><hr data-path-to-node=\"17\" \/><h3 data-path-to-node=\"18\">\u624b\u672f\u987b\u77e5<\/h3><p data-path-to-node=\"19\">\u624b\u672f\u901a\u5e38\u5728\u9ebb\u9189\u4e0b\u8fdb\u884c\uff0c\u4ee5\u4f7f\u624b\u672f\u8fc7\u7a0b\u5bf9\u5b69\u5b50\u6765\u8bf4\u65e0\u75db\u65e0\u60e7\u3002.<\/p><p data-path-to-node=\"20\"><b data-path-to-node=\"20\" data-index-in-node=\"0\">\u5728\u5bb6\u4f11\u517b\uff1a<\/b><\/p><ul data-path-to-node=\"21\"><li><p data-path-to-node=\"21,0,0\"><b data-path-to-node=\"21,0,0\" data-index-in-node=\"0\">\u75bc\u75db\u7ba1\u7406\uff1a<\/b> \u6700\u521d\u51e0\u5929\uff0c\u89c4\u5f8b\u670d\u7528\u6b62\u75db\u836f\u5f88\u91cd\u8981\uff08\u4f8b\u5982\u6251\u70ed\u606f\u75db\u548c\u5e03\u6d1b\u82ac\uff09\u3002.<\/p><\/li><li><p data-path-to-node=\"21,1,0\"><b data-path-to-node=\"21,1,0\" data-index-in-node=\"0\">\u536b\u751f\uff1a<\/b> \u6bcf\u5929\u6dcb\u6d74\u4fdd\u6301\u8be5\u533a\u57df\u6e05\u6d01\u3002\u5efa\u8bae\u7a7f\u7740\u5bbd\u677e\u67d4\u8f6f\u7684\u68c9\u8d28\u5185\u8863\u3002.<\/p><\/li><li><p data-path-to-node=\"21,2,0\"><b data-path-to-node=\"21,2,0\" data-index-in-node=\"0\">\u6062\u590d\u65f6\u95f4\uff1a<\/b> \u901a\u5e38\u51e0\u5929\u540e\u4f60\u5c31\u53ef\u4ee5\u8fd4\u56de\u5b66\u6821\u6216\u6258\u513f\u6240\u4e86\u3002.<\/p><\/li><li><p data-path-to-node=\"21,3,0\"><b data-path-to-node=\"21,3,0\" data-index-in-node=\"0\">\u675f\u7f1a\uff1a<\/b> \u4e00\u822c\u5e94\u907f\u514d\u8fd0\u52a8\u3001\u4f53\u80b2\u953b\u70bc\u3001\u6851\u62ff\u548c\u6e38\u6cf3\u3002 <b data-path-to-node=\"21,3,0\" data-index-in-node=\"78\">\u5927\u7ea6\u4e24\u5468<\/b> \u624b\u672f\u540e\u3002.<\/p><\/li><\/ul>\t\t\t\t\t\t\t\t<\/div>\n\t\t\t\t<\/div>\n\t\t\t\t<div class=\"elementor-element elementor-element-2cdcf83 elementor-widget elementor-widget-image\" data-id=\"2cdcf83\" data-element_type=\"widget\" data-e-type=\"widget\" data-widget_type=\"image.default\">\n\t\t\t\t<div class=\"elementor-widget-container\">\n\t\t\t\t\t\t\t\t\t\t\t\t\t\t\t<img fetchpriority=\"high\" decoding=\"async\" width=\"1024\" height=\"559\" src=\"https:\/\/lastenkirurgia.fi\/wp-content\/uploads\/2026\/04\/ymparileikkaus.webp\" class=\"attachment-large size-large wp-image-1550\" alt=\"\" srcset=\"https:\/\/lastenkirurgia.fi\/wp-content\/uploads\/2026\/04\/ymparileikkaus.webp 1024w, https:\/\/lastenkirurgia.fi\/wp-content\/uploads\/2026\/04\/ymparileikkaus-300x164.webp 300w, https:\/\/lastenkirurgia.fi\/wp-content\/uploads\/2026\/04\/ymparileikkaus-768x419.webp 768w\" sizes=\"(max-width: 1024px) 100vw, 1024px\" \/>\t\t\t\t\t\t\t\t\t\t\t\t\t\t\t<\/div>\n\t\t\t\t<\/div>\n\t\t\t\t\t<\/div>\n\t\t\t\t<\/div>\n\t\t\t\t<\/div>","protected":false},"excerpt":{"rendered":"<p>Esinahan ahtaus ja ymp\u00e4rileikkaus lapsella Esinahan ahtaus eli fimoosi on lapsilla yleinen vaiva, mutta kaikki tapaukset eiv\u00e4t vaadi leikkaushoitoa. On t\u00e4rke\u00e4\u00e4 erottaa toisistaan normaali kehitysvaihe ja hoitoa vaativa sairaus. \u00a0 Huomautus: Vastaanotollamme tehd\u00e4\u00e4n ymp\u00e4rileikkauksia ainoastaan l\u00e4\u00e4ketieteellisin perustein. Emme suorita uskonnollisia ymp\u00e4rileikkauksia.\u00a0 \u00a0 Milloin esinahalle ei tarvitse tehd\u00e4 mit\u00e4\u00e4n? Esimurrosik\u00e4isen lapsen esinahka on usein fysiologisesti ahdas, [&hellip;]<\/p>\n","protected":false},"author":1,"featured_media":0,"parent":0,"menu_order":0,"comment_status":"closed","ping_status":"closed","template":"","meta":{"_angie_page":false,"site-sidebar-layout":"no-sidebar","site-content-layout":"page-builder","ast-site-content-layout":"full-width-container","site-content-style":"default","site-sidebar-style":"default","ast-global-header-display":"","ast-banner-title-visibility":"","ast-main-header-display":"","ast-hfb-above-header-display":"","ast-hfb-below-header-display":"","ast-hfb-mobile-header-display":"","site-post-title":"","ast-breadcrumbs-content":"","ast-featured-img":"disabled","footer-sml-layout":"","ast-disable-related-posts":"","theme-transparent-header-meta":"","adv-header-id-meta":"","stick-header-meta":"","header-above-stick-meta":"","header-main-stick-meta":"","header-below-stick-meta":"","astra-migrate-meta-layouts":"set","ast-page-background-enabled":"default","ast-page-background-meta":{"desktop":{"background-color":"","background-image":"","background-repeat":"repeat","background-position":"center center","background-size":"auto","background-attachment":"scroll","background-type":"","background-media":"","overlay-type":"","overlay-color":"","overlay-opacity":"","overlay-gradient":""},"tablet":{"background-color":"","background-image":"","background-repeat":"repeat","background-position":"center center","background-size":"auto","background-attachment":"scroll","background-type":"","background-media":"","overlay-type":"","overlay-color":"","overlay-opacity":"","overlay-gradient":""},"mobile":{"background-color":"","background-image":"","background-repeat":"repeat","background-position":"center center","background-size":"auto","background-attachment":"scroll","background-type":"","background-media":"","overlay-type":"","overlay-color":"","overlay-opacity":"","overlay-gradient":""}},"ast-content-background-meta":{"desktop":{"background-color":"var(--ast-global-color-5)","background-image":"","background-repeat":"repeat","background-position":"center center","background-size":"auto","background-attachment":"scroll","background-type":"","background-media":"","overlay-type":"","overlay-color":"","overlay-opacity":"","overlay-gradient":""},"tablet":{"background-color":"var(--ast-global-color-5)","background-image":"","background-repeat":"repeat","background-position":"center center","background-size":"auto","background-attachment":"scroll","background-type":"","background-media":"","overlay-type":"","overlay-color":"","overlay-opacity":"","overlay-gradient":""},"mobile":{"background-color":"var(--ast-global-color-5)","background-image":"","background-repeat":"repeat","background-position":"center center","background-size":"auto","background-attachment":"scroll","background-type":"","background-media":"","overlay-type":"","overlay-color":"","overlay-opacity":"","overlay-gradient":""}},"footnotes":""},"class_list":["post-1360","page","type-page","status-publish","hentry"],"_links":{"self":[{"href":"https:\/\/lastenkirurgia.fi\/zh\/wp-json\/wp\/v2\/pages\/1360","targetHints":{"allow":["GET"]}}],"collection":[{"href":"https:\/\/lastenkirurgia.fi\/zh\/wp-json\/wp\/v2\/pages"}],"about":[{"href":"https:\/\/lastenkirurgia.fi\/zh\/wp-json\/wp\/v2\/types\/page"}],"author":[{"embeddable":true,"href":"https:\/\/lastenkirurgia.fi\/zh\/wp-json\/wp\/v2\/users\/1"}],"replies":[{"embeddable":true,"href":"https:\/\/lastenkirurgia.fi\/zh\/wp-json\/wp\/v2\/comments?post=1360"}],"version-history":[{"count":8,"href":"https:\/\/lastenkirurgia.fi\/zh\/wp-json\/wp\/v2\/pages\/1360\/revisions"}],"predecessor-version":[{"id":1554,"href":"https:\/\/lastenkirurgia.fi\/zh\/wp-json\/wp\/v2\/pages\/1360\/revisions\/1554"}],"wp:attachment":[{"href":"https:\/\/lastenkirurgia.fi\/zh\/wp-json\/wp\/v2\/media?parent=1360"}],"curies":[{"name":"wp","href":"https:\/\/api.w.org\/{rel}","templated":true}]}}