{"id":1366,"date":"2026-04-09T13:49:49","date_gmt":"2026-04-09T13:49:49","guid":{"rendered":"https:\/\/darkcyan-pheasant-754087.hostingersite.com\/?page_id=1366"},"modified":"2026-04-12T14:30:16","modified_gmt":"2026-04-12T14:30:16","slug":"lapsen-selan-rasitusmurtuma","status":"publish","type":"page","link":"https:\/\/lastenkirurgia.fi\/zh\/lapsen-selan-rasitusmurtuma\/","title":{"rendered":"\u513f\u7ae5\u80cc\u90e8\u5e94\u529b\u6027\u9aa8\u6298"},"content":{"rendered":"<div data-elementor-type=\"wp-page\" data-elementor-id=\"1366\" class=\"elementor elementor-1366\" data-elementor-post-type=\"page\">\n\t\t\t\t<div class=\"elementor-element elementor-element-5970ab2 e-flex e-con-boxed e-con e-parent\" data-id=\"5970ab2\" data-element_type=\"container\" data-e-type=\"container\">\n\t\t\t\t\t<div class=\"e-con-inner\">\n\t\t\t\t<div class=\"elementor-element elementor-element-dd01e31 elementor-widget elementor-widget-text-editor\" data-id=\"dd01e31\" data-element_type=\"widget\" data-e-type=\"widget\" data-widget_type=\"text-editor.default\">\n\t\t\t\t<div class=\"elementor-widget-container\">\n\t\t\t\t\t\t\t\t\t<h2 data-path-to-node=\"2\">\u513f\u7ae5\u548c\u9752\u5c11\u5e74\u80cc\u90e8\u62c9\u4f24\uff1a\u5e94\u529b\u6027\u9aa8\u6298\u548c\u5e94\u529b\u6027\u9aa8\u75c5<\/h2><p data-path-to-node=\"3\">\u513f\u7ae5\u548c\u9752\u5c11\u5e74\u51fa\u73b0\u80cc\u75db\u75c7\u72b6\u65f6\uff0c\u52a1\u5fc5\u8ba4\u771f\u5bf9\u5f85\u3002\u5c24\u5176\u5bf9\u4e8e\u90a3\u4e9b\u4ee5\u76ee\u6807\u4e3a\u5bfc\u5411\u8fdb\u884c\u4f53\u80b2\u8fd0\u52a8\u7684\u5e74\u8f7b\u4eba\u6765\u8bf4\uff0c\u80cc\u75db\u6709\u65f6\u53ef\u80fd\u662f\u7531\u4e8e\u690e\u9aa8\u540e\u5f13\u7684\u62c9\u4f24\u5f15\u8d77\u7684\u3002.<\/p><p data-path-to-node=\"4\">\u8fd9\u79cd\u635f\u4f24\u5206\u4e3a\u4e24\u4e2a\u9636\u6bb5\uff1a <b data-path-to-node=\"4\" data-index-in-node=\"39\">\u5e94\u6fc0\u6027\u9aa8\u75c5<\/b> \uff08\u9aa8\u524d\u4f53\u7ec6\u80de\u7684\u5e94\u529b\u72b6\u6001\uff09\u548c\u5b9e\u9645 <b data-path-to-node=\"4\" data-index-in-node=\"104\">\u5e94\u529b\u6027\u9aa8\u6298<\/b> (<i data-path-to-node=\"4\" data-index-in-node=\"122\">\u810a\u690e\u6ed1\u8131<\/i>).<\/p><h3 data-path-to-node=\"5\">\u4ec0\u4e48\u662f\u5e94\u529b\u6027\u9aa8\u75c5\u548c\u5e94\u529b\u6027\u9aa8\u6298\uff1f<\/h3><ul data-path-to-node=\"6\"><li><p data-path-to-node=\"6,0,0\"><b data-path-to-node=\"6,0,0\" data-index-in-node=\"0\">\u538b\u529b\u6027\u9aa8\u7597\u6cd5\uff1a<\/b> \u8fd9\u662f\u9aa8\u6298\u7684\u524d\u5146\u3002\u9aa8\u9abc\u627f\u53d7\u4e86\u8fc7\u5927\u7684\u538b\u529b\uff0c\u51fa\u73b0\u80bf\u80c0\uff0c\u4f46\u771f\u6b63\u7684\u9aa8\u6298\u7ebf\u5c1a\u672a\u5f62\u6210\u3002\u5728\u8fd9\u4e2a\u9636\u6bb5\uff0c\u4f11\u606f\u901a\u5e38\u80fd\u4f7f\u4f24\u53e3\u5feb\u901f\u6108\u5408\u3002.<\/p><\/li><li><p data-path-to-node=\"6,1,0\"><b data-path-to-node=\"6,1,0\" data-index-in-node=\"0\">\u5e94\u529b\u6027\u9aa8\u6298\uff08\u810a\u690e\u6ed1\u8131\u75c7\uff09\uff1a<\/b> \u5982\u679c\u51fa\u73b0\u75c7\u72b6\u540e\u4ecd\u7ee7\u7eed\u7528\u529b\uff0c\u690e\u9aa8\u540e\u5f13\u53ef\u80fd\u4f1a\u53d1\u751f\u9aa8\u6298\u3002\u513f\u7ae5\u548c\u9752\u5c11\u5e74\u7684\u690e\u9aa8\u540e\u5f13\u4ecd\u5904\u4e8e\u751f\u957f\u53d1\u80b2\u9636\u6bb5\uff0c\u56e0\u6b64\u5bf9\u673a\u68b0\u5e94\u529b\u66f4\u4e3a\u654f\u611f\u3002.<\/p><\/li><\/ul><h3 data-path-to-node=\"7\">\u5371\u9669\u7269\u79cd\uff1f<\/h3><p data-path-to-node=\"8\">\u8fd9\u79cd\u635f\u4f24\u901a\u5e38\u53d1\u751f\u5728\u80cc\u90e8\u627f\u53d7\u91cd\u590d\u6027\u538b\u529b\u7684\u8fd0\u52a8\u4e2d\u3002 <b data-path-to-node=\"8\" data-index-in-node=\"72\">\u5f3a\u70c8\u7684\u540e\u5f2f\uff08\u4f38\u5c55\uff09\u548c\u65cb\u8f6c<\/b>. \u4f8b\u5982\uff0c\u8fd9\u7c7b\u7269\u79cd\u5305\u62ec\uff1a<\/p><ul data-path-to-node=\"9\"><li><p data-path-to-node=\"9,0,0\">\u4f53\u64cd\u548c\u82b1\u6837\u6ed1\u51b0<\/p><\/li><li><p data-path-to-node=\"9,1,0\">\u7530\u5f84\u8fd0\u52a8\uff08\u4f8b\u5982\u6807\u67aa\u3001\u8df3\u9ad8\uff09<\/p><\/li><li><p data-path-to-node=\"9,2,0\">\u7403\u7c7b\u8fd0\u52a8\uff08\u4f8b\u5982\u8db3\u7403\u3001\u5730\u677f\u7403\u3001\u7f51\u7403\uff09<\/p><\/li><\/ul><h3 data-path-to-node=\"10\">\u8bc6\u522b\u75c7\u72b6<\/h3><p data-path-to-node=\"11\">\u5178\u578b\u7684\u60a3\u8005\u662f\u9752\u5c11\u5e74\u8fd0\u52a8\u5458\uff0c\u5176\u75c7\u72b6\u5305\u62ec\uff1a<\/p><ul data-path-to-node=\"12\"><li><p data-path-to-node=\"12,0,0\"><b data-path-to-node=\"12,0,0\" data-index-in-node=\"0\">\u5c40\u90e8\u80cc\u75db\uff1a<\/b> \u75bc\u75db\u611f\u51fa\u73b0\u5728\u4e0b\u80cc\u90e8\uff0c\u901a\u5e38\u53ea\u51fa\u73b0\u5728\u4e00\u4fa7\u3002.<\/p><\/li><li><p data-path-to-node=\"12,1,0\"><b data-path-to-node=\"12,1,0\" data-index-in-node=\"0\">\u6d3b\u52a8\u65f6\u75bc\u75db\uff1a<\/b> \u5411\u540e\u5f2f\u66f2\u80cc\u90e8\u65f6\u75bc\u75db\u611f\u5c24\u4e3a\u5f3a\u70c8\uff0c\u4f46\u6709\u65f6\u75bc\u75db\u611f\u4e5f\u4f1a\u6bd4\u8f83\u6a21\u7cca\u3002<\/p><\/li><li><p data-path-to-node=\"12,2,0\"><b data-path-to-node=\"12,2,0\" data-index-in-node=\"0\">\u4f11\u606f\u7684\u6548\u679c\uff1a<\/b> \u4f11\u606f\u53ef\u4ee5\u7f13\u89e3\u75bc\u75db\uff0c\u4f46\u4e00\u65e6\u6062\u590d\u8fd0\u52a8\uff0c\u75bc\u75db\u5c31\u4f1a\u590d\u53d1\u3002\u6709\u65f6\u75bc\u75db\u4f1a\u6301\u7eed\u4e0d\u65ad\u3002.<\/p><\/li><\/ul><h3 data-path-to-node=\"13\">\u8bca\u65ad\u2014\u2014\u5982\u4f55\u8bca\u65ad\u4f24\u60c5\uff1f<\/h3><p data-path-to-node=\"14\">\u513f\u7ae5\u80cc\u90e8\u62c9\u4f24\u5f88\u96be\u7528\u6807\u51c6 X \u5149\u7247\u8bca\u65ad\uff0c\u56e0\u4e3a\u65e9\u671f\u62c9\u4f24\u6027\u9aa8\u75c5\u5728 X \u5149\u7247\u4e0a\u4e0d\u53ef\u89c1\u3002.<\/p><ul data-path-to-node=\"15\"><li><p data-path-to-node=\"15,0,0\"><b data-path-to-node=\"15,0,0\" data-index-in-node=\"0\">\u78c1\u5171\u632f\u6210\u50cf\uff08MRI\uff09\uff1a<\/b> \u8fd9\u662f\u6700\u597d\u7684\u68c0\u67e5\u65b9\u6cd5\u3002\u5b83\u751a\u81f3\u5728\u9aa8\u6298\u53d1\u751f\u4e4b\u524d\u5c31\u80fd\u663e\u793a\u9aa8\u9abc\u80bf\u80c0\uff08\u6c34\u80bf\uff09\u3002.<\/p><\/li><li><p data-path-to-node=\"15,1,0\"><b data-path-to-node=\"15,1,0\" data-index-in-node=\"0\">X\u5149\uff1a<\/b> \u5b83\u53ef\u80fd\u663e\u793a\u5b58\u5728\u8f83\u65e9\u7684\u9aa8\u6298\uff0c\u4f46\u4e0d\u8db3\u4ee5\u8bca\u65ad\u521d\u59cb\u60c5\u51b5\u3002.<\/p><\/li><\/ul><h3 data-path-to-node=\"16\">\u6cbb\u7597\u548c\u5eb7\u590d<\/h3><p data-path-to-node=\"17\">\u6cbb\u7597\u7684\u57fa\u77f3\u662f <b data-path-to-node=\"17\" data-index-in-node=\"20\">\u5145\u8db3\u7684\u4f11\u606f<\/b> \u6e90\u4e8e\u8fd0\u52a8\u538b\u529b\u3002.<\/p><ol start=\"1\" data-path-to-node=\"18\"><li><p data-path-to-node=\"18,0,0\"><b data-path-to-node=\"18,0,0\" data-index-in-node=\"0\">\u4f11\u606f\uff082-4\u4e2a\u6708\uff09\uff1a<\/b> \u8fd0\u52a8\u7981\u4ee4\u901a\u5e38\u6301\u7eed\u51e0\u4e2a\u6708\u3002\u5728\u6b64\u671f\u95f4\uff0c\u4f60\u5e94\u8be5\u907f\u514d\u51fb\u6253\u3001\u8df3\u8dc3\u548c\u626d\u4f24\u80cc\u90e8\u3002.<\/p><\/li><li><p data-path-to-node=\"18,1,0\"><b data-path-to-node=\"18,1,0\" data-index-in-node=\"0\">\u7406\u7597\uff1a<\/b> \u53d1\u6325\u7740\u81f3\u5173\u91cd\u8981\u7684\u4f5c\u7528\u3002\u7406\u7597\u5e08\u6307\u5bfc\u6838\u5fc3\u808c\u7fa4\u7684\u63a7\u5236\uff0c\u5e76\u7ea0\u6b63\u4efb\u4f55\u4e0d\u6b63\u786e\u7684\u59ff\u52bf\u6216\u808c\u8089\u7d27\u5f20\uff08\u4f8b\u5982\uff0c\u817f\u7b4b\u7d27\u5f20\uff09\uff0c\u8fd9\u4e9b\u90fd\u4f1a\u589e\u52a0\u4e0b\u80cc\u90e8\u7684\u8d1f\u8377\u3002.<\/p><\/li><li><p data-path-to-node=\"18,2,0\"><b data-path-to-node=\"18,2,0\" data-index-in-node=\"0\">\u9010\u6b65\u6062\u590d\uff1a<\/b> \u53ea\u6709\u5f53\u4f60\u7684\u80cc\u90e8\u5b8c\u5168\u4e0d\u75db\uff0c\u5e76\u4e14\u4f60\u7684\u533b\u751f\u5141\u8bb8\u65f6\uff0c\u4f60\u624d\u80fd\u91cd\u8fd4\u8fd0\u52a8\u573a\u3002.<\/p><\/li><\/ol><p>\u5065\u5eb7\u6751\u6587\u7ae0<\/p><p><a href=\"https:\/\/www.terveyskyla.fi\/lastentalo\/lasten-kehitys-ja-erityistarpeet\/lasten-ja-nuorten-ortopedia\/selkaranka\/rasitusosteopatia-spondylolyysi-ja-spondylolisteesi\" target=\"_blank\" rel=\"noopener\">https:\/\/www.terveyskyla.fi\/lastentalo\/lasten-kehitys-ja-erityistarpeet\/lasten-ja-nuorten-ortopedia\/selkaranka\/rasitusosteopatia-spondylolyysi-ja-spondylolisteesi<\/a><\/p><p>Duodecim \u7684\u6587\u7ae0<\/p><p><a href=\"https:\/\/www.duodecimlehti.fi\/duo15199\" target=\"_blank\" rel=\"noopener\">https:\/\/www.duodecimlehti.fi\/duo15199<\/a><\/p><p>\u6b63\u4ea4\u5b50\u5f39<\/p><p><a href=\"https:\/\/www.orthobullets.com\/spine\/2058\/pediatric-spondylolysis-and-spondylolisthesis\" target=\"_blank\" rel=\"noopener\">https:\/\/www.orthobullets.com\/spine\/2058\/pediatric-spondylolysis-and-spondylolisthesis<\/a><\/p>\t\t\t\t\t\t\t\t<\/div>\n\t\t\t\t<\/div>\n\t\t\t\t\t<\/div>\n\t\t\t\t<\/div>\n\t\t\t\t<\/div>","protected":false},"excerpt":{"rendered":"<p>Lasten ja nuorten sel\u00e4n rasitusvammat: Rasitusmurtuma ja rasitusosteopatia Selk\u00e4kipu on kasvavilla lapsilla ja nuorilla oire, johon tulee aina suhtautua vakavasti. Erityisesti tavoitteellisesti urheilevilla nuorilla selk\u00e4kivun taustalta saattaa joskus l\u00f6yty\u00e4 nikaman takakaaren rasitusvamma. T\u00e4m\u00e4 vamma jaetaan kahteen vaiheeseen: rasitusosteopatiaan (luun esiasteen rasitustila) ja varsinaiseen rasitusmurtumaan (spondylolyysi). Mik\u00e4 on rasitusosteopatia ja rasitusmurtuma? Rasitusosteopatia: T\u00e4m\u00e4 on murtuman esiaste. [&hellip;]<\/p>\n","protected":false},"author":1,"featured_media":0,"parent":0,"menu_order":0,"comment_status":"closed","ping_status":"closed","template":"","meta":{"_angie_page":false,"site-sidebar-layout":"no-sidebar","site-content-layout":"page-builder","ast-site-content-layout":"full-width-container","site-content-style":"default","site-sidebar-style":"default","ast-global-header-display":"","ast-banner-title-visibility":"","ast-main-header-display":"","ast-hfb-above-header-display":"","ast-hfb-below-header-display":"","ast-hfb-mobile-header-display":"","site-post-title":"","ast-breadcrumbs-content":"","ast-featured-img":"disabled","footer-sml-layout":"","ast-disable-related-posts":"","theme-transparent-header-meta":"","adv-header-id-meta":"","stick-header-meta":"","header-above-stick-meta":"","header-main-stick-meta":"","header-below-stick-meta":"","astra-migrate-meta-layouts":"set","ast-page-background-enabled":"default","ast-page-background-meta":{"desktop":{"background-color":"","background-image":"","background-repeat":"repeat","background-position":"center center","background-size":"auto","background-attachment":"scroll","background-type":"","background-media":"","overlay-type":"","overlay-color":"","overlay-opacity":"","overlay-gradient":""},"tablet":{"background-color":"","background-image":"","background-repeat":"repeat","background-position":"center center","background-size":"auto","background-attachment":"scroll","background-type":"","background-media":"","overlay-type":"","overlay-color":"","overlay-opacity":"","overlay-gradient":""},"mobile":{"background-color":"","background-image":"","background-repeat":"repeat","background-position":"center center","background-size":"auto","background-attachment":"scroll","background-type":"","background-media":"","overlay-type":"","overlay-color":"","overlay-opacity":"","overlay-gradient":""}},"ast-content-background-meta":{"desktop":{"background-color":"var(--ast-global-color-5)","background-image":"","background-repeat":"repeat","background-position":"center center","background-size":"auto","background-attachment":"scroll","background-type":"","background-media":"","overlay-type":"","overlay-color":"","overlay-opacity":"","overlay-gradient":""},"tablet":{"background-color":"var(--ast-global-color-5)","background-image":"","background-repeat":"repeat","background-position":"center center","background-size":"auto","background-attachment":"scroll","background-type":"","background-media":"","overlay-type":"","overlay-color":"","overlay-opacity":"","overlay-gradient":""},"mobile":{"background-color":"var(--ast-global-color-5)","background-image":"","background-repeat":"repeat","background-position":"center center","background-size":"auto","background-attachment":"scroll","background-type":"","background-media":"","overlay-type":"","overlay-color":"","overlay-opacity":"","overlay-gradient":""}},"footnotes":""},"class_list":["post-1366","page","type-page","status-publish","hentry"],"_links":{"self":[{"href":"https:\/\/lastenkirurgia.fi\/zh\/wp-json\/wp\/v2\/pages\/1366","targetHints":{"allow":["GET"]}}],"collection":[{"href":"https:\/\/lastenkirurgia.fi\/zh\/wp-json\/wp\/v2\/pages"}],"about":[{"href":"https:\/\/lastenkirurgia.fi\/zh\/wp-json\/wp\/v2\/types\/page"}],"author":[{"embeddable":true,"href":"https:\/\/lastenkirurgia.fi\/zh\/wp-json\/wp\/v2\/users\/1"}],"replies":[{"embeddable":true,"href":"https:\/\/lastenkirurgia.fi\/zh\/wp-json\/wp\/v2\/comments?post=1366"}],"version-history":[{"count":7,"href":"https:\/\/lastenkirurgia.fi\/zh\/wp-json\/wp\/v2\/pages\/1366\/revisions"}],"predecessor-version":[{"id":1613,"href":"https:\/\/lastenkirurgia.fi\/zh\/wp-json\/wp\/v2\/pages\/1366\/revisions\/1613"}],"wp:attachment":[{"href":"https:\/\/lastenkirurgia.fi\/zh\/wp-json\/wp\/v2\/media?parent=1366"}],"curies":[{"name":"wp","href":"https:\/\/api.w.org\/{rel}","templated":true}]}}